{"id":40943,"date":"2020-02-19T00:00:00","date_gmt":"2020-02-18T23:00:00","guid":{"rendered":"https:\/\/fermentis.com\/wine\/"},"modified":"2026-04-11T21:11:20","modified_gmt":"2026-04-11T19:11:20","slug":"wine","status":"publish","type":"page","link":"https:\/\/fermentis.com\/es\/fermentation-solutions\/wine\/","title":{"rendered":"Vino"},"content":{"rendered":"\n\t<section class=\"section\" id=\"section_1552626178\">\n\t\t<div class=\"section-bg fill\" >\n\t\t\t\t\t\t\t\t\t\n\t\t\t\n\n\t\t<\/div>\n\n\t\t\n\n\t\t<div class=\"section-content relative\">\n\t\t\t\n<div class=\"row row-small row-full-width\"  id=\"row-1524959725\">\n\n\t<div id=\"col-510588671\" class=\"col small-12 large-12\"  >\n\t\t\t\t<div class=\"col-inner\"  >\n\t\t\t\n\t\t\t\n\n  <div class=\"banner has-hover has-parallax\" id=\"banner-1640669837\">\n          <div class=\"banner-inner fill\">\n        <div class=\"banner-bg fill\" data-parallax=\"-3\" data-parallax-container=\".banner\" data-parallax-background>\n            <img loading=\"lazy\" decoding=\"async\" width=\"1400\" height=\"933\" src=\"https:\/\/fermentis.com\/wp-content\/uploads\/2020\/02\/wine-background.jpg\" class=\"bg attachment-original size-original\" alt=\"\" \/>                        <div class=\"overlay\"><\/div>            \n                    <\/div>\n\t\t\n        <div class=\"banner-layers container\">\n            <div class=\"fill banner-link\"><\/div>            \n   <div id=\"text-box-133572371\" class=\"text-box banner-layer x10 md-x10 lg-x10 y50 md-y50 lg-y50 res-text\">\n                                <div class=\"text-box-content text dark\">\n              \n              <div class=\"text-inner text-left\">\n                  \n<h2><span style=\"font-size: 90%\"><strong>Elaboraci\u00f3n del vino<\/strong><\/span><\/h2>\n<p><br data-source=\"\n\"><\/p>\n<p><span style=\"font-size: 90%\">Consulte nuestra gama de productos, eche un vistazo a nuestros \u00faltimos lanzamientos o navegue por nuestra gu\u00eda de vinos para encontrar la cepa de levadura que busca.<\/span><\/p>\n<a href=\"https:\/\/fermentis.com\/es\/fermentation\/active-dry-yeast-wine-es\/\" class=\"button white\" >\n\t\t<span>Gama de levaduras v\u00ednicas<\/span>\n\t<\/a>\n\n<a href=\"https:\/\/fermentis.com\/es\/contact\/\" class=\"button white is-outline\" >\n\t\t<span>consulte<\/span>\n\t<\/a>\n\n              <\/div>\n           <\/div>\n                            \n<style>\n#text-box-133572371 {\n  width: 62%;\n}\n#text-box-133572371 .text-box-content {\n  font-size: 100%;\n}\n@media (min-width:550px) {\n  #text-box-133572371 {\n    width: 45%;\n  }\n}\n<\/style>\n    <\/div>\n \n        <\/div>\n      <\/div>\n\n            \n<style>\n#banner-1640669837 {\n  padding-top: 450px;\n  background-color: rgb(84, 10, 26);\n}\n#banner-1640669837 .overlay {\n  background-color: rgba(0, 0, 0, 0.5);\n}\n#banner-1640669837 .banner-bg img {\n  object-position: 50% 73%;\n}\n@media (min-width:550px) {\n  #banner-1640669837 {\n    padding-top: 550px;\n  }\n}\n<\/style>\n  <\/div>\n\n\n<div class=\"row row-collapse row-full-width\"  id=\"row-1476297738\">\n\n\t<div id=\"col-129899357\" class=\"col medium-4 small-12 large-4\"  >\n\t\t\t\t<div class=\"col-inner\"  >\n\t\t\t\n\t\t\t\n\n  <div class=\"banner has-hover\" id=\"banner-87973037\">\n          <div class=\"banner-inner fill\">\n        <div class=\"banner-bg fill\" >\n                                    <div class=\"overlay\"><\/div>            \n                    <\/div>\n\t\t\n        <div class=\"banner-layers container\">\n            <a class=\"fill\" href=\"https:\/\/fermentis.com\/es\/fermentation\/active-dry-yeast-wine-es\/\"><div class=\"fill banner-link\"><\/div><\/a>            \n   <div id=\"text-box-161403022\" class=\"text-box banner-layer x50 md-x50 lg-x50 y50 md-y50 lg-y50 res-text\">\n                                <div class=\"text-box-content text dark\">\n              \n              <div class=\"text-inner text-center\">\n                  \n<p><br data-source=\"\n\n\"><\/p>\n<h3 class=\"uppercase\"><a href=\"https:\/\/fermentis.com\/es\/fermentation\/active-dry-yeast-wine-es\/\"><span style=\"font-size: 110%\"><strong>Cepas de levadura<\/strong><\/span><\/a><\/h3>\n<p><br data-source=\"\n\"><\/p>\n<p><span style=\"font-size: 110%\">Eche un vistazo a nuestra gama completa para vinificaci\u00f3n.<\/span><\/p>\n<p><br data-source=\"\n\n\"><\/p>\n              <\/div>\n           <\/div>\n                            \n<style>\n#text-box-161403022 {\n  width: 80%;\n}\n#text-box-161403022 .text-box-content {\n  font-size: 130%;\n}\n<\/style>\n    <\/div>\n \n        <\/div>\n      <\/div>\n\n            \n<style>\n#banner-87973037 {\n  padding-top: 190px;\n  background-color: rgb(163, 46, 47);\n}\n#banner-87973037 .overlay {\n  background-color: rgba(0, 0, 0, 0.16);\n}\n@media (min-width:550px) {\n  #banner-87973037 {\n    padding-top: 150px;\n  }\n}\n<\/style>\n  <\/div>\n\n\n\t\t<\/div>\n\t\t\t\t\t<\/div>\n\n\t\n\n\t<div id=\"col-54159902\" class=\"col medium-4 small-12 large-4\"  >\n\t\t\t\t<div class=\"col-inner\"  >\n\t\t\t\n\t\t\t\n\n  <div class=\"banner has-hover\" id=\"banner-1306056175\">\n          <div class=\"banner-inner fill\">\n        <div class=\"banner-bg fill\" >\n                                    <div class=\"overlay\"><\/div>            \n                    <\/div>\n\t\t\n        <div class=\"banner-layers container\">\n            <a class=\"fill\" href=\"https:\/\/fermentis.com\/en\/fermentation-solutions\/wine-fermentation-solutions\/latest-wine-releases\/\"><div class=\"fill banner-link\"><\/div><\/a>            \n   <div id=\"text-box-346667202\" class=\"text-box banner-layer x50 md-x50 lg-x50 y50 md-y50 lg-y50 res-text\">\n                                <div class=\"text-box-content text dark\">\n              \n              <div class=\"text-inner text-center\">\n                  \n<p><br data-source=\"\n\n\"><\/p>\n<h3 class=\"uppercase\"><a href=\"https:\/\/fermentis.com\/es\/fermentation-solutions\/wine\/latest-releases\/\"><span style=\"font-size: 110%\"><strong>Lanzamientos recientes<\/strong><\/span><\/a><\/h3>\n<p><br data-source=\"\n\"><\/p>\n<p><span style=\"font-size: 110%\">Consulte nuestros \u00faltimos lanzamientos de productos.<\/span><\/p>\n<p><br data-source=\"\n\n\"><\/p>\n              <\/div>\n           <\/div>\n                            \n<style>\n#text-box-346667202 {\n  width: 80%;\n}\n#text-box-346667202 .text-box-content {\n  font-size: 130%;\n}\n<\/style>\n    <\/div>\n \n        <\/div>\n      <\/div>\n\n            \n<style>\n#banner-1306056175 {\n  padding-top: 190px;\n  background-color: rgb(141, 48, 48);\n}\n#banner-1306056175 .overlay {\n  background-color: rgba(0, 0, 0, 0.38);\n}\n@media (min-width:550px) {\n  #banner-1306056175 {\n    padding-top: 150px;\n  }\n}\n<\/style>\n  <\/div>\n\n\n\t\t<\/div>\n\t\t\t\t\t<\/div>\n\n\t\n\n\t<div id=\"col-392964594\" class=\"col medium-4 small-12 large-4\"  >\n\t\t\t\t<div class=\"col-inner\"  >\n\t\t\t\n\t\t\t\n\n  <div class=\"banner has-hover\" id=\"banner-1151878847\">\n          <div class=\"banner-inner fill\">\n        <div class=\"banner-bg fill\" >\n                                    <div class=\"overlay\"><\/div>            \n                    <\/div>\n\t\t\n        <div class=\"banner-layers container\">\n            <div class=\"fill banner-link\"><\/div>            \n   <div id=\"text-box-1470738233\" class=\"text-box banner-layer x50 md-x50 lg-x50 y50 md-y50 lg-y50 res-text\">\n                                <div class=\"text-box-content text dark\">\n              \n              <div class=\"text-inner text-center\">\n                  \n<p><br data-source=\"\n\n\"><\/p>\n<h3 class=\"uppercase\"><span style=\"font-size: 110%\"><strong>Gu\u00eda de vinos<\/strong><\/span><\/h3>\n<p><br data-source=\"\n\"><\/p>\n<p><em><span style=\"font-size: 110%\">Pr\u00f3ximamente<\/span><\/em><\/p>\n<p><br data-source=\"\n\n\"><\/p>\n              <\/div>\n           <\/div>\n                            \n<style>\n#text-box-1470738233 {\n  width: 80%;\n}\n#text-box-1470738233 .text-box-content {\n  font-size: 130%;\n}\n<\/style>\n    <\/div>\n \n        <\/div>\n      <\/div>\n\n            \n<style>\n#banner-1151878847 {\n  padding-top: 190px;\n  background-color: rgb(114, 22, 22);\n}\n#banner-1151878847 .overlay {\n  background-color: rgba(0,0,0,.5);\n}\n@media (min-width:550px) {\n  #banner-1151878847 {\n    padding-top: 150px;\n  }\n}\n<\/style>\n  <\/div>\n\n\n\t\t<\/div>\n\t\t\t\t\t<\/div>\n\n\t\n<\/div>\n\t\t<\/div>\n\t\t\t\t\n<style>\n#col-510588671 > .col-inner {\n  margin: x 0px 0px 0px;\n}\n<\/style>\n\t<\/div>\n\n\t\n\n<style>\n#row-1524959725 > .col > .col-inner {\n  padding: 0px 0px 0px 0px;\n}\n<\/style>\n<\/div>\n\t\t<\/div>\n\n\t\t\n<style>\n#section_1552626178 {\n  padding-top: 0px;\n  padding-bottom: 0px;\n}\n<\/style>\n\t<\/section>\n\t\n","protected":false},"excerpt":{"rendered":"","protected":false},"author":2,"featured_media":0,"parent":42304,"menu_order":0,"comment_status":"closed","ping_status":"closed","template":"page-blank.php","meta":{"_acf_changed":false,"footnotes":""},"class_list":["post-40943","page","type-page","status-publish","hentry"],"acf":[],"yoast_head":"<!-- This site is optimized with the Yoast SEO Premium plugin v27.3 (Yoast SEO v27.3) - https:\/\/yoast.com\/product\/yoast-seo-premium-wordpress\/ -->\n<title>Soluciones de fermentaci\u00f3n para vinificaci\u00f3n - Levaduras v\u00ednicas - Fermentis<\/title>\n<meta name=\"description\" content=\"Todas nuestras soluciones de fermentaci\u00f3n para que los vinicultores encuentren la levadura o cepa que mejor se adapte a sus necesidades para producir el vino perfecto.\" \/>\n<meta name=\"robots\" content=\"index, follow, max-snippet:-1, max-image-preview:large, max-video-preview:-1\" \/>\n<link rel=\"canonical\" href=\"https:\/\/fermentis.com\/es\/fermentation-solutions\/wine\/\" \/>\n<meta property=\"og:locale\" content=\"es_ES\" \/>\n<meta property=\"og:type\" content=\"article\" \/>\n<meta property=\"og:title\" content=\"Vino\" \/>\n<meta property=\"og:description\" content=\"Todas nuestras soluciones de fermentaci\u00f3n para que los vinicultores encuentren la levadura o cepa que mejor se adapte a sus necesidades para producir el vino perfecto.\" \/>\n<meta property=\"og:url\" content=\"https:\/\/fermentis.com\/es\/fermentation-solutions\/wine\/\" \/>\n<meta property=\"og:site_name\" content=\"Fermentis\" \/>\n<meta property=\"article:publisher\" content=\"https:\/\/www.facebook.com\/Fermentis\" \/>\n<meta property=\"article:modified_time\" content=\"2026-04-11T19:11:20+00:00\" \/>\n<meta property=\"og:image\" content=\"https:\/\/fermentis.com\/wp-content\/uploads\/2021\/07\/website-v2.png\" \/>\n\t<meta property=\"og:image:width\" content=\"1903\" \/>\n\t<meta property=\"og:image:height\" content=\"901\" \/>\n\t<meta property=\"og:image:type\" content=\"image\/png\" \/>\n<meta name=\"twitter:card\" content=\"summary_large_image\" \/>\n<meta name=\"twitter:site\" content=\"@fermentis\" \/>\n<meta name=\"twitter:label1\" content=\"Tiempo de lectura\" \/>\n\t<meta name=\"twitter:data1\" content=\"1 minuto\" \/>\n<script type=\"application\/ld+json\" class=\"yoast-schema-graph\">{\"@context\":\"https:\\\/\\\/schema.org\",\"@graph\":[{\"@type\":\"WebPage\",\"@id\":\"https:\\\/\\\/fermentis.com\\\/es\\\/fermentation-solutions\\\/wine\\\/\",\"url\":\"https:\\\/\\\/fermentis.com\\\/es\\\/fermentation-solutions\\\/wine\\\/\",\"name\":\"Soluciones de fermentaci\u00f3n para vinificaci\u00f3n - Levaduras v\u00ednicas - Fermentis\",\"isPartOf\":{\"@id\":\"https:\\\/\\\/fermentis.com\\\/es\\\/#website\"},\"datePublished\":\"2020-02-18T23:00:00+00:00\",\"dateModified\":\"2026-04-11T19:11:20+00:00\",\"description\":\"Todas nuestras soluciones de fermentaci\u00f3n para que los vinicultores encuentren la levadura o cepa que mejor se adapte a sus necesidades para producir el vino perfecto.\",\"breadcrumb\":{\"@id\":\"https:\\\/\\\/fermentis.com\\\/es\\\/fermentation-solutions\\\/wine\\\/#breadcrumb\"},\"inLanguage\":\"es\",\"potentialAction\":[{\"@type\":\"ReadAction\",\"target\":[\"https:\\\/\\\/fermentis.com\\\/es\\\/fermentation-solutions\\\/wine\\\/\"]}]},{\"@type\":\"BreadcrumbList\",\"@id\":\"https:\\\/\\\/fermentis.com\\\/es\\\/fermentation-solutions\\\/wine\\\/#breadcrumb\",\"itemListElement\":[{\"@type\":\"ListItem\",\"position\":1,\"name\":\"Home\",\"item\":\"https:\\\/\\\/fermentis.com\\\/es\\\/\"},{\"@type\":\"ListItem\",\"position\":2,\"name\":\"Soluciones de fermentaci\u00f3n\",\"item\":\"https:\\\/\\\/fermentis.com\\\/es\\\/fermentation-solutions\\\/\"},{\"@type\":\"ListItem\",\"position\":3,\"name\":\"Vino\"}]},{\"@type\":\"WebSite\",\"@id\":\"https:\\\/\\\/fermentis.com\\\/es\\\/#website\",\"url\":\"https:\\\/\\\/fermentis.com\\\/es\\\/\",\"name\":\"Fermentis\",\"description\":\"Un site utilisant WordPress\",\"publisher\":{\"@id\":\"https:\\\/\\\/fermentis.com\\\/es\\\/#organization\"},\"potentialAction\":[{\"@type\":\"SearchAction\",\"target\":{\"@type\":\"EntryPoint\",\"urlTemplate\":\"https:\\\/\\\/fermentis.com\\\/es\\\/?s={search_term_string}\"},\"query-input\":{\"@type\":\"PropertyValueSpecification\",\"valueRequired\":true,\"valueName\":\"search_term_string\"}}],\"inLanguage\":\"es\"},{\"@type\":\"Organization\",\"@id\":\"https:\\\/\\\/fermentis.com\\\/es\\\/#organization\",\"name\":\"Fermentis\",\"url\":\"https:\\\/\\\/fermentis.com\\\/es\\\/\",\"logo\":{\"@type\":\"ImageObject\",\"inLanguage\":\"es\",\"@id\":\"https:\\\/\\\/fermentis.com\\\/es\\\/#\\\/schema\\\/logo\\\/image\\\/\",\"url\":\"https:\\\/\\\/fermentis.com\\\/wp-content\\\/uploads\\\/2021\\\/07\\\/Logo-Fermentis-5.png\",\"contentUrl\":\"https:\\\/\\\/fermentis.com\\\/wp-content\\\/uploads\\\/2021\\\/07\\\/Logo-Fermentis-5.png\",\"width\":308,\"height\":95,\"caption\":\"Fermentis\"},\"image\":{\"@id\":\"https:\\\/\\\/fermentis.com\\\/es\\\/#\\\/schema\\\/logo\\\/image\\\/\"},\"sameAs\":[\"https:\\\/\\\/www.facebook.com\\\/Fermentis\",\"https:\\\/\\\/x.com\\\/fermentis\",\"https:\\\/\\\/www.instagram.com\\\/fermentisbylesaffre\\\/\",\"https:\\\/\\\/www.linkedin.com\\\/company\\\/fermentis\\\/\",\"https:\\\/\\\/www.youtube.com\\\/channel\\\/UCt_Lp3IZnUNXZeqSi6iiAdA\"]}]}<\/script>\n<!-- \/ Yoast SEO Premium plugin. -->","yoast_head_json":{"title":"Soluciones de fermentaci\u00f3n para vinificaci\u00f3n - Levaduras v\u00ednicas - Fermentis","description":"Todas nuestras soluciones de fermentaci\u00f3n para que los vinicultores encuentren la levadura o cepa que mejor se adapte a sus necesidades para producir el vino perfecto.","robots":{"index":"index","follow":"follow","max-snippet":"max-snippet:-1","max-image-preview":"max-image-preview:large","max-video-preview":"max-video-preview:-1"},"canonical":"https:\/\/fermentis.com\/es\/fermentation-solutions\/wine\/","og_locale":"es_ES","og_type":"article","og_title":"Vino","og_description":"Todas nuestras soluciones de fermentaci\u00f3n para que los vinicultores encuentren la levadura o cepa que mejor se adapte a sus necesidades para producir el vino perfecto.","og_url":"https:\/\/fermentis.com\/es\/fermentation-solutions\/wine\/","og_site_name":"Fermentis","article_publisher":"https:\/\/www.facebook.com\/Fermentis","article_modified_time":"2026-04-11T19:11:20+00:00","og_image":[{"width":1903,"height":901,"url":"https:\/\/fermentis.com\/wp-content\/uploads\/2021\/07\/website-v2.png","type":"image\/png"}],"twitter_card":"summary_large_image","twitter_site":"@fermentis","twitter_misc":{"Tiempo de lectura":"1 minuto"},"schema":{"@context":"https:\/\/schema.org","@graph":[{"@type":"WebPage","@id":"https:\/\/fermentis.com\/es\/fermentation-solutions\/wine\/","url":"https:\/\/fermentis.com\/es\/fermentation-solutions\/wine\/","name":"Soluciones de fermentaci\u00f3n para vinificaci\u00f3n - Levaduras v\u00ednicas - Fermentis","isPartOf":{"@id":"https:\/\/fermentis.com\/es\/#website"},"datePublished":"2020-02-18T23:00:00+00:00","dateModified":"2026-04-11T19:11:20+00:00","description":"Todas nuestras soluciones de fermentaci\u00f3n para que los vinicultores encuentren la levadura o cepa que mejor se adapte a sus necesidades para producir el vino perfecto.","breadcrumb":{"@id":"https:\/\/fermentis.com\/es\/fermentation-solutions\/wine\/#breadcrumb"},"inLanguage":"es","potentialAction":[{"@type":"ReadAction","target":["https:\/\/fermentis.com\/es\/fermentation-solutions\/wine\/"]}]},{"@type":"BreadcrumbList","@id":"https:\/\/fermentis.com\/es\/fermentation-solutions\/wine\/#breadcrumb","itemListElement":[{"@type":"ListItem","position":1,"name":"Home","item":"https:\/\/fermentis.com\/es\/"},{"@type":"ListItem","position":2,"name":"Soluciones de fermentaci\u00f3n","item":"https:\/\/fermentis.com\/es\/fermentation-solutions\/"},{"@type":"ListItem","position":3,"name":"Vino"}]},{"@type":"WebSite","@id":"https:\/\/fermentis.com\/es\/#website","url":"https:\/\/fermentis.com\/es\/","name":"Fermentis","description":"Un site utilisant WordPress","publisher":{"@id":"https:\/\/fermentis.com\/es\/#organization"},"potentialAction":[{"@type":"SearchAction","target":{"@type":"EntryPoint","urlTemplate":"https:\/\/fermentis.com\/es\/?s={search_term_string}"},"query-input":{"@type":"PropertyValueSpecification","valueRequired":true,"valueName":"search_term_string"}}],"inLanguage":"es"},{"@type":"Organization","@id":"https:\/\/fermentis.com\/es\/#organization","name":"Fermentis","url":"https:\/\/fermentis.com\/es\/","logo":{"@type":"ImageObject","inLanguage":"es","@id":"https:\/\/fermentis.com\/es\/#\/schema\/logo\/image\/","url":"https:\/\/fermentis.com\/wp-content\/uploads\/2021\/07\/Logo-Fermentis-5.png","contentUrl":"https:\/\/fermentis.com\/wp-content\/uploads\/2021\/07\/Logo-Fermentis-5.png","width":308,"height":95,"caption":"Fermentis"},"image":{"@id":"https:\/\/fermentis.com\/es\/#\/schema\/logo\/image\/"},"sameAs":["https:\/\/www.facebook.com\/Fermentis","https:\/\/x.com\/fermentis","https:\/\/www.instagram.com\/fermentisbylesaffre\/","https:\/\/www.linkedin.com\/company\/fermentis\/","https:\/\/www.youtube.com\/channel\/UCt_Lp3IZnUNXZeqSi6iiAdA"]}]}},"_links":{"self":[{"href":"https:\/\/fermentis.com\/es\/wp-json\/wp\/v2\/pages\/40943","targetHints":{"allow":["GET"]}}],"collection":[{"href":"https:\/\/fermentis.com\/es\/wp-json\/wp\/v2\/pages"}],"about":[{"href":"https:\/\/fermentis.com\/es\/wp-json\/wp\/v2\/types\/page"}],"author":[{"embeddable":true,"href":"https:\/\/fermentis.com\/es\/wp-json\/wp\/v2\/users\/2"}],"replies":[{"embeddable":true,"href":"https:\/\/fermentis.com\/es\/wp-json\/wp\/v2\/comments?post=40943"}],"version-history":[{"count":1400,"href":"https:\/\/fermentis.com\/es\/wp-json\/wp\/v2\/pages\/40943\/revisions"}],"predecessor-version":[{"id":715836,"href":"https:\/\/fermentis.com\/es\/wp-json\/wp\/v2\/pages\/40943\/revisions\/715836"}],"up":[{"embeddable":true,"href":"https:\/\/fermentis.com\/es\/wp-json\/wp\/v2\/pages\/42304"}],"wp:attachment":[{"href":"https:\/\/fermentis.com\/es\/wp-json\/wp\/v2\/media?parent=40943"}],"curies":[{"name":"wp","href":"https:\/\/api.w.org\/{rel}","templated":true}]}}