{"id":42203,"date":"2021-06-02T18:31:16","date_gmt":"2021-06-02T16:31:16","guid":{"rendered":"https:\/\/fermentis.com\/all-in-1\/"},"modified":"2025-11-24T17:16:06","modified_gmt":"2025-11-24T16:16:06","slug":"all-in-1","status":"publish","type":"page","link":"https:\/\/fermentis.com\/es\/all-in-1\/","title":{"rendered":"All In 1"},"content":{"rendered":"\n\t<section class=\"section dark has-parallax\" id=\"section_252120670\">\n\t\t<div class=\"section-bg fill\" data-parallax-container=\".section\" data-parallax-background data-parallax=\"-4\">\n\t\t\t<img loading=\"lazy\" decoding=\"async\" width=\"1841\" height=\"713\" src=\"https:\/\/fermentis.com\/wp-content\/uploads\/2020\/03\/easy-to-use.jpg\" class=\"bg attachment- size-\" alt=\"\" \/>\t\t\t\t\t\t<div class=\"section-bg-overlay absolute fill\"><\/div>\n\t\t\t\n\n\t\t<\/div>\n\n\t\t\n\n\t\t<div class=\"section-content relative\">\n\t\t\t\n<div class=\"row\"  id=\"row-666681366\">\n\n\t<div id=\"col-957922237\" class=\"col medium-8 small-12 large-6\"  >\n\t\t\t\t<div class=\"col-inner\"  >\n\t\t\t\n\t\t\t\n<h6>Nuestra gama de mezclas listas para usar<\/h6>\n<h1><span style=\"font-size: 200%\">All-In-1\u2122<\/span><\/h1>\n\t\t<\/div>\n\t\t\t\t\t<\/div>\n\n\t\n<\/div>\n\t\t<\/div>\n\n\t\t\n<style>\n#section_252120670 {\n  padding-top: 30px;\n  padding-bottom: 30px;\n  min-height: 349px;\n}\n#section_252120670 .section-bg-overlay {\n  background-color: rgba(52, 35, 35, 0.57);\n}\n<\/style>\n\t<\/section>\n\t\n<div class=\"row row-collapse align-right\"  id=\"row-637589702\">\n\n\t<div id=\"col-1212020949\" class=\"col medium-6 small-12 large-6\"  >\n\t\t\t\t<div class=\"col-inner\" style=\"background-color:#4ac193;\" >\n\t\t\t\n\t\t\t\n\n\t<section class=\"section\" id=\"section_347096425\">\n\t\t<div class=\"section-bg fill\" >\n\t\t\t\t\t\t\t\t\t\n\t\t\t\n\n\t\t<\/div>\n\n\t\t\n\n\t\t<div class=\"section-content relative\">\n\t\t\t\n<div class=\"row row-collapse align-center\"  id=\"row-1309166364\">\n\n\t<div id=\"col-706892264\" class=\"col small-12 large-12\"  >\n\t\t\t\t<div class=\"col-inner dark\"  >\n\t\t\t\n\t\t\t\n<h3><span style=\"font-size: 120%\">Descubra nuestra gama de mezclas listas para usar y cuidadosamente mezcladas.<\/span><\/h3>\n\t\t<\/div>\n\t\t\t\t\t<\/div>\n\n\t\n\n<style>\n#row-1309166364 > .col > .col-inner {\n  padding: 40px 20px 20px 20px;\n}\n<\/style>\n<\/div>\n\t\t<\/div>\n\n\t\t\n<style>\n#section_347096425 {\n  padding-top: 0px;\n  padding-bottom: 0px;\n  background-color: rgb(239, 117, 0);\n}\n<\/style>\n\t<\/section>\n\t\n\t\t<\/div>\n\t\t\t\t\n<style>\n#col-1212020949 > .col-inner {\n  margin: -80px 0px 20px 0px;\n}\n<\/style>\n\t<\/div>\n\n\t\n<\/div>\n\n\t<section class=\"section\" id=\"section_789210477\">\n\t\t<div class=\"section-bg fill\" >\n\t\t\t\t\t\t\t\t\t\n\t\t\t\n\n\t\t<\/div>\n\n\t\t\n\n\t\t<div class=\"section-content relative\">\n\t\t\t\n<div class=\"row align-middle\"  id=\"row-2115420577\">\n\n\t<div id=\"col-1052183504\" class=\"col medium-6 small-12 large-6\"  >\n\t\t\t\t<div class=\"col-inner\"  >\n\t\t\t\n\t\t\t\n<h2>Comprender All-In-1\u2122<\/h2>\n<p><strong>Todo en 1<\/strong><strong style=\"font-size: 14.4px\">\u2122 es una marca de productos espec\u00edficamente mezclados, que pueden estar hechos de una mezcla de microorganismos, catalizadores, nutrientes y m\u00e1s.<\/strong><\/p>\n<p>Hay ocasiones en las que un solo microorganismo no es suficiente. Gracias a nuestra amplia experiencia e investigaci\u00f3n en fermentaci\u00f3n, desarrollamos constantemente nuevos productos para satisfacer las expectativas de los fabricantes de bebidas de todo el mundo.<\/p>\n<p>Un ejemplo t\u00edpico de producto All-In-1\u2122 son las mezclas de levadura y enzimas. La combinaci\u00f3n de ambas consigue una alta atenuaci\u00f3n del az\u00facar, para obtener cervezas m\u00e1s fuertes y secas.<\/p>\n\t\t<\/div>\n\t\t\t\t\t<\/div>\n\n\t\n\n\t<div id=\"col-192073996\" class=\"col medium-6 small-12 large-6\"  >\n\t\t\t\t<div class=\"col-inner text-center\"  >\n\t\t\t\n\t\t\t\n\n  <div class=\"banner has-hover\" id=\"banner-2027731859\">\n          <div class=\"banner-inner fill\">\n        <div class=\"banner-bg fill\" >\n                                                \n                    <\/div>\n\t\t\n        <div class=\"banner-layers container\">\n            <div class=\"fill banner-link\"><\/div>            \n\t<div class=\"img has-hover x50 md-x50 lg-x50 y50 md-y50 lg-y50\" id=\"image_1095007025\">\n\t\t\t\t\t\t\t\t<div class=\"img-inner dark\" >\n\t\t\t<img loading=\"lazy\" decoding=\"async\" width=\"984\" height=\"925\" src=\"https:\/\/fermentis.com\/wp-content\/uploads\/2021\/05\/Logo_All-In-One_by-Fermentis_RVB.jpg\" class=\"attachment-large size-large\" alt=\"All in one beverage yeast by fermentis\" srcset=\"https:\/\/fermentis.com\/wp-content\/uploads\/2021\/05\/Logo_All-In-One_by-Fermentis_RVB.jpg 984w, https:\/\/fermentis.com\/wp-content\/uploads\/2021\/05\/Logo_All-In-One_by-Fermentis_RVB-800x752.jpg 800w, https:\/\/fermentis.com\/wp-content\/uploads\/2021\/05\/Logo_All-In-One_by-Fermentis_RVB-768x722.jpg 768w, https:\/\/fermentis.com\/wp-content\/uploads\/2021\/05\/Logo_All-In-One_by-Fermentis_RVB-600x564.jpg 600w\" sizes=\"auto, (max-width: 984px) 100vw, 984px\" \/>\t\t\t\t\t\t\n\t\t\t\t\t<\/div>\n\t\t\t\t\t\t\t\t\n<style>\n#image_1095007025 {\n  width: 50%;\n}\n<\/style>\n\t<\/div>\n\t\n        <\/div>\n      <\/div>\n\n            \n<style>\n#banner-2027731859 {\n  padding-top: 60%;\n  background-color: rgb(255,255,255);\n}\n<\/style>\n  <\/div>\n\n\n\t\t<\/div>\n\t\t\t\t\t<\/div>\n\n\t\n<\/div>\n\t\t<\/div>\n\n\t\t\n<style>\n#section_789210477 {\n  padding-top: 0px;\n  padding-bottom: 0px;\n}\n<\/style>\n\t<\/section>\n\t\n\n\t<section class=\"section\" id=\"section_362710975\">\n\t\t<div class=\"section-bg fill\" >\n\t\t\t\t\t\t\t\t\t\n\t\t\t\n\n\t\t<\/div>\n\n\t\t\n\n\t\t<div class=\"section-content relative\">\n\t\t\t\n<div class=\"row align-middle\"  id=\"row-1741386090\">\n\n\t<div id=\"col-561100203\" class=\"col small-12 large-12\"  >\n\t\t\t\t<div class=\"col-inner\"  >\n\t\t\t\n\t\t\t\n<h2>All-In-1 de Fermentis\u2122 &#8211; Gama de productos<\/h2>\n\t\n  \n    <div class=\"row large-columns-4 medium-columns-3 small-columns-2 row-&quot;normal&quot;\" >\n  <\/div>\n\t\t<\/div>\n\t\t\t\t\t<\/div>\n\n\t\n<\/div>\n\t\t<\/div>\n\n\t\t\n<style>\n#section_362710975 {\n  padding-top: 0px;\n  padding-bottom: 0px;\n}\n<\/style>\n\t<\/section>\n\t\n","protected":false},"excerpt":{"rendered":"","protected":false},"author":2,"featured_media":0,"parent":0,"menu_order":0,"comment_status":"closed","ping_status":"open","template":"page-blank.php","meta":{"_acf_changed":false,"footnotes":""},"class_list":["post-42203","page","type-page","status-publish","hentry"],"acf":[],"yoast_head":"<!-- This site is optimized with the Yoast SEO Premium plugin v27.3 (Yoast SEO v27.3) - https:\/\/yoast.com\/product\/yoast-seo-premium-wordpress\/ -->\n<title>All In 1 - Fermentis<\/title>\n<meta name=\"description\" content=\"All-In-1 de Fermentis\u2122 son mezclas ya preparadas de levaduras, enzimas y otros microorganismo y derivados, para una fermentaciones avanzadas.\" \/>\n<meta name=\"robots\" content=\"index, follow, max-snippet:-1, max-image-preview:large, max-video-preview:-1\" \/>\n<link rel=\"canonical\" href=\"https:\/\/fermentis.com\/es\/all-in-1\/\" \/>\n<meta property=\"og:locale\" content=\"es_ES\" \/>\n<meta property=\"og:type\" content=\"article\" \/>\n<meta property=\"og:title\" content=\"All In 1\" \/>\n<meta property=\"og:description\" content=\"All-In-1 de Fermentis\u2122 son mezclas ya preparadas de levaduras, enzimas y otros microorganismo y derivados, para una fermentaciones avanzadas.\" \/>\n<meta property=\"og:url\" content=\"https:\/\/fermentis.com\/es\/all-in-1\/\" \/>\n<meta property=\"og:site_name\" content=\"Fermentis\" \/>\n<meta property=\"article:publisher\" content=\"https:\/\/www.facebook.com\/Fermentis\" \/>\n<meta property=\"article:modified_time\" content=\"2025-11-24T16:16:06+00:00\" \/>\n<meta property=\"og:image\" content=\"https:\/\/fermentis.com\/wp-content\/uploads\/2021\/07\/website-v2.png\" \/>\n\t<meta property=\"og:image:width\" content=\"1903\" \/>\n\t<meta property=\"og:image:height\" content=\"901\" \/>\n\t<meta property=\"og:image:type\" content=\"image\/png\" \/>\n<meta name=\"twitter:card\" content=\"summary_large_image\" \/>\n<meta name=\"twitter:site\" content=\"@fermentis\" \/>\n<meta name=\"twitter:label1\" content=\"Tiempo de lectura\" \/>\n\t<meta name=\"twitter:data1\" content=\"1 minuto\" \/>\n<script type=\"application\/ld+json\" class=\"yoast-schema-graph\">{\"@context\":\"https:\\\/\\\/schema.org\",\"@graph\":[{\"@type\":\"WebPage\",\"@id\":\"https:\\\/\\\/fermentis.com\\\/es\\\/all-in-1\\\/\",\"url\":\"https:\\\/\\\/fermentis.com\\\/es\\\/all-in-1\\\/\",\"name\":\"All In 1 - Fermentis\",\"isPartOf\":{\"@id\":\"https:\\\/\\\/fermentis.com\\\/es\\\/#website\"},\"datePublished\":\"2021-06-02T16:31:16+00:00\",\"dateModified\":\"2025-11-24T16:16:06+00:00\",\"description\":\"All-In-1 de Fermentis\u2122 son mezclas ya preparadas de levaduras, enzimas y otros microorganismo y derivados, para una fermentaciones avanzadas.\",\"breadcrumb\":{\"@id\":\"https:\\\/\\\/fermentis.com\\\/es\\\/all-in-1\\\/#breadcrumb\"},\"inLanguage\":\"es\",\"potentialAction\":[{\"@type\":\"ReadAction\",\"target\":[\"https:\\\/\\\/fermentis.com\\\/es\\\/all-in-1\\\/\"]}]},{\"@type\":\"BreadcrumbList\",\"@id\":\"https:\\\/\\\/fermentis.com\\\/es\\\/all-in-1\\\/#breadcrumb\",\"itemListElement\":[{\"@type\":\"ListItem\",\"position\":1,\"name\":\"Home\",\"item\":\"https:\\\/\\\/fermentis.com\\\/es\\\/\"},{\"@type\":\"ListItem\",\"position\":2,\"name\":\"All In 1\"}]},{\"@type\":\"WebSite\",\"@id\":\"https:\\\/\\\/fermentis.com\\\/es\\\/#website\",\"url\":\"https:\\\/\\\/fermentis.com\\\/es\\\/\",\"name\":\"Fermentis\",\"description\":\"Un site utilisant WordPress\",\"publisher\":{\"@id\":\"https:\\\/\\\/fermentis.com\\\/es\\\/#organization\"},\"potentialAction\":[{\"@type\":\"SearchAction\",\"target\":{\"@type\":\"EntryPoint\",\"urlTemplate\":\"https:\\\/\\\/fermentis.com\\\/es\\\/?s={search_term_string}\"},\"query-input\":{\"@type\":\"PropertyValueSpecification\",\"valueRequired\":true,\"valueName\":\"search_term_string\"}}],\"inLanguage\":\"es\"},{\"@type\":\"Organization\",\"@id\":\"https:\\\/\\\/fermentis.com\\\/es\\\/#organization\",\"name\":\"Fermentis\",\"url\":\"https:\\\/\\\/fermentis.com\\\/es\\\/\",\"logo\":{\"@type\":\"ImageObject\",\"inLanguage\":\"es\",\"@id\":\"https:\\\/\\\/fermentis.com\\\/es\\\/#\\\/schema\\\/logo\\\/image\\\/\",\"url\":\"https:\\\/\\\/fermentis.com\\\/wp-content\\\/uploads\\\/2021\\\/07\\\/Logo-Fermentis-5.png\",\"contentUrl\":\"https:\\\/\\\/fermentis.com\\\/wp-content\\\/uploads\\\/2021\\\/07\\\/Logo-Fermentis-5.png\",\"width\":308,\"height\":95,\"caption\":\"Fermentis\"},\"image\":{\"@id\":\"https:\\\/\\\/fermentis.com\\\/es\\\/#\\\/schema\\\/logo\\\/image\\\/\"},\"sameAs\":[\"https:\\\/\\\/www.facebook.com\\\/Fermentis\",\"https:\\\/\\\/x.com\\\/fermentis\",\"https:\\\/\\\/www.instagram.com\\\/fermentisbylesaffre\\\/\",\"https:\\\/\\\/www.linkedin.com\\\/company\\\/fermentis\\\/\",\"https:\\\/\\\/www.youtube.com\\\/channel\\\/UCt_Lp3IZnUNXZeqSi6iiAdA\"]}]}<\/script>\n<!-- \/ Yoast SEO Premium plugin. -->","yoast_head_json":{"title":"All In 1 - Fermentis","description":"All-In-1 de Fermentis\u2122 son mezclas ya preparadas de levaduras, enzimas y otros microorganismo y derivados, para una fermentaciones avanzadas.","robots":{"index":"index","follow":"follow","max-snippet":"max-snippet:-1","max-image-preview":"max-image-preview:large","max-video-preview":"max-video-preview:-1"},"canonical":"https:\/\/fermentis.com\/es\/all-in-1\/","og_locale":"es_ES","og_type":"article","og_title":"All In 1","og_description":"All-In-1 de Fermentis\u2122 son mezclas ya preparadas de levaduras, enzimas y otros microorganismo y derivados, para una fermentaciones avanzadas.","og_url":"https:\/\/fermentis.com\/es\/all-in-1\/","og_site_name":"Fermentis","article_publisher":"https:\/\/www.facebook.com\/Fermentis","article_modified_time":"2025-11-24T16:16:06+00:00","og_image":[{"width":1903,"height":901,"url":"https:\/\/fermentis.com\/wp-content\/uploads\/2021\/07\/website-v2.png","type":"image\/png"}],"twitter_card":"summary_large_image","twitter_site":"@fermentis","twitter_misc":{"Tiempo de lectura":"1 minuto"},"schema":{"@context":"https:\/\/schema.org","@graph":[{"@type":"WebPage","@id":"https:\/\/fermentis.com\/es\/all-in-1\/","url":"https:\/\/fermentis.com\/es\/all-in-1\/","name":"All In 1 - Fermentis","isPartOf":{"@id":"https:\/\/fermentis.com\/es\/#website"},"datePublished":"2021-06-02T16:31:16+00:00","dateModified":"2025-11-24T16:16:06+00:00","description":"All-In-1 de Fermentis\u2122 son mezclas ya preparadas de levaduras, enzimas y otros microorganismo y derivados, para una fermentaciones avanzadas.","breadcrumb":{"@id":"https:\/\/fermentis.com\/es\/all-in-1\/#breadcrumb"},"inLanguage":"es","potentialAction":[{"@type":"ReadAction","target":["https:\/\/fermentis.com\/es\/all-in-1\/"]}]},{"@type":"BreadcrumbList","@id":"https:\/\/fermentis.com\/es\/all-in-1\/#breadcrumb","itemListElement":[{"@type":"ListItem","position":1,"name":"Home","item":"https:\/\/fermentis.com\/es\/"},{"@type":"ListItem","position":2,"name":"All In 1"}]},{"@type":"WebSite","@id":"https:\/\/fermentis.com\/es\/#website","url":"https:\/\/fermentis.com\/es\/","name":"Fermentis","description":"Un site utilisant WordPress","publisher":{"@id":"https:\/\/fermentis.com\/es\/#organization"},"potentialAction":[{"@type":"SearchAction","target":{"@type":"EntryPoint","urlTemplate":"https:\/\/fermentis.com\/es\/?s={search_term_string}"},"query-input":{"@type":"PropertyValueSpecification","valueRequired":true,"valueName":"search_term_string"}}],"inLanguage":"es"},{"@type":"Organization","@id":"https:\/\/fermentis.com\/es\/#organization","name":"Fermentis","url":"https:\/\/fermentis.com\/es\/","logo":{"@type":"ImageObject","inLanguage":"es","@id":"https:\/\/fermentis.com\/es\/#\/schema\/logo\/image\/","url":"https:\/\/fermentis.com\/wp-content\/uploads\/2021\/07\/Logo-Fermentis-5.png","contentUrl":"https:\/\/fermentis.com\/wp-content\/uploads\/2021\/07\/Logo-Fermentis-5.png","width":308,"height":95,"caption":"Fermentis"},"image":{"@id":"https:\/\/fermentis.com\/es\/#\/schema\/logo\/image\/"},"sameAs":["https:\/\/www.facebook.com\/Fermentis","https:\/\/x.com\/fermentis","https:\/\/www.instagram.com\/fermentisbylesaffre\/","https:\/\/www.linkedin.com\/company\/fermentis\/","https:\/\/www.youtube.com\/channel\/UCt_Lp3IZnUNXZeqSi6iiAdA"]}]}},"_links":{"self":[{"href":"https:\/\/fermentis.com\/es\/wp-json\/wp\/v2\/pages\/42203","targetHints":{"allow":["GET"]}}],"collection":[{"href":"https:\/\/fermentis.com\/es\/wp-json\/wp\/v2\/pages"}],"about":[{"href":"https:\/\/fermentis.com\/es\/wp-json\/wp\/v2\/types\/page"}],"author":[{"embeddable":true,"href":"https:\/\/fermentis.com\/es\/wp-json\/wp\/v2\/users\/2"}],"replies":[{"embeddable":true,"href":"https:\/\/fermentis.com\/es\/wp-json\/wp\/v2\/comments?post=42203"}],"version-history":[{"count":2586,"href":"https:\/\/fermentis.com\/es\/wp-json\/wp\/v2\/pages\/42203\/revisions"}],"predecessor-version":[{"id":659869,"href":"https:\/\/fermentis.com\/es\/wp-json\/wp\/v2\/pages\/42203\/revisions\/659869"}],"wp:attachment":[{"href":"https:\/\/fermentis.com\/es\/wp-json\/wp\/v2\/media?parent=42203"}],"curies":[{"name":"wp","href":"https:\/\/api.w.org\/{rel}","templated":true}]}}