{"id":42304,"date":"2020-02-08T00:00:00","date_gmt":"2020-02-07T23:00:00","guid":{"rendered":"https:\/\/fermentis.com\/fermentation-solutions\/"},"modified":"2026-04-09T02:34:32","modified_gmt":"2026-04-09T00:34:32","slug":"fermentation-solutions","status":"publish","type":"page","link":"https:\/\/fermentis.com\/es\/fermentation-solutions\/","title":{"rendered":"Soluciones de fermentaci\u00f3n"},"content":{"rendered":"\n\t<section class=\"section info-cards-chess-box\" id=\"section_987448671\">\n\t\t<div class=\"section-bg fill\" >\n\t\t\t\t\t\t\t\t\t\n\t\t\t\n\n\t\t<\/div>\n\n\t\t\n\n\t\t<div class=\"section-content relative\">\n\t\t\t\n<div class=\"is-divider divider clearfix\" style=\"max-width:0px;\"><\/div>\n<div class=\"row row-collapse align-middle\"  id=\"row-876890885\">\n\n\t<div id=\"col-1906481691\" class=\"col medium-6 small-12 large-6\"  >\n\t\t\t\t<div class=\"col-inner\"  >\n\t\t\t\n\t\t\t\n\n  <div class=\"banner has-hover\" id=\"banner-174730802\">\n          <div class=\"banner-inner fill\">\n        <div class=\"banner-bg fill\" >\n            <img loading=\"lazy\" decoding=\"async\" width=\"1536\" height=\"400\" src=\"https:\/\/fermentis.com\/wp-content\/uploads\/2025\/05\/Beerstyle-BANNER-02-1536x400.jpg\" class=\"bg attachment-1536x1536 size-1536x1536\" alt=\"\" \/>                                    \n                    <\/div>\n\t\t\n        <div class=\"banner-layers container\">\n            <div class=\"fill banner-link\"><\/div>            \n   <div id=\"text-box-1201604149\" class=\"text-box banner-layer x50 md-x50 lg-x50 y90 md-y90 lg-y90 res-text\">\n                                <div class=\"text-box-content text dark\">\n              \n              <div class=\"text-inner text-left\">\n                  \n\t<div id=\"text-1203957316\" class=\"text\">\n\t\t\n<p>YEAST &amp; FERMENTATION SOLUTIONS<\/p>\n<h1 class=\"uppercase thin-font lead\" data-padding=\"5px\">beer &amp; BREWING<\/h1>\n\t\t\n<style>\n#text-1203957316 {\n  font-size: 0.8rem;\n  text-align: center;\n}\n<\/style>\n\t<\/div>\n\t\n<div class=\"text-center\"><div class=\"is-divider divider clearfix\" style=\"max-width:0px;height:45px;\"><\/div><\/div>\n              <\/div>\n           <\/div>\n                            \n<style>\n#text-box-1201604149 {\n  width: 76%;\n}\n#text-box-1201604149 .text-box-content {\n  font-size: 100%;\n}\n<\/style>\n    <\/div>\n \n        <\/div>\n      <\/div>\n\n            \n<style>\n#banner-174730802 {\n  padding-top: 312px;\n}\n#banner-174730802 .banner-bg img {\n  object-position: 41% 60%;\n}\n<\/style>\n  <\/div>\n\n\n<div class=\"is-divider divider clearfix\" style=\"max-width:0px;\"><\/div>\n\t\t<\/div>\n\t\t\t\t\t<\/div>\n\n\t\n\n\t<div id=\"col-1017135914\" class=\"col medium-6 small-12 large-6\"  >\n\t\t\t\t<div class=\"col-inner\"  >\n\t\t\t\n\t\t\t\n<div class=\"row align-center\"  id=\"row-1154884651\">\n\n\t<div id=\"col-1150710978\" class=\"col medium-10 small-10 large-8\"  >\n\t\t\t\t<div class=\"col-inner\"  >\n\t\t\t\n\t\t\t\n<p>\u00bfBusca levaduras de cerveza, activadores de fermentaci\u00f3n o productos funcionales que le ayuden a elaborar las mejores cervezas? Est\u00e1 en el lugar adecuado.<\/p>\n<a href=\"https:\/\/fermentis.com\/es\/fermentation-solutions\/beer\/\" class=\"button primary is-outline\" style=\"border-radius:91px;\">\n\t\t<span>Ir a cerveza<\/span>\n\t<i class=\"icon-angle-right\" aria-hidden=\"true\"><\/i><\/a>\n\n\t\t<\/div>\n\t\t\t\t\t<\/div>\n\n\t\n<\/div>\n\t\t<\/div>\n\t\t\t\t\n<style>\n#col-1017135914 > .col-inner {\n  padding: 10% 0px 0px 0px;\n}\n<\/style>\n\t<\/div>\n\n\t\n<\/div>\n<div class=\"row row-collapse align-middle\"  id=\"row-1614509070\">\n\n\t<div id=\"col-1929644993\" class=\"col medium-6 small-12 large-6\"  >\n\t\t\t\t<div class=\"col-inner\"  >\n\t\t\t\n\t\t\t\n\n  <div class=\"banner has-hover\" id=\"banner-430395563\">\n          <div class=\"banner-inner fill\">\n        <div class=\"banner-bg fill\" >\n            <img loading=\"lazy\" decoding=\"async\" width=\"1528\" height=\"707\" src=\"https:\/\/fermentis.com\/wp-content\/uploads\/2020\/02\/Wine.jpg\" class=\"bg attachment-2048x2048 size-2048x2048\" alt=\"\" \/>                                    \n                    <\/div>\n\t\t\n        <div class=\"banner-layers container\">\n            <div class=\"fill banner-link\"><\/div>            \n   <div id=\"text-box-2134012795\" class=\"text-box banner-layer x50 md-x50 lg-x50 y90 md-y90 lg-y90 res-text\">\n                                <div class=\"text-box-content text dark\">\n              \n              <div class=\"text-inner text-left\">\n                  \n\t<div id=\"text-2404083235\" class=\"text\">\n\t\t\n<p>YEAST &amp; FERMENTATION SOLUTIONS<\/p>\n<h1 class=\"uppercase thin-font lead\" data-padding=\"5px\">WINEMAKING<\/h1>\n\t\t\n<style>\n#text-2404083235 {\n  font-size: 0.8rem;\n  text-align: center;\n}\n<\/style>\n\t<\/div>\n\t\n<div class=\"text-center\"><div class=\"is-divider divider clearfix\" style=\"max-width:0px;height:45px;\"><\/div><\/div>\n              <\/div>\n           <\/div>\n                            \n<style>\n#text-box-2134012795 {\n  width: 76%;\n}\n#text-box-2134012795 .text-box-content {\n  font-size: 100%;\n}\n<\/style>\n    <\/div>\n \n        <\/div>\n      <\/div>\n\n            \n<style>\n#banner-430395563 {\n  padding-top: 312px;\n}\n#banner-430395563 .banner-bg img {\n  object-position: 82% 7%;\n}\n<\/style>\n  <\/div>\n\n\n\t\t<\/div>\n\t\t\t\t\n<style>\n#col-1929644993 > .col-inner {\n  padding: 0px 0px 0px 0px;\n}\n<\/style>\n\t<\/div>\n\n\t\n\n\t<div id=\"col-342999854\" class=\"col medium-6 small-12 large-6 small-col-first\"  >\n\t\t\t\t<div class=\"col-inner\"  >\n\t\t\t\n\t\t\t\n<div class=\"row align-center\"  id=\"row-319719488\">\n\n\t<div id=\"col-1341262010\" class=\"col medium-10 small-10 large-8\"  >\n\t\t\t\t<div class=\"col-inner\"  >\n\t\t\t\n\t\t\t\n<p>Eche un vistazo a nuestra amplia gama de levaduras activas secas y otros productos dise\u00f1ados para la elaboraci\u00f3n del vino.<\/p>\n<a href=\"https:\/\/fermentis.com\/es\/fermentation-solutions\/wine\/\" class=\"button alert is-outline\" style=\"border-radius:86px;\">\n\t\t<span>Ir a vino<\/span>\n\t<i class=\"icon-angle-right\" aria-hidden=\"true\"><\/i><\/a>\n\n\t\t<\/div>\n\t\t\t\t\t<\/div>\n\n\t\n<\/div>\n\t\t<\/div>\n\t\t\t\t\t<\/div>\n\n\t\n<\/div>\n<div class=\"row row-collapse align-middle\"  id=\"row-1536935179\">\n\n\t<div id=\"col-1944254419\" class=\"col medium-6 small-12 large-6\"  >\n\t\t\t\t<div class=\"col-inner\"  >\n\t\t\t\n\t\t\t\n<div class=\"is-divider divider clearfix\" style=\"max-width:0px;\"><\/div>\n\n  <div class=\"banner has-hover\" id=\"banner-1959088526\">\n          <div class=\"banner-inner fill\">\n        <div class=\"banner-bg fill\" >\n            <img loading=\"lazy\" decoding=\"async\" width=\"1528\" height=\"707\" src=\"https:\/\/fermentis.com\/wp-content\/uploads\/2020\/02\/Spirits.jpg\" class=\"bg attachment-2048x2048 size-2048x2048\" alt=\"\" \/>                                    \n                    <\/div>\n\t\t\n        <div class=\"banner-layers container\">\n            <div class=\"fill banner-link\"><\/div>            \n   <div id=\"text-box-1622855418\" class=\"text-box banner-layer x50 md-x50 lg-x50 y90 md-y90 lg-y90 res-text\">\n                                <div class=\"text-box-content text dark\">\n              \n              <div class=\"text-inner text-left\">\n                  \n\t<div id=\"text-2740928279\" class=\"text\">\n\t\t\n<p>YEAST &amp; FERMENTATION SOLUTIONS<\/p>\n<h1 class=\"uppercase thin-font lead\" data-padding=\"5px\">Spirits &amp; distilling<\/h1>\n\t\t\n<style>\n#text-2740928279 {\n  font-size: 0.8rem;\n  text-align: center;\n}\n<\/style>\n\t<\/div>\n\t\n<div class=\"text-center\"><div class=\"is-divider divider clearfix\" style=\"max-width:0px;height:45px;\"><\/div><\/div>\n              <\/div>\n           <\/div>\n                            \n<style>\n#text-box-1622855418 {\n  width: 80%;\n}\n#text-box-1622855418 .text-box-content {\n  font-size: 100%;\n}\n<\/style>\n    <\/div>\n \n        <\/div>\n      <\/div>\n\n            \n<style>\n#banner-1959088526 {\n  padding-top: 312px;\n}\n#banner-1959088526 .banner-bg img {\n  object-position: 82% 7%;\n}\n<\/style>\n  <\/div>\n\n\n<div class=\"is-divider divider clearfix\" style=\"max-width:0px;\"><\/div>\n\t\t<\/div>\n\t\t\t\t\t<\/div>\n\n\t\n\n\t<div id=\"col-157260708\" class=\"col medium-6 small-12 large-6\"  >\n\t\t\t\t<div class=\"col-inner\"  >\n\t\t\t\n\t\t\t\n<div class=\"row align-center\"  id=\"row-1586491924\">\n\n\t<div id=\"col-1727913579\" class=\"col medium-10 small-10 large-8\"  >\n\t\t\t\t<div class=\"col-inner\"  >\n\t\t\t\n\t\t\t\n<p>Consulte nuestra gama de levaduras y productos de fermentaci\u00f3n especialmente desarrollados para la industria de las bebidas destiladas.<\/p>\n<a href=\"https:\/\/fermentis.com\/es\/fermentation-solutions\/spirits\/\" class=\"button white is-outline\" style=\"border-radius:99px;\">\n\t\t<span>Ir a los destilados<\/span>\n\t<i class=\"icon-angle-right\" aria-hidden=\"true\"><\/i><\/a>\n\n\t\t<\/div>\n\t\t\t\t\t<\/div>\n\n\t\n<\/div>\n\t\t<\/div>\n\t\t\t\t\n<style>\n#col-157260708 > .col-inner {\n  padding: 10% 0px 0px 0px;\n}\n<\/style>\n\t<\/div>\n\n\t\n<\/div>\n<div class=\"row row-collapse align-middle\"  id=\"row-432926647\">\n\n\t<div id=\"col-1686933091\" class=\"col medium-6 small-12 large-6\"  >\n\t\t\t\t<div class=\"col-inner\"  >\n\t\t\t\n\t\t\t\n\n  <div class=\"banner has-hover\" id=\"banner-378481627\">\n          <div class=\"banner-inner fill\">\n        <div class=\"banner-bg fill\" >\n            <img loading=\"lazy\" decoding=\"async\" width=\"1528\" height=\"707\" src=\"https:\/\/fermentis.com\/wp-content\/uploads\/2020\/02\/Cider.jpg\" class=\"bg attachment-2048x2048 size-2048x2048\" alt=\"\" \/>                                    \n                    <\/div>\n\t\t\n        <div class=\"banner-layers container\">\n            <div class=\"fill banner-link\"><\/div>            \n   <div id=\"text-box-1441325637\" class=\"text-box banner-layer x50 md-x50 lg-x50 y90 md-y90 lg-y90 res-text\">\n                                <div class=\"text-box-content text dark\">\n              \n              <div class=\"text-inner text-left\">\n                  \n\t<div id=\"text-1374563120\" class=\"text\">\n\t\t\n<p>YEAST &amp; FERMENTATION SOLUTIONS<\/p>\n<h1 class=\"uppercase thin-font lead\" data-padding=\"5px\">CIDERMAKING<\/h1>\n\t\t\n<style>\n#text-1374563120 {\n  font-size: 0.8rem;\n  text-align: center;\n}\n<\/style>\n\t<\/div>\n\t\n<div class=\"text-center\"><div class=\"is-divider divider clearfix\" style=\"max-width:0px;height:45px;\"><\/div><\/div>\n              <\/div>\n           <\/div>\n                            \n<style>\n#text-box-1441325637 {\n  width: 76%;\n}\n#text-box-1441325637 .text-box-content {\n  font-size: 100%;\n}\n<\/style>\n    <\/div>\n \n        <\/div>\n      <\/div>\n\n            \n<style>\n#banner-378481627 {\n  padding-top: 312px;\n}\n#banner-378481627 .banner-bg img {\n  object-position: 82% 7%;\n}\n<\/style>\n  <\/div>\n\n\n\t\t<\/div>\n\t\t\t\t\t<\/div>\n\n\t\n\n\t<div id=\"col-105030226\" class=\"col medium-6 small-12 large-6\"  >\n\t\t\t\t<div class=\"col-inner\"  >\n\t\t\t\n\t\t\t\n<div class=\"row align-center\"  id=\"row-74358573\">\n\n\t<div id=\"col-288485255\" class=\"col medium-8 small-12 large-8\"  >\n\t\t\t\t<div class=\"col-inner\"  >\n\t\t\t\n\t\t\t\n<p>Consulte nuestra gama de levaduras y productos de fermentaci\u00f3n especialmente desarrollados para la elaboraci\u00f3n de sidra.<\/p>\n<a href=\"https:\/\/fermentis.com\/es\/fermentation-solutions\/cider\/\" class=\"button success is-outline\" style=\"border-radius:90px;\">\n\t\t<span>ir a sidra<\/span>\n\t<i class=\"icon-angle-right\" aria-hidden=\"true\"><\/i><\/a>\n\n\t\t<\/div>\n\t\t\t\t\t<\/div>\n\n\t\n<\/div>\n\t\t<\/div>\n\t\t\t\t\t<\/div>\n\n\t\n<\/div>\n<div class=\"is-divider divider clearfix\" style=\"max-width:0px;height:34px;\"><\/div>\n\t\t<\/div>\n\n\t\t\n<style>\n#section_987448671 {\n  padding-top: 0px;\n  padding-bottom: 0px;\n}\n<\/style>\n\t<\/section>\n\t\n","protected":false},"excerpt":{"rendered":"","protected":false},"author":2,"featured_media":0,"parent":0,"menu_order":0,"comment_status":"closed","ping_status":"open","template":"page-blank.php","meta":{"_acf_changed":false,"footnotes":""},"class_list":["post-42304","page","type-page","status-publish","hentry"],"acf":[],"yoast_head":"<!-- This site is optimized with the Yoast SEO Premium plugin v27.3 (Yoast SEO v27.3) - https:\/\/yoast.com\/product\/yoast-seo-premium-wordpress\/ -->\n<title>Soluciones de fermentaci\u00f3n - Fermentis<\/title>\n<meta name=\"description\" content=\"Proponemos una amplia gama de productos a trav\u00e9s de nuestras soluciones de fermentaci\u00f3n, sea cual sea la bebida que desea producir, \u00a1nosotros lo cubrimos!\" \/>\n<meta name=\"robots\" content=\"index, follow, max-snippet:-1, max-image-preview:large, max-video-preview:-1\" \/>\n<link rel=\"canonical\" href=\"https:\/\/fermentis.com\/es\/fermentation-solutions\/\" \/>\n<meta property=\"og:locale\" content=\"es_ES\" \/>\n<meta property=\"og:type\" content=\"article\" \/>\n<meta property=\"og:title\" content=\"Soluciones de fermentaci\u00f3n\" \/>\n<meta property=\"og:description\" content=\"Proponemos una amplia gama de productos a trav\u00e9s de nuestras soluciones de fermentaci\u00f3n, sea cual sea la bebida que desea producir, \u00a1nosotros lo cubrimos!\" \/>\n<meta property=\"og:url\" content=\"https:\/\/fermentis.com\/es\/fermentation-solutions\/\" \/>\n<meta property=\"og:site_name\" content=\"Fermentis\" \/>\n<meta property=\"article:publisher\" content=\"https:\/\/www.facebook.com\/Fermentis\" \/>\n<meta property=\"article:modified_time\" content=\"2026-04-09T00:34:32+00:00\" \/>\n<meta property=\"og:image\" content=\"https:\/\/fermentis.com\/wp-content\/uploads\/2021\/07\/website-v2.png\" \/>\n\t<meta property=\"og:image:width\" content=\"1903\" \/>\n\t<meta property=\"og:image:height\" content=\"901\" \/>\n\t<meta property=\"og:image:type\" content=\"image\/png\" \/>\n<meta name=\"twitter:card\" content=\"summary_large_image\" \/>\n<meta name=\"twitter:site\" content=\"@fermentis\" \/>\n<meta name=\"twitter:label1\" content=\"Tiempo de lectura\" \/>\n\t<meta name=\"twitter:data1\" content=\"3 minutos\" \/>\n<script type=\"application\/ld+json\" class=\"yoast-schema-graph\">{\"@context\":\"https:\\\/\\\/schema.org\",\"@graph\":[{\"@type\":\"WebPage\",\"@id\":\"https:\\\/\\\/fermentis.com\\\/es\\\/fermentation-solutions\\\/\",\"url\":\"https:\\\/\\\/fermentis.com\\\/es\\\/fermentation-solutions\\\/\",\"name\":\"Soluciones de fermentaci\u00f3n - Fermentis\",\"isPartOf\":{\"@id\":\"https:\\\/\\\/fermentis.com\\\/es\\\/#website\"},\"datePublished\":\"2020-02-07T23:00:00+00:00\",\"dateModified\":\"2026-04-09T00:34:32+00:00\",\"description\":\"Proponemos una amplia gama de productos a trav\u00e9s de nuestras soluciones de fermentaci\u00f3n, sea cual sea la bebida que desea producir, \u00a1nosotros lo cubrimos!\",\"breadcrumb\":{\"@id\":\"https:\\\/\\\/fermentis.com\\\/es\\\/fermentation-solutions\\\/#breadcrumb\"},\"inLanguage\":\"es\",\"potentialAction\":[{\"@type\":\"ReadAction\",\"target\":[\"https:\\\/\\\/fermentis.com\\\/es\\\/fermentation-solutions\\\/\"]}]},{\"@type\":\"BreadcrumbList\",\"@id\":\"https:\\\/\\\/fermentis.com\\\/es\\\/fermentation-solutions\\\/#breadcrumb\",\"itemListElement\":[{\"@type\":\"ListItem\",\"position\":1,\"name\":\"Home\",\"item\":\"https:\\\/\\\/fermentis.com\\\/es\\\/\"},{\"@type\":\"ListItem\",\"position\":2,\"name\":\"Soluciones de fermentaci\u00f3n\"}]},{\"@type\":\"WebSite\",\"@id\":\"https:\\\/\\\/fermentis.com\\\/es\\\/#website\",\"url\":\"https:\\\/\\\/fermentis.com\\\/es\\\/\",\"name\":\"Fermentis\",\"description\":\"Un site utilisant WordPress\",\"publisher\":{\"@id\":\"https:\\\/\\\/fermentis.com\\\/es\\\/#organization\"},\"potentialAction\":[{\"@type\":\"SearchAction\",\"target\":{\"@type\":\"EntryPoint\",\"urlTemplate\":\"https:\\\/\\\/fermentis.com\\\/es\\\/?s={search_term_string}\"},\"query-input\":{\"@type\":\"PropertyValueSpecification\",\"valueRequired\":true,\"valueName\":\"search_term_string\"}}],\"inLanguage\":\"es\"},{\"@type\":\"Organization\",\"@id\":\"https:\\\/\\\/fermentis.com\\\/es\\\/#organization\",\"name\":\"Fermentis\",\"url\":\"https:\\\/\\\/fermentis.com\\\/es\\\/\",\"logo\":{\"@type\":\"ImageObject\",\"inLanguage\":\"es\",\"@id\":\"https:\\\/\\\/fermentis.com\\\/es\\\/#\\\/schema\\\/logo\\\/image\\\/\",\"url\":\"https:\\\/\\\/fermentis.com\\\/wp-content\\\/uploads\\\/2021\\\/07\\\/Logo-Fermentis-5.png\",\"contentUrl\":\"https:\\\/\\\/fermentis.com\\\/wp-content\\\/uploads\\\/2021\\\/07\\\/Logo-Fermentis-5.png\",\"width\":308,\"height\":95,\"caption\":\"Fermentis\"},\"image\":{\"@id\":\"https:\\\/\\\/fermentis.com\\\/es\\\/#\\\/schema\\\/logo\\\/image\\\/\"},\"sameAs\":[\"https:\\\/\\\/www.facebook.com\\\/Fermentis\",\"https:\\\/\\\/x.com\\\/fermentis\",\"https:\\\/\\\/www.instagram.com\\\/fermentisbylesaffre\\\/\",\"https:\\\/\\\/www.linkedin.com\\\/company\\\/fermentis\\\/\",\"https:\\\/\\\/www.youtube.com\\\/channel\\\/UCt_Lp3IZnUNXZeqSi6iiAdA\"]}]}<\/script>\n<!-- \/ Yoast SEO Premium plugin. -->","yoast_head_json":{"title":"Soluciones de fermentaci\u00f3n - Fermentis","description":"Proponemos una amplia gama de productos a trav\u00e9s de nuestras soluciones de fermentaci\u00f3n, sea cual sea la bebida que desea producir, \u00a1nosotros lo cubrimos!","robots":{"index":"index","follow":"follow","max-snippet":"max-snippet:-1","max-image-preview":"max-image-preview:large","max-video-preview":"max-video-preview:-1"},"canonical":"https:\/\/fermentis.com\/es\/fermentation-solutions\/","og_locale":"es_ES","og_type":"article","og_title":"Soluciones de fermentaci\u00f3n","og_description":"Proponemos una amplia gama de productos a trav\u00e9s de nuestras soluciones de fermentaci\u00f3n, sea cual sea la bebida que desea producir, \u00a1nosotros lo cubrimos!","og_url":"https:\/\/fermentis.com\/es\/fermentation-solutions\/","og_site_name":"Fermentis","article_publisher":"https:\/\/www.facebook.com\/Fermentis","article_modified_time":"2026-04-09T00:34:32+00:00","og_image":[{"width":1903,"height":901,"url":"https:\/\/fermentis.com\/wp-content\/uploads\/2021\/07\/website-v2.png","type":"image\/png"}],"twitter_card":"summary_large_image","twitter_site":"@fermentis","twitter_misc":{"Tiempo de lectura":"3 minutos"},"schema":{"@context":"https:\/\/schema.org","@graph":[{"@type":"WebPage","@id":"https:\/\/fermentis.com\/es\/fermentation-solutions\/","url":"https:\/\/fermentis.com\/es\/fermentation-solutions\/","name":"Soluciones de fermentaci\u00f3n - Fermentis","isPartOf":{"@id":"https:\/\/fermentis.com\/es\/#website"},"datePublished":"2020-02-07T23:00:00+00:00","dateModified":"2026-04-09T00:34:32+00:00","description":"Proponemos una amplia gama de productos a trav\u00e9s de nuestras soluciones de fermentaci\u00f3n, sea cual sea la bebida que desea producir, \u00a1nosotros lo cubrimos!","breadcrumb":{"@id":"https:\/\/fermentis.com\/es\/fermentation-solutions\/#breadcrumb"},"inLanguage":"es","potentialAction":[{"@type":"ReadAction","target":["https:\/\/fermentis.com\/es\/fermentation-solutions\/"]}]},{"@type":"BreadcrumbList","@id":"https:\/\/fermentis.com\/es\/fermentation-solutions\/#breadcrumb","itemListElement":[{"@type":"ListItem","position":1,"name":"Home","item":"https:\/\/fermentis.com\/es\/"},{"@type":"ListItem","position":2,"name":"Soluciones de fermentaci\u00f3n"}]},{"@type":"WebSite","@id":"https:\/\/fermentis.com\/es\/#website","url":"https:\/\/fermentis.com\/es\/","name":"Fermentis","description":"Un site utilisant WordPress","publisher":{"@id":"https:\/\/fermentis.com\/es\/#organization"},"potentialAction":[{"@type":"SearchAction","target":{"@type":"EntryPoint","urlTemplate":"https:\/\/fermentis.com\/es\/?s={search_term_string}"},"query-input":{"@type":"PropertyValueSpecification","valueRequired":true,"valueName":"search_term_string"}}],"inLanguage":"es"},{"@type":"Organization","@id":"https:\/\/fermentis.com\/es\/#organization","name":"Fermentis","url":"https:\/\/fermentis.com\/es\/","logo":{"@type":"ImageObject","inLanguage":"es","@id":"https:\/\/fermentis.com\/es\/#\/schema\/logo\/image\/","url":"https:\/\/fermentis.com\/wp-content\/uploads\/2021\/07\/Logo-Fermentis-5.png","contentUrl":"https:\/\/fermentis.com\/wp-content\/uploads\/2021\/07\/Logo-Fermentis-5.png","width":308,"height":95,"caption":"Fermentis"},"image":{"@id":"https:\/\/fermentis.com\/es\/#\/schema\/logo\/image\/"},"sameAs":["https:\/\/www.facebook.com\/Fermentis","https:\/\/x.com\/fermentis","https:\/\/www.instagram.com\/fermentisbylesaffre\/","https:\/\/www.linkedin.com\/company\/fermentis\/","https:\/\/www.youtube.com\/channel\/UCt_Lp3IZnUNXZeqSi6iiAdA"]}]}},"_links":{"self":[{"href":"https:\/\/fermentis.com\/es\/wp-json\/wp\/v2\/pages\/42304","targetHints":{"allow":["GET"]}}],"collection":[{"href":"https:\/\/fermentis.com\/es\/wp-json\/wp\/v2\/pages"}],"about":[{"href":"https:\/\/fermentis.com\/es\/wp-json\/wp\/v2\/types\/page"}],"author":[{"embeddable":true,"href":"https:\/\/fermentis.com\/es\/wp-json\/wp\/v2\/users\/2"}],"replies":[{"embeddable":true,"href":"https:\/\/fermentis.com\/es\/wp-json\/wp\/v2\/comments?post=42304"}],"version-history":[{"count":4808,"href":"https:\/\/fermentis.com\/es\/wp-json\/wp\/v2\/pages\/42304\/revisions"}],"predecessor-version":[{"id":714097,"href":"https:\/\/fermentis.com\/es\/wp-json\/wp\/v2\/pages\/42304\/revisions\/714097"}],"wp:attachment":[{"href":"https:\/\/fermentis.com\/es\/wp-json\/wp\/v2\/media?parent=42304"}],"curies":[{"name":"wp","href":"https:\/\/api.w.org\/{rel}","templated":true}]}}