{"id":42341,"date":"2020-02-14T00:00:00","date_gmt":"2020-02-13T23:00:00","guid":{"rendered":"https:\/\/fermentis.com\/fermentation-solutions\/beer\/styles\/"},"modified":"2026-04-07T15:42:34","modified_gmt":"2026-04-07T13:42:34","slug":"styles","status":"publish","type":"page","link":"https:\/\/fermentis.com\/es\/fermentation-solutions\/beer\/styles\/","title":{"rendered":"Estilos de cerveza"},"content":{"rendered":"\n\t<section class=\"section\" id=\"section_953854360\">\n\t\t<div class=\"section-bg fill\" >\n\t\t\t<img loading=\"lazy\" decoding=\"async\" width=\"1940\" height=\"758\" src=\"https:\/\/fermentis.com\/wp-content\/uploads\/2020\/02\/fermentis-corporate-bg.jpg\" class=\"bg attachment- size-\" alt=\"\" \/>\t\t\t\t\t\t\n\t\t\t\n\n\t\t<\/div>\n\n\t\t\n\n\t\t<div class=\"section-content relative\">\n\t\t\t\n\n  <div class=\"banner has-hover has-parallax\" id=\"banner-1198279813\">\n          <div class=\"banner-inner fill\">\n        <div class=\"banner-bg fill\" data-parallax=\"-5\" data-parallax-container=\".banner\" data-parallax-background>\n            <img loading=\"lazy\" decoding=\"async\" width=\"1020\" height=\"266\" src=\"https:\/\/fermentis.com\/wp-content\/uploads\/2025\/05\/Beerstyle-BANNER-02-1024x267.jpg\" class=\"bg attachment-large size-large\" alt=\"\" \/>                                    \n                    <\/div>\n\t\t\n        <div class=\"banner-layers container\">\n            <div class=\"fill banner-link\"><\/div>            \n   <div id=\"text-box-1038509695\" class=\"text-box banner-layer x50 md-x50 lg-x50 y50 md-y50 lg-y50 res-text\">\n                                <div class=\"text-box-content text dark\">\n              \n              <div class=\"text-inner text-center\">\n                  \n<h1><span style=\"font-size: 65%\"><strong>Beer Styles<\/strong><\/span><\/h1>\n<p>Browse our list of beer styles and check out our yeast recommendations.<\/p>\n              <\/div>\n           <\/div>\n                            \n<style>\n#text-box-1038509695 {\n  width: 60%;\n}\n#text-box-1038509695 .text-box-content {\n  font-size: 100%;\n}\n<\/style>\n    <\/div>\n \n        <\/div>\n      <\/div>\n\n            \n<style>\n#banner-1198279813 {\n  padding-top: 149px;\n  background-color: rgba(255, 255, 255, 0);\n}\n<\/style>\n  <\/div>\n\n\n\t\t<\/div>\n\n\t\t\n<style>\n#section_953854360 {\n  padding-top: 0px;\n  padding-bottom: 0px;\n}\n<\/style>\n\t<\/section>\n\t\n\t\n  \n    <div class=\"row large-columns-4 medium-columns-3 small-columns-2 row-small\" >\n  \n\t     <div class=\"col\" >\n\t\t\t\t\t\t<div class=\"col-inner\">\n\t\t\t\t\t\t\n<div class=\"badge-container absolute left top z-1\">\n\n<\/div>\n\t\t\t\t\t\t<div class=\"product-small box has-hover box-bounce box-text-bottom\">\n\t\t\t\t\t\t\t<div class=\"box-image\" >\n\t\t\t\t\t\t\t\t<div class=\"\" >\n\t\t\t\t\t\t\t\t\t<a href=\"https:\/\/fermentis.com\/es\/producto\/neipa-new-england-ipa\/\" aria-label=\"NEIPA - New England IPA\">\n\t\t\t\t\t\t\t\t\t\t<img loading=\"lazy\" decoding=\"async\" width=\"600\" height=\"450\" src=\"https:\/\/fermentis.com\/wp-content\/uploads\/2020\/02\/Beerstyle_Plan-de-travail-1-044.jpg\" class=\"attachment-original size-original\" alt=\"NEIPA &#8211; New England IPA\" title=\"NEIPA &#8211; New England IPA\" \/>\t\t\t\t\t\t\t\t\t<\/a>\n\t\t\t\t\t\t\t\t\t\t\t\t\t\t\t\t\t\t \t\t\t\t\t\t\t\t<\/div>\n\t\t\t\t\t\t\t\t<div class=\"image-tools top right show-on-hover\">\n\t\t\t\t\t\t\t\t\t\t\t\t\t\t\t\t\t<\/div>\n\t\t\t\t\t\t\t\t\t\t\t\t\t\t\t\t\t<div class=\"image-tools grid-tools text-center hide-for-small bottom hover-slide-in show-on-hover\">\n\t\t\t\t\t\t\t\t\t\t\t\t\t\t\t\t\t\t\t<\/div>\n\t\t\t\t\t\t\t\t\t\t\t\t\t\t\t\t\t\t\t\t\t\t\t<\/div>\n\n\t\t\t\t\t\t\t<div class=\"box-text text-center\" >\n\t\t\t\t\t\t\t\t<div class=\"title-wrapper\"><p class=\"name product-title woocommerce-loop-product__title\"><a href=\"https:\/\/fermentis.com\/es\/producto\/neipa-new-england-ipa\/\" class=\"woocommerce-LoopProduct-link woocommerce-loop-product__link\">NEIPA &#8211; New England IPA<\/a><\/p><\/div><div class=\"price-wrapper\"><\/div>\t\t<p class=\"box-excerpt is-small\">\n\t\t\tLa India Pale Ale jugosa (juicy)\t\t<\/p>\n\t\t\t\t\t\t\t\t\t<\/div>\n\t\t\t\t\t\t<\/div>\n\t\t\t\t\t\t<\/div>\n\t\t\t\t\t<\/div><div class=\"col\" >\n\t\t\t\t\t\t<div class=\"col-inner\">\n\t\t\t\t\t\t\n<div class=\"badge-container absolute left top z-1\">\n\n<\/div>\n\t\t\t\t\t\t<div class=\"product-small box has-hover box-bounce box-text-bottom\">\n\t\t\t\t\t\t\t<div class=\"box-image\" >\n\t\t\t\t\t\t\t\t<div class=\"\" >\n\t\t\t\t\t\t\t\t\t<a href=\"https:\/\/fermentis.com\/es\/producto\/saison-beers\/\" aria-label=\"Saison - Estilo Farmhouse Ale\">\n\t\t\t\t\t\t\t\t\t\t<img loading=\"lazy\" decoding=\"async\" width=\"600\" height=\"450\" src=\"https:\/\/fermentis.com\/wp-content\/uploads\/2020\/10\/Beerstyle_Plan-de-travail-1-04-1.jpg\" class=\"attachment-original size-original\" alt=\"Saison &#8211; Estilo Farmhouse Ale\" title=\"Saison &#8211; Estilo Farmhouse Ale\" \/>\t\t\t\t\t\t\t\t\t<\/a>\n\t\t\t\t\t\t\t\t\t\t\t\t\t\t\t\t\t\t \t\t\t\t\t\t\t\t<\/div>\n\t\t\t\t\t\t\t\t<div class=\"image-tools top right show-on-hover\">\n\t\t\t\t\t\t\t\t\t\t\t\t\t\t\t\t\t<\/div>\n\t\t\t\t\t\t\t\t\t\t\t\t\t\t\t\t\t<div class=\"image-tools grid-tools text-center hide-for-small bottom hover-slide-in show-on-hover\">\n\t\t\t\t\t\t\t\t\t\t\t\t\t\t\t\t\t\t\t<\/div>\n\t\t\t\t\t\t\t\t\t\t\t\t\t\t\t\t\t\t\t\t\t\t\t<\/div>\n\n\t\t\t\t\t\t\t<div class=\"box-text text-center\" >\n\t\t\t\t\t\t\t\t<div class=\"title-wrapper\"><p class=\"name product-title woocommerce-loop-product__title\"><a href=\"https:\/\/fermentis.com\/es\/producto\/saison-beers\/\" class=\"woocommerce-LoopProduct-link woocommerce-loop-product__link\">Saison &#8211; Estilo Farmhouse Ale<\/a><\/p><\/div><div class=\"price-wrapper\"><\/div>\t\t<p class=\"box-excerpt is-small\">\n\t\t\tUna cerveza belga estacional\t\t<\/p>\n\t\t\t\t\t\t\t\t\t<\/div>\n\t\t\t\t\t\t<\/div>\n\t\t\t\t\t\t<\/div>\n\t\t\t\t\t<\/div><div class=\"col\" >\n\t\t\t\t\t\t<div class=\"col-inner\">\n\t\t\t\t\t\t\n<div class=\"badge-container absolute left top z-1\">\n\n<\/div>\n\t\t\t\t\t\t<div class=\"product-small box has-hover box-bounce box-text-bottom\">\n\t\t\t\t\t\t\t<div class=\"box-image\" >\n\t\t\t\t\t\t\t\t<div class=\"\" >\n\t\t\t\t\t\t\t\t\t<a href=\"https:\/\/fermentis.com\/es\/producto\/brut-ipa\/\" aria-label=\"Brut IPA\">\n\t\t\t\t\t\t\t\t\t\t<img loading=\"lazy\" decoding=\"async\" width=\"600\" height=\"450\" src=\"https:\/\/fermentis.com\/wp-content\/uploads\/2021\/07\/Beerstyle_Plan-de-travail-1-06.jpg\" class=\"attachment-original size-original\" alt=\"Brut IPA\" title=\"Brut IPA\" \/>\t\t\t\t\t\t\t\t\t<\/a>\n\t\t\t\t\t\t\t\t\t\t\t\t\t\t\t\t\t\t \t\t\t\t\t\t\t\t<\/div>\n\t\t\t\t\t\t\t\t<div class=\"image-tools top right show-on-hover\">\n\t\t\t\t\t\t\t\t\t\t\t\t\t\t\t\t\t<\/div>\n\t\t\t\t\t\t\t\t\t\t\t\t\t\t\t\t\t<div class=\"image-tools grid-tools text-center hide-for-small bottom hover-slide-in show-on-hover\">\n\t\t\t\t\t\t\t\t\t\t\t\t\t\t\t\t\t\t\t<\/div>\n\t\t\t\t\t\t\t\t\t\t\t\t\t\t\t\t\t\t\t\t\t\t\t<\/div>\n\n\t\t\t\t\t\t\t<div class=\"box-text text-center\" >\n\t\t\t\t\t\t\t\t<div class=\"title-wrapper\"><p class=\"name product-title woocommerce-loop-product__title\"><a href=\"https:\/\/fermentis.com\/es\/producto\/brut-ipa\/\" class=\"woocommerce-LoopProduct-link woocommerce-loop-product__link\">Brut IPA<\/a><\/p><\/div><div class=\"price-wrapper\"><\/div>\t\t<p class=\"box-excerpt is-small\">\n\t\t\tLa IPA seca inspirada en los vinos espumantes\t\t<\/p>\n\t\t\t\t\t\t\t\t\t<\/div>\n\t\t\t\t\t\t<\/div>\n\t\t\t\t\t\t<\/div>\n\t\t\t\t\t<\/div><div class=\"col\" >\n\t\t\t\t\t\t<div class=\"col-inner\">\n\t\t\t\t\t\t\n<div class=\"badge-container absolute left top z-1\">\n\n<\/div>\n\t\t\t\t\t\t<div class=\"product-small box has-hover box-bounce box-text-bottom\">\n\t\t\t\t\t\t\t<div class=\"box-image\" >\n\t\t\t\t\t\t\t\t<div class=\"\" >\n\t\t\t\t\t\t\t\t\t<a href=\"https:\/\/fermentis.com\/es\/producto\/american-ipa\/\" aria-label=\"American IPA\">\n\t\t\t\t\t\t\t\t\t\t<img loading=\"lazy\" decoding=\"async\" width=\"600\" height=\"450\" src=\"https:\/\/fermentis.com\/wp-content\/uploads\/2022\/11\/Beerstyle_Plan-de-travail-1-02.jpg\" class=\"attachment-original size-original\" alt=\"American IPA\" title=\"American IPA\" \/>\t\t\t\t\t\t\t\t\t<\/a>\n\t\t\t\t\t\t\t\t\t\t\t\t\t\t\t\t\t\t \t\t\t\t\t\t\t\t<\/div>\n\t\t\t\t\t\t\t\t<div class=\"image-tools top right show-on-hover\">\n\t\t\t\t\t\t\t\t\t\t\t\t\t\t\t\t\t<\/div>\n\t\t\t\t\t\t\t\t\t\t\t\t\t\t\t\t\t<div class=\"image-tools grid-tools text-center hide-for-small bottom hover-slide-in show-on-hover\">\n\t\t\t\t\t\t\t\t\t\t\t\t\t\t\t\t\t\t\t<\/div>\n\t\t\t\t\t\t\t\t\t\t\t\t\t\t\t\t\t\t\t\t\t\t\t<\/div>\n\n\t\t\t\t\t\t\t<div class=\"box-text text-center\" >\n\t\t\t\t\t\t\t\t<div class=\"title-wrapper\"><p class=\"name product-title woocommerce-loop-product__title\"><a href=\"https:\/\/fermentis.com\/es\/producto\/american-ipa\/\" class=\"woocommerce-LoopProduct-link woocommerce-loop-product__link\">American IPA<\/a><\/p><\/div><div class=\"price-wrapper\"><\/div>\t\t<p class=\"box-excerpt is-small\">\n\t\t\tLa lupulada &amp; amarga pale ale\t\t<\/p>\n\t\t\t\t\t\t\t\t\t<\/div>\n\t\t\t\t\t\t<\/div>\n\t\t\t\t\t\t<\/div>\n\t\t\t\t\t<\/div><\/div>\n","protected":false},"excerpt":{"rendered":"","protected":false},"author":2,"featured_media":0,"parent":42323,"menu_order":0,"comment_status":"closed","ping_status":"closed","template":"page-blank.php","meta":{"_acf_changed":false,"footnotes":""},"class_list":["post-42341","page","type-page","status-publish","hentry"],"acf":[],"yoast_head":"<!-- This site is optimized with the Yoast SEO Premium plugin v27.3 (Yoast SEO v27.3) - https:\/\/yoast.com\/product\/yoast-seo-premium-wordpress\/ -->\n<title>Estilos de cerveza y las mejores cepas de levadura para cada estilo - Fermentis<\/title>\n<meta name=\"description\" content=\"Si desea crear un estilo de cerveza espec\u00edfico y no sabe qu\u00e9 cepa o levadura se adapta mejor a su bebida, consulte aqu\u00ed nuestras sugerencias.\" \/>\n<meta name=\"robots\" content=\"index, follow, max-snippet:-1, max-image-preview:large, max-video-preview:-1\" \/>\n<link rel=\"canonical\" href=\"https:\/\/fermentis.com\/es\/fermentation-solutions\/beer\/styles\/\" \/>\n<meta property=\"og:locale\" content=\"es_ES\" \/>\n<meta property=\"og:type\" content=\"article\" \/>\n<meta property=\"og:title\" content=\"Estilos de cerveza\" \/>\n<meta property=\"og:description\" content=\"Si desea crear un estilo de cerveza espec\u00edfico y no sabe qu\u00e9 cepa o levadura se adapta mejor a su bebida, consulte aqu\u00ed nuestras sugerencias.\" \/>\n<meta property=\"og:url\" content=\"https:\/\/fermentis.com\/es\/fermentation-solutions\/beer\/styles\/\" \/>\n<meta property=\"og:site_name\" content=\"Fermentis\" \/>\n<meta property=\"article:publisher\" content=\"https:\/\/www.facebook.com\/Fermentis\" \/>\n<meta property=\"article:modified_time\" content=\"2026-04-07T13:42:34+00:00\" \/>\n<meta property=\"og:image\" content=\"https:\/\/fermentis.com\/wp-content\/uploads\/2021\/07\/website-v2.png\" \/>\n\t<meta property=\"og:image:width\" content=\"1903\" \/>\n\t<meta property=\"og:image:height\" content=\"901\" \/>\n\t<meta property=\"og:image:type\" content=\"image\/png\" \/>\n<meta name=\"twitter:card\" content=\"summary_large_image\" \/>\n<meta name=\"twitter:site\" content=\"@fermentis\" \/>\n<meta name=\"twitter:label1\" content=\"Tiempo de lectura\" \/>\n\t<meta name=\"twitter:data1\" content=\"1 minuto\" \/>\n<script type=\"application\/ld+json\" class=\"yoast-schema-graph\">{\"@context\":\"https:\\\/\\\/schema.org\",\"@graph\":[{\"@type\":\"WebPage\",\"@id\":\"https:\\\/\\\/fermentis.com\\\/es\\\/fermentation-solutions\\\/beer\\\/styles\\\/\",\"url\":\"https:\\\/\\\/fermentis.com\\\/es\\\/fermentation-solutions\\\/beer\\\/styles\\\/\",\"name\":\"Estilos de cerveza y las mejores cepas de levadura para cada estilo - Fermentis\",\"isPartOf\":{\"@id\":\"https:\\\/\\\/fermentis.com\\\/es\\\/#website\"},\"datePublished\":\"2020-02-13T23:00:00+00:00\",\"dateModified\":\"2026-04-07T13:42:34+00:00\",\"description\":\"Si desea crear un estilo de cerveza espec\u00edfico y no sabe qu\u00e9 cepa o levadura se adapta mejor a su bebida, consulte aqu\u00ed nuestras sugerencias.\",\"breadcrumb\":{\"@id\":\"https:\\\/\\\/fermentis.com\\\/es\\\/fermentation-solutions\\\/beer\\\/styles\\\/#breadcrumb\"},\"inLanguage\":\"es\",\"potentialAction\":[{\"@type\":\"ReadAction\",\"target\":[\"https:\\\/\\\/fermentis.com\\\/es\\\/fermentation-solutions\\\/beer\\\/styles\\\/\"]}]},{\"@type\":\"BreadcrumbList\",\"@id\":\"https:\\\/\\\/fermentis.com\\\/es\\\/fermentation-solutions\\\/beer\\\/styles\\\/#breadcrumb\",\"itemListElement\":[{\"@type\":\"ListItem\",\"position\":1,\"name\":\"Home\",\"item\":\"https:\\\/\\\/fermentis.com\\\/es\\\/\"},{\"@type\":\"ListItem\",\"position\":2,\"name\":\"Soluciones de fermentaci\u00f3n\",\"item\":\"https:\\\/\\\/fermentis.com\\\/es\\\/fermentation-solutions\\\/\"},{\"@type\":\"ListItem\",\"position\":3,\"name\":\"Cerveza\",\"item\":\"https:\\\/\\\/fermentis.com\\\/es\\\/fermentation-solutions\\\/beer-brewing-yeast\\\/\"},{\"@type\":\"ListItem\",\"position\":4,\"name\":\"Estilos de cerveza\"}]},{\"@type\":\"WebSite\",\"@id\":\"https:\\\/\\\/fermentis.com\\\/es\\\/#website\",\"url\":\"https:\\\/\\\/fermentis.com\\\/es\\\/\",\"name\":\"Fermentis\",\"description\":\"Un site utilisant WordPress\",\"publisher\":{\"@id\":\"https:\\\/\\\/fermentis.com\\\/es\\\/#organization\"},\"potentialAction\":[{\"@type\":\"SearchAction\",\"target\":{\"@type\":\"EntryPoint\",\"urlTemplate\":\"https:\\\/\\\/fermentis.com\\\/es\\\/?s={search_term_string}\"},\"query-input\":{\"@type\":\"PropertyValueSpecification\",\"valueRequired\":true,\"valueName\":\"search_term_string\"}}],\"inLanguage\":\"es\"},{\"@type\":\"Organization\",\"@id\":\"https:\\\/\\\/fermentis.com\\\/es\\\/#organization\",\"name\":\"Fermentis\",\"url\":\"https:\\\/\\\/fermentis.com\\\/es\\\/\",\"logo\":{\"@type\":\"ImageObject\",\"inLanguage\":\"es\",\"@id\":\"https:\\\/\\\/fermentis.com\\\/es\\\/#\\\/schema\\\/logo\\\/image\\\/\",\"url\":\"https:\\\/\\\/fermentis.com\\\/wp-content\\\/uploads\\\/2021\\\/07\\\/Logo-Fermentis-5.png\",\"contentUrl\":\"https:\\\/\\\/fermentis.com\\\/wp-content\\\/uploads\\\/2021\\\/07\\\/Logo-Fermentis-5.png\",\"width\":308,\"height\":95,\"caption\":\"Fermentis\"},\"image\":{\"@id\":\"https:\\\/\\\/fermentis.com\\\/es\\\/#\\\/schema\\\/logo\\\/image\\\/\"},\"sameAs\":[\"https:\\\/\\\/www.facebook.com\\\/Fermentis\",\"https:\\\/\\\/x.com\\\/fermentis\",\"https:\\\/\\\/www.instagram.com\\\/fermentisbylesaffre\\\/\",\"https:\\\/\\\/www.linkedin.com\\\/company\\\/fermentis\\\/\",\"https:\\\/\\\/www.youtube.com\\\/channel\\\/UCt_Lp3IZnUNXZeqSi6iiAdA\"]}]}<\/script>\n<meta property=\"product:price:currency\" content=\"GBP\" \/>\n<meta property=\"og:availability\" content=\"instock\" \/>\n<meta property=\"product:availability\" content=\"instock\" \/>\n<meta property=\"product:condition\" content=\"new\" \/>\n<!-- \/ Yoast SEO Premium plugin. -->","yoast_head_json":{"title":"Estilos de cerveza y las mejores cepas de levadura para cada estilo - Fermentis","description":"Si desea crear un estilo de cerveza espec\u00edfico y no sabe qu\u00e9 cepa o levadura se adapta mejor a su bebida, consulte aqu\u00ed nuestras sugerencias.","robots":{"index":"index","follow":"follow","max-snippet":"max-snippet:-1","max-image-preview":"max-image-preview:large","max-video-preview":"max-video-preview:-1"},"canonical":"https:\/\/fermentis.com\/es\/fermentation-solutions\/beer\/styles\/","og_locale":"es_ES","og_type":"article","og_title":"Estilos de cerveza","og_description":"Si desea crear un estilo de cerveza espec\u00edfico y no sabe qu\u00e9 cepa o levadura se adapta mejor a su bebida, consulte aqu\u00ed nuestras sugerencias.","og_url":"https:\/\/fermentis.com\/es\/fermentation-solutions\/beer\/styles\/","og_site_name":"Fermentis","article_publisher":"https:\/\/www.facebook.com\/Fermentis","article_modified_time":"2026-04-07T13:42:34+00:00","og_image":[{"width":1903,"height":901,"url":"https:\/\/fermentis.com\/wp-content\/uploads\/2021\/07\/website-v2.png","type":"image\/png"}],"twitter_card":"summary_large_image","twitter_site":"@fermentis","twitter_misc":{"Tiempo de lectura":"1 minuto"},"schema":{"@context":"https:\/\/schema.org","@graph":[{"@type":"WebPage","@id":"https:\/\/fermentis.com\/es\/fermentation-solutions\/beer\/styles\/","url":"https:\/\/fermentis.com\/es\/fermentation-solutions\/beer\/styles\/","name":"Estilos de cerveza y las mejores cepas de levadura para cada estilo - Fermentis","isPartOf":{"@id":"https:\/\/fermentis.com\/es\/#website"},"datePublished":"2020-02-13T23:00:00+00:00","dateModified":"2026-04-07T13:42:34+00:00","description":"Si desea crear un estilo de cerveza espec\u00edfico y no sabe qu\u00e9 cepa o levadura se adapta mejor a su bebida, consulte aqu\u00ed nuestras sugerencias.","breadcrumb":{"@id":"https:\/\/fermentis.com\/es\/fermentation-solutions\/beer\/styles\/#breadcrumb"},"inLanguage":"es","potentialAction":[{"@type":"ReadAction","target":["https:\/\/fermentis.com\/es\/fermentation-solutions\/beer\/styles\/"]}]},{"@type":"BreadcrumbList","@id":"https:\/\/fermentis.com\/es\/fermentation-solutions\/beer\/styles\/#breadcrumb","itemListElement":[{"@type":"ListItem","position":1,"name":"Home","item":"https:\/\/fermentis.com\/es\/"},{"@type":"ListItem","position":2,"name":"Soluciones de fermentaci\u00f3n","item":"https:\/\/fermentis.com\/es\/fermentation-solutions\/"},{"@type":"ListItem","position":3,"name":"Cerveza","item":"https:\/\/fermentis.com\/es\/fermentation-solutions\/beer-brewing-yeast\/"},{"@type":"ListItem","position":4,"name":"Estilos de cerveza"}]},{"@type":"WebSite","@id":"https:\/\/fermentis.com\/es\/#website","url":"https:\/\/fermentis.com\/es\/","name":"Fermentis","description":"Un site utilisant WordPress","publisher":{"@id":"https:\/\/fermentis.com\/es\/#organization"},"potentialAction":[{"@type":"SearchAction","target":{"@type":"EntryPoint","urlTemplate":"https:\/\/fermentis.com\/es\/?s={search_term_string}"},"query-input":{"@type":"PropertyValueSpecification","valueRequired":true,"valueName":"search_term_string"}}],"inLanguage":"es"},{"@type":"Organization","@id":"https:\/\/fermentis.com\/es\/#organization","name":"Fermentis","url":"https:\/\/fermentis.com\/es\/","logo":{"@type":"ImageObject","inLanguage":"es","@id":"https:\/\/fermentis.com\/es\/#\/schema\/logo\/image\/","url":"https:\/\/fermentis.com\/wp-content\/uploads\/2021\/07\/Logo-Fermentis-5.png","contentUrl":"https:\/\/fermentis.com\/wp-content\/uploads\/2021\/07\/Logo-Fermentis-5.png","width":308,"height":95,"caption":"Fermentis"},"image":{"@id":"https:\/\/fermentis.com\/es\/#\/schema\/logo\/image\/"},"sameAs":["https:\/\/www.facebook.com\/Fermentis","https:\/\/x.com\/fermentis","https:\/\/www.instagram.com\/fermentisbylesaffre\/","https:\/\/www.linkedin.com\/company\/fermentis\/","https:\/\/www.youtube.com\/channel\/UCt_Lp3IZnUNXZeqSi6iiAdA"]}]},"product_price_currency":"GBP","og_availability":"instock","product_availability":"instock","product_condition":"new"},"_links":{"self":[{"href":"https:\/\/fermentis.com\/es\/wp-json\/wp\/v2\/pages\/42341","targetHints":{"allow":["GET"]}}],"collection":[{"href":"https:\/\/fermentis.com\/es\/wp-json\/wp\/v2\/pages"}],"about":[{"href":"https:\/\/fermentis.com\/es\/wp-json\/wp\/v2\/types\/page"}],"author":[{"embeddable":true,"href":"https:\/\/fermentis.com\/es\/wp-json\/wp\/v2\/users\/2"}],"replies":[{"embeddable":true,"href":"https:\/\/fermentis.com\/es\/wp-json\/wp\/v2\/comments?post=42341"}],"version-history":[{"count":1445,"href":"https:\/\/fermentis.com\/es\/wp-json\/wp\/v2\/pages\/42341\/revisions"}],"predecessor-version":[{"id":713442,"href":"https:\/\/fermentis.com\/es\/wp-json\/wp\/v2\/pages\/42341\/revisions\/713442"}],"up":[{"embeddable":true,"href":"https:\/\/fermentis.com\/es\/wp-json\/wp\/v2\/pages\/42323"}],"wp:attachment":[{"href":"https:\/\/fermentis.com\/es\/wp-json\/wp\/v2\/media?parent=42341"}],"curies":[{"name":"wp","href":"https:\/\/api.w.org\/{rel}","templated":true}]}}