{"id":42371,"date":"2020-02-27T00:00:00","date_gmt":"2020-02-26T23:00:00","guid":{"rendered":"https:\/\/fermentis.com\/fermentation-solutions\/cider\/"},"modified":"2026-04-02T20:01:36","modified_gmt":"2026-04-02T18:01:36","slug":"cider","status":"publish","type":"page","link":"https:\/\/fermentis.com\/es\/fermentation-solutions\/cider\/","title":{"rendered":"Sidra"},"content":{"rendered":"\n\t<section class=\"section\" id=\"section_1532600450\">\n\t\t<div class=\"section-bg fill\" >\n\t\t\t\t\t\t\t\t\t\n\t\t\t\n\n\t\t<\/div>\n\n\t\t\n\n\t\t<div class=\"section-content relative\">\n\t\t\t\n<div class=\"row row-small row-full-width\"  id=\"row-368210123\">\n\n\t<div id=\"col-741408658\" class=\"col small-12 large-12\"  >\n\t\t\t\t<div class=\"col-inner\"  >\n\t\t\t\n\t\t\t\n\n  <div class=\"banner has-hover\" id=\"banner-1457452586\">\n          <div class=\"banner-inner fill\">\n        <div class=\"banner-bg fill\" >\n            <img loading=\"lazy\" decoding=\"async\" width=\"1400\" height=\"933\" src=\"https:\/\/fermentis.com\/wp-content\/uploads\/2020\/03\/cider-background.jpg\" class=\"bg attachment-original size-original\" alt=\"\" \/>                        <div class=\"overlay\"><\/div>            \n                    <\/div>\n\t\t\n        <div class=\"banner-layers container\">\n            <div class=\"fill banner-link\"><\/div>            \n   <div id=\"text-box-1192323332\" class=\"text-box banner-layer x10 md-x10 lg-x10 y50 md-y50 lg-y50 res-text\">\n                                <div class=\"text-box-content text dark\">\n              \n              <div class=\"text-inner text-left\">\n                  \n<h2><span style=\"font-size: 90%\"><strong>Elaboraci\u00f3n de la sidra<\/strong><\/span><\/h2>\n<p><span style=\"font-size: 90%\">Consulte nuestra gama de productos, est\u00e9 atento a nuestros \u00faltimos lanzamientos o navegue por nuestra gu\u00eda de elaboraci\u00f3n de sidra para encontrar la cepa de levadura que necesite.<\/span><\/p>\n<a href=\"https:\/\/fermentis.com\/es\/fermentation\/active-dry-yeast-cider-es\/\" class=\"button white\" >\n\t\t<span>GAMA PARA SIDRAS<\/span>\n\t<\/a>\n\n<a href=\"https:\/\/fermentis.com\/es\/contact\/\" class=\"button white is-outline\" >\n\t\t<span>CONSULTE<\/span>\n\t<\/a>\n\n              <\/div>\n           <\/div>\n                            \n<style>\n#text-box-1192323332 {\n  width: 62%;\n}\n#text-box-1192323332 .text-box-content {\n  font-size: 100%;\n}\n@media (min-width:550px) {\n  #text-box-1192323332 {\n    width: 45%;\n  }\n}\n<\/style>\n    <\/div>\n \n        <\/div>\n      <\/div>\n\n            \n<style>\n#banner-1457452586 {\n  padding-top: 450px;\n}\n#banner-1457452586 .overlay {\n  background-color: rgba(0,0,0,.5);\n}\n#banner-1457452586 .banner-bg img {\n  object-position: 0% 0%;\n}\n@media (min-width:550px) {\n  #banner-1457452586 {\n    padding-top: 550px;\n  }\n}\n<\/style>\n  <\/div>\n\n\n\t\t<\/div>\n\t\t\t\t\t<\/div>\n\n\t\n<\/div>\n\t\t<\/div>\n\n\t\t\n<style>\n#section_1532600450 {\n  padding-top: 0px;\n  padding-bottom: 0px;\n}\n<\/style>\n\t<\/section>\n\t\n","protected":false},"excerpt":{"rendered":"","protected":false},"author":2,"featured_media":0,"parent":42304,"menu_order":0,"comment_status":"closed","ping_status":"closed","template":"page-blank.php","meta":{"_acf_changed":false,"footnotes":""},"class_list":["post-42371","page","type-page","status-publish","hentry"],"acf":[],"yoast_head":"<!-- This site is optimized with the Yoast SEO Premium plugin v27.3 (Yoast SEO v27.3) - https:\/\/yoast.com\/product\/yoast-seo-premium-wordpress\/ -->\n<title>Soluciones de fermentaci\u00f3n para sidra - Levaduras para elaboraci\u00f3n de sidra - Fermentis<\/title>\n<meta name=\"description\" content=\"Estas son todas nuestras soluciones de fermentaci\u00f3n de sidra con una variada gama de levaduras para cubrir sus necesidades para cualquier tipo de sidra que desee elaborar.\" \/>\n<meta name=\"robots\" content=\"index, follow, max-snippet:-1, max-image-preview:large, max-video-preview:-1\" \/>\n<link rel=\"canonical\" href=\"https:\/\/fermentis.com\/es\/fermentation-solutions\/cider\/\" \/>\n<meta property=\"og:locale\" content=\"es_ES\" \/>\n<meta property=\"og:type\" content=\"article\" \/>\n<meta property=\"og:title\" content=\"Sidra\" \/>\n<meta property=\"og:description\" content=\"Estas son todas nuestras soluciones de fermentaci\u00f3n de sidra con una variada gama de levaduras para cubrir sus necesidades para cualquier tipo de sidra que desee elaborar.\" \/>\n<meta property=\"og:url\" content=\"https:\/\/fermentis.com\/es\/fermentation-solutions\/cider\/\" \/>\n<meta property=\"og:site_name\" content=\"Fermentis\" \/>\n<meta property=\"article:publisher\" content=\"https:\/\/www.facebook.com\/Fermentis\" \/>\n<meta property=\"article:modified_time\" content=\"2026-04-02T18:01:36+00:00\" \/>\n<meta property=\"og:image\" content=\"https:\/\/fermentis.com\/wp-content\/uploads\/2021\/07\/website-v2.png\" \/>\n\t<meta property=\"og:image:width\" content=\"1903\" \/>\n\t<meta property=\"og:image:height\" content=\"901\" \/>\n\t<meta property=\"og:image:type\" content=\"image\/png\" \/>\n<meta name=\"twitter:card\" content=\"summary_large_image\" \/>\n<meta name=\"twitter:site\" content=\"@fermentis\" \/>\n<meta name=\"twitter:label1\" content=\"Tiempo de lectura\" \/>\n\t<meta name=\"twitter:data1\" content=\"1 minuto\" \/>\n<script type=\"application\/ld+json\" class=\"yoast-schema-graph\">{\"@context\":\"https:\\\/\\\/schema.org\",\"@graph\":[{\"@type\":\"WebPage\",\"@id\":\"https:\\\/\\\/fermentis.com\\\/es\\\/fermentation-solutions\\\/cider\\\/\",\"url\":\"https:\\\/\\\/fermentis.com\\\/es\\\/fermentation-solutions\\\/cider\\\/\",\"name\":\"Soluciones de fermentaci\u00f3n para sidra - Levaduras para elaboraci\u00f3n de sidra - Fermentis\",\"isPartOf\":{\"@id\":\"https:\\\/\\\/fermentis.com\\\/es\\\/#website\"},\"datePublished\":\"2020-02-26T23:00:00+00:00\",\"dateModified\":\"2026-04-02T18:01:36+00:00\",\"description\":\"Estas son todas nuestras soluciones de fermentaci\u00f3n de sidra con una variada gama de levaduras para cubrir sus necesidades para cualquier tipo de sidra que desee elaborar.\",\"breadcrumb\":{\"@id\":\"https:\\\/\\\/fermentis.com\\\/es\\\/fermentation-solutions\\\/cider\\\/#breadcrumb\"},\"inLanguage\":\"es\",\"potentialAction\":[{\"@type\":\"ReadAction\",\"target\":[\"https:\\\/\\\/fermentis.com\\\/es\\\/fermentation-solutions\\\/cider\\\/\"]}]},{\"@type\":\"BreadcrumbList\",\"@id\":\"https:\\\/\\\/fermentis.com\\\/es\\\/fermentation-solutions\\\/cider\\\/#breadcrumb\",\"itemListElement\":[{\"@type\":\"ListItem\",\"position\":1,\"name\":\"Home\",\"item\":\"https:\\\/\\\/fermentis.com\\\/es\\\/\"},{\"@type\":\"ListItem\",\"position\":2,\"name\":\"Soluciones de fermentaci\u00f3n\",\"item\":\"https:\\\/\\\/fermentis.com\\\/es\\\/fermentation-solutions\\\/\"},{\"@type\":\"ListItem\",\"position\":3,\"name\":\"Sidra\"}]},{\"@type\":\"WebSite\",\"@id\":\"https:\\\/\\\/fermentis.com\\\/es\\\/#website\",\"url\":\"https:\\\/\\\/fermentis.com\\\/es\\\/\",\"name\":\"Fermentis\",\"description\":\"Un site utilisant WordPress\",\"publisher\":{\"@id\":\"https:\\\/\\\/fermentis.com\\\/es\\\/#organization\"},\"potentialAction\":[{\"@type\":\"SearchAction\",\"target\":{\"@type\":\"EntryPoint\",\"urlTemplate\":\"https:\\\/\\\/fermentis.com\\\/es\\\/?s={search_term_string}\"},\"query-input\":{\"@type\":\"PropertyValueSpecification\",\"valueRequired\":true,\"valueName\":\"search_term_string\"}}],\"inLanguage\":\"es\"},{\"@type\":\"Organization\",\"@id\":\"https:\\\/\\\/fermentis.com\\\/es\\\/#organization\",\"name\":\"Fermentis\",\"url\":\"https:\\\/\\\/fermentis.com\\\/es\\\/\",\"logo\":{\"@type\":\"ImageObject\",\"inLanguage\":\"es\",\"@id\":\"https:\\\/\\\/fermentis.com\\\/es\\\/#\\\/schema\\\/logo\\\/image\\\/\",\"url\":\"https:\\\/\\\/fermentis.com\\\/wp-content\\\/uploads\\\/2021\\\/07\\\/Logo-Fermentis-5.png\",\"contentUrl\":\"https:\\\/\\\/fermentis.com\\\/wp-content\\\/uploads\\\/2021\\\/07\\\/Logo-Fermentis-5.png\",\"width\":308,\"height\":95,\"caption\":\"Fermentis\"},\"image\":{\"@id\":\"https:\\\/\\\/fermentis.com\\\/es\\\/#\\\/schema\\\/logo\\\/image\\\/\"},\"sameAs\":[\"https:\\\/\\\/www.facebook.com\\\/Fermentis\",\"https:\\\/\\\/x.com\\\/fermentis\",\"https:\\\/\\\/www.instagram.com\\\/fermentisbylesaffre\\\/\",\"https:\\\/\\\/www.linkedin.com\\\/company\\\/fermentis\\\/\",\"https:\\\/\\\/www.youtube.com\\\/channel\\\/UCt_Lp3IZnUNXZeqSi6iiAdA\"]}]}<\/script>\n<!-- \/ Yoast SEO Premium plugin. -->","yoast_head_json":{"title":"Soluciones de fermentaci\u00f3n para sidra - Levaduras para elaboraci\u00f3n de sidra - Fermentis","description":"Estas son todas nuestras soluciones de fermentaci\u00f3n de sidra con una variada gama de levaduras para cubrir sus necesidades para cualquier tipo de sidra que desee elaborar.","robots":{"index":"index","follow":"follow","max-snippet":"max-snippet:-1","max-image-preview":"max-image-preview:large","max-video-preview":"max-video-preview:-1"},"canonical":"https:\/\/fermentis.com\/es\/fermentation-solutions\/cider\/","og_locale":"es_ES","og_type":"article","og_title":"Sidra","og_description":"Estas son todas nuestras soluciones de fermentaci\u00f3n de sidra con una variada gama de levaduras para cubrir sus necesidades para cualquier tipo de sidra que desee elaborar.","og_url":"https:\/\/fermentis.com\/es\/fermentation-solutions\/cider\/","og_site_name":"Fermentis","article_publisher":"https:\/\/www.facebook.com\/Fermentis","article_modified_time":"2026-04-02T18:01:36+00:00","og_image":[{"width":1903,"height":901,"url":"https:\/\/fermentis.com\/wp-content\/uploads\/2021\/07\/website-v2.png","type":"image\/png"}],"twitter_card":"summary_large_image","twitter_site":"@fermentis","twitter_misc":{"Tiempo de lectura":"1 minuto"},"schema":{"@context":"https:\/\/schema.org","@graph":[{"@type":"WebPage","@id":"https:\/\/fermentis.com\/es\/fermentation-solutions\/cider\/","url":"https:\/\/fermentis.com\/es\/fermentation-solutions\/cider\/","name":"Soluciones de fermentaci\u00f3n para sidra - Levaduras para elaboraci\u00f3n de sidra - Fermentis","isPartOf":{"@id":"https:\/\/fermentis.com\/es\/#website"},"datePublished":"2020-02-26T23:00:00+00:00","dateModified":"2026-04-02T18:01:36+00:00","description":"Estas son todas nuestras soluciones de fermentaci\u00f3n de sidra con una variada gama de levaduras para cubrir sus necesidades para cualquier tipo de sidra que desee elaborar.","breadcrumb":{"@id":"https:\/\/fermentis.com\/es\/fermentation-solutions\/cider\/#breadcrumb"},"inLanguage":"es","potentialAction":[{"@type":"ReadAction","target":["https:\/\/fermentis.com\/es\/fermentation-solutions\/cider\/"]}]},{"@type":"BreadcrumbList","@id":"https:\/\/fermentis.com\/es\/fermentation-solutions\/cider\/#breadcrumb","itemListElement":[{"@type":"ListItem","position":1,"name":"Home","item":"https:\/\/fermentis.com\/es\/"},{"@type":"ListItem","position":2,"name":"Soluciones de fermentaci\u00f3n","item":"https:\/\/fermentis.com\/es\/fermentation-solutions\/"},{"@type":"ListItem","position":3,"name":"Sidra"}]},{"@type":"WebSite","@id":"https:\/\/fermentis.com\/es\/#website","url":"https:\/\/fermentis.com\/es\/","name":"Fermentis","description":"Un site utilisant WordPress","publisher":{"@id":"https:\/\/fermentis.com\/es\/#organization"},"potentialAction":[{"@type":"SearchAction","target":{"@type":"EntryPoint","urlTemplate":"https:\/\/fermentis.com\/es\/?s={search_term_string}"},"query-input":{"@type":"PropertyValueSpecification","valueRequired":true,"valueName":"search_term_string"}}],"inLanguage":"es"},{"@type":"Organization","@id":"https:\/\/fermentis.com\/es\/#organization","name":"Fermentis","url":"https:\/\/fermentis.com\/es\/","logo":{"@type":"ImageObject","inLanguage":"es","@id":"https:\/\/fermentis.com\/es\/#\/schema\/logo\/image\/","url":"https:\/\/fermentis.com\/wp-content\/uploads\/2021\/07\/Logo-Fermentis-5.png","contentUrl":"https:\/\/fermentis.com\/wp-content\/uploads\/2021\/07\/Logo-Fermentis-5.png","width":308,"height":95,"caption":"Fermentis"},"image":{"@id":"https:\/\/fermentis.com\/es\/#\/schema\/logo\/image\/"},"sameAs":["https:\/\/www.facebook.com\/Fermentis","https:\/\/x.com\/fermentis","https:\/\/www.instagram.com\/fermentisbylesaffre\/","https:\/\/www.linkedin.com\/company\/fermentis\/","https:\/\/www.youtube.com\/channel\/UCt_Lp3IZnUNXZeqSi6iiAdA"]}]}},"_links":{"self":[{"href":"https:\/\/fermentis.com\/es\/wp-json\/wp\/v2\/pages\/42371","targetHints":{"allow":["GET"]}}],"collection":[{"href":"https:\/\/fermentis.com\/es\/wp-json\/wp\/v2\/pages"}],"about":[{"href":"https:\/\/fermentis.com\/es\/wp-json\/wp\/v2\/types\/page"}],"author":[{"embeddable":true,"href":"https:\/\/fermentis.com\/es\/wp-json\/wp\/v2\/users\/2"}],"replies":[{"embeddable":true,"href":"https:\/\/fermentis.com\/es\/wp-json\/wp\/v2\/comments?post=42371"}],"version-history":[{"count":2611,"href":"https:\/\/fermentis.com\/es\/wp-json\/wp\/v2\/pages\/42371\/revisions"}],"predecessor-version":[{"id":712084,"href":"https:\/\/fermentis.com\/es\/wp-json\/wp\/v2\/pages\/42371\/revisions\/712084"}],"up":[{"embeddable":true,"href":"https:\/\/fermentis.com\/es\/wp-json\/wp\/v2\/pages\/42304"}],"wp:attachment":[{"href":"https:\/\/fermentis.com\/es\/wp-json\/wp\/v2\/media?parent=42371"}],"curies":[{"name":"wp","href":"https:\/\/api.w.org\/{rel}","templated":true}]}}