{"id":42708,"date":"2020-03-16T00:00:00","date_gmt":"2020-03-15T23:00:00","guid":{"rendered":"https:\/\/fermentis.com\/knowledge-center\/expert-insights\/"},"modified":"2026-04-12T23:10:32","modified_gmt":"2026-04-12T21:10:32","slug":"expert-insights","status":"publish","type":"page","link":"https:\/\/fermentis.com\/es\/knowledge-center\/expert-insights\/","title":{"rendered":"Opiniones de expertos"},"content":{"rendered":"\n  <div class=\"banner has-hover\" id=\"banner-1747377578\">\n          <div class=\"banner-inner fill\">\n        <div class=\"banner-bg fill\" >\n                                                \n                    <\/div>\n\t\t\n        <div class=\"banner-layers container\">\n            <div class=\"fill banner-link\"><\/div>            \n   <div id=\"text-box-549443876\" class=\"text-box banner-layer x50 md-x50 lg-x50 y50 md-y50 lg-y50 res-text\">\n                                <div class=\"text-box-content text \">\n              \n              <div class=\"text-inner text-center\">\n                  \n<h1><span style=\"font-size: 80%\"><strong>Opiniones de expertos<\/strong><\/span><\/h1>\n\t<div id=\"gap-1831307371\" class=\"gap-element clearfix\" style=\"display:block; height:auto;\">\n\t\t\n<style>\n#gap-1831307371 {\n  padding-top: &quot;15px&quot;;\n}\n<\/style>\n\t<\/div>\n\t\n<p>Levaduras secas activas, bacterias, enzimas&#8230; se trata de microorganismos muy interesantes, que requieren conocimientos avanzados para dominar todas sus complejidades. Para ayudar a nuestros clientes a sacar el m\u00e1ximo partido de nuestros productos, siempre hemos querido compartir toda la informaci\u00f3n posible sobre ellos. Hemos recopilado parte de esta informaci\u00f3n aqu\u00ed. No dude en consultar lo que desee.<\/p>\n              <\/div>\n           <\/div>\n                            \n<style>\n#text-box-549443876 {\n  width: 81%;\n}\n#text-box-549443876 .text-box-content {\n  font-size: 100%;\n}\n<\/style>\n    <\/div>\n \n        <\/div>\n      <\/div>\n\n            \n<style>\n#banner-1747377578 {\n  padding-top: 280px;\n  background-color: rgb(255,255,255);\n}\n<\/style>\n  <\/div>\n\n\n\n\t<section class=\"section\" id=\"section_715250738\">\n\t\t<div class=\"section-bg fill\" >\n\t\t\t\t\t\t\t\t\t\n\t\t\t\n\n\t\t<\/div>\n\n\t\t\n\n\t\t<div class=\"section-content relative\">\n\t\t\t\n<div class=\"row\"  id=\"row-180952310\">\n\n\t<div id=\"col-1971549685\" class=\"col small-12 large-12\"  >\n\t\t\t\t<div class=\"col-inner\"  >\n\t\t\t\n\t\t\t\n\n\t\t<div class=\"tabbed-content\">\n\t\t\t\n\t\t\t<ul class=\"nav nav-tabs nav-uppercase nav-size-normal nav-left\" role=\"tablist\"><li id=\"tab-cerveza-&amp;-elaboraci\u00f3n\" class=\"tab active has-icon\" role=\"presentation\"><a href=\"#tab_cerveza-&amp;-elaboraci\u00f3n\" role=\"tab\" aria-selected=\"true\" aria-controls=\"tab_cerveza-&amp;-elaboraci\u00f3n\"><span>Cerveza &amp; Elaboraci\u00f3n<\/span><\/a><\/li>\n<li id=\"tab-elaboraci\u00f3n-del-vino\" class=\"tab has-icon\" role=\"presentation\"><a href=\"#tab_elaboraci\u00f3n-del-vino\" tabindex=\"-1\" role=\"tab\" aria-selected=\"false\" aria-controls=\"tab_elaboraci\u00f3n-del-vino\"><span>Elaboraci\u00f3n del vino<\/span><\/a><\/li>\n<li id=\"tab-elaboraci\u00f3n-de-la-sidra\" class=\"tab has-icon\" role=\"presentation\"><a href=\"#tab_elaboraci\u00f3n-de-la-sidra\" tabindex=\"-1\" role=\"tab\" aria-selected=\"false\" aria-controls=\"tab_elaboraci\u00f3n-de-la-sidra\"><span>Elaboraci\u00f3n de la sidra<\/span><\/a><\/li>\n<li id=\"tab-elaboraci\u00f3n-de-destilados\" class=\"tab has-icon\" role=\"presentation\"><a href=\"#tab_elaboraci\u00f3n-de-destilados\" tabindex=\"-1\" role=\"tab\" aria-selected=\"false\" aria-controls=\"tab_elaboraci\u00f3n-de-destilados\"><span>Elaboraci\u00f3n de destilados<\/span><\/a><\/li>\n<li id=\"tab-#superioryeast\" class=\"tab has-icon\" role=\"presentation\"><a href=\"#tab_#superioryeast\" tabindex=\"-1\" role=\"tab\" aria-selected=\"false\" aria-controls=\"tab_#superioryeast\"><span>#SuperiorYeast<\/span><\/a><\/li><\/ul><div class=\"tab-panels\"><div id=\"tab_cerveza-&amp;-elaboraci\u00f3n\" class=\"panel active entry-content\" role=\"tabpanel\" aria-labelledby=\"tab-cerveza-&amp;-elaboraci\u00f3n\">\n<p class=\"lead shortcode-error text-center\">Sorry, no pages was found<\/p>\n  \n    <div class=\"row large-columns-8 medium-columns-3 small-columns-2 has-shadow row-box-shadow-1 row-box-shadow-2-hover\" >\n  <\/div>\n<\/div>\n<div id=\"tab_elaboraci\u00f3n-del-vino\" class=\"panel entry-content\" role=\"tabpanel\" aria-labelledby=\"tab-elaboraci\u00f3n-del-vino\">\n<p class=\"lead shortcode-error text-center\">Sorry, no pages was found<\/p>\n  \n    <div class=\"row large-columns-8 medium-columns-3 small-columns-2 has-shadow row-box-shadow-1 row-box-shadow-2-hover\" >\n  <\/div>\n<\/div>\n<div id=\"tab_elaboraci\u00f3n-de-la-sidra\" class=\"panel entry-content\" role=\"tabpanel\" aria-labelledby=\"tab-elaboraci\u00f3n-de-la-sidra\">\n<p class=\"lead shortcode-error text-center\">Sorry, no pages was found<\/p>\n  \n    <div class=\"row large-columns-8 medium-columns-3 small-columns-2 has-shadow row-box-shadow-1 row-box-shadow-2-hover\" >\n  <\/div>\n<\/div>\n<div id=\"tab_elaboraci\u00f3n-de-destilados\" class=\"panel entry-content\" role=\"tabpanel\" aria-labelledby=\"tab-elaboraci\u00f3n-de-destilados\">\n<p class=\"lead shortcode-error text-center\">Sorry, no pages was found<\/p>\n  \n    <div class=\"row large-columns-8 medium-columns-3 small-columns-2 has-shadow row-box-shadow-1 row-box-shadow-2-hover\" >\n  <\/div>\n<\/div>\n<div id=\"tab_#superioryeast\" class=\"panel entry-content\" role=\"tabpanel\" aria-labelledby=\"tab-#superioryeast\">\n<p class=\"lead shortcode-error text-center\">Sorry, no pages was found<\/p>\n  \n    <div class=\"row large-columns-8 medium-columns-3 small-columns-2 has-shadow row-box-shadow-1 row-box-shadow-2-hover\" >\n  <\/div>\n<\/div><\/div><\/div>\n\t\t<\/div>\n\t\t\t\t\t<\/div>\n\n\t\n<\/div>\n\t\t<\/div>\n\n\t\t\n<style>\n#section_715250738 {\n  padding-top: 30px;\n  padding-bottom: 30px;\n}\n<\/style>\n\t<\/section>\n\t\n","protected":false},"excerpt":{"rendered":"","protected":false},"author":2,"featured_media":0,"parent":42672,"menu_order":0,"comment_status":"closed","ping_status":"open","template":"page-blank.php","meta":{"_acf_changed":false,"footnotes":""},"class_list":["post-42708","page","type-page","status-publish","hentry"],"acf":[],"yoast_head":"<!-- This site is optimized with the Yoast SEO Premium plugin v27.3 (Yoast SEO v27.3) - https:\/\/yoast.com\/product\/yoast-seo-premium-wordpress\/ -->\n<title>Opiniones de expertos - Fermentis<\/title>\n<meta name=\"description\" content=\"La visi\u00f3n experta est\u00e1 pensada para que usted obtenga los conocimientos avanzados de nuestros expertos y pueda elegir el producto adecuado para su bebida fermentada.\" \/>\n<meta name=\"robots\" content=\"index, follow, max-snippet:-1, max-image-preview:large, max-video-preview:-1\" \/>\n<link rel=\"canonical\" href=\"https:\/\/fermentis.com\/es\/knowledge-center\/expert-insights\/\" \/>\n<meta property=\"og:locale\" content=\"es_ES\" \/>\n<meta property=\"og:type\" content=\"article\" \/>\n<meta property=\"og:title\" content=\"Opiniones de expertos\" \/>\n<meta property=\"og:description\" content=\"La visi\u00f3n experta est\u00e1 pensada para que usted obtenga los conocimientos avanzados de nuestros expertos y pueda elegir el producto adecuado para su bebida fermentada.\" \/>\n<meta property=\"og:url\" content=\"https:\/\/fermentis.com\/es\/knowledge-center\/expert-insights\/\" \/>\n<meta property=\"og:site_name\" content=\"Fermentis\" \/>\n<meta property=\"article:publisher\" content=\"https:\/\/www.facebook.com\/Fermentis\" \/>\n<meta property=\"article:modified_time\" content=\"2026-04-12T21:10:32+00:00\" \/>\n<meta property=\"og:image\" content=\"https:\/\/fermentis.com\/wp-content\/uploads\/2021\/07\/website-v2.png\" \/>\n\t<meta property=\"og:image:width\" content=\"1903\" \/>\n\t<meta property=\"og:image:height\" content=\"901\" \/>\n\t<meta property=\"og:image:type\" content=\"image\/png\" \/>\n<meta name=\"twitter:card\" content=\"summary_large_image\" \/>\n<meta name=\"twitter:site\" content=\"@fermentis\" \/>\n<meta name=\"twitter:label1\" content=\"Tiempo de lectura\" \/>\n\t<meta name=\"twitter:data1\" content=\"1 minuto\" \/>\n<script type=\"application\/ld+json\" class=\"yoast-schema-graph\">{\"@context\":\"https:\\\/\\\/schema.org\",\"@graph\":[{\"@type\":\"WebPage\",\"@id\":\"https:\\\/\\\/fermentis.com\\\/es\\\/knowledge-center\\\/expert-insights\\\/\",\"url\":\"https:\\\/\\\/fermentis.com\\\/es\\\/knowledge-center\\\/expert-insights\\\/\",\"name\":\"Opiniones de expertos - Fermentis\",\"isPartOf\":{\"@id\":\"https:\\\/\\\/fermentis.com\\\/es\\\/#website\"},\"datePublished\":\"2020-03-15T23:00:00+00:00\",\"dateModified\":\"2026-04-12T21:10:32+00:00\",\"description\":\"La visi\u00f3n experta est\u00e1 pensada para que usted obtenga los conocimientos avanzados de nuestros expertos y pueda elegir el producto adecuado para su bebida fermentada.\",\"breadcrumb\":{\"@id\":\"https:\\\/\\\/fermentis.com\\\/es\\\/knowledge-center\\\/expert-insights\\\/#breadcrumb\"},\"inLanguage\":\"es\",\"potentialAction\":[{\"@type\":\"ReadAction\",\"target\":[\"https:\\\/\\\/fermentis.com\\\/es\\\/knowledge-center\\\/expert-insights\\\/\"]}]},{\"@type\":\"BreadcrumbList\",\"@id\":\"https:\\\/\\\/fermentis.com\\\/es\\\/knowledge-center\\\/expert-insights\\\/#breadcrumb\",\"itemListElement\":[{\"@type\":\"ListItem\",\"position\":1,\"name\":\"Home\",\"item\":\"https:\\\/\\\/fermentis.com\\\/es\\\/\"},{\"@type\":\"ListItem\",\"position\":2,\"name\":\"Centro de conocimiento\",\"item\":\"https:\\\/\\\/fermentis.com\\\/es\\\/knowledge-center\\\/\"},{\"@type\":\"ListItem\",\"position\":3,\"name\":\"Opiniones de expertos\"}]},{\"@type\":\"WebSite\",\"@id\":\"https:\\\/\\\/fermentis.com\\\/es\\\/#website\",\"url\":\"https:\\\/\\\/fermentis.com\\\/es\\\/\",\"name\":\"Fermentis\",\"description\":\"Un site utilisant WordPress\",\"publisher\":{\"@id\":\"https:\\\/\\\/fermentis.com\\\/es\\\/#organization\"},\"potentialAction\":[{\"@type\":\"SearchAction\",\"target\":{\"@type\":\"EntryPoint\",\"urlTemplate\":\"https:\\\/\\\/fermentis.com\\\/es\\\/?s={search_term_string}\"},\"query-input\":{\"@type\":\"PropertyValueSpecification\",\"valueRequired\":true,\"valueName\":\"search_term_string\"}}],\"inLanguage\":\"es\"},{\"@type\":\"Organization\",\"@id\":\"https:\\\/\\\/fermentis.com\\\/es\\\/#organization\",\"name\":\"Fermentis\",\"url\":\"https:\\\/\\\/fermentis.com\\\/es\\\/\",\"logo\":{\"@type\":\"ImageObject\",\"inLanguage\":\"es\",\"@id\":\"https:\\\/\\\/fermentis.com\\\/es\\\/#\\\/schema\\\/logo\\\/image\\\/\",\"url\":\"https:\\\/\\\/fermentis.com\\\/wp-content\\\/uploads\\\/2021\\\/07\\\/Logo-Fermentis-5.png\",\"contentUrl\":\"https:\\\/\\\/fermentis.com\\\/wp-content\\\/uploads\\\/2021\\\/07\\\/Logo-Fermentis-5.png\",\"width\":308,\"height\":95,\"caption\":\"Fermentis\"},\"image\":{\"@id\":\"https:\\\/\\\/fermentis.com\\\/es\\\/#\\\/schema\\\/logo\\\/image\\\/\"},\"sameAs\":[\"https:\\\/\\\/www.facebook.com\\\/Fermentis\",\"https:\\\/\\\/x.com\\\/fermentis\",\"https:\\\/\\\/www.instagram.com\\\/fermentisbylesaffre\\\/\",\"https:\\\/\\\/www.linkedin.com\\\/company\\\/fermentis\\\/\",\"https:\\\/\\\/www.youtube.com\\\/channel\\\/UCt_Lp3IZnUNXZeqSi6iiAdA\"]}]}<\/script>\n<!-- \/ Yoast SEO Premium plugin. -->","yoast_head_json":{"title":"Opiniones de expertos - Fermentis","description":"La visi\u00f3n experta est\u00e1 pensada para que usted obtenga los conocimientos avanzados de nuestros expertos y pueda elegir el producto adecuado para su bebida fermentada.","robots":{"index":"index","follow":"follow","max-snippet":"max-snippet:-1","max-image-preview":"max-image-preview:large","max-video-preview":"max-video-preview:-1"},"canonical":"https:\/\/fermentis.com\/es\/knowledge-center\/expert-insights\/","og_locale":"es_ES","og_type":"article","og_title":"Opiniones de expertos","og_description":"La visi\u00f3n experta est\u00e1 pensada para que usted obtenga los conocimientos avanzados de nuestros expertos y pueda elegir el producto adecuado para su bebida fermentada.","og_url":"https:\/\/fermentis.com\/es\/knowledge-center\/expert-insights\/","og_site_name":"Fermentis","article_publisher":"https:\/\/www.facebook.com\/Fermentis","article_modified_time":"2026-04-12T21:10:32+00:00","og_image":[{"width":1903,"height":901,"url":"https:\/\/fermentis.com\/wp-content\/uploads\/2021\/07\/website-v2.png","type":"image\/png"}],"twitter_card":"summary_large_image","twitter_site":"@fermentis","twitter_misc":{"Tiempo de lectura":"1 minuto"},"schema":{"@context":"https:\/\/schema.org","@graph":[{"@type":"WebPage","@id":"https:\/\/fermentis.com\/es\/knowledge-center\/expert-insights\/","url":"https:\/\/fermentis.com\/es\/knowledge-center\/expert-insights\/","name":"Opiniones de expertos - Fermentis","isPartOf":{"@id":"https:\/\/fermentis.com\/es\/#website"},"datePublished":"2020-03-15T23:00:00+00:00","dateModified":"2026-04-12T21:10:32+00:00","description":"La visi\u00f3n experta est\u00e1 pensada para que usted obtenga los conocimientos avanzados de nuestros expertos y pueda elegir el producto adecuado para su bebida fermentada.","breadcrumb":{"@id":"https:\/\/fermentis.com\/es\/knowledge-center\/expert-insights\/#breadcrumb"},"inLanguage":"es","potentialAction":[{"@type":"ReadAction","target":["https:\/\/fermentis.com\/es\/knowledge-center\/expert-insights\/"]}]},{"@type":"BreadcrumbList","@id":"https:\/\/fermentis.com\/es\/knowledge-center\/expert-insights\/#breadcrumb","itemListElement":[{"@type":"ListItem","position":1,"name":"Home","item":"https:\/\/fermentis.com\/es\/"},{"@type":"ListItem","position":2,"name":"Centro de conocimiento","item":"https:\/\/fermentis.com\/es\/knowledge-center\/"},{"@type":"ListItem","position":3,"name":"Opiniones de expertos"}]},{"@type":"WebSite","@id":"https:\/\/fermentis.com\/es\/#website","url":"https:\/\/fermentis.com\/es\/","name":"Fermentis","description":"Un site utilisant WordPress","publisher":{"@id":"https:\/\/fermentis.com\/es\/#organization"},"potentialAction":[{"@type":"SearchAction","target":{"@type":"EntryPoint","urlTemplate":"https:\/\/fermentis.com\/es\/?s={search_term_string}"},"query-input":{"@type":"PropertyValueSpecification","valueRequired":true,"valueName":"search_term_string"}}],"inLanguage":"es"},{"@type":"Organization","@id":"https:\/\/fermentis.com\/es\/#organization","name":"Fermentis","url":"https:\/\/fermentis.com\/es\/","logo":{"@type":"ImageObject","inLanguage":"es","@id":"https:\/\/fermentis.com\/es\/#\/schema\/logo\/image\/","url":"https:\/\/fermentis.com\/wp-content\/uploads\/2021\/07\/Logo-Fermentis-5.png","contentUrl":"https:\/\/fermentis.com\/wp-content\/uploads\/2021\/07\/Logo-Fermentis-5.png","width":308,"height":95,"caption":"Fermentis"},"image":{"@id":"https:\/\/fermentis.com\/es\/#\/schema\/logo\/image\/"},"sameAs":["https:\/\/www.facebook.com\/Fermentis","https:\/\/x.com\/fermentis","https:\/\/www.instagram.com\/fermentisbylesaffre\/","https:\/\/www.linkedin.com\/company\/fermentis\/","https:\/\/www.youtube.com\/channel\/UCt_Lp3IZnUNXZeqSi6iiAdA"]}]}},"_links":{"self":[{"href":"https:\/\/fermentis.com\/es\/wp-json\/wp\/v2\/pages\/42708","targetHints":{"allow":["GET"]}}],"collection":[{"href":"https:\/\/fermentis.com\/es\/wp-json\/wp\/v2\/pages"}],"about":[{"href":"https:\/\/fermentis.com\/es\/wp-json\/wp\/v2\/types\/page"}],"author":[{"embeddable":true,"href":"https:\/\/fermentis.com\/es\/wp-json\/wp\/v2\/users\/2"}],"replies":[{"embeddable":true,"href":"https:\/\/fermentis.com\/es\/wp-json\/wp\/v2\/comments?post=42708"}],"version-history":[{"count":1689,"href":"https:\/\/fermentis.com\/es\/wp-json\/wp\/v2\/pages\/42708\/revisions"}],"predecessor-version":[{"id":716009,"href":"https:\/\/fermentis.com\/es\/wp-json\/wp\/v2\/pages\/42708\/revisions\/716009"}],"up":[{"embeddable":true,"href":"https:\/\/fermentis.com\/es\/wp-json\/wp\/v2\/pages\/42672"}],"wp:attachment":[{"href":"https:\/\/fermentis.com\/es\/wp-json\/wp\/v2\/media?parent=42708"}],"curies":[{"name":"wp","href":"https:\/\/api.w.org\/{rel}","templated":true}]}}