{"id":43284,"date":"2020-02-14T00:00:00","date_gmt":"2020-02-13T23:00:00","guid":{"rendered":"https:\/\/fermentis.com\/legal-statement\/"},"modified":"2026-04-03T12:00:41","modified_gmt":"2026-04-03T10:00:41","slug":"legal-statement","status":"publish","type":"page","link":"https:\/\/fermentis.com\/es\/legal-statement\/","title":{"rendered":"Declaraci\u00f3n legal"},"content":{"rendered":"\n  <div class=\"banner has-hover has-parallax\" id=\"banner-2035497844\">\n          <div class=\"banner-inner fill\">\n        <div class=\"banner-bg fill\" data-parallax=\"-4\" data-parallax-container=\".banner\" data-parallax-background>\n            <img loading=\"lazy\" decoding=\"async\" width=\"1000\" height=\"667\" src=\"https:\/\/fermentis.com\/wp-content\/uploads\/2020\/02\/flatsomebilder-5-of-10.jpg\" class=\"bg attachment-large size-large\" alt=\"\" \/>                        <div class=\"overlay\"><\/div>            \n                    <\/div>\n\t\t\n        <div class=\"banner-layers container\">\n            <div class=\"fill banner-link\"><\/div>            \n        <\/div>\n      <\/div>\n\n            \n<style>\n#banner-2035497844 {\n  padding-top: 150px;\n}\n#banner-2035497844 .overlay {\n  background-color: rgba(0, 0, 0, 0.69);\n}\n#banner-2035497844 .banner-bg img {\n  object-position: 49% 50%;\n}\n<\/style>\n  <\/div>\n\n\n\n\t<section class=\"section\" id=\"section_1585399231\">\n\t\t<div class=\"section-bg fill\" >\n\t\t\t\t\t\t\t\t\t\n\t\t\t\n\n\t\t<\/div>\n\n\t\t\n\n\t\t<div class=\"section-content relative\">\n\t\t\t\n\t<div id=\"gap-1906364555\" class=\"gap-element clearfix\" style=\"display:block; height:auto;\">\n\t\t\n<style>\n#gap-1906364555 {\n  padding-top: 50px;\n}\n<\/style>\n\t<\/div>\n\t\n<div class=\"row align-center\"  id=\"row-572552039\">\n\n\t<div id=\"col-1244796324\" class=\"col medium-4 small-10 large-4\"  >\n\t\t\t\t<div class=\"col-inner\"  >\n\t\t\t\n\t\t\t\n<p><br data-source=\"\n\n\"><\/p>\n<h1><span style=\"font-size: 150%\">Declaraci\u00f3n legal <\/span><\/h1>\n<p><br data-source=\"\n\"><\/p>\n<p><span style=\"font-size: 90%\">Informaci\u00f3n legal sobre el sitio web de Fermentis y su contenido.<\/span><\/p>\n<p><br data-source=\"\n\n\"><\/p>\n\t\t<\/div>\n\t\t\t\t\n<style>\n#col-1244796324 > .col-inner {\n  padding: 0px 40px 0px 0px;\n}\n<\/style>\n\t<\/div>\n\n\t\n\n\t<div id=\"col-1398556773\" class=\"col medium-8 small-10 large-8\"  >\n\t\t\t\t<div class=\"col-inner\"  >\n\t\t\t\n\t\t\t\n<p><br data-source=\"\n\n\"><\/p>\n<p>Directora de publicaci\u00f3n: Sra. J. GALLERAND<\/p>\n<p><br data-source=\"\n\"><\/p>\n<p><strong>Descargo y exenci\u00f3n de responsabilidad<\/strong><br \/>Toda la informaci\u00f3n provista en este sitio web se ofrece a t\u00edtulo informativo y no tiene valor contractual. Fermentis hace esfuerzos por actualizar su sitio con regularidad. No obstante, Fermentis no garantiza ni asegura que las funcionalidades del sitio est\u00e9 siempre libre de errores, ni que el sitio o su servidor de acceso est\u00e9n libres de virus o de cualquier otro componente peligroso.<\/p>\n<p><br data-source=\"\n\"><\/p>\n<p><strong>Descargo de responsabilidad sobre los enlaces<\/strong><br \/>Los enlaces de accesso que se encuentran en <a href=\"http:\/\/www.fermentis.com\/\">www.fermentis.com<\/a> no est\u00e1n, de ninguna manera, bajo la responsabilidad o el control de Fermentis. Un enlace de accceso no constituye una aprobaci\u00f3n del contenido editorial del sitio ni de sus condiciones de acceso.<\/p>\n<p><br data-source=\"\n\"><\/p>\n<p><strong>Derechos de autor<\/strong><br \/>Se debe asumir que todo el contenido del sitio web est\u00e1 protegido por derechos de autor, a menos que se indique lo contrario, y, como se dispone en estos t\u00e9rminos y condiciones o en el texto del sitio web, no puede ser utilizado sin el permiso por escrito de Lesaffre. Lesaffre no garantiza ni asegura que el uso de los materiales mostrados en el sitio web no infringir\u00e1 los derechos de terceros que no sean propiedad de Lesaffre ni est\u00e9n afiliados a Lesaffre. Las im\u00e1genes, fotograf\u00edas o ilustraciones que aparecen en el sitio web son propiedad de Lesaffre o son utilizadas con el correspondiente permiso. El uso de estos materiales de parte suyo, o por parte de cualquier otra persona autorizada por usted, est\u00e1 prohibido a menos que est\u00e9 espec\u00edficamente permitido por estos t\u00e9rminos y condiciones o por un permiso espec\u00edfico proporcionado en otra parte del sitio web. Cualquier uso no autorizado de las im\u00e1genes puede violar las leyes de derechos de autor, las leyes de marcas registradas, las leyes de privacidad y publicidad, as\u00ed como las regulaciones y normas de comunicaciones. Los permisos para su exhibici\u00f3n deben solicitarse por correo a fermentis@lesaffre.fr<\/p>\n<p><br data-source=\"\n\"><\/p>\n<p><strong>Marcas<\/strong><br \/>Las marcas comerciales, logotipos y marcas de servicios (colectivamente, las &quot;marcas comerciales&quot;) que aparecen en este sitio web son marcas comerciales de Lesaffre o sus afiliadas, registradas y no registradas. Nada de lo contenido en el sitio debe interpretarse como una concesi\u00f3n, por implicaci\u00f3n, impedimento, o de otro modo, de cualquier licencia o derecho a utilizar cualquier marca registrada mostrada en este sitio web sin el permiso escrito de Lesaffre o sus afiliadas, o de terceros que puedan ser propietarios de marcas registradas mostradas en el sitio. El uso indebido de las marcas registradas mostradas en el sitio, o de cualquier otro contenido del sitio, excepto seg\u00fan lo dispuesto en el presente, est\u00e1 estrictamente prohibido<\/p>\n<p><br data-source=\"\n\"><\/p>\n<p><strong>Disponibilidad del sitio web<\/strong><br \/>Nos encargamos de mantener este sitio web disponible. El acceso al sitio puede no estar disponible o interrumpirse en cualquier momento por actualizaciones o cualquier otra cuesti\u00f3n t\u00e9cnica. Fermentis no es responsable bajo ninguna circunstancia de estas interrupciones ni de cualquier reclamo o da\u00f1o que surja directa o indirectamente de ellas.<\/p>\n<p><br data-source=\"\n\"><\/p>\n<p><strong>Advertencia<\/strong><br \/>Le recordamos que Internet est\u00e1 al alcance de cualquiera. Cada vez que usted comunica voluntariamente informaci\u00f3n personal, lo hace por su cuenta y riesgo. Los datos personales pueden ser interceptados por otras personas.<\/p>\n<p><br data-source=\"\n\"><\/p>\n<p>\u00a0<\/p>\n<p><br data-source=\"\n\"><\/p>\n<p><strong>Privacidad<\/strong><br \/>La informaci\u00f3n recibida a trav\u00e9s de este sitio web ser\u00e1 conservada de forma segura por Fermentis. De conformidad con la ley francesa n\u00b0 78-17 del 6 de enero de 1978, relativa al procesamiento de datos, los archivos y las libertades, todo visitante que deposite informaci\u00f3n que contenga directa o indirectamente su nombre puede solicitar la comunicaci\u00f3n, modificaci\u00f3n o supresi\u00f3n de sus datos personales al administrador del servicio. Para ello, el usuario deber\u00e1 enviar su solicitud a FERMENTIS &#8211; website &#8211; 137, rue Gabriel P\u00e9ri &#8211; BP 3069 &#8211; 59703 Marcq-en-Baroeul Cedex &#8211; Francia<\/p>\n<p><br data-source=\"\n\"><\/p>\n<p>Fermentis informa a los usuarios que la informaci\u00f3n personal recibida a trav\u00e9s del sitio es para fines informativos y de comunicaci\u00f3n, y en ning\u00fan caso ser\u00e1 comunicada a socios comerciales.<\/p>\n<p><br data-source=\"\n\n\"><\/p>\n\t\t<\/div>\n\t\t\t\t\t<\/div>\n\n\t\n<\/div>\n<div class=\"row align-center\"  id=\"row-1249259562\">\n\n\t<div id=\"col-1124757934\" class=\"col medium-4 small-10 large-4\"  >\n\t\t\t\t<div class=\"col-inner\"  >\n\t\t\t\n\t\t\t\n<p><br data-source=\"\n\n\"><\/p>\n<h1><span style=\"font-size: 150%\">Dise\u00f1o y desarrollo de sitios web<\/span><\/h1>\n<p><br data-source=\"\n\n\"><\/p>\n\t\t<\/div>\n\t\t\t\t\n<style>\n#col-1124757934 > .col-inner {\n  padding: 0px 40px 0px 0px;\n}\n<\/style>\n\t<\/div>\n\n\t\n\n\t<div id=\"col-1811168313\" class=\"col medium-8 small-10 large-8\"  >\n\t\t\t\t<div class=\"col-inner\"  >\n\t\t\t\n\t\t\t\n<p><br data-source=\"\n\n\"><\/p>\n<p><strong>Sitio web dise\u00f1ado y desarrollado por Fermentis by Lesaffre<\/strong><br \/>280, avenue de la Marne<br \/>59700 Marcq en Baroeul, FRANCIA<\/p>\n<p><br data-source=\"\n\"><\/p>\n<p><strong>Con la ayuda de OVM Communication<\/strong><br \/>OVM Communication<br \/>9, Avenue du Colonel Driant<br \/>59130 LAMBERSART<br \/>T: +33 (0) 6 27 78 30 21<\/p>\n<p><br data-source=\"\n\"><\/p>\n<p>P\u00e1gina web : <a href=\"https:\/\/ovm-communication.fr\/\" target=\"_blank\" rel=\"noopener noreferrer\">ovm-communication.fr<\/a><\/p>\n<p><br data-source=\"\n\n\"><\/p>\n\t\t<\/div>\n\t\t\t\t\t<\/div>\n\n\t\n<\/div>\n\t\t<\/div>\n\n\t\t\n<style>\n#section_1585399231 {\n  padding-top: 20px;\n  padding-bottom: 20px;\n}\n<\/style>\n\t<\/section>\n\t\n","protected":false},"excerpt":{"rendered":"","protected":false},"author":2,"featured_media":0,"parent":0,"menu_order":0,"comment_status":"closed","ping_status":"closed","template":"page-blank.php","meta":{"_acf_changed":false,"footnotes":""},"class_list":["post-43284","page","type-page","status-publish","hentry"],"acf":[],"yoast_head":"<!-- This site is optimized with the Yoast SEO Premium plugin v27.3 (Yoast SEO v27.3) - https:\/\/yoast.com\/product\/yoast-seo-premium-wordpress\/ -->\n<title>Declaraci\u00f3n legal - Fermentis<\/title>\n<meta name=\"robots\" content=\"index, follow, max-snippet:-1, max-image-preview:large, max-video-preview:-1\" \/>\n<link rel=\"canonical\" href=\"https:\/\/fermentis.com\/es\/legal-statement\/\" \/>\n<meta property=\"og:locale\" content=\"es_ES\" \/>\n<meta property=\"og:type\" content=\"article\" \/>\n<meta property=\"og:title\" content=\"Declaraci\u00f3n legal\" \/>\n<meta property=\"og:url\" content=\"https:\/\/fermentis.com\/es\/legal-statement\/\" \/>\n<meta property=\"og:site_name\" content=\"Fermentis\" \/>\n<meta property=\"article:publisher\" content=\"https:\/\/www.facebook.com\/Fermentis\" \/>\n<meta property=\"article:modified_time\" content=\"2026-04-03T10:00:41+00:00\" \/>\n<meta property=\"og:image\" content=\"https:\/\/fermentis.com\/wp-content\/uploads\/2021\/07\/website-v2.png\" \/>\n\t<meta property=\"og:image:width\" content=\"1903\" \/>\n\t<meta property=\"og:image:height\" content=\"901\" \/>\n\t<meta property=\"og:image:type\" content=\"image\/png\" \/>\n<meta name=\"twitter:card\" content=\"summary_large_image\" \/>\n<meta name=\"twitter:site\" content=\"@fermentis\" \/>\n<meta name=\"twitter:label1\" content=\"Tiempo de lectura\" \/>\n\t<meta name=\"twitter:data1\" content=\"4 minutos\" \/>\n<script type=\"application\/ld+json\" class=\"yoast-schema-graph\">{\"@context\":\"https:\\\/\\\/schema.org\",\"@graph\":[{\"@type\":\"WebPage\",\"@id\":\"https:\\\/\\\/fermentis.com\\\/es\\\/legal-statement\\\/\",\"url\":\"https:\\\/\\\/fermentis.com\\\/es\\\/legal-statement\\\/\",\"name\":\"Declaraci\u00f3n legal - Fermentis\",\"isPartOf\":{\"@id\":\"https:\\\/\\\/fermentis.com\\\/es\\\/#website\"},\"datePublished\":\"2020-02-13T23:00:00+00:00\",\"dateModified\":\"2026-04-03T10:00:41+00:00\",\"breadcrumb\":{\"@id\":\"https:\\\/\\\/fermentis.com\\\/es\\\/legal-statement\\\/#breadcrumb\"},\"inLanguage\":\"es\",\"potentialAction\":[{\"@type\":\"ReadAction\",\"target\":[\"https:\\\/\\\/fermentis.com\\\/es\\\/legal-statement\\\/\"]}]},{\"@type\":\"BreadcrumbList\",\"@id\":\"https:\\\/\\\/fermentis.com\\\/es\\\/legal-statement\\\/#breadcrumb\",\"itemListElement\":[{\"@type\":\"ListItem\",\"position\":1,\"name\":\"Home\",\"item\":\"https:\\\/\\\/fermentis.com\\\/es\\\/\"},{\"@type\":\"ListItem\",\"position\":2,\"name\":\"Declaraci\u00f3n legal\"}]},{\"@type\":\"WebSite\",\"@id\":\"https:\\\/\\\/fermentis.com\\\/es\\\/#website\",\"url\":\"https:\\\/\\\/fermentis.com\\\/es\\\/\",\"name\":\"Fermentis\",\"description\":\"Un site utilisant WordPress\",\"publisher\":{\"@id\":\"https:\\\/\\\/fermentis.com\\\/es\\\/#organization\"},\"potentialAction\":[{\"@type\":\"SearchAction\",\"target\":{\"@type\":\"EntryPoint\",\"urlTemplate\":\"https:\\\/\\\/fermentis.com\\\/es\\\/?s={search_term_string}\"},\"query-input\":{\"@type\":\"PropertyValueSpecification\",\"valueRequired\":true,\"valueName\":\"search_term_string\"}}],\"inLanguage\":\"es\"},{\"@type\":\"Organization\",\"@id\":\"https:\\\/\\\/fermentis.com\\\/es\\\/#organization\",\"name\":\"Fermentis\",\"url\":\"https:\\\/\\\/fermentis.com\\\/es\\\/\",\"logo\":{\"@type\":\"ImageObject\",\"inLanguage\":\"es\",\"@id\":\"https:\\\/\\\/fermentis.com\\\/es\\\/#\\\/schema\\\/logo\\\/image\\\/\",\"url\":\"https:\\\/\\\/fermentis.com\\\/wp-content\\\/uploads\\\/2021\\\/07\\\/Logo-Fermentis-5.png\",\"contentUrl\":\"https:\\\/\\\/fermentis.com\\\/wp-content\\\/uploads\\\/2021\\\/07\\\/Logo-Fermentis-5.png\",\"width\":308,\"height\":95,\"caption\":\"Fermentis\"},\"image\":{\"@id\":\"https:\\\/\\\/fermentis.com\\\/es\\\/#\\\/schema\\\/logo\\\/image\\\/\"},\"sameAs\":[\"https:\\\/\\\/www.facebook.com\\\/Fermentis\",\"https:\\\/\\\/x.com\\\/fermentis\",\"https:\\\/\\\/www.instagram.com\\\/fermentisbylesaffre\\\/\",\"https:\\\/\\\/www.linkedin.com\\\/company\\\/fermentis\\\/\",\"https:\\\/\\\/www.youtube.com\\\/channel\\\/UCt_Lp3IZnUNXZeqSi6iiAdA\"]}]}<\/script>\n<!-- \/ Yoast SEO Premium plugin. -->","yoast_head_json":{"title":"Declaraci\u00f3n legal - Fermentis","robots":{"index":"index","follow":"follow","max-snippet":"max-snippet:-1","max-image-preview":"max-image-preview:large","max-video-preview":"max-video-preview:-1"},"canonical":"https:\/\/fermentis.com\/es\/legal-statement\/","og_locale":"es_ES","og_type":"article","og_title":"Declaraci\u00f3n legal","og_url":"https:\/\/fermentis.com\/es\/legal-statement\/","og_site_name":"Fermentis","article_publisher":"https:\/\/www.facebook.com\/Fermentis","article_modified_time":"2026-04-03T10:00:41+00:00","og_image":[{"width":1903,"height":901,"url":"https:\/\/fermentis.com\/wp-content\/uploads\/2021\/07\/website-v2.png","type":"image\/png"}],"twitter_card":"summary_large_image","twitter_site":"@fermentis","twitter_misc":{"Tiempo de lectura":"4 minutos"},"schema":{"@context":"https:\/\/schema.org","@graph":[{"@type":"WebPage","@id":"https:\/\/fermentis.com\/es\/legal-statement\/","url":"https:\/\/fermentis.com\/es\/legal-statement\/","name":"Declaraci\u00f3n legal - Fermentis","isPartOf":{"@id":"https:\/\/fermentis.com\/es\/#website"},"datePublished":"2020-02-13T23:00:00+00:00","dateModified":"2026-04-03T10:00:41+00:00","breadcrumb":{"@id":"https:\/\/fermentis.com\/es\/legal-statement\/#breadcrumb"},"inLanguage":"es","potentialAction":[{"@type":"ReadAction","target":["https:\/\/fermentis.com\/es\/legal-statement\/"]}]},{"@type":"BreadcrumbList","@id":"https:\/\/fermentis.com\/es\/legal-statement\/#breadcrumb","itemListElement":[{"@type":"ListItem","position":1,"name":"Home","item":"https:\/\/fermentis.com\/es\/"},{"@type":"ListItem","position":2,"name":"Declaraci\u00f3n legal"}]},{"@type":"WebSite","@id":"https:\/\/fermentis.com\/es\/#website","url":"https:\/\/fermentis.com\/es\/","name":"Fermentis","description":"Un site utilisant WordPress","publisher":{"@id":"https:\/\/fermentis.com\/es\/#organization"},"potentialAction":[{"@type":"SearchAction","target":{"@type":"EntryPoint","urlTemplate":"https:\/\/fermentis.com\/es\/?s={search_term_string}"},"query-input":{"@type":"PropertyValueSpecification","valueRequired":true,"valueName":"search_term_string"}}],"inLanguage":"es"},{"@type":"Organization","@id":"https:\/\/fermentis.com\/es\/#organization","name":"Fermentis","url":"https:\/\/fermentis.com\/es\/","logo":{"@type":"ImageObject","inLanguage":"es","@id":"https:\/\/fermentis.com\/es\/#\/schema\/logo\/image\/","url":"https:\/\/fermentis.com\/wp-content\/uploads\/2021\/07\/Logo-Fermentis-5.png","contentUrl":"https:\/\/fermentis.com\/wp-content\/uploads\/2021\/07\/Logo-Fermentis-5.png","width":308,"height":95,"caption":"Fermentis"},"image":{"@id":"https:\/\/fermentis.com\/es\/#\/schema\/logo\/image\/"},"sameAs":["https:\/\/www.facebook.com\/Fermentis","https:\/\/x.com\/fermentis","https:\/\/www.instagram.com\/fermentisbylesaffre\/","https:\/\/www.linkedin.com\/company\/fermentis\/","https:\/\/www.youtube.com\/channel\/UCt_Lp3IZnUNXZeqSi6iiAdA"]}]}},"_links":{"self":[{"href":"https:\/\/fermentis.com\/es\/wp-json\/wp\/v2\/pages\/43284","targetHints":{"allow":["GET"]}}],"collection":[{"href":"https:\/\/fermentis.com\/es\/wp-json\/wp\/v2\/pages"}],"about":[{"href":"https:\/\/fermentis.com\/es\/wp-json\/wp\/v2\/types\/page"}],"author":[{"embeddable":true,"href":"https:\/\/fermentis.com\/es\/wp-json\/wp\/v2\/users\/2"}],"replies":[{"embeddable":true,"href":"https:\/\/fermentis.com\/es\/wp-json\/wp\/v2\/comments?post=43284"}],"version-history":[{"count":964,"href":"https:\/\/fermentis.com\/es\/wp-json\/wp\/v2\/pages\/43284\/revisions"}],"predecessor-version":[{"id":712312,"href":"https:\/\/fermentis.com\/es\/wp-json\/wp\/v2\/pages\/43284\/revisions\/712312"}],"wp:attachment":[{"href":"https:\/\/fermentis.com\/es\/wp-json\/wp\/v2\/media?parent=43284"}],"curies":[{"name":"wp","href":"https:\/\/api.w.org\/{rel}","templated":true}]}}