{"id":43393,"date":"2020-03-18T00:00:00","date_gmt":"2020-03-17T23:00:00","guid":{"rendered":"https:\/\/fermentis.com\/other-services\/toll-manufacturing\/"},"modified":"2026-04-17T09:49:27","modified_gmt":"2026-04-17T07:49:27","slug":"toll-manufacturing","status":"publish","type":"page","link":"https:\/\/fermentis.com\/es\/other-services\/toll-manufacturing\/","title":{"rendered":"Toll manufacturing"},"content":{"rendered":"\n  <div class=\"banner has-hover has-parallax\" id=\"banner-362840950\">\n          <div class=\"banner-inner fill\">\n        <div class=\"banner-bg fill\" data-parallax=\"-6\" data-parallax-container=\".banner\" data-parallax-background>\n            <img loading=\"lazy\" decoding=\"async\" width=\"1024\" height=\"400\" src=\"https:\/\/fermentis.com\/wp-content\/uploads\/2020\/03\/Toll_Manufacturing-Web-3-1024x400-1.jpg\" class=\"bg attachment-original size-original\" alt=\"toll manufacturing banner\" \/>                                    \n                    <\/div>\n\t\t\n        <div class=\"banner-layers container\">\n            <div class=\"fill banner-link\"><\/div>            \n        <\/div>\n      <\/div>\n\n            \n<style>\n#banner-362840950 {\n  padding-top: 200px;\n}\n#banner-362840950 .banner-bg img {\n  object-position: 4% 45%;\n}\n<\/style>\n  <\/div>\n\n\n\n\t<section class=\"section\" id=\"section_1633594520\">\n\t\t<div class=\"section-bg fill\" >\n\t\t\t\t\t\t\t\t\t\n\t\t\t\n\n\t\t<\/div>\n\n\t\t\n\n\t\t<div class=\"section-content relative\">\n\t\t\t\n\t<div id=\"gap-1543737198\" class=\"gap-element clearfix\" style=\"display:block; height:auto;\">\n\t\t\n<style>\n#gap-1543737198 {\n  padding-top: 40px;\n}\n<\/style>\n\t<\/div>\n\t\n<div class=\"row row-small\"  id=\"row-578036459\">\n\n\t<div id=\"col-1755530612\" class=\"col small-12 large-12\"  >\n\t\t\t\t<div class=\"col-inner\"  >\n\t\t\t\n\t\t\t\n<div class=\"container section-title-container\" ><h1 class=\"section-title section-title-center\"><b aria-hidden=\"true\"><\/b><span class=\"section-title-main\" style=\"font-size:159%;\">Toll manufacturing<\/span><b aria-hidden=\"true\"><\/b><\/h1><\/div>\n\t\t<\/div>\n\t\t\t\t\t<\/div>\n\n\t\n<\/div>\n\t\t<\/div>\n\n\t\t\n<style>\n#section_1633594520 {\n  padding-top: 30px;\n  padding-bottom: 30px;\n}\n<\/style>\n\t<\/section>\n\t\n\n\t<section class=\"section\" id=\"section_2012310135\">\n\t\t<div class=\"section-bg fill\" >\n\t\t\t\t\t\t\t\t\t\n\t\t\t\n\n\t\t<\/div>\n\n\t\t\n\n\t\t<div class=\"section-content relative\">\n\t\t\t\n<div class=\"row row-large\"  id=\"row-1925017821\">\n\n\t<div id=\"col-83083918\" class=\"col small-12 large-12\"  >\n\t\t\t\t<div class=\"col-inner text-center\"  >\n\t\t\t\n\t\t\t\n<p class=\"lead\">\u00bfQuiere que mantengamos a resguardo o produzcamos un microorganismo o sus productos derivados? Puede confiar en nuestra experiencia y tecnolog\u00eda. Podemos garantizarle calidad, estabilidad, consistencia y f\u00e1cil acceso en per\u00edodos de alta demanda, y le permitimos evaluar nuevos productos sin tener que ampliar su propia base de producci\u00f3n. Las operaciones se llevan a cabo de forma estrictamente confidencial y cumpliendo las normas internacionales m\u00e1s rigurosas en materia de calidad, higiene y seguridad.<\/p>\n<h4><\/h4>\n<div class=\"row row-small align-center\"  id=\"row-43469356\">\n\n\t<div id=\"col-28435638\" class=\"col small-12 large-12\"  >\n\t\t\t\t<div class=\"col-inner\"  >\n\t\t\t\n\t\t\t\n<h3>Puede confiar en nosotros con seguridad &#8230;<\/h3>\n\t\t<\/div>\n\t\t\t\t\t<\/div>\n\n\t\n\n\t<div id=\"col-1513741936\" class=\"col medium-2 small-12 large-2\"  >\n\t\t\t\t<div class=\"col-inner text-center\"  >\n\t\t\t\n\t\t\t\n\t<div class=\"img has-hover x md-x lg-x y md-y lg-y\" id=\"image_1857696647\">\n\t\t\t\t\t\t<div data-animate=\"bounceIn\">\t\t<div class=\"img-inner dark\" >\n\t\t\t<img loading=\"lazy\" decoding=\"async\" width=\"200\" height=\"200\" src=\"https:\/\/fermentis.com\/wp-content\/uploads\/2020\/03\/Productions-200.png\" class=\"attachment-large size-large\" alt=\"\" srcset=\"https:\/\/fermentis.com\/wp-content\/uploads\/2020\/03\/Productions-200.png 200w, https:\/\/fermentis.com\/wp-content\/uploads\/2020\/03\/Productions-200-100x100.png 100w, https:\/\/fermentis.com\/wp-content\/uploads\/2020\/03\/Productions-200-150x150.png 150w\" sizes=\"auto, (max-width: 200px) 100vw, 200px\" \/>\t\t\t\t\t\t\n\t\t\t\t\t<\/div>\n\t\t<\/div>\t\t\t\t\t\t\n<style>\n#image_1857696647 {\n  width: 80%;\n}\n<\/style>\n\t<\/div>\n\t\n\t\t<\/div>\n\t\t\t\t\n<style>\n#col-1513741936 > .col-inner {\n  padding: 0px 0px px 0px;\n}\n<\/style>\n\t<\/div>\n\n\t\n\n\t<div id=\"col-1663505436\" class=\"col medium-2 small-12 large-2\"  >\n\t\t\t\t<div class=\"col-inner text-center\"  >\n\t\t\t\n\t\t\t\n\t<div class=\"img has-hover x md-x lg-x y md-y lg-y\" id=\"image_28947323\">\n\t\t\t\t\t\t<div data-animate=\"bounceIn\">\t\t<div class=\"img-inner dark\" >\n\t\t\t<img loading=\"lazy\" decoding=\"async\" width=\"200\" height=\"200\" src=\"https:\/\/fermentis.com\/wp-content\/uploads\/2020\/03\/creations-200.png\" class=\"attachment-large size-large\" alt=\"\" srcset=\"https:\/\/fermentis.com\/wp-content\/uploads\/2020\/03\/creations-200.png 200w, https:\/\/fermentis.com\/wp-content\/uploads\/2020\/03\/creations-200-100x100.png 100w, https:\/\/fermentis.com\/wp-content\/uploads\/2020\/03\/creations-200-150x150.png 150w\" sizes=\"auto, (max-width: 200px) 100vw, 200px\" \/>\t\t\t\t\t\t\n\t\t\t\t\t<\/div>\n\t\t<\/div>\t\t\t\t\t\t\n<style>\n#image_28947323 {\n  width: 80%;\n}\n<\/style>\n\t<\/div>\n\t\n\t\t<\/div>\n\t\t\t\t\t<\/div>\n\n\t\n\n\t<div id=\"col-1137134974\" class=\"col medium-2 small-12 large-2\"  >\n\t\t\t\t<div class=\"col-inner text-center\"  >\n\t\t\t\n\t\t\t\n\t<div class=\"img has-hover x md-x lg-x y md-y lg-y\" id=\"image_1176912555\">\n\t\t\t\t\t\t<div data-animate=\"bounceIn\">\t\t<div class=\"img-inner dark\" >\n\t\t\t<img loading=\"lazy\" decoding=\"async\" width=\"200\" height=\"200\" src=\"https:\/\/fermentis.com\/wp-content\/uploads\/2020\/03\/strains-200.png\" class=\"attachment-large size-large\" alt=\"\" srcset=\"https:\/\/fermentis.com\/wp-content\/uploads\/2020\/03\/strains-200.png 200w, https:\/\/fermentis.com\/wp-content\/uploads\/2020\/03\/strains-200-100x100.png 100w, https:\/\/fermentis.com\/wp-content\/uploads\/2020\/03\/strains-200-150x150.png 150w\" sizes=\"auto, (max-width: 200px) 100vw, 200px\" \/>\t\t\t\t\t\t\n\t\t\t\t\t<\/div>\n\t\t<\/div>\t\t\t\t\t\t\n<style>\n#image_1176912555 {\n  width: 80%;\n}\n<\/style>\n\t<\/div>\n\t\n\t\t<\/div>\n\t\t\t\t\t<\/div>\n\n\t\n\n\t<div id=\"col-826188986\" class=\"col medium-2 small-12 large-2\"  >\n\t\t\t\t<div class=\"col-inner text-center\"  >\n\t\t\t\n\t\t\t\n\t<div class=\"img has-hover x md-x lg-x y md-y lg-y\" id=\"image_1992980392\">\n\t\t\t\t\t\t<div data-animate=\"bounceIn\">\t\t<div class=\"img-inner dark\" >\n\t\t\t<img loading=\"lazy\" decoding=\"async\" width=\"200\" height=\"200\" src=\"https:\/\/fermentis.com\/wp-content\/uploads\/2020\/03\/drying-200.png\" class=\"attachment-large size-large\" alt=\"\" srcset=\"https:\/\/fermentis.com\/wp-content\/uploads\/2020\/03\/drying-200.png 200w, https:\/\/fermentis.com\/wp-content\/uploads\/2020\/03\/drying-200-100x100.png 100w, https:\/\/fermentis.com\/wp-content\/uploads\/2020\/03\/drying-200-150x150.png 150w\" sizes=\"auto, (max-width: 200px) 100vw, 200px\" \/>\t\t\t\t\t\t\n\t\t\t\t\t<\/div>\n\t\t<\/div>\t\t\t\t\t\t\n<style>\n#image_1992980392 {\n  width: 80%;\n}\n<\/style>\n\t<\/div>\n\t\n\t\t<\/div>\n\t\t\t\t\t<\/div>\n\n\t\n\n\t<div id=\"col-1777418827\" class=\"col medium-2 small-12 large-2\"  >\n\t\t\t\t<div class=\"col-inner\"  >\n\t\t\t\n\t\t\t\n\t<div class=\"img has-hover x md-x lg-x y md-y lg-y\" id=\"image_684046240\">\n\t\t\t\t\t\t<div data-animate=\"bounceIn\">\t\t<div class=\"img-inner dark\" >\n\t\t\t<img loading=\"lazy\" decoding=\"async\" width=\"200\" height=\"200\" src=\"https:\/\/fermentis.com\/wp-content\/uploads\/2020\/03\/Packaging-200.png\" class=\"attachment-large size-large\" alt=\"\" srcset=\"https:\/\/fermentis.com\/wp-content\/uploads\/2020\/03\/Packaging-200.png 200w, https:\/\/fermentis.com\/wp-content\/uploads\/2020\/03\/Packaging-200-100x100.png 100w, https:\/\/fermentis.com\/wp-content\/uploads\/2020\/03\/Packaging-200-150x150.png 150w\" sizes=\"auto, (max-width: 200px) 100vw, 200px\" \/>\t\t\t\t\t\t\n\t\t\t\t\t<\/div>\n\t\t<\/div>\t\t\t\t\t\t\n<style>\n#image_684046240 {\n  width: 80%;\n}\n<\/style>\n\t<\/div>\n\t\n\t\t<\/div>\n\t\t\t\t\t<\/div>\n\n\t\n<\/div>\n<div class=\"row\"  id=\"row-1829363864\">\n\n\t<div id=\"col-998899495\" class=\"col small-12 large-12\"  >\n\t\t\t\t<div class=\"col-inner text-center\"  >\n\t\t\t\n\t\t\t\n<h3>Trabajamos cerca suyo<\/h3>\n<div class=\"wpb_text_column wpb_content_element \">\n<div class=\"wpb_wrapper\">\n<p>Fermentis cuenta con el apoyo de una red de 10 centros de producci\u00f3n en todo el mundo.<\/p>\n<p>Una garant\u00eda m\u00e1s de que tenemos plantes de contingencia y de que podemos responder&#8230;<\/p>\n<\/div>\n<\/div>\n\t\t<\/div>\n\t\t\t\t\t<\/div>\n\n\t\n<\/div>\n\t\t<\/div>\n\t\t\t\t\t<\/div>\n\n\t\n<\/div>\n\t\t<\/div>\n\n\t\t\n<style>\n#section_2012310135 {\n  padding-top: 30px;\n  padding-bottom: 30px;\n}\n<\/style>\n\t<\/section>\n\t\n\n\t<section class=\"section\" id=\"section_1262961136\">\n\t\t<div class=\"section-bg fill\" >\n\t\t\t\t\t\t\t\t\t\n\t\t\t\n\n\t\t<\/div>\n\n\t\t\n\n\t\t<div class=\"section-content relative\">\n\t\t\t\n<div class=\"row\"  id=\"row-561505013\">\n\n\t<div id=\"col-198533264\" class=\"col small-12 large-12\"  >\n\t\t\t\t<div class=\"col-inner text-center\"  >\n\t\t\t\n\t\t\t\n  <div class=\"icon-box testimonial-box icon-box-center text-center\">\n                <div class=\"icon-box-text p-last-0\">\n            \t\t\t\t<div class=\"testimonial-text line-height-small italic test_text first-reset last-reset is-italic\">\n            \n<h3>Confianza<\/h3>\n<p><em>&quot;Ponemos a disposici\u00f3n de nuestros clientes distintos conocimientos t\u00e9cnicos para alcanzar el m\u00e1ximo nivel de calidad. Primero en el laboratorio, garantizamos una producci\u00f3n constante, y despu\u00e9s, durante los procesos de fermentaci\u00f3n y secado, evaluamos las caracter\u00edsticas de la levadura para adaptar la receta adecuadamente.<br \/>\nFermentis garantiza un servicio t\u00e9cnico y apoyo operativo confiable y seguro. Tambi\u00e9n se trata de trabajar juntos y con confianza Con el apoyo de I+D o Producci\u00f3n, nuestros clientes pueden seguir enfocados en su actividad principal y en sus productos insignia&quot;.<\/em><\/p>\n          <\/div>\n          <div class=\"testimonial-meta pt-half\">\n             <strong class=\"testimonial-name test_name\"><\/strong>\n                          <span class=\"testimonial-company test_company\"><\/span>\n          <\/div>\n        <\/div>\n  <\/div>\n\n  \n\t<div id=\"gap-1763999293\" class=\"gap-element clearfix\" style=\"display:block; height:auto;\">\n\t\t\n<style>\n#gap-1763999293 {\n  padding-top: 30px;\n}\n<\/style>\n\t<\/div>\n\t\n    <div class=\"box has-hover has-hover box-default box-text-bottom\" >\n\n                  <div class=\"box-image \" style=\"width:25%;\">\n           <div class=\"box-image-inner image-cover\" style=\"border-radius:25%;padding-top:65%;\">\n              <img loading=\"lazy\" decoding=\"async\" width=\"300\" height=\"424\" src=\"https:\/\/fermentis.com\/wp-content\/uploads\/2020\/03\/Yves-ok.jpg\" class=\"attachment- size-\" alt=\"\" srcset=\"https:\/\/fermentis.com\/wp-content\/uploads\/2020\/03\/Yves-ok.jpg 300w, https:\/\/fermentis.com\/wp-content\/uploads\/2020\/03\/Yves-ok-212x300.jpg 212w\" sizes=\"auto, (max-width: 300px) 100vw, 300px\" \/>                         <\/div>\n          <\/div>\n         \n          <div class=\"box-text text-center\" >\n                <div class=\"box-text-inner\">\n                  <h4 class=\"uppercase\">\n                    <span class=\"person-name\">Yves Gosselin<\/span><br\/>\n                    <span class=\"person-title is-small thin-font op-7\">\n                      Director t\u00e9cnico global                    <\/span>\n                  <\/h4>\n\t\t\t\t\t\n                <\/div>\n          <\/div>\n    <\/div>\n\n\t\n    \n\t\t<\/div>\n\t\t\t\t\t<\/div>\n\n\t\n<\/div>\n\t\t<\/div>\n\n\t\t\n<style>\n#section_1262961136 {\n  padding-top: 30px;\n  padding-bottom: 30px;\n}\n<\/style>\n\t<\/section>\n\t\n","protected":false},"excerpt":{"rendered":"","protected":false},"author":2,"featured_media":0,"parent":43354,"menu_order":0,"comment_status":"closed","ping_status":"closed","template":"page-blank.php","meta":{"_acf_changed":false,"footnotes":""},"class_list":["post-43393","page","type-page","status-publish","hentry"],"acf":[],"yoast_head":"<!-- This site is optimized with the Yoast SEO Premium plugin v27.4 (Yoast SEO v27.4) - https:\/\/yoast.com\/product\/yoast-seo-premium-wordpress\/ -->\n<title>Toll manufacturing - Fermentis<\/title>\n<meta name=\"description\" content=\"Toll manufacturing (fabricaci\u00f3n por encargo) es un servicio que le brinda la oportunidad de disponer de sus levaduras exclusivas para sus innovaciones, con la orientaci\u00f3n de nuestros expertos, desarrolladas y producidas en nuestras propias instalaciones.\" \/>\n<meta name=\"robots\" content=\"index, follow, max-snippet:-1, max-image-preview:large, max-video-preview:-1\" \/>\n<link rel=\"canonical\" href=\"https:\/\/fermentis.com\/es\/other-services\/toll-manufacturing\/\" \/>\n<meta property=\"og:locale\" content=\"es_ES\" \/>\n<meta property=\"og:type\" content=\"article\" \/>\n<meta property=\"og:title\" content=\"Toll manufacturing\" \/>\n<meta property=\"og:description\" content=\"Toll manufacturing (fabricaci\u00f3n por encargo) es un servicio que le brinda la oportunidad de disponer de sus levaduras exclusivas para sus innovaciones, con la orientaci\u00f3n de nuestros expertos, desarrolladas y producidas en nuestras propias instalaciones.\" \/>\n<meta property=\"og:url\" content=\"https:\/\/fermentis.com\/es\/other-services\/toll-manufacturing\/\" \/>\n<meta property=\"og:site_name\" content=\"Fermentis\" \/>\n<meta property=\"article:publisher\" content=\"https:\/\/www.facebook.com\/Fermentis\" \/>\n<meta property=\"article:modified_time\" content=\"2026-04-17T07:49:27+00:00\" \/>\n<meta property=\"og:image\" content=\"https:\/\/fermentis.com\/wp-content\/uploads\/2021\/07\/website-v2.png\" \/>\n\t<meta property=\"og:image:width\" content=\"1903\" \/>\n\t<meta property=\"og:image:height\" content=\"901\" \/>\n\t<meta property=\"og:image:type\" content=\"image\/png\" \/>\n<meta name=\"twitter:card\" content=\"summary_large_image\" \/>\n<meta name=\"twitter:site\" content=\"@fermentis\" \/>\n<meta name=\"twitter:label1\" content=\"Tiempo de lectura\" \/>\n\t<meta name=\"twitter:data1\" content=\"2 minutos\" \/>\n<script type=\"application\/ld+json\" class=\"yoast-schema-graph\">{\"@context\":\"https:\\\/\\\/schema.org\",\"@graph\":[{\"@type\":\"WebPage\",\"@id\":\"https:\\\/\\\/fermentis.com\\\/es\\\/other-services\\\/toll-manufacturing\\\/\",\"url\":\"https:\\\/\\\/fermentis.com\\\/es\\\/other-services\\\/toll-manufacturing\\\/\",\"name\":\"Toll manufacturing - Fermentis\",\"isPartOf\":{\"@id\":\"https:\\\/\\\/fermentis.com\\\/es\\\/#website\"},\"datePublished\":\"2020-03-17T23:00:00+00:00\",\"dateModified\":\"2026-04-17T07:49:27+00:00\",\"description\":\"Toll manufacturing (fabricaci\u00f3n por encargo) es un servicio que le brinda la oportunidad de disponer de sus levaduras exclusivas para sus innovaciones, con la orientaci\u00f3n de nuestros expertos, desarrolladas y producidas en nuestras propias instalaciones.\",\"breadcrumb\":{\"@id\":\"https:\\\/\\\/fermentis.com\\\/es\\\/other-services\\\/toll-manufacturing\\\/#breadcrumb\"},\"inLanguage\":\"es\",\"potentialAction\":[{\"@type\":\"ReadAction\",\"target\":[\"https:\\\/\\\/fermentis.com\\\/es\\\/other-services\\\/toll-manufacturing\\\/\"]}]},{\"@type\":\"BreadcrumbList\",\"@id\":\"https:\\\/\\\/fermentis.com\\\/es\\\/other-services\\\/toll-manufacturing\\\/#breadcrumb\",\"itemListElement\":[{\"@type\":\"ListItem\",\"position\":1,\"name\":\"Home\",\"item\":\"https:\\\/\\\/fermentis.com\\\/es\\\/\"},{\"@type\":\"ListItem\",\"position\":2,\"name\":\"Otros servicios\",\"item\":\"https:\\\/\\\/fermentis.com\\\/es\\\/other-services\\\/\"},{\"@type\":\"ListItem\",\"position\":3,\"name\":\"Toll manufacturing\"}]},{\"@type\":\"WebSite\",\"@id\":\"https:\\\/\\\/fermentis.com\\\/es\\\/#website\",\"url\":\"https:\\\/\\\/fermentis.com\\\/es\\\/\",\"name\":\"Fermentis\",\"description\":\"Un site utilisant WordPress\",\"publisher\":{\"@id\":\"https:\\\/\\\/fermentis.com\\\/es\\\/#organization\"},\"potentialAction\":[{\"@type\":\"SearchAction\",\"target\":{\"@type\":\"EntryPoint\",\"urlTemplate\":\"https:\\\/\\\/fermentis.com\\\/es\\\/?s={search_term_string}\"},\"query-input\":{\"@type\":\"PropertyValueSpecification\",\"valueRequired\":true,\"valueName\":\"search_term_string\"}}],\"inLanguage\":\"es\"},{\"@type\":\"Organization\",\"@id\":\"https:\\\/\\\/fermentis.com\\\/es\\\/#organization\",\"name\":\"Fermentis\",\"url\":\"https:\\\/\\\/fermentis.com\\\/es\\\/\",\"logo\":{\"@type\":\"ImageObject\",\"inLanguage\":\"es\",\"@id\":\"https:\\\/\\\/fermentis.com\\\/es\\\/#\\\/schema\\\/logo\\\/image\\\/\",\"url\":\"https:\\\/\\\/fermentis.com\\\/wp-content\\\/uploads\\\/2021\\\/07\\\/Logo-Fermentis-5.png\",\"contentUrl\":\"https:\\\/\\\/fermentis.com\\\/wp-content\\\/uploads\\\/2021\\\/07\\\/Logo-Fermentis-5.png\",\"width\":308,\"height\":95,\"caption\":\"Fermentis\"},\"image\":{\"@id\":\"https:\\\/\\\/fermentis.com\\\/es\\\/#\\\/schema\\\/logo\\\/image\\\/\"},\"sameAs\":[\"https:\\\/\\\/www.facebook.com\\\/Fermentis\",\"https:\\\/\\\/x.com\\\/fermentis\",\"https:\\\/\\\/www.instagram.com\\\/fermentisbylesaffre\\\/\",\"https:\\\/\\\/www.linkedin.com\\\/company\\\/fermentis\\\/\",\"https:\\\/\\\/www.youtube.com\\\/channel\\\/UCt_Lp3IZnUNXZeqSi6iiAdA\"]}]}<\/script>\n<!-- \/ Yoast SEO Premium plugin. -->","yoast_head_json":{"title":"Toll manufacturing - Fermentis","description":"Toll manufacturing (fabricaci\u00f3n por encargo) es un servicio que le brinda la oportunidad de disponer de sus levaduras exclusivas para sus innovaciones, con la orientaci\u00f3n de nuestros expertos, desarrolladas y producidas en nuestras propias instalaciones.","robots":{"index":"index","follow":"follow","max-snippet":"max-snippet:-1","max-image-preview":"max-image-preview:large","max-video-preview":"max-video-preview:-1"},"canonical":"https:\/\/fermentis.com\/es\/other-services\/toll-manufacturing\/","og_locale":"es_ES","og_type":"article","og_title":"Toll manufacturing","og_description":"Toll manufacturing (fabricaci\u00f3n por encargo) es un servicio que le brinda la oportunidad de disponer de sus levaduras exclusivas para sus innovaciones, con la orientaci\u00f3n de nuestros expertos, desarrolladas y producidas en nuestras propias instalaciones.","og_url":"https:\/\/fermentis.com\/es\/other-services\/toll-manufacturing\/","og_site_name":"Fermentis","article_publisher":"https:\/\/www.facebook.com\/Fermentis","article_modified_time":"2026-04-17T07:49:27+00:00","og_image":[{"width":1903,"height":901,"url":"https:\/\/fermentis.com\/wp-content\/uploads\/2021\/07\/website-v2.png","type":"image\/png"}],"twitter_card":"summary_large_image","twitter_site":"@fermentis","twitter_misc":{"Tiempo de lectura":"2 minutos"},"schema":{"@context":"https:\/\/schema.org","@graph":[{"@type":"WebPage","@id":"https:\/\/fermentis.com\/es\/other-services\/toll-manufacturing\/","url":"https:\/\/fermentis.com\/es\/other-services\/toll-manufacturing\/","name":"Toll manufacturing - Fermentis","isPartOf":{"@id":"https:\/\/fermentis.com\/es\/#website"},"datePublished":"2020-03-17T23:00:00+00:00","dateModified":"2026-04-17T07:49:27+00:00","description":"Toll manufacturing (fabricaci\u00f3n por encargo) es un servicio que le brinda la oportunidad de disponer de sus levaduras exclusivas para sus innovaciones, con la orientaci\u00f3n de nuestros expertos, desarrolladas y producidas en nuestras propias instalaciones.","breadcrumb":{"@id":"https:\/\/fermentis.com\/es\/other-services\/toll-manufacturing\/#breadcrumb"},"inLanguage":"es","potentialAction":[{"@type":"ReadAction","target":["https:\/\/fermentis.com\/es\/other-services\/toll-manufacturing\/"]}]},{"@type":"BreadcrumbList","@id":"https:\/\/fermentis.com\/es\/other-services\/toll-manufacturing\/#breadcrumb","itemListElement":[{"@type":"ListItem","position":1,"name":"Home","item":"https:\/\/fermentis.com\/es\/"},{"@type":"ListItem","position":2,"name":"Otros servicios","item":"https:\/\/fermentis.com\/es\/other-services\/"},{"@type":"ListItem","position":3,"name":"Toll manufacturing"}]},{"@type":"WebSite","@id":"https:\/\/fermentis.com\/es\/#website","url":"https:\/\/fermentis.com\/es\/","name":"Fermentis","description":"Un site utilisant WordPress","publisher":{"@id":"https:\/\/fermentis.com\/es\/#organization"},"potentialAction":[{"@type":"SearchAction","target":{"@type":"EntryPoint","urlTemplate":"https:\/\/fermentis.com\/es\/?s={search_term_string}"},"query-input":{"@type":"PropertyValueSpecification","valueRequired":true,"valueName":"search_term_string"}}],"inLanguage":"es"},{"@type":"Organization","@id":"https:\/\/fermentis.com\/es\/#organization","name":"Fermentis","url":"https:\/\/fermentis.com\/es\/","logo":{"@type":"ImageObject","inLanguage":"es","@id":"https:\/\/fermentis.com\/es\/#\/schema\/logo\/image\/","url":"https:\/\/fermentis.com\/wp-content\/uploads\/2021\/07\/Logo-Fermentis-5.png","contentUrl":"https:\/\/fermentis.com\/wp-content\/uploads\/2021\/07\/Logo-Fermentis-5.png","width":308,"height":95,"caption":"Fermentis"},"image":{"@id":"https:\/\/fermentis.com\/es\/#\/schema\/logo\/image\/"},"sameAs":["https:\/\/www.facebook.com\/Fermentis","https:\/\/x.com\/fermentis","https:\/\/www.instagram.com\/fermentisbylesaffre\/","https:\/\/www.linkedin.com\/company\/fermentis\/","https:\/\/www.youtube.com\/channel\/UCt_Lp3IZnUNXZeqSi6iiAdA"]}]}},"_links":{"self":[{"href":"https:\/\/fermentis.com\/es\/wp-json\/wp\/v2\/pages\/43393","targetHints":{"allow":["GET"]}}],"collection":[{"href":"https:\/\/fermentis.com\/es\/wp-json\/wp\/v2\/pages"}],"about":[{"href":"https:\/\/fermentis.com\/es\/wp-json\/wp\/v2\/types\/page"}],"author":[{"embeddable":true,"href":"https:\/\/fermentis.com\/es\/wp-json\/wp\/v2\/users\/2"}],"replies":[{"embeddable":true,"href":"https:\/\/fermentis.com\/es\/wp-json\/wp\/v2\/comments?post=43393"}],"version-history":[{"count":1536,"href":"https:\/\/fermentis.com\/es\/wp-json\/wp\/v2\/pages\/43393\/revisions"}],"predecessor-version":[{"id":717701,"href":"https:\/\/fermentis.com\/es\/wp-json\/wp\/v2\/pages\/43393\/revisions\/717701"}],"up":[{"embeddable":true,"href":"https:\/\/fermentis.com\/es\/wp-json\/wp\/v2\/pages\/43354"}],"wp:attachment":[{"href":"https:\/\/fermentis.com\/es\/wp-json\/wp\/v2\/media?parent=43393"}],"curies":[{"name":"wp","href":"https:\/\/api.w.org\/{rel}","templated":true}]}}