{"id":43412,"date":"2020-02-08T00:00:00","date_gmt":"2020-02-07T23:00:00","guid":{"rendered":"https:\/\/fermentis.com\/our-company\/"},"modified":"2026-04-14T18:54:29","modified_gmt":"2026-04-14T16:54:29","slug":"our-company","status":"publish","type":"page","link":"https:\/\/fermentis.com\/es\/our-company\/","title":{"rendered":"Nuestra empresa"},"content":{"rendered":"\n\t<section class=\"section\" id=\"section_1530605433\">\n\t\t<div class=\"section-bg fill\" >\n\t\t\t\t\t\t\t\t\t\n\t\t\t\n\n\t\t<\/div>\n\n\t\t\n\n\t\t<div class=\"section-content relative\">\n\t\t\t\n\n  <div class=\"banner has-hover has-parallax\" id=\"banner-973981512\">\n          <div class=\"banner-inner fill\">\n        <div class=\"banner-bg fill\" data-parallax=\"-4\" data-parallax-container=\".banner\" data-parallax-background>\n            <img loading=\"lazy\" decoding=\"async\" width=\"1020\" height=\"398\" src=\"https:\/\/fermentis.com\/wp-content\/uploads\/2020\/02\/fermentis-corporate-bg-1024x400.jpg\" class=\"bg attachment-large size-large\" alt=\"\" \/>                                    \n                    <\/div>\n\t\t\n        <div class=\"banner-layers container\">\n            <div class=\"fill banner-link\"><\/div>            \n   <div id=\"text-box-1600613961\" class=\"text-box banner-layer x50 md-x50 lg-x50 y50 md-y50 lg-y50 res-text\">\n                                <div class=\"text-box-content text dark\">\n              \n              <div class=\"text-inner text-center\">\n                  \n<h1 class=\"uppercase\" style=\"text-align: center\"><span style=\"font-size: 65%\">Nuestra empresa<\/span><\/h1>\n<p style=\"text-align: center\">L\u00edder mundial en levaduras y soluciones para la fermentaci\u00f3n<\/p>\n              <\/div>\n           <\/div>\n                            \n<style>\n#text-box-1600613961 {\n  width: 60%;\n}\n#text-box-1600613961 .text-box-content {\n  font-size: 100%;\n}\n<\/style>\n    <\/div>\n \n        <\/div>\n      <\/div>\n\n            \n<style>\n#banner-973981512 {\n  padding-top: 300px;\n}\n#banner-973981512 .banner-bg img {\n  object-position: 56% 49%;\n}\n<\/style>\n  <\/div>\n\n\n\t\t<\/div>\n\n\t\t\n<style>\n#section_1530605433 {\n  padding-top: 0px;\n  padding-bottom: 0px;\n}\n<\/style>\n\t<\/section>\n\t\n\n\t<section class=\"section\" id=\"section_1994993326\">\n\t\t<div class=\"section-bg fill\" >\n\t\t\t\t\t\t\t\t\t\n\t\t\t\n\n\t\t<\/div>\n\n\t\t\n\n\t\t<div class=\"section-content relative\">\n\t\t\t\n\t<div id=\"gap-887165794\" class=\"gap-element clearfix\" style=\"display:block; height:auto;\">\n\t\t\n<style>\n#gap-887165794 {\n  padding-top: 20px;\n}\n<\/style>\n\t<\/div>\n\t\n<div class=\"row align-center\"  id=\"row-1351603529\">\n\n\t<div id=\"col-1142195063\" class=\"col small-10 large-12\"  >\n\t\t\t\t<div class=\"col-inner\"  >\n\t\t\t\n\t\t\t\n<h3 style=\"text-align: center\">Fermentis es una empresa \u00e1gil y en expansi\u00f3n, dedicada a la industria de las bebidas fermentadas. Es una unidad de negoios del grupo Lesaffre, referencia mundial en levaduras y todas sus aplicaciones desde hace m\u00e1s de 160 a\u00f1os. Nuestras ra\u00edces son fuertes, pero tenemos un esp\u00edritu audaz. Muchas cosas ocurren durante la fermentaci\u00f3n en t\u00e9rminos de sabor, aroma y placer sensorial&#8230;, nuestro objetivo es descubrirlas para usted.<\/h3>\n\t\t<\/div>\n\t\t\t\t\t<\/div>\n\n\t\n<\/div>\n\t\t<\/div>\n\n\t\t\n<style>\n#section_1994993326 {\n  padding-top: 20px;\n  padding-bottom: 20px;\n}\n<\/style>\n\t<\/section>\n\t\n<div class=\"row row-collapse\"  id=\"row-392475223\">\n\n\t<div id=\"col-1328142314\" class=\"col medium-6 small-12 large-6\"  >\n\t\t\t\t<div class=\"col-inner\"  >\n\t\t\t\n\t\t\t\n\n  <div class=\"banner has-hover has-parallax\" id=\"banner-1359602328\">\n          <div class=\"banner-inner fill\">\n        <div class=\"banner-bg fill\" data-parallax=\"-2\" data-parallax-container=\".banner\" data-parallax-background>\n            <img loading=\"lazy\" decoding=\"async\" width=\"2560\" height=\"1707\" src=\"https:\/\/fermentis.com\/wp-content\/uploads\/2020\/02\/artur-lysyuk-R4Mrc82AQYk-unsplash-1-scaled-1.jpg\" class=\"bg attachment-original size-original\" alt=\"\" \/>                                    \n                    <\/div>\n\t\t\n        <div class=\"banner-layers container\">\n            <div class=\"fill banner-link\"><\/div>            \n        <\/div>\n      <\/div>\n\n            \n<style>\n#banner-1359602328 {\n  padding-top: 400px;\n}\n<\/style>\n  <\/div>\n\n\n\t\t<\/div>\n\t\t\t\t\t<\/div>\n\n\t\n\n\t<div id=\"col-428011042\" class=\"col medium-6 small-12 large-6\"  >\n\t\t\t\t<div class=\"col-inner\"  >\n\t\t\t\n\t\t\t\n\n  <div class=\"banner has-hover\" id=\"banner-1824110222\">\n          <div class=\"banner-inner fill\">\n        <div class=\"banner-bg fill\" >\n                                                \n                    <\/div>\n\t\t\n        <div class=\"banner-layers container\">\n            <div class=\"fill banner-link\"><\/div>            \n   <div id=\"text-box-1774374728\" class=\"text-box banner-layer x50 md-x50 lg-x50 y50 md-y50 lg-y50 res-text\">\n                                <div class=\"text-box-content text \">\n              \n              <div class=\"text-inner text-left\">\n                  \n<h3 style=\"text-align: left\"><span data-text-color=\"alert\"><strong>Somos expertos en fermentaci\u00f3n<\/strong><\/span><\/h3>\n\t<div id=\"gap-1465458225\" class=\"gap-element clearfix\" style=\"display:block; height:auto;\">\n\t\t\n<style>\n#gap-1465458225 {\n  padding-top: &quot;20px&quot;;\n}\n<\/style>\n\t<\/div>\n\t\n<p style=\"text-align: left\">Fermentis trabaja con todos en el mundo de la cerveza, el vino, los destilados y otras bebidas fermentadas. Su gama de productos y servicios cubre casi todas las necesidades profesionales: desde asegurar una correcta producci\u00f3n hasta la expresi\u00f3n de las caracter\u00edsticas sensoriales.<\/p>\n\t<div id=\"gap-507076668\" class=\"gap-element clearfix\" style=\"display:block; height:auto;\">\n\t\t\n<style>\n#gap-507076668 {\n  padding-top: &quot;20px&quot;;\n}\n<\/style>\n\t<\/div>\n\t\n<a href=\"https:\/\/fermentis.com\/es\/our-company\/fermentation-expert\/\" class=\"button primary is-link\" >\n\t\t<span>LEER M\u00c1S<\/span>\n\t<i class=\"icon-angle-right\" aria-hidden=\"true\"><\/i><\/a>\n\n              <\/div>\n           <\/div>\n                            \n<style>\n#text-box-1774374728 {\n  width: 80%;\n}\n#text-box-1774374728 .text-box-content {\n  font-size: 140%;\n}\n<\/style>\n    <\/div>\n \n        <\/div>\n      <\/div>\n\n            \n<style>\n#banner-1824110222 {\n  padding-top: 400px;\n  background-color: rgb(255,255,255);\n}\n<\/style>\n  <\/div>\n\n\n\t\t<\/div>\n\t\t\t\t\t<\/div>\n\n\t\n<\/div>\n<div class=\"row row-collapse\"  id=\"row-538622893\">\n\n\t<div id=\"col-1408289020\" class=\"col medium-6 small-12 large-6\"  >\n\t\t\t\t<div class=\"col-inner\"  >\n\t\t\t\n\t\t\t\n\n  <div class=\"banner has-hover\" id=\"banner-1667840928\">\n          <div class=\"banner-inner fill\">\n        <div class=\"banner-bg fill\" >\n                                                \n                    <\/div>\n\t\t\n        <div class=\"banner-layers container\">\n            <div class=\"fill banner-link\"><\/div>            \n   <div id=\"text-box-1460657417\" class=\"text-box banner-layer x50 md-x50 lg-x50 y50 md-y50 lg-y50 res-text\">\n                                <div class=\"text-box-content text \">\n              \n              <div class=\"text-inner text-left\">\n                  \n<h3 style=\"text-align: left\"><span data-text-color=\"alert\"><strong>Impulsamos su creatividad<\/strong><\/span><\/h3>\n\t<div id=\"gap-1175320469\" class=\"gap-element clearfix\" style=\"display:block; height:auto;\">\n\t\t\n<style>\n#gap-1175320469 {\n  padding-top: &quot;20px&quot;;\n}\n<\/style>\n\t<\/div>\n\t\n<p style=\"text-align: left\">Todo lo que hacemos para facilitarle la fermentaci\u00f3n, para asegurar sus rendimientos o incluso para ahorrarle tiempo, persigue un mismo objetivo: ayudarle a inventar y a crear. Nuestra intenci\u00f3n es que pueda centrarse en lo que hace la diferencia: el sabor y el aroma de sus bebidas.<\/p>\n\t<div id=\"gap-56252825\" class=\"gap-element clearfix\" style=\"display:block; height:auto;\">\n\t\t\n<style>\n#gap-56252825 {\n  padding-top: &quot;20px&quot;;\n}\n<\/style>\n\t<\/div>\n\t\n<a href=\"https:\/\/fermentis.com\/es\/our-company\/supporting-creativity\/\" class=\"button primary is-link\" >\n\t\t<span>LEER M\u00c1S<\/span>\n\t<i class=\"icon-angle-right\" aria-hidden=\"true\"><\/i><\/a>\n\n              <\/div>\n           <\/div>\n                            \n<style>\n#text-box-1460657417 {\n  width: 80%;\n}\n#text-box-1460657417 .text-box-content {\n  font-size: 140%;\n}\n<\/style>\n    <\/div>\n \n        <\/div>\n      <\/div>\n\n            \n<style>\n#banner-1667840928 {\n  padding-top: 400px;\n  background-color: rgb(255,255,255);\n}\n<\/style>\n  <\/div>\n\n\n\t\t<\/div>\n\t\t\t\t\t<\/div>\n\n\t\n\n\t<div id=\"col-843475144\" class=\"col medium-6 small-12 large-6 small-col-first\"  >\n\t\t\t\t<div class=\"col-inner\"  >\n\t\t\t\n\t\t\t\n\n  <div class=\"banner has-hover has-parallax\" id=\"banner-489971574\">\n          <div class=\"banner-inner fill\">\n        <div class=\"banner-bg fill\" data-parallax=\"-2\" data-parallax-container=\".banner\" data-parallax-background>\n            <img loading=\"lazy\" decoding=\"async\" width=\"1020\" height=\"583\" src=\"https:\/\/fermentis.com\/wp-content\/uploads\/2020\/03\/experts-fermentation-1024x585.png\" class=\"bg attachment-large size-large\" alt=\"\" \/>                                    \n                    <\/div>\n\t\t\n        <div class=\"banner-layers container\">\n            <div class=\"fill banner-link\"><\/div>            \n        <\/div>\n      <\/div>\n\n            \n<style>\n#banner-489971574 {\n  padding-top: 400px;\n}\n<\/style>\n  <\/div>\n\n\n\t\t<\/div>\n\t\t\t\t\t<\/div>\n\n\t\n<\/div>\n<div class=\"row row-collapse\"  id=\"row-162275420\">\n\n\t<div id=\"col-608058209\" class=\"col medium-6 small-12 large-6\"  >\n\t\t\t\t<div class=\"col-inner\"  >\n\t\t\t\n\t\t\t\n\n  <div class=\"banner has-hover has-parallax\" id=\"banner-2128539937\">\n          <div class=\"banner-inner fill\">\n        <div class=\"banner-bg fill\" data-parallax=\"-2\" data-parallax-container=\".banner\" data-parallax-background>\n            <img loading=\"lazy\" decoding=\"async\" width=\"1020\" height=\"583\" src=\"https:\/\/fermentis.com\/wp-content\/uploads\/2020\/03\/passionate-people-1024x585.png\" class=\"bg attachment-large size-large\" alt=\"\" \/>                                    \n                    <\/div>\n\t\t\n        <div class=\"banner-layers container\">\n            <div class=\"fill banner-link\"><\/div>            \n        <\/div>\n      <\/div>\n\n            \n<style>\n#banner-2128539937 {\n  padding-top: 400px;\n}\n#banner-2128539937 .banner-bg img {\n  object-position: 0% 48%;\n}\n<\/style>\n  <\/div>\n\n\n\t\t<\/div>\n\t\t\t\t\t<\/div>\n\n\t\n\n\t<div id=\"col-1599882333\" class=\"col medium-6 small-12 large-6\"  >\n\t\t\t\t<div class=\"col-inner\"  >\n\t\t\t\n\t\t\t\n\n  <div class=\"banner has-hover\" id=\"banner-376247688\">\n          <div class=\"banner-inner fill\">\n        <div class=\"banner-bg fill\" >\n                                                \n                    <\/div>\n\t\t\n        <div class=\"banner-layers container\">\n            <div class=\"fill banner-link\"><\/div>            \n   <div id=\"text-box-1848241055\" class=\"text-box banner-layer x50 md-x50 lg-x50 y50 md-y50 lg-y50 res-text\">\n                                <div class=\"text-box-content text \">\n              \n              <div class=\"text-inner text-left\">\n                  \n<h3 style=\"text-align: left\"><span data-text-color=\"alert\"><strong>Somos personas apasionadas<\/strong><\/span><\/h3>\n\t<div id=\"gap-1955032074\" class=\"gap-element clearfix\" style=\"display:block; height:auto;\">\n\t\t\n<style>\n#gap-1955032074 {\n  padding-top: &quot;20px&quot;;\n}\n<\/style>\n\t<\/div>\n\t\n<p style=\"text-align: left\">Somos en\u00f3logos, cerveceros, cient\u00edficos, ingenieros, expertos en log\u00edstica, creadores de tendencias, investigadores, expertos en marketing&#8230; Pero tambi\u00e9n somos hombres y mujeres con convicci\u00f3n y pasi\u00f3n. Al igual que a usted y a sus consumidores, nos gusta la cerveza, el vino, el tequila y el co\u00f1ac, y hacemos todo lo posible por contribuir a su calidad.<\/p>\n\t<div id=\"gap-1222868932\" class=\"gap-element clearfix\" style=\"display:block; height:auto;\">\n\t\t\n<style>\n#gap-1222868932 {\n  padding-top: &quot;20px&quot;;\n}\n<\/style>\n\t<\/div>\n\t\n<a href=\"https:\/\/fermentis.com\/es\/our-company\/passionate-team\/\" class=\"button primary is-link\" >\n\t\t<span>LEER M\u00c1S<\/span>\n\t<i class=\"icon-angle-right\" aria-hidden=\"true\"><\/i><\/a>\n\n              <\/div>\n           <\/div>\n                            \n<style>\n#text-box-1848241055 {\n  width: 80%;\n}\n#text-box-1848241055 .text-box-content {\n  font-size: 140%;\n}\n<\/style>\n    <\/div>\n \n        <\/div>\n      <\/div>\n\n            \n<style>\n#banner-376247688 {\n  padding-top: 400px;\n  background-color: rgb(255,255,255);\n}\n<\/style>\n  <\/div>\n\n\n\t\t<\/div>\n\t\t\t\t\t<\/div>\n\n\t\n<\/div>\n<div class=\"row row-collapse\"  id=\"row-404361293\">\n\n\t<div id=\"col-1743092698\" class=\"col medium-6 small-12 large-6\"  >\n\t\t\t\t<div class=\"col-inner\"  >\n\t\t\t\n\t\t\t\n\n  <div class=\"banner has-hover\" id=\"banner-1759438939\">\n          <div class=\"banner-inner fill\">\n        <div class=\"banner-bg fill\" >\n                                                \n                    <\/div>\n\t\t\n        <div class=\"banner-layers container\">\n            <div class=\"fill banner-link\"><\/div>            \n   <div id=\"text-box-1276919420\" class=\"text-box banner-layer x50 md-x50 lg-x50 y50 md-y50 lg-y50 res-text\">\n                                <div class=\"text-box-content text \">\n              \n              <div class=\"text-inner text-left\">\n                  \n<h3 style=\"text-align: left\"><span data-text-color=\"alert\"><strong>La innovaci\u00f3n es nuestro motor<\/strong><\/span><\/h3>\n\t<div id=\"gap-375855964\" class=\"gap-element clearfix\" style=\"display:block; height:auto;\">\n\t\t\n<style>\n#gap-375855964 {\n  padding-top: &quot;20px&quot;;\n}\n<\/style>\n\t<\/div>\n\t\n<p style=\"text-align: left\">Nuestros clientes trabajan en mercados muy competitivos, para consumidores exigentes pero vol\u00e1tiles; las regulaciones son cada vez m\u00e1s complejas y las dificultades clim\u00e1ticas se suman a la presi\u00f3n operativa. Todo evoluciona constantemente y los cambios suceden con extrema rapidez.<\/p>\n\t<div id=\"gap-796218100\" class=\"gap-element clearfix\" style=\"display:block; height:auto;\">\n\t\t\n<style>\n#gap-796218100 {\n  padding-top: &quot;20px&quot;;\n}\n<\/style>\n\t<\/div>\n\t\n<a href=\"https:\/\/fermentis.com\/es\/?page_id=43470\" class=\"button primary is-link\" >\n\t\t<span>LEER M\u00c1S<\/span>\n\t<i class=\"icon-angle-right\" aria-hidden=\"true\"><\/i><\/a>\n\n              <\/div>\n           <\/div>\n                            \n<style>\n#text-box-1276919420 {\n  width: 80%;\n}\n#text-box-1276919420 .text-box-content {\n  font-size: 140%;\n}\n<\/style>\n    <\/div>\n \n        <\/div>\n      <\/div>\n\n            \n<style>\n#banner-1759438939 {\n  padding-top: 400px;\n  background-color: rgb(255,255,255);\n}\n<\/style>\n  <\/div>\n\n\n\t\t<\/div>\n\t\t\t\t\t<\/div>\n\n\t\n\n\t<div id=\"col-997502986\" class=\"col medium-6 small-12 large-6 small-col-first\"  >\n\t\t\t\t<div class=\"col-inner\"  >\n\t\t\t\n\t\t\t\n\n  <div class=\"banner has-hover has-parallax\" id=\"banner-113842150\">\n          <div class=\"banner-inner fill\">\n        <div class=\"banner-bg fill\" data-parallax=\"-2\" data-parallax-container=\".banner\" data-parallax-background>\n            <img loading=\"lazy\" decoding=\"async\" width=\"1020\" height=\"583\" src=\"https:\/\/fermentis.com\/wp-content\/uploads\/2020\/03\/laboratory-research-1024x585.png\" class=\"bg attachment-large size-large\" alt=\"\" \/>                        <div class=\"overlay\"><\/div>            \n                    <\/div>\n\t\t\n        <div class=\"banner-layers container\">\n            <div class=\"fill banner-link\"><\/div>            \n        <\/div>\n      <\/div>\n\n            \n<style>\n#banner-113842150 {\n  padding-top: 400px;\n}\n#banner-113842150 .overlay {\n  background-color: rgba(239, 117, 0, 0.24);\n}\n#banner-113842150 .banner-bg img {\n  object-position: 0% 93%;\n}\n<\/style>\n  <\/div>\n\n\n\t\t<\/div>\n\t\t\t\t\t<\/div>\n\n\t\n<\/div>\n","protected":false},"excerpt":{"rendered":"","protected":false},"author":2,"featured_media":0,"parent":0,"menu_order":0,"comment_status":"closed","ping_status":"closed","template":"page-blank.php","meta":{"_acf_changed":false,"footnotes":""},"class_list":["post-43412","page","type-page","status-publish","hentry"],"acf":[],"yoast_head":"<!-- This site is optimized with the Yoast SEO Premium plugin v27.3 (Yoast SEO v27.4) - https:\/\/yoast.com\/product\/yoast-seo-premium-wordpress\/ -->\n<title>Nuestra empresa - Fermentis<\/title>\n<meta name=\"description\" content=\"Nuestra empresa se dedica a la industria de las bebidas fermentadas. Somos expertos en fermentaci\u00f3n. Nuestro objetivo es facilitarle la fermentaci\u00f3n.\" \/>\n<meta name=\"robots\" content=\"index, follow, max-snippet:-1, max-image-preview:large, max-video-preview:-1\" \/>\n<link rel=\"canonical\" href=\"https:\/\/fermentis.com\/es\/our-company\/\" \/>\n<meta property=\"og:locale\" content=\"es_ES\" \/>\n<meta property=\"og:type\" content=\"article\" \/>\n<meta property=\"og:title\" content=\"Nuestra empresa\" \/>\n<meta property=\"og:description\" content=\"Nuestra empresa se dedica a la industria de las bebidas fermentadas. Somos expertos en fermentaci\u00f3n. Nuestro objetivo es facilitarle la fermentaci\u00f3n.\" \/>\n<meta property=\"og:url\" content=\"https:\/\/fermentis.com\/es\/our-company\/\" \/>\n<meta property=\"og:site_name\" content=\"Fermentis\" \/>\n<meta property=\"article:publisher\" content=\"https:\/\/www.facebook.com\/Fermentis\" \/>\n<meta property=\"article:modified_time\" content=\"2026-04-14T16:54:29+00:00\" \/>\n<meta property=\"og:image\" content=\"https:\/\/fermentis.com\/wp-content\/uploads\/2021\/07\/website-v2.png\" \/>\n\t<meta property=\"og:image:width\" content=\"1903\" \/>\n\t<meta property=\"og:image:height\" content=\"901\" \/>\n\t<meta property=\"og:image:type\" content=\"image\/png\" \/>\n<meta name=\"twitter:card\" content=\"summary_large_image\" \/>\n<meta name=\"twitter:site\" content=\"@fermentis\" \/>\n<meta name=\"twitter:label1\" content=\"Tiempo de lectura\" \/>\n\t<meta name=\"twitter:data1\" content=\"3 minutos\" \/>\n<script type=\"application\/ld+json\" class=\"yoast-schema-graph\">{\"@context\":\"https:\\\/\\\/schema.org\",\"@graph\":[{\"@type\":\"WebPage\",\"@id\":\"https:\\\/\\\/fermentis.com\\\/es\\\/our-company\\\/\",\"url\":\"https:\\\/\\\/fermentis.com\\\/es\\\/our-company\\\/\",\"name\":\"Nuestra empresa - Fermentis\",\"isPartOf\":{\"@id\":\"https:\\\/\\\/fermentis.com\\\/es\\\/#website\"},\"datePublished\":\"2020-02-07T23:00:00+00:00\",\"dateModified\":\"2026-04-14T16:54:29+00:00\",\"description\":\"Nuestra empresa se dedica a la industria de las bebidas fermentadas. Somos expertos en fermentaci\u00f3n. Nuestro objetivo es facilitarle la fermentaci\u00f3n.\",\"breadcrumb\":{\"@id\":\"https:\\\/\\\/fermentis.com\\\/es\\\/our-company\\\/#breadcrumb\"},\"inLanguage\":\"es\",\"potentialAction\":[{\"@type\":\"ReadAction\",\"target\":[\"https:\\\/\\\/fermentis.com\\\/es\\\/our-company\\\/\"]}]},{\"@type\":\"BreadcrumbList\",\"@id\":\"https:\\\/\\\/fermentis.com\\\/es\\\/our-company\\\/#breadcrumb\",\"itemListElement\":[{\"@type\":\"ListItem\",\"position\":1,\"name\":\"Home\",\"item\":\"https:\\\/\\\/fermentis.com\\\/es\\\/\"},{\"@type\":\"ListItem\",\"position\":2,\"name\":\"Nuestra empresa\"}]},{\"@type\":\"WebSite\",\"@id\":\"https:\\\/\\\/fermentis.com\\\/es\\\/#website\",\"url\":\"https:\\\/\\\/fermentis.com\\\/es\\\/\",\"name\":\"Fermentis\",\"description\":\"Un site utilisant WordPress\",\"publisher\":{\"@id\":\"https:\\\/\\\/fermentis.com\\\/es\\\/#organization\"},\"potentialAction\":[{\"@type\":\"SearchAction\",\"target\":{\"@type\":\"EntryPoint\",\"urlTemplate\":\"https:\\\/\\\/fermentis.com\\\/es\\\/?s={search_term_string}\"},\"query-input\":{\"@type\":\"PropertyValueSpecification\",\"valueRequired\":true,\"valueName\":\"search_term_string\"}}],\"inLanguage\":\"es\"},{\"@type\":\"Organization\",\"@id\":\"https:\\\/\\\/fermentis.com\\\/es\\\/#organization\",\"name\":\"Fermentis\",\"url\":\"https:\\\/\\\/fermentis.com\\\/es\\\/\",\"logo\":{\"@type\":\"ImageObject\",\"inLanguage\":\"es\",\"@id\":\"https:\\\/\\\/fermentis.com\\\/es\\\/#\\\/schema\\\/logo\\\/image\\\/\",\"url\":\"https:\\\/\\\/fermentis.com\\\/wp-content\\\/uploads\\\/2021\\\/07\\\/Logo-Fermentis-5.png\",\"contentUrl\":\"https:\\\/\\\/fermentis.com\\\/wp-content\\\/uploads\\\/2021\\\/07\\\/Logo-Fermentis-5.png\",\"width\":308,\"height\":95,\"caption\":\"Fermentis\"},\"image\":{\"@id\":\"https:\\\/\\\/fermentis.com\\\/es\\\/#\\\/schema\\\/logo\\\/image\\\/\"},\"sameAs\":[\"https:\\\/\\\/www.facebook.com\\\/Fermentis\",\"https:\\\/\\\/x.com\\\/fermentis\",\"https:\\\/\\\/www.instagram.com\\\/fermentisbylesaffre\\\/\",\"https:\\\/\\\/www.linkedin.com\\\/company\\\/fermentis\\\/\",\"https:\\\/\\\/www.youtube.com\\\/channel\\\/UCt_Lp3IZnUNXZeqSi6iiAdA\"]}]}<\/script>\n<!-- \/ Yoast SEO Premium plugin. -->","yoast_head_json":{"title":"Nuestra empresa - Fermentis","description":"Nuestra empresa se dedica a la industria de las bebidas fermentadas. Somos expertos en fermentaci\u00f3n. Nuestro objetivo es facilitarle la fermentaci\u00f3n.","robots":{"index":"index","follow":"follow","max-snippet":"max-snippet:-1","max-image-preview":"max-image-preview:large","max-video-preview":"max-video-preview:-1"},"canonical":"https:\/\/fermentis.com\/es\/our-company\/","og_locale":"es_ES","og_type":"article","og_title":"Nuestra empresa","og_description":"Nuestra empresa se dedica a la industria de las bebidas fermentadas. Somos expertos en fermentaci\u00f3n. Nuestro objetivo es facilitarle la fermentaci\u00f3n.","og_url":"https:\/\/fermentis.com\/es\/our-company\/","og_site_name":"Fermentis","article_publisher":"https:\/\/www.facebook.com\/Fermentis","article_modified_time":"2026-04-14T16:54:29+00:00","og_image":[{"width":1903,"height":901,"url":"https:\/\/fermentis.com\/wp-content\/uploads\/2021\/07\/website-v2.png","type":"image\/png"}],"twitter_card":"summary_large_image","twitter_site":"@fermentis","twitter_misc":{"Tiempo de lectura":"3 minutos"},"schema":{"@context":"https:\/\/schema.org","@graph":[{"@type":"WebPage","@id":"https:\/\/fermentis.com\/es\/our-company\/","url":"https:\/\/fermentis.com\/es\/our-company\/","name":"Nuestra empresa - Fermentis","isPartOf":{"@id":"https:\/\/fermentis.com\/es\/#website"},"datePublished":"2020-02-07T23:00:00+00:00","dateModified":"2026-04-14T16:54:29+00:00","description":"Nuestra empresa se dedica a la industria de las bebidas fermentadas. Somos expertos en fermentaci\u00f3n. Nuestro objetivo es facilitarle la fermentaci\u00f3n.","breadcrumb":{"@id":"https:\/\/fermentis.com\/es\/our-company\/#breadcrumb"},"inLanguage":"es","potentialAction":[{"@type":"ReadAction","target":["https:\/\/fermentis.com\/es\/our-company\/"]}]},{"@type":"BreadcrumbList","@id":"https:\/\/fermentis.com\/es\/our-company\/#breadcrumb","itemListElement":[{"@type":"ListItem","position":1,"name":"Home","item":"https:\/\/fermentis.com\/es\/"},{"@type":"ListItem","position":2,"name":"Nuestra empresa"}]},{"@type":"WebSite","@id":"https:\/\/fermentis.com\/es\/#website","url":"https:\/\/fermentis.com\/es\/","name":"Fermentis","description":"Un site utilisant WordPress","publisher":{"@id":"https:\/\/fermentis.com\/es\/#organization"},"potentialAction":[{"@type":"SearchAction","target":{"@type":"EntryPoint","urlTemplate":"https:\/\/fermentis.com\/es\/?s={search_term_string}"},"query-input":{"@type":"PropertyValueSpecification","valueRequired":true,"valueName":"search_term_string"}}],"inLanguage":"es"},{"@type":"Organization","@id":"https:\/\/fermentis.com\/es\/#organization","name":"Fermentis","url":"https:\/\/fermentis.com\/es\/","logo":{"@type":"ImageObject","inLanguage":"es","@id":"https:\/\/fermentis.com\/es\/#\/schema\/logo\/image\/","url":"https:\/\/fermentis.com\/wp-content\/uploads\/2021\/07\/Logo-Fermentis-5.png","contentUrl":"https:\/\/fermentis.com\/wp-content\/uploads\/2021\/07\/Logo-Fermentis-5.png","width":308,"height":95,"caption":"Fermentis"},"image":{"@id":"https:\/\/fermentis.com\/es\/#\/schema\/logo\/image\/"},"sameAs":["https:\/\/www.facebook.com\/Fermentis","https:\/\/x.com\/fermentis","https:\/\/www.instagram.com\/fermentisbylesaffre\/","https:\/\/www.linkedin.com\/company\/fermentis\/","https:\/\/www.youtube.com\/channel\/UCt_Lp3IZnUNXZeqSi6iiAdA"]}]}},"_links":{"self":[{"href":"https:\/\/fermentis.com\/es\/wp-json\/wp\/v2\/pages\/43412","targetHints":{"allow":["GET"]}}],"collection":[{"href":"https:\/\/fermentis.com\/es\/wp-json\/wp\/v2\/pages"}],"about":[{"href":"https:\/\/fermentis.com\/es\/wp-json\/wp\/v2\/types\/page"}],"author":[{"embeddable":true,"href":"https:\/\/fermentis.com\/es\/wp-json\/wp\/v2\/users\/2"}],"replies":[{"embeddable":true,"href":"https:\/\/fermentis.com\/es\/wp-json\/wp\/v2\/comments?post=43412"}],"version-history":[{"count":3073,"href":"https:\/\/fermentis.com\/es\/wp-json\/wp\/v2\/pages\/43412\/revisions"}],"predecessor-version":[{"id":716786,"href":"https:\/\/fermentis.com\/es\/wp-json\/wp\/v2\/pages\/43412\/revisions\/716786"}],"wp:attachment":[{"href":"https:\/\/fermentis.com\/es\/wp-json\/wp\/v2\/media?parent=43412"}],"curies":[{"name":"wp","href":"https:\/\/api.w.org\/{rel}","templated":true}]}}