{"id":43489,"date":"2020-02-20T00:00:00","date_gmt":"2020-02-19T23:00:00","guid":{"rendered":"https:\/\/fermentis.com\/our-company\/lesaffre-group\/"},"modified":"2026-04-10T04:49:42","modified_gmt":"2026-04-10T02:49:42","slug":"lesaffre-group","status":"publish","type":"page","link":"https:\/\/fermentis.com\/es\/our-company\/lesaffre-group\/","title":{"rendered":"Grupo Lesaffre"},"content":{"rendered":"\n\t<section class=\"section\" id=\"section_624258016\">\n\t\t<div class=\"section-bg fill\" >\n\t\t\t<img loading=\"lazy\" decoding=\"async\" width=\"1940\" height=\"758\" src=\"https:\/\/fermentis.com\/wp-content\/uploads\/2020\/02\/fermentis-corporate-bg.jpg\" class=\"bg attachment- size-\" alt=\"\" \/>\t\t\t\t\t\t<div class=\"section-bg-overlay absolute fill\"><\/div>\n\t\t\t\n\n\t\t<\/div>\n\n\t\t\n\n\t\t<div class=\"section-content relative\">\n\t\t\t\n\n  <div class=\"banner has-hover has-parallax\" id=\"banner-1696387584\">\n          <div class=\"banner-inner fill\">\n        <div class=\"banner-bg fill\" data-parallax=\"-4\" data-parallax-container=\".banner\" data-parallax-background>\n            <img loading=\"lazy\" decoding=\"async\" width=\"1500\" height=\"854\" src=\"https:\/\/fermentis.com\/wp-content\/uploads\/2020\/09\/lesaffre-bg.png\" class=\"bg attachment-original size-original\" alt=\"\" \/>                        <div class=\"overlay\"><\/div>            \n                    <\/div>\n\t\t\n        <div class=\"banner-layers container\">\n            <div class=\"fill banner-link\"><\/div>            \n   <div id=\"text-box-1702157875\" class=\"text-box banner-layer x50 md-x50 lg-x50 y50 md-y50 lg-y50 res-text\">\n                                <div class=\"text-box-content text dark\">\n              \n              <div class=\"text-inner text-center\">\n                  \n\t<div class=\"img has-hover x md-x lg-x y md-y lg-y\" id=\"image_636562338\">\n\t\t\t\t\t\t\t\t<div class=\"img-inner dark\" >\n\t\t\t<img loading=\"lazy\" decoding=\"async\" width=\"500\" height=\"322\" src=\"https:\/\/fermentis.com\/wp-content\/uploads\/2020\/10\/lesaffre-logo-white.png\" class=\"attachment-large size-large\" alt=\"\" \/>\t\t\t\t\t\t\n\t\t\t\t\t<\/div>\n\t\t\t\t\t\t\t\t\n<style>\n#image_636562338 {\n  width: 50%;\n}\n<\/style>\n\t<\/div>\n\t\n              <\/div>\n           <\/div>\n                            \n<style>\n#text-box-1702157875 {\n  width: 60%;\n}\n#text-box-1702157875 .text-box-content {\n  font-size: 100%;\n}\n<\/style>\n    <\/div>\n \n        <\/div>\n      <\/div>\n\n            \n<style>\n#banner-1696387584 {\n  padding-top: 300px;\n}\n#banner-1696387584 .overlay {\n  background-color: rgba(0, 0, 0, 0.36);\n}\n#banner-1696387584 .banner-bg img {\n  object-position: 48% 68%;\n}\n<\/style>\n  <\/div>\n\n\n\t\t<\/div>\n\n\t\t\n<style>\n#section_624258016 {\n  padding-top: 0px;\n  padding-bottom: 0px;\n}\n#section_624258016 .section-bg-overlay {\n  background-color: rgba(239, 117, 0, 0.7);\n}\n<\/style>\n\t<\/section>\n\t\n\t<div id=\"gap-963537133\" class=\"gap-element clearfix\" style=\"display:block; height:auto;\">\n\t\t\n<style>\n#gap-963537133 {\n  padding-top: 40px;\n}\n<\/style>\n\t<\/div>\n\t\n<div class=\"row\"  id=\"row-883410127\">\n\n\t<div id=\"col-873084724\" class=\"col medium-4 small-12 large-4\"  >\n\t\t\t\t<div class=\"col-inner text-center\"  >\n\t\t\t\n\t\t\t\n\t<div class=\"img has-hover x md-x lg-x y md-y lg-y\" id=\"image_184920848\">\n\t\t\t\t\t\t\t\t<div class=\"img-inner dark\" >\n\t\t\t<img loading=\"lazy\" decoding=\"async\" width=\"566\" height=\"800\" src=\"https:\/\/fermentis.com\/wp-content\/uploads\/2025\/04\/Key-Figures_vertical_2025_GB-pdf-566x800.jpg\" class=\"attachment-medium size-medium\" alt=\"\" \/>\t\t\t\t\t\t\n\t\t\t\t\t<\/div>\n\t\t\t\t\t\t\t\t\n<style>\n#image_184920848 {\n  width: 100%;\n}\n<\/style>\n\t<\/div>\n\t\n\t\t<\/div>\n\t\t\t\t\t<\/div>\n\n\t\n\n\t<div id=\"col-878116641\" class=\"col medium-1 small-12 large-1\"  >\n\t\t\t\t<div class=\"col-inner\"  >\n\t\t\t\n\t\t\t\n\t\t<\/div>\n\t\t\t\t\t<\/div>\n\n\t\n\n\t<div id=\"col-1399616533\" class=\"col medium-7 small-12 large-7\"  >\n\t\t\t\t<div class=\"col-inner\"  >\n\t\t\t\n\t\t\t\n\t<div id=\"gap-808341748\" class=\"gap-element clearfix\" style=\"display:block; height:auto;\">\n\t\t\n<style>\n#gap-808341748 {\n  padding-top: 85px;\n}\n<\/style>\n\t<\/div>\n\t\n\t<div id=\"text-3458073175\" class=\"text\">\n\t\t\n<h2 style=\"text-align: left\"><span style=\"font-size: 180%;color: #993300\" data-text-color=\"alert\">Acerca de Lesaffre<\/span><\/h2>\n\t\t\n<style>\n#text-3458073175 {\n  text-align: left;\n}\n<\/style>\n\t<\/div>\n\t\n\t<div id=\"gap-1987719236\" class=\"gap-element clearfix\" style=\"display:block; height:auto;\">\n\t\t\n<style>\n#gap-1987719236 {\n  padding-top: &quot;40px&quot;;\n}\n<\/style>\n\t<\/div>\n\t\n<p>Protagonista mundial de la fermentaci\u00f3n desde hace m\u00e1s de un siglo, Lesaffre, con una facturaci\u00f3n de 3.000 millones de euros y presente en todos los continentes, cuenta con 11.000 empleados de 100 nacionalidades. Gracias a esta experiencia y diversidad, trabajamos con clientes, socios e investigadores para encontrar respuestas cada vez m\u00e1s pertinentes a las necesidades de la alimentaci\u00f3n, la salud, la naturalidad y el respeto por nuestro entorno. As\u00ed, cada d\u00eda, exploramos y revelamos el infinito potencial de los microorganismos.<\/p>\n<p>Alimentar a 9.000 millones de personas, de forma saludable, en 2050, aprovechando al m\u00e1ximo los recursos de nuestro planeta, es una cuesti\u00f3n importante y sin precedentes. Creemos que la fermentaci\u00f3n es una de las respuestas m\u00e1s prometedoras a este reto.<\/p>\n<p><strong>Lesaffre &#8211; Trabajar juntos para nutrir mejor y proteger el planeta<\/strong><\/p>\n\t\t<\/div>\n\t\t\t\t\t<\/div>\n\n\t\n<\/div>\n<div class=\"row\"  id=\"row-939919838\">\n\n\t<div id=\"col-480945744\" class=\"col small-12 large-12\"  >\n\t\t\t\t<div class=\"col-inner\"  >\n\t\t\t\n\t\t\t\n<h2 style=\"text-align: center\"><span style=\"font-size: 180%;color: #993300\" data-text-color=\"alert\">El grupo<\/span><\/h2>\n\t\t<\/div>\n\t\t\t\t\t<\/div>\n\n\t\n<\/div>\n\n\t<section class=\"section\" id=\"section_1050817009\">\n\t\t<div class=\"section-bg fill\" >\n\t\t\t\t\t\t\t\t\t\n\t\t\t\n\n\t\t<\/div>\n\n\t\t\n\n\t\t<div class=\"section-content relative\">\n\t\t\t\n<div class=\"row\"  id=\"row-1926946137\">\n\n\t<div id=\"col-553070387\" class=\"col medium-6 small-12 large-6\"  >\n\t\t\t\t<div class=\"col-inner\"  >\n\t\t\t\n\t\t\t\n\t<div class=\"img has-hover x md-x lg-x y md-y lg-y\" id=\"image_1290490102\">\n\t\t\t\t\t\t\t\t<div class=\"img-inner dark\" >\n\t\t\t<img loading=\"lazy\" decoding=\"async\" width=\"800\" height=\"600\" src=\"https:\/\/fermentis.com\/wp-content\/uploads\/2020\/10\/bread-making.jpg\" class=\"attachment-original size-original\" alt=\"\" srcset=\"https:\/\/fermentis.com\/wp-content\/uploads\/2020\/10\/bread-making.jpg 800w, https:\/\/fermentis.com\/wp-content\/uploads\/2020\/10\/bread-making-768x576.jpg 768w, https:\/\/fermentis.com\/wp-content\/uploads\/2020\/10\/bread-making-600x450.jpg 600w\" sizes=\"auto, (max-width: 800px) 100vw, 800px\" \/>\t\t\t\t\t\t\n\t\t\t\t\t<\/div>\n\t\t\t\t\t\t\t\t\n<style>\n#image_1290490102 {\n  width: 100%;\n}\n<\/style>\n\t<\/div>\n\t\n<h3 style=\"text-align: left\">Levaduras y soluciones de panificaci\u00f3n<\/h3>\n<p style=\"text-align: left\">Nuestro dominio del proceso de fermentaci\u00f3n queda patente en nuestras l\u00edneas de levaduras y soluciones de panificaci\u00f3n, y tambi\u00e9n en forma de tecnolog\u00edas y servicios dedicados a los profesionales a lo largo de la cadena de valor. Sin olvidar el apoyo t\u00e9cnico que ofrece nuestra red de Baking Center\u2122.<\/p>\n<p style=\"text-align: left\">\u2022 <a href=\"https:\/\/saf-instant.com\/\" target=\"_blank\" rel=\"noopener noreferrer\">Saf Instant<\/a><br \/>\n\u2022 <a href=\"https:\/\/www.livendo-lesaffre.com\/\" target=\"_blank\" rel=\"noopener noreferrer\">Livendo<\/a><br \/>\n\u2022 <a href=\"https:\/\/lhirondelle-lesaffre.com\/fr\/\" target=\"_blank\" rel=\"noopener noreferrer\">L&#039;hirondelle<\/a><\/p>\n\t\t<\/div>\n\t\t\t\t\t<\/div>\n\n\t\n\n\t<div id=\"col-1420943052\" class=\"col medium-6 small-12 large-6\"  >\n\t\t\t\t<div class=\"col-inner\"  >\n\t\t\t\n\t\t\t\n\t<div class=\"img has-hover x md-x lg-x y md-y lg-y\" id=\"image_761038506\">\n\t\t\t\t\t\t\t\t<div class=\"img-inner dark\" >\n\t\t\t<img loading=\"lazy\" decoding=\"async\" width=\"800\" height=\"600\" src=\"https:\/\/fermentis.com\/wp-content\/uploads\/2020\/10\/taste-pleasure.jpg\" class=\"attachment-large size-large\" alt=\"\" srcset=\"https:\/\/fermentis.com\/wp-content\/uploads\/2020\/10\/taste-pleasure.jpg 800w, https:\/\/fermentis.com\/wp-content\/uploads\/2020\/10\/taste-pleasure-768x576.jpg 768w, https:\/\/fermentis.com\/wp-content\/uploads\/2020\/10\/taste-pleasure-600x450.jpg 600w\" sizes=\"auto, (max-width: 800px) 100vw, 800px\" \/>\t\t\t\t\t\t\n\t\t\t\t\t<\/div>\n\t\t\t\t\t\t\t\t\n<style>\n#image_761038506 {\n  width: 100%;\n}\n<\/style>\n\t<\/div>\n\t\n<h3 style=\"text-align: left\">Sabor y placer en la alimentaci\u00f3n<\/h3>\n<p style=\"text-align: left\">Las levaduras tambi\u00e9n tienen un papel clave en el mundo del sabor y el placer en la alimentaci\u00f3n.<br \/>\nLesaffre innova desarrollando mol\u00e9culas aromatizantes naturales, extractos de levadura que optimizan las cualidades nutricionales, sensoriales y gustativas, y soluciones de fermentaci\u00f3n alcoh\u00f3lica para los fabricantes de cervezas, vinos y licores.<\/p>\n<p style=\"text-align: left\">\u2022 <a href=\"https:\/\/www.biospringer.com\/\" target=\"_blank\" rel=\"noopener noreferrer\">Biospringer<\/a><br \/>\n\u2022 <a href=\"https:\/\/fermentis.com\/\" target=\"_blank\" rel=\"noopener noreferrer\">Fermentis<\/a><br \/>\n\u2022 <a href=\"https:\/\/www.ennolys.fr\/\" target=\"_blank\" rel=\"noopener noreferrer\">Ennolys<\/a><\/p>\n\t\t<\/div>\n\t\t\t\t\t<\/div>\n\n\t\n<\/div>\n<div class=\"row\"  id=\"row-928103689\">\n\n\t<div id=\"col-2074786980\" class=\"col medium-6 small-12 large-6\"  >\n\t\t\t\t<div class=\"col-inner\"  >\n\t\t\t\n\t\t\t\n\t<div class=\"img has-hover x md-x lg-x y md-y lg-y\" id=\"image_810710046\">\n\t\t\t\t\t\t\t\t<div class=\"img-inner dark\" >\n\t\t\t<img loading=\"lazy\" decoding=\"async\" width=\"800\" height=\"600\" src=\"https:\/\/fermentis.com\/wp-content\/uploads\/2020\/10\/healthcare.jpg\" class=\"attachment-original size-original\" alt=\"\" srcset=\"https:\/\/fermentis.com\/wp-content\/uploads\/2020\/10\/healthcare.jpg 800w, https:\/\/fermentis.com\/wp-content\/uploads\/2020\/10\/healthcare-768x576.jpg 768w, https:\/\/fermentis.com\/wp-content\/uploads\/2020\/10\/healthcare-600x450.jpg 600w\" sizes=\"auto, (max-width: 800px) 100vw, 800px\" \/>\t\t\t\t\t\t\n\t\t\t\t\t<\/div>\n\t\t\t\t\t\t\t\t\n<style>\n#image_810710046 {\n  width: 100%;\n}\n<\/style>\n\t<\/div>\n\t\n<h3 style=\"text-align: left\">Salud y nutrici\u00f3n<\/h3>\n<p style=\"text-align: left\">Lesaffre siempre ha tenido la intenci\u00f3n de servir al bienestar de los seres vivos y ayudar a alimentar y cuidar mejor a la poblaci\u00f3n mundial, protegiendo al mismo tiempo el medio ambiente.<br \/>\nLa salud y la nutrici\u00f3n humanas, la salud y la nutrici\u00f3n animales y la nutrici\u00f3n vegetal son \u00e1reas de desarrollo estrat\u00e9gico para nuestro grupo.<\/p>\n<p style=\"text-align: left\">\u2022 <a href=\"https:\/\/www.phileo-lesaffre.com\/\" target=\"_blank\" rel=\"noopener noreferrer\">Phileo<\/a><br \/>\n\u2022 <a href=\"https:\/\/www.lesaffre.com\/health-care\/gnosis\/\" target=\"_blank\" rel=\"noopener noreferrer\">Gnosis<\/a><br \/>\n\u2022 <a href=\"https:\/\/www.lesaffre.com\/health-care\/agrauxine\/\" target=\"_blank\" rel=\"noopener noreferrer\">Agrauxine<\/a><\/p>\n\t\t<\/div>\n\t\t\t\t\t<\/div>\n\n\t\n\n\t<div id=\"col-2123042591\" class=\"col medium-6 small-12 large-6\"  >\n\t\t\t\t<div class=\"col-inner\"  >\n\t\t\t\n\t\t\t\n\t<div class=\"img has-hover x md-x lg-x y md-y lg-y\" id=\"image_1176751091\">\n\t\t\t\t\t\t\t\t<div class=\"img-inner dark\" >\n\t\t\t<img loading=\"lazy\" decoding=\"async\" width=\"800\" height=\"600\" src=\"https:\/\/fermentis.com\/wp-content\/uploads\/2020\/10\/bio-diesel.jpg\" class=\"attachment-large size-large\" alt=\"\" srcset=\"https:\/\/fermentis.com\/wp-content\/uploads\/2020\/10\/bio-diesel.jpg 800w, https:\/\/fermentis.com\/wp-content\/uploads\/2020\/10\/bio-diesel-768x576.jpg 768w, https:\/\/fermentis.com\/wp-content\/uploads\/2020\/10\/bio-diesel-600x450.jpg 600w\" sizes=\"auto, (max-width: 800px) 100vw, 800px\" \/>\t\t\t\t\t\t\n\t\t\t\t\t<\/div>\n\t\t\t\t\t\t\t\t\n<style>\n#image_1176751091 {\n  width: 100%;\n}\n<\/style>\n\t<\/div>\n\t\n<h3 style=\"text-align: left\">Biotecnolog\u00edas<\/h3>\n<p style=\"text-align: left\">En el campo de las biotecnolog\u00edas, Lesaffre desarrolla nutrientes celulares eficaces reservados a la creaci\u00f3n de nuevas mol\u00e9culas en beneficio de los seres humanos y los animales. Nuestro grupo tambi\u00e9n contribuye a crear cepas de levadura propicias para el desarrollo de bioetanol de 1<sup>\u00aa<\/sup> y 2<sup>\u00aa<\/sup> generaci\u00f3n. En aras de promover una econom\u00eda sostenible, nuestro grupo es igualmente activo junto a las industrias de bioqu\u00edmica.<\/p>\n<p style=\"text-align: left\">\u2022 <a href=\"https:\/\/www.procelys.com\/\" target=\"_blank\" rel=\"noopener noreferrer\">Procelys<\/a><br \/>\n\u2022 <a href=\"https:\/\/www.lesaffreadvancedfermentations.com\/\" target=\"_blank\" rel=\"noopener noreferrer\">Hoja<\/a><br \/>\n\u2022 <a href=\"https:\/\/www.lesaffre-ingredients-services.fr\/\" target=\"_blank\" rel=\"noopener noreferrer\">LIS<\/a><\/p>\n\t\t<\/div>\n\t\t\t\t\t<\/div>\n\n\t\n<\/div>\n\t\t<\/div>\n\n\t\t\n<style>\n#section_1050817009 {\n  padding-top: 0px;\n  padding-bottom: 0px;\n}\n@media (min-width:550px) {\n  #section_1050817009 {\n    padding-top: 50px;\n    padding-bottom: 50px;\n  }\n}\n<\/style>\n\t<\/section>\n\t\n\n\t<section class=\"section\" id=\"section_1661185252\">\n\t\t<div class=\"section-bg fill\" >\n\t\t\t\t\t\t\t\t\t\n\t\t\t\n\n\t\t<\/div>\n\n\t\t\n\n\t\t<div class=\"section-content relative\">\n\t\t\t\n\n  \n    <div class=\"row large-columns-3 medium-columns-1 small-columns-1 slider row-slider slider-nav-reveal slider-nav-push\"  data-flickity-options='{&quot;imagesLoaded&quot;: true, &quot;groupCells&quot;: &quot;100%&quot;, &quot;dragThreshold&quot; : 5, &quot;cellAlign&quot;: &quot;left&quot;,&quot;wrapAround&quot;: true,&quot;prevNextButtons&quot;: true,&quot;percentPosition&quot;: true,&quot;pageDots&quot;: false, &quot;rightToLeft&quot;: false, &quot;autoPlay&quot; : false}' >\n\n  <\/div>\n<div class=\"row\"  id=\"row-1773128100\">\n\n\t<div id=\"col-1937481953\" class=\"col small-12 large-12\"  >\n\t\t\t\t<div class=\"col-inner\"  >\n\t\t\t\n\t\t\t\n<h2 style=\"text-align: center\"><span style=\"font-size: 180%;color: #ef7500\">Hablemos<\/span><\/h2>\n<p style=\"text-align: center\"><strong>Quiere saber m\u00e1s sobre nuestros productos y servicios?<\/strong><\/p>\n\t\t<\/div>\n\t\t\t\t\t<\/div>\n\n\t\n\n\t<div id=\"col-1969285905\" class=\"col small-12 large-12\"  >\n\t\t\t\t<div class=\"col-inner text-center\"  >\n\t\t\t\n\t\t\t\n<a href=\"https:\/\/fermentis.com\/es\/contact\/\" class=\"button primary box-shadow-1 box-shadow-2-hover\" >\n\t<i class=\"icon-envelop\" aria-hidden=\"true\"><\/i>\t<span>CONTACTO<\/span>\n\t<\/a>\n\n\t\t<\/div>\n\t\t\t\t\t<\/div>\n\n\t\n<\/div>\n\t\t<\/div>\n\n\t\t\n<style>\n#section_1661185252 {\n  padding-top: 0px;\n  padding-bottom: 0px;\n}\n@media (min-width:550px) {\n  #section_1661185252 {\n    padding-top: 45px;\n    padding-bottom: 45px;\n  }\n}\n<\/style>\n\t<\/section>\n\t\n","protected":false},"excerpt":{"rendered":"","protected":false},"author":2,"featured_media":0,"parent":43412,"menu_order":0,"comment_status":"closed","ping_status":"closed","template":"page-blank.php","meta":{"_acf_changed":false,"footnotes":""},"class_list":["post-43489","page","type-page","status-publish","hentry"],"acf":[],"yoast_head":"<!-- This site is optimized with the Yoast SEO Premium plugin v27.3 (Yoast SEO v27.3) - https:\/\/yoast.com\/product\/yoast-seo-premium-wordpress\/ -->\n<title>Grupo Lesaffre - Fermentis<\/title>\n<meta name=\"description\" content=\"Lesaffre, actor mundial de referencia en fermentaci\u00f3n, tiene como objetivo servir mejor al mundo en t\u00e9rminos alimenticios, salud y respeto por el medio ambiente, gracias a su experiencia en la explotaci\u00f3n de los microorganismos.\" \/>\n<meta name=\"robots\" content=\"index, follow, max-snippet:-1, max-image-preview:large, max-video-preview:-1\" \/>\n<link rel=\"canonical\" href=\"https:\/\/fermentis.com\/es\/our-company\/lesaffre-group\/\" \/>\n<meta property=\"og:locale\" content=\"es_ES\" \/>\n<meta property=\"og:type\" content=\"article\" \/>\n<meta property=\"og:title\" content=\"Grupo Lesaffre\" \/>\n<meta property=\"og:description\" content=\"Lesaffre, actor mundial de referencia en fermentaci\u00f3n, tiene como objetivo servir mejor al mundo en t\u00e9rminos alimenticios, salud y respeto por el medio ambiente, gracias a su experiencia en la explotaci\u00f3n de los microorganismos.\" \/>\n<meta property=\"og:url\" content=\"https:\/\/fermentis.com\/es\/our-company\/lesaffre-group\/\" \/>\n<meta property=\"og:site_name\" content=\"Fermentis\" \/>\n<meta property=\"article:publisher\" content=\"https:\/\/www.facebook.com\/Fermentis\" \/>\n<meta property=\"article:modified_time\" content=\"2026-04-10T02:49:42+00:00\" \/>\n<meta property=\"og:image\" content=\"https:\/\/fermentis.com\/wp-content\/uploads\/2021\/07\/website-v2.png\" \/>\n\t<meta property=\"og:image:width\" content=\"1903\" \/>\n\t<meta property=\"og:image:height\" content=\"901\" \/>\n\t<meta property=\"og:image:type\" content=\"image\/png\" \/>\n<meta name=\"twitter:card\" content=\"summary_large_image\" \/>\n<meta name=\"twitter:site\" content=\"@fermentis\" \/>\n<meta name=\"twitter:label1\" content=\"Tiempo de lectura\" \/>\n\t<meta name=\"twitter:data1\" content=\"3 minutos\" \/>\n<script type=\"application\/ld+json\" class=\"yoast-schema-graph\">{\"@context\":\"https:\\\/\\\/schema.org\",\"@graph\":[{\"@type\":\"WebPage\",\"@id\":\"https:\\\/\\\/fermentis.com\\\/es\\\/our-company\\\/lesaffre-group\\\/\",\"url\":\"https:\\\/\\\/fermentis.com\\\/es\\\/our-company\\\/lesaffre-group\\\/\",\"name\":\"Grupo Lesaffre - Fermentis\",\"isPartOf\":{\"@id\":\"https:\\\/\\\/fermentis.com\\\/es\\\/#website\"},\"datePublished\":\"2020-02-19T23:00:00+00:00\",\"dateModified\":\"2026-04-10T02:49:42+00:00\",\"description\":\"Lesaffre, actor mundial de referencia en fermentaci\u00f3n, tiene como objetivo servir mejor al mundo en t\u00e9rminos alimenticios, salud y respeto por el medio ambiente, gracias a su experiencia en la explotaci\u00f3n de los microorganismos.\",\"breadcrumb\":{\"@id\":\"https:\\\/\\\/fermentis.com\\\/es\\\/our-company\\\/lesaffre-group\\\/#breadcrumb\"},\"inLanguage\":\"es\",\"potentialAction\":[{\"@type\":\"ReadAction\",\"target\":[\"https:\\\/\\\/fermentis.com\\\/es\\\/our-company\\\/lesaffre-group\\\/\"]}]},{\"@type\":\"BreadcrumbList\",\"@id\":\"https:\\\/\\\/fermentis.com\\\/es\\\/our-company\\\/lesaffre-group\\\/#breadcrumb\",\"itemListElement\":[{\"@type\":\"ListItem\",\"position\":1,\"name\":\"Home\",\"item\":\"https:\\\/\\\/fermentis.com\\\/es\\\/\"},{\"@type\":\"ListItem\",\"position\":2,\"name\":\"Nuestra empresa\",\"item\":\"https:\\\/\\\/fermentis.com\\\/es\\\/our-company\\\/\"},{\"@type\":\"ListItem\",\"position\":3,\"name\":\"Grupo Lesaffre\"}]},{\"@type\":\"WebSite\",\"@id\":\"https:\\\/\\\/fermentis.com\\\/es\\\/#website\",\"url\":\"https:\\\/\\\/fermentis.com\\\/es\\\/\",\"name\":\"Fermentis\",\"description\":\"Un site utilisant WordPress\",\"publisher\":{\"@id\":\"https:\\\/\\\/fermentis.com\\\/es\\\/#organization\"},\"potentialAction\":[{\"@type\":\"SearchAction\",\"target\":{\"@type\":\"EntryPoint\",\"urlTemplate\":\"https:\\\/\\\/fermentis.com\\\/es\\\/?s={search_term_string}\"},\"query-input\":{\"@type\":\"PropertyValueSpecification\",\"valueRequired\":true,\"valueName\":\"search_term_string\"}}],\"inLanguage\":\"es\"},{\"@type\":\"Organization\",\"@id\":\"https:\\\/\\\/fermentis.com\\\/es\\\/#organization\",\"name\":\"Fermentis\",\"url\":\"https:\\\/\\\/fermentis.com\\\/es\\\/\",\"logo\":{\"@type\":\"ImageObject\",\"inLanguage\":\"es\",\"@id\":\"https:\\\/\\\/fermentis.com\\\/es\\\/#\\\/schema\\\/logo\\\/image\\\/\",\"url\":\"https:\\\/\\\/fermentis.com\\\/wp-content\\\/uploads\\\/2021\\\/07\\\/Logo-Fermentis-5.png\",\"contentUrl\":\"https:\\\/\\\/fermentis.com\\\/wp-content\\\/uploads\\\/2021\\\/07\\\/Logo-Fermentis-5.png\",\"width\":308,\"height\":95,\"caption\":\"Fermentis\"},\"image\":{\"@id\":\"https:\\\/\\\/fermentis.com\\\/es\\\/#\\\/schema\\\/logo\\\/image\\\/\"},\"sameAs\":[\"https:\\\/\\\/www.facebook.com\\\/Fermentis\",\"https:\\\/\\\/x.com\\\/fermentis\",\"https:\\\/\\\/www.instagram.com\\\/fermentisbylesaffre\\\/\",\"https:\\\/\\\/www.linkedin.com\\\/company\\\/fermentis\\\/\",\"https:\\\/\\\/www.youtube.com\\\/channel\\\/UCt_Lp3IZnUNXZeqSi6iiAdA\"]}]}<\/script>\n<!-- \/ Yoast SEO Premium plugin. -->","yoast_head_json":{"title":"Grupo Lesaffre - Fermentis","description":"Lesaffre, actor mundial de referencia en fermentaci\u00f3n, tiene como objetivo servir mejor al mundo en t\u00e9rminos alimenticios, salud y respeto por el medio ambiente, gracias a su experiencia en la explotaci\u00f3n de los microorganismos.","robots":{"index":"index","follow":"follow","max-snippet":"max-snippet:-1","max-image-preview":"max-image-preview:large","max-video-preview":"max-video-preview:-1"},"canonical":"https:\/\/fermentis.com\/es\/our-company\/lesaffre-group\/","og_locale":"es_ES","og_type":"article","og_title":"Grupo Lesaffre","og_description":"Lesaffre, actor mundial de referencia en fermentaci\u00f3n, tiene como objetivo servir mejor al mundo en t\u00e9rminos alimenticios, salud y respeto por el medio ambiente, gracias a su experiencia en la explotaci\u00f3n de los microorganismos.","og_url":"https:\/\/fermentis.com\/es\/our-company\/lesaffre-group\/","og_site_name":"Fermentis","article_publisher":"https:\/\/www.facebook.com\/Fermentis","article_modified_time":"2026-04-10T02:49:42+00:00","og_image":[{"width":1903,"height":901,"url":"https:\/\/fermentis.com\/wp-content\/uploads\/2021\/07\/website-v2.png","type":"image\/png"}],"twitter_card":"summary_large_image","twitter_site":"@fermentis","twitter_misc":{"Tiempo de lectura":"3 minutos"},"schema":{"@context":"https:\/\/schema.org","@graph":[{"@type":"WebPage","@id":"https:\/\/fermentis.com\/es\/our-company\/lesaffre-group\/","url":"https:\/\/fermentis.com\/es\/our-company\/lesaffre-group\/","name":"Grupo Lesaffre - Fermentis","isPartOf":{"@id":"https:\/\/fermentis.com\/es\/#website"},"datePublished":"2020-02-19T23:00:00+00:00","dateModified":"2026-04-10T02:49:42+00:00","description":"Lesaffre, actor mundial de referencia en fermentaci\u00f3n, tiene como objetivo servir mejor al mundo en t\u00e9rminos alimenticios, salud y respeto por el medio ambiente, gracias a su experiencia en la explotaci\u00f3n de los microorganismos.","breadcrumb":{"@id":"https:\/\/fermentis.com\/es\/our-company\/lesaffre-group\/#breadcrumb"},"inLanguage":"es","potentialAction":[{"@type":"ReadAction","target":["https:\/\/fermentis.com\/es\/our-company\/lesaffre-group\/"]}]},{"@type":"BreadcrumbList","@id":"https:\/\/fermentis.com\/es\/our-company\/lesaffre-group\/#breadcrumb","itemListElement":[{"@type":"ListItem","position":1,"name":"Home","item":"https:\/\/fermentis.com\/es\/"},{"@type":"ListItem","position":2,"name":"Nuestra empresa","item":"https:\/\/fermentis.com\/es\/our-company\/"},{"@type":"ListItem","position":3,"name":"Grupo Lesaffre"}]},{"@type":"WebSite","@id":"https:\/\/fermentis.com\/es\/#website","url":"https:\/\/fermentis.com\/es\/","name":"Fermentis","description":"Un site utilisant WordPress","publisher":{"@id":"https:\/\/fermentis.com\/es\/#organization"},"potentialAction":[{"@type":"SearchAction","target":{"@type":"EntryPoint","urlTemplate":"https:\/\/fermentis.com\/es\/?s={search_term_string}"},"query-input":{"@type":"PropertyValueSpecification","valueRequired":true,"valueName":"search_term_string"}}],"inLanguage":"es"},{"@type":"Organization","@id":"https:\/\/fermentis.com\/es\/#organization","name":"Fermentis","url":"https:\/\/fermentis.com\/es\/","logo":{"@type":"ImageObject","inLanguage":"es","@id":"https:\/\/fermentis.com\/es\/#\/schema\/logo\/image\/","url":"https:\/\/fermentis.com\/wp-content\/uploads\/2021\/07\/Logo-Fermentis-5.png","contentUrl":"https:\/\/fermentis.com\/wp-content\/uploads\/2021\/07\/Logo-Fermentis-5.png","width":308,"height":95,"caption":"Fermentis"},"image":{"@id":"https:\/\/fermentis.com\/es\/#\/schema\/logo\/image\/"},"sameAs":["https:\/\/www.facebook.com\/Fermentis","https:\/\/x.com\/fermentis","https:\/\/www.instagram.com\/fermentisbylesaffre\/","https:\/\/www.linkedin.com\/company\/fermentis\/","https:\/\/www.youtube.com\/channel\/UCt_Lp3IZnUNXZeqSi6iiAdA"]}]}},"_links":{"self":[{"href":"https:\/\/fermentis.com\/es\/wp-json\/wp\/v2\/pages\/43489","targetHints":{"allow":["GET"]}}],"collection":[{"href":"https:\/\/fermentis.com\/es\/wp-json\/wp\/v2\/pages"}],"about":[{"href":"https:\/\/fermentis.com\/es\/wp-json\/wp\/v2\/types\/page"}],"author":[{"embeddable":true,"href":"https:\/\/fermentis.com\/es\/wp-json\/wp\/v2\/users\/2"}],"replies":[{"embeddable":true,"href":"https:\/\/fermentis.com\/es\/wp-json\/wp\/v2\/comments?post=43489"}],"version-history":[{"count":1565,"href":"https:\/\/fermentis.com\/es\/wp-json\/wp\/v2\/pages\/43489\/revisions"}],"predecessor-version":[{"id":715254,"href":"https:\/\/fermentis.com\/es\/wp-json\/wp\/v2\/pages\/43489\/revisions\/715254"}],"up":[{"embeddable":true,"href":"https:\/\/fermentis.com\/es\/wp-json\/wp\/v2\/pages\/43412"}],"wp:attachment":[{"href":"https:\/\/fermentis.com\/es\/wp-json\/wp\/v2\/media?parent=43489"}],"curies":[{"name":"wp","href":"https:\/\/api.w.org\/{rel}","templated":true}]}}