{"id":43542,"date":"2020-02-20T00:00:00","date_gmt":"2020-02-19T23:00:00","guid":{"rendered":"https:\/\/fermentis.com\/our-company\/research\/new-products\/"},"modified":"2026-04-17T20:19:37","modified_gmt":"2026-04-17T18:19:37","slug":"new-products","status":"publish","type":"page","link":"https:\/\/fermentis.com\/es\/our-company\/research\/new-products\/","title":{"rendered":"Desarrollo de productos"},"content":{"rendered":"\n  <div class=\"banner has-hover has-parallax\" id=\"banner-604703819\">\n          <div class=\"banner-inner fill\">\n        <div class=\"banner-bg fill\" data-parallax=\"-6\" data-parallax-container=\".banner\" data-parallax-background>\n            <img loading=\"lazy\" decoding=\"async\" width=\"1867\" height=\"833\" src=\"https:\/\/fermentis.com\/wp-content\/uploads\/2020\/02\/research-development.jpg\" class=\"bg attachment-original size-original\" alt=\"\" \/>                                    \n                    <\/div>\n\t\t\n        <div class=\"banner-layers container\">\n            <div class=\"fill banner-link\"><\/div>            \n        <\/div>\n      <\/div>\n\n            \n<style>\n#banner-604703819 {\n  padding-top: 200px;\n}\n#banner-604703819 .banner-bg img {\n  object-position: 42% 100%;\n}\n<\/style>\n  <\/div>\n\n\n\t<div id=\"gap-1972764837\" class=\"gap-element clearfix\" style=\"display:block; height:auto;\">\n\t\t\n<style>\n#gap-1972764837 {\n  padding-top: 40px;\n}\n<\/style>\n\t<\/div>\n\t\n\n\t<section class=\"section\" id=\"section_2127300482\">\n\t\t<div class=\"section-bg fill\" >\n\t\t\t\t\t\t\t\t\t\n\t\t\t\n\n\t\t<\/div>\n\n\t\t\n\n\t\t<div class=\"section-content relative\">\n\t\t\t\n<div class=\"row row-small align-center\"  id=\"row-384397889\">\n\n\t<div id=\"col-1415345330\" class=\"col small-12 large-12\"  >\n\t\t\t\t<div class=\"col-inner\"  >\n\t\t\t\n\t\t\t\n<div class=\"container section-title-container\" ><h1 class=\"section-title section-title-center\"><b aria-hidden=\"true\"><\/b><span class=\"section-title-main\" style=\"font-size:166%;\">Desarrollo de productos<\/span><b aria-hidden=\"true\"><\/b><\/h1><\/div>\n<p style=\"text-align: center\">El desarrollo de nuevos productos y la mejora de la gama actual son puntos cruciales del programa de investigaci\u00f3n y desarrollo de Fermentis. Nuestro departamento de I+D colabora estrechamente con los equipos de ventas y marketing para garantizar que trabajamos en el desarrollo de los productos adecuados para responder a las necesidades del mercado. En Fermentis tenemos dos formas de desarrollar nuevos productos: haciendo una b\u00fasqueda de microorganismos y creando h\u00edbridos.<\/p>\n\t\t<\/div>\n\t\t\t\t\t<\/div>\n\n\t\n<\/div>\n\t\t<\/div>\n\n\t\t\n<style>\n#section_2127300482 {\n  padding-top: 0px;\n  padding-bottom: 0px;\n}\n<\/style>\n\t<\/section>\n\t\n<div class=\"row row-collapse row-full-width\"  id=\"row-110600335\">\n\n\t<div id=\"col-854212421\" class=\"col medium-6 small-12 large-6\"  >\n\t\t\t\t<div class=\"col-inner text-center\"  >\n\t\t\t\n\t\t\t\n\n\t<section class=\"section\" id=\"section_1900876616\">\n\t\t<div class=\"section-bg fill\" >\n\t\t\t\t\t\t\t\t\t\n\t\t\t\n\n\t\t<\/div>\n\n\t\t\n\n\t\t<div class=\"section-content relative\">\n\t\t\t\n<div class=\"row align-center\"  id=\"row-380666607\">\n\n\t<div id=\"col-1015777756\" class=\"col medium-7 small-9 large-7\"  >\n\t\t\t\t<div class=\"col-inner text-center\"  >\n\t\t\t\n\t\t\t\n\t<div id=\"gap-1442188165\" class=\"gap-element clearfix\" style=\"display:block; height:auto;\">\n\t\t\n<style>\n#gap-1442188165 {\n  padding-top: 10px;\n}\n<\/style>\n\t<\/div>\n\t\n\n\t\t<div class=\"icon-box featured-box icon-box-center text-center\"  >\n\t\t\t\t\t<div class=\"icon-box-img has-icon-bg\" style=\"width: 60px\">\n\t\t\t\t<div class=\"icon\">\n\t\t\t\t\t<div class=\"icon-inner\" style=\"border-width:2px;color:rgb(239, 117, 0);\">\n\t\t\t\t\t\t<img loading=\"lazy\" decoding=\"async\" width=\"1\" height=\"1\" src=\"https:\/\/fermentis.com\/wp-content\/uploads\/2020\/03\/magnifying-glass-2.svg\" class=\"attachment-medium size-medium\" alt=\"\" \/>\t\t\t\t\t<\/div>\n\t\t\t\t<\/div>\n\t\t\t<\/div>\n\t\t\t\t<div class=\"icon-box-text last-reset\">\n\t\t\t\t\t\t\t\t\t\n<h3>Obtenci\u00f3n de nuevos microorganismos<\/h3>\n<p><span style=\"font-size: 100%\">La primera forma que tiene Fermentis de lanzar un nuevo producto es mediante la selecci\u00f3n de microorganismos existentes (levaduras, bacterias). <\/span><\/p>\n<p><span style=\"font-size: 100%\">Fermentis dispone de su propio banco de levaduras, gestionado por Lesaffre. Para el lanzamiento de nuevos productos, el equipo de I+D puede extraer levaduras espec\u00edficas y proceder a testeos, que pueden incluir la caracterizaci\u00f3n de las cepas.<\/span><\/p>\n<p>Fermentis tambi\u00e9n puede obtener microorganismos de bancos externos.<\/p>\n\t\t<\/div>\n\t<\/div>\n\t\n\t\n\t<div id=\"gap-595535158\" class=\"gap-element clearfix\" style=\"display:block; height:auto;\">\n\t\t\n<style>\n#gap-595535158 {\n  padding-top: 10px;\n}\n<\/style>\n\t<\/div>\n\t\n\t\t<\/div>\n\t\t\t\t\n<style>\n#col-1015777756 > .col-inner {\n  padding: 0px 0px 0px 0px;\n  margin: 0px 0px 0px 0px;\n}\n<\/style>\n\t<\/div>\n\n\t\n<\/div>\n\t\t<\/div>\n\n\t\t\n<style>\n#section_1900876616 {\n  padding-top: 70px;\n  padding-bottom: 70px;\n}\n@media (min-width:550px) {\n  #section_1900876616 {\n    padding-top: 60px;\n    padding-bottom: 60px;\n  }\n}\n<\/style>\n\t<\/section>\n\t\n\t\t<\/div>\n\t\t\t\t\t<\/div>\n\n\t\n\n\t<div id=\"col-307203464\" class=\"col medium-6 small-12 large-6\"  >\n\t\t\t\t<div class=\"col-inner\"  >\n\t\t\t\n\t\t\t\n\n\t<section class=\"section\" id=\"section_924384749\">\n\t\t<div class=\"section-bg fill\" >\n\t\t\t\t\t\t\t\t\t\n\t\t\t\n\n\t\t<\/div>\n\n\t\t\n\n\t\t<div class=\"section-content relative\">\n\t\t\t\n<div class=\"row align-center\"  id=\"row-1430887121\">\n\n\t<div id=\"col-207241982\" class=\"col medium-7 small-9 large-7\"  >\n\t\t\t\t<div class=\"col-inner text-center\"  >\n\t\t\t\n\t\t\t\n\t<div id=\"gap-1062209092\" class=\"gap-element clearfix\" style=\"display:block; height:auto;\">\n\t\t\n<style>\n#gap-1062209092 {\n  padding-top: 10px;\n}\n<\/style>\n\t<\/div>\n\t\n\n\t\t<div class=\"icon-box featured-box icon-box-center text-center\"  >\n\t\t\t\t\t<div class=\"icon-box-img has-icon-bg\" style=\"width: 60px\">\n\t\t\t\t<div class=\"icon\">\n\t\t\t\t\t<div class=\"icon-inner\" style=\"border-width:2px;color:rgb(239, 117, 0);\">\n\t\t\t\t\t\t<img loading=\"lazy\" decoding=\"async\" width=\"1\" height=\"1\" src=\"https:\/\/fermentis.com\/wp-content\/uploads\/2020\/03\/micrscope.svg\" class=\"attachment-medium size-medium\" alt=\"\" \/>\t\t\t\t\t<\/div>\n\t\t\t\t<\/div>\n\t\t\t<\/div>\n\t\t\t\t<div class=\"icon-box-text last-reset\">\n\t\t\t\t\t\t\t\t\t\n<h3>Creaci\u00f3n de nuevos h\u00edbridos<\/h3>\n<p><span style=\"font-size: 100%\">Otra forma que tiene el equipo de I+D de Fermentis de crear nuevos productos es la hibridaci\u00f3n. <\/span><\/p>\n<p>Utilizando cepas &quot;madre&quot;, Fermentis puede generar una nueva biodiversidad y dar lugar a nuevas levaduras &quot;hijas&quot; que, por lo general, comparten algunas de las caracter\u00edsticas de las madres.<\/p>\n<p>Por medio de la experimentaci\u00f3n con h\u00edbridos, Fermentis ha lanzado con \u00e9xito muchas cepas nuevas de levadura.<\/p>\n\t\t<\/div>\n\t<\/div>\n\t\n\t\n\t<div id=\"gap-1274338435\" class=\"gap-element clearfix\" style=\"display:block; height:auto;\">\n\t\t\n<style>\n#gap-1274338435 {\n  padding-top: 10px;\n}\n<\/style>\n\t<\/div>\n\t\n\t\t<\/div>\n\t\t\t\t\n<style>\n#col-207241982 > .col-inner {\n  padding: 0px 0px 0px 0px;\n  margin: 0px 0px 0px 0px;\n}\n<\/style>\n\t<\/div>\n\n\t\n<\/div>\n\t\t<\/div>\n\n\t\t\n<style>\n#section_924384749 {\n  padding-top: 70px;\n  padding-bottom: 70px;\n  background-color: rgb(242, 242, 242);\n}\n@media (min-width:550px) {\n  #section_924384749 {\n    padding-top: 60px;\n    padding-bottom: 60px;\n  }\n}\n<\/style>\n\t<\/section>\n\t\n\t\t<\/div>\n\t\t\t\t\t<\/div>\n\n\t\n<\/div>\n\n\t<section class=\"section\" id=\"section_1828346044\">\n\t\t<div class=\"section-bg fill\" >\n\t\t\t\t\t\t\t\t\t\n\t\t\t\n\n\t\t<\/div>\n\n\t\t\n\n\t\t<div class=\"section-content relative\">\n\t\t\t\n\t<div id=\"gap-1991359703\" class=\"gap-element clearfix\" style=\"display:block; height:auto;\">\n\t\t\n<style>\n#gap-1991359703 {\n  padding-top: &quot;50px&quot;;\n}\n<\/style>\n\t<\/div>\n\t\n<p style=\"text-align: center\">Fermentis I+D tambi\u00e9n trabaja en muchos otros desarrollos, como: activadores de fermentaci\u00f3n, productos funcionales, enzimas&#8230; e incluso herramientas para asistir a los productores de bebidas en sus tareas diarias.<\/p>\n<div class=\"row row-small align-center\"  id=\"row-1290072770\">\n\n\t<div id=\"col-1356040245\" class=\"col small-12 large-12\"  >\n\t\t\t\t<div class=\"col-inner\"  >\n\t\t\t\n\t\t\t\n\t\t<\/div>\n\t\t\t\t\t<\/div>\n\n\t\n<\/div>\n\t\t<\/div>\n\n\t\t\n<style>\n#section_1828346044 {\n  padding-top: 0px;\n  padding-bottom: 0px;\n}\n<\/style>\n\t<\/section>\n\t\n","protected":false},"excerpt":{"rendered":"","protected":false},"author":2,"featured_media":0,"parent":43514,"menu_order":0,"comment_status":"closed","ping_status":"closed","template":"page-blank.php","meta":{"_acf_changed":false,"footnotes":""},"class_list":["post-43542","page","type-page","status-publish","hentry"],"acf":[],"yoast_head":"<!-- This site is optimized with the Yoast SEO Premium plugin v27.4 (Yoast SEO v27.4) - https:\/\/yoast.com\/product\/yoast-seo-premium-wordpress\/ -->\n<title>Desarrollo de productos - Fermentis<\/title>\n<meta name=\"description\" content=\"El desarrollo de nuevos productos es otra de las prioridades de Fermentis, as\u00ed como la mejora de la gama actual. A continuaci\u00f3n podr\u00e1 c\u00f3mo procedemos.\" \/>\n<meta name=\"robots\" content=\"index, follow, max-snippet:-1, max-image-preview:large, max-video-preview:-1\" \/>\n<link rel=\"canonical\" href=\"https:\/\/fermentis.com\/es\/our-company\/research\/new-products\/\" \/>\n<meta property=\"og:locale\" content=\"es_ES\" \/>\n<meta property=\"og:type\" content=\"article\" \/>\n<meta property=\"og:title\" content=\"Desarrollo de productos\" \/>\n<meta property=\"og:description\" content=\"El desarrollo de nuevos productos es otra de las prioridades de Fermentis, as\u00ed como la mejora de la gama actual. A continuaci\u00f3n podr\u00e1 c\u00f3mo procedemos.\" \/>\n<meta property=\"og:url\" content=\"https:\/\/fermentis.com\/es\/our-company\/research\/new-products\/\" \/>\n<meta property=\"og:site_name\" content=\"Fermentis\" \/>\n<meta property=\"article:publisher\" content=\"https:\/\/www.facebook.com\/Fermentis\" \/>\n<meta property=\"article:modified_time\" content=\"2026-04-17T18:19:37+00:00\" \/>\n<meta property=\"og:image\" content=\"https:\/\/fermentis.com\/wp-content\/uploads\/2021\/07\/website-v2.png\" \/>\n\t<meta property=\"og:image:width\" content=\"1903\" \/>\n\t<meta property=\"og:image:height\" content=\"901\" \/>\n\t<meta property=\"og:image:type\" content=\"image\/png\" \/>\n<meta name=\"twitter:card\" content=\"summary_large_image\" \/>\n<meta name=\"twitter:site\" content=\"@fermentis\" \/>\n<meta name=\"twitter:label1\" content=\"Tiempo de lectura\" \/>\n\t<meta name=\"twitter:data1\" content=\"2 minutos\" \/>\n<script type=\"application\/ld+json\" class=\"yoast-schema-graph\">{\"@context\":\"https:\\\/\\\/schema.org\",\"@graph\":[{\"@type\":\"WebPage\",\"@id\":\"https:\\\/\\\/fermentis.com\\\/es\\\/our-company\\\/research\\\/new-products\\\/\",\"url\":\"https:\\\/\\\/fermentis.com\\\/es\\\/our-company\\\/research\\\/new-products\\\/\",\"name\":\"Desarrollo de productos - Fermentis\",\"isPartOf\":{\"@id\":\"https:\\\/\\\/fermentis.com\\\/es\\\/#website\"},\"datePublished\":\"2020-02-19T23:00:00+00:00\",\"dateModified\":\"2026-04-17T18:19:37+00:00\",\"description\":\"El desarrollo de nuevos productos es otra de las prioridades de Fermentis, as\u00ed como la mejora de la gama actual. A continuaci\u00f3n podr\u00e1 c\u00f3mo procedemos.\",\"breadcrumb\":{\"@id\":\"https:\\\/\\\/fermentis.com\\\/es\\\/our-company\\\/research\\\/new-products\\\/#breadcrumb\"},\"inLanguage\":\"es\",\"potentialAction\":[{\"@type\":\"ReadAction\",\"target\":[\"https:\\\/\\\/fermentis.com\\\/es\\\/our-company\\\/research\\\/new-products\\\/\"]}]},{\"@type\":\"BreadcrumbList\",\"@id\":\"https:\\\/\\\/fermentis.com\\\/es\\\/our-company\\\/research\\\/new-products\\\/#breadcrumb\",\"itemListElement\":[{\"@type\":\"ListItem\",\"position\":1,\"name\":\"Home\",\"item\":\"https:\\\/\\\/fermentis.com\\\/es\\\/\"},{\"@type\":\"ListItem\",\"position\":2,\"name\":\"Nuestra empresa\",\"item\":\"https:\\\/\\\/fermentis.com\\\/es\\\/our-company\\\/\"},{\"@type\":\"ListItem\",\"position\":3,\"name\":\"Investigaci\u00f3n y desarrollo\",\"item\":\"https:\\\/\\\/fermentis.com\\\/es\\\/our-company\\\/research\\\/\"},{\"@type\":\"ListItem\",\"position\":4,\"name\":\"Desarrollo de productos\"}]},{\"@type\":\"WebSite\",\"@id\":\"https:\\\/\\\/fermentis.com\\\/es\\\/#website\",\"url\":\"https:\\\/\\\/fermentis.com\\\/es\\\/\",\"name\":\"Fermentis\",\"description\":\"Un site utilisant WordPress\",\"publisher\":{\"@id\":\"https:\\\/\\\/fermentis.com\\\/es\\\/#organization\"},\"potentialAction\":[{\"@type\":\"SearchAction\",\"target\":{\"@type\":\"EntryPoint\",\"urlTemplate\":\"https:\\\/\\\/fermentis.com\\\/es\\\/?s={search_term_string}\"},\"query-input\":{\"@type\":\"PropertyValueSpecification\",\"valueRequired\":true,\"valueName\":\"search_term_string\"}}],\"inLanguage\":\"es\"},{\"@type\":\"Organization\",\"@id\":\"https:\\\/\\\/fermentis.com\\\/es\\\/#organization\",\"name\":\"Fermentis\",\"url\":\"https:\\\/\\\/fermentis.com\\\/es\\\/\",\"logo\":{\"@type\":\"ImageObject\",\"inLanguage\":\"es\",\"@id\":\"https:\\\/\\\/fermentis.com\\\/es\\\/#\\\/schema\\\/logo\\\/image\\\/\",\"url\":\"https:\\\/\\\/fermentis.com\\\/wp-content\\\/uploads\\\/2021\\\/07\\\/Logo-Fermentis-5.png\",\"contentUrl\":\"https:\\\/\\\/fermentis.com\\\/wp-content\\\/uploads\\\/2021\\\/07\\\/Logo-Fermentis-5.png\",\"width\":308,\"height\":95,\"caption\":\"Fermentis\"},\"image\":{\"@id\":\"https:\\\/\\\/fermentis.com\\\/es\\\/#\\\/schema\\\/logo\\\/image\\\/\"},\"sameAs\":[\"https:\\\/\\\/www.facebook.com\\\/Fermentis\",\"https:\\\/\\\/x.com\\\/fermentis\",\"https:\\\/\\\/www.instagram.com\\\/fermentisbylesaffre\\\/\",\"https:\\\/\\\/www.linkedin.com\\\/company\\\/fermentis\\\/\",\"https:\\\/\\\/www.youtube.com\\\/channel\\\/UCt_Lp3IZnUNXZeqSi6iiAdA\"]}]}<\/script>\n<!-- \/ Yoast SEO Premium plugin. -->","yoast_head_json":{"title":"Desarrollo de productos - Fermentis","description":"El desarrollo de nuevos productos es otra de las prioridades de Fermentis, as\u00ed como la mejora de la gama actual. A continuaci\u00f3n podr\u00e1 c\u00f3mo procedemos.","robots":{"index":"index","follow":"follow","max-snippet":"max-snippet:-1","max-image-preview":"max-image-preview:large","max-video-preview":"max-video-preview:-1"},"canonical":"https:\/\/fermentis.com\/es\/our-company\/research\/new-products\/","og_locale":"es_ES","og_type":"article","og_title":"Desarrollo de productos","og_description":"El desarrollo de nuevos productos es otra de las prioridades de Fermentis, as\u00ed como la mejora de la gama actual. A continuaci\u00f3n podr\u00e1 c\u00f3mo procedemos.","og_url":"https:\/\/fermentis.com\/es\/our-company\/research\/new-products\/","og_site_name":"Fermentis","article_publisher":"https:\/\/www.facebook.com\/Fermentis","article_modified_time":"2026-04-17T18:19:37+00:00","og_image":[{"width":1903,"height":901,"url":"https:\/\/fermentis.com\/wp-content\/uploads\/2021\/07\/website-v2.png","type":"image\/png"}],"twitter_card":"summary_large_image","twitter_site":"@fermentis","twitter_misc":{"Tiempo de lectura":"2 minutos"},"schema":{"@context":"https:\/\/schema.org","@graph":[{"@type":"WebPage","@id":"https:\/\/fermentis.com\/es\/our-company\/research\/new-products\/","url":"https:\/\/fermentis.com\/es\/our-company\/research\/new-products\/","name":"Desarrollo de productos - Fermentis","isPartOf":{"@id":"https:\/\/fermentis.com\/es\/#website"},"datePublished":"2020-02-19T23:00:00+00:00","dateModified":"2026-04-17T18:19:37+00:00","description":"El desarrollo de nuevos productos es otra de las prioridades de Fermentis, as\u00ed como la mejora de la gama actual. A continuaci\u00f3n podr\u00e1 c\u00f3mo procedemos.","breadcrumb":{"@id":"https:\/\/fermentis.com\/es\/our-company\/research\/new-products\/#breadcrumb"},"inLanguage":"es","potentialAction":[{"@type":"ReadAction","target":["https:\/\/fermentis.com\/es\/our-company\/research\/new-products\/"]}]},{"@type":"BreadcrumbList","@id":"https:\/\/fermentis.com\/es\/our-company\/research\/new-products\/#breadcrumb","itemListElement":[{"@type":"ListItem","position":1,"name":"Home","item":"https:\/\/fermentis.com\/es\/"},{"@type":"ListItem","position":2,"name":"Nuestra empresa","item":"https:\/\/fermentis.com\/es\/our-company\/"},{"@type":"ListItem","position":3,"name":"Investigaci\u00f3n y desarrollo","item":"https:\/\/fermentis.com\/es\/our-company\/research\/"},{"@type":"ListItem","position":4,"name":"Desarrollo de productos"}]},{"@type":"WebSite","@id":"https:\/\/fermentis.com\/es\/#website","url":"https:\/\/fermentis.com\/es\/","name":"Fermentis","description":"Un site utilisant WordPress","publisher":{"@id":"https:\/\/fermentis.com\/es\/#organization"},"potentialAction":[{"@type":"SearchAction","target":{"@type":"EntryPoint","urlTemplate":"https:\/\/fermentis.com\/es\/?s={search_term_string}"},"query-input":{"@type":"PropertyValueSpecification","valueRequired":true,"valueName":"search_term_string"}}],"inLanguage":"es"},{"@type":"Organization","@id":"https:\/\/fermentis.com\/es\/#organization","name":"Fermentis","url":"https:\/\/fermentis.com\/es\/","logo":{"@type":"ImageObject","inLanguage":"es","@id":"https:\/\/fermentis.com\/es\/#\/schema\/logo\/image\/","url":"https:\/\/fermentis.com\/wp-content\/uploads\/2021\/07\/Logo-Fermentis-5.png","contentUrl":"https:\/\/fermentis.com\/wp-content\/uploads\/2021\/07\/Logo-Fermentis-5.png","width":308,"height":95,"caption":"Fermentis"},"image":{"@id":"https:\/\/fermentis.com\/es\/#\/schema\/logo\/image\/"},"sameAs":["https:\/\/www.facebook.com\/Fermentis","https:\/\/x.com\/fermentis","https:\/\/www.instagram.com\/fermentisbylesaffre\/","https:\/\/www.linkedin.com\/company\/fermentis\/","https:\/\/www.youtube.com\/channel\/UCt_Lp3IZnUNXZeqSi6iiAdA"]}]}},"_links":{"self":[{"href":"https:\/\/fermentis.com\/es\/wp-json\/wp\/v2\/pages\/43542","targetHints":{"allow":["GET"]}}],"collection":[{"href":"https:\/\/fermentis.com\/es\/wp-json\/wp\/v2\/pages"}],"about":[{"href":"https:\/\/fermentis.com\/es\/wp-json\/wp\/v2\/types\/page"}],"author":[{"embeddable":true,"href":"https:\/\/fermentis.com\/es\/wp-json\/wp\/v2\/users\/2"}],"replies":[{"embeddable":true,"href":"https:\/\/fermentis.com\/es\/wp-json\/wp\/v2\/comments?post=43542"}],"version-history":[{"count":1490,"href":"https:\/\/fermentis.com\/es\/wp-json\/wp\/v2\/pages\/43542\/revisions"}],"predecessor-version":[{"id":718076,"href":"https:\/\/fermentis.com\/es\/wp-json\/wp\/v2\/pages\/43542\/revisions\/718076"}],"up":[{"embeddable":true,"href":"https:\/\/fermentis.com\/es\/wp-json\/wp\/v2\/pages\/43514"}],"wp:attachment":[{"href":"https:\/\/fermentis.com\/es\/wp-json\/wp\/v2\/media?parent=43542"}],"curies":[{"name":"wp","href":"https:\/\/api.w.org\/{rel}","templated":true}]}}