{"id":43578,"date":"2020-02-18T00:00:00","date_gmt":"2020-02-17T23:00:00","guid":{"rendered":"https:\/\/fermentis.com\/our-company\/supporting-creativity\/"},"modified":"2026-04-10T06:01:29","modified_gmt":"2026-04-10T04:01:29","slug":"supporting-creativity","status":"publish","type":"page","link":"https:\/\/fermentis.com\/es\/our-company\/supporting-creativity\/","title":{"rendered":"Apoyar la creatividad"},"content":{"rendered":"\n\t<section class=\"section\" id=\"section_1757205631\">\n\t\t<div class=\"section-bg fill\" >\n\t\t\t<img loading=\"lazy\" decoding=\"async\" width=\"1940\" height=\"758\" src=\"https:\/\/fermentis.com\/wp-content\/uploads\/2020\/02\/fermentis-corporate-bg.jpg\" class=\"bg attachment- size-\" alt=\"\" \/>\t\t\t\t\t\t<div class=\"section-bg-overlay absolute fill\"><\/div>\n\t\t\t\n\n\t\t<\/div>\n\n\t\t\n\n\t\t<div class=\"section-content relative\">\n\t\t\t\n\n  <div class=\"banner has-hover has-parallax\" id=\"banner-363494710\">\n          <div class=\"banner-inner fill\">\n        <div class=\"banner-bg fill\" data-parallax=\"-3\" data-parallax-container=\".banner\" data-parallax-background>\n            <img loading=\"lazy\" decoding=\"async\" width=\"1327\" height=\"758\" src=\"https:\/\/fermentis.com\/wp-content\/uploads\/2020\/03\/three-beers.png\" class=\"bg attachment-original size-original\" alt=\"\" \/>                        <div class=\"overlay\"><\/div>            \n                    <\/div>\n\t\t\n        <div class=\"banner-layers container\">\n            <div class=\"fill banner-link\"><\/div>            \n   <div id=\"text-box-259216821\" class=\"text-box banner-layer x50 md-x50 lg-x50 y50 md-y50 lg-y50 res-text\">\n                                <div class=\"text-box-content text dark\">\n              \n              <div class=\"text-inner text-center\">\n                  \n<h1 class=\"uppercase\" style=\"text-align: center\"><span style=\"font-size: 65%\"><strong>Apoyar la creatividad<\/strong><\/span><\/h1>\n              <\/div>\n           <\/div>\n                            \n<style>\n#text-box-259216821 {\n  width: 60%;\n}\n#text-box-259216821 .text-box-content {\n  font-size: 100%;\n}\n<\/style>\n    <\/div>\n \n        <\/div>\n      <\/div>\n\n            \n<style>\n#banner-363494710 {\n  padding-top: 300px;\n}\n#banner-363494710 .overlay {\n  background-color: rgba(0, 0, 0, 0.4);\n}\n#banner-363494710 .banner-bg img {\n  object-position: 53% 42%;\n}\n<\/style>\n  <\/div>\n\n\n\t\t<\/div>\n\n\t\t\n<style>\n#section_1757205631 {\n  padding-top: 0px;\n  padding-bottom: 0px;\n}\n#section_1757205631 .section-bg-overlay {\n  background-color: rgba(239, 117, 0, 0.7);\n}\n<\/style>\n\t<\/section>\n\t\n<div class=\"row\"  id=\"row-1121501127\">\n\n\t<div id=\"col-49876367\" class=\"col small-12 large-12\"  >\n\t\t\t\t<div class=\"col-inner\"  >\n\t\t\t\n\t\t\t\n\t<div id=\"gap-590975521\" class=\"gap-element clearfix\" style=\"display:block; height:auto;\">\n\t\t\n<style>\n#gap-590975521 {\n  padding-top: 30px;\n}\n<\/style>\n\t<\/div>\n\t\n<p style=\"text-align: center\">Todo lo que hacemos para simplificar el proceso de fermentaci\u00f3n, salvaguardar la producci\u00f3n o incluso ahorrar tiempo, persigue un \u00fanico objetivo: ayudarlo a manifestar su capacidad de invenci\u00f3n y creatividad con plena confianza. Esto lo libera para concentrarse en lo que marca la diferencia: el sabor y los aromas de su bebida, y el placer que experimentar\u00e1n los consumidores al beberla.<\/p>\n<p style=\"text-align: center\">En Fermentis, apoyar su creatividad es una prioridad. Para nuestro Director General, es la m\u00e1xima prioridad. La innovaci\u00f3n, la calidad, el servicio, la fiabilidad y la sustentabilidad son los motores clave de la evoluci\u00f3n de Fermentis.<\/p>\n\t\t<\/div>\n\t\t\t\t\t<\/div>\n\n\t\n<\/div>\n\n\t<section class=\"section\" id=\"section_1434248725\">\n\t\t<div class=\"section-bg fill\" >\n\t\t\t\t\t\t\t\t\t\n\t\t\t\n\n\t\t<\/div>\n\n\t\t\n\n\t\t<div class=\"section-content relative\">\n\t\t\t\n<div class=\"row row-small align-middle\"  id=\"row-2065838190\">\n\n\t<div id=\"col-2025143106\" class=\"col medium-2 small-12 large-2\"  >\n\t\t\t\t<div class=\"col-inner\"  >\n\t\t\t\n\t\t\t\n\t\t<\/div>\n\t\t\t\t\t<\/div>\n\n\t\n\n\t<div id=\"col-1022861087\" class=\"col medium-1 small-12 large-1\"  >\n\t\t\t\t<div class=\"col-inner\"  >\n\t\t\t\n\t\t\t\n\t\t<\/div>\n\t\t\t\t\t<\/div>\n\n\t\n\n\t<div id=\"col-1717322827\" class=\"col medium-5 small-12 large-5\"  >\n\t\t\t\t<div class=\"col-inner\"  >\n\t\t\t\n\t\t\t\n\t<div id=\"text-4126493721\" class=\"text\">\n\t\t\n<h2><span style=\"font-size: 130%\">We fight on five fronts for you<\/span><\/h2>\n\t\t\n<style>\n#text-4126493721 {\n  text-align: center;\n}\n<\/style>\n\t<\/div>\n\t\n\t\t<\/div>\n\t\t\t\t\t<\/div>\n\n\t\n\n\t<div id=\"col-1053289188\" class=\"col medium-1 small-12 large-1\"  >\n\t\t\t\t<div class=\"col-inner\"  >\n\t\t\t\n\t\t\t\n\t\t<\/div>\n\t\t\t\t\t<\/div>\n\n\t\n<\/div>\n\t\t<\/div>\n\n\t\t\n<style>\n#section_1434248725 {\n  padding-top: 20px;\n  padding-bottom: 20px;\n  background-color: rgb(242, 242, 242);\n}\n<\/style>\n\t<\/section>\n\t\n\t<div id=\"gap-646533757\" class=\"gap-element clearfix\" style=\"display:block; height:auto;\">\n\t\t\n<style>\n#gap-646533757 {\n  padding-top: 20px;\n}\n<\/style>\n\t<\/div>\n\t\n\n\t<section class=\"section\" id=\"section_1314459674\">\n\t\t<div class=\"section-bg fill\" >\n\t\t\t\t\t\t\t\t\t\n\t\t\t\n\n\t\t<\/div>\n\n\t\t\n\n\t\t<div class=\"section-content relative\">\n\t\t\t\n<div class=\"row align-center\"  id=\"row-832109239\">\n\n\t<div id=\"col-1574067091\" class=\"col medium-1 small-10 large-1\"  >\n\t\t\t\t<div class=\"col-inner\"  >\n\t\t\t\n\t\t\t\n<h2><span style=\"font-size: 130%\" data-text-color=\"alert\">1.<\/span><\/h2>\n\t\t<\/div>\n\t\t\t\t\n<style>\n#col-1574067091 > .col-inner {\n  padding: 0px 40px 0px 0px;\n}\n<\/style>\n\t<\/div>\n\n\t\n\n\t<div id=\"col-627513822\" class=\"col medium-11 small-10 large-11\"  >\n\t\t\t\t<div class=\"col-inner\"  >\n\t\t\t\n\t\t\t\n<h2><span style=\"font-size: 130%\" data-text-color=\"alert\">Apoyar la creatividad de nuestros clientes<\/span><\/h2>\n<p>\u00c9sta es nuestra prioridad. Durante mucho tiempo, las levaduras se consideraron una mercanc\u00eda. Facilitaban la fermentaci\u00f3n, salvaguardaban los rendimientos y nada m\u00e1s. Hoy en d\u00eda, los productores de bebidas alcoh\u00f3licas entienden que las levaduras son tambi\u00e9n una herramienta para aportar car\u00e1cter a sus productos. Influencian la calidad final, el sabor, los aromas y la percepci\u00f3n del producto en su conjunto. Esto est\u00e1 cambiando nuestras relaciones con los clientes, que cada vez se parecen m\u00e1s a nuestros socios. Tambi\u00e9n significa que tenemos que ser m\u00e1s informativos, estar m\u00e1s presentes sobre el terreno e invertir m\u00e1s en I+D. Es una recompensa fant\u00e1stica por todo nuestro duro trabajo a lo largo de los a\u00f1os y una gran motivaci\u00f3n para nuestros equipos. Tambi\u00e9n es muy agradable y estimulante ayudar a mejorar las cualidades de una cerveza, un vino o un destilado&#8230; \u00a1Comprendo como disfrutan los equipos trabajando en estos retos y me divierto con ellos!<\/p>\n\t\t<\/div>\n\t\t\t\t\t<\/div>\n\n\t\n<\/div>\n<div class=\"row align-center\"  id=\"row-1983157840\">\n\n\t<div id=\"col-127288491\" class=\"col medium-1 small-10 large-1\"  >\n\t\t\t\t<div class=\"col-inner\"  >\n\t\t\t\n\t\t\t\n<h2><span style=\"font-size: 130%\" data-text-color=\"alert\">2.<\/span><\/h2>\n\t\t<\/div>\n\t\t\t\t\n<style>\n#col-127288491 > .col-inner {\n  padding: 0px 40px 0px 0px;\n}\n<\/style>\n\t<\/div>\n\n\t\n\n\t<div id=\"col-1934491162\" class=\"col medium-11 small-10 large-11\"  >\n\t\t\t\t<div class=\"col-inner\"  >\n\t\t\t\n\t\t\t\n<h2><span style=\"font-size: 130%\" data-text-color=\"alert\">Encontrar nuevas soluciones t\u00e9cnicas<\/span><\/h2>\n<p>Fermentis siempre ha invertido mucho en sus recursos industriales. Trabajar con profesionalidad y cumplir las normas m\u00e1s estrictas de calidad, seguridad e higiene es fundamental en nuestro negocio. Esta experiencia industrial y el conocimiento especializado de las materias primas nos permiten hoy producir las cantidades necesarias, asumir demandas espec\u00edficas o incluso experimemtar en condiciones &quot;reales&quot; las soluciones propuestas por nuestros equipos de I+D&#8230; \u00a1y no nos detenemos ah\u00ed! Adem\u00e1s, en los dos \u00faltimos a\u00f1os Fermentis ha lanzado al mercado varias innovaciones t\u00e9cnicas. El primer derivado l\u00edquido de la levadura, un activador de la fermentaci\u00f3n (ViniLiquid\u2122); un producto para clarificaci\u00f3n (Spring&#039;Finer\u2122); y una soluci\u00f3n para refermentar las cervezas en botella (SafAle\u2122 F2). Estos avances marcan la diferencia, as\u00ed que seguimos investigando e invirtiendo con la ayuda de nuestra casa matriz y su divisi\u00f3n de investigaci\u00f3n, y tambi\u00e9n de nuestros socios.<\/p>\n\t\t<\/div>\n\t\t\t\t\t<\/div>\n\n\t\n<\/div>\n<div class=\"row align-center\"  id=\"row-967651053\">\n\n\t<div id=\"col-596826031\" class=\"col medium-1 small-10 large-1\"  >\n\t\t\t\t<div class=\"col-inner\"  >\n\t\t\t\n\t\t\t\n<h2><span style=\"font-size: 130%\" data-text-color=\"alert\">3.<\/span><\/h2>\n\t\t<\/div>\n\t\t\t\t\n<style>\n#col-596826031 > .col-inner {\n  padding: 0px 40px 0px 0px;\n}\n<\/style>\n\t<\/div>\n\n\t\n\n\t<div id=\"col-554650036\" class=\"col medium-11 small-10 large-11\"  >\n\t\t\t\t<div class=\"col-inner\"  >\n\t\t\t\n\t\t\t\n<h2><span style=\"font-size: 130%\" data-text-color=\"alert\">Facilitar la vida a nuestros clientes<\/span><\/h2>\n<p>Este reto se encuentra en la encrucijada de los dos primeros. Nuestros clientes tienen mucho que hacer. Tenemos que liberarlos de las tareas menos creativas y reducir los tiempos no productivos. Necesitan concentrarse en su creatividad, en su actividad principal, en sus relaciones con los clientes&#8230; Esta convicci\u00f3n, este deseo nos llev\u00f3 a crear una gama espec\u00edfica de productos, que forma parte del concepto <a class=\"anchor\" href=\"https:\/\/fermentis.com\/es\/easy-2-use\/\"><u>E2U\u2122<\/u><\/a><strong> <\/strong>.<\/p>\n\t\t<\/div>\n\t\t\t\t\t<\/div>\n\n\t\n<\/div>\n<div class=\"row align-center\"  id=\"row-1812328836\">\n\n\t<div id=\"col-1222815015\" class=\"col medium-1 small-10 large-1\"  >\n\t\t\t\t<div class=\"col-inner\"  >\n\t\t\t\n\t\t\t\n<h2><span style=\"font-size: 130%\" data-text-color=\"alert\">4.<\/span><\/h2>\n\t\t<\/div>\n\t\t\t\t\n<style>\n#col-1222815015 > .col-inner {\n  padding: 0px 40px 0px 0px;\n}\n<\/style>\n\t<\/div>\n\n\t\n\n\t<div id=\"col-783858962\" class=\"col medium-11 small-10 large-11\"  >\n\t\t\t\t<div class=\"col-inner\"  >\n\t\t\t\n\t\t\t\n<h2><span style=\"font-size: 130%\" data-text-color=\"alert\">Apoyar a los empresarios<\/span><\/h2>\n<p>En el mundo de las bebidas fermentadas est\u00e1n ocurriendo grandes cosas.<br \/>\nEstamos viendo j\u00f3venes dise\u00f1adores, peque\u00f1as destiler\u00edas, cervecer\u00edas artesanales, nuevas bodegas&#8230; Hay riesgos, hay atrevimiento y algunas sorpresas maravillosas. Y como en cualquier empresa creativa, tambi\u00e9n hay decepciones.<br \/>\nSe trata de un modelo virtuoso, incluso para los grandes operadores del mercado, que se ven empujados a ser a\u00fan m\u00e1s creativos. Por eso queremos apoyar los esfuerzos de quienes lo intentan, quiz\u00e1 porque compartimos ese gusto por la innovaci\u00f3n y la iniciativa.<\/p>\n\t\t<\/div>\n\t\t\t\t\t<\/div>\n\n\t\n<\/div>\n<div class=\"row align-center\"  id=\"row-1405047833\">\n\n\t<div id=\"col-1624075876\" class=\"col medium-1 small-10 large-1\"  >\n\t\t\t\t<div class=\"col-inner\"  >\n\t\t\t\n\t\t\t\n<h2><span style=\"font-size: 130%\" data-text-color=\"alert\">5.<\/span><\/h2>\n\t\t<\/div>\n\t\t\t\t\n<style>\n#col-1624075876 > .col-inner {\n  padding: 0px 40px 0px 0px;\n}\n<\/style>\n\t<\/div>\n\n\t\n\n\t<div id=\"col-1612911474\" class=\"col medium-11 small-10 large-11\"  >\n\t\t\t\t<div class=\"col-inner\"  >\n\t\t\t\n\t\t\t\n<h2><span style=\"font-size: 130%\" data-text-color=\"alert\">Relaci\u00f3n de confianza<\/span><\/h2>\n<p>En nuestro negocio, el tiempo, la experiencia y la pericia construyen productos, marcas y fidelidad a las marcas. La honradez, la generosidad, la lealtad y la confianza son valores clave. Confianza entre nosotros, confianza en nuestro producto, confianza de nuestros clientes&#8230; \u00bfC\u00f3mo podemos funcionar sin confianza cuando nuestro d\u00eda a d\u00eda implica reuniones, discusiones y compartir placeres?<\/p>\n\t\t<\/div>\n\t\t\t\t\t<\/div>\n\n\t\n<\/div>\n\t\t<\/div>\n\n\t\t\n<style>\n#section_1314459674 {\n  padding-top: 20px;\n  padding-bottom: 20px;\n}\n<\/style>\n\t<\/section>\n\t\n\t<div id=\"gap-1939004078\" class=\"gap-element clearfix\" style=\"display:block; height:auto;\">\n\t\t\n<style>\n#gap-1939004078 {\n  padding-top: &quot;40px&quot;;\n}\n<\/style>\n\t<\/div>\n\t\n<h2 style=\"text-align: center\"><span style=\"font-size: 180%;color: #ef7500\">Hablemos<\/span><\/h2>\n<div class=\"wpb_text_column wpb_content_element \">\n<div class=\"wpb_wrapper\">\n<p style=\"text-align: center\"><strong>\u00bfQuiere saber m\u00e1s sobre nuestros productos y servicios?<\/strong><\/p>\n<\/div>\n<\/div>\n<div class=\"row\"  id=\"row-1121524328\">\n\n\t<div id=\"col-545055816\" class=\"col small-12 large-12\"  >\n\t\t\t\t<div class=\"col-inner text-center\"  >\n\t\t\t\n\t\t\t\n<a href=\"https:\/\/fermentis.com\/es\/contact\/\" target=\"_blank\" class=\"button primary box-shadow-1 box-shadow-2-hover\" rel=\"noopener\" >\n\t<i class=\"icon-envelop\" aria-hidden=\"true\"><\/i>\t<span>CONTACTO<\/span>\n\t<\/a>\n\n\t\t<\/div>\n\t\t\t\t\t<\/div>\n\n\t\n<\/div>\n","protected":false},"excerpt":{"rendered":"<p>Hablemos \u00bfQuiere saber m\u00e1s sobre nuestros productos y servicios?<\/p>\n","protected":false},"author":2,"featured_media":0,"parent":43412,"menu_order":0,"comment_status":"closed","ping_status":"closed","template":"page-blank.php","meta":{"_acf_changed":false,"footnotes":""},"class_list":["post-43578","page","type-page","status-publish","hentry"],"acf":[],"yoast_head":"<!-- This site is optimized with the Yoast SEO Premium plugin v27.3 (Yoast SEO v27.4) - https:\/\/yoast.com\/product\/yoast-seo-premium-wordpress\/ -->\n<title>Apoyar la creatividad - Fermentis<\/title>\n<meta name=\"description\" content=\"Nuestra prioridad es apoyar su creatividad, ayud\u00e1ndolo a expresar su capacidad de innovaci\u00f3n y su creatividad. \u00a1Juegue con las levaduras para brindar car\u00e1cter a sus productos!\" \/>\n<meta name=\"robots\" content=\"index, follow, max-snippet:-1, max-image-preview:large, max-video-preview:-1\" \/>\n<link rel=\"canonical\" href=\"https:\/\/fermentis.com\/es\/our-company\/supporting-creativity\/\" \/>\n<meta property=\"og:locale\" content=\"es_ES\" \/>\n<meta property=\"og:type\" content=\"article\" \/>\n<meta property=\"og:title\" content=\"Apoyar la creatividad\" \/>\n<meta property=\"og:description\" content=\"Nuestra prioridad es apoyar su creatividad, ayud\u00e1ndolo a expresar su capacidad de innovaci\u00f3n y su creatividad. \u00a1Juegue con las levaduras para brindar car\u00e1cter a sus productos!\" \/>\n<meta property=\"og:url\" content=\"https:\/\/fermentis.com\/es\/our-company\/supporting-creativity\/\" \/>\n<meta property=\"og:site_name\" content=\"Fermentis\" \/>\n<meta property=\"article:publisher\" content=\"https:\/\/www.facebook.com\/Fermentis\" \/>\n<meta property=\"article:modified_time\" content=\"2026-04-10T04:01:29+00:00\" \/>\n<meta property=\"og:image\" content=\"https:\/\/fermentis.com\/wp-content\/uploads\/2021\/07\/website-v2.png\" \/>\n\t<meta property=\"og:image:width\" content=\"1903\" \/>\n\t<meta property=\"og:image:height\" content=\"901\" \/>\n\t<meta property=\"og:image:type\" content=\"image\/png\" \/>\n<meta name=\"twitter:card\" content=\"summary_large_image\" \/>\n<meta name=\"twitter:site\" content=\"@fermentis\" \/>\n<meta name=\"twitter:label1\" content=\"Tiempo de lectura\" \/>\n\t<meta name=\"twitter:data1\" content=\"5 minutos\" \/>\n<script type=\"application\/ld+json\" class=\"yoast-schema-graph\">{\"@context\":\"https:\\\/\\\/schema.org\",\"@graph\":[{\"@type\":\"WebPage\",\"@id\":\"https:\\\/\\\/fermentis.com\\\/es\\\/our-company\\\/supporting-creativity\\\/\",\"url\":\"https:\\\/\\\/fermentis.com\\\/es\\\/our-company\\\/supporting-creativity\\\/\",\"name\":\"Apoyar la creatividad - Fermentis\",\"isPartOf\":{\"@id\":\"https:\\\/\\\/fermentis.com\\\/es\\\/#website\"},\"datePublished\":\"2020-02-17T23:00:00+00:00\",\"dateModified\":\"2026-04-10T04:01:29+00:00\",\"description\":\"Nuestra prioridad es apoyar su creatividad, ayud\u00e1ndolo a expresar su capacidad de innovaci\u00f3n y su creatividad. \u00a1Juegue con las levaduras para brindar car\u00e1cter a sus productos!\",\"breadcrumb\":{\"@id\":\"https:\\\/\\\/fermentis.com\\\/es\\\/our-company\\\/supporting-creativity\\\/#breadcrumb\"},\"inLanguage\":\"es\",\"potentialAction\":[{\"@type\":\"ReadAction\",\"target\":[\"https:\\\/\\\/fermentis.com\\\/es\\\/our-company\\\/supporting-creativity\\\/\"]}]},{\"@type\":\"BreadcrumbList\",\"@id\":\"https:\\\/\\\/fermentis.com\\\/es\\\/our-company\\\/supporting-creativity\\\/#breadcrumb\",\"itemListElement\":[{\"@type\":\"ListItem\",\"position\":1,\"name\":\"Home\",\"item\":\"https:\\\/\\\/fermentis.com\\\/es\\\/\"},{\"@type\":\"ListItem\",\"position\":2,\"name\":\"Nuestra empresa\",\"item\":\"https:\\\/\\\/fermentis.com\\\/es\\\/our-company\\\/\"},{\"@type\":\"ListItem\",\"position\":3,\"name\":\"Apoyar la creatividad\"}]},{\"@type\":\"WebSite\",\"@id\":\"https:\\\/\\\/fermentis.com\\\/es\\\/#website\",\"url\":\"https:\\\/\\\/fermentis.com\\\/es\\\/\",\"name\":\"Fermentis\",\"description\":\"Un site utilisant WordPress\",\"publisher\":{\"@id\":\"https:\\\/\\\/fermentis.com\\\/es\\\/#organization\"},\"potentialAction\":[{\"@type\":\"SearchAction\",\"target\":{\"@type\":\"EntryPoint\",\"urlTemplate\":\"https:\\\/\\\/fermentis.com\\\/es\\\/?s={search_term_string}\"},\"query-input\":{\"@type\":\"PropertyValueSpecification\",\"valueRequired\":true,\"valueName\":\"search_term_string\"}}],\"inLanguage\":\"es\"},{\"@type\":\"Organization\",\"@id\":\"https:\\\/\\\/fermentis.com\\\/es\\\/#organization\",\"name\":\"Fermentis\",\"url\":\"https:\\\/\\\/fermentis.com\\\/es\\\/\",\"logo\":{\"@type\":\"ImageObject\",\"inLanguage\":\"es\",\"@id\":\"https:\\\/\\\/fermentis.com\\\/es\\\/#\\\/schema\\\/logo\\\/image\\\/\",\"url\":\"https:\\\/\\\/fermentis.com\\\/wp-content\\\/uploads\\\/2021\\\/07\\\/Logo-Fermentis-5.png\",\"contentUrl\":\"https:\\\/\\\/fermentis.com\\\/wp-content\\\/uploads\\\/2021\\\/07\\\/Logo-Fermentis-5.png\",\"width\":308,\"height\":95,\"caption\":\"Fermentis\"},\"image\":{\"@id\":\"https:\\\/\\\/fermentis.com\\\/es\\\/#\\\/schema\\\/logo\\\/image\\\/\"},\"sameAs\":[\"https:\\\/\\\/www.facebook.com\\\/Fermentis\",\"https:\\\/\\\/x.com\\\/fermentis\",\"https:\\\/\\\/www.instagram.com\\\/fermentisbylesaffre\\\/\",\"https:\\\/\\\/www.linkedin.com\\\/company\\\/fermentis\\\/\",\"https:\\\/\\\/www.youtube.com\\\/channel\\\/UCt_Lp3IZnUNXZeqSi6iiAdA\"]}]}<\/script>\n<!-- \/ Yoast SEO Premium plugin. -->","yoast_head_json":{"title":"Apoyar la creatividad - Fermentis","description":"Nuestra prioridad es apoyar su creatividad, ayud\u00e1ndolo a expresar su capacidad de innovaci\u00f3n y su creatividad. \u00a1Juegue con las levaduras para brindar car\u00e1cter a sus productos!","robots":{"index":"index","follow":"follow","max-snippet":"max-snippet:-1","max-image-preview":"max-image-preview:large","max-video-preview":"max-video-preview:-1"},"canonical":"https:\/\/fermentis.com\/es\/our-company\/supporting-creativity\/","og_locale":"es_ES","og_type":"article","og_title":"Apoyar la creatividad","og_description":"Nuestra prioridad es apoyar su creatividad, ayud\u00e1ndolo a expresar su capacidad de innovaci\u00f3n y su creatividad. \u00a1Juegue con las levaduras para brindar car\u00e1cter a sus productos!","og_url":"https:\/\/fermentis.com\/es\/our-company\/supporting-creativity\/","og_site_name":"Fermentis","article_publisher":"https:\/\/www.facebook.com\/Fermentis","article_modified_time":"2026-04-10T04:01:29+00:00","og_image":[{"width":1903,"height":901,"url":"https:\/\/fermentis.com\/wp-content\/uploads\/2021\/07\/website-v2.png","type":"image\/png"}],"twitter_card":"summary_large_image","twitter_site":"@fermentis","twitter_misc":{"Tiempo de lectura":"5 minutos"},"schema":{"@context":"https:\/\/schema.org","@graph":[{"@type":"WebPage","@id":"https:\/\/fermentis.com\/es\/our-company\/supporting-creativity\/","url":"https:\/\/fermentis.com\/es\/our-company\/supporting-creativity\/","name":"Apoyar la creatividad - Fermentis","isPartOf":{"@id":"https:\/\/fermentis.com\/es\/#website"},"datePublished":"2020-02-17T23:00:00+00:00","dateModified":"2026-04-10T04:01:29+00:00","description":"Nuestra prioridad es apoyar su creatividad, ayud\u00e1ndolo a expresar su capacidad de innovaci\u00f3n y su creatividad. \u00a1Juegue con las levaduras para brindar car\u00e1cter a sus productos!","breadcrumb":{"@id":"https:\/\/fermentis.com\/es\/our-company\/supporting-creativity\/#breadcrumb"},"inLanguage":"es","potentialAction":[{"@type":"ReadAction","target":["https:\/\/fermentis.com\/es\/our-company\/supporting-creativity\/"]}]},{"@type":"BreadcrumbList","@id":"https:\/\/fermentis.com\/es\/our-company\/supporting-creativity\/#breadcrumb","itemListElement":[{"@type":"ListItem","position":1,"name":"Home","item":"https:\/\/fermentis.com\/es\/"},{"@type":"ListItem","position":2,"name":"Nuestra empresa","item":"https:\/\/fermentis.com\/es\/our-company\/"},{"@type":"ListItem","position":3,"name":"Apoyar la creatividad"}]},{"@type":"WebSite","@id":"https:\/\/fermentis.com\/es\/#website","url":"https:\/\/fermentis.com\/es\/","name":"Fermentis","description":"Un site utilisant WordPress","publisher":{"@id":"https:\/\/fermentis.com\/es\/#organization"},"potentialAction":[{"@type":"SearchAction","target":{"@type":"EntryPoint","urlTemplate":"https:\/\/fermentis.com\/es\/?s={search_term_string}"},"query-input":{"@type":"PropertyValueSpecification","valueRequired":true,"valueName":"search_term_string"}}],"inLanguage":"es"},{"@type":"Organization","@id":"https:\/\/fermentis.com\/es\/#organization","name":"Fermentis","url":"https:\/\/fermentis.com\/es\/","logo":{"@type":"ImageObject","inLanguage":"es","@id":"https:\/\/fermentis.com\/es\/#\/schema\/logo\/image\/","url":"https:\/\/fermentis.com\/wp-content\/uploads\/2021\/07\/Logo-Fermentis-5.png","contentUrl":"https:\/\/fermentis.com\/wp-content\/uploads\/2021\/07\/Logo-Fermentis-5.png","width":308,"height":95,"caption":"Fermentis"},"image":{"@id":"https:\/\/fermentis.com\/es\/#\/schema\/logo\/image\/"},"sameAs":["https:\/\/www.facebook.com\/Fermentis","https:\/\/x.com\/fermentis","https:\/\/www.instagram.com\/fermentisbylesaffre\/","https:\/\/www.linkedin.com\/company\/fermentis\/","https:\/\/www.youtube.com\/channel\/UCt_Lp3IZnUNXZeqSi6iiAdA"]}]}},"_links":{"self":[{"href":"https:\/\/fermentis.com\/es\/wp-json\/wp\/v2\/pages\/43578","targetHints":{"allow":["GET"]}}],"collection":[{"href":"https:\/\/fermentis.com\/es\/wp-json\/wp\/v2\/pages"}],"about":[{"href":"https:\/\/fermentis.com\/es\/wp-json\/wp\/v2\/types\/page"}],"author":[{"embeddable":true,"href":"https:\/\/fermentis.com\/es\/wp-json\/wp\/v2\/users\/2"}],"replies":[{"embeddable":true,"href":"https:\/\/fermentis.com\/es\/wp-json\/wp\/v2\/comments?post=43578"}],"version-history":[{"count":3241,"href":"https:\/\/fermentis.com\/es\/wp-json\/wp\/v2\/pages\/43578\/revisions"}],"predecessor-version":[{"id":715260,"href":"https:\/\/fermentis.com\/es\/wp-json\/wp\/v2\/pages\/43578\/revisions\/715260"}],"up":[{"embeddable":true,"href":"https:\/\/fermentis.com\/es\/wp-json\/wp\/v2\/pages\/43412"}],"wp:attachment":[{"href":"https:\/\/fermentis.com\/es\/wp-json\/wp\/v2\/media?parent=43578"}],"curies":[{"name":"wp","href":"https:\/\/api.w.org\/{rel}","templated":true}]}}