{"id":43780,"date":"2024-01-21T18:32:07","date_gmt":"2024-01-21T17:32:07","guid":{"rendered":"https:\/\/fermentis.com\/wine-consumption-the-younger-generations\/"},"modified":"2026-04-04T17:54:19","modified_gmt":"2026-04-04T15:54:19","slug":"wine-consumption-the-younger-generations","status":"publish","type":"page","link":"https:\/\/fermentis.com\/es\/wine-consumption-the-younger-generations\/","title":{"rendered":"Consumo de vino y las generaciones m\u00e1s j\u00f3venes"},"content":{"rendered":"\n\t<section class=\"section\" id=\"section_1891538567\">\n\t\t<div class=\"section-bg fill\" >\n\t\t\t\t\t\t\t\t\t\n\t\t\t\n\n\t\t<\/div>\n\n\t\t\n\n\t\t<div class=\"section-content relative\">\n\t\t\t\n\n  <div class=\"banner has-hover has-parallax\" id=\"banner-1778315939\">\n          <div class=\"banner-inner fill\">\n        <div class=\"banner-bg fill\" data-parallax=\"-4\" data-parallax-container=\".banner\" data-parallax-background>\n            <img loading=\"lazy\" decoding=\"async\" width=\"1202\" height=\"800\" src=\"https:\/\/fermentis.com\/wp-content\/uploads\/2024\/01\/wine-consumption.jpg\" class=\"bg attachment-original size-original\" alt=\"\" \/>                        <div class=\"overlay\"><\/div>            \n                    <\/div>\n\t\t\n        <div class=\"banner-layers container\">\n            <div class=\"fill banner-link\"><\/div>            \n   <div id=\"text-box-1216478048\" class=\"text-box banner-layer x50 md-x50 lg-x50 y50 md-y50 lg-y50 res-text\">\n                                <div class=\"text-box-content text dark\">\n              \n              <div class=\"text-inner text-center\">\n                  \n\t<div id=\"text-1070200916\" class=\"text\">\n\t\t\n<p><br data-source=\"\n\n\"><\/p>\n<h2><span style=\"font-size: 110%\">H\u00e1bitos de consumo de vino y las generaciones m\u00e1s j\u00f3venes<\/span><\/h2>\n<p><br data-source=\"\n\"><br \/>\n\t\t\n<style>\n#text-1070200916 {\n  color: rgb(255,255,255);\n}\n#text-1070200916 > * {\n  color: rgb(255,255,255);\n}\n<\/style>\n\t<\/div>\n\t\n              <\/div>\n           <\/div>\n                            \n<style>\n#text-box-1216478048 {\n  width: 82%;\n}\n#text-box-1216478048 .text-box-content {\n  font-size: 100%;\n}\n<\/style>\n    <\/div>\n \n        <\/div>\n      <\/div>\n\n            \n<style>\n#banner-1778315939 {\n  padding-top: 300px;\n  background-color: rgb(255, 255, 255);\n}\n#banner-1778315939 .overlay {\n  background-color: rgba(0, 0, 0, 0.331);\n}\n#banner-1778315939 .banner-bg img {\n  object-position: 45% 34%;\n}\n<\/style>\n  <\/div>\n\n\n\t\t<\/div>\n\n\t\t\n<style>\n#section_1891538567 {\n  padding-top: 0px;\n  padding-bottom: 0px;\n}\n<\/style>\n\t<\/section>\n\t\n\n\t<section class=\"section\" id=\"section_704465868\">\n\t\t<div class=\"section-bg fill\" >\n\t\t\t\t\t\t\t\t\t\n\t\t\t\n\n\t\t<\/div>\n\n\t\t\n\n\t\t<div class=\"section-content relative\">\n\t\t\t\n<div class=\"row align-middle\"  id=\"row-1769110042\">\n\n\t<div id=\"col-1237087357\" class=\"col medium-6 small-12 large-6\"  >\n\t\t\t\t<div class=\"col-inner\"  >\n\t\t\t\n\t\t\t\n\t<div class=\"img has-hover x md-x lg-x y md-y lg-y\" id=\"image_145400419\">\n\t\t\t\t\t\t\t\t<div class=\"img-inner dark\" >\n\t\t\t<img loading=\"lazy\" decoding=\"async\" width=\"1920\" height=\"1061\" src=\"https:\/\/fermentis.com\/wp-content\/uploads\/2024\/01\/wine-generations.jpg\" class=\"attachment-original size-original\" alt=\"\" srcset=\"https:\/\/fermentis.com\/wp-content\/uploads\/2024\/01\/wine-generations.jpg 1920w, https:\/\/fermentis.com\/wp-content\/uploads\/2024\/01\/wine-generations-800x442.jpg 800w, https:\/\/fermentis.com\/wp-content\/uploads\/2024\/01\/wine-generations-1024x566.jpg 1024w, https:\/\/fermentis.com\/wp-content\/uploads\/2024\/01\/wine-generations-768x424.jpg 768w, https:\/\/fermentis.com\/wp-content\/uploads\/2024\/01\/wine-generations-1536x849.jpg 1536w, https:\/\/fermentis.com\/wp-content\/uploads\/2024\/01\/wine-generations-600x332.jpg 600w\" sizes=\"auto, (max-width: 1920px) 100vw, 1920px\" \/>\t\t\t\t\t\t\n\t\t\t\t\t<\/div>\n\t\t\t\t\t\t\t\t\n<style>\n#image_145400419 {\n  width: 100%;\n}\n<\/style>\n\t<\/div>\n\t\n\t\t<\/div>\n\t\t\t\t\t<\/div>\n\n\t\n\n\t<div id=\"col-1831443709\" class=\"col medium-6 small-12 large-6\"  >\n\t\t\t\t<div class=\"col-inner\"  >\n\t\t\t\n\t\t\t\n<p><br data-source=\"\n\n\"><\/p>\n<p>El consumo mundial de vino se ha mantenido bastante estable a lo largo de los \u00faltimos 20 a\u00f1os, con algunas variaciones anuales, por supuesto, pero en general se trata de un mercado maduro, dominado por algunos pa\u00edses hist\u00f3ricos \u2014concretamente los de mayor producci\u00f3n.<\/p>\n<p><br data-source=\"\n\"><\/p>\n<p>Sin embargo, a lo largo de la \u00faltima d\u00e9cada, ha habido preocupaci\u00f3n en varios pa\u00edses por la p\u00e9rdida de inter\u00e9s hacia el vino en los adultos j\u00f3venes, con edad legal para beber. Es el caso de dos mercados clave: Estados Unidos y el Reino Unido. En 2010, la franja etaria de 21 a 34 a\u00f1os representaba el 28% (EE.UU.) y el 24% (Reino Unido) de los consumidores habituales de vino, pero esa cifra se redujo a s\u00f3lo el 18% y el 14% en 2020.<\/p>\n<p><br data-source=\"\n\"><\/p>\n<p>La mayor competencia de otros tipos de bebidas, como los seltzers o las bebidas espirituosas, es una de las razones que explican esta tendencia, pero hay otras, como la abstinencia total de alcohol. Sin embargo, la buena noticia es que la generaci\u00f3n m\u00e1s joven que consume vino parece ser m\u00e1s apasionada y curiosa que sus padres, y podr\u00eda estar m\u00e1s inclinada a aprender, experimentar, descubrir y beber m\u00e1s vinos de calidad premium.<\/p>\n<p><br data-source=\"\n\n\"><\/p>\n\t\t<\/div>\n\t\t\t\t\t<\/div>\n\n\t\n<\/div>\n<div class=\"row\"  id=\"row-1207938726\">\n\n\t<div id=\"col-1341920935\" class=\"col small-12 large-12\"  >\n\t\t\t\t<div class=\"col-inner\"  >\n\t\t\t\n\t\t\t\n<p><br data-source=\"\n\n\"><\/p>\n<p>En Francia, el descenso del consumo en el grupo etario de 18 a 39 a\u00f1os preocupa desde hace tiempo. Sin embargo, las estad\u00edsticas son m\u00e1s alentadoras que la tendencia prevista. Este joven grupo representa el 28% de todos los consumidores de vino en Francia, una cifra considerablemente superior a la de otros pa\u00edses como el Reino Unido y Estados Unidos.<\/p>\n<p><br data-source=\"\n\"><\/p>\n<p>Los h\u00e1bitos de consumo de las generaciones j\u00f3venes se acercan a los de los pa\u00edses anglosajones: el vino se consume en un ambiente festivo, durante las ocasiones sociales, y hay inter\u00e9s por descubrir nuevos sabores y maridajes.<\/p>\n<p><br data-source=\"\n\"><\/p>\n<p>Entonces, \u00bfdebemos preocuparnos por los cambios generacionales en el consumo de vino? Bueno, siempre habr\u00e1 varias formas de ver las cosas. Las tendencias mundiales en torno a la salud podr\u00edan provocar un descenso global del consumo de vino en los pr\u00f3ximos a\u00f1os.<\/p>\n<p><br data-source=\"\n\"><\/p>\n<p>Las generaciones m\u00e1s j\u00f3venes liderar\u00e1n esta tendencia, pero decir que dejar\u00e1n de beber vino en el futuro ser\u00eda muy enga\u00f1oso. Las nuevas generaciones, incluida la generaci\u00f3n Z, son bastante complejas y heterog\u00e9neas, pero sienten curiosidad por las bebidas fermentadas y mostrar\u00e1n inter\u00e9s, especialmente cuando se trata de descubrimiento, educaci\u00f3n y degustaci\u00f3n.<\/p>\n<p><br data-source=\"\n\"><\/p>\n<p>La d\u00e9cada actual es probablemente una gran oportunidad para que los bodegueros conecten con los consumidores m\u00e1s j\u00f3venes, a trav\u00e9s de la educaci\u00f3n, nuevos canales de comunicaci\u00f3n y destacando los vinos m\u00e1s premium y\/o inusuales de su cartera. <\/p>\n<p><br data-source=\"\n\"><\/p>\n<p><span style=\"font-size: 11.52px\"><i>Fuentes: <\/i><\/span><\/p>\n<p><br data-source=\"\n\"><\/p>\n<p>Inteligencia vin\u00edcola : <a href=\"https:\/\/www.theiwsr.com\/fewer-younger-lda-drinkers-are-entering-the-wine-category-does-it-matter\/\">https:\/\/www.theiwsr.com\/fewer-younger-lda-drinkers-are-entering-the-wine-category-does-it-matter\/<\/a><\/p>\n<p><br data-source=\"\n\"><\/p>\n<p><a href=\"https:\/\/www.wineintelligence.com\/press-releases\/press-release-frequent-wine-drinking-population-in-the-us-in-decline-led-by-younger-consumers-though-overall-participation-in-wine-category-up\/\">https:\/\/www.wineintelligence.com\/press-releases\/press-release-frequent-wine-drinking-population-in-the-us-in-decline-led-by-younger-consumers-though-overall-participation-in-wine-category-up\/<\/a><\/p>\n<p><br data-source=\"\n\"><\/p>\n<p>Par\u00eds Vin Expo : <a href=\"https:\/\/www.maisondesvinsdulanguedoc.com\/_objects\/tao_medias\/file\/wi-pour-wine-paris-vinexpo-paris-la-bataille-des-generations-france-press-handout-176209.pdf?1695029305\">https:\/\/www.maisondesvinsdulanguedoc.com\/_objects\/tao_medias\/file\/wi-pour-wine-paris-vinexpo-paris-la-bataille-des-generations-france-press-handout-176209.pdf?1695029305<\/a><\/p>\n<p><br data-source=\"\n\n\"><\/p>\n\t\t<\/div>\n\t\t\t\t\t<\/div>\n\n\t\n<\/div>\n\t\t<\/div>\n\n\t\t\n<style>\n#section_704465868 {\n  padding-top: 30px;\n  padding-bottom: 30px;\n}\n<\/style>\n\t<\/section>\n\t\n","protected":false},"excerpt":{"rendered":"","protected":false},"author":2,"featured_media":43140,"parent":0,"menu_order":0,"comment_status":"closed","ping_status":"closed","template":"page-blank.php","meta":{"_acf_changed":false,"footnotes":""},"class_list":["post-43780","page","type-page","status-publish","has-post-thumbnail","hentry"],"acf":[],"yoast_head":"<!-- This site is optimized with the Yoast SEO Premium plugin v27.3 (Yoast SEO v27.3) - https:\/\/yoast.com\/product\/yoast-seo-premium-wordpress\/ -->\n<title>Consumo de vino y las generaciones m\u00e1s j\u00f3venes - Fermentis<\/title>\n<meta name=\"description\" content=\"\u00bfQu\u00e9 es ViniLiquid\u2122 y por qu\u00e9 deber\u00eda utilizarlo? ViniLiquid\u2122, desarrollado por Fermentis, sigue siendo hoy en d\u00eda en d\u00eda un activador de la fermentaci\u00f3n altamente innovador.\" \/>\n<meta name=\"robots\" content=\"index, follow, max-snippet:-1, max-image-preview:large, max-video-preview:-1\" \/>\n<link rel=\"canonical\" href=\"https:\/\/fermentis.com\/es\/wine-consumption-the-younger-generations\/\" \/>\n<meta property=\"og:locale\" content=\"es_ES\" \/>\n<meta property=\"og:type\" content=\"article\" \/>\n<meta property=\"og:title\" content=\"Consumo de vino y las generaciones m\u00e1s j\u00f3venes\" \/>\n<meta property=\"og:description\" content=\"\u00bfQu\u00e9 es ViniLiquid\u2122 y por qu\u00e9 deber\u00eda utilizarlo? ViniLiquid\u2122, desarrollado por Fermentis, sigue siendo hoy en d\u00eda en d\u00eda un activador de la fermentaci\u00f3n altamente innovador.\" \/>\n<meta property=\"og:url\" content=\"https:\/\/fermentis.com\/es\/wine-consumption-the-younger-generations\/\" \/>\n<meta property=\"og:site_name\" content=\"Fermentis\" \/>\n<meta property=\"article:publisher\" content=\"https:\/\/www.facebook.com\/Fermentis\" \/>\n<meta property=\"article:modified_time\" content=\"2026-04-04T15:54:19+00:00\" \/>\n<meta property=\"og:image\" content=\"https:\/\/fermentis.com\/wp-content\/uploads\/2021\/08\/viniliquid-1.jpg\" \/>\n\t<meta property=\"og:image:width\" content=\"200\" \/>\n\t<meta property=\"og:image:height\" content=\"200\" \/>\n\t<meta property=\"og:image:type\" content=\"image\/jpeg\" \/>\n<meta name=\"twitter:card\" content=\"summary_large_image\" \/>\n<meta name=\"twitter:site\" content=\"@fermentis\" \/>\n<meta name=\"twitter:label1\" content=\"Tiempo de lectura\" \/>\n\t<meta name=\"twitter:data1\" content=\"11 minutos\" \/>\n<script type=\"application\/ld+json\" class=\"yoast-schema-graph\">{\"@context\":\"https:\\\/\\\/schema.org\",\"@graph\":[{\"@type\":\"WebPage\",\"@id\":\"https:\\\/\\\/fermentis.com\\\/es\\\/wine-consumption-the-younger-generations\\\/\",\"url\":\"https:\\\/\\\/fermentis.com\\\/es\\\/wine-consumption-the-younger-generations\\\/\",\"name\":\"Consumo de vino y las generaciones m\u00e1s j\u00f3venes - Fermentis\",\"isPartOf\":{\"@id\":\"https:\\\/\\\/fermentis.com\\\/es\\\/#website\"},\"primaryImageOfPage\":{\"@id\":\"https:\\\/\\\/fermentis.com\\\/es\\\/wine-consumption-the-younger-generations\\\/#primaryimage\"},\"image\":{\"@id\":\"https:\\\/\\\/fermentis.com\\\/es\\\/wine-consumption-the-younger-generations\\\/#primaryimage\"},\"thumbnailUrl\":\"https:\\\/\\\/fermentis.com\\\/wp-content\\\/uploads\\\/2021\\\/08\\\/viniliquid-1.jpg\",\"datePublished\":\"2024-01-21T17:32:07+00:00\",\"dateModified\":\"2026-04-04T15:54:19+00:00\",\"description\":\"\u00bfQu\u00e9 es ViniLiquid\u2122 y por qu\u00e9 deber\u00eda utilizarlo? ViniLiquid\u2122, desarrollado por Fermentis, sigue siendo hoy en d\u00eda en d\u00eda un activador de la fermentaci\u00f3n altamente innovador.\",\"breadcrumb\":{\"@id\":\"https:\\\/\\\/fermentis.com\\\/es\\\/wine-consumption-the-younger-generations\\\/#breadcrumb\"},\"inLanguage\":\"es\",\"potentialAction\":[{\"@type\":\"ReadAction\",\"target\":[\"https:\\\/\\\/fermentis.com\\\/es\\\/wine-consumption-the-younger-generations\\\/\"]}]},{\"@type\":\"ImageObject\",\"inLanguage\":\"es\",\"@id\":\"https:\\\/\\\/fermentis.com\\\/es\\\/wine-consumption-the-younger-generations\\\/#primaryimage\",\"url\":\"https:\\\/\\\/fermentis.com\\\/wp-content\\\/uploads\\\/2021\\\/08\\\/viniliquid-1.jpg\",\"contentUrl\":\"https:\\\/\\\/fermentis.com\\\/wp-content\\\/uploads\\\/2021\\\/08\\\/viniliquid-1.jpg\",\"width\":200,\"height\":200},{\"@type\":\"BreadcrumbList\",\"@id\":\"https:\\\/\\\/fermentis.com\\\/es\\\/wine-consumption-the-younger-generations\\\/#breadcrumb\",\"itemListElement\":[{\"@type\":\"ListItem\",\"position\":1,\"name\":\"Home\",\"item\":\"https:\\\/\\\/fermentis.com\\\/es\\\/\"},{\"@type\":\"ListItem\",\"position\":2,\"name\":\"Consumo de vino y las generaciones m\u00e1s j\u00f3venes\"}]},{\"@type\":\"WebSite\",\"@id\":\"https:\\\/\\\/fermentis.com\\\/es\\\/#website\",\"url\":\"https:\\\/\\\/fermentis.com\\\/es\\\/\",\"name\":\"Fermentis\",\"description\":\"Un site utilisant WordPress\",\"publisher\":{\"@id\":\"https:\\\/\\\/fermentis.com\\\/es\\\/#organization\"},\"potentialAction\":[{\"@type\":\"SearchAction\",\"target\":{\"@type\":\"EntryPoint\",\"urlTemplate\":\"https:\\\/\\\/fermentis.com\\\/es\\\/?s={search_term_string}\"},\"query-input\":{\"@type\":\"PropertyValueSpecification\",\"valueRequired\":true,\"valueName\":\"search_term_string\"}}],\"inLanguage\":\"es\"},{\"@type\":\"Organization\",\"@id\":\"https:\\\/\\\/fermentis.com\\\/es\\\/#organization\",\"name\":\"Fermentis\",\"url\":\"https:\\\/\\\/fermentis.com\\\/es\\\/\",\"logo\":{\"@type\":\"ImageObject\",\"inLanguage\":\"es\",\"@id\":\"https:\\\/\\\/fermentis.com\\\/es\\\/#\\\/schema\\\/logo\\\/image\\\/\",\"url\":\"https:\\\/\\\/fermentis.com\\\/wp-content\\\/uploads\\\/2021\\\/07\\\/Logo-Fermentis-5.png\",\"contentUrl\":\"https:\\\/\\\/fermentis.com\\\/wp-content\\\/uploads\\\/2021\\\/07\\\/Logo-Fermentis-5.png\",\"width\":308,\"height\":95,\"caption\":\"Fermentis\"},\"image\":{\"@id\":\"https:\\\/\\\/fermentis.com\\\/es\\\/#\\\/schema\\\/logo\\\/image\\\/\"},\"sameAs\":[\"https:\\\/\\\/www.facebook.com\\\/Fermentis\",\"https:\\\/\\\/x.com\\\/fermentis\",\"https:\\\/\\\/www.instagram.com\\\/fermentisbylesaffre\\\/\",\"https:\\\/\\\/www.linkedin.com\\\/company\\\/fermentis\\\/\",\"https:\\\/\\\/www.youtube.com\\\/channel\\\/UCt_Lp3IZnUNXZeqSi6iiAdA\"]}]}<\/script>\n<!-- \/ Yoast SEO Premium plugin. -->","yoast_head_json":{"title":"Consumo de vino y las generaciones m\u00e1s j\u00f3venes - Fermentis","description":"\u00bfQu\u00e9 es ViniLiquid\u2122 y por qu\u00e9 deber\u00eda utilizarlo? ViniLiquid\u2122, desarrollado por Fermentis, sigue siendo hoy en d\u00eda en d\u00eda un activador de la fermentaci\u00f3n altamente innovador.","robots":{"index":"index","follow":"follow","max-snippet":"max-snippet:-1","max-image-preview":"max-image-preview:large","max-video-preview":"max-video-preview:-1"},"canonical":"https:\/\/fermentis.com\/es\/wine-consumption-the-younger-generations\/","og_locale":"es_ES","og_type":"article","og_title":"Consumo de vino y las generaciones m\u00e1s j\u00f3venes","og_description":"\u00bfQu\u00e9 es ViniLiquid\u2122 y por qu\u00e9 deber\u00eda utilizarlo? ViniLiquid\u2122, desarrollado por Fermentis, sigue siendo hoy en d\u00eda en d\u00eda un activador de la fermentaci\u00f3n altamente innovador.","og_url":"https:\/\/fermentis.com\/es\/wine-consumption-the-younger-generations\/","og_site_name":"Fermentis","article_publisher":"https:\/\/www.facebook.com\/Fermentis","article_modified_time":"2026-04-04T15:54:19+00:00","og_image":[{"width":200,"height":200,"url":"https:\/\/fermentis.com\/wp-content\/uploads\/2021\/08\/viniliquid-1.jpg","type":"image\/jpeg"}],"twitter_card":"summary_large_image","twitter_site":"@fermentis","twitter_misc":{"Tiempo de lectura":"11 minutos"},"schema":{"@context":"https:\/\/schema.org","@graph":[{"@type":"WebPage","@id":"https:\/\/fermentis.com\/es\/wine-consumption-the-younger-generations\/","url":"https:\/\/fermentis.com\/es\/wine-consumption-the-younger-generations\/","name":"Consumo de vino y las generaciones m\u00e1s j\u00f3venes - Fermentis","isPartOf":{"@id":"https:\/\/fermentis.com\/es\/#website"},"primaryImageOfPage":{"@id":"https:\/\/fermentis.com\/es\/wine-consumption-the-younger-generations\/#primaryimage"},"image":{"@id":"https:\/\/fermentis.com\/es\/wine-consumption-the-younger-generations\/#primaryimage"},"thumbnailUrl":"https:\/\/fermentis.com\/wp-content\/uploads\/2021\/08\/viniliquid-1.jpg","datePublished":"2024-01-21T17:32:07+00:00","dateModified":"2026-04-04T15:54:19+00:00","description":"\u00bfQu\u00e9 es ViniLiquid\u2122 y por qu\u00e9 deber\u00eda utilizarlo? ViniLiquid\u2122, desarrollado por Fermentis, sigue siendo hoy en d\u00eda en d\u00eda un activador de la fermentaci\u00f3n altamente innovador.","breadcrumb":{"@id":"https:\/\/fermentis.com\/es\/wine-consumption-the-younger-generations\/#breadcrumb"},"inLanguage":"es","potentialAction":[{"@type":"ReadAction","target":["https:\/\/fermentis.com\/es\/wine-consumption-the-younger-generations\/"]}]},{"@type":"ImageObject","inLanguage":"es","@id":"https:\/\/fermentis.com\/es\/wine-consumption-the-younger-generations\/#primaryimage","url":"https:\/\/fermentis.com\/wp-content\/uploads\/2021\/08\/viniliquid-1.jpg","contentUrl":"https:\/\/fermentis.com\/wp-content\/uploads\/2021\/08\/viniliquid-1.jpg","width":200,"height":200},{"@type":"BreadcrumbList","@id":"https:\/\/fermentis.com\/es\/wine-consumption-the-younger-generations\/#breadcrumb","itemListElement":[{"@type":"ListItem","position":1,"name":"Home","item":"https:\/\/fermentis.com\/es\/"},{"@type":"ListItem","position":2,"name":"Consumo de vino y las generaciones m\u00e1s j\u00f3venes"}]},{"@type":"WebSite","@id":"https:\/\/fermentis.com\/es\/#website","url":"https:\/\/fermentis.com\/es\/","name":"Fermentis","description":"Un site utilisant WordPress","publisher":{"@id":"https:\/\/fermentis.com\/es\/#organization"},"potentialAction":[{"@type":"SearchAction","target":{"@type":"EntryPoint","urlTemplate":"https:\/\/fermentis.com\/es\/?s={search_term_string}"},"query-input":{"@type":"PropertyValueSpecification","valueRequired":true,"valueName":"search_term_string"}}],"inLanguage":"es"},{"@type":"Organization","@id":"https:\/\/fermentis.com\/es\/#organization","name":"Fermentis","url":"https:\/\/fermentis.com\/es\/","logo":{"@type":"ImageObject","inLanguage":"es","@id":"https:\/\/fermentis.com\/es\/#\/schema\/logo\/image\/","url":"https:\/\/fermentis.com\/wp-content\/uploads\/2021\/07\/Logo-Fermentis-5.png","contentUrl":"https:\/\/fermentis.com\/wp-content\/uploads\/2021\/07\/Logo-Fermentis-5.png","width":308,"height":95,"caption":"Fermentis"},"image":{"@id":"https:\/\/fermentis.com\/es\/#\/schema\/logo\/image\/"},"sameAs":["https:\/\/www.facebook.com\/Fermentis","https:\/\/x.com\/fermentis","https:\/\/www.instagram.com\/fermentisbylesaffre\/","https:\/\/www.linkedin.com\/company\/fermentis\/","https:\/\/www.youtube.com\/channel\/UCt_Lp3IZnUNXZeqSi6iiAdA"]}]}},"_links":{"self":[{"href":"https:\/\/fermentis.com\/es\/wp-json\/wp\/v2\/pages\/43780","targetHints":{"allow":["GET"]}}],"collection":[{"href":"https:\/\/fermentis.com\/es\/wp-json\/wp\/v2\/pages"}],"about":[{"href":"https:\/\/fermentis.com\/es\/wp-json\/wp\/v2\/types\/page"}],"author":[{"embeddable":true,"href":"https:\/\/fermentis.com\/es\/wp-json\/wp\/v2\/users\/2"}],"replies":[{"embeddable":true,"href":"https:\/\/fermentis.com\/es\/wp-json\/wp\/v2\/comments?post=43780"}],"version-history":[{"count":1418,"href":"https:\/\/fermentis.com\/es\/wp-json\/wp\/v2\/pages\/43780\/revisions"}],"predecessor-version":[{"id":712670,"href":"https:\/\/fermentis.com\/es\/wp-json\/wp\/v2\/pages\/43780\/revisions\/712670"}],"wp:featuredmedia":[{"embeddable":true,"href":"https:\/\/fermentis.com\/es\/wp-json\/wp\/v2\/media\/43140"}],"wp:attachment":[{"href":"https:\/\/fermentis.com\/es\/wp-json\/wp\/v2\/media?parent=43780"}],"curies":[{"name":"wp","href":"https:\/\/api.w.org\/{rel}","templated":true}]}}