{"id":509758,"date":"2020-03-02T00:00:00","date_gmt":"2020-03-01T23:00:00","guid":{"rendered":"https:\/\/fermentis.com\/easy-2-use\/"},"modified":"2026-03-17T17:13:30","modified_gmt":"2026-03-17T16:13:30","slug":"easy-2-use","status":"publish","type":"page","link":"https:\/\/fermentis.com\/es\/easy-2-use\/","title":{"rendered":"F\u00e1cil de usar"},"content":{"rendered":"\n\t<section class=\"section dark has-parallax\" id=\"section_1785493122\">\n\t\t<div class=\"section-bg fill\" data-parallax-container=\".section\" data-parallax-background data-parallax=\"-4\">\n\t\t\t<img loading=\"lazy\" decoding=\"async\" width=\"1841\" height=\"713\" src=\"https:\/\/fermentis.com\/wp-content\/uploads\/2020\/03\/easy-to-use.jpg\" class=\"bg attachment- size-\" alt=\"\" \/>\t\t\t\t\t\t<div class=\"section-bg-overlay absolute fill\"><\/div>\n\t\t\t\n\n\t\t<\/div>\n\n\t\t\n\n\t\t<div class=\"section-content relative\">\n\t\t\t\n<div class=\"row\"  id=\"row-539569009\">\n\n\t<div id=\"col-1935535177\" class=\"col medium-8 small-12 large-6\"  >\n\t\t\t\t<div class=\"col-inner\"  >\n\t\t\t\n\t\t\t\n<h6>Un sello de calidad para su levadura y derivados<\/h6>\n<h1><span style=\"font-size: 200%\">E2U\u2122 &#8211; F\u00e1cil de Usar <\/span><\/h1>\n\t\t<\/div>\n\t\t\t\t\t<\/div>\n\n\t\n<\/div>\n\t\t<\/div>\n\n\t\t\n<style>\n#section_1785493122 {\n  padding-top: 30px;\n  padding-bottom: 30px;\n  min-height: 349px;\n}\n#section_1785493122 .section-bg-overlay {\n  background-color: rgba(52, 35, 35, 0.57);\n}\n<\/style>\n\t<\/section>\n\t\n<div class=\"row row-collapse align-right\"  id=\"row-187987561\">\n\n\t<div id=\"col-568990839\" class=\"col medium-6 small-12 large-6\"  >\n\t\t\t\t<div class=\"col-inner\" style=\"background-color:#4ac193;\" >\n\t\t\t\n\t\t\t\n\n\t<section class=\"section\" id=\"section_217258099\">\n\t\t<div class=\"section-bg fill\" >\n\t\t\t\t\t\t\t\t\t\n\t\t\t\n\n\t\t<\/div>\n\n\t\t\n\n\t\t<div class=\"section-content relative\">\n\t\t\t\n<div class=\"row row-collapse align-center\"  id=\"row-169709156\">\n\n\t<div id=\"col-803463751\" class=\"col small-12 large-12\"  >\n\t\t\t\t<div class=\"col-inner dark\"  >\n\t\t\t\n\t\t\t\n<h3><span style=\"font-size: 120%\">Usar nuestros productos nunca ha sido m\u00e1s f\u00e1cil. Con E2U\u2122, ahorre tiempo y esfuerzo valioso: pru\u00e9belo ahora y nunca mirar\u00e1 atr\u00e1s. <\/span><\/h3>\n\t\t<\/div>\n\t\t\t\t\t<\/div>\n\n\t\n\n<style>\n#row-169709156 > .col > .col-inner {\n  padding: 40px 20px 20px 20px;\n}\n<\/style>\n<\/div>\n\t\t<\/div>\n\n\t\t\n<style>\n#section_217258099 {\n  padding-top: 0px;\n  padding-bottom: 0px;\n  background-color: rgb(239, 117, 0);\n}\n<\/style>\n\t<\/section>\n\t\n\t\t<\/div>\n\t\t\t\t\n<style>\n#col-568990839 > .col-inner {\n  margin: -80px 0px 20px 0px;\n}\n<\/style>\n\t<\/div>\n\n\t\n<\/div>\n\n\t<section class=\"section\" id=\"section_12393044\">\n\t\t<div class=\"section-bg fill\" >\n\t\t\t\t\t\t\t\t\t\n\t\t\t\n\n\t\t<\/div>\n\n\t\t\n\n\t\t<div class=\"section-content relative\">\n\t\t\t\n<div class=\"row align-middle\"  id=\"row-1469539175\">\n\n\t<div id=\"col-1612888430\" class=\"col medium-6 small-12 large-6\"  >\n\t\t\t\t<div class=\"col-inner\"  >\n\t\t\t\n\t\t\t\n<h2>Comprendiendo E2U\u2122<\/h2>\n<p><strong>E2U\u2122 es un paso innovador dado por Fermentis en el mundo de las levaduras y derivados de levadura para bebidas. <\/strong><\/p>\n<p>Con productos certificados E2U\u2122, ahorre tiempo y energ\u00eda. Con menos preocupaciones, puedes concentrarte en lo que mejor sabes hacer: crear las mejores bebidas fermentadas para tus clientes.<\/p>\n<p>Cuando se trata de levadura, la certificaci\u00f3n E2U\u2122 significa que puedes elegir a\u00f1adirla directamente al mosto o proceder a rehidratarla. No hace ninguna diferencia, es tu decisi\u00f3n. Garantizamos los mismos resultados.<\/p>\n<p>Para derivados de levadura, con productos certificados E2U\u2122, disfrutar\u00e1 de baja formaci\u00f3n de polvo y alta dispersabilidad en el tanque.<\/p>\n<p>Puedes consultar los detalles a continuaci\u00f3n.<\/p>\n\t\t<\/div>\n\t\t\t\t\t<\/div>\n\n\t\n\n\t<div id=\"col-1171494215\" class=\"col medium-6 small-12 large-6\"  >\n\t\t\t\t<div class=\"col-inner text-center\"  >\n\t\t\t\n\t\t\t\n\n  <div class=\"banner has-hover\" id=\"banner-1673095318\">\n          <div class=\"banner-inner fill\">\n        <div class=\"banner-bg fill\" >\n                                                \n                    <\/div>\n\t\t\n        <div class=\"banner-layers container\">\n            <div class=\"fill banner-link\"><\/div>            \n\t<div class=\"img has-hover x50 md-x50 lg-x50 y50 md-y50 lg-y50\" id=\"image_1885772531\">\n\t\t\t\t\t\t\t\t<div class=\"img-inner dark\" >\n\t\t\t<img loading=\"lazy\" decoding=\"async\" width=\"1020\" height=\"959\" src=\"https:\/\/fermentis.com\/wp-content\/uploads\/2020\/03\/easy-2-use-logo-1024x963.png\" class=\"attachment-large size-large\" alt=\"\" srcset=\"https:\/\/fermentis.com\/wp-content\/uploads\/2020\/03\/easy-2-use-logo-1024x963.png 1024w, https:\/\/fermentis.com\/wp-content\/uploads\/2020\/03\/easy-2-use-logo-800x753.png 800w, https:\/\/fermentis.com\/wp-content\/uploads\/2020\/03\/easy-2-use-logo-768x723.png 768w, https:\/\/fermentis.com\/wp-content\/uploads\/2020\/03\/easy-2-use-logo-600x565.png 600w, https:\/\/fermentis.com\/wp-content\/uploads\/2020\/03\/easy-2-use-logo-300x282.png 300w, https:\/\/fermentis.com\/wp-content\/uploads\/2020\/03\/easy-2-use-logo.png 1200w\" sizes=\"auto, (max-width: 1020px) 100vw, 1020px\" \/>\t\t\t\t\t\t\n\t\t\t\t\t<\/div>\n\t\t\t\t\t\t\t\t\n<style>\n#image_1885772531 {\n  width: 50%;\n}\n<\/style>\n\t<\/div>\n\t\n        <\/div>\n      <\/div>\n\n            \n<style>\n#banner-1673095318 {\n  padding-top: 60%;\n  background-color: rgb(255,255,255);\n}\n<\/style>\n  <\/div>\n\n\n\t\t<\/div>\n\t\t\t\t\t<\/div>\n\n\t\n<\/div>\n\t\t<\/div>\n\n\t\t\n<style>\n#section_12393044 {\n  padding-top: 0px;\n  padding-bottom: 0px;\n}\n<\/style>\n\t<\/section>\n\t\n<div class=\"row align-equal\"  id=\"row-808343385\">\n\n\t<div id=\"col-1832283466\" class=\"col medium-6 small-12 large-6\"  >\n\t\t\t\t<div class=\"col-inner\"  >\n\t\t\t\n\t\t\t\n\n\t<section class=\"section\" id=\"section_1587274035\">\n\t\t<div class=\"section-bg fill\" >\n\t\t\t\t\t\t\t\t\t\n\t\t\t\n\t<div class=\"is-border\"\n\t\tstyle=\"border-color:rgb(239, 117, 0);border-width:2px 2px 2px 2px;\">\n\t<\/div>\n\n\t\t<\/div>\n\n\t\t\n\n\t\t<div class=\"section-content relative\">\n\t\t\t\n<h6>01<\/h6>\n<h2>Levadura seca activa Fermentis (SafYeast\u2122)<\/h2>\n<ul>\n<li><strong>Viabilidad de las c\u00e9lulas de levadura<\/strong>: no hay diferencia significativa entre la inoculaci\u00f3n directa o la rehidrataci\u00f3n<\/li>\n<li><strong>Rendimiento de la fermentaci\u00f3n<\/strong> <span style=\"font-size: 14.4px\">(cin\u00e9tica, contenido de az\u00facar, etc&#8230;)<\/span>: no hay diferencia significativa ya sea que se inocule directamente o se rehidrate<\/li>\n<li><strong>Sabor y aromas<\/strong>: no hay impacto ya sea que se a\u00f1ada directamente o se rehidrate<\/li>\n<\/ul>\n\t\t<\/div>\n\n\t\t\n<style>\n#section_1587274035 {\n  padding-top: 30px;\n  padding-bottom: 30px;\n}\n<\/style>\n\t<\/section>\n\t\n\t\t<\/div>\n\t\t\t\t\t<\/div>\n\n\t\n\n\t<div id=\"col-417313899\" class=\"col medium-6 small-12 large-6\"  >\n\t\t\t\t<div class=\"col-inner\"  >\n\t\t\t\n\t\t\t\n\n\t<section class=\"section dark\" id=\"section_649132822\">\n\t\t<div class=\"section-bg fill\" >\n\t\t\t\t\t\t\t\t\t\n\t\t\t\n\t<div class=\"is-border\"\n\t\tstyle=\"border-color:rgb(239, 117, 0);border-width:2px 2px 2px 2px;\">\n\t<\/div>\n\n\t\t<\/div>\n\n\t\t\n\n\t\t<div class=\"section-content relative\">\n\t\t\t\n<h6>02<\/h6>\n<h2>Derivados de levadura Fermentis<\/h2>\n<ul>\n<li><strong>Baja <\/strong>pulverulencia (puedes verter sin riesgos de inhalaci\u00f3n)\n<\/p>\n<p>Este es el criterio que confirma que un producto es &#039;seguro para usar&#039;. La pulverulencia mide el riesgo de inhalar part\u00edculas finas liberadas de un sobre cuando se abre, especialmente cuando se abre de manera bastante r\u00e1pida o vigorosa. Cuanto m\u00e1s finas (o m\u00e1s &#039;polvorientas&#039;) sean las part\u00edculas, mayor ser\u00e1 el riesgo de inhalaci\u00f3n.<\/li>\n<li><strong>Alta dispersabilidad<\/strong> despu\u00e9s del lanzamiento\n<\/p>\n<p>Esto mide la capacidad de un polvo para dispersarse homog\u00e9neamente en un l\u00edquido cuando se aplica agitaci\u00f3n. El polvo se considera dispersable cuando se incorpora completamente en el l\u00edquido sin crear grumos (agregados). NB: el polvo est\u00e1 &quot;disperso&quot; y no &quot;disuelto&quot;, ya que la mayor\u00eda de las veces estamos considerando derivados de levadura insolubles.<\/li>\n<\/ul>\n\t\t<\/div>\n\n\t\t\n<style>\n#section_649132822 {\n  padding-top: 30px;\n  padding-bottom: 30px;\n  background-color: rgb(239, 117, 0);\n}\n<\/style>\n\t<\/section>\n\t\n\t\t<\/div>\n\t\t\t\t\t<\/div>\n\n\t\n<\/div>\n\n\t<section class=\"section\" id=\"section_1478869549\">\n\t\t<div class=\"section-bg fill\" >\n\t\t\t\t\t\t\t\t\t\n\t\t\t\n\n\t\t<\/div>\n\n\t\t\n\n\t\t<div class=\"section-content relative\">\n\t\t\t\n<div class=\"row row-large steps-simple-headline\"  id=\"row-1708798612\">\n\n\t<div id=\"col-1588801625\" class=\"col medium-4 small-12 large-12\"  >\n\t\t\t\t<div class=\"col-inner\"  >\n\t\t\t\n\t\t\t\n<div class=\"video video-fit mb\" style=\"padding-top:52%;\"><p><iframe loading=\"lazy\" title=\"Direct pitching beer yeast [tips for brewers]\" width=\"1020\" height=\"574\" src=\"https:\/\/www.youtube.com\/embed\/qAluSoJeiWY?feature=oembed\" frameborder=\"0\" allow=\"accelerometer; autoplay; clipboard-write; encrypted-media; gyroscope; picture-in-picture; web-share\" referrerpolicy=\"strict-origin-when-cross-origin\" allowfullscreen><\/iframe><\/p>\n<\/div>\n<h3><span style=\"font-size: 140%\">M\u00e1s del 90% de la gama de levaduras y derivados de Fermentis es E2U\u2122<\/span><\/h3>\n<p>Solo los productos que contienen enzimas, como SafBrew\u2122 HA-18, no est\u00e1n certificados E2U\u2122. Todav\u00eda pueden ser a\u00f1adidas directamente al mosto, pero es mejor utilizarlas con equipo de protecci\u00f3n facial como una m\u00e1scara, para evitar la inhalaci\u00f3n y posibles molestias.<\/p>\n\t\t<\/div>\n\t\t\t\t\t<\/div>\n\n\t\n<\/div>\n\t\t<\/div>\n\n\t\t\n<style>\n#section_1478869549 {\n  padding-top: 40px;\n  padding-bottom: 40px;\n}\n<\/style>\n\t<\/section>\n\t\n","protected":false},"excerpt":{"rendered":"","protected":false},"author":2,"featured_media":0,"parent":0,"menu_order":0,"comment_status":"closed","ping_status":"open","template":"page-blank.php","meta":{"_acf_changed":false,"footnotes":""},"class_list":["post-509758","page","type-page","status-publish","hentry"],"acf":[],"yoast_head":"<!-- This site is optimized with the Yoast SEO Premium plugin v27.3 (Yoast SEO v27.3) - https:\/\/yoast.com\/product\/yoast-seo-premium-wordpress\/ -->\n<title>F\u00e1cil de usar - Fermentis<\/title>\n<meta name=\"description\" content=\"F\u00e1cil de usar, la soluci\u00f3n para ayudarte a ahorrar tiempo, esfuerzo y energ\u00eda en el proceso de fermentaci\u00f3n. Con F\u00e1cil de Usar puedes presentar directamente!\" \/>\n<meta name=\"robots\" content=\"index, follow, max-snippet:-1, max-image-preview:large, max-video-preview:-1\" \/>\n<link rel=\"canonical\" href=\"https:\/\/fermentis.com\/es\/easy-2-use\/\" \/>\n<meta property=\"og:locale\" content=\"es_ES\" \/>\n<meta property=\"og:type\" content=\"article\" \/>\n<meta property=\"og:title\" content=\"F\u00e1cil de usar\" \/>\n<meta property=\"og:description\" content=\"F\u00e1cil de usar, la soluci\u00f3n para ayudarte a ahorrar tiempo, esfuerzo y energ\u00eda en el proceso de fermentaci\u00f3n. Con F\u00e1cil de Usar puedes presentar directamente!\" \/>\n<meta property=\"og:url\" content=\"https:\/\/fermentis.com\/es\/easy-2-use\/\" \/>\n<meta property=\"og:site_name\" content=\"Fermentis\" \/>\n<meta property=\"article:publisher\" content=\"https:\/\/www.facebook.com\/Fermentis\" \/>\n<meta property=\"article:modified_time\" content=\"2026-03-17T16:13:30+00:00\" \/>\n<meta property=\"og:image\" content=\"https:\/\/fermentis.com\/wp-content\/uploads\/2021\/07\/website-v2.png\" \/>\n\t<meta property=\"og:image:width\" content=\"1903\" \/>\n\t<meta property=\"og:image:height\" content=\"901\" \/>\n\t<meta property=\"og:image:type\" content=\"image\/png\" \/>\n<meta name=\"twitter:card\" content=\"summary_large_image\" \/>\n<meta name=\"twitter:site\" content=\"@fermentis\" \/>\n<meta name=\"twitter:label1\" content=\"Tiempo de lectura\" \/>\n\t<meta name=\"twitter:data1\" content=\"3 minutos\" \/>\n<script type=\"application\/ld+json\" class=\"yoast-schema-graph\">{\"@context\":\"https:\\\/\\\/schema.org\",\"@graph\":[{\"@type\":\"WebPage\",\"@id\":\"https:\\\/\\\/fermentis.com\\\/es\\\/easy-2-use\\\/\",\"url\":\"https:\\\/\\\/fermentis.com\\\/es\\\/easy-2-use\\\/\",\"name\":\"F\u00e1cil de usar - Fermentis\",\"isPartOf\":{\"@id\":\"https:\\\/\\\/fermentis.com\\\/es\\\/#website\"},\"datePublished\":\"2020-03-01T23:00:00+00:00\",\"dateModified\":\"2026-03-17T16:13:30+00:00\",\"description\":\"F\u00e1cil de usar, la soluci\u00f3n para ayudarte a ahorrar tiempo, esfuerzo y energ\u00eda en el proceso de fermentaci\u00f3n. Con F\u00e1cil de Usar puedes presentar directamente!\",\"breadcrumb\":{\"@id\":\"https:\\\/\\\/fermentis.com\\\/es\\\/easy-2-use\\\/#breadcrumb\"},\"inLanguage\":\"es\",\"potentialAction\":[{\"@type\":\"ReadAction\",\"target\":[\"https:\\\/\\\/fermentis.com\\\/es\\\/easy-2-use\\\/\"]}]},{\"@type\":\"BreadcrumbList\",\"@id\":\"https:\\\/\\\/fermentis.com\\\/es\\\/easy-2-use\\\/#breadcrumb\",\"itemListElement\":[{\"@type\":\"ListItem\",\"position\":1,\"name\":\"Home\",\"item\":\"https:\\\/\\\/fermentis.com\\\/es\\\/\"},{\"@type\":\"ListItem\",\"position\":2,\"name\":\"F\u00e1cil de usar\"}]},{\"@type\":\"WebSite\",\"@id\":\"https:\\\/\\\/fermentis.com\\\/es\\\/#website\",\"url\":\"https:\\\/\\\/fermentis.com\\\/es\\\/\",\"name\":\"Fermentis\",\"description\":\"Un site utilisant WordPress\",\"publisher\":{\"@id\":\"https:\\\/\\\/fermentis.com\\\/es\\\/#organization\"},\"potentialAction\":[{\"@type\":\"SearchAction\",\"target\":{\"@type\":\"EntryPoint\",\"urlTemplate\":\"https:\\\/\\\/fermentis.com\\\/es\\\/?s={search_term_string}\"},\"query-input\":{\"@type\":\"PropertyValueSpecification\",\"valueRequired\":true,\"valueName\":\"search_term_string\"}}],\"inLanguage\":\"es\"},{\"@type\":\"Organization\",\"@id\":\"https:\\\/\\\/fermentis.com\\\/es\\\/#organization\",\"name\":\"Fermentis\",\"url\":\"https:\\\/\\\/fermentis.com\\\/es\\\/\",\"logo\":{\"@type\":\"ImageObject\",\"inLanguage\":\"es\",\"@id\":\"https:\\\/\\\/fermentis.com\\\/es\\\/#\\\/schema\\\/logo\\\/image\\\/\",\"url\":\"https:\\\/\\\/fermentis.com\\\/wp-content\\\/uploads\\\/2021\\\/07\\\/Logo-Fermentis-5.png\",\"contentUrl\":\"https:\\\/\\\/fermentis.com\\\/wp-content\\\/uploads\\\/2021\\\/07\\\/Logo-Fermentis-5.png\",\"width\":308,\"height\":95,\"caption\":\"Fermentis\"},\"image\":{\"@id\":\"https:\\\/\\\/fermentis.com\\\/es\\\/#\\\/schema\\\/logo\\\/image\\\/\"},\"sameAs\":[\"https:\\\/\\\/www.facebook.com\\\/Fermentis\",\"https:\\\/\\\/x.com\\\/fermentis\",\"https:\\\/\\\/www.instagram.com\\\/fermentisbylesaffre\\\/\",\"https:\\\/\\\/www.linkedin.com\\\/company\\\/fermentis\\\/\",\"https:\\\/\\\/www.youtube.com\\\/channel\\\/UCt_Lp3IZnUNXZeqSi6iiAdA\"]}]}<\/script>\n<!-- \/ Yoast SEO Premium plugin. -->","yoast_head_json":{"title":"F\u00e1cil de usar - Fermentis","description":"F\u00e1cil de usar, la soluci\u00f3n para ayudarte a ahorrar tiempo, esfuerzo y energ\u00eda en el proceso de fermentaci\u00f3n. Con F\u00e1cil de Usar puedes presentar directamente!","robots":{"index":"index","follow":"follow","max-snippet":"max-snippet:-1","max-image-preview":"max-image-preview:large","max-video-preview":"max-video-preview:-1"},"canonical":"https:\/\/fermentis.com\/es\/easy-2-use\/","og_locale":"es_ES","og_type":"article","og_title":"F\u00e1cil de usar","og_description":"F\u00e1cil de usar, la soluci\u00f3n para ayudarte a ahorrar tiempo, esfuerzo y energ\u00eda en el proceso de fermentaci\u00f3n. Con F\u00e1cil de Usar puedes presentar directamente!","og_url":"https:\/\/fermentis.com\/es\/easy-2-use\/","og_site_name":"Fermentis","article_publisher":"https:\/\/www.facebook.com\/Fermentis","article_modified_time":"2026-03-17T16:13:30+00:00","og_image":[{"width":1903,"height":901,"url":"https:\/\/fermentis.com\/wp-content\/uploads\/2021\/07\/website-v2.png","type":"image\/png"}],"twitter_card":"summary_large_image","twitter_site":"@fermentis","twitter_misc":{"Tiempo de lectura":"3 minutos"},"schema":{"@context":"https:\/\/schema.org","@graph":[{"@type":"WebPage","@id":"https:\/\/fermentis.com\/es\/easy-2-use\/","url":"https:\/\/fermentis.com\/es\/easy-2-use\/","name":"F\u00e1cil de usar - Fermentis","isPartOf":{"@id":"https:\/\/fermentis.com\/es\/#website"},"datePublished":"2020-03-01T23:00:00+00:00","dateModified":"2026-03-17T16:13:30+00:00","description":"F\u00e1cil de usar, la soluci\u00f3n para ayudarte a ahorrar tiempo, esfuerzo y energ\u00eda en el proceso de fermentaci\u00f3n. Con F\u00e1cil de Usar puedes presentar directamente!","breadcrumb":{"@id":"https:\/\/fermentis.com\/es\/easy-2-use\/#breadcrumb"},"inLanguage":"es","potentialAction":[{"@type":"ReadAction","target":["https:\/\/fermentis.com\/es\/easy-2-use\/"]}]},{"@type":"BreadcrumbList","@id":"https:\/\/fermentis.com\/es\/easy-2-use\/#breadcrumb","itemListElement":[{"@type":"ListItem","position":1,"name":"Home","item":"https:\/\/fermentis.com\/es\/"},{"@type":"ListItem","position":2,"name":"F\u00e1cil de usar"}]},{"@type":"WebSite","@id":"https:\/\/fermentis.com\/es\/#website","url":"https:\/\/fermentis.com\/es\/","name":"Fermentis","description":"Un site utilisant WordPress","publisher":{"@id":"https:\/\/fermentis.com\/es\/#organization"},"potentialAction":[{"@type":"SearchAction","target":{"@type":"EntryPoint","urlTemplate":"https:\/\/fermentis.com\/es\/?s={search_term_string}"},"query-input":{"@type":"PropertyValueSpecification","valueRequired":true,"valueName":"search_term_string"}}],"inLanguage":"es"},{"@type":"Organization","@id":"https:\/\/fermentis.com\/es\/#organization","name":"Fermentis","url":"https:\/\/fermentis.com\/es\/","logo":{"@type":"ImageObject","inLanguage":"es","@id":"https:\/\/fermentis.com\/es\/#\/schema\/logo\/image\/","url":"https:\/\/fermentis.com\/wp-content\/uploads\/2021\/07\/Logo-Fermentis-5.png","contentUrl":"https:\/\/fermentis.com\/wp-content\/uploads\/2021\/07\/Logo-Fermentis-5.png","width":308,"height":95,"caption":"Fermentis"},"image":{"@id":"https:\/\/fermentis.com\/es\/#\/schema\/logo\/image\/"},"sameAs":["https:\/\/www.facebook.com\/Fermentis","https:\/\/x.com\/fermentis","https:\/\/www.instagram.com\/fermentisbylesaffre\/","https:\/\/www.linkedin.com\/company\/fermentis\/","https:\/\/www.youtube.com\/channel\/UCt_Lp3IZnUNXZeqSi6iiAdA"]}]}},"_links":{"self":[{"href":"https:\/\/fermentis.com\/es\/wp-json\/wp\/v2\/pages\/509758","targetHints":{"allow":["GET"]}}],"collection":[{"href":"https:\/\/fermentis.com\/es\/wp-json\/wp\/v2\/pages"}],"about":[{"href":"https:\/\/fermentis.com\/es\/wp-json\/wp\/v2\/types\/page"}],"author":[{"embeddable":true,"href":"https:\/\/fermentis.com\/es\/wp-json\/wp\/v2\/users\/2"}],"replies":[{"embeddable":true,"href":"https:\/\/fermentis.com\/es\/wp-json\/wp\/v2\/comments?post=509758"}],"version-history":[{"count":1014,"href":"https:\/\/fermentis.com\/es\/wp-json\/wp\/v2\/pages\/509758\/revisions"}],"predecessor-version":[{"id":592077,"href":"https:\/\/fermentis.com\/es\/wp-json\/wp\/v2\/pages\/509758\/revisions\/592077"}],"wp:attachment":[{"href":"https:\/\/fermentis.com\/es\/wp-json\/wp\/v2\/media?parent=509758"}],"curies":[{"name":"wp","href":"https:\/\/api.w.org\/{rel}","templated":true}]}}