{"id":123802,"date":"2025-02-03T17:41:59","date_gmt":"2025-02-03T16:41:59","guid":{"rendered":"https:\/\/fermentis.com\/?post_type=product&#038;p=123802"},"modified":"2026-04-07T08:49:03","modified_gmt":"2026-04-07T06:49:03","slug":"safcoffee-cool-blue","status":"publish","type":"product","link":"https:\/\/fermentis.com\/es\/producto\/safcoffee-cool-blue\/","title":{"rendered":"SafCoffee\u2122 Cool Blue"},"content":{"rendered":"<div class=\"container section-title-container\" ><h2 class=\"section-title section-title-center\"><b aria-hidden=\"true\"><\/b><span class=\"section-title-main\" style=\"font-size:115%;\">Una levadura vers\u00e1til adecuada para la fermentaci\u00f3n de caf\u00e9 a bajas temperaturas<\/span><b aria-hidden=\"true\"><\/b><\/h2><\/div>\n<p><strong>SafCoffee\u2122 Cool Blue<\/strong> se adapta bien para fermentar en zonas fr\u00edas, por lo que puede utilizarse en fincas de producci\u00f3n situadas a gran altitud, donde la temperatura puede ser inferior a los 10 \u00b0C.<br \/>\nEn los ensayos realizados por Fermentis, esta levadura demostr\u00f3 una gran capacidad para producir caf\u00e9s con gran dulzor, notas de vainilla y de frutos secos, y una larga persistencia en boca.<\/p>\n<p>Los resultados pueden variar en funci\u00f3n de la variedad de caf\u00e9, las condiciones de fermentaci\u00f3n y otras variables del proceso. Se recomienda realizar ensayos para determinar el impacto de la levadura y la fermentaci\u00f3n.<\/p>\n<p><strong>Ingredientes: <\/strong>Levadura (<em>Saccharomyces pastorianus<\/em>), Emulgente: Monoestearato de sorbit\u00e1n (E\/INS 491)<\/p>\n\t<div id=\"gap-363754915\" class=\"gap-element clearfix\" style=\"display:block; height:auto;\">\n\t\t\n<style>\n#gap-363754915 {\n  padding-top: 30px;\n}\n<\/style>\n\t<\/div>\n\t\n<div class=\"container section-title-container\" ><h3 class=\"section-title section-title-center\"><b aria-hidden=\"true\"><\/b><span class=\"section-title-main\" style=\"font-size:115%;\">SafCoffee\u2122 Cool Blue - caracter\u00edsticas t\u00e9cnicas<\/span><b aria-hidden=\"true\"><\/b><\/h3><\/div>\n\n\t\t<div class=\"tabbed-content\">\n\t\t\t\n\t\t\t<ul class=\"nav nav-tabs nav-uppercase nav-size-normal nav-left\" role=\"tablist\"><li id=\"tab-dosificaci\u00f3n;-modo-de-empleo\" class=\"tab active has-icon\" role=\"presentation\"><a href=\"#tab_dosificaci\u00f3n;-modo-de-empleo\" role=\"tab\" aria-selected=\"true\" aria-controls=\"tab_dosificaci\u00f3n;-modo-de-empleo\"><span>Dosificaci\u00f3n; modo de empleo<\/span><\/a><\/li>\n<li id=\"tab-an\u00e1lisis-t\u00edpico\" class=\"tab has-icon\" role=\"presentation\"><a href=\"#tab_an\u00e1lisis-t\u00edpico\" tabindex=\"-1\" role=\"tab\" aria-selected=\"false\" aria-controls=\"tab_an\u00e1lisis-t\u00edpico\"><span>An\u00e1lisis t\u00edpico<\/span><\/a><\/li>\n<li id=\"tab-almacenamiento-y-vida-\u00fatil\" class=\"tab has-icon\" role=\"presentation\"><a href=\"#tab_almacenamiento-y-vida-\u00fatil\" tabindex=\"-1\" role=\"tab\" aria-selected=\"false\" aria-controls=\"tab_almacenamiento-y-vida-\u00fatil\"><span>Almacenamiento y vida \u00fatil<\/span><\/a><\/li><\/ul><div class=\"tab-panels\"><div id=\"tab_dosificaci\u00f3n;-modo-de-empleo\" class=\"panel active entry-content\" role=\"tabpanel\" aria-labelledby=\"tab-dosificaci\u00f3n;-modo-de-empleo\">\n<h4><span style=\"font-size: 18pt\">Dosis\/Temperatura<\/span><\/h4>\n<p>Idealmente a 8 \u00b0C &#8211; 18 \u00b0C (46,4 \u00b0F &#8211; 64,4 \u00b0F)<\/p>\n<p>100 g de<strong> SafCoffee\u2122 Cool Blue<\/strong> por cada 100 kg de cerezas de caf\u00e9 enteras o despulpadas (1 g\/kg).<br \/>\n(3,53 oz de <strong>SafCoffee\u2122 Cool Blue<\/strong> por cada 220 lb de cerezas de caf\u00e9 enteras o despulpadas)<\/p>\n<h5>Utilizaci\u00f3n<\/h5>\n<p><strong>Sugerencia de uso:<\/strong><\/p>\n<p><strong>SafCoffee\u2122<\/strong> <strong>Cool Blue <\/strong>puede utilizarse para la fermentaci\u00f3n tanto de variedades de caf\u00e9 Ar\u00e1bica como Robusta. Es adecuada para la fermentaci\u00f3n de cerezas de caf\u00e9 enteras, as\u00ed como de caf\u00e9 despulpado.<\/p>\n<p>Para temperaturas de fermentaci\u00f3n inferiores a los 18 \u00b0C (64,4\u00b0F), recomendamos un per\u00edodo de fermentaci\u00f3n de 7 d\u00edas.<\/p>\n<p><u>Advertencia:<\/u> Los tiempos de fermentaci\u00f3n recomendados que se indican se basan en nuestras observaciones. Sin embargo, la duraci\u00f3n real de la fermentaci\u00f3n puede variar en funci\u00f3n del proceso espec\u00edfico de elaboraci\u00f3n, como el uso de cerezas enteras <em>versus <\/em> caf\u00e9 despulpado, as\u00ed como de las fluctuaciones de temperatura durante el proceso.<br \/>\nDado el impacto de la levadura en la calidad del producto final, recomendamos a los usuarios realizar ensayos de fermentaci\u00f3n a peque\u00f1a escala antes de cualquier uso comercial de nuestros productos, con el fin de definir el mejor protocolo de uso.<\/p>\n<p><strong>Modo de uso:<\/strong><\/p>\n<p><strong>\u00a0<\/strong><strong>Utilizar esta levadura con rehidrataci\u00f3n previa: <\/strong><\/p>\n<ul>\n<li>En un equipo limpio e idealmente sanitizado, verter suavemente la cantidad deseada de levadura en un volumen de agua potable equivalente a 10 veces el peso de la propia levadura a una temperatura de 10-25 \u00b0C (50 &#8211; 77 \u00b0F).<\/li>\n<li>Mezclar suavemente para evitar la formaci\u00f3n de grumos.<\/li>\n<li>Dejar reposar de 15 a 30 minutos.<\/li>\n<li>Incorporar el in\u00f3culo al tanque de fermentaci\u00f3n homogeneizando todo el volumen.<\/li>\n<\/ul>\n<\/div>\n<div id=\"tab_an\u00e1lisis-t\u00edpico\" class=\"panel entry-content\" role=\"tabpanel\" aria-labelledby=\"tab-an\u00e1lisis-t\u00edpico\">\n<ul>\n<li style=\"list-style-type: none\"><\/li>\n<li>Levadura viable: &gt; 6,0 *10<sup>9<\/sup> ufc\/g<\/li>\n<li>Pureza: &gt; 99,999\n<ul>\n<li>Bacterias l\u00e1cticas: &lt; 1 UFC \/ 6,0 * 10<sup>6<\/sup> c\u00e9lulas de levadura<\/li>\n<li>Bacterias totales: &lt; 1 UFC \/ 10<sup>6<\/sup> c\u00e9lulas de levadura<\/li>\n<li>Levaduras &quot;salvajes&quot;: &lt; 1 UFC\/6*10<sup>6<\/sup> c\u00e9lulas de levadura<\/li>\n<li>Microorganismos pat\u00f3genos: de conformidad con la normativa<\/li>\n<\/ul>\n<\/li>\n<\/ul>\n<\/div>\n<div id=\"tab_almacenamiento-y-vida-\u00fatil\" class=\"panel entry-content\" role=\"tabpanel\" aria-labelledby=\"tab-almacenamiento-y-vida-\u00fatil\">\n<h4>Embalaje<\/h4>\n<p>Caja de cart\u00f3n con 20 paquetes envasados al vac\u00edo de 500 g (1,1 lb) cada uno (peso neto de la caja completa: 10 kg\/22,05 lb).<br \/>\nCaja de cart\u00f3n con 1 paquete envasado al vac\u00edo de 10 kg\/22,05 lb (peso neto de la caja completa: 10 kg\/22,05 lb).<\/p>\n<h4>Almacenamiento y normativa<\/h4>\n<p>El producto debe almacenarse\/transportarse en ambiente seco y resguardado de la luz solar directa (por ejemplo, luz solar).<br \/>\nPor per\u00edodos inferiores a 6 meses, el producto puede almacenarse\/transportarse a una temperatura ambiente inferior a los 25 \u00b0C (77 \u00b0F) sin verse afectada su performance. El producto resiste picos de hasta 40 \u00b0C\/104 \u00b0F durante un per\u00edodo de tiempo limitado (menos de 7 d\u00edas).<br \/>\nFermentis recomienda un almacenamiento a largo plazo (per\u00edodos superiores a 6 meses) bajo temperatura controlada (inferior a 15 \u00b0C\/59 \u00b0F), una vez que el producto llega a su destino final.\u00a0<\/p>\n<h4>Caducidad<\/h4>\n<p>36 meses a partir de la fecha de producci\u00f3n. Consultar la fecha de caducidad impresa en el envase. Los sobres abiertos deben precintarse y conservarse a una temperatura m\u00e1xima de 4 \u00b0C\/39,2 \u00b0F y deben ser utilizados dentro de los 7 d\u00edas siguientes a su apertura. No utilice paquetes blandos o da\u00f1ados.<\/p>\n<p><strong><em>Cada levadura Fermentis se desarrolla seg\u00fan un esquema de producci\u00f3n espec\u00edfico y se beneficia de los conocimientos t\u00e9cnicos del grupo Lesaffre, l\u00edder mundial en la fabricaci\u00f3n de levaduras. Esto garantiza la m\u00e1xima pureza microbiol\u00f3gica y la m\u00e1xima actividad de fermentaci\u00f3n. <\/em><\/strong><\/p>\n<\/div><\/div><\/div>\n\t<div id=\"gap-1837134258\" class=\"gap-element clearfix\" style=\"display:block; height:auto;\">\n\t\t\n<style>\n#gap-1837134258 {\n  padding-top: 30px;\n}\n<\/style>\n\t<\/div>\n\t\n","protected":false},"excerpt":{"rendered":"<p>Una levadura vers\u00e1til adecuada para la fermentaci\u00f3n del caf\u00e9 en condiciones m\u00e1s bajas de temperaturas <\/p>\n<p>&nbsp;<\/p>\n","protected":false},"featured_media":706376,"comment_status":"closed","ping_status":"closed","template":"","meta":{"_acf_changed":false},"product_brand":[],"product_cat":[3015,1958],"product_tag":[],"class_list":{"0":"post-123802","1":"product","2":"type-product","3":"status-publish","4":"has-post-thumbnail","6":"product_cat-cafe","7":"product_cat-other-beverages-es","9":"first","10":"instock","11":"shipping-taxable","12":"product-type-simple"},"acf":[],"yoast_head":"<!-- This site is optimized with the Yoast SEO Premium plugin v27.3 (Yoast SEO v27.3) - https:\/\/yoast.com\/product\/yoast-seo-premium-wordpress\/ -->\n<title>SafCoffee\u2122 Cool Blue - Fermentis<\/title>\n<meta name=\"description\" content=\"Descubra los sabores excepcionales que resultan de la fermentaci\u00f3n en fr\u00edo con SafCoffee\u2122 Cool Blue. Esta levadura est\u00e1 especialmente adaptada para fermentaci\u00f3n en fr\u00edo, condici\u00f3n que se da en zonas de producci\u00f3n a gran altitud. Los ensayos demuestran que puede generar caf\u00e9s con gran dulzor, notas de vainilla y frutos secos, y una persistencia larga en boca y agradable, incluso en ambientes de bajas temperaturas.\" \/>\n<meta name=\"robots\" content=\"index, follow, max-snippet:-1, max-image-preview:large, max-video-preview:-1\" \/>\n<link rel=\"canonical\" href=\"https:\/\/fermentis.com\/es\/producto\/safcoffee-cool-blue\/\" \/>\n<meta property=\"og:locale\" content=\"es_ES\" \/>\n<meta property=\"og:type\" content=\"article\" \/>\n<meta property=\"og:title\" content=\"SafCoffee\u2122 Cool Blue\" \/>\n<meta property=\"og:description\" content=\"Descubra los sabores excepcionales que resultan de la fermentaci\u00f3n en fr\u00edo con SafCoffee\u2122 Cool Blue. Esta levadura est\u00e1 especialmente adaptada para fermentaci\u00f3n en fr\u00edo, condici\u00f3n que se da en zonas de producci\u00f3n a gran altitud. Los ensayos demuestran que puede generar caf\u00e9s con gran dulzor, notas de vainilla y frutos secos, y una persistencia larga en boca y agradable, incluso en ambientes de bajas temperaturas.\" \/>\n<meta property=\"og:url\" content=\"https:\/\/fermentis.com\/es\/producto\/safcoffee-cool-blue\/\" \/>\n<meta property=\"og:site_name\" content=\"Fermentis\" \/>\n<meta property=\"article:publisher\" content=\"https:\/\/www.facebook.com\/Fermentis\" \/>\n<meta property=\"article:modified_time\" content=\"2026-04-07T06:49:03+00:00\" \/>\n<meta property=\"og:image\" content=\"https:\/\/cdn.bfldr.com\/G7S7MSWL\/at\/n3j4v84vv8wc9jq8kmgt3p\/1_500G_Cool-Blue.png?auto=webp&format=png\" \/>\n<meta name=\"twitter:card\" content=\"summary_large_image\" \/>\n<meta name=\"twitter:image\" content=\"https:\/\/cdn.bfldr.com\/G7S7MSWL\/at\/n3j4v84vv8wc9jq8kmgt3p\/1_500G_Cool-Blue.png?auto=webp&format=png\" \/>\n<meta name=\"twitter:site\" content=\"@fermentis\" \/>\n<meta name=\"twitter:label1\" content=\"Precio\" \/>\n\t<meta name=\"twitter:data1\" content=\"\" \/>\n\t<meta name=\"twitter:label2\" content=\"Disponibilidad\" \/>\n\t<meta name=\"twitter:data2\" content=\"Disponible\" \/>\n<script type=\"application\/ld+json\" class=\"yoast-schema-graph\">{\"@context\":\"https:\\\/\\\/schema.org\",\"@graph\":[{\"@type\":\"WebPage\",\"@id\":\"https:\\\/\\\/fermentis.com\\\/es\\\/producto\\\/safcoffee-cool-blue\\\/\",\"url\":\"https:\\\/\\\/fermentis.com\\\/es\\\/producto\\\/safcoffee-cool-blue\\\/\",\"name\":\"SafCoffee\u2122 Cool Blue - Fermentis\",\"isPartOf\":{\"@id\":\"https:\\\/\\\/fermentis.com\\\/es\\\/#website\"},\"primaryImageOfPage\":{\"@id\":\"https:\\\/\\\/fermentis.com\\\/es\\\/producto\\\/safcoffee-cool-blue\\\/#primaryimage\"},\"image\":{\"@id\":\"https:\\\/\\\/fermentis.com\\\/es\\\/producto\\\/safcoffee-cool-blue\\\/#primaryimage\"},\"thumbnailUrl\":\"https:\\\/\\\/cdn.bfldr.com\\\/G7S7MSWL\\\/at\\\/n3j4v84vv8wc9jq8kmgt3p\\\/1_500G_Cool-Blue.png?auto=webp&format=png\",\"datePublished\":\"2025-02-03T16:41:59+00:00\",\"dateModified\":\"2026-04-07T06:49:03+00:00\",\"description\":\"Descubra los sabores excepcionales que resultan de la fermentaci\u00f3n en fr\u00edo con SafCoffee\u2122 Cool Blue. Esta levadura est\u00e1 especialmente adaptada para fermentaci\u00f3n en fr\u00edo, condici\u00f3n que se da en zonas de producci\u00f3n a gran altitud. Los ensayos demuestran que puede generar caf\u00e9s con gran dulzor, notas de vainilla y frutos secos, y una persistencia larga en boca y agradable, incluso en ambientes de bajas temperaturas.\",\"breadcrumb\":{\"@id\":\"https:\\\/\\\/fermentis.com\\\/es\\\/producto\\\/safcoffee-cool-blue\\\/#breadcrumb\"},\"inLanguage\":\"es\",\"potentialAction\":[{\"@type\":\"ReadAction\",\"target\":[\"https:\\\/\\\/fermentis.com\\\/es\\\/producto\\\/safcoffee-cool-blue\\\/\"]}]},{\"@type\":\"ImageObject\",\"inLanguage\":\"es\",\"@id\":\"https:\\\/\\\/fermentis.com\\\/es\\\/producto\\\/safcoffee-cool-blue\\\/#primaryimage\",\"url\":\"https:\\\/\\\/cdn.bfldr.com\\\/G7S7MSWL\\\/at\\\/n3j4v84vv8wc9jq8kmgt3p\\\/1_500G_Cool-Blue.png?auto=webp&format=png\",\"contentUrl\":\"https:\\\/\\\/cdn.bfldr.com\\\/G7S7MSWL\\\/at\\\/n3j4v84vv8wc9jq8kmgt3p\\\/1_500G_Cool-Blue.png?auto=webp&format=png\"},{\"@type\":\"BreadcrumbList\",\"@id\":\"https:\\\/\\\/fermentis.com\\\/es\\\/producto\\\/safcoffee-cool-blue\\\/#breadcrumb\",\"itemListElement\":[{\"@type\":\"ListItem\",\"position\":1,\"name\":\"Home\",\"item\":\"https:\\\/\\\/fermentis.com\\\/es\\\/\"},{\"@type\":\"ListItem\",\"position\":2,\"name\":\"Productos\"},{\"@type\":\"ListItem\",\"position\":3,\"name\":\"Other beverages\",\"item\":\"https:\\\/\\\/fermentis.com\\\/es\\\/fermentation\\\/other-beverages-es\\\/\"},{\"@type\":\"ListItem\",\"position\":4,\"name\":\"SafCoffee\u2122 Cool Blue\"}]},{\"@type\":\"WebSite\",\"@id\":\"https:\\\/\\\/fermentis.com\\\/es\\\/#website\",\"url\":\"https:\\\/\\\/fermentis.com\\\/es\\\/\",\"name\":\"Fermentis\",\"description\":\"Un site utilisant WordPress\",\"publisher\":{\"@id\":\"https:\\\/\\\/fermentis.com\\\/es\\\/#organization\"},\"potentialAction\":[{\"@type\":\"SearchAction\",\"target\":{\"@type\":\"EntryPoint\",\"urlTemplate\":\"https:\\\/\\\/fermentis.com\\\/es\\\/?s={search_term_string}\"},\"query-input\":{\"@type\":\"PropertyValueSpecification\",\"valueRequired\":true,\"valueName\":\"search_term_string\"}}],\"inLanguage\":\"es\"},{\"@type\":\"Organization\",\"@id\":\"https:\\\/\\\/fermentis.com\\\/es\\\/#organization\",\"name\":\"Fermentis\",\"url\":\"https:\\\/\\\/fermentis.com\\\/es\\\/\",\"logo\":{\"@type\":\"ImageObject\",\"inLanguage\":\"es\",\"@id\":\"https:\\\/\\\/fermentis.com\\\/es\\\/#\\\/schema\\\/logo\\\/image\\\/\",\"url\":\"https:\\\/\\\/fermentis.com\\\/wp-content\\\/uploads\\\/2021\\\/07\\\/Logo-Fermentis-5.png\",\"contentUrl\":\"https:\\\/\\\/fermentis.com\\\/wp-content\\\/uploads\\\/2021\\\/07\\\/Logo-Fermentis-5.png\",\"width\":308,\"height\":95,\"caption\":\"Fermentis\"},\"image\":{\"@id\":\"https:\\\/\\\/fermentis.com\\\/es\\\/#\\\/schema\\\/logo\\\/image\\\/\"},\"sameAs\":[\"https:\\\/\\\/www.facebook.com\\\/Fermentis\",\"https:\\\/\\\/x.com\\\/fermentis\",\"https:\\\/\\\/www.instagram.com\\\/fermentisbylesaffre\\\/\",\"https:\\\/\\\/www.linkedin.com\\\/company\\\/fermentis\\\/\",\"https:\\\/\\\/www.youtube.com\\\/channel\\\/UCt_Lp3IZnUNXZeqSi6iiAdA\"]}]}<\/script>\n<meta property=\"product:price:currency\" content=\"GBP\" \/>\n<meta property=\"og:availability\" content=\"instock\" \/>\n<meta property=\"product:availability\" content=\"instock\" \/>\n<meta property=\"product:condition\" content=\"new\" \/>\n<!-- \/ Yoast SEO Premium plugin. -->","yoast_head_json":{"title":"SafCoffee\u2122 Cool Blue - Fermentis","description":"Descubra los sabores excepcionales que resultan de la fermentaci\u00f3n en fr\u00edo con SafCoffee\u2122 Cool Blue. Esta levadura est\u00e1 especialmente adaptada para fermentaci\u00f3n en fr\u00edo, condici\u00f3n que se da en zonas de producci\u00f3n a gran altitud. Los ensayos demuestran que puede generar caf\u00e9s con gran dulzor, notas de vainilla y frutos secos, y una persistencia larga en boca y agradable, incluso en ambientes de bajas temperaturas.","robots":{"index":"index","follow":"follow","max-snippet":"max-snippet:-1","max-image-preview":"max-image-preview:large","max-video-preview":"max-video-preview:-1"},"canonical":"https:\/\/fermentis.com\/es\/producto\/safcoffee-cool-blue\/","og_locale":"es_ES","og_type":"article","og_title":"SafCoffee\u2122 Cool Blue","og_description":"Descubra los sabores excepcionales que resultan de la fermentaci\u00f3n en fr\u00edo con SafCoffee\u2122 Cool Blue. Esta levadura est\u00e1 especialmente adaptada para fermentaci\u00f3n en fr\u00edo, condici\u00f3n que se da en zonas de producci\u00f3n a gran altitud. Los ensayos demuestran que puede generar caf\u00e9s con gran dulzor, notas de vainilla y frutos secos, y una persistencia larga en boca y agradable, incluso en ambientes de bajas temperaturas.","og_url":"https:\/\/fermentis.com\/es\/producto\/safcoffee-cool-blue\/","og_site_name":"Fermentis","article_publisher":"https:\/\/www.facebook.com\/Fermentis","article_modified_time":"2026-04-07T06:49:03+00:00","og_image":[{"url":"https:\/\/cdn.bfldr.com\/G7S7MSWL\/at\/n3j4v84vv8wc9jq8kmgt3p\/1_500G_Cool-Blue.png?auto=webp&format=png","type":"","width":"","height":""}],"twitter_card":"summary_large_image","twitter_image":"https:\/\/cdn.bfldr.com\/G7S7MSWL\/at\/n3j4v84vv8wc9jq8kmgt3p\/1_500G_Cool-Blue.png?auto=webp&format=png","twitter_site":"@fermentis","twitter_misc":{"Precio":"","Disponibilidad":"Disponible"},"schema":{"@context":"https:\/\/schema.org","@graph":[{"@type":"WebPage","@id":"https:\/\/fermentis.com\/es\/producto\/safcoffee-cool-blue\/","url":"https:\/\/fermentis.com\/es\/producto\/safcoffee-cool-blue\/","name":"SafCoffee\u2122 Cool Blue - Fermentis","isPartOf":{"@id":"https:\/\/fermentis.com\/es\/#website"},"primaryImageOfPage":{"@id":"https:\/\/fermentis.com\/es\/producto\/safcoffee-cool-blue\/#primaryimage"},"image":{"@id":"https:\/\/fermentis.com\/es\/producto\/safcoffee-cool-blue\/#primaryimage"},"thumbnailUrl":"https:\/\/cdn.bfldr.com\/G7S7MSWL\/at\/n3j4v84vv8wc9jq8kmgt3p\/1_500G_Cool-Blue.png?auto=webp&format=png","datePublished":"2025-02-03T16:41:59+00:00","dateModified":"2026-04-07T06:49:03+00:00","description":"Descubra los sabores excepcionales que resultan de la fermentaci\u00f3n en fr\u00edo con SafCoffee\u2122 Cool Blue. Esta levadura est\u00e1 especialmente adaptada para fermentaci\u00f3n en fr\u00edo, condici\u00f3n que se da en zonas de producci\u00f3n a gran altitud. Los ensayos demuestran que puede generar caf\u00e9s con gran dulzor, notas de vainilla y frutos secos, y una persistencia larga en boca y agradable, incluso en ambientes de bajas temperaturas.","breadcrumb":{"@id":"https:\/\/fermentis.com\/es\/producto\/safcoffee-cool-blue\/#breadcrumb"},"inLanguage":"es","potentialAction":[{"@type":"ReadAction","target":["https:\/\/fermentis.com\/es\/producto\/safcoffee-cool-blue\/"]}]},{"@type":"ImageObject","inLanguage":"es","@id":"https:\/\/fermentis.com\/es\/producto\/safcoffee-cool-blue\/#primaryimage","url":"https:\/\/cdn.bfldr.com\/G7S7MSWL\/at\/n3j4v84vv8wc9jq8kmgt3p\/1_500G_Cool-Blue.png?auto=webp&format=png","contentUrl":"https:\/\/cdn.bfldr.com\/G7S7MSWL\/at\/n3j4v84vv8wc9jq8kmgt3p\/1_500G_Cool-Blue.png?auto=webp&format=png"},{"@type":"BreadcrumbList","@id":"https:\/\/fermentis.com\/es\/producto\/safcoffee-cool-blue\/#breadcrumb","itemListElement":[{"@type":"ListItem","position":1,"name":"Home","item":"https:\/\/fermentis.com\/es\/"},{"@type":"ListItem","position":2,"name":"Productos"},{"@type":"ListItem","position":3,"name":"Other beverages","item":"https:\/\/fermentis.com\/es\/fermentation\/other-beverages-es\/"},{"@type":"ListItem","position":4,"name":"SafCoffee\u2122 Cool Blue"}]},{"@type":"WebSite","@id":"https:\/\/fermentis.com\/es\/#website","url":"https:\/\/fermentis.com\/es\/","name":"Fermentis","description":"Un site utilisant WordPress","publisher":{"@id":"https:\/\/fermentis.com\/es\/#organization"},"potentialAction":[{"@type":"SearchAction","target":{"@type":"EntryPoint","urlTemplate":"https:\/\/fermentis.com\/es\/?s={search_term_string}"},"query-input":{"@type":"PropertyValueSpecification","valueRequired":true,"valueName":"search_term_string"}}],"inLanguage":"es"},{"@type":"Organization","@id":"https:\/\/fermentis.com\/es\/#organization","name":"Fermentis","url":"https:\/\/fermentis.com\/es\/","logo":{"@type":"ImageObject","inLanguage":"es","@id":"https:\/\/fermentis.com\/es\/#\/schema\/logo\/image\/","url":"https:\/\/fermentis.com\/wp-content\/uploads\/2021\/07\/Logo-Fermentis-5.png","contentUrl":"https:\/\/fermentis.com\/wp-content\/uploads\/2021\/07\/Logo-Fermentis-5.png","width":308,"height":95,"caption":"Fermentis"},"image":{"@id":"https:\/\/fermentis.com\/es\/#\/schema\/logo\/image\/"},"sameAs":["https:\/\/www.facebook.com\/Fermentis","https:\/\/x.com\/fermentis","https:\/\/www.instagram.com\/fermentisbylesaffre\/","https:\/\/www.linkedin.com\/company\/fermentis\/","https:\/\/www.youtube.com\/channel\/UCt_Lp3IZnUNXZeqSi6iiAdA"]}]},"product_price_currency":"GBP","og_availability":"instock","product_availability":"instock","product_condition":"new"},"fifu_image_url":"https:\/\/cdn.bfldr.com\/G7S7MSWL\/at\/n3j4v84vv8wc9jq8kmgt3p\/1_500G_Cool-Blue.png?auto=webp&format=png","_links":{"self":[{"href":"https:\/\/fermentis.com\/es\/wp-json\/wp\/v2\/product\/123802","targetHints":{"allow":["GET"]}}],"collection":[{"href":"https:\/\/fermentis.com\/es\/wp-json\/wp\/v2\/product"}],"about":[{"href":"https:\/\/fermentis.com\/es\/wp-json\/wp\/v2\/types\/product"}],"replies":[{"embeddable":true,"href":"https:\/\/fermentis.com\/es\/wp-json\/wp\/v2\/comments?post=123802"}],"wp:featuredmedia":[{"embeddable":true,"href":"https:\/\/fermentis.com\/es\/wp-json\/wp\/v2\/media\/706376"}],"wp:attachment":[{"href":"https:\/\/fermentis.com\/es\/wp-json\/wp\/v2\/media?parent=123802"}],"wp:term":[{"taxonomy":"product_brand","embeddable":true,"href":"https:\/\/fermentis.com\/es\/wp-json\/wp\/v2\/product_brand?post=123802"},{"taxonomy":"product_cat","embeddable":true,"href":"https:\/\/fermentis.com\/es\/wp-json\/wp\/v2\/product_cat?post=123802"},{"taxonomy":"product_tag","embeddable":true,"href":"https:\/\/fermentis.com\/es\/wp-json\/wp\/v2\/product_tag?post=123802"}],"curies":[{"name":"wp","href":"https:\/\/api.w.org\/{rel}","templated":true}]}}