{"id":41707,"date":"2024-07-30T16:54:25","date_gmt":"2024-07-30T14:54:25","guid":{"rendered":"https:\/\/fermentis.com\/product\/safbrew-br%e2%80%918\/"},"modified":"2026-04-13T17:54:49","modified_gmt":"2026-04-13T15:54:49","slug":"safbrew-br-8","status":"publish","type":"product","link":"https:\/\/fermentis.com\/es\/producto\/safbrew-br-8\/","title":{"rendered":"SafBrew\u2122 BR-8"},"content":{"rendered":"<div class=\"container section-title-container\" ><h2 class=\"section-title section-title-center\"><b aria-hidden=\"true\"><\/b><span class=\"section-title-main\" style=\"font-size:115%;\">La primera Brett en formato seco para cervezas &quot;funky&quot; muy arom\u00e1ticas.<\/span><b aria-hidden=\"true\"><\/b><\/h2><\/div>\n<p><strong>SafBrew<sup>\u2122<\/sup> BR-8<\/strong> es la primera levadura de la especie <em>Brettanomyces bruxellensis<\/em> disponible para los cerveceros en formato seco microgranulado.<\/p>\n<p>Aporta todos los beneficios arom\u00e1ticos de las levaduras <em>Brett<\/em> &quot;salvajes&quot;, pero con m\u00e1s control y fiabilidad, eliminando el riesgo de sobrecarbonataci\u00f3n y gushing tras el embotellado.<\/p>\n<p>SafBrew\u2122 BR-8 fue espec\u00edficamente seleccionada para la fermentaci\u00f3n secundaria en botellas o barriles y produce compuestos fen\u00f3licos que crean un car\u00e1cter final distintivo que evoluciona con el tiempo, a medida que la cerveza madura, con notas funky (corral, caballo, cuero&#8230;), bien equilibradas con otras notas refrescantes y afrutadas.<\/p>\n\t<div id=\"gap-556313232\" class=\"gap-element clearfix\" style=\"display:block; height:auto;\">\n\t\t\n<style>\n#gap-556313232 {\n  padding-top: 30px;\n}\n<\/style>\n\t<\/div>\n\t\n<div class=\"container section-title-container\" ><h3 class=\"section-title section-title-center\"><b aria-hidden=\"true\"><\/b><span class=\"section-title-main\" style=\"font-size:115%;\">Perfil sensorial de la SafBrew\u2122 BR-8<\/span><b aria-hidden=\"true\"><\/b><\/h3><\/div>\n<p>SafBrew\u2122 BR-8 produce compuestos fen\u00f3licos que crean un toque final distintivo que evoluciona con el tiempo a medida que la cerveza envejece, con notas m\u00e1s divertidas (corral, caballo, cuero&#8230;) bien equilibradas por notas refrescantes y afrutadas.<\/p>\n\t<div id=\"gap-1242218355\" class=\"gap-element clearfix\" style=\"display:block; height:auto;\">\n\t\t\n<style>\n#gap-1242218355 {\n  padding-top: 30px;\n}\n<\/style>\n\t<\/div>\n\t\n<div class=\"container section-title-container\" ><h3 class=\"section-title section-title-center\"><b aria-hidden=\"true\"><\/b><span class=\"section-title-main\" style=\"font-size:115%;\">Caracter\u00edsticas t\u00e9cnicas de SafBrew\u2122 BR-8<\/span><b aria-hidden=\"true\"><\/b><\/h3><\/div>\n\n\t\t<div class=\"tabbed-content\">\n\t\t\t\n\t\t\t<ul class=\"nav nav-tabs nav-uppercase nav-size-normal nav-left\" role=\"tablist\"><li id=\"tab-dosificaci\u00f3n-y-modo-de-empleo\" class=\"tab active has-icon\" role=\"presentation\"><a href=\"#tab_dosificaci\u00f3n-y-modo-de-empleo\" role=\"tab\" aria-selected=\"true\" aria-controls=\"tab_dosificaci\u00f3n-y-modo-de-empleo\"><span>Dosificaci\u00f3n y modo de empleo<\/span><\/a><\/li>\n<li id=\"tab-an\u00e1lisis-t\u00edpico\" class=\"tab has-icon\" role=\"presentation\"><a href=\"#tab_an\u00e1lisis-t\u00edpico\" tabindex=\"-1\" role=\"tab\" aria-selected=\"false\" aria-controls=\"tab_an\u00e1lisis-t\u00edpico\"><span>An\u00e1lisis t\u00edpico<\/span><\/a><\/li>\n<li id=\"tab-almacenamiento-y-vida-\u00fatil\" class=\"tab has-icon\" role=\"presentation\"><a href=\"#tab_almacenamiento-y-vida-\u00fatil\" tabindex=\"-1\" role=\"tab\" aria-selected=\"false\" aria-controls=\"tab_almacenamiento-y-vida-\u00fatil\"><span>Almacenamiento y vida \u00fatil<\/span><\/a><\/li><\/ul><div class=\"tab-panels\"><div id=\"tab_dosificaci\u00f3n-y-modo-de-empleo\" class=\"panel active entry-content\" role=\"tabpanel\" aria-labelledby=\"tab-dosificaci\u00f3n-y-modo-de-empleo\">\n<h4><span style=\"font-size: 18pt\">Dosificaci\u00f3n\/Temperatura<\/span><\/h4>\n<p><strong>Temperatura \u00f3ptima de fermentaci\u00f3n 15-25 \u00b0C (59-77 \u00b0F). <\/strong><\/p>\n<h3><strong>Instrucciones de uso:<\/strong><\/h3>\n<p><strong>Rehidrataci\u00f3n: <\/strong><strong>SafBrew\u2122 BR-8 no debe rehidratarse directamente en la cerveza.<\/strong><\/p>\n<p>Espolvorear la levadura en un volumen de agua est\u00e9ril equivalente a 10 veces su propio peso, a una temperatura entre 25 \u00b0C y 29 \u00b0C (77-84,2 \u00b0F). Dejar reposar de 15 a 30 minutos. Mezclar suavemente hasta obtener una crema de levadura.<\/p>\n<p><strong>Modo de empleo: <\/strong>A\u00f1adir de 5 a 10 gramos de az\u00facar por litro de cerveza (de 0,67 a 1,34 oz de az\u00facar por gal\u00f3n de cerveza) para obtener una saturaci\u00f3n adicional de CO<sub>2<\/sub> de 2,5 a 5,0 g\/l (0,33 a 0,67 oz\/gal de CO<sub>2<\/sub>). Inocular la levadura rehidratada en la cerveza azucarada a temperatura de fermentaci\u00f3n.<\/p>\n<p>La carbonataci\u00f3n se lograr\u00e1 entre 1 y 3 meses de maduraci\u00f3n.<\/p>\n<p>*Al final de la refermentaci\u00f3n, la cerveza puede enfriarse y ganar\u00e1 redondez al cabo de 2 a 3 semanas.<br \/>\n*La carbonataci\u00f3n a temperaturas m\u00e1s bajas (por ejemplo: 15 \u00b0C\/59 \u00b0F) puede durar m\u00e1s de 3 meses.<\/p>\n<\/div>\n<div id=\"tab_an\u00e1lisis-t\u00edpico\" class=\"panel entry-content\" role=\"tabpanel\" aria-labelledby=\"tab-an\u00e1lisis-t\u00edpico\">\n<ul>\n<li>Levadura viable : &gt; 5,0 *10<sup>9 <\/sup>ufc\/g<\/li>\n<li>Pureza :\n<ul>\n<li>Bacterias l\u00e1cticas: &lt; 1 ufc \/10<sup>6<\/sup> c\u00e9lulas de levadura<\/li>\n<li>Bacterias ac\u00e9ticas: &lt; 1 ufc \/10<sup>6<\/sup> c\u00e9lulas de levadura<\/li>\n<li>Pediococcus: &lt; 1 ufc \/10<sup>6<\/sup> c\u00e9lulas de levadura<\/li>\n<li>Bacterias totales: &lt; 5 ufc \/10<sup>6<\/sup> c\u00e9lulas de levadura<\/li>\n<li>Levadura &quot;salvaje &quot;<sup>1<\/sup>: &lt; 5 ufc \/10<sup>6<\/sup> c\u00e9lulas de levadura<\/li>\n<li>Microorganismos pat\u00f3genos: de conformidad con la normativa<\/li>\n<\/ul>\n<\/li>\n<\/ul>\n<p><em style=\"color: #555555;font-size: 14.4px\">An\u00e1lisis realizado seg\u00fan nuestro estudio <\/em>HACCP.<em><sup>1<\/sup>Aparte de Brettanomyces spp.<\/em><\/p>\n<\/div>\n<div id=\"tab_almacenamiento-y-vida-\u00fatil\" class=\"panel entry-content\" role=\"tabpanel\" aria-labelledby=\"tab-almacenamiento-y-vida-\u00fatil\">\n<h4>Almacenamiento<\/h4>\n<p>El producto debe almacenarse\/transportarse en condiciones secas y protegido de fuentes directas de calor (por ejemplo, luz solar, &#8230;). Durante un m\u00e1ximo de 6 meses, el producto puede almacenarse\/transportarse a temperatura ambiente inferior a 25\u00b0C\/77\u00b0F sin que ello afecte a sus prestaciones.<\/p>\n<p>Se permiten picos de hasta 40\u00b0C\/104\u00b0F durante un periodo de tiempo limitado (menos de 7 d\u00edas en total). Para tiempos de almacenamiento prolongados (m\u00e1s de 6 meses) despu\u00e9s de que el producto haya llegado a su destino final, Fermentis recomienda almacenarlo a una temperatura controlada (inferior a 15\u00b0C\/59\u00b0F).<\/p>\n<h4>Caducidad<\/h4>\n<p>24 meses a partir de la fecha de producci\u00f3n. Consulte la fecha de caducidad impresa en el sobre. Los sobres abiertos deben precintarse y conservarse a 4\u00b0C y utilizarse en los 7 d\u00edas siguientes a su apertura. No utilice sobres blandos o da\u00f1ados.<\/p>\n<p><em>Cada levadura Fermentis se desarrolla seg\u00fan un esquema de producci\u00f3n espec\u00edfico y se beneficia de los conocimientos t\u00e9cnicos del grupo Lesaffre, l\u00edder mundial en la fabricaci\u00f3n de levaduras. Esto garantiza la m\u00e1xima pureza microbiol\u00f3gica y la m\u00e1xima actividad de fermentaci\u00f3n.<\/em><\/p>\n<\/div><\/div><\/div>\n\t<div id=\"gap-246678355\" class=\"gap-element clearfix\" style=\"display:block; height:auto;\">\n\t\t\n<style>\n#gap-246678355 {\n  padding-top: 30px;\n}\n<\/style>\n\t<\/div>\n\t\n\t<div id=\"gap-358894521\" class=\"gap-element clearfix\" style=\"display:block; height:auto;\">\n\t\t\n<style>\n#gap-358894521 {\n  padding-top: 30px;\n}\n<\/style>\n\t<\/div>\n\t\n<p><em>Las levaduras secas de Fermentis son reconocidas por su capacidad para producir una gran variedad de estilos de cerveza. Para comparar nuestras cepas realizamos pruebas de fermentaci\u00f3n en condiciones de laboratorio con mosto est\u00e1ndar y condiciones de temperatura t\u00edpicas (SafLager\u2122: 12 \u00b0C por 48 horas y luego a 14 \u00b0C \/ SafAle\u2122: 20 \u00b0C). Nos enfocamos en los siguientes par\u00e1metros: producci\u00f3n de alcohol, az\u00facares residuales, floculaci\u00f3n y cin\u00e9tica de fermentaci\u00f3n. Dado el impacto de la levadura en la calidad de la cerveza final, se recomienda respetar las instrucciones de fermentaci\u00f3n provistas. Sugerimos realizar pruebas de fermentaci\u00f3n antes de cualquier uso comercial de nuestros productos.<\/em><\/p>\n<div class=\"container section-title-container\" ><h3 class=\"section-title section-title-center\"><b aria-hidden=\"true\"><\/b><span class=\"section-title-main\" style=\"font-size:115%;\">Contenidos relacionados<\/span><b aria-hidden=\"true\"><\/b><\/h3><\/div>\n<div class=\"row\"  id=\"row-270717383\">\n\n\t<div id=\"col-1498945853\" class=\"col medium-4 small-12 large-4\"  >\n\t\t\t\t<div class=\"col-inner\"  >\n\t\t\t\n\t\t\t\n\t<div class=\"box has-hover   has-hover box-text-bottom\" >\n\n\t\t<div class=\"box-image\" >\n\t\t\t<a href=\"https:\/\/fermentis.com\/en\/news\/fermentation\/beer-brewing\/safbrew-br-8-is-now-available-for-homebrewers\/\" >\t\t\t<div class=\"\" >\n\t\t\t\t<img loading=\"lazy\" decoding=\"async\" width=\"1039\" height=\"742\" src=\"https:\/\/fermentis.com\/wp-content\/uploads\/2023\/01\/SafBrew-BR-8.jpg\" class=\"attachment- size-\" alt=\"SafBrew-BR-8\" srcset=\"https:\/\/fermentis.com\/wp-content\/uploads\/2023\/01\/SafBrew-BR-8.jpg 1039w, https:\/\/fermentis.com\/wp-content\/uploads\/2023\/01\/SafBrew-BR-8-800x571.jpg 800w, https:\/\/fermentis.com\/wp-content\/uploads\/2023\/01\/SafBrew-BR-8-1024x731.jpg 1024w, https:\/\/fermentis.com\/wp-content\/uploads\/2023\/01\/SafBrew-BR-8-768x548.jpg 768w, https:\/\/fermentis.com\/wp-content\/uploads\/2023\/01\/SafBrew-BR-8-600x428.jpg 600w\" sizes=\"auto, (max-width: 1039px) 100vw, 1039px\" \/>\t\t\t\t\t\t\t\t\t\t\t<\/div>\n\t\t\t<\/a>\t\t<\/div>\n\n\t\t<div class=\"box-text text-center dark\" style=\"background-color:rgb(236, 140, 30);\">\n\t\t\t<div class=\"box-text-inner\">\n\t\t\t\t\n<h4>SafBrew\u2122 BR-8 ya se encuentra disponible para homebrewers<\/h4>\n<a href=\"https:\/\/fermentis.com\/en\/news\/fermentation\/beer-brewing\/safbrew-br-8-is-now-available-for-homebrewers\/\" class=\"button white is-outline\" >\n\t\t<span>haga clic aqu\u00ed para acceder al art\u00edculo<\/span>\n\t<\/a>\n\n\t\t\t<\/div>\n\t\t<\/div>\n\t<\/div>\n\t\n\t\t<\/div>\n\t\t\t\t\t<\/div>\n\n\t\n\n\t<div id=\"col-554420457\" class=\"col medium-4 small-12 large-4\"  >\n\t\t\t\t<div class=\"col-inner\"  >\n\t\t\t\n\t\t\t\n\t\t<\/div>\n\t\t\t\t\t<\/div>\n\n\t\n\n\t<div id=\"col-1076046225\" class=\"col medium-4 small-12 large-4\"  >\n\t\t\t\t<div class=\"col-inner\"  >\n\t\t\t\n\t\t\t\n\t\t<\/div>\n\t\t\t\t\t<\/div>\n\n\t\n<\/div>\n","protected":false},"excerpt":{"rendered":"<p>La primera Brett en formato seco ensada para el acondicionamiento en botellas y\/o barriles (cask conditioning).<\/p>\n","protected":false},"featured_media":235559,"comment_status":"closed","ping_status":"closed","template":"","meta":{"_acf_changed":false},"product_brand":[],"product_cat":[1355,1542,1356],"product_tag":[1567,1568],"class_list":{"0":"post-41707","1":"product","2":"type-product","3":"status-publish","4":"has-post-thumbnail","6":"product_cat-active-dry-yeast-es","7":"product_cat-safbrew-es","8":"product_cat-beer-brewing-solutions-es","9":"product_tag-br-8-es","10":"product_tag-br8-es","11":"pa_yeast-range-safbrew-es","12":"pa_yeast-variety-brettanomyces-bruxellensis-es","14":"first","15":"instock","16":"shipping-taxable","17":"product-type-simple"},"acf":[],"yoast_head":"<!-- This site is optimized with the Yoast SEO Premium plugin v27.3 (Yoast SEO v27.3) - https:\/\/yoast.com\/product\/yoast-seo-premium-wordpress\/ -->\n<title>SafBrew\u2122 BR-8 - La primera Brett en formato seco para cervezas &quot;funky&quot; muy arom\u00e1ticas<\/title>\n<meta name=\"description\" content=\"SafBrew\u2122 BR-8 de Fermentis es la primera Brett en formato seco pensada para el acondicionamiento en botellas y\/o barriles (cask conditioning). Aporta interesantes notas funky a la cerveza.\" \/>\n<meta name=\"robots\" content=\"index, follow, max-snippet:-1, max-image-preview:large, max-video-preview:-1\" \/>\n<link rel=\"canonical\" href=\"https:\/\/fermentis.com\/es\/producto\/safbrew-br-8\/\" \/>\n<meta property=\"og:locale\" content=\"es_ES\" \/>\n<meta property=\"og:type\" content=\"article\" \/>\n<meta property=\"og:title\" content=\"SafBrew\u2122 BR-8\" \/>\n<meta property=\"og:description\" content=\"SafBrew\u2122 BR-8 de Fermentis es la primera Brett en formato seco pensada para el acondicionamiento en botellas y\/o barriles (cask conditioning). Aporta interesantes notas funky a la cerveza.\" \/>\n<meta property=\"og:url\" content=\"https:\/\/fermentis.com\/es\/producto\/safbrew-br-8\/\" \/>\n<meta property=\"og:site_name\" content=\"Fermentis\" \/>\n<meta property=\"article:publisher\" content=\"https:\/\/www.facebook.com\/Fermentis\" \/>\n<meta property=\"article:modified_time\" content=\"2026-04-13T15:54:49+00:00\" \/>\n<meta property=\"og:image\" content=\"https:\/\/cdn.bfldr.com\/G7S7MSWL\/at\/bpq5whbgpj5j6kqqc8gkg\/SafBrew-BR-8_100g_Half-Front.jpg?auto=webp&format=jpg\" \/>\n<meta name=\"twitter:card\" content=\"summary_large_image\" \/>\n<meta name=\"twitter:image\" content=\"https:\/\/cdn.bfldr.com\/G7S7MSWL\/at\/bpq5whbgpj5j6kqqc8gkg\/SafBrew-BR-8_100g_Half-Front.jpg?auto=webp&format=jpg\" \/>\n<meta name=\"twitter:site\" content=\"@fermentis\" \/>\n<meta name=\"twitter:label1\" content=\"Precio\" \/>\n\t<meta name=\"twitter:data1\" content=\"\" \/>\n\t<meta name=\"twitter:label2\" content=\"Disponibilidad\" \/>\n\t<meta name=\"twitter:data2\" content=\"Disponible\" \/>\n<script type=\"application\/ld+json\" class=\"yoast-schema-graph\">{\"@context\":\"https:\\\/\\\/schema.org\",\"@graph\":[{\"@type\":\"WebPage\",\"@id\":\"https:\\\/\\\/fermentis.com\\\/es\\\/producto\\\/safbrew-br-8\\\/\",\"url\":\"https:\\\/\\\/fermentis.com\\\/es\\\/producto\\\/safbrew-br-8\\\/\",\"name\":\"SafBrew\u2122 BR-8 - La primera Brett en formato seco para cervezas \\\"funky\\\" muy arom\u00e1ticas\",\"isPartOf\":{\"@id\":\"https:\\\/\\\/fermentis.com\\\/es\\\/#website\"},\"primaryImageOfPage\":{\"@id\":\"https:\\\/\\\/fermentis.com\\\/es\\\/producto\\\/safbrew-br-8\\\/#primaryimage\"},\"image\":{\"@id\":\"https:\\\/\\\/fermentis.com\\\/es\\\/producto\\\/safbrew-br-8\\\/#primaryimage\"},\"thumbnailUrl\":\"https:\\\/\\\/cdn.bfldr.com\\\/G7S7MSWL\\\/at\\\/bpq5whbgpj5j6kqqc8gkg\\\/SafBrew-BR-8_100g_Half-Front.jpg?auto=webp&format=jpg\",\"datePublished\":\"2024-07-30T14:54:25+00:00\",\"dateModified\":\"2026-04-13T15:54:49+00:00\",\"description\":\"SafBrew\u2122 BR-8 de Fermentis es la primera Brett en formato seco pensada para el acondicionamiento en botellas y\\\/o barriles (cask conditioning). Aporta interesantes notas funky a la cerveza.\",\"breadcrumb\":{\"@id\":\"https:\\\/\\\/fermentis.com\\\/es\\\/producto\\\/safbrew-br-8\\\/#breadcrumb\"},\"inLanguage\":\"es\",\"potentialAction\":[{\"@type\":\"ReadAction\",\"target\":[\"https:\\\/\\\/fermentis.com\\\/es\\\/producto\\\/safbrew-br-8\\\/\"]}]},{\"@type\":\"ImageObject\",\"inLanguage\":\"es\",\"@id\":\"https:\\\/\\\/fermentis.com\\\/es\\\/producto\\\/safbrew-br-8\\\/#primaryimage\",\"url\":\"https:\\\/\\\/cdn.bfldr.com\\\/G7S7MSWL\\\/at\\\/bpq5whbgpj5j6kqqc8gkg\\\/SafBrew-BR-8_100g_Half-Front.jpg?auto=webp&format=jpg\",\"contentUrl\":\"https:\\\/\\\/cdn.bfldr.com\\\/G7S7MSWL\\\/at\\\/bpq5whbgpj5j6kqqc8gkg\\\/SafBrew-BR-8_100g_Half-Front.jpg?auto=webp&format=jpg\",\"width\":\"1600\",\"height\":\"1600\"},{\"@type\":\"BreadcrumbList\",\"@id\":\"https:\\\/\\\/fermentis.com\\\/es\\\/producto\\\/safbrew-br-8\\\/#breadcrumb\",\"itemListElement\":[{\"@type\":\"ListItem\",\"position\":1,\"name\":\"Home\",\"item\":\"https:\\\/\\\/fermentis.com\\\/es\\\/\"},{\"@type\":\"ListItem\",\"position\":2,\"name\":\"Productos\"},{\"@type\":\"ListItem\",\"position\":3,\"name\":\"Soluciones para cerveza y elaboraci\u00f3n\",\"item\":\"https:\\\/\\\/fermentis.com\\\/es\\\/fermentation\\\/beer-brewing-solutions-es\\\/\"},{\"@type\":\"ListItem\",\"position\":4,\"name\":\"SafBrew\u2122 BR-8\"}]},{\"@type\":\"WebSite\",\"@id\":\"https:\\\/\\\/fermentis.com\\\/es\\\/#website\",\"url\":\"https:\\\/\\\/fermentis.com\\\/es\\\/\",\"name\":\"Fermentis\",\"description\":\"Un site utilisant WordPress\",\"publisher\":{\"@id\":\"https:\\\/\\\/fermentis.com\\\/es\\\/#organization\"},\"potentialAction\":[{\"@type\":\"SearchAction\",\"target\":{\"@type\":\"EntryPoint\",\"urlTemplate\":\"https:\\\/\\\/fermentis.com\\\/es\\\/?s={search_term_string}\"},\"query-input\":{\"@type\":\"PropertyValueSpecification\",\"valueRequired\":true,\"valueName\":\"search_term_string\"}}],\"inLanguage\":\"es\"},{\"@type\":\"Organization\",\"@id\":\"https:\\\/\\\/fermentis.com\\\/es\\\/#organization\",\"name\":\"Fermentis\",\"url\":\"https:\\\/\\\/fermentis.com\\\/es\\\/\",\"logo\":{\"@type\":\"ImageObject\",\"inLanguage\":\"es\",\"@id\":\"https:\\\/\\\/fermentis.com\\\/es\\\/#\\\/schema\\\/logo\\\/image\\\/\",\"url\":\"https:\\\/\\\/fermentis.com\\\/wp-content\\\/uploads\\\/2021\\\/07\\\/Logo-Fermentis-5.png\",\"contentUrl\":\"https:\\\/\\\/fermentis.com\\\/wp-content\\\/uploads\\\/2021\\\/07\\\/Logo-Fermentis-5.png\",\"width\":308,\"height\":95,\"caption\":\"Fermentis\"},\"image\":{\"@id\":\"https:\\\/\\\/fermentis.com\\\/es\\\/#\\\/schema\\\/logo\\\/image\\\/\"},\"sameAs\":[\"https:\\\/\\\/www.facebook.com\\\/Fermentis\",\"https:\\\/\\\/x.com\\\/fermentis\",\"https:\\\/\\\/www.instagram.com\\\/fermentisbylesaffre\\\/\",\"https:\\\/\\\/www.linkedin.com\\\/company\\\/fermentis\\\/\",\"https:\\\/\\\/www.youtube.com\\\/channel\\\/UCt_Lp3IZnUNXZeqSi6iiAdA\"]}]}<\/script>\n<meta property=\"product:price:currency\" content=\"GBP\" \/>\n<meta property=\"og:availability\" content=\"instock\" \/>\n<meta property=\"product:availability\" content=\"instock\" \/>\n<meta property=\"product:condition\" content=\"new\" \/>\n<!-- \/ Yoast SEO Premium plugin. -->","yoast_head_json":{"title":"SafBrew\u2122 BR-8 - La primera Brett en formato seco para cervezas \"funky\" muy arom\u00e1ticas","description":"SafBrew\u2122 BR-8 de Fermentis es la primera Brett en formato seco pensada para el acondicionamiento en botellas y\/o barriles (cask conditioning). Aporta interesantes notas funky a la cerveza.","robots":{"index":"index","follow":"follow","max-snippet":"max-snippet:-1","max-image-preview":"max-image-preview:large","max-video-preview":"max-video-preview:-1"},"canonical":"https:\/\/fermentis.com\/es\/producto\/safbrew-br-8\/","og_locale":"es_ES","og_type":"article","og_title":"SafBrew\u2122 BR-8","og_description":"SafBrew\u2122 BR-8 de Fermentis es la primera Brett en formato seco pensada para el acondicionamiento en botellas y\/o barriles (cask conditioning). Aporta interesantes notas funky a la cerveza.","og_url":"https:\/\/fermentis.com\/es\/producto\/safbrew-br-8\/","og_site_name":"Fermentis","article_publisher":"https:\/\/www.facebook.com\/Fermentis","article_modified_time":"2026-04-13T15:54:49+00:00","og_image":[{"url":"https:\/\/cdn.bfldr.com\/G7S7MSWL\/at\/bpq5whbgpj5j6kqqc8gkg\/SafBrew-BR-8_100g_Half-Front.jpg?auto=webp&format=jpg","type":"","width":"","height":""}],"twitter_card":"summary_large_image","twitter_image":"https:\/\/cdn.bfldr.com\/G7S7MSWL\/at\/bpq5whbgpj5j6kqqc8gkg\/SafBrew-BR-8_100g_Half-Front.jpg?auto=webp&format=jpg","twitter_site":"@fermentis","twitter_misc":{"Precio":"","Disponibilidad":"Disponible"},"schema":{"@context":"https:\/\/schema.org","@graph":[{"@type":"WebPage","@id":"https:\/\/fermentis.com\/es\/producto\/safbrew-br-8\/","url":"https:\/\/fermentis.com\/es\/producto\/safbrew-br-8\/","name":"SafBrew\u2122 BR-8 - La primera Brett en formato seco para cervezas \"funky\" muy arom\u00e1ticas","isPartOf":{"@id":"https:\/\/fermentis.com\/es\/#website"},"primaryImageOfPage":{"@id":"https:\/\/fermentis.com\/es\/producto\/safbrew-br-8\/#primaryimage"},"image":{"@id":"https:\/\/fermentis.com\/es\/producto\/safbrew-br-8\/#primaryimage"},"thumbnailUrl":"https:\/\/cdn.bfldr.com\/G7S7MSWL\/at\/bpq5whbgpj5j6kqqc8gkg\/SafBrew-BR-8_100g_Half-Front.jpg?auto=webp&format=jpg","datePublished":"2024-07-30T14:54:25+00:00","dateModified":"2026-04-13T15:54:49+00:00","description":"SafBrew\u2122 BR-8 de Fermentis es la primera Brett en formato seco pensada para el acondicionamiento en botellas y\/o barriles (cask conditioning). Aporta interesantes notas funky a la cerveza.","breadcrumb":{"@id":"https:\/\/fermentis.com\/es\/producto\/safbrew-br-8\/#breadcrumb"},"inLanguage":"es","potentialAction":[{"@type":"ReadAction","target":["https:\/\/fermentis.com\/es\/producto\/safbrew-br-8\/"]}]},{"@type":"ImageObject","inLanguage":"es","@id":"https:\/\/fermentis.com\/es\/producto\/safbrew-br-8\/#primaryimage","url":"https:\/\/cdn.bfldr.com\/G7S7MSWL\/at\/bpq5whbgpj5j6kqqc8gkg\/SafBrew-BR-8_100g_Half-Front.jpg?auto=webp&format=jpg","contentUrl":"https:\/\/cdn.bfldr.com\/G7S7MSWL\/at\/bpq5whbgpj5j6kqqc8gkg\/SafBrew-BR-8_100g_Half-Front.jpg?auto=webp&format=jpg","width":"1600","height":"1600"},{"@type":"BreadcrumbList","@id":"https:\/\/fermentis.com\/es\/producto\/safbrew-br-8\/#breadcrumb","itemListElement":[{"@type":"ListItem","position":1,"name":"Home","item":"https:\/\/fermentis.com\/es\/"},{"@type":"ListItem","position":2,"name":"Productos"},{"@type":"ListItem","position":3,"name":"Soluciones para cerveza y elaboraci\u00f3n","item":"https:\/\/fermentis.com\/es\/fermentation\/beer-brewing-solutions-es\/"},{"@type":"ListItem","position":4,"name":"SafBrew\u2122 BR-8"}]},{"@type":"WebSite","@id":"https:\/\/fermentis.com\/es\/#website","url":"https:\/\/fermentis.com\/es\/","name":"Fermentis","description":"Un site utilisant WordPress","publisher":{"@id":"https:\/\/fermentis.com\/es\/#organization"},"potentialAction":[{"@type":"SearchAction","target":{"@type":"EntryPoint","urlTemplate":"https:\/\/fermentis.com\/es\/?s={search_term_string}"},"query-input":{"@type":"PropertyValueSpecification","valueRequired":true,"valueName":"search_term_string"}}],"inLanguage":"es"},{"@type":"Organization","@id":"https:\/\/fermentis.com\/es\/#organization","name":"Fermentis","url":"https:\/\/fermentis.com\/es\/","logo":{"@type":"ImageObject","inLanguage":"es","@id":"https:\/\/fermentis.com\/es\/#\/schema\/logo\/image\/","url":"https:\/\/fermentis.com\/wp-content\/uploads\/2021\/07\/Logo-Fermentis-5.png","contentUrl":"https:\/\/fermentis.com\/wp-content\/uploads\/2021\/07\/Logo-Fermentis-5.png","width":308,"height":95,"caption":"Fermentis"},"image":{"@id":"https:\/\/fermentis.com\/es\/#\/schema\/logo\/image\/"},"sameAs":["https:\/\/www.facebook.com\/Fermentis","https:\/\/x.com\/fermentis","https:\/\/www.instagram.com\/fermentisbylesaffre\/","https:\/\/www.linkedin.com\/company\/fermentis\/","https:\/\/www.youtube.com\/channel\/UCt_Lp3IZnUNXZeqSi6iiAdA"]}]},"product_price_currency":"GBP","og_availability":"instock","product_availability":"instock","product_condition":"new"},"fifu_image_url":"https:\/\/cdn.bfldr.com\/G7S7MSWL\/at\/bpq5whbgpj5j6kqqc8gkg\/SafBrew-BR-8_100g_Half-Front.jpg?auto=webp&format=jpg","_links":{"self":[{"href":"https:\/\/fermentis.com\/es\/wp-json\/wp\/v2\/product\/41707","targetHints":{"allow":["GET"]}}],"collection":[{"href":"https:\/\/fermentis.com\/es\/wp-json\/wp\/v2\/product"}],"about":[{"href":"https:\/\/fermentis.com\/es\/wp-json\/wp\/v2\/types\/product"}],"replies":[{"embeddable":true,"href":"https:\/\/fermentis.com\/es\/wp-json\/wp\/v2\/comments?post=41707"}],"wp:featuredmedia":[{"embeddable":true,"href":"https:\/\/fermentis.com\/es\/wp-json\/wp\/v2\/media\/235559"}],"wp:attachment":[{"href":"https:\/\/fermentis.com\/es\/wp-json\/wp\/v2\/media?parent=41707"}],"wp:term":[{"taxonomy":"product_brand","embeddable":true,"href":"https:\/\/fermentis.com\/es\/wp-json\/wp\/v2\/product_brand?post=41707"},{"taxonomy":"product_cat","embeddable":true,"href":"https:\/\/fermentis.com\/es\/wp-json\/wp\/v2\/product_cat?post=41707"},{"taxonomy":"product_tag","embeddable":true,"href":"https:\/\/fermentis.com\/es\/wp-json\/wp\/v2\/product_tag?post=41707"}],"curies":[{"name":"wp","href":"https:\/\/api.w.org\/{rel}","templated":true}]}}