{"id":41821,"date":"2020-11-20T09:51:59","date_gmt":"2020-11-20T08:51:59","guid":{"rendered":"https:\/\/fermentis.com\/product\/springferm-nab\/"},"modified":"2026-04-19T01:52:37","modified_gmt":"2026-04-18T23:52:37","slug":"springferm-nab","status":"publish","type":"product","link":"https:\/\/fermentis.com\/es\/producto\/springferm-nab\/","title":{"rendered":"SpringFerm\u2122 NAB"},"content":{"rendered":"<div class=\"container section-title-container\" ><h2 class=\"section-title section-title-center\"><b aria-hidden=\"true\"><\/b><span class=\"section-title-main\" style=\"font-size:115%;\">La soluci\u00f3n ideal para bases alcoh\u00f3licas neutras, como los hard seltzers.<\/span><b aria-hidden=\"true\"><\/b><\/h2><\/div>\n<p>Desarrollado para <strong>fermentar soluciones &quot;puras&quot; de az\u00facar muy r\u00e1pidamente, sin ning\u00fan otro a\u00f1adido<\/strong>, y obtener un producto final perfectamente neutro.<\/p>\n<p><br data-source=\"\n\n\"><strong>Ingredientes:<\/strong> minerales y vitaminas (v\u00e9ase la composici\u00f3n detallada en la etiqueta del producto).<br \/><br data-source=\"\n\">Todos los ingredientes son de grado alimenticio o farmac\u00e9utico.<br data-source=\"\n\n\">\t<div id=\"gap-2007490221\" class=\"gap-element clearfix\" style=\"display:block; height:auto;\">\n\t\t\n<style>\n#gap-2007490221 {\n  padding-top: 30px;\n}\n<\/style>\n\t<\/div>\n\t\n\n\t\t<div class=\"tabbed-content\">\n\t\t\t\n\t\t\t<ul class=\"nav nav-tabs nav-uppercase nav-size-normal nav-left\" role=\"tablist\"><li id=\"tab-dosificaci\u00f3n;-modo-de-uso\" class=\"tab active has-icon\" role=\"presentation\"><a href=\"#tab_dosificaci\u00f3n;-modo-de-uso\" role=\"tab\" aria-selected=\"true\" aria-controls=\"tab_dosificaci\u00f3n;-modo-de-uso\"><span>Dosificaci\u00f3n; modo de uso<\/span><\/a><\/li>\n<li id=\"tab-propiedades\" class=\"tab has-icon\" role=\"presentation\"><a href=\"#tab_propiedades\" tabindex=\"-1\" role=\"tab\" aria-selected=\"false\" aria-controls=\"tab_propiedades\"><span>Propiedades<\/span><\/a><\/li>\n<li id=\"tab-almacenamiento;-vida-\u00fatil\" class=\"tab has-icon\" role=\"presentation\"><a href=\"#tab_almacenamiento;-vida-\u00fatil\" tabindex=\"-1\" role=\"tab\" aria-selected=\"false\" aria-controls=\"tab_almacenamiento;-vida-\u00fatil\"><span>Almacenamiento; vida \u00fatil<\/span><\/a><\/li><\/ul><div class=\"tab-panels\"><div id=\"tab_dosificaci\u00f3n;-modo-de-uso\" class=\"panel active entry-content\" role=\"tabpanel\" aria-labelledby=\"tab-dosificaci\u00f3n;-modo-de-uso\">\n<p><strong>DOSIFICACI\u00d3N<\/strong><br data-source=\"\n\n\">550 g\/hl (SpringFerm\u2122 NAB-2) o 440 g\/hl (SpringFerm\u2122 NAB-3) para mostos de alta gravedad espec\u00edfica que contengan<br data-source=\"\n\">[270 \u2013 300] g de az\u00facares &quot;puros&quot; \/ litro.<br data-source=\"\n\n\">Para mostos de baja gravedad espec\u00edfica, cont\u00e1ctenos a fermentis@lesaffre.com para conocer nuestras recomendaciones.<br data-source=\"\n\"><br data-source=\"\n\n\"><strong>TEMPERATURA DE FERMENTACI\u00d3N<\/strong><br data-source=\"\n\n\">Consulte la ficha t\u00e9cnica de la levadura seleccionada para conocer los rengos de temperatura de fermentaci\u00f3n.<br data-source=\"\n\n\"><strong>MODO DE USO<\/strong><br data-source=\"\n\n\">Debido a que el objetivo final es la neutralidad del producto, es importante asegurar la esterilidad durante todo<br data-source=\"\n\">el proceso. Sin embargo, la esterilizaci\u00f3n o pasteurizaci\u00f3n podr\u00eda da\u00f1ar las vitaminas<br data-source=\"\n\">contenidas en SpringFerm\u2122 NAB.<br data-source=\"\n\">\u2192 <strong>En primer lugar, bajar la temperatura de la soluci\u00f3n azucarada o el mosto con alto contenido de adjuntos<\/strong> a 30-35 \u00b0C\/86-95 \u00b0F,<br data-source=\"\n\">a continuaci\u00f3n, a\u00f1adir SpringFerm\u2122 NAB.<br data-source=\"\n\">\u2192 <strong>De ser posible, poner en marcha la agitaci\u00f3n\/recirculaci\u00f3n durante 10 minutos<\/strong> para garantizar la homogeneidad,<br data-source=\"\n\">antes de inocular la levadura.<br data-source=\"\n\">\u2192 <strong>La levadura debe ser inoculada directamente en el recipiente de fermentaci\u00f3n<\/strong> (si la levadura seleccionada<br data-source=\"\n\">est\u00e1 certificada E2U\u2122) o <strong>ser rehidratada en un recipiente aparte.<\/strong> En este caso, llenar un recipiente en un volumen de agua est\u00e9ril equivalente a 10 veces<br data-source=\"\n\">el peso de la levadura, a 32-35 \u00b0C\/90-95 \u00b0F.<br data-source=\"\n\">\u2192 <strong>A\u00f1adir la levadura seca al recipiente y dejar reposar durante 10-15 minutos.<\/strong><br data-source=\"\n\">\u2192 Transcurrido este tiempo, <strong>agitar suavemente la soluci\u00f3n<\/strong> para continuar rehidratando la levadura seca en el agua<br data-source=\"\n\">y obtener una soluci\u00f3n cremosa.<br data-source=\"\n\">\u2192 <strong>Esperar de 10 a 15 minutos m\u00e1s<\/strong> y la crema de levadura estar\u00e1 lista para ser inoculada.<br data-source=\"\n\"><strong>Consulte la ficha t\u00e9cnica de la levadura seleccionada para conocer<\/strong><br data-source=\"\n\"><strong>los rangos de temperatura de fermentaci\u00f3n.<\/strong><\/p>\n<\/div>\n<div id=\"tab_propiedades\" class=\"panel entry-content\" role=\"tabpanel\" aria-labelledby=\"tab-propiedades\">\n<p>\u00bfDesea producir &#8220;hard seltzers&#8221; o cualquier otra bebida neutra a base de alcohol? SpringFerm\u2122 NAB es la soluci\u00f3n m\u00e1s obvia a su alcance. Desarrollado para fermentar con levaduras soluciones puras de az\u00facar y mostos con alto contenido de adjuntos; se trata de un activador de fermentaci\u00f3n 100% mineral. Obtendr\u00e1 una fermentaci\u00f3n muy r\u00e1pida y un producto final perfecto sin la necesidad de adiciones.<\/p>\n<\/div>\n<div id=\"tab_almacenamiento;-vida-\u00fatil\" class=\"panel entry-content\" role=\"tabpanel\" aria-labelledby=\"tab-almacenamiento;-vida-\u00fatil\">\n<p><br data-source=\"\n\n\"><strong>ALMACENAMIENTO<\/strong><br data-source=\"\n\n\">Conservar a <strong>temperatura ambiente (menos de 25 \u00b0C\/77 \u00b0F<\/strong>) en un lugar seco y protegido de la luz solar. <strong>Los paquetes abiertos deben sellarse<\/strong> y conservarse a temperatura ambiente (menos de 25 \u00b0C\/77 \u00b0F) y utilizarse en el plazo de un mes desde su apertura. <strong>No utilice paquetes blandos o da\u00f1ados<\/strong>.<br data-source=\"\n\n\"><strong>VIDA \u00daTIL<\/strong><br data-source=\"\n\n\">Consultar la fecha de caducidad impresa en el empaque.<br data-source=\"\n\n\"><br data-source=\"\n\"><\/p>\n<\/div><\/div><\/div>\n\t<div id=\"gap-823768170\" class=\"gap-element clearfix\" style=\"display:block; height:auto;\">\n\t\t\n<style>\n#gap-823768170 {\n  padding-top: 30px;\n}\n<\/style>\n\t<\/div>\n\t\n","protected":false},"excerpt":{"rendered":"<p>La soluci\u00f3n ideal para bases alcoh\u00f3licas neutras, como los hard seltzers.<\/p>\n","protected":false},"featured_media":41822,"comment_status":"closed","ping_status":"closed","template":"","meta":{"_acf_changed":false},"product_brand":[],"product_cat":[1957,1958],"product_tag":[1959,1960],"class_list":{"0":"post-41821","1":"product","2":"type-product","3":"status-publish","4":"has-post-thumbnail","6":"product_cat-neutral-alcohol-base-es","7":"product_cat-other-beverages-es","8":"product_tag-nab-es","9":"product_tag-springferm-nab-es","11":"first","12":"instock","13":"shipping-taxable","14":"product-type-simple"},"acf":[],"yoast_head":"<!-- This site is optimized with the Yoast SEO Premium plugin v27.4 (Yoast SEO v27.4) - https:\/\/yoast.com\/product\/yoast-seo-premium-wordpress\/ -->\n<title>SpringFerm\u2122 NAB - Soluci\u00f3n para bases alcoh\u00f3licas neutras - Fermentis<\/title>\n<meta name=\"description\" content=\"SpringFerm\u2122 NAB es una mezcla de minerales y vitaminas para crear bebidas neutras a base de alcohol, como los hard seltzers y otras bebidas.\" \/>\n<meta name=\"robots\" content=\"index, follow, max-snippet:-1, max-image-preview:large, max-video-preview:-1\" \/>\n<link rel=\"canonical\" href=\"https:\/\/fermentis.com\/es\/producto\/springferm-nab\/\" \/>\n<meta property=\"og:locale\" content=\"es_ES\" \/>\n<meta property=\"og:type\" content=\"article\" \/>\n<meta property=\"og:title\" content=\"SpringFerm\u2122 NAB\" \/>\n<meta property=\"og:description\" content=\"SpringFerm\u2122 NAB es una mezcla de minerales y vitaminas para crear bebidas neutras a base de alcohol, como los hard seltzers y otras bebidas.\" \/>\n<meta property=\"og:url\" content=\"https:\/\/fermentis.com\/es\/producto\/springferm-nab\/\" \/>\n<meta property=\"og:site_name\" content=\"Fermentis\" \/>\n<meta property=\"article:publisher\" content=\"https:\/\/www.facebook.com\/Fermentis\" \/>\n<meta property=\"article:modified_time\" content=\"2026-04-18T23:52:37+00:00\" \/>\n<meta property=\"og:image\" content=\"https:\/\/fermentis.com\/wp-content\/uploads\/2020\/11\/springferm-nab.jpg\" \/>\n\t<meta property=\"og:image:width\" content=\"1200\" \/>\n\t<meta property=\"og:image:height\" content=\"1200\" \/>\n\t<meta property=\"og:image:type\" content=\"image\/jpeg\" \/>\n<meta name=\"twitter:card\" content=\"summary_large_image\" \/>\n<meta name=\"twitter:site\" content=\"@fermentis\" \/>\n<meta name=\"twitter:label1\" content=\"Precio\" \/>\n\t<meta name=\"twitter:data1\" content=\"\" \/>\n\t<meta name=\"twitter:label2\" content=\"Disponibilidad\" \/>\n\t<meta name=\"twitter:data2\" content=\"Disponible\" \/>\n<script type=\"application\/ld+json\" class=\"yoast-schema-graph\">{\"@context\":\"https:\\\/\\\/schema.org\",\"@graph\":[{\"@type\":\"WebPage\",\"@id\":\"https:\\\/\\\/fermentis.com\\\/es\\\/producto\\\/springferm-nab\\\/\",\"url\":\"https:\\\/\\\/fermentis.com\\\/es\\\/producto\\\/springferm-nab\\\/\",\"name\":\"SpringFerm\u2122 NAB - Soluci\u00f3n para bases alcoh\u00f3licas neutras - Fermentis\",\"isPartOf\":{\"@id\":\"https:\\\/\\\/fermentis.com\\\/es\\\/#website\"},\"primaryImageOfPage\":{\"@id\":\"https:\\\/\\\/fermentis.com\\\/es\\\/producto\\\/springferm-nab\\\/#primaryimage\"},\"image\":{\"@id\":\"https:\\\/\\\/fermentis.com\\\/es\\\/producto\\\/springferm-nab\\\/#primaryimage\"},\"thumbnailUrl\":\"https:\\\/\\\/fermentis.com\\\/wp-content\\\/uploads\\\/2020\\\/11\\\/springferm-nab.jpg\",\"datePublished\":\"2020-11-20T08:51:59+00:00\",\"dateModified\":\"2026-04-18T23:52:37+00:00\",\"description\":\"SpringFerm\u2122 NAB es una mezcla de minerales y vitaminas para crear bebidas neutras a base de alcohol, como los hard seltzers y otras bebidas.\",\"breadcrumb\":{\"@id\":\"https:\\\/\\\/fermentis.com\\\/es\\\/producto\\\/springferm-nab\\\/#breadcrumb\"},\"inLanguage\":\"es\",\"potentialAction\":[{\"@type\":\"ReadAction\",\"target\":[\"https:\\\/\\\/fermentis.com\\\/es\\\/producto\\\/springferm-nab\\\/\"]}]},{\"@type\":\"ImageObject\",\"inLanguage\":\"es\",\"@id\":\"https:\\\/\\\/fermentis.com\\\/es\\\/producto\\\/springferm-nab\\\/#primaryimage\",\"url\":\"https:\\\/\\\/fermentis.com\\\/wp-content\\\/uploads\\\/2020\\\/11\\\/springferm-nab.jpg\",\"contentUrl\":\"https:\\\/\\\/fermentis.com\\\/wp-content\\\/uploads\\\/2020\\\/11\\\/springferm-nab.jpg\",\"width\":1200,\"height\":1200},{\"@type\":\"BreadcrumbList\",\"@id\":\"https:\\\/\\\/fermentis.com\\\/es\\\/producto\\\/springferm-nab\\\/#breadcrumb\",\"itemListElement\":[{\"@type\":\"ListItem\",\"position\":1,\"name\":\"Home\",\"item\":\"https:\\\/\\\/fermentis.com\\\/es\\\/\"},{\"@type\":\"ListItem\",\"position\":2,\"name\":\"Productos\"},{\"@type\":\"ListItem\",\"position\":3,\"name\":\"Other beverages\",\"item\":\"https:\\\/\\\/fermentis.com\\\/es\\\/fermentation\\\/other-beverages-es\\\/\"},{\"@type\":\"ListItem\",\"position\":4,\"name\":\"SpringFerm\u2122 NAB\"}]},{\"@type\":\"WebSite\",\"@id\":\"https:\\\/\\\/fermentis.com\\\/es\\\/#website\",\"url\":\"https:\\\/\\\/fermentis.com\\\/es\\\/\",\"name\":\"Fermentis\",\"description\":\"Un site utilisant WordPress\",\"publisher\":{\"@id\":\"https:\\\/\\\/fermentis.com\\\/es\\\/#organization\"},\"potentialAction\":[{\"@type\":\"SearchAction\",\"target\":{\"@type\":\"EntryPoint\",\"urlTemplate\":\"https:\\\/\\\/fermentis.com\\\/es\\\/?s={search_term_string}\"},\"query-input\":{\"@type\":\"PropertyValueSpecification\",\"valueRequired\":true,\"valueName\":\"search_term_string\"}}],\"inLanguage\":\"es\"},{\"@type\":\"Organization\",\"@id\":\"https:\\\/\\\/fermentis.com\\\/es\\\/#organization\",\"name\":\"Fermentis\",\"url\":\"https:\\\/\\\/fermentis.com\\\/es\\\/\",\"logo\":{\"@type\":\"ImageObject\",\"inLanguage\":\"es\",\"@id\":\"https:\\\/\\\/fermentis.com\\\/es\\\/#\\\/schema\\\/logo\\\/image\\\/\",\"url\":\"https:\\\/\\\/fermentis.com\\\/wp-content\\\/uploads\\\/2021\\\/07\\\/Logo-Fermentis-5.png\",\"contentUrl\":\"https:\\\/\\\/fermentis.com\\\/wp-content\\\/uploads\\\/2021\\\/07\\\/Logo-Fermentis-5.png\",\"width\":308,\"height\":95,\"caption\":\"Fermentis\"},\"image\":{\"@id\":\"https:\\\/\\\/fermentis.com\\\/es\\\/#\\\/schema\\\/logo\\\/image\\\/\"},\"sameAs\":[\"https:\\\/\\\/www.facebook.com\\\/Fermentis\",\"https:\\\/\\\/x.com\\\/fermentis\",\"https:\\\/\\\/www.instagram.com\\\/fermentisbylesaffre\\\/\",\"https:\\\/\\\/www.linkedin.com\\\/company\\\/fermentis\\\/\",\"https:\\\/\\\/www.youtube.com\\\/channel\\\/UCt_Lp3IZnUNXZeqSi6iiAdA\"]}]}<\/script>\n<meta property=\"product:price:currency\" content=\"GBP\" \/>\n<meta property=\"og:availability\" content=\"instock\" \/>\n<meta property=\"product:availability\" content=\"instock\" \/>\n<meta property=\"product:condition\" content=\"new\" \/>\n<!-- \/ Yoast SEO Premium plugin. -->","yoast_head_json":{"title":"SpringFerm\u2122 NAB - Soluci\u00f3n para bases alcoh\u00f3licas neutras - Fermentis","description":"SpringFerm\u2122 NAB es una mezcla de minerales y vitaminas para crear bebidas neutras a base de alcohol, como los hard seltzers y otras bebidas.","robots":{"index":"index","follow":"follow","max-snippet":"max-snippet:-1","max-image-preview":"max-image-preview:large","max-video-preview":"max-video-preview:-1"},"canonical":"https:\/\/fermentis.com\/es\/producto\/springferm-nab\/","og_locale":"es_ES","og_type":"article","og_title":"SpringFerm\u2122 NAB","og_description":"SpringFerm\u2122 NAB es una mezcla de minerales y vitaminas para crear bebidas neutras a base de alcohol, como los hard seltzers y otras bebidas.","og_url":"https:\/\/fermentis.com\/es\/producto\/springferm-nab\/","og_site_name":"Fermentis","article_publisher":"https:\/\/www.facebook.com\/Fermentis","article_modified_time":"2026-04-18T23:52:37+00:00","og_image":[{"width":1200,"height":1200,"url":"https:\/\/fermentis.com\/wp-content\/uploads\/2020\/11\/springferm-nab.jpg","type":"image\/jpeg"}],"twitter_card":"summary_large_image","twitter_site":"@fermentis","twitter_misc":{"Precio":"","Disponibilidad":"Disponible"},"schema":{"@context":"https:\/\/schema.org","@graph":[{"@type":"WebPage","@id":"https:\/\/fermentis.com\/es\/producto\/springferm-nab\/","url":"https:\/\/fermentis.com\/es\/producto\/springferm-nab\/","name":"SpringFerm\u2122 NAB - Soluci\u00f3n para bases alcoh\u00f3licas neutras - Fermentis","isPartOf":{"@id":"https:\/\/fermentis.com\/es\/#website"},"primaryImageOfPage":{"@id":"https:\/\/fermentis.com\/es\/producto\/springferm-nab\/#primaryimage"},"image":{"@id":"https:\/\/fermentis.com\/es\/producto\/springferm-nab\/#primaryimage"},"thumbnailUrl":"https:\/\/fermentis.com\/wp-content\/uploads\/2020\/11\/springferm-nab.jpg","datePublished":"2020-11-20T08:51:59+00:00","dateModified":"2026-04-18T23:52:37+00:00","description":"SpringFerm\u2122 NAB es una mezcla de minerales y vitaminas para crear bebidas neutras a base de alcohol, como los hard seltzers y otras bebidas.","breadcrumb":{"@id":"https:\/\/fermentis.com\/es\/producto\/springferm-nab\/#breadcrumb"},"inLanguage":"es","potentialAction":[{"@type":"ReadAction","target":["https:\/\/fermentis.com\/es\/producto\/springferm-nab\/"]}]},{"@type":"ImageObject","inLanguage":"es","@id":"https:\/\/fermentis.com\/es\/producto\/springferm-nab\/#primaryimage","url":"https:\/\/fermentis.com\/wp-content\/uploads\/2020\/11\/springferm-nab.jpg","contentUrl":"https:\/\/fermentis.com\/wp-content\/uploads\/2020\/11\/springferm-nab.jpg","width":1200,"height":1200},{"@type":"BreadcrumbList","@id":"https:\/\/fermentis.com\/es\/producto\/springferm-nab\/#breadcrumb","itemListElement":[{"@type":"ListItem","position":1,"name":"Home","item":"https:\/\/fermentis.com\/es\/"},{"@type":"ListItem","position":2,"name":"Productos"},{"@type":"ListItem","position":3,"name":"Other beverages","item":"https:\/\/fermentis.com\/es\/fermentation\/other-beverages-es\/"},{"@type":"ListItem","position":4,"name":"SpringFerm\u2122 NAB"}]},{"@type":"WebSite","@id":"https:\/\/fermentis.com\/es\/#website","url":"https:\/\/fermentis.com\/es\/","name":"Fermentis","description":"Un site utilisant WordPress","publisher":{"@id":"https:\/\/fermentis.com\/es\/#organization"},"potentialAction":[{"@type":"SearchAction","target":{"@type":"EntryPoint","urlTemplate":"https:\/\/fermentis.com\/es\/?s={search_term_string}"},"query-input":{"@type":"PropertyValueSpecification","valueRequired":true,"valueName":"search_term_string"}}],"inLanguage":"es"},{"@type":"Organization","@id":"https:\/\/fermentis.com\/es\/#organization","name":"Fermentis","url":"https:\/\/fermentis.com\/es\/","logo":{"@type":"ImageObject","inLanguage":"es","@id":"https:\/\/fermentis.com\/es\/#\/schema\/logo\/image\/","url":"https:\/\/fermentis.com\/wp-content\/uploads\/2021\/07\/Logo-Fermentis-5.png","contentUrl":"https:\/\/fermentis.com\/wp-content\/uploads\/2021\/07\/Logo-Fermentis-5.png","width":308,"height":95,"caption":"Fermentis"},"image":{"@id":"https:\/\/fermentis.com\/es\/#\/schema\/logo\/image\/"},"sameAs":["https:\/\/www.facebook.com\/Fermentis","https:\/\/x.com\/fermentis","https:\/\/www.instagram.com\/fermentisbylesaffre\/","https:\/\/www.linkedin.com\/company\/fermentis\/","https:\/\/www.youtube.com\/channel\/UCt_Lp3IZnUNXZeqSi6iiAdA"]}]},"product_price_currency":"GBP","og_availability":"instock","product_availability":"instock","product_condition":"new"},"_links":{"self":[{"href":"https:\/\/fermentis.com\/es\/wp-json\/wp\/v2\/product\/41821","targetHints":{"allow":["GET"]}}],"collection":[{"href":"https:\/\/fermentis.com\/es\/wp-json\/wp\/v2\/product"}],"about":[{"href":"https:\/\/fermentis.com\/es\/wp-json\/wp\/v2\/types\/product"}],"replies":[{"embeddable":true,"href":"https:\/\/fermentis.com\/es\/wp-json\/wp\/v2\/comments?post=41821"}],"wp:featuredmedia":[{"embeddable":true,"href":"https:\/\/fermentis.com\/es\/wp-json\/wp\/v2\/media\/41822"}],"wp:attachment":[{"href":"https:\/\/fermentis.com\/es\/wp-json\/wp\/v2\/media?parent=41821"}],"wp:term":[{"taxonomy":"product_brand","embeddable":true,"href":"https:\/\/fermentis.com\/es\/wp-json\/wp\/v2\/product_brand?post=41821"},{"taxonomy":"product_cat","embeddable":true,"href":"https:\/\/fermentis.com\/es\/wp-json\/wp\/v2\/product_cat?post=41821"},{"taxonomy":"product_tag","embeddable":true,"href":"https:\/\/fermentis.com\/es\/wp-json\/wp\/v2\/product_tag?post=41821"}],"curies":[{"name":"wp","href":"https:\/\/api.w.org\/{rel}","templated":true}]}}