{"id":41903,"date":"2020-06-28T00:00:00","date_gmt":"2020-06-27T22:00:00","guid":{"rendered":"https:\/\/fermentis.com\/product\/safkvas-c-73\/"},"modified":"2026-01-29T16:59:19","modified_gmt":"2026-01-29T15:59:19","slug":"safkvas-c-73","status":"publish","type":"product","link":"https:\/\/fermentis.com\/es\/producto\/safkvas-c-73\/","title":{"rendered":"SafKvas\u2122 C-73"},"content":{"rendered":"<div class=\"container section-title-container\" ><h2 class=\"section-title section-title-center\"><b aria-hidden=\"true\"><\/b><span class=\"section-title-main\" style=\"font-size:115%;\">Para la producci\u00f3n de Kvas a partir de sustratos de cereales o frutas<\/span><b aria-hidden=\"true\"><\/b><\/h2><\/div>\n<p>Las levaduras secas presentan buenos resultados en cuanto a actividad fermentativa, sedimentaci\u00f3n, filtrabilidad\/clarificaci\u00f3n, viabilidad de la poblaci\u00f3n celular y producci\u00f3n de acidez total. Sobre sustrato de cereales o frutas SafKvas\u2122 C-73 produce un perfil organol\u00e9ptico equilibrado con compuestos arom\u00e1ticos t\u00edpicos que confieren un car\u00e1cter agradable a la bebida.<\/p>\n<p>&nbsp;<\/p>\n<p><strong>Ingredientes:<\/strong> Levadura (Saccharomyces cerevisiae), emulgente E491<\/p>\n\t<div id=\"gap-1598390550\" class=\"gap-element clearfix\" style=\"display:block; height:auto;\">\n\t\t\n<style>\n#gap-1598390550 {\n  padding-top: 30px;\n}\n<\/style>\n\t<\/div>\n\t\n\n\t\t<div class=\"tabbed-content\">\n\t\t\t\n\t\t\t<ul class=\"nav nav-tabs nav-uppercase nav-size-normal nav-left\" role=\"tablist\"><li id=\"tab-dosificaci\u00f3n-y-modo-de-empleo\" class=\"tab active has-icon\" role=\"presentation\"><a href=\"#tab_dosificaci\u00f3n-y-modo-de-empleo\" role=\"tab\" aria-selected=\"true\" aria-controls=\"tab_dosificaci\u00f3n-y-modo-de-empleo\"><span>Dosificaci\u00f3n y modo de empleo<\/span><\/a><\/li>\n<li id=\"tab-almacenamiento;-vida-\u00fatil\" class=\"tab has-icon\" role=\"presentation\"><a href=\"#tab_almacenamiento;-vida-\u00fatil\" tabindex=\"-1\" role=\"tab\" aria-selected=\"false\" aria-controls=\"tab_almacenamiento;-vida-\u00fatil\"><span>Almacenamiento; vida \u00fatil<\/span><\/a><\/li>\n<li id=\"tab-caracter\u00edsticas-t\u00e9cnicas\" class=\"tab has-icon\" role=\"presentation\"><a href=\"#tab_caracter\u00edsticas-t\u00e9cnicas\" tabindex=\"-1\" role=\"tab\" aria-selected=\"false\" aria-controls=\"tab_caracter\u00edsticas-t\u00e9cnicas\"><span>Caracter\u00edsticas t\u00e9cnicas<\/span><\/a><\/li><\/ul><div class=\"tab-panels\"><div id=\"tab_dosificaci\u00f3n-y-modo-de-empleo\" class=\"panel active entry-content\" role=\"tabpanel\" aria-labelledby=\"tab-dosificaci\u00f3n-y-modo-de-empleo\">\n<p><b>DOSIFICACI\u00d3N<\/b><\/p>\n<p>10-60 g\/hl de mosto seg\u00fan el proceso espec\u00edfico<\/p>\n<p><b>TEMPERATURA<\/b><\/p>\n<p>25 \u00b0C+\/-5 \u00b0C<\/p>\n<p><b>MODO DE USO<\/b><\/p>\n<p>La levadura seca puede ser inoculada directamente en el recipiente de fermentaci\u00f3n. En forma progresiva, espolvorear la levadura seca sobre el mosto a 25 \u00b0C +\/- 5 \u00b0C y asegurarse de que cubra toda la superficie disponible para evitar la formaci\u00f3n de grumos. Dejarla reposar de 15 a 30 minutos y, a continuaci\u00f3n, mezclar el mosto. Alternativamente, la levadura seca puede rehidratarse en un tanque separado espolvore\u00e1ndola en un volumen de mosto o agua equivalente a 10 veces su propio peso. Cuando la levadura se haya reconstituido en forma de crema (de 15 a 30 minutos), seguir mezclando durante otros 30 minutos. Al concluir, la crema de levadura queda lista para ser inoculada en el recipiente de fermentaci\u00f3n.<\/p>\n<p><b>PACKAGING<\/b><\/p>\n<p>Caja de cart\u00f3n conteniendo un paquete de 10 kg envasado al vac\u00edo.<\/p>\n<\/div>\n<div id=\"tab_almacenamiento;-vida-\u00fatil\" class=\"panel entry-content\" role=\"tabpanel\" aria-labelledby=\"tab-almacenamiento;-vida-\u00fatil\">\n<p><b>ALMACENAMIENTO<\/b><\/p>\n<p>&nbsp;<\/p>\n<p>Durante el transporte: El producto puede transportarse y almacenarse a temperatura ambiente durante per\u00edodos de tiempo no superiores a 3 meses sin verse afectada su performance. En destino final: Almacenar en lugar fresco y seco. Los sobres abiertos deben precintarse y conservarse a 4 \u00b0C y utilizarse dentro de los 7 d\u00edas siguientes a su apertura. No utilizar sobres blandos o da\u00f1ados.<\/p>\n<p>&nbsp;<\/p>\n<p><b>VIDA \u00daTIL<\/b><\/p>\n<p>&nbsp;<\/p>\n<p>Consultar la fecha de caducidad indicada en el empaque. 36 meses a partir de la fecha de producci\u00f3n en las condiciones de almacenamiento recomendadas.<\/p>\n<\/div>\n<div id=\"tab_caracter\u00edsticas-t\u00e9cnicas\" class=\"panel entry-content\" role=\"tabpanel\" aria-labelledby=\"tab-caracter\u00edsticas-t\u00e9cnicas\">\n<p>CARACTER\u00cdSTICAS F\u00cdSICO-QU\u00cdMICAS<\/p>\n<table style=\"height: 249px\" width=\"384\" cellspacing=\"0\" cellpadding=\"0\">\n<tbody>\n<tr>\n<td valign=\"top\">% de materia seca:<\/td>\n<td valign=\"top\">94,0 &#8211; 96,5<\/td>\n<\/tr>\n<tr>\n<td valign=\"top\">Prote\u00ednas:<\/td>\n<td valign=\"top\">47 \u00b1 8%<\/td>\n<\/tr>\n<tr>\n<td valign=\"top\">Gl\u00facidos:<\/td>\n<td valign=\"top\">37 \u00b1 5%<\/td>\n<\/tr>\n<tr>\n<td valign=\"top\">L\u00edpidos:<\/td>\n<td valign=\"top\">7 \u00b1 2%<\/td>\n<\/tr>\n<tr>\n<td valign=\"top\">Energ\u00eda:<\/td>\n<td valign=\"top\">350 \u00b1 50 Kcal por cada 100 g<\/td>\n<\/tr>\n<\/tbody>\n<\/table>\n<p>CARACTER\u00cdSTICAS MICROBIOL\u00d3GICAS<\/p>\n<table cellspacing=\"0\" cellpadding=\"0\">\n<tbody>\n<tr>\n<td valign=\"top\">C\u00e9lulas viables al envasado:<\/td>\n<td valign=\"top\">&gt; 20 x 10<sup>9<\/sup> \/ gramo<\/td>\n<\/tr>\n<tr>\n<td valign=\"top\">Microorganismos pat\u00f3genos:<\/td>\n<td valign=\"top\">de conformidad con la regulaci\u00f3n<\/td>\n<\/tr>\n<\/tbody>\n<\/table>\n<p>AL\u00c9RGENOS: Este producto cumple la Directiva 2003-89-CE sobre al\u00e9rgenos.<\/p>\n<\/div><\/div><\/div>\n\t<div id=\"gap-1263423956\" class=\"gap-element clearfix\" style=\"display:block; height:auto;\">\n\t\t\n<style>\n#gap-1263423956 {\n  padding-top: 30px;\n}\n<\/style>\n\t<\/div>\n\t\n","protected":false},"excerpt":{"rendered":"<p>Para la producci\u00f3n de Kvas a partir de sustratos de cereales o frutas<\/p>\n","protected":false},"featured_media":41905,"comment_status":"closed","ping_status":"closed","template":"","meta":{"_acf_changed":false},"product_brand":[],"product_cat":[2966,1958],"product_tag":[2072,2073],"class_list":{"0":"post-41903","1":"product","2":"type-product","3":"status-publish","4":"has-post-thumbnail","6":"product_cat-kvas-es","7":"product_cat-other-beverages-es","8":"product_tag-c-73-es","9":"product_tag-c73-es","11":"first","12":"instock","13":"shipping-taxable","14":"product-type-simple"},"acf":[],"yoast_head":"<!-- This site is optimized with the Yoast SEO Premium plugin v27.3 (Yoast SEO v27.3) - https:\/\/yoast.com\/product\/yoast-seo-premium-wordpress\/ -->\n<title>SafKvas\u2122 C-73 - Levadura para la producci\u00f3n de Kvas - Fermentis<\/title>\n<meta name=\"description\" content=\"La levadura SafKvas\u2122 C-73 de Fermentis es ideal para la producci\u00f3n de Kvas a partir de sustratos de cereales o frutas. Su equilibrado perfil organol\u00e9ptico confiere un agradable car\u00e1cter a la bebida\" \/>\n<meta name=\"robots\" content=\"index, follow, max-snippet:-1, max-image-preview:large, max-video-preview:-1\" \/>\n<link rel=\"canonical\" href=\"https:\/\/fermentis.com\/es\/producto\/safkvas-c-73\/\" \/>\n<meta property=\"og:locale\" content=\"es_ES\" \/>\n<meta property=\"og:type\" content=\"article\" \/>\n<meta property=\"og:title\" content=\"SafKvas\u2122 C-73\" \/>\n<meta property=\"og:description\" content=\"La levadura SafKvas\u2122 C-73 de Fermentis es ideal para la producci\u00f3n de Kvas a partir de sustratos de cereales o frutas. Su equilibrado perfil organol\u00e9ptico confiere un agradable car\u00e1cter a la bebida\" \/>\n<meta property=\"og:url\" content=\"https:\/\/fermentis.com\/es\/producto\/safkvas-c-73\/\" \/>\n<meta property=\"og:site_name\" content=\"Fermentis\" \/>\n<meta property=\"article:publisher\" content=\"https:\/\/www.facebook.com\/Fermentis\" \/>\n<meta property=\"article:modified_time\" content=\"2026-01-29T15:59:19+00:00\" \/>\n<meta property=\"og:image\" content=\"https:\/\/fermentis.com\/wp-content\/uploads\/2020\/06\/packshot-safkvas.jpg\" \/>\n\t<meta property=\"og:image:width\" content=\"1200\" \/>\n\t<meta property=\"og:image:height\" content=\"1200\" \/>\n\t<meta property=\"og:image:type\" content=\"image\/jpeg\" \/>\n<meta name=\"twitter:card\" content=\"summary_large_image\" \/>\n<meta name=\"twitter:site\" content=\"@fermentis\" \/>\n<meta name=\"twitter:label1\" content=\"Precio\" \/>\n\t<meta name=\"twitter:data1\" content=\"\" \/>\n\t<meta name=\"twitter:label2\" content=\"Disponibilidad\" \/>\n\t<meta name=\"twitter:data2\" content=\"Disponible\" \/>\n<script type=\"application\/ld+json\" class=\"yoast-schema-graph\">{\"@context\":\"https:\\\/\\\/schema.org\",\"@graph\":[{\"@type\":\"WebPage\",\"@id\":\"https:\\\/\\\/fermentis.com\\\/es\\\/producto\\\/safkvas-c-73\\\/\",\"url\":\"https:\\\/\\\/fermentis.com\\\/es\\\/producto\\\/safkvas-c-73\\\/\",\"name\":\"SafKvas\u2122 C-73 - Levadura para la producci\u00f3n de Kvas - Fermentis\",\"isPartOf\":{\"@id\":\"https:\\\/\\\/fermentis.com\\\/es\\\/#website\"},\"primaryImageOfPage\":{\"@id\":\"https:\\\/\\\/fermentis.com\\\/es\\\/producto\\\/safkvas-c-73\\\/#primaryimage\"},\"image\":{\"@id\":\"https:\\\/\\\/fermentis.com\\\/es\\\/producto\\\/safkvas-c-73\\\/#primaryimage\"},\"thumbnailUrl\":\"https:\\\/\\\/fermentis.com\\\/wp-content\\\/uploads\\\/2020\\\/06\\\/packshot-safkvas.jpg\",\"datePublished\":\"2020-06-27T22:00:00+00:00\",\"dateModified\":\"2026-01-29T15:59:19+00:00\",\"description\":\"La levadura SafKvas\u2122 C-73 de Fermentis es ideal para la producci\u00f3n de Kvas a partir de sustratos de cereales o frutas. Su equilibrado perfil organol\u00e9ptico confiere un agradable car\u00e1cter a la bebida\",\"breadcrumb\":{\"@id\":\"https:\\\/\\\/fermentis.com\\\/es\\\/producto\\\/safkvas-c-73\\\/#breadcrumb\"},\"inLanguage\":\"es\",\"potentialAction\":[{\"@type\":\"ReadAction\",\"target\":[\"https:\\\/\\\/fermentis.com\\\/es\\\/producto\\\/safkvas-c-73\\\/\"]}]},{\"@type\":\"ImageObject\",\"inLanguage\":\"es\",\"@id\":\"https:\\\/\\\/fermentis.com\\\/es\\\/producto\\\/safkvas-c-73\\\/#primaryimage\",\"url\":\"https:\\\/\\\/fermentis.com\\\/wp-content\\\/uploads\\\/2020\\\/06\\\/packshot-safkvas.jpg\",\"contentUrl\":\"https:\\\/\\\/fermentis.com\\\/wp-content\\\/uploads\\\/2020\\\/06\\\/packshot-safkvas.jpg\",\"width\":1200,\"height\":1200},{\"@type\":\"BreadcrumbList\",\"@id\":\"https:\\\/\\\/fermentis.com\\\/es\\\/producto\\\/safkvas-c-73\\\/#breadcrumb\",\"itemListElement\":[{\"@type\":\"ListItem\",\"position\":1,\"name\":\"Home\",\"item\":\"https:\\\/\\\/fermentis.com\\\/es\\\/\"},{\"@type\":\"ListItem\",\"position\":2,\"name\":\"Productos\"},{\"@type\":\"ListItem\",\"position\":3,\"name\":\"Other beverages\",\"item\":\"https:\\\/\\\/fermentis.com\\\/es\\\/fermentation\\\/other-beverages-es\\\/\"},{\"@type\":\"ListItem\",\"position\":4,\"name\":\"SafKvas\u2122 C-73\"}]},{\"@type\":\"WebSite\",\"@id\":\"https:\\\/\\\/fermentis.com\\\/es\\\/#website\",\"url\":\"https:\\\/\\\/fermentis.com\\\/es\\\/\",\"name\":\"Fermentis\",\"description\":\"Un site utilisant WordPress\",\"publisher\":{\"@id\":\"https:\\\/\\\/fermentis.com\\\/es\\\/#organization\"},\"potentialAction\":[{\"@type\":\"SearchAction\",\"target\":{\"@type\":\"EntryPoint\",\"urlTemplate\":\"https:\\\/\\\/fermentis.com\\\/es\\\/?s={search_term_string}\"},\"query-input\":{\"@type\":\"PropertyValueSpecification\",\"valueRequired\":true,\"valueName\":\"search_term_string\"}}],\"inLanguage\":\"es\"},{\"@type\":\"Organization\",\"@id\":\"https:\\\/\\\/fermentis.com\\\/es\\\/#organization\",\"name\":\"Fermentis\",\"url\":\"https:\\\/\\\/fermentis.com\\\/es\\\/\",\"logo\":{\"@type\":\"ImageObject\",\"inLanguage\":\"es\",\"@id\":\"https:\\\/\\\/fermentis.com\\\/es\\\/#\\\/schema\\\/logo\\\/image\\\/\",\"url\":\"https:\\\/\\\/fermentis.com\\\/wp-content\\\/uploads\\\/2021\\\/07\\\/Logo-Fermentis-5.png\",\"contentUrl\":\"https:\\\/\\\/fermentis.com\\\/wp-content\\\/uploads\\\/2021\\\/07\\\/Logo-Fermentis-5.png\",\"width\":308,\"height\":95,\"caption\":\"Fermentis\"},\"image\":{\"@id\":\"https:\\\/\\\/fermentis.com\\\/es\\\/#\\\/schema\\\/logo\\\/image\\\/\"},\"sameAs\":[\"https:\\\/\\\/www.facebook.com\\\/Fermentis\",\"https:\\\/\\\/x.com\\\/fermentis\",\"https:\\\/\\\/www.instagram.com\\\/fermentisbylesaffre\\\/\",\"https:\\\/\\\/www.linkedin.com\\\/company\\\/fermentis\\\/\",\"https:\\\/\\\/www.youtube.com\\\/channel\\\/UCt_Lp3IZnUNXZeqSi6iiAdA\"]}]}<\/script>\n<meta property=\"product:price:currency\" content=\"GBP\" \/>\n<meta property=\"og:availability\" content=\"instock\" \/>\n<meta property=\"product:availability\" content=\"instock\" \/>\n<meta property=\"product:condition\" content=\"new\" \/>\n<!-- \/ Yoast SEO Premium plugin. -->","yoast_head_json":{"title":"SafKvas\u2122 C-73 - Levadura para la producci\u00f3n de Kvas - Fermentis","description":"La levadura SafKvas\u2122 C-73 de Fermentis es ideal para la producci\u00f3n de Kvas a partir de sustratos de cereales o frutas. Su equilibrado perfil organol\u00e9ptico confiere un agradable car\u00e1cter a la bebida","robots":{"index":"index","follow":"follow","max-snippet":"max-snippet:-1","max-image-preview":"max-image-preview:large","max-video-preview":"max-video-preview:-1"},"canonical":"https:\/\/fermentis.com\/es\/producto\/safkvas-c-73\/","og_locale":"es_ES","og_type":"article","og_title":"SafKvas\u2122 C-73","og_description":"La levadura SafKvas\u2122 C-73 de Fermentis es ideal para la producci\u00f3n de Kvas a partir de sustratos de cereales o frutas. Su equilibrado perfil organol\u00e9ptico confiere un agradable car\u00e1cter a la bebida","og_url":"https:\/\/fermentis.com\/es\/producto\/safkvas-c-73\/","og_site_name":"Fermentis","article_publisher":"https:\/\/www.facebook.com\/Fermentis","article_modified_time":"2026-01-29T15:59:19+00:00","og_image":[{"width":1200,"height":1200,"url":"https:\/\/fermentis.com\/wp-content\/uploads\/2020\/06\/packshot-safkvas.jpg","type":"image\/jpeg"}],"twitter_card":"summary_large_image","twitter_site":"@fermentis","twitter_misc":{"Precio":"","Disponibilidad":"Disponible"},"schema":{"@context":"https:\/\/schema.org","@graph":[{"@type":"WebPage","@id":"https:\/\/fermentis.com\/es\/producto\/safkvas-c-73\/","url":"https:\/\/fermentis.com\/es\/producto\/safkvas-c-73\/","name":"SafKvas\u2122 C-73 - Levadura para la producci\u00f3n de Kvas - Fermentis","isPartOf":{"@id":"https:\/\/fermentis.com\/es\/#website"},"primaryImageOfPage":{"@id":"https:\/\/fermentis.com\/es\/producto\/safkvas-c-73\/#primaryimage"},"image":{"@id":"https:\/\/fermentis.com\/es\/producto\/safkvas-c-73\/#primaryimage"},"thumbnailUrl":"https:\/\/fermentis.com\/wp-content\/uploads\/2020\/06\/packshot-safkvas.jpg","datePublished":"2020-06-27T22:00:00+00:00","dateModified":"2026-01-29T15:59:19+00:00","description":"La levadura SafKvas\u2122 C-73 de Fermentis es ideal para la producci\u00f3n de Kvas a partir de sustratos de cereales o frutas. Su equilibrado perfil organol\u00e9ptico confiere un agradable car\u00e1cter a la bebida","breadcrumb":{"@id":"https:\/\/fermentis.com\/es\/producto\/safkvas-c-73\/#breadcrumb"},"inLanguage":"es","potentialAction":[{"@type":"ReadAction","target":["https:\/\/fermentis.com\/es\/producto\/safkvas-c-73\/"]}]},{"@type":"ImageObject","inLanguage":"es","@id":"https:\/\/fermentis.com\/es\/producto\/safkvas-c-73\/#primaryimage","url":"https:\/\/fermentis.com\/wp-content\/uploads\/2020\/06\/packshot-safkvas.jpg","contentUrl":"https:\/\/fermentis.com\/wp-content\/uploads\/2020\/06\/packshot-safkvas.jpg","width":1200,"height":1200},{"@type":"BreadcrumbList","@id":"https:\/\/fermentis.com\/es\/producto\/safkvas-c-73\/#breadcrumb","itemListElement":[{"@type":"ListItem","position":1,"name":"Home","item":"https:\/\/fermentis.com\/es\/"},{"@type":"ListItem","position":2,"name":"Productos"},{"@type":"ListItem","position":3,"name":"Other beverages","item":"https:\/\/fermentis.com\/es\/fermentation\/other-beverages-es\/"},{"@type":"ListItem","position":4,"name":"SafKvas\u2122 C-73"}]},{"@type":"WebSite","@id":"https:\/\/fermentis.com\/es\/#website","url":"https:\/\/fermentis.com\/es\/","name":"Fermentis","description":"Un site utilisant WordPress","publisher":{"@id":"https:\/\/fermentis.com\/es\/#organization"},"potentialAction":[{"@type":"SearchAction","target":{"@type":"EntryPoint","urlTemplate":"https:\/\/fermentis.com\/es\/?s={search_term_string}"},"query-input":{"@type":"PropertyValueSpecification","valueRequired":true,"valueName":"search_term_string"}}],"inLanguage":"es"},{"@type":"Organization","@id":"https:\/\/fermentis.com\/es\/#organization","name":"Fermentis","url":"https:\/\/fermentis.com\/es\/","logo":{"@type":"ImageObject","inLanguage":"es","@id":"https:\/\/fermentis.com\/es\/#\/schema\/logo\/image\/","url":"https:\/\/fermentis.com\/wp-content\/uploads\/2021\/07\/Logo-Fermentis-5.png","contentUrl":"https:\/\/fermentis.com\/wp-content\/uploads\/2021\/07\/Logo-Fermentis-5.png","width":308,"height":95,"caption":"Fermentis"},"image":{"@id":"https:\/\/fermentis.com\/es\/#\/schema\/logo\/image\/"},"sameAs":["https:\/\/www.facebook.com\/Fermentis","https:\/\/x.com\/fermentis","https:\/\/www.instagram.com\/fermentisbylesaffre\/","https:\/\/www.linkedin.com\/company\/fermentis\/","https:\/\/www.youtube.com\/channel\/UCt_Lp3IZnUNXZeqSi6iiAdA"]}]},"product_price_currency":"GBP","og_availability":"instock","product_availability":"instock","product_condition":"new"},"_links":{"self":[{"href":"https:\/\/fermentis.com\/es\/wp-json\/wp\/v2\/product\/41903","targetHints":{"allow":["GET"]}}],"collection":[{"href":"https:\/\/fermentis.com\/es\/wp-json\/wp\/v2\/product"}],"about":[{"href":"https:\/\/fermentis.com\/es\/wp-json\/wp\/v2\/types\/product"}],"replies":[{"embeddable":true,"href":"https:\/\/fermentis.com\/es\/wp-json\/wp\/v2\/comments?post=41903"}],"wp:featuredmedia":[{"embeddable":true,"href":"https:\/\/fermentis.com\/es\/wp-json\/wp\/v2\/media\/41905"}],"wp:attachment":[{"href":"https:\/\/fermentis.com\/es\/wp-json\/wp\/v2\/media?parent=41903"}],"wp:term":[{"taxonomy":"product_brand","embeddable":true,"href":"https:\/\/fermentis.com\/es\/wp-json\/wp\/v2\/product_brand?post=41903"},{"taxonomy":"product_cat","embeddable":true,"href":"https:\/\/fermentis.com\/es\/wp-json\/wp\/v2\/product_cat?post=41903"},{"taxonomy":"product_tag","embeddable":true,"href":"https:\/\/fermentis.com\/es\/wp-json\/wp\/v2\/product_tag?post=41903"}],"curies":[{"name":"wp","href":"https:\/\/api.w.org\/{rel}","templated":true}]}}