{"id":41946,"date":"2020-05-04T00:00:00","date_gmt":"2020-05-03T22:00:00","guid":{"rendered":"https:\/\/fermentis.com\/product\/springfiner\/"},"modified":"2026-03-31T13:30:48","modified_gmt":"2026-03-31T11:30:48","slug":"springfiner","status":"publish","type":"product","link":"https:\/\/fermentis.com\/es\/producto\/springfiner\/","title":{"rendered":"Spring&#8217;Finer\u2122"},"content":{"rendered":"<div class=\"container section-title-container\" ><h2 class=\"section-title section-title-center\"><b aria-hidden=\"true\"><\/b><span class=\"section-title-main\" style=\"font-size:115%;\">EL INNOVADOR AGENTE CLARIFICANTE DERIVADO DE LA LEVADURA<\/span><b aria-hidden=\"true\"><\/b><\/h2><\/div>\n<p>El extracto proteico <strong>Spring&#039;Finer\u2122<\/strong> es producido exclusivamente a partir de levaduras, por lo tanto es libre de al\u00e9rgenos y puede considerarse como el \u00fanico agente fining que es totalmente integrado en la elaboraci\u00f3n del vino.<\/p>\n<p>\u2192 Para afinar antes del embotellado vinos tintos y blancos premium criados en barrica.<\/p>\n<p>\u2192 Para mostos y vinos con mucho prensado, con el fin de eliminar los taninos m\u00e1s astringentes.<\/p>\n\t<div id=\"gap-385343743\" class=\"gap-element clearfix\" style=\"display:block; height:auto;\">\n\t\t\n<style>\n#gap-385343743 {\n  padding-top: 30px;\n}\n<\/style>\n\t<\/div>\n\t\n<div class=\"container section-title-container\" ><h3 class=\"section-title section-title-center\"><b aria-hidden=\"true\"><\/b><span class=\"section-title-main\" style=\"font-size:115%;\">Caracter\u00edsticas t\u00e9cnicas de SPRING&#039;FINER\u2122<\/span><b aria-hidden=\"true\"><\/b><\/h3><\/div>\n\n\t\t<div class=\"tabbed-content\">\n\t\t\t\n\t\t\t<ul class=\"nav nav-tabs nav-uppercase nav-size-normal nav-left\" role=\"tablist\"><li id=\"tab-aplicaci\u00f3n\" class=\"tab active has-icon\" role=\"presentation\"><a href=\"#tab_aplicaci\u00f3n\" role=\"tab\" aria-selected=\"true\" aria-controls=\"tab_aplicaci\u00f3n\"><span>Aplicaci\u00f3n<\/span><\/a><\/li>\n<li id=\"tab-propiedades\" class=\"tab has-icon\" role=\"presentation\"><a href=\"#tab_propiedades\" tabindex=\"-1\" role=\"tab\" aria-selected=\"false\" aria-controls=\"tab_propiedades\"><span>Propiedades<\/span><\/a><\/li>\n<li id=\"tab-dosificaci\u00f3n-y-composici\u00f3n\" class=\"tab has-icon\" role=\"presentation\"><a href=\"#tab_dosificaci\u00f3n-y-composici\u00f3n\" tabindex=\"-1\" role=\"tab\" aria-selected=\"false\" aria-controls=\"tab_dosificaci\u00f3n-y-composici\u00f3n\"><span>Dosificaci\u00f3n y composici\u00f3n<\/span><\/a><\/li>\n<li id=\"tab-presentaci\u00f3n-y-garant\u00eda\" class=\"tab has-icon\" role=\"presentation\"><a href=\"#tab_presentaci\u00f3n-y-garant\u00eda\" tabindex=\"-1\" role=\"tab\" aria-selected=\"false\" aria-controls=\"tab_presentaci\u00f3n-y-garant\u00eda\"><span>Presentaci\u00f3n y garant\u00eda<\/span><\/a><\/li><\/ul><div class=\"tab-panels\"><div id=\"tab_aplicaci\u00f3n\" class=\"panel active entry-content\" role=\"tabpanel\" aria-labelledby=\"tab-aplicaci\u00f3n\">\n<p>La enolog\u00eda moderna debe adaptarse a <strong>las nuevas exigencias en materia de seguridad de los consumidores<\/strong>, en particular a la presencia de sustancias alerg\u00e9nicas en los productos utilizados por los en\u00f3logos.<\/p>\n<p>Como consecuencia, el uso actual de productos derivados del huevo y la leche como agentes proteicos para el afinamiento, especialmente la alb\u00famina de huevo y la case\u00edna, est\u00e1 espec\u00edficamente controlado y puede ser objeto de un etiquetado especial de acuerdo con el Reglamento Europeo (UE) n\u00b0579\/2012.<\/p>\n<p>En este \u00e1mbito, <strong>Fermentis<\/strong>, en colaboraci\u00f3n con la empresa Sofralab, desarroll\u00f3 un <strong>proceso industrial \u00fanico que permite la extracci\u00f3n y la conservaci\u00f3n de prote\u00ednas nativas<\/strong> a partir de una cepa de levadura Saccharomyces cerevisiae espec\u00edficamente seleccionada, cuyas capacidades de afinamiento son notables.<\/p>\n<\/div>\n<div id=\"tab_propiedades\" class=\"panel entry-content\" role=\"tabpanel\" aria-labelledby=\"tab-propiedades\">\n<h4><strong>Clarificaci\u00f3n del vino<\/strong><\/h4>\n<p>Contrariamente a los extractos de levadura procedentes del proceso de aut\u00f3lisis de levaduras, que poseen un alto contenido de amino\u00e1cidos y peque\u00f1os p\u00e9ptidos, <strong>Spring&#039;Finer\u2122<\/strong> contiene prote\u00ednas de alto peso molecular (&gt;15kDa), cuya actividvad clarificante frente a las part\u00edculas que originan turbidez y los coloides presentes en los vinos es muy similar a la de otros agentes clarificantes proteicos.<\/p>\n<h4><strong>Disminuci\u00f3n de la astringencia y el amargor<\/strong><\/h4>\n<p><strong>Spring&#039;Finer\u2122<\/strong> precipita espec\u00edficamente los taninos m\u00e1s astringentes y amargos preservando la estructura del vino, disminuyendo as\u00ed su aspereza y mejorando la calidad organol\u00e9ptica.<\/p>\n<h4><strong>Estabilizaci\u00f3n frente a la oxidaci\u00f3n<\/strong><\/h4>\n<p><strong>Spring&#039;Finer\u2122<\/strong> elimina los polifenoles susceptibles a la oxidaci\u00f3n, contribuyendo as\u00ed a estabilizar los vinos tratados contra el pardeamiento.<\/p>\n<h4><strong>No desestabiliza prote\u00ednas<\/strong><\/h4>\n<p>Aunque <strong>Spring&#039;Finer\u2122<\/strong> se produce a partir de prote\u00ednas de levadura, no provoca ninguna desestabilizaci\u00f3n proteica en los vinos.<\/p>\n<h4><strong>P\u00e9rdidas limitadas de vino<\/strong><\/h4>\n<p>Tras la etapa de clarificaci\u00f3n, las l\u00edas obtenidas mediante el uso de <strong>Spring&#039;Finer\u2122<\/strong> son gruesas y compactas, lo que permite disminuir la p\u00e9rdida de vino trasegado y agregarle valor.<\/p>\n<\/div>\n<div id=\"tab_dosificaci\u00f3n-y-composici\u00f3n\" class=\"panel entry-content\" role=\"tabpanel\" aria-labelledby=\"tab-dosificaci\u00f3n-y-composici\u00f3n\">\n<h4><b>Dosificaci\u00f3n<\/b><\/h4>\n<p>Mostos: 5-20 g\/hl (l\u00edmite legal 30 g\/hl)<\/p>\n<p>Vinos tintos: 5-15 g\/hl (l\u00edmite legal 60 g\/hl)<\/p>\n<p>Vinos blancos y rosados: 1-5 g\/hl (l\u00edmite legal 30 g\/hl)<\/p>\n<p>Vertir <strong>Spring&#039;Finer\u2122<\/strong> en un volumen equivalente a 10 veces su peso de agua (nunca en vino), como m\u00e1ximo a 10-20 \u00b0C. Una vez disuelto completamente, mezclar e incorporar la soluci\u00f3n obtenida directamente al vino a trav\u00e9s de un conector adecuado. Homogeneizar el vino mediante un remontado sin aireaci\u00f3n.<\/p>\n<p>Advertencia: Los extractos proteicos de levadura est\u00e1n sujetos a un l\u00edmite de utilizaci\u00f3n de 30 a 60 g\/hl seg\u00fan la legislaci\u00f3n europea. Ver aqu\u00ed los l\u00edmites antes mencionados.<\/p>\n<h4><b>Composici\u00f3n<span class=\"Apple-converted-space\"> <\/span><\/b><\/h4>\n<p>Extracto proteico de levadura. NO OMG y NO AL\u00c9RGENO.<\/p>\n<\/div>\n<div id=\"tab_presentaci\u00f3n-y-garant\u00eda\" class=\"panel entry-content\" role=\"tabpanel\" aria-labelledby=\"tab-presentaci\u00f3n-y-garant\u00eda\">\n<h4>Embalaje<\/h4>\n<p>Caja de 24 paquetes envasados al vac\u00edo de 125 g cada uno (peso neto de la caja completa: 3 kg).<\/p>\n<h4>Garant\u00eda<\/h4>\n<p>Fermentis\u00ae garantiza un almacenamiento \u00f3ptimo de este producto durante 3 a\u00f1os, siempre que est\u00e9 en su envase original, a una temperatura m\u00e1xima de 20 \u00b0C y en ambiente seco.<\/p>\n<p>Fermentis garantiza que el producto cumple con el Codex Enol\u00f3gico Internacional hasta la fecha m\u00e1xima recomendada para su consumo, en las condiciones de almacenamiento mencionadas\u00a0anteriormente.<\/p>\n<p>Los activadores de fermentaci\u00f3n y los productos funcionales de Fermentis\u00ae se producen exclusivamente a partir de levaduras naturales. El know-how del grupo Lesaffre garantiza a los usuarios finales productos de alto rendimiento, tal y como exigen las aplicaciones enol\u00f3gicas modernas.<\/p>\n<\/div><\/div><\/div>\n\t<div id=\"gap-2121893983\" class=\"gap-element clearfix\" style=\"display:block; height:auto;\">\n\t\t\n<style>\n#gap-2121893983 {\n  padding-top: 30px;\n}\n<\/style>\n\t<\/div>\n\t\n<p><i>Los datos contenidos en esta ficha t\u00e9cnica son la transcripci\u00f3n exacta de nuestro conocimiento del producto en la fecha mencionada. Son propiedad exclusiva de Fermentis-Divisi\u00f3n de S.I.Lesaffre. Es responsabilidad del usuario asegurarse de que el uso de este producto concreto cumple la legislaci\u00f3n.<\/i><\/p>\n","protected":false},"excerpt":{"rendered":"<p>El innovador agente clarificante derivado de la levadura<\/p>\n","protected":false},"featured_media":41959,"comment_status":"closed","ping_status":"closed","template":"","meta":{"_acf_changed":false},"product_brand":[],"product_cat":[1374,2177,2178],"product_tag":[2179,2180],"class_list":{"0":"post-41946","1":"product","2":"type-product","3":"status-publish","4":"has-post-thumbnail","6":"product_cat-wine-making-es","7":"product_cat-functional-products-wine-es","8":"product_cat-springfiner-es-2","9":"product_tag-spring-finer-es","10":"product_tag-springfiner-es","12":"first","13":"instock","14":"shipping-taxable","15":"product-type-simple"},"acf":[],"yoast_head":"<!-- This site is optimized with the Yoast SEO Premium plugin v27.3 (Yoast SEO v27.3) - https:\/\/yoast.com\/product\/yoast-seo-premium-wordpress\/ -->\n<title>Spring&#039;Finer\u2122 - Producto enol\u00f3gico a base de levaduras para afinamiento - Fermentis<\/title>\n<meta name=\"description\" content=\"El producto funcional Fermentis Spring&#039;Finer\u2122 es ideal para vinos tintos y blancos premium, criados en barrica, para refinarlos antes del embotellado. Obtenga ayuda en nuestra aplicaci\u00f3n\" \/>\n<meta name=\"robots\" content=\"index, follow, max-snippet:-1, max-image-preview:large, max-video-preview:-1\" \/>\n<link rel=\"canonical\" href=\"https:\/\/fermentis.com\/es\/producto\/springfiner\/\" \/>\n<meta property=\"og:locale\" content=\"es_ES\" \/>\n<meta property=\"og:type\" content=\"article\" \/>\n<meta property=\"og:title\" content=\"Spring&#039;Finer\u2122\" \/>\n<meta property=\"og:description\" content=\"El producto funcional Fermentis Spring&#039;Finer\u2122 es ideal para vinos tintos y blancos premium, criados en barrica, para refinarlos antes del embotellado. Obtenga ayuda en nuestra aplicaci\u00f3n\" \/>\n<meta property=\"og:url\" content=\"https:\/\/fermentis.com\/es\/producto\/springfiner\/\" \/>\n<meta property=\"og:site_name\" content=\"Fermentis\" \/>\n<meta property=\"article:publisher\" content=\"https:\/\/www.facebook.com\/Fermentis\" \/>\n<meta property=\"article:modified_time\" content=\"2026-03-31T11:30:48+00:00\" \/>\n<meta property=\"og:image\" content=\"https:\/\/fermentis.com\/wp-content\/uploads\/2020\/05\/springfiner.jpg\" \/>\n\t<meta property=\"og:image:width\" content=\"1200\" \/>\n\t<meta property=\"og:image:height\" content=\"1200\" \/>\n\t<meta property=\"og:image:type\" content=\"image\/jpeg\" \/>\n<meta name=\"twitter:card\" content=\"summary_large_image\" \/>\n<meta name=\"twitter:site\" content=\"@fermentis\" \/>\n<meta name=\"twitter:label1\" content=\"Precio\" \/>\n\t<meta name=\"twitter:data1\" content=\"\" \/>\n\t<meta name=\"twitter:label2\" content=\"Disponibilidad\" \/>\n\t<meta name=\"twitter:data2\" content=\"Disponible\" \/>\n<script type=\"application\/ld+json\" class=\"yoast-schema-graph\">{\"@context\":\"https:\\\/\\\/schema.org\",\"@graph\":[{\"@type\":\"WebPage\",\"@id\":\"https:\\\/\\\/fermentis.com\\\/es\\\/producto\\\/springfiner\\\/\",\"url\":\"https:\\\/\\\/fermentis.com\\\/es\\\/producto\\\/springfiner\\\/\",\"name\":\"Spring'Finer\u2122 - Producto enol\u00f3gico a base de levaduras para afinamiento - Fermentis\",\"isPartOf\":{\"@id\":\"https:\\\/\\\/fermentis.com\\\/es\\\/#website\"},\"primaryImageOfPage\":{\"@id\":\"https:\\\/\\\/fermentis.com\\\/es\\\/producto\\\/springfiner\\\/#primaryimage\"},\"image\":{\"@id\":\"https:\\\/\\\/fermentis.com\\\/es\\\/producto\\\/springfiner\\\/#primaryimage\"},\"thumbnailUrl\":\"https:\\\/\\\/fermentis.com\\\/wp-content\\\/uploads\\\/2020\\\/05\\\/springfiner.jpg\",\"datePublished\":\"2020-05-03T22:00:00+00:00\",\"dateModified\":\"2026-03-31T11:30:48+00:00\",\"description\":\"El producto funcional Fermentis Spring'Finer\u2122 es ideal para vinos tintos y blancos premium, criados en barrica, para refinarlos antes del embotellado. Obtenga ayuda en nuestra aplicaci\u00f3n\",\"breadcrumb\":{\"@id\":\"https:\\\/\\\/fermentis.com\\\/es\\\/producto\\\/springfiner\\\/#breadcrumb\"},\"inLanguage\":\"es\",\"potentialAction\":[{\"@type\":\"ReadAction\",\"target\":[\"https:\\\/\\\/fermentis.com\\\/es\\\/producto\\\/springfiner\\\/\"]}]},{\"@type\":\"ImageObject\",\"inLanguage\":\"es\",\"@id\":\"https:\\\/\\\/fermentis.com\\\/es\\\/producto\\\/springfiner\\\/#primaryimage\",\"url\":\"https:\\\/\\\/fermentis.com\\\/wp-content\\\/uploads\\\/2020\\\/05\\\/springfiner.jpg\",\"contentUrl\":\"https:\\\/\\\/fermentis.com\\\/wp-content\\\/uploads\\\/2020\\\/05\\\/springfiner.jpg\",\"width\":1200,\"height\":1200},{\"@type\":\"BreadcrumbList\",\"@id\":\"https:\\\/\\\/fermentis.com\\\/es\\\/producto\\\/springfiner\\\/#breadcrumb\",\"itemListElement\":[{\"@type\":\"ListItem\",\"position\":1,\"name\":\"Home\",\"item\":\"https:\\\/\\\/fermentis.com\\\/es\\\/\"},{\"@type\":\"ListItem\",\"position\":2,\"name\":\"Productos\"},{\"@type\":\"ListItem\",\"position\":3,\"name\":\"Elaboraci\u00f3n de vino\",\"item\":\"https:\\\/\\\/fermentis.com\\\/es\\\/fermentation\\\/wine-making-es\\\/\"},{\"@type\":\"ListItem\",\"position\":4,\"name\":\"Productos funcionales para vino\",\"item\":\"https:\\\/\\\/fermentis.com\\\/es\\\/fermentation\\\/wine-making-es\\\/functional-products-wine-es\\\/\"},{\"@type\":\"ListItem\",\"position\":5,\"name\":\"Spring&#8217;Finer\u2122\"}]},{\"@type\":\"WebSite\",\"@id\":\"https:\\\/\\\/fermentis.com\\\/es\\\/#website\",\"url\":\"https:\\\/\\\/fermentis.com\\\/es\\\/\",\"name\":\"Fermentis\",\"description\":\"Un site utilisant WordPress\",\"publisher\":{\"@id\":\"https:\\\/\\\/fermentis.com\\\/es\\\/#organization\"},\"potentialAction\":[{\"@type\":\"SearchAction\",\"target\":{\"@type\":\"EntryPoint\",\"urlTemplate\":\"https:\\\/\\\/fermentis.com\\\/es\\\/?s={search_term_string}\"},\"query-input\":{\"@type\":\"PropertyValueSpecification\",\"valueRequired\":true,\"valueName\":\"search_term_string\"}}],\"inLanguage\":\"es\"},{\"@type\":\"Organization\",\"@id\":\"https:\\\/\\\/fermentis.com\\\/es\\\/#organization\",\"name\":\"Fermentis\",\"url\":\"https:\\\/\\\/fermentis.com\\\/es\\\/\",\"logo\":{\"@type\":\"ImageObject\",\"inLanguage\":\"es\",\"@id\":\"https:\\\/\\\/fermentis.com\\\/es\\\/#\\\/schema\\\/logo\\\/image\\\/\",\"url\":\"https:\\\/\\\/fermentis.com\\\/wp-content\\\/uploads\\\/2021\\\/07\\\/Logo-Fermentis-5.png\",\"contentUrl\":\"https:\\\/\\\/fermentis.com\\\/wp-content\\\/uploads\\\/2021\\\/07\\\/Logo-Fermentis-5.png\",\"width\":308,\"height\":95,\"caption\":\"Fermentis\"},\"image\":{\"@id\":\"https:\\\/\\\/fermentis.com\\\/es\\\/#\\\/schema\\\/logo\\\/image\\\/\"},\"sameAs\":[\"https:\\\/\\\/www.facebook.com\\\/Fermentis\",\"https:\\\/\\\/x.com\\\/fermentis\",\"https:\\\/\\\/www.instagram.com\\\/fermentisbylesaffre\\\/\",\"https:\\\/\\\/www.linkedin.com\\\/company\\\/fermentis\\\/\",\"https:\\\/\\\/www.youtube.com\\\/channel\\\/UCt_Lp3IZnUNXZeqSi6iiAdA\"]}]}<\/script>\n<meta property=\"product:price:currency\" content=\"GBP\" \/>\n<meta property=\"og:availability\" content=\"instock\" \/>\n<meta property=\"product:availability\" content=\"instock\" \/>\n<meta property=\"product:condition\" content=\"new\" \/>\n<!-- \/ Yoast SEO Premium plugin. -->","yoast_head_json":{"title":"Spring'Finer\u2122 - Producto enol\u00f3gico a base de levaduras para afinamiento - Fermentis","description":"El producto funcional Fermentis Spring'Finer\u2122 es ideal para vinos tintos y blancos premium, criados en barrica, para refinarlos antes del embotellado. Obtenga ayuda en nuestra aplicaci\u00f3n","robots":{"index":"index","follow":"follow","max-snippet":"max-snippet:-1","max-image-preview":"max-image-preview:large","max-video-preview":"max-video-preview:-1"},"canonical":"https:\/\/fermentis.com\/es\/producto\/springfiner\/","og_locale":"es_ES","og_type":"article","og_title":"Spring'Finer\u2122","og_description":"El producto funcional Fermentis Spring'Finer\u2122 es ideal para vinos tintos y blancos premium, criados en barrica, para refinarlos antes del embotellado. Obtenga ayuda en nuestra aplicaci\u00f3n","og_url":"https:\/\/fermentis.com\/es\/producto\/springfiner\/","og_site_name":"Fermentis","article_publisher":"https:\/\/www.facebook.com\/Fermentis","article_modified_time":"2026-03-31T11:30:48+00:00","og_image":[{"width":1200,"height":1200,"url":"https:\/\/fermentis.com\/wp-content\/uploads\/2020\/05\/springfiner.jpg","type":"image\/jpeg"}],"twitter_card":"summary_large_image","twitter_site":"@fermentis","twitter_misc":{"Precio":"","Disponibilidad":"Disponible"},"schema":{"@context":"https:\/\/schema.org","@graph":[{"@type":"WebPage","@id":"https:\/\/fermentis.com\/es\/producto\/springfiner\/","url":"https:\/\/fermentis.com\/es\/producto\/springfiner\/","name":"Spring'Finer\u2122 - Producto enol\u00f3gico a base de levaduras para afinamiento - Fermentis","isPartOf":{"@id":"https:\/\/fermentis.com\/es\/#website"},"primaryImageOfPage":{"@id":"https:\/\/fermentis.com\/es\/producto\/springfiner\/#primaryimage"},"image":{"@id":"https:\/\/fermentis.com\/es\/producto\/springfiner\/#primaryimage"},"thumbnailUrl":"https:\/\/fermentis.com\/wp-content\/uploads\/2020\/05\/springfiner.jpg","datePublished":"2020-05-03T22:00:00+00:00","dateModified":"2026-03-31T11:30:48+00:00","description":"El producto funcional Fermentis Spring'Finer\u2122 es ideal para vinos tintos y blancos premium, criados en barrica, para refinarlos antes del embotellado. Obtenga ayuda en nuestra aplicaci\u00f3n","breadcrumb":{"@id":"https:\/\/fermentis.com\/es\/producto\/springfiner\/#breadcrumb"},"inLanguage":"es","potentialAction":[{"@type":"ReadAction","target":["https:\/\/fermentis.com\/es\/producto\/springfiner\/"]}]},{"@type":"ImageObject","inLanguage":"es","@id":"https:\/\/fermentis.com\/es\/producto\/springfiner\/#primaryimage","url":"https:\/\/fermentis.com\/wp-content\/uploads\/2020\/05\/springfiner.jpg","contentUrl":"https:\/\/fermentis.com\/wp-content\/uploads\/2020\/05\/springfiner.jpg","width":1200,"height":1200},{"@type":"BreadcrumbList","@id":"https:\/\/fermentis.com\/es\/producto\/springfiner\/#breadcrumb","itemListElement":[{"@type":"ListItem","position":1,"name":"Home","item":"https:\/\/fermentis.com\/es\/"},{"@type":"ListItem","position":2,"name":"Productos"},{"@type":"ListItem","position":3,"name":"Elaboraci\u00f3n de vino","item":"https:\/\/fermentis.com\/es\/fermentation\/wine-making-es\/"},{"@type":"ListItem","position":4,"name":"Productos funcionales para vino","item":"https:\/\/fermentis.com\/es\/fermentation\/wine-making-es\/functional-products-wine-es\/"},{"@type":"ListItem","position":5,"name":"Spring&#8217;Finer\u2122"}]},{"@type":"WebSite","@id":"https:\/\/fermentis.com\/es\/#website","url":"https:\/\/fermentis.com\/es\/","name":"Fermentis","description":"Un site utilisant WordPress","publisher":{"@id":"https:\/\/fermentis.com\/es\/#organization"},"potentialAction":[{"@type":"SearchAction","target":{"@type":"EntryPoint","urlTemplate":"https:\/\/fermentis.com\/es\/?s={search_term_string}"},"query-input":{"@type":"PropertyValueSpecification","valueRequired":true,"valueName":"search_term_string"}}],"inLanguage":"es"},{"@type":"Organization","@id":"https:\/\/fermentis.com\/es\/#organization","name":"Fermentis","url":"https:\/\/fermentis.com\/es\/","logo":{"@type":"ImageObject","inLanguage":"es","@id":"https:\/\/fermentis.com\/es\/#\/schema\/logo\/image\/","url":"https:\/\/fermentis.com\/wp-content\/uploads\/2021\/07\/Logo-Fermentis-5.png","contentUrl":"https:\/\/fermentis.com\/wp-content\/uploads\/2021\/07\/Logo-Fermentis-5.png","width":308,"height":95,"caption":"Fermentis"},"image":{"@id":"https:\/\/fermentis.com\/es\/#\/schema\/logo\/image\/"},"sameAs":["https:\/\/www.facebook.com\/Fermentis","https:\/\/x.com\/fermentis","https:\/\/www.instagram.com\/fermentisbylesaffre\/","https:\/\/www.linkedin.com\/company\/fermentis\/","https:\/\/www.youtube.com\/channel\/UCt_Lp3IZnUNXZeqSi6iiAdA"]}]},"product_price_currency":"GBP","og_availability":"instock","product_availability":"instock","product_condition":"new"},"_links":{"self":[{"href":"https:\/\/fermentis.com\/es\/wp-json\/wp\/v2\/product\/41946","targetHints":{"allow":["GET"]}}],"collection":[{"href":"https:\/\/fermentis.com\/es\/wp-json\/wp\/v2\/product"}],"about":[{"href":"https:\/\/fermentis.com\/es\/wp-json\/wp\/v2\/types\/product"}],"replies":[{"embeddable":true,"href":"https:\/\/fermentis.com\/es\/wp-json\/wp\/v2\/comments?post=41946"}],"wp:featuredmedia":[{"embeddable":true,"href":"https:\/\/fermentis.com\/es\/wp-json\/wp\/v2\/media\/41959"}],"wp:attachment":[{"href":"https:\/\/fermentis.com\/es\/wp-json\/wp\/v2\/media?parent=41946"}],"wp:term":[{"taxonomy":"product_brand","embeddable":true,"href":"https:\/\/fermentis.com\/es\/wp-json\/wp\/v2\/product_brand?post=41946"},{"taxonomy":"product_cat","embeddable":true,"href":"https:\/\/fermentis.com\/es\/wp-json\/wp\/v2\/product_cat?post=41946"},{"taxonomy":"product_tag","embeddable":true,"href":"https:\/\/fermentis.com\/es\/wp-json\/wp\/v2\/product_tag?post=41946"}],"curies":[{"name":"wp","href":"https:\/\/api.w.org\/{rel}","templated":true}]}}