{"id":42022,"date":"2020-04-24T00:00:00","date_gmt":"2020-04-23T22:00:00","guid":{"rendered":"https:\/\/fermentis.com\/product\/springferm\/"},"modified":"2026-04-09T20:43:56","modified_gmt":"2026-04-09T18:43:56","slug":"springferm","status":"publish","type":"product","link":"https:\/\/fermentis.com\/es\/producto\/springferm\/","title":{"rendered":"SpringFerm\u2122"},"content":{"rendered":"<div class=\"container section-title-container\" ><h2 class=\"section-title section-title-center\"><b aria-hidden=\"true\"><\/b><span class=\"section-title-main\" style=\"font-size:115%;\">Nutriente para la fermentaci\u00f3n multiprop\u00f3sito<\/span><b aria-hidden=\"true\"><\/b><\/h2><\/div>\n<p><strong>SpringFerm<\/strong>\u2122 es un activador de la fermentaci\u00f3n basado en levaduras parcialmente autolizadas, unas 3 veces m\u00e1s ricas en nitr\u00f3geno disponible que las levaduras inactivadas b\u00e1sicas. Procedente directamente de la levadura, aporta amino\u00e1cidos, esteroles, minerales y vitaminas. La ausencia de estos compuestos puede ser perjudicial para una fermentaci\u00f3n completa.<\/p>\n\t<div id=\"gap-1937563330\" class=\"gap-element clearfix\" style=\"display:block; height:auto;\">\n\t\t\n<style>\n#gap-1937563330 {\n  padding-top: 30px;\n}\n<\/style>\n\t<\/div>\n\t\n<div class=\"container section-title-container\" ><h3 class=\"section-title section-title-center\"><b aria-hidden=\"true\"><\/b><span class=\"section-title-main\" style=\"font-size:115%;\">Caracter\u00edsticas t\u00e9cnicas de SPRINGFERM\u2122<\/span><b aria-hidden=\"true\"><\/b><\/h3><\/div>\n\n\t\t<div class=\"tabbed-content\">\n\t\t\t\n\t\t\t<ul class=\"nav nav-tabs nav-uppercase nav-size-normal nav-left\" role=\"tablist\"><li id=\"tab-propiedades\" class=\"tab active has-icon\" role=\"presentation\"><a href=\"#tab_propiedades\" role=\"tab\" aria-selected=\"true\" aria-controls=\"tab_propiedades\"><span>Propiedades<\/span><\/a><\/li>\n<li id=\"tab-ensayo\" class=\"tab has-icon\" role=\"presentation\"><a href=\"#tab_ensayo\" tabindex=\"-1\" role=\"tab\" aria-selected=\"false\" aria-controls=\"tab_ensayo\"><span>Ensayo<\/span><\/a><\/li>\n<li id=\"tab-dosificaci\u00f3n-y-modo-de-uso\" class=\"tab has-icon\" role=\"presentation\"><a href=\"#tab_dosificaci\u00f3n-y-modo-de-uso\" tabindex=\"-1\" role=\"tab\" aria-selected=\"false\" aria-controls=\"tab_dosificaci\u00f3n-y-modo-de-uso\"><span>Dosificaci\u00f3n y modo de uso<\/span><\/a><\/li>\n<li id=\"tab-presentaci\u00f3n-y-garant\u00eda\" class=\"tab has-icon\" role=\"presentation\"><a href=\"#tab_presentaci\u00f3n-y-garant\u00eda\" tabindex=\"-1\" role=\"tab\" aria-selected=\"false\" aria-controls=\"tab_presentaci\u00f3n-y-garant\u00eda\"><span>Presentaci\u00f3n y garant\u00eda<\/span><\/a><\/li><\/ul><div class=\"tab-panels\"><div id=\"tab_propiedades\" class=\"panel active entry-content\" role=\"tabpanel\" aria-labelledby=\"tab-propiedades\">\n<h4>Sinergia entre el nitr\u00f3geno mineral y el org\u00e1nico<\/h4>\n<p>El nitr\u00f3geno org\u00e1nico mejora la asimilaci\u00f3n del amonio. Aplicando un suministro de SpringFerm\u2122 en combinaci\u00f3n a una fuente de nitr\u00f3geno mineral (fosfato diam\u00f3nico \u2014DAP), se logra optimizar la nutrici\u00f3n de las levaduras.<\/p>\n<h4>Control del nivel de nitr\u00f3geno org\u00e1nico<\/h4>\n<p>SpringFerm\u2122 es un activador 100% de origen natural y, como tal, representa una fuente de amino nitr\u00f3geno que permite al productor de vino controlar el balance entre el nitr\u00f3geno org\u00e1nico y mineral en el mosto. Su riqueza en nucle\u00f3tidos y amino\u00e1cidos esenciales (\u00e1cido glut\u00e1mico, asparagina, leucina, lisina y serina) es crucial para la s\u00edntesis proteica.<\/p>\n<h4>Riqueza en factores de supervivencia (ergosterol)<\/h4>\n<p>SpringFerm\u2122 contiene un 20% de paredes celulares de levadura ricas en l\u00edpidos y, en particular, en ergosterol, que se considera un sustituto del ox\u00edgeno en condiciones anaer\u00f3bicas estrictas. Estos son necesarios para garantizar la resistencia de la membrana al etanol y su permeabilidad a los hidratos de carbono.<\/p>\n<h4>Suministro de vitaminas<\/h4>\n<p>SpringFerm\u2122 contiene de forma natural hasta 600 mg\/kg de tiamina. Una dosis suficiente para cubrir las necesidades de las levaduras y evitar la producci\u00f3n de niveles elevados de SO<sub>2<\/sub> y \u00e1cido ac\u00e9tico. Adem\u00e1s, SpringFerm\u2122 es rico en \u00e1cido f\u00f3lico, pantotenato de calcio y niacina.<\/p>\n<h4>Efecto soporte<\/h4>\n<p>La parte insoluble de SpringFerm\u2122 desempe\u00f1a un papel de soporte en mostos muy clarificados. La turbidez aumenta sin que se produzcan desviaciones organol\u00e9pticas causadas por l\u00edas gruesas.<\/p>\n<\/div>\n<div id=\"tab_ensayo\" class=\"panel entry-content\" role=\"tabpanel\" aria-labelledby=\"tab-ensayo\">\n<h4><strong>Mosto de Cari\u00f1ena 2012, 12,8% v\/v, NFA inicial: 102 ppm, SO<sub>2<\/sub> libre\/total: 36\/70 ppm<\/strong><\/h4>\n<p><em>En el momento de la inoculaci\u00f3n de la levadura: 24 g\/hl de DAP (azul) o 24 g\/hl de DAP + 20 g\/hl de SpringFerm\u2122 (rojo)<\/em><br \/>\n<em>A la densidad 1,055: 24 g\/hl de DAP (azul) o 24 g\/hl DAP + 20 g\/hl SpringFerm\u2122 (rojo)<\/em><\/p>\n<p>El suministro de <strong>SpringFerm<\/strong> <strong>\u2122<\/strong> en comparaci\u00f3n con el uso de \u201cDAP solo\u201d permiti\u00f3 asegurar la fermentaci\u00f3n en condiciones dif\u00edciles.<\/p>\n<\/div>\n<div id=\"tab_dosificaci\u00f3n-y-modo-de-uso\" class=\"panel entry-content\" role=\"tabpanel\" aria-labelledby=\"tab-dosificaci\u00f3n-y-modo-de-uso\">\n<h4>Dosificaci\u00f3n<\/h4>\n<p><em><b>20 g\/hl de SpringFerm\u2122 para un aporte equivalente a 10 ppm de NFA (nitr\u00f3geno f\u00e1cilmente asimilable).<\/b><\/em><\/p>\n<p>Se recomienda calcular la cantidad \u00f3ptima de nitr\u00f3geno que debe ser agregado durante la fermentaci\u00f3n en base a la levadura seleccionada y la cantidad de nitr\u00f3geno disponible en el mosto. Si el mosto es apenas deficiente en NFA, para lograr una nutrici\u00f3n completa se recomienda el agregado de SpringFerm\u2122 (dosis normal 20 g\/hl), en combinaci\u00f3n o no con DAP, entre el primer tercio y la mitad de la fermentaci\u00f3n.<br \/>\nEn caso de mostos muy clarificados, el agregado de SpringFerm\u2122 debe ser realizado al momento de la inoculaci\u00f3n de la levadura y reforzado nuevamente entre el primer tercio y la mitad de la fermentaci\u00f3n.<\/p>\n<\/div>\n<div id=\"tab_presentaci\u00f3n-y-garant\u00eda\" class=\"panel entry-content\" role=\"tabpanel\" aria-labelledby=\"tab-presentaci\u00f3n-y-garant\u00eda\">\n<h4>Presentaci\u00f3n<\/h4>\n<p>Caja de 10 paquetes envasados al vac\u00edo de 1 kg cada uno (peso neto de la caja completa: 10 kg).<br \/>\nBolsa de 10 kg<br \/>\nBolsa de 25 kg<\/p>\n<h4>Garant\u00eda<\/h4>\n<p>El alto \u00edndice de materia seca de nuestras levaduras asegura una \u00f3ptima conservaci\u00f3n en su envase original: durante 3 a\u00f1os a temperaturas que no sobrepasen los 20 \u00b0C, y almacenamiento prolongado de hasta 4 a\u00f1os a 10 \u00b0C.<\/p>\n<p>Fermentis garantiza que el producto cumple con el Codex Enol\u00f3gico Internacional hasta la fecha m\u00e1xima recomendada para su consumo, en las condiciones de almacenamiento mencionadas\u00a0anteriormente.<\/p>\n<p>Cada levadura Fermentis\u00ae se desarrolla seg\u00fan un esquema de producci\u00f3n espec\u00edfico y se beneficia de los conocimientos t\u00e9cnicos del grupo Lesaffre, l\u00edder mundial en la fabricaci\u00f3n de levaduras. Esto garantiza la m\u00e1xima pureza microbiol\u00f3gica y la m\u00e1xima actividad de fermentaci\u00f3n.<\/p>\n<\/div><\/div><\/div>\n\t<div id=\"gap-1981962194\" class=\"gap-element clearfix\" style=\"display:block; height:auto;\">\n\t\t\n<style>\n#gap-1981962194 {\n  padding-top: 30px;\n}\n<\/style>\n\t<\/div>\n\t\n<p><i>Los datos contenidos en esta ficha t\u00e9cnica son la transcripci\u00f3n exacta de nuestro conocimiento del producto en la fecha mencionada. Son propiedad exclusiva de Fermentis-Divisi\u00f3n de S.I.Lesaffre. Es responsabilidad del usuario asegurarse de que el uso de este producto concreto cumple la legislaci\u00f3n.<\/i><\/p>\n","protected":false},"excerpt":{"rendered":"<p>Nutriente para la fermentaci\u00f3n multiprop\u00f3sito<\/p>\n","protected":false},"featured_media":42023,"comment_status":"closed","ping_status":"closed","template":"","meta":{"_acf_changed":false},"product_brand":[],"product_cat":[1996,1374,1997],"product_tag":[1998,1999],"class_list":{"0":"post-42022","1":"product","2":"type-product","3":"status-publish","4":"has-post-thumbnail","6":"product_cat-fermentation-aids-wine-es","7":"product_cat-wine-making-es","8":"product_cat-springferm-fermentation-aids-wine-making-es-2","9":"product_tag-spring-ferm-es","10":"product_tag-springferm-es","12":"first","13":"instock","14":"shipping-taxable","15":"product-type-simple"},"acf":[],"yoast_head":"<!-- This site is optimized with the Yoast SEO Premium plugin v27.3 (Yoast SEO v27.3) - https:\/\/yoast.com\/product\/yoast-seo-premium-wordpress\/ -->\n<title>SpringFerm\u2122 - Activador de fermentaci\u00f3n polivalente para uso enol\u00f3gico - Fermentis<\/title>\n<meta name=\"description\" content=\"El activador de fermentaci\u00f3n polivalente enol\u00f3gico SpringFerm\u2122 de Fermentis es ideal para aportar amino\u00e1cidos, esteroles, minerales y vitaminas; la garant\u00eda de una fermentaci\u00f3n completa.\" \/>\n<meta name=\"robots\" content=\"index, follow, max-snippet:-1, max-image-preview:large, max-video-preview:-1\" \/>\n<link rel=\"canonical\" href=\"https:\/\/fermentis.com\/es\/producto\/springferm\/\" \/>\n<meta property=\"og:locale\" content=\"es_ES\" \/>\n<meta property=\"og:type\" content=\"article\" \/>\n<meta property=\"og:title\" content=\"SpringFerm\u2122\" \/>\n<meta property=\"og:description\" content=\"El activador de fermentaci\u00f3n polivalente enol\u00f3gico SpringFerm\u2122 de Fermentis es ideal para aportar amino\u00e1cidos, esteroles, minerales y vitaminas; la garant\u00eda de una fermentaci\u00f3n completa.\" \/>\n<meta property=\"og:url\" content=\"https:\/\/fermentis.com\/es\/producto\/springferm\/\" \/>\n<meta property=\"og:site_name\" content=\"Fermentis\" \/>\n<meta property=\"article:publisher\" content=\"https:\/\/www.facebook.com\/Fermentis\" \/>\n<meta property=\"article:modified_time\" content=\"2026-04-09T18:43:56+00:00\" \/>\n<meta property=\"og:image\" content=\"https:\/\/fermentis.com\/wp-content\/uploads\/2020\/10\/springferm.jpg\" \/>\n\t<meta property=\"og:image:width\" content=\"1200\" \/>\n\t<meta property=\"og:image:height\" content=\"1200\" \/>\n\t<meta property=\"og:image:type\" content=\"image\/jpeg\" \/>\n<meta name=\"twitter:card\" content=\"summary_large_image\" \/>\n<meta name=\"twitter:site\" content=\"@fermentis\" \/>\n<meta name=\"twitter:label1\" content=\"Precio\" \/>\n\t<meta name=\"twitter:data1\" content=\"\" \/>\n\t<meta name=\"twitter:label2\" content=\"Disponibilidad\" \/>\n\t<meta name=\"twitter:data2\" content=\"Disponible\" \/>\n<script type=\"application\/ld+json\" class=\"yoast-schema-graph\">{\"@context\":\"https:\\\/\\\/schema.org\",\"@graph\":[{\"@type\":\"WebPage\",\"@id\":\"https:\\\/\\\/fermentis.com\\\/es\\\/producto\\\/springferm\\\/\",\"url\":\"https:\\\/\\\/fermentis.com\\\/es\\\/producto\\\/springferm\\\/\",\"name\":\"SpringFerm\u2122 - Activador de fermentaci\u00f3n polivalente para uso enol\u00f3gico - Fermentis\",\"isPartOf\":{\"@id\":\"https:\\\/\\\/fermentis.com\\\/es\\\/#website\"},\"primaryImageOfPage\":{\"@id\":\"https:\\\/\\\/fermentis.com\\\/es\\\/producto\\\/springferm\\\/#primaryimage\"},\"image\":{\"@id\":\"https:\\\/\\\/fermentis.com\\\/es\\\/producto\\\/springferm\\\/#primaryimage\"},\"thumbnailUrl\":\"https:\\\/\\\/fermentis.com\\\/wp-content\\\/uploads\\\/2020\\\/10\\\/springferm.jpg\",\"datePublished\":\"2020-04-23T22:00:00+00:00\",\"dateModified\":\"2026-04-09T18:43:56+00:00\",\"description\":\"El activador de fermentaci\u00f3n polivalente enol\u00f3gico SpringFerm\u2122 de Fermentis es ideal para aportar amino\u00e1cidos, esteroles, minerales y vitaminas; la garant\u00eda de una fermentaci\u00f3n completa.\",\"breadcrumb\":{\"@id\":\"https:\\\/\\\/fermentis.com\\\/es\\\/producto\\\/springferm\\\/#breadcrumb\"},\"inLanguage\":\"es\",\"potentialAction\":[{\"@type\":\"ReadAction\",\"target\":[\"https:\\\/\\\/fermentis.com\\\/es\\\/producto\\\/springferm\\\/\"]}]},{\"@type\":\"ImageObject\",\"inLanguage\":\"es\",\"@id\":\"https:\\\/\\\/fermentis.com\\\/es\\\/producto\\\/springferm\\\/#primaryimage\",\"url\":\"https:\\\/\\\/fermentis.com\\\/wp-content\\\/uploads\\\/2020\\\/10\\\/springferm.jpg\",\"contentUrl\":\"https:\\\/\\\/fermentis.com\\\/wp-content\\\/uploads\\\/2020\\\/10\\\/springferm.jpg\",\"width\":1200,\"height\":1200},{\"@type\":\"BreadcrumbList\",\"@id\":\"https:\\\/\\\/fermentis.com\\\/es\\\/producto\\\/springferm\\\/#breadcrumb\",\"itemListElement\":[{\"@type\":\"ListItem\",\"position\":1,\"name\":\"Home\",\"item\":\"https:\\\/\\\/fermentis.com\\\/es\\\/\"},{\"@type\":\"ListItem\",\"position\":2,\"name\":\"Productos\"},{\"@type\":\"ListItem\",\"position\":3,\"name\":\"Elaboraci\u00f3n de vino\",\"item\":\"https:\\\/\\\/fermentis.com\\\/es\\\/fermentation\\\/wine-making-es\\\/\"},{\"@type\":\"ListItem\",\"position\":4,\"name\":\"Ayudas de fermentaci\u00f3n para vino\",\"item\":\"https:\\\/\\\/fermentis.com\\\/es\\\/fermentation\\\/wine-making-es\\\/fermentation-aids-wine-es\\\/\"},{\"@type\":\"ListItem\",\"position\":5,\"name\":\"SpringFerm\u2122\"}]},{\"@type\":\"WebSite\",\"@id\":\"https:\\\/\\\/fermentis.com\\\/es\\\/#website\",\"url\":\"https:\\\/\\\/fermentis.com\\\/es\\\/\",\"name\":\"Fermentis\",\"description\":\"Un site utilisant WordPress\",\"publisher\":{\"@id\":\"https:\\\/\\\/fermentis.com\\\/es\\\/#organization\"},\"potentialAction\":[{\"@type\":\"SearchAction\",\"target\":{\"@type\":\"EntryPoint\",\"urlTemplate\":\"https:\\\/\\\/fermentis.com\\\/es\\\/?s={search_term_string}\"},\"query-input\":{\"@type\":\"PropertyValueSpecification\",\"valueRequired\":true,\"valueName\":\"search_term_string\"}}],\"inLanguage\":\"es\"},{\"@type\":\"Organization\",\"@id\":\"https:\\\/\\\/fermentis.com\\\/es\\\/#organization\",\"name\":\"Fermentis\",\"url\":\"https:\\\/\\\/fermentis.com\\\/es\\\/\",\"logo\":{\"@type\":\"ImageObject\",\"inLanguage\":\"es\",\"@id\":\"https:\\\/\\\/fermentis.com\\\/es\\\/#\\\/schema\\\/logo\\\/image\\\/\",\"url\":\"https:\\\/\\\/fermentis.com\\\/wp-content\\\/uploads\\\/2021\\\/07\\\/Logo-Fermentis-5.png\",\"contentUrl\":\"https:\\\/\\\/fermentis.com\\\/wp-content\\\/uploads\\\/2021\\\/07\\\/Logo-Fermentis-5.png\",\"width\":308,\"height\":95,\"caption\":\"Fermentis\"},\"image\":{\"@id\":\"https:\\\/\\\/fermentis.com\\\/es\\\/#\\\/schema\\\/logo\\\/image\\\/\"},\"sameAs\":[\"https:\\\/\\\/www.facebook.com\\\/Fermentis\",\"https:\\\/\\\/x.com\\\/fermentis\",\"https:\\\/\\\/www.instagram.com\\\/fermentisbylesaffre\\\/\",\"https:\\\/\\\/www.linkedin.com\\\/company\\\/fermentis\\\/\",\"https:\\\/\\\/www.youtube.com\\\/channel\\\/UCt_Lp3IZnUNXZeqSi6iiAdA\"]}]}<\/script>\n<meta property=\"product:price:currency\" content=\"GBP\" \/>\n<meta property=\"og:availability\" content=\"instock\" \/>\n<meta property=\"product:availability\" content=\"instock\" \/>\n<meta property=\"product:condition\" content=\"new\" \/>\n<!-- \/ Yoast SEO Premium plugin. -->","yoast_head_json":{"title":"SpringFerm\u2122 - Activador de fermentaci\u00f3n polivalente para uso enol\u00f3gico - Fermentis","description":"El activador de fermentaci\u00f3n polivalente enol\u00f3gico SpringFerm\u2122 de Fermentis es ideal para aportar amino\u00e1cidos, esteroles, minerales y vitaminas; la garant\u00eda de una fermentaci\u00f3n completa.","robots":{"index":"index","follow":"follow","max-snippet":"max-snippet:-1","max-image-preview":"max-image-preview:large","max-video-preview":"max-video-preview:-1"},"canonical":"https:\/\/fermentis.com\/es\/producto\/springferm\/","og_locale":"es_ES","og_type":"article","og_title":"SpringFerm\u2122","og_description":"El activador de fermentaci\u00f3n polivalente enol\u00f3gico SpringFerm\u2122 de Fermentis es ideal para aportar amino\u00e1cidos, esteroles, minerales y vitaminas; la garant\u00eda de una fermentaci\u00f3n completa.","og_url":"https:\/\/fermentis.com\/es\/producto\/springferm\/","og_site_name":"Fermentis","article_publisher":"https:\/\/www.facebook.com\/Fermentis","article_modified_time":"2026-04-09T18:43:56+00:00","og_image":[{"width":1200,"height":1200,"url":"https:\/\/fermentis.com\/wp-content\/uploads\/2020\/10\/springferm.jpg","type":"image\/jpeg"}],"twitter_card":"summary_large_image","twitter_site":"@fermentis","twitter_misc":{"Precio":"","Disponibilidad":"Disponible"},"schema":{"@context":"https:\/\/schema.org","@graph":[{"@type":"WebPage","@id":"https:\/\/fermentis.com\/es\/producto\/springferm\/","url":"https:\/\/fermentis.com\/es\/producto\/springferm\/","name":"SpringFerm\u2122 - Activador de fermentaci\u00f3n polivalente para uso enol\u00f3gico - Fermentis","isPartOf":{"@id":"https:\/\/fermentis.com\/es\/#website"},"primaryImageOfPage":{"@id":"https:\/\/fermentis.com\/es\/producto\/springferm\/#primaryimage"},"image":{"@id":"https:\/\/fermentis.com\/es\/producto\/springferm\/#primaryimage"},"thumbnailUrl":"https:\/\/fermentis.com\/wp-content\/uploads\/2020\/10\/springferm.jpg","datePublished":"2020-04-23T22:00:00+00:00","dateModified":"2026-04-09T18:43:56+00:00","description":"El activador de fermentaci\u00f3n polivalente enol\u00f3gico SpringFerm\u2122 de Fermentis es ideal para aportar amino\u00e1cidos, esteroles, minerales y vitaminas; la garant\u00eda de una fermentaci\u00f3n completa.","breadcrumb":{"@id":"https:\/\/fermentis.com\/es\/producto\/springferm\/#breadcrumb"},"inLanguage":"es","potentialAction":[{"@type":"ReadAction","target":["https:\/\/fermentis.com\/es\/producto\/springferm\/"]}]},{"@type":"ImageObject","inLanguage":"es","@id":"https:\/\/fermentis.com\/es\/producto\/springferm\/#primaryimage","url":"https:\/\/fermentis.com\/wp-content\/uploads\/2020\/10\/springferm.jpg","contentUrl":"https:\/\/fermentis.com\/wp-content\/uploads\/2020\/10\/springferm.jpg","width":1200,"height":1200},{"@type":"BreadcrumbList","@id":"https:\/\/fermentis.com\/es\/producto\/springferm\/#breadcrumb","itemListElement":[{"@type":"ListItem","position":1,"name":"Home","item":"https:\/\/fermentis.com\/es\/"},{"@type":"ListItem","position":2,"name":"Productos"},{"@type":"ListItem","position":3,"name":"Elaboraci\u00f3n de vino","item":"https:\/\/fermentis.com\/es\/fermentation\/wine-making-es\/"},{"@type":"ListItem","position":4,"name":"Ayudas de fermentaci\u00f3n para vino","item":"https:\/\/fermentis.com\/es\/fermentation\/wine-making-es\/fermentation-aids-wine-es\/"},{"@type":"ListItem","position":5,"name":"SpringFerm\u2122"}]},{"@type":"WebSite","@id":"https:\/\/fermentis.com\/es\/#website","url":"https:\/\/fermentis.com\/es\/","name":"Fermentis","description":"Un site utilisant WordPress","publisher":{"@id":"https:\/\/fermentis.com\/es\/#organization"},"potentialAction":[{"@type":"SearchAction","target":{"@type":"EntryPoint","urlTemplate":"https:\/\/fermentis.com\/es\/?s={search_term_string}"},"query-input":{"@type":"PropertyValueSpecification","valueRequired":true,"valueName":"search_term_string"}}],"inLanguage":"es"},{"@type":"Organization","@id":"https:\/\/fermentis.com\/es\/#organization","name":"Fermentis","url":"https:\/\/fermentis.com\/es\/","logo":{"@type":"ImageObject","inLanguage":"es","@id":"https:\/\/fermentis.com\/es\/#\/schema\/logo\/image\/","url":"https:\/\/fermentis.com\/wp-content\/uploads\/2021\/07\/Logo-Fermentis-5.png","contentUrl":"https:\/\/fermentis.com\/wp-content\/uploads\/2021\/07\/Logo-Fermentis-5.png","width":308,"height":95,"caption":"Fermentis"},"image":{"@id":"https:\/\/fermentis.com\/es\/#\/schema\/logo\/image\/"},"sameAs":["https:\/\/www.facebook.com\/Fermentis","https:\/\/x.com\/fermentis","https:\/\/www.instagram.com\/fermentisbylesaffre\/","https:\/\/www.linkedin.com\/company\/fermentis\/","https:\/\/www.youtube.com\/channel\/UCt_Lp3IZnUNXZeqSi6iiAdA"]}]},"product_price_currency":"GBP","og_availability":"instock","product_availability":"instock","product_condition":"new"},"_links":{"self":[{"href":"https:\/\/fermentis.com\/es\/wp-json\/wp\/v2\/product\/42022","targetHints":{"allow":["GET"]}}],"collection":[{"href":"https:\/\/fermentis.com\/es\/wp-json\/wp\/v2\/product"}],"about":[{"href":"https:\/\/fermentis.com\/es\/wp-json\/wp\/v2\/types\/product"}],"replies":[{"embeddable":true,"href":"https:\/\/fermentis.com\/es\/wp-json\/wp\/v2\/comments?post=42022"}],"wp:featuredmedia":[{"embeddable":true,"href":"https:\/\/fermentis.com\/es\/wp-json\/wp\/v2\/media\/42023"}],"wp:attachment":[{"href":"https:\/\/fermentis.com\/es\/wp-json\/wp\/v2\/media?parent=42022"}],"wp:term":[{"taxonomy":"product_brand","embeddable":true,"href":"https:\/\/fermentis.com\/es\/wp-json\/wp\/v2\/product_brand?post=42022"},{"taxonomy":"product_cat","embeddable":true,"href":"https:\/\/fermentis.com\/es\/wp-json\/wp\/v2\/product_cat?post=42022"},{"taxonomy":"product_tag","embeddable":true,"href":"https:\/\/fermentis.com\/es\/wp-json\/wp\/v2\/product_tag?post=42022"}],"curies":[{"name":"wp","href":"https:\/\/api.w.org\/{rel}","templated":true}]}}