{"id":42059,"date":"2020-04-06T00:00:00","date_gmt":"2020-04-05T22:00:00","guid":{"rendered":"https:\/\/fermentis.com\/product\/safoeno-vr-44\/"},"modified":"2026-04-17T19:57:37","modified_gmt":"2026-04-17T17:57:37","slug":"safoeno-vr-44","status":"publish","type":"product","link":"https:\/\/fermentis.com\/es\/producto\/safoeno-vr-44\/","title":{"rendered":"Saf\u0152no\u2122 VR&nbsp;44"},"content":{"rendered":"<div class=\"container section-title-container\" ><h2 class=\"section-title section-title-center\"><b aria-hidden=\"true\"><\/b><span class=\"section-title-main\" style=\"font-size:115%;\">PARA VINOS ESPUMOSOS Y PARA ASEGURAR FERMENTACIONES<\/span><b aria-hidden=\"true\"><\/b><\/h2><\/div>\n<p><strong>Saf\u0152no\u2122 VR 44<\/strong> fue seleccionada por sus excelentes caracter\u00edsticas fermentativas y resistencia a condiciones extremas de vinificaci\u00f3n (selecci\u00f3n Fermentis\u00ae).<\/p>\n<p><strong>Vinos blancos y tintos tranquilos. Dosificaci\u00f3n:<\/strong> 10 a 20 g\/hl<br \/>\n<strong>Reactivaci\u00f3n de la fermentaci\u00f3n.  Dosificaci\u00f3n: <\/strong>30 a 40 g\/hl<br \/>\n<strong>Prise de mousse. Dosificaci\u00f3n: <\/strong>15 a 40 g\/hl<\/p>\n<p><strong>Ingredientes: <\/strong>levadura<em> (Saccharomyces cerevisiae<\/em>), emulsionante: E491 (monoestearato de sorbit\u00e1n)<\/p>\n\t<div id=\"gap-452882780\" class=\"gap-element clearfix\" style=\"display:block; height:auto;\">\n\t\t\n<style>\n#gap-452882780 {\n  padding-top: 30px;\n}\n<\/style>\n\t<\/div>\n\t\n<div class=\"container section-title-container\" ><h3 class=\"section-title section-title-center\"><b aria-hidden=\"true\"><\/b><span class=\"section-title-main\" style=\"font-size:115%;\">Caracter\u00edsticas sensoriales de la Saf\u0152no\u2122 VR 44<\/span><b aria-hidden=\"true\"><\/b><\/h3><\/div>\n\n\t\t<div class=\"tabbed-content\">\n\t\t\t\n\t\t\t<ul class=\"nav nav-tabs nav-uppercase nav-size-normal nav-left\" role=\"tablist\"><li id=\"tab-recomendaciones\" class=\"tab active has-icon\" role=\"presentation\"><a href=\"#tab_recomendaciones\" role=\"tab\" aria-selected=\"true\" aria-controls=\"tab_recomendaciones\"><span>Recomendaciones<\/span><\/a><\/li>\n<li id=\"tab-utilizaci\u00f3n\" class=\"tab has-icon\" role=\"presentation\"><a href=\"#tab_utilizaci\u00f3n\" tabindex=\"-1\" role=\"tab\" aria-selected=\"false\" aria-controls=\"tab_utilizaci\u00f3n\"><span>Utilizaci\u00f3n<\/span><\/a><\/li><\/ul><div class=\"tab-panels\"><div id=\"tab_recomendaciones\" class=\"panel active entry-content\" role=\"tabpanel\" aria-labelledby=\"tab-recomendaciones\">\n<p>Saf\u0152no\u2122 VR 44 es conveniente para todo tipo de aplicaciones, incluso en condiciones dif\u00edciles de vinificaci\u00f3n.<\/p>\n<h4>Vinos tintos<\/h4>\n<p>Dadas sus caracter\u00edsticas fermentativas, Saf\u0152no\u2122 VR 44 permite la producci\u00f3n de prestigiosos vinos tintos finos, limpios y con caracter\u00edsticas del terru\u00f1o (cabernet sauvignon, merlot, carmen\u00e8re, barbera, sangiovese, teroldego&#8230;).<\/p>\n\t<div id=\"gap-1345345117\" class=\"gap-element clearfix\" style=\"display:block; height:auto;\">\n\t\t\n<style>\n#gap-1345345117 {\n  padding-top: &quot;20px&quot;;\n}\n<\/style>\n\t<\/div>\n\t\n<h4>Prise de mousse<\/h4>\n<p>Especialmente adaptada para la fermentaci\u00f3n secundaria (en botella seg\u00fan el m\u00e9todo cl\u00e1sico o en dep\u00f3sito), Saf\u0152no\u2122 VR 44 provee excelentes resultados en todo tipo de vinos espumantes.<\/p>\n\t<div id=\"gap-1695356588\" class=\"gap-element clearfix\" style=\"display:block; height:auto;\">\n\t\t\n<style>\n#gap-1695356588 {\n  padding-top: &quot;20px&quot;;\n}\n<\/style>\n\t<\/div>\n\t\n<h4>Vinos blancos<\/h4>\n<p>Ideal para fermentaciones a temperatura controlada (en Chardonnay, S\u00e9millon, Trebbiano, Malvasia, Pinot Grigio&#8230;).<\/p>\n<\/div>\n<div id=\"tab_utilizaci\u00f3n\" class=\"panel entry-content\" role=\"tabpanel\" aria-labelledby=\"tab-utilizaci\u00f3n\">\n<h4>Utilizaci\u00f3n<\/h4>\n<ul>\n<li>Verter suavemente la cantidad deseada de levadura en un volumen de agua de grifo equivalente a 10 veces el peso de la propia levadura a una temperatura de entre 30 y 35 \u00b0C en un recipiente ancho. Asegurarse de cubrir toda la superficie del agua creando una fina capa de levadura.<\/li>\n<li>Dejar reposar durante 20 minutos.<\/li>\n<li>Remover suavemente para completar la rehidrataci\u00f3n de la levadura evitando la formaci\u00f3n de grumos antes de la aclimataci\u00f3n.<\/li>\n<li>Duplique progresivamente el volumen de la suspensi\u00f3n de levadura a\u00f1adiendo mosto del tanque mientras remueve la mezcla para que la temperatura del in\u00f3culo disminuya y comience la activaci\u00f3n de la levadura.<\/li>\n<li>Dejar reposar durante 10 minutos.<\/li>\n<li>Homogeneizar e incorporar el cultivo de levadura en el tanque de fermentaci\u00f3n mientras se efect\u00faa remontajes con aireaci\u00f3n.<\/li>\n<\/ul>\n<\/div><\/div><\/div>\n\t<div id=\"gap-534773624\" class=\"gap-element clearfix\" style=\"display:block; height:auto;\">\n\t\t\n<style>\n#gap-534773624 {\n  padding-top: 30px;\n}\n<\/style>\n\t<\/div>\n\t\n<div class=\"container section-title-container\" ><h3 class=\"section-title section-title-center\"><b aria-hidden=\"true\"><\/b><span class=\"section-title-main\" style=\"font-size:115%;\">Caracter\u00edsticas t\u00e9cnicas de la Saf\u0152no\u2122 VR 44<\/span><b aria-hidden=\"true\"><\/b><\/h3><\/div>\n\n\t\t<div class=\"tabbed-content\">\n\t\t\t\n\t\t\t<ul class=\"nav nav-tabs nav-uppercase nav-size-normal nav-left\" role=\"tablist\"><li id=\"tab-fermentaci\u00f3n\" class=\"tab active has-icon\" role=\"presentation\"><a href=\"#tab_fermentaci\u00f3n\" role=\"tab\" aria-selected=\"true\" aria-controls=\"tab_fermentaci\u00f3n\"><span>Fermentaci\u00f3n<\/span><\/a><\/li>\n<li id=\"tab-caracter\u00edsticas-metab\u00f3licas\" class=\"tab has-icon\" role=\"presentation\"><a href=\"#tab_caracter\u00edsticas-metab\u00f3licas\" tabindex=\"-1\" role=\"tab\" aria-selected=\"false\" aria-controls=\"tab_caracter\u00edsticas-metab\u00f3licas\"><span>Caracter\u00edsticas metab\u00f3licas<\/span><\/a><\/li>\n<li id=\"tab-&quot;f\u00e1cil\" class=\"tab has-icon\" role=\"presentation\"><a href=\"#tab_&quot;f\u00e1cil\" tabindex=\"-1\" role=\"tab\" aria-selected=\"false\" aria-controls=\"tab_&quot;f\u00e1cil\"><span>&quot;F\u00e1cil<\/span><\/a><\/li>\n<li id=\"tab-presentaci\u00f3n-y-garant\u00eda\" class=\"tab has-icon\" role=\"presentation\"><a href=\"#tab_presentaci\u00f3n-y-garant\u00eda\" tabindex=\"-1\" role=\"tab\" aria-selected=\"false\" aria-controls=\"tab_presentaci\u00f3n-y-garant\u00eda\"><span>Presentaci\u00f3n y garant\u00eda<\/span><\/a><\/li><\/ul><div class=\"tab-panels\"><div id=\"tab_fermentaci\u00f3n\" class=\"panel active entry-content\" role=\"tabpanel\" aria-labelledby=\"tab-fermentaci\u00f3n\">\n<p>&lt;br data-source=&quot;\\Cepa de car\u00e1cter killer, que permite un buen asentamiento y un r\u00e1pido inicio de la fermentaci\u00f3n.&lt;br data-source=&quot; Fermentaci\u00f3n regular y completa de los az\u00facares.&lt;br data-source=&quot; Temperatura de fermentaci\u00f3n: 10 \u00b0C a 40 \u00b0C\\r\\n&quot;\/<br \/>\u2192 Tolerancia al alcohol: 16% vol.\/vol.\\r<br \/>\n\u2192 Bajo requerimiento de nitr\u00f3geno<\/p>\n<\/div>\n<div id=\"tab_caracter\u00edsticas-metab\u00f3licas\" class=\"panel entry-content\" role=\"tabpanel\" aria-labelledby=\"tab-caracter\u00edsticas-metab\u00f3licas\">\n<p>\\&lt;br data-source=&quot;\u00cdndice az\u00facar\/alcohol: 16,5 g\/l para 1% vol.\/vol.\\Baja producci\u00f3n de acetaldeh\u00eddo (&lt;br data-source=&quot;30 mg\/l) y SO2. Baja producci\u00f3n de espuma&lt;br data-source=&quot;&lt;br data-source=&quot;<\/p>\n<\/div>\n<div id=\"tab_&quot;f\u00e1cil\" class=\"panel entry-content\" role=\"tabpanel\" aria-labelledby=\"tab-&quot;f\u00e1cil\">\n<ul>\n<li>El know-how de Lesaffre y la mejora continua de los procesos de producci\u00f3n generan una <strong>calidad excepcional de levaduras secas capaces de resistir diferentes condiciones de preparaci\u00f3n del in\u00f3culo, incluidas la aclimataci\u00f3n, rehidrataci\u00f3n en fr\u00edo o inoculaci\u00f3n sin rehidrataci\u00f3n previa, sin afectar su viabilidad, cin\u00e9tica y\/o perfil anal\u00edtico.<\/strong> Los productores de vino pueden elegir las condiciones de uso que mejor se adapte a sus necesidades, es decir:\n<ul>\n<li><strong>Inoculaci\u00f3n directa<\/strong>: verter la levadura sobre la superficie de <strong>al menos 10 veces su propio peso de mosto<\/strong> (en vinos blancos y rosados es posible espolvorear la levadura directamente en el tanque de fermentaci\u00f3n o durante el llenado, despu\u00e9s de la sedimentaci\u00f3n). Remover suavemente para evitar o romper grumos. Trasvasar <strong>inmediatamente al dep\u00f3sito mediante un bombeo con aireaci\u00f3n<\/strong> (u homogeneizar el volumen del dep\u00f3sito).<\/li>\n<li><strong>Con rehidrataci\u00f3n previa:<\/strong> verter suavemente la cantidad deseada de levadura en un volumen de agua de grifo equivalente a <strong>10 veces el peso de la propia levadura, a temperatura ambiente. <\/strong> Remover suavemente para evitar o romper grumos. <strong>Esperar 20 minutos y trasvasar al dep\u00f3sito mediante un remontado con aireaci\u00f3n.<\/strong><\/li>\n<\/ul>\n<\/li>\n<\/ul>\n<\/div>\n<div id=\"tab_presentaci\u00f3n-y-garant\u00eda\" class=\"panel entry-content\" role=\"tabpanel\" aria-labelledby=\"tab-presentaci\u00f3n-y-garant\u00eda\">\n<h4>Embalaje<\/h4>\n<p>Caja de 20 paquetes de 500 g envasados al vac\u00edo (peso neto de la caja completa: 10 kg).<\/p>\n<p>Caja de 1 caja envasada al vac\u00edo de 10 Kg (Peso neto de la caja completa: 10 kg).<\/p>\n<h4>Garant\u00eda<\/h4>\n<p>El alto \u00edndice de materia seca de nuestras levaduras asegura una \u00f3ptima conservaci\u00f3n en su envase original: durante 3 a\u00f1os a temperaturas que no sobrepasen los 20 \u00b0C, y almacenamiento prolongado de hasta 4 a\u00f1os a 10 \u00b0C. Fermentis garantiza que el producto cumple con el Codex Enol\u00f3gico Internacional hasta la fecha m\u00e1xima recomendada para su consumo, en las condiciones de almacenamiento mencionadas\u00a0anteriormente.<\/p>\n<p><em>Cada levadura Fermentis se desarrolla seg\u00fan un esquema de producci\u00f3n espec\u00edfico y se beneficia de los conocimientos t\u00e9cnicos del grupo Lesaffre, l\u00edder mundial en la fabricaci\u00f3n de levaduras. Esto garantiza la m\u00e1xima pureza microbiol\u00f3gica y la m\u00e1xima actividad de fermentaci\u00f3n.<\/em><\/p>\n<\/div><\/div><\/div>\n\t<div id=\"gap-1832586253\" class=\"gap-element clearfix\" style=\"display:block; height:auto;\">\n\t\t\n<style>\n#gap-1832586253 {\n  padding-top: 30px;\n}\n<\/style>\n\t<\/div>\n\t\n<p><em>Tener en cuenta que es posible encontrar una clasificaci\u00f3n de especie diferente para este producto en nuestros paquetes y en versiones anteriores de nuestras herramientas de comunicaci\u00f3n. <\/em><br \/>\n<em>De hecho, este producto se clasificaba anteriormente como Saccharomyces bayanus, pero como la taxonom\u00eda de las levaduras evoluciona permanentemente, la edici\u00f3n m\u00e1s reciente de &quot;The Yeast, a taxonomic study&quot; nos hizo revisar nuestra clasificaci\u00f3n para alinearla con la comunidad cient\u00edfica. <\/em><br \/>\n<em>Por razones de sustentabilidad, hemos optado por utilizar el remanente de material de packaging antes de volver a imprimir uno nuevo.<\/em><br \/>\n<em>Mientras tanto, no se preocupe si ya ha fermentado su bebida con esta cepa de levadura, la clasificaci\u00f3n taxon\u00f3mica de la levadura no influye en las caracter\u00edsticas del producto.<\/em><\/p>\n\t<div id=\"gap-1412440689\" class=\"gap-element clearfix\" style=\"display:block; height:auto;\">\n\t\t\n<style>\n#gap-1412440689 {\n  padding-top: 30px;\n}\n<\/style>\n\t<\/div>\n\t\n<p><i>Los datos contenidos en esta ficha t\u00e9cnica son la transcripci\u00f3n exacta de nuestro conocimiento del producto en la fecha mencionada. Son propiedad exclusiva de Fermentis-Divisi\u00f3n de S.I.Lesaffre. Es responsabilidad del usuario asegurarse de que el uso de este producto concreto cumple la legislaci\u00f3n.<\/i><\/p>\n","protected":false},"excerpt":{"rendered":"<p>Para vinos espumantes y para asegurar las fermentaciones<\/p>\n","protected":false},"featured_media":42060,"comment_status":"closed","ping_status":"closed","template":"","meta":{"_acf_changed":false},"product_brand":[],"product_cat":[1374,1372,1373],"product_tag":[2339,2340],"class_list":{"0":"post-42059","1":"product","2":"type-product","3":"status-publish","4":"has-post-thumbnail","6":"product_cat-wine-making-es","7":"product_cat-active-dry-yeast-wine-es","8":"product_cat-safoeno-es-2","9":"product_tag-vr-44-es","10":"product_tag-vr44-es","11":"pa_fermentation-temperature-10-es","12":"pa_fermentation-temperature-30-es","13":"pa_flavor-profile-fruity-es","14":"pa_flavor-profile-terpenes-es","15":"pa_kinetics-fast-es","16":"pa_max-alcohol-16-es","17":"pa_nutrients-need-very-low-es","18":"pa_red-fruity-profile-ripe-fruit-es","19":"pa_roundness-high-es","20":"pa_structure-low-es","21":"pa_wine-color-red-es","22":"pa_wine-color-rose-es","23":"pa_wine-color-sparkling-es","24":"pa_wine-color-white-es","26":"first","27":"instock","28":"shipping-taxable","29":"product-type-simple"},"acf":[],"yoast_head":"<!-- This site is optimized with the Yoast SEO Premium plugin v27.4 (Yoast SEO v27.4) - https:\/\/yoast.com\/product\/yoast-seo-premium-wordpress\/ -->\n<title>Saf\u0152no\u2122 VR 44 - Levadura enol\u00f3gica para asegurar las fermentaciones - Fermentis<\/title>\n<meta name=\"description\" content=\"La levadura enol\u00f3gica Saf\u0152no\u2122 VR 44 de Fermentis es ideal para producir tintos, rosados, blancos y espumantes en condiciones de vinificaci\u00f3n extremas. Obtenga ayuda con nuestra aplicaci\u00f3n\" \/>\n<meta name=\"robots\" content=\"index, follow, max-snippet:-1, max-image-preview:large, max-video-preview:-1\" \/>\n<link rel=\"canonical\" href=\"https:\/\/fermentis.com\/es\/producto\/safoeno-vr-44\/\" \/>\n<meta property=\"og:locale\" content=\"es_ES\" \/>\n<meta property=\"og:type\" content=\"article\" \/>\n<meta property=\"og:title\" content=\"Saf\u0152no\u2122 VR&nbsp;44\" \/>\n<meta property=\"og:description\" content=\"La levadura enol\u00f3gica Saf\u0152no\u2122 VR 44 de Fermentis es ideal para producir tintos, rosados, blancos y espumantes en condiciones de vinificaci\u00f3n extremas. Obtenga ayuda con nuestra aplicaci\u00f3n\" \/>\n<meta property=\"og:url\" content=\"https:\/\/fermentis.com\/es\/producto\/safoeno-vr-44\/\" \/>\n<meta property=\"og:site_name\" content=\"Fermentis\" \/>\n<meta property=\"article:publisher\" content=\"https:\/\/www.facebook.com\/Fermentis\" \/>\n<meta property=\"article:modified_time\" content=\"2026-04-17T17:57:37+00:00\" \/>\n<meta property=\"og:image\" content=\"https:\/\/fermentis.com\/wp-content\/uploads\/2020\/10\/safoeno-vr44.jpg\" \/>\n\t<meta property=\"og:image:width\" content=\"1200\" \/>\n\t<meta property=\"og:image:height\" content=\"1200\" \/>\n\t<meta property=\"og:image:type\" content=\"image\/jpeg\" \/>\n<meta name=\"twitter:card\" content=\"summary_large_image\" \/>\n<meta name=\"twitter:site\" content=\"@fermentis\" \/>\n<meta name=\"twitter:label1\" content=\"Precio\" \/>\n\t<meta name=\"twitter:data1\" content=\"\" \/>\n\t<meta name=\"twitter:label2\" content=\"Disponibilidad\" \/>\n\t<meta name=\"twitter:data2\" content=\"Disponible\" \/>\n<script type=\"application\/ld+json\" class=\"yoast-schema-graph\">{\"@context\":\"https:\\\/\\\/schema.org\",\"@graph\":[{\"@type\":\"WebPage\",\"@id\":\"https:\\\/\\\/fermentis.com\\\/es\\\/producto\\\/safoeno-vr-44\\\/\",\"url\":\"https:\\\/\\\/fermentis.com\\\/es\\\/producto\\\/safoeno-vr-44\\\/\",\"name\":\"Saf\u0152no\u2122 VR 44 - Levadura enol\u00f3gica para asegurar las fermentaciones - Fermentis\",\"isPartOf\":{\"@id\":\"https:\\\/\\\/fermentis.com\\\/es\\\/#website\"},\"primaryImageOfPage\":{\"@id\":\"https:\\\/\\\/fermentis.com\\\/es\\\/producto\\\/safoeno-vr-44\\\/#primaryimage\"},\"image\":{\"@id\":\"https:\\\/\\\/fermentis.com\\\/es\\\/producto\\\/safoeno-vr-44\\\/#primaryimage\"},\"thumbnailUrl\":\"https:\\\/\\\/fermentis.com\\\/wp-content\\\/uploads\\\/2020\\\/10\\\/safoeno-vr44.jpg\",\"datePublished\":\"2020-04-05T22:00:00+00:00\",\"dateModified\":\"2026-04-17T17:57:37+00:00\",\"description\":\"La levadura enol\u00f3gica Saf\u0152no\u2122 VR 44 de Fermentis es ideal para producir tintos, rosados, blancos y espumantes en condiciones de vinificaci\u00f3n extremas. Obtenga ayuda con nuestra aplicaci\u00f3n\",\"breadcrumb\":{\"@id\":\"https:\\\/\\\/fermentis.com\\\/es\\\/producto\\\/safoeno-vr-44\\\/#breadcrumb\"},\"inLanguage\":\"es\",\"potentialAction\":[{\"@type\":\"ReadAction\",\"target\":[\"https:\\\/\\\/fermentis.com\\\/es\\\/producto\\\/safoeno-vr-44\\\/\"]}]},{\"@type\":\"ImageObject\",\"inLanguage\":\"es\",\"@id\":\"https:\\\/\\\/fermentis.com\\\/es\\\/producto\\\/safoeno-vr-44\\\/#primaryimage\",\"url\":\"https:\\\/\\\/fermentis.com\\\/wp-content\\\/uploads\\\/2020\\\/10\\\/safoeno-vr44.jpg\",\"contentUrl\":\"https:\\\/\\\/fermentis.com\\\/wp-content\\\/uploads\\\/2020\\\/10\\\/safoeno-vr44.jpg\",\"width\":1200,\"height\":1200},{\"@type\":\"BreadcrumbList\",\"@id\":\"https:\\\/\\\/fermentis.com\\\/es\\\/producto\\\/safoeno-vr-44\\\/#breadcrumb\",\"itemListElement\":[{\"@type\":\"ListItem\",\"position\":1,\"name\":\"Home\",\"item\":\"https:\\\/\\\/fermentis.com\\\/es\\\/\"},{\"@type\":\"ListItem\",\"position\":2,\"name\":\"Productos\"},{\"@type\":\"ListItem\",\"position\":3,\"name\":\"Elaboraci\u00f3n de vino\",\"item\":\"https:\\\/\\\/fermentis.com\\\/es\\\/fermentation\\\/wine-making-es\\\/\"},{\"@type\":\"ListItem\",\"position\":4,\"name\":\"Saf\u0152no\u2122 VR&nbsp;44\"}]},{\"@type\":\"WebSite\",\"@id\":\"https:\\\/\\\/fermentis.com\\\/es\\\/#website\",\"url\":\"https:\\\/\\\/fermentis.com\\\/es\\\/\",\"name\":\"Fermentis\",\"description\":\"Un site utilisant WordPress\",\"publisher\":{\"@id\":\"https:\\\/\\\/fermentis.com\\\/es\\\/#organization\"},\"potentialAction\":[{\"@type\":\"SearchAction\",\"target\":{\"@type\":\"EntryPoint\",\"urlTemplate\":\"https:\\\/\\\/fermentis.com\\\/es\\\/?s={search_term_string}\"},\"query-input\":{\"@type\":\"PropertyValueSpecification\",\"valueRequired\":true,\"valueName\":\"search_term_string\"}}],\"inLanguage\":\"es\"},{\"@type\":\"Organization\",\"@id\":\"https:\\\/\\\/fermentis.com\\\/es\\\/#organization\",\"name\":\"Fermentis\",\"url\":\"https:\\\/\\\/fermentis.com\\\/es\\\/\",\"logo\":{\"@type\":\"ImageObject\",\"inLanguage\":\"es\",\"@id\":\"https:\\\/\\\/fermentis.com\\\/es\\\/#\\\/schema\\\/logo\\\/image\\\/\",\"url\":\"https:\\\/\\\/fermentis.com\\\/wp-content\\\/uploads\\\/2021\\\/07\\\/Logo-Fermentis-5.png\",\"contentUrl\":\"https:\\\/\\\/fermentis.com\\\/wp-content\\\/uploads\\\/2021\\\/07\\\/Logo-Fermentis-5.png\",\"width\":308,\"height\":95,\"caption\":\"Fermentis\"},\"image\":{\"@id\":\"https:\\\/\\\/fermentis.com\\\/es\\\/#\\\/schema\\\/logo\\\/image\\\/\"},\"sameAs\":[\"https:\\\/\\\/www.facebook.com\\\/Fermentis\",\"https:\\\/\\\/x.com\\\/fermentis\",\"https:\\\/\\\/www.instagram.com\\\/fermentisbylesaffre\\\/\",\"https:\\\/\\\/www.linkedin.com\\\/company\\\/fermentis\\\/\",\"https:\\\/\\\/www.youtube.com\\\/channel\\\/UCt_Lp3IZnUNXZeqSi6iiAdA\"]}]}<\/script>\n<meta property=\"product:price:currency\" content=\"GBP\" \/>\n<meta property=\"og:availability\" content=\"instock\" \/>\n<meta property=\"product:availability\" content=\"instock\" \/>\n<meta property=\"product:condition\" content=\"new\" \/>\n<!-- \/ Yoast SEO Premium plugin. -->","yoast_head_json":{"title":"Saf\u0152no\u2122 VR 44 - Levadura enol\u00f3gica para asegurar las fermentaciones - Fermentis","description":"La levadura enol\u00f3gica Saf\u0152no\u2122 VR 44 de Fermentis es ideal para producir tintos, rosados, blancos y espumantes en condiciones de vinificaci\u00f3n extremas. Obtenga ayuda con nuestra aplicaci\u00f3n","robots":{"index":"index","follow":"follow","max-snippet":"max-snippet:-1","max-image-preview":"max-image-preview:large","max-video-preview":"max-video-preview:-1"},"canonical":"https:\/\/fermentis.com\/es\/producto\/safoeno-vr-44\/","og_locale":"es_ES","og_type":"article","og_title":"Saf\u0152no\u2122 VR&nbsp;44","og_description":"La levadura enol\u00f3gica Saf\u0152no\u2122 VR 44 de Fermentis es ideal para producir tintos, rosados, blancos y espumantes en condiciones de vinificaci\u00f3n extremas. Obtenga ayuda con nuestra aplicaci\u00f3n","og_url":"https:\/\/fermentis.com\/es\/producto\/safoeno-vr-44\/","og_site_name":"Fermentis","article_publisher":"https:\/\/www.facebook.com\/Fermentis","article_modified_time":"2026-04-17T17:57:37+00:00","og_image":[{"width":1200,"height":1200,"url":"https:\/\/fermentis.com\/wp-content\/uploads\/2020\/10\/safoeno-vr44.jpg","type":"image\/jpeg"}],"twitter_card":"summary_large_image","twitter_site":"@fermentis","twitter_misc":{"Precio":"","Disponibilidad":"Disponible"},"schema":{"@context":"https:\/\/schema.org","@graph":[{"@type":"WebPage","@id":"https:\/\/fermentis.com\/es\/producto\/safoeno-vr-44\/","url":"https:\/\/fermentis.com\/es\/producto\/safoeno-vr-44\/","name":"Saf\u0152no\u2122 VR 44 - Levadura enol\u00f3gica para asegurar las fermentaciones - Fermentis","isPartOf":{"@id":"https:\/\/fermentis.com\/es\/#website"},"primaryImageOfPage":{"@id":"https:\/\/fermentis.com\/es\/producto\/safoeno-vr-44\/#primaryimage"},"image":{"@id":"https:\/\/fermentis.com\/es\/producto\/safoeno-vr-44\/#primaryimage"},"thumbnailUrl":"https:\/\/fermentis.com\/wp-content\/uploads\/2020\/10\/safoeno-vr44.jpg","datePublished":"2020-04-05T22:00:00+00:00","dateModified":"2026-04-17T17:57:37+00:00","description":"La levadura enol\u00f3gica Saf\u0152no\u2122 VR 44 de Fermentis es ideal para producir tintos, rosados, blancos y espumantes en condiciones de vinificaci\u00f3n extremas. Obtenga ayuda con nuestra aplicaci\u00f3n","breadcrumb":{"@id":"https:\/\/fermentis.com\/es\/producto\/safoeno-vr-44\/#breadcrumb"},"inLanguage":"es","potentialAction":[{"@type":"ReadAction","target":["https:\/\/fermentis.com\/es\/producto\/safoeno-vr-44\/"]}]},{"@type":"ImageObject","inLanguage":"es","@id":"https:\/\/fermentis.com\/es\/producto\/safoeno-vr-44\/#primaryimage","url":"https:\/\/fermentis.com\/wp-content\/uploads\/2020\/10\/safoeno-vr44.jpg","contentUrl":"https:\/\/fermentis.com\/wp-content\/uploads\/2020\/10\/safoeno-vr44.jpg","width":1200,"height":1200},{"@type":"BreadcrumbList","@id":"https:\/\/fermentis.com\/es\/producto\/safoeno-vr-44\/#breadcrumb","itemListElement":[{"@type":"ListItem","position":1,"name":"Home","item":"https:\/\/fermentis.com\/es\/"},{"@type":"ListItem","position":2,"name":"Productos"},{"@type":"ListItem","position":3,"name":"Elaboraci\u00f3n de vino","item":"https:\/\/fermentis.com\/es\/fermentation\/wine-making-es\/"},{"@type":"ListItem","position":4,"name":"Saf\u0152no\u2122 VR&nbsp;44"}]},{"@type":"WebSite","@id":"https:\/\/fermentis.com\/es\/#website","url":"https:\/\/fermentis.com\/es\/","name":"Fermentis","description":"Un site utilisant WordPress","publisher":{"@id":"https:\/\/fermentis.com\/es\/#organization"},"potentialAction":[{"@type":"SearchAction","target":{"@type":"EntryPoint","urlTemplate":"https:\/\/fermentis.com\/es\/?s={search_term_string}"},"query-input":{"@type":"PropertyValueSpecification","valueRequired":true,"valueName":"search_term_string"}}],"inLanguage":"es"},{"@type":"Organization","@id":"https:\/\/fermentis.com\/es\/#organization","name":"Fermentis","url":"https:\/\/fermentis.com\/es\/","logo":{"@type":"ImageObject","inLanguage":"es","@id":"https:\/\/fermentis.com\/es\/#\/schema\/logo\/image\/","url":"https:\/\/fermentis.com\/wp-content\/uploads\/2021\/07\/Logo-Fermentis-5.png","contentUrl":"https:\/\/fermentis.com\/wp-content\/uploads\/2021\/07\/Logo-Fermentis-5.png","width":308,"height":95,"caption":"Fermentis"},"image":{"@id":"https:\/\/fermentis.com\/es\/#\/schema\/logo\/image\/"},"sameAs":["https:\/\/www.facebook.com\/Fermentis","https:\/\/x.com\/fermentis","https:\/\/www.instagram.com\/fermentisbylesaffre\/","https:\/\/www.linkedin.com\/company\/fermentis\/","https:\/\/www.youtube.com\/channel\/UCt_Lp3IZnUNXZeqSi6iiAdA"]}]},"product_price_currency":"GBP","og_availability":"instock","product_availability":"instock","product_condition":"new"},"_links":{"self":[{"href":"https:\/\/fermentis.com\/es\/wp-json\/wp\/v2\/product\/42059","targetHints":{"allow":["GET"]}}],"collection":[{"href":"https:\/\/fermentis.com\/es\/wp-json\/wp\/v2\/product"}],"about":[{"href":"https:\/\/fermentis.com\/es\/wp-json\/wp\/v2\/types\/product"}],"replies":[{"embeddable":true,"href":"https:\/\/fermentis.com\/es\/wp-json\/wp\/v2\/comments?post=42059"}],"wp:featuredmedia":[{"embeddable":true,"href":"https:\/\/fermentis.com\/es\/wp-json\/wp\/v2\/media\/42060"}],"wp:attachment":[{"href":"https:\/\/fermentis.com\/es\/wp-json\/wp\/v2\/media?parent=42059"}],"wp:term":[{"taxonomy":"product_brand","embeddable":true,"href":"https:\/\/fermentis.com\/es\/wp-json\/wp\/v2\/product_brand?post=42059"},{"taxonomy":"product_cat","embeddable":true,"href":"https:\/\/fermentis.com\/es\/wp-json\/wp\/v2\/product_cat?post=42059"},{"taxonomy":"product_tag","embeddable":true,"href":"https:\/\/fermentis.com\/es\/wp-json\/wp\/v2\/product_tag?post=42059"}],"curies":[{"name":"wp","href":"https:\/\/api.w.org\/{rel}","templated":true}]}}