{"id":42139,"date":"2017-03-20T00:00:00","date_gmt":"2017-03-19T23:00:00","guid":{"rendered":"https:\/\/fermentis.com\/product\/springferm-br-2\/"},"modified":"2026-04-11T14:51:41","modified_gmt":"2026-04-11T12:51:41","slug":"springferm-br-2","status":"publish","type":"product","link":"https:\/\/fermentis.com\/es\/producto\/springferm-br-2\/","title":{"rendered":"SpringFerm\u2122 BR-2"},"content":{"rendered":"<div class=\"container section-title-container\" ><h2 class=\"section-title section-title-center\"><b aria-hidden=\"true\"><\/b><span class=\"section-title-main\" style=\"font-size:115%;\">El paquete integral para la salud de sus levaduras<\/span><b aria-hidden=\"true\"><\/b><\/h2><\/div>\n<p>Esta ayuda a la fermentaci\u00f3n es un nutriente de levadura complejo y equilibrado basado en las sinergias de factores de crecimiento org\u00e1nicos, minerales y vitam\u00ednicos. Su f\u00f3rmula se ha estudiado espec\u00edficamente para optimizar sus efectos sobre el crecimiento y la supervivencia de la levadura. Reduce el riesgo de fermentaciones lentas o atascadas, t\u00edpicas del mosto que contiene adjuntos.<\/p>\n<p><strong><\/strong>Ingredientes: Levadura inactivada (rica en factores de crecimiento), Sulfato de zinc, Sulfato de manganeso.<\/p>\n\t<div id=\"gap-1349031671\" class=\"gap-element clearfix\" style=\"display:block; height:auto;\">\n\t\t\n<style>\n#gap-1349031671 {\n  padding-top: 30px;\n}\n<\/style>\n\t<\/div>\n\t\n<div class=\"container section-title-container\" ><h3 class=\"section-title section-title-center\"><b aria-hidden=\"true\"><\/b><span class=\"section-title-main\" style=\"font-size:115%;\">Caracter\u00edsticas t\u00e9cnicas de SpringFerm\u2122 BR-2<\/span><b aria-hidden=\"true\"><\/b><\/h3><\/div>\n\n\t\t<div class=\"tabbed-content\">\n\t\t\t\n\t\t\t<ul class=\"nav nav-tabs nav-uppercase nav-size-normal nav-left\" role=\"tablist\"><li id=\"tab-dosificaci\u00f3n;-modo-de-empleo\" class=\"tab active has-icon\" role=\"presentation\"><a href=\"#tab_dosificaci\u00f3n;-modo-de-empleo\" role=\"tab\" aria-selected=\"true\" aria-controls=\"tab_dosificaci\u00f3n;-modo-de-empleo\"><span>Dosificaci\u00f3n; modo de empleo<\/span><\/a><\/li>\n<li id=\"tab-propiedades\" class=\"tab has-icon\" role=\"presentation\"><a href=\"#tab_propiedades\" tabindex=\"-1\" role=\"tab\" aria-selected=\"false\" aria-controls=\"tab_propiedades\"><span>Propiedades<\/span><\/a><\/li>\n<li id=\"tab-an\u00e1lisis-microbiol\u00f3gio\" class=\"tab has-icon\" role=\"presentation\"><a href=\"#tab_an\u00e1lisis-microbiol\u00f3gio\" tabindex=\"-1\" role=\"tab\" aria-selected=\"false\" aria-controls=\"tab_an\u00e1lisis-microbiol\u00f3gio\"><span>An\u00e1lisis microbiol\u00f3gio<\/span><\/a><\/li>\n<li id=\"tab-almacenamiento-y-vida-\u00fatil\" class=\"tab has-icon\" role=\"presentation\"><a href=\"#tab_almacenamiento-y-vida-\u00fatil\" tabindex=\"-1\" role=\"tab\" aria-selected=\"false\" aria-controls=\"tab_almacenamiento-y-vida-\u00fatil\"><span>Almacenamiento y vida \u00fatil<\/span><\/a><\/li><\/ul><div class=\"tab-panels\"><div id=\"tab_dosificaci\u00f3n;-modo-de-empleo\" class=\"panel active entry-content\" role=\"tabpanel\" aria-labelledby=\"tab-dosificaci\u00f3n;-modo-de-empleo\">\n<h3>Dosis\/Temperatura<\/h3>\n<p><strong>De 1 g\/hl a 15 g\/hl en funci\u00f3n de la composici\u00f3n del mosto.<\/strong><\/p>\n<h5>Utilizaci\u00f3n<\/h5>\n<p>SpringFerm\u2122 BR-2 debe mezclarse en mosto\/agua y a\u00f1adirse directamente al tanque de fermentaci\u00f3n. No se recomienda mezclar el SpringFerm\u2122 BR-2 con levadura seca durante el paso de rehidrataci\u00f3n.<\/p>\n<\/div>\n<div id=\"tab_propiedades\" class=\"panel entry-content\" role=\"tabpanel\" aria-labelledby=\"tab-propiedades\">\n<p>Fermentis SpringFerm BR-2 es un paquete de salud para su levadura. Gracias a su nitr\u00f3geno asimilable, disminuye los riesgos de desviaciones organol\u00e9pticas (acidez vol\u00e1til, H<sub>2<\/sub>S). Aumenta la vitalidad de la levadura por lo que puede potenciar la atenuaci\u00f3n final y reducir el contenido de diacetilo en la cerveza final.<\/p>\n<\/div>\n<div id=\"tab_an\u00e1lisis-microbiol\u00f3gio\" class=\"panel entry-content\" role=\"tabpanel\" aria-labelledby=\"tab-an\u00e1lisis-microbiol\u00f3gio\">\n<ul>\n<li>Bacterias totales*: &lt; 1 \/ ml<\/li>\n<li>Bacterias ac\u00e9ticas*: &lt; 1 \/ ml<\/li>\n<li><em>Lactobacillus<\/em>*: &lt; 1 \/ ml<\/li>\n<li><em>Pediococcus<\/em>*: &lt; 1 \/ ml<\/li>\n<li>Levadura salvaje no <em>Saccharomyces<\/em>*: &lt; 1 \/ ml<\/li>\n<\/ul>\n<p>Microorganismos pat\u00f3genos: conforme a la reglamentaci\u00f3n.* cuando<em> se utiliza a 1g\/hl<\/em><\/p>\n<\/div>\n<div id=\"tab_almacenamiento-y-vida-\u00fatil\" class=\"panel entry-content\" role=\"tabpanel\" aria-labelledby=\"tab-almacenamiento-y-vida-\u00fatil\">\n<h4>Almacenamiento<\/h4>\n<p>Para menos de 6 meses: el producto debe almacenarse a menos de 24\u00b0C. Durante m\u00e1s de 6 meses: el producto debe almacenarse a menos de 15\u00b0C. Para periodos cortos no superiores a 7 d\u00edas existe una excepci\u00f3n a estas normas.<\/p>\n<h4>Caducidad<\/h4>\n<p>36 meses a partir de la fecha de producci\u00f3n. Consulte la fecha de caducidad impresa en el sobre.<\/p>\n<p><em>Cada levadura Fermentis se desarrolla seg\u00fan un esquema de producci\u00f3n espec\u00edfico y se beneficia de los conocimientos t\u00e9cnicos del grupo Lesaffre, l\u00edder mundial en la fabricaci\u00f3n de levaduras. Esto garantiza la m\u00e1xima pureza microbiol\u00f3gica y la m\u00e1xima actividad de fermentaci\u00f3n.<\/em><\/p>\n<\/div><\/div><\/div>\n","protected":false},"excerpt":{"rendered":"<p>El paquete integral para la salud de sus levaduras<\/p>\n","protected":false},"featured_media":42140,"comment_status":"closed","ping_status":"closed","template":"","meta":{"_acf_changed":false},"product_brand":[],"product_cat":[2524,1356,2525],"product_tag":[2526,2527],"class_list":{"0":"post-42139","1":"product","2":"type-product","3":"status-publish","4":"has-post-thumbnail","6":"product_cat-fermentation-aids-es","7":"product_cat-beer-brewing-solutions-es","8":"product_cat-springferm-es-2","9":"product_tag-br-2-es","10":"product_tag-br2-es","12":"first","13":"instock","14":"shipping-taxable","15":"product-type-simple"},"acf":[],"yoast_head":"<!-- This site is optimized with the Yoast SEO Premium plugin v27.3 (Yoast SEO v27.3) - https:\/\/yoast.com\/product\/yoast-seo-premium-wordpress\/ -->\n<title>SpringFerm BR-2 - Activador de fermentaci\u00f3n a base de levaduras - Fermentis<\/title>\n<meta name=\"description\" content=\"El activador de fermentaci\u00f3n SpringFerm BR-2 de Fermentis es un complejo nutritivo ideal para optimizar el crecimiento de las levaduras y solucionar fermentaciones languidecientes o paralizadas.\" \/>\n<meta name=\"robots\" content=\"index, follow, max-snippet:-1, max-image-preview:large, max-video-preview:-1\" \/>\n<link rel=\"canonical\" href=\"https:\/\/fermentis.com\/es\/producto\/springferm-br-2\/\" \/>\n<meta property=\"og:locale\" content=\"es_ES\" \/>\n<meta property=\"og:type\" content=\"article\" \/>\n<meta property=\"og:title\" content=\"SpringFerm\u2122 BR-2\" \/>\n<meta property=\"og:description\" content=\"El activador de fermentaci\u00f3n SpringFerm BR-2 de Fermentis es un complejo nutritivo ideal para optimizar el crecimiento de las levaduras y solucionar fermentaciones languidecientes o paralizadas.\" \/>\n<meta property=\"og:url\" content=\"https:\/\/fermentis.com\/es\/producto\/springferm-br-2\/\" \/>\n<meta property=\"og:site_name\" content=\"Fermentis\" \/>\n<meta property=\"article:publisher\" content=\"https:\/\/www.facebook.com\/Fermentis\" \/>\n<meta property=\"article:modified_time\" content=\"2026-04-11T12:51:41+00:00\" \/>\n<meta property=\"og:image\" content=\"https:\/\/fermentis.com\/wp-content\/uploads\/2020\/10\/springferm-br2.png\" \/>\n\t<meta property=\"og:image:width\" content=\"1200\" \/>\n\t<meta property=\"og:image:height\" content=\"1200\" \/>\n\t<meta property=\"og:image:type\" content=\"image\/png\" \/>\n<meta name=\"twitter:card\" content=\"summary_large_image\" \/>\n<meta name=\"twitter:site\" content=\"@fermentis\" \/>\n<meta name=\"twitter:label1\" content=\"Precio\" \/>\n\t<meta name=\"twitter:data1\" content=\"\" \/>\n\t<meta name=\"twitter:label2\" content=\"Disponibilidad\" \/>\n\t<meta name=\"twitter:data2\" content=\"Disponible\" \/>\n<script type=\"application\/ld+json\" class=\"yoast-schema-graph\">{\"@context\":\"https:\\\/\\\/schema.org\",\"@graph\":[{\"@type\":\"WebPage\",\"@id\":\"https:\\\/\\\/fermentis.com\\\/es\\\/producto\\\/springferm-br-2\\\/\",\"url\":\"https:\\\/\\\/fermentis.com\\\/es\\\/producto\\\/springferm-br-2\\\/\",\"name\":\"SpringFerm BR-2 - Activador de fermentaci\u00f3n a base de levaduras - Fermentis\",\"isPartOf\":{\"@id\":\"https:\\\/\\\/fermentis.com\\\/es\\\/#website\"},\"primaryImageOfPage\":{\"@id\":\"https:\\\/\\\/fermentis.com\\\/es\\\/producto\\\/springferm-br-2\\\/#primaryimage\"},\"image\":{\"@id\":\"https:\\\/\\\/fermentis.com\\\/es\\\/producto\\\/springferm-br-2\\\/#primaryimage\"},\"thumbnailUrl\":\"https:\\\/\\\/fermentis.com\\\/wp-content\\\/uploads\\\/2020\\\/10\\\/springferm-br2.png\",\"datePublished\":\"2017-03-19T23:00:00+00:00\",\"dateModified\":\"2026-04-11T12:51:41+00:00\",\"description\":\"El activador de fermentaci\u00f3n SpringFerm BR-2 de Fermentis es un complejo nutritivo ideal para optimizar el crecimiento de las levaduras y solucionar fermentaciones languidecientes o paralizadas.\",\"breadcrumb\":{\"@id\":\"https:\\\/\\\/fermentis.com\\\/es\\\/producto\\\/springferm-br-2\\\/#breadcrumb\"},\"inLanguage\":\"es\",\"potentialAction\":[{\"@type\":\"ReadAction\",\"target\":[\"https:\\\/\\\/fermentis.com\\\/es\\\/producto\\\/springferm-br-2\\\/\"]}]},{\"@type\":\"ImageObject\",\"inLanguage\":\"es\",\"@id\":\"https:\\\/\\\/fermentis.com\\\/es\\\/producto\\\/springferm-br-2\\\/#primaryimage\",\"url\":\"https:\\\/\\\/fermentis.com\\\/wp-content\\\/uploads\\\/2020\\\/10\\\/springferm-br2.png\",\"contentUrl\":\"https:\\\/\\\/fermentis.com\\\/wp-content\\\/uploads\\\/2020\\\/10\\\/springferm-br2.png\",\"width\":1200,\"height\":1200},{\"@type\":\"BreadcrumbList\",\"@id\":\"https:\\\/\\\/fermentis.com\\\/es\\\/producto\\\/springferm-br-2\\\/#breadcrumb\",\"itemListElement\":[{\"@type\":\"ListItem\",\"position\":1,\"name\":\"Home\",\"item\":\"https:\\\/\\\/fermentis.com\\\/es\\\/\"},{\"@type\":\"ListItem\",\"position\":2,\"name\":\"Productos\"},{\"@type\":\"ListItem\",\"position\":3,\"name\":\"Soluciones para cerveza y elaboraci\u00f3n\",\"item\":\"https:\\\/\\\/fermentis.com\\\/es\\\/fermentation\\\/beer-brewing-solutions-es\\\/\"},{\"@type\":\"ListItem\",\"position\":4,\"name\":\"Auxiliares de fermentaci\u00f3n para cerveza\",\"item\":\"https:\\\/\\\/fermentis.com\\\/es\\\/fermentation\\\/beer-brewing-solutions-es\\\/fermentation-aids-es\\\/\"},{\"@type\":\"ListItem\",\"position\":5,\"name\":\"SpringFerm\u2122\",\"item\":\"https:\\\/\\\/fermentis.com\\\/es\\\/fermentation\\\/beer-brewing-solutions-es\\\/fermentation-aids-es\\\/springferm-es-2\\\/\"},{\"@type\":\"ListItem\",\"position\":6,\"name\":\"SpringFerm\u2122 BR-2\"}]},{\"@type\":\"WebSite\",\"@id\":\"https:\\\/\\\/fermentis.com\\\/es\\\/#website\",\"url\":\"https:\\\/\\\/fermentis.com\\\/es\\\/\",\"name\":\"Fermentis\",\"description\":\"Un site utilisant WordPress\",\"publisher\":{\"@id\":\"https:\\\/\\\/fermentis.com\\\/es\\\/#organization\"},\"potentialAction\":[{\"@type\":\"SearchAction\",\"target\":{\"@type\":\"EntryPoint\",\"urlTemplate\":\"https:\\\/\\\/fermentis.com\\\/es\\\/?s={search_term_string}\"},\"query-input\":{\"@type\":\"PropertyValueSpecification\",\"valueRequired\":true,\"valueName\":\"search_term_string\"}}],\"inLanguage\":\"es\"},{\"@type\":\"Organization\",\"@id\":\"https:\\\/\\\/fermentis.com\\\/es\\\/#organization\",\"name\":\"Fermentis\",\"url\":\"https:\\\/\\\/fermentis.com\\\/es\\\/\",\"logo\":{\"@type\":\"ImageObject\",\"inLanguage\":\"es\",\"@id\":\"https:\\\/\\\/fermentis.com\\\/es\\\/#\\\/schema\\\/logo\\\/image\\\/\",\"url\":\"https:\\\/\\\/fermentis.com\\\/wp-content\\\/uploads\\\/2021\\\/07\\\/Logo-Fermentis-5.png\",\"contentUrl\":\"https:\\\/\\\/fermentis.com\\\/wp-content\\\/uploads\\\/2021\\\/07\\\/Logo-Fermentis-5.png\",\"width\":308,\"height\":95,\"caption\":\"Fermentis\"},\"image\":{\"@id\":\"https:\\\/\\\/fermentis.com\\\/es\\\/#\\\/schema\\\/logo\\\/image\\\/\"},\"sameAs\":[\"https:\\\/\\\/www.facebook.com\\\/Fermentis\",\"https:\\\/\\\/x.com\\\/fermentis\",\"https:\\\/\\\/www.instagram.com\\\/fermentisbylesaffre\\\/\",\"https:\\\/\\\/www.linkedin.com\\\/company\\\/fermentis\\\/\",\"https:\\\/\\\/www.youtube.com\\\/channel\\\/UCt_Lp3IZnUNXZeqSi6iiAdA\"]}]}<\/script>\n<meta property=\"product:price:currency\" content=\"GBP\" \/>\n<meta property=\"og:availability\" content=\"instock\" \/>\n<meta property=\"product:availability\" content=\"instock\" \/>\n<meta property=\"product:condition\" content=\"new\" \/>\n<!-- \/ Yoast SEO Premium plugin. -->","yoast_head_json":{"title":"SpringFerm BR-2 - Activador de fermentaci\u00f3n a base de levaduras - Fermentis","description":"El activador de fermentaci\u00f3n SpringFerm BR-2 de Fermentis es un complejo nutritivo ideal para optimizar el crecimiento de las levaduras y solucionar fermentaciones languidecientes o paralizadas.","robots":{"index":"index","follow":"follow","max-snippet":"max-snippet:-1","max-image-preview":"max-image-preview:large","max-video-preview":"max-video-preview:-1"},"canonical":"https:\/\/fermentis.com\/es\/producto\/springferm-br-2\/","og_locale":"es_ES","og_type":"article","og_title":"SpringFerm\u2122 BR-2","og_description":"El activador de fermentaci\u00f3n SpringFerm BR-2 de Fermentis es un complejo nutritivo ideal para optimizar el crecimiento de las levaduras y solucionar fermentaciones languidecientes o paralizadas.","og_url":"https:\/\/fermentis.com\/es\/producto\/springferm-br-2\/","og_site_name":"Fermentis","article_publisher":"https:\/\/www.facebook.com\/Fermentis","article_modified_time":"2026-04-11T12:51:41+00:00","og_image":[{"width":1200,"height":1200,"url":"https:\/\/fermentis.com\/wp-content\/uploads\/2020\/10\/springferm-br2.png","type":"image\/png"}],"twitter_card":"summary_large_image","twitter_site":"@fermentis","twitter_misc":{"Precio":"","Disponibilidad":"Disponible"},"schema":{"@context":"https:\/\/schema.org","@graph":[{"@type":"WebPage","@id":"https:\/\/fermentis.com\/es\/producto\/springferm-br-2\/","url":"https:\/\/fermentis.com\/es\/producto\/springferm-br-2\/","name":"SpringFerm BR-2 - Activador de fermentaci\u00f3n a base de levaduras - Fermentis","isPartOf":{"@id":"https:\/\/fermentis.com\/es\/#website"},"primaryImageOfPage":{"@id":"https:\/\/fermentis.com\/es\/producto\/springferm-br-2\/#primaryimage"},"image":{"@id":"https:\/\/fermentis.com\/es\/producto\/springferm-br-2\/#primaryimage"},"thumbnailUrl":"https:\/\/fermentis.com\/wp-content\/uploads\/2020\/10\/springferm-br2.png","datePublished":"2017-03-19T23:00:00+00:00","dateModified":"2026-04-11T12:51:41+00:00","description":"El activador de fermentaci\u00f3n SpringFerm BR-2 de Fermentis es un complejo nutritivo ideal para optimizar el crecimiento de las levaduras y solucionar fermentaciones languidecientes o paralizadas.","breadcrumb":{"@id":"https:\/\/fermentis.com\/es\/producto\/springferm-br-2\/#breadcrumb"},"inLanguage":"es","potentialAction":[{"@type":"ReadAction","target":["https:\/\/fermentis.com\/es\/producto\/springferm-br-2\/"]}]},{"@type":"ImageObject","inLanguage":"es","@id":"https:\/\/fermentis.com\/es\/producto\/springferm-br-2\/#primaryimage","url":"https:\/\/fermentis.com\/wp-content\/uploads\/2020\/10\/springferm-br2.png","contentUrl":"https:\/\/fermentis.com\/wp-content\/uploads\/2020\/10\/springferm-br2.png","width":1200,"height":1200},{"@type":"BreadcrumbList","@id":"https:\/\/fermentis.com\/es\/producto\/springferm-br-2\/#breadcrumb","itemListElement":[{"@type":"ListItem","position":1,"name":"Home","item":"https:\/\/fermentis.com\/es\/"},{"@type":"ListItem","position":2,"name":"Productos"},{"@type":"ListItem","position":3,"name":"Soluciones para cerveza y elaboraci\u00f3n","item":"https:\/\/fermentis.com\/es\/fermentation\/beer-brewing-solutions-es\/"},{"@type":"ListItem","position":4,"name":"Auxiliares de fermentaci\u00f3n para cerveza","item":"https:\/\/fermentis.com\/es\/fermentation\/beer-brewing-solutions-es\/fermentation-aids-es\/"},{"@type":"ListItem","position":5,"name":"SpringFerm\u2122","item":"https:\/\/fermentis.com\/es\/fermentation\/beer-brewing-solutions-es\/fermentation-aids-es\/springferm-es-2\/"},{"@type":"ListItem","position":6,"name":"SpringFerm\u2122 BR-2"}]},{"@type":"WebSite","@id":"https:\/\/fermentis.com\/es\/#website","url":"https:\/\/fermentis.com\/es\/","name":"Fermentis","description":"Un site utilisant WordPress","publisher":{"@id":"https:\/\/fermentis.com\/es\/#organization"},"potentialAction":[{"@type":"SearchAction","target":{"@type":"EntryPoint","urlTemplate":"https:\/\/fermentis.com\/es\/?s={search_term_string}"},"query-input":{"@type":"PropertyValueSpecification","valueRequired":true,"valueName":"search_term_string"}}],"inLanguage":"es"},{"@type":"Organization","@id":"https:\/\/fermentis.com\/es\/#organization","name":"Fermentis","url":"https:\/\/fermentis.com\/es\/","logo":{"@type":"ImageObject","inLanguage":"es","@id":"https:\/\/fermentis.com\/es\/#\/schema\/logo\/image\/","url":"https:\/\/fermentis.com\/wp-content\/uploads\/2021\/07\/Logo-Fermentis-5.png","contentUrl":"https:\/\/fermentis.com\/wp-content\/uploads\/2021\/07\/Logo-Fermentis-5.png","width":308,"height":95,"caption":"Fermentis"},"image":{"@id":"https:\/\/fermentis.com\/es\/#\/schema\/logo\/image\/"},"sameAs":["https:\/\/www.facebook.com\/Fermentis","https:\/\/x.com\/fermentis","https:\/\/www.instagram.com\/fermentisbylesaffre\/","https:\/\/www.linkedin.com\/company\/fermentis\/","https:\/\/www.youtube.com\/channel\/UCt_Lp3IZnUNXZeqSi6iiAdA"]}]},"product_price_currency":"GBP","og_availability":"instock","product_availability":"instock","product_condition":"new"},"_links":{"self":[{"href":"https:\/\/fermentis.com\/es\/wp-json\/wp\/v2\/product\/42139","targetHints":{"allow":["GET"]}}],"collection":[{"href":"https:\/\/fermentis.com\/es\/wp-json\/wp\/v2\/product"}],"about":[{"href":"https:\/\/fermentis.com\/es\/wp-json\/wp\/v2\/types\/product"}],"replies":[{"embeddable":true,"href":"https:\/\/fermentis.com\/es\/wp-json\/wp\/v2\/comments?post=42139"}],"wp:featuredmedia":[{"embeddable":true,"href":"https:\/\/fermentis.com\/es\/wp-json\/wp\/v2\/media\/42140"}],"wp:attachment":[{"href":"https:\/\/fermentis.com\/es\/wp-json\/wp\/v2\/media?parent=42139"}],"wp:term":[{"taxonomy":"product_brand","embeddable":true,"href":"https:\/\/fermentis.com\/es\/wp-json\/wp\/v2\/product_brand?post=42139"},{"taxonomy":"product_cat","embeddable":true,"href":"https:\/\/fermentis.com\/es\/wp-json\/wp\/v2\/product_cat?post=42139"},{"taxonomy":"product_tag","embeddable":true,"href":"https:\/\/fermentis.com\/es\/wp-json\/wp\/v2\/product_tag?post=42139"}],"curies":[{"name":"wp","href":"https:\/\/api.w.org\/{rel}","templated":true}]}}