{"id":24750,"date":"2020-02-08T00:00:00","date_gmt":"2020-02-07T23:00:00","guid":{"rendered":"https:\/\/demo3.lesaffre.misyl.net\/?page_id=24750"},"modified":"2026-04-18T16:08:57","modified_gmt":"2026-04-18T14:08:57","slug":"fermentation-solutions","status":"publish","type":"page","link":"https:\/\/fermentis.com\/fr\/fermentation-solutions\/","title":{"rendered":"Solutions de fermentation"},"content":{"rendered":"\n\t<section class=\"section info-cards-chess-box\" id=\"section_1924636634\">\n\t\t<div class=\"section-bg fill\" >\n\t\t\t\t\t\t\t\t\t\n\t\t\t\n\n\t\t<\/div>\n\n\t\t\n\n\t\t<div class=\"section-content relative\">\n\t\t\t\n<div class=\"is-divider divider clearfix\" style=\"max-width:0px;\"><\/div>\n<div class=\"row row-collapse align-middle\"  id=\"row-105825334\">\n\n\t<div id=\"col-556945860\" class=\"col medium-6 small-12 large-6\"  >\n\t\t\t\t<div class=\"col-inner\"  >\n\t\t\t\n\t\t\t\n\n  <div class=\"banner has-hover\" id=\"banner-32322229\">\n          <div class=\"banner-inner fill\">\n        <div class=\"banner-bg fill\" >\n            <img loading=\"lazy\" decoding=\"async\" width=\"1536\" height=\"400\" src=\"https:\/\/fermentis.com\/wp-content\/uploads\/2025\/05\/Beerstyle-BANNER-02-1536x400.jpg\" class=\"bg attachment-1536x1536 size-1536x1536\" alt=\"\" \/>                                    \n                    <\/div>\n\t\t\n        <div class=\"banner-layers container\">\n            <div class=\"fill banner-link\"><\/div>            \n   <div id=\"text-box-945398500\" class=\"text-box banner-layer x50 md-x50 lg-x50 y90 md-y90 lg-y90 res-text\">\n                                <div class=\"text-box-content text dark\">\n              \n              <div class=\"text-inner text-left\">\n                  \n\t<div id=\"text-3794545544\" class=\"text\">\n\t\t\n<p>YEAST &amp; FERMENTATION SOLUTIONS<\/p>\n<h1 class=\"uppercase thin-font lead\" data-padding=\"5px\">beer &amp; BREWING<\/h1>\n\t\t\n<style>\n#text-3794545544 {\n  font-size: 0.8rem;\n  text-align: center;\n}\n<\/style>\n\t<\/div>\n\t\n<div class=\"text-center\"><div class=\"is-divider divider clearfix\" style=\"max-width:0px;height:45px;\"><\/div><\/div>\n              <\/div>\n           <\/div>\n                            \n<style>\n#text-box-945398500 {\n  width: 76%;\n}\n#text-box-945398500 .text-box-content {\n  font-size: 100%;\n}\n<\/style>\n    <\/div>\n \n        <\/div>\n      <\/div>\n\n            \n<style>\n#banner-32322229 {\n  padding-top: 312px;\n}\n#banner-32322229 .banner-bg img {\n  object-position: 41% 60%;\n}\n<\/style>\n  <\/div>\n\n\n<div class=\"is-divider divider clearfix\" style=\"max-width:0px;\"><\/div>\n\t\t<\/div>\n\t\t\t\t\t<\/div>\n\n\t\n\n\t<div id=\"col-406816875\" class=\"col medium-6 small-12 large-6\"  >\n\t\t\t\t<div class=\"col-inner\"  >\n\t\t\t\n\t\t\t\n<div class=\"row align-center\"  id=\"row-815605378\">\n\n\t<div id=\"col-408826893\" class=\"col medium-10 small-10 large-8\"  >\n\t\t\t\t<div class=\"col-inner\"  >\n\t\t\t\n\t\t\t\n<p>Vous recherchez des levures de bi\u00e8re, des auxiliaires de fermentation ou des produits fonctionnels pour vous aider \u00e0 brasser les meilleures bi\u00e8res ? Vous \u00eates au bon endroit.<\/p>\n<a href=\"https:\/\/fermentis.com\/fr\/fermentation-solutions\/beer\/\" class=\"button primary is-outline\" style=\"border-radius:91px;\">\n\t\t<span>Aller \u00e0 la bi\u00e8re<\/span>\n\t<i class=\"icon-angle-right\" aria-hidden=\"true\"><\/i><\/a>\n\n\t\t<\/div>\n\t\t\t\t\t<\/div>\n\n\t\n<\/div>\n\t\t<\/div>\n\t\t\t\t\n<style>\n#col-406816875 > .col-inner {\n  padding: 10% 0px 0px 0px;\n}\n<\/style>\n\t<\/div>\n\n\t\n<\/div>\n<div class=\"row row-collapse align-middle\"  id=\"row-804166737\">\n\n\t<div id=\"col-1627437301\" class=\"col medium-6 small-12 large-6\"  >\n\t\t\t\t<div class=\"col-inner\"  >\n\t\t\t\n\t\t\t\n\n  <div class=\"banner has-hover\" id=\"banner-2058400976\">\n          <div class=\"banner-inner fill\">\n        <div class=\"banner-bg fill\" >\n            <img loading=\"lazy\" decoding=\"async\" width=\"1528\" height=\"707\" src=\"https:\/\/fermentis.com\/wp-content\/uploads\/2020\/02\/Wine.jpg\" class=\"bg attachment-2048x2048 size-2048x2048\" alt=\"\" \/>                                    \n                    <\/div>\n\t\t\n        <div class=\"banner-layers container\">\n            <div class=\"fill banner-link\"><\/div>            \n   <div id=\"text-box-1378676915\" class=\"text-box banner-layer x50 md-x50 lg-x50 y90 md-y90 lg-y90 res-text\">\n                                <div class=\"text-box-content text dark\">\n              \n              <div class=\"text-inner text-left\">\n                  \n\t<div id=\"text-262775281\" class=\"text\">\n\t\t\n<p>YEAST &amp; FERMENTATION SOLUTIONS<\/p>\n<h1 class=\"uppercase thin-font lead\" data-padding=\"5px\">WINEMAKING<\/h1>\n\t\t\n<style>\n#text-262775281 {\n  font-size: 0.8rem;\n  text-align: center;\n}\n<\/style>\n\t<\/div>\n\t\n<div class=\"text-center\"><div class=\"is-divider divider clearfix\" style=\"max-width:0px;height:45px;\"><\/div><\/div>\n              <\/div>\n           <\/div>\n                            \n<style>\n#text-box-1378676915 {\n  width: 76%;\n}\n#text-box-1378676915 .text-box-content {\n  font-size: 100%;\n}\n<\/style>\n    <\/div>\n \n        <\/div>\n      <\/div>\n\n            \n<style>\n#banner-2058400976 {\n  padding-top: 312px;\n}\n#banner-2058400976 .banner-bg img {\n  object-position: 82% 7%;\n}\n<\/style>\n  <\/div>\n\n\n\t\t<\/div>\n\t\t\t\t\n<style>\n#col-1627437301 > .col-inner {\n  padding: 0px 0px 0px 0px;\n}\n<\/style>\n\t<\/div>\n\n\t\n\n\t<div id=\"col-1147869502\" class=\"col medium-6 small-12 large-6 small-col-first\"  >\n\t\t\t\t<div class=\"col-inner\"  >\n\t\t\t\n\t\t\t\n<div class=\"row align-center\"  id=\"row-1302676348\">\n\n\t<div id=\"col-358249954\" class=\"col medium-10 small-10 large-8\"  >\n\t\t\t\t<div class=\"col-inner\"  >\n\t\t\t\n\t\t\t\n<p>D\u00e9couvrez notre vaste gamme de levures s\u00e8ches actives et d\u2019autres produits con\u00e7us pour la vinification.<\/p>\n<a href=\"https:\/\/fermentis.com\/fr\/fermentation-solutions\/wine\/\" class=\"button alert is-outline\" style=\"border-radius:86px;\">\n\t\t<span>Aller au vin<\/span>\n\t<i class=\"icon-angle-right\" aria-hidden=\"true\"><\/i><\/a>\n\n\t\t<\/div>\n\t\t\t\t\t<\/div>\n\n\t\n<\/div>\n\t\t<\/div>\n\t\t\t\t\t<\/div>\n\n\t\n<\/div>\n<div class=\"row row-collapse align-middle\"  id=\"row-1281804249\">\n\n\t<div id=\"col-56395799\" class=\"col medium-6 small-12 large-6\"  >\n\t\t\t\t<div class=\"col-inner\"  >\n\t\t\t\n\t\t\t\n<div class=\"is-divider divider clearfix\" style=\"max-width:0px;\"><\/div>\n\n  <div class=\"banner has-hover\" id=\"banner-26762613\">\n          <div class=\"banner-inner fill\">\n        <div class=\"banner-bg fill\" >\n            <img loading=\"lazy\" decoding=\"async\" width=\"1528\" height=\"707\" src=\"https:\/\/fermentis.com\/wp-content\/uploads\/2020\/02\/Spirits.jpg\" class=\"bg attachment-2048x2048 size-2048x2048\" alt=\"\" \/>                                    \n                    <\/div>\n\t\t\n        <div class=\"banner-layers container\">\n            <div class=\"fill banner-link\"><\/div>            \n   <div id=\"text-box-618782477\" class=\"text-box banner-layer x50 md-x50 lg-x50 y90 md-y90 lg-y90 res-text\">\n                                <div class=\"text-box-content text dark\">\n              \n              <div class=\"text-inner text-left\">\n                  \n\t<div id=\"text-1818815585\" class=\"text\">\n\t\t\n<p>YEAST &amp; FERMENTATION SOLUTIONS<\/p>\n<h1 class=\"uppercase thin-font lead\" data-padding=\"5px\">Spirits &amp; distilling<\/h1>\n\t\t\n<style>\n#text-1818815585 {\n  font-size: 0.8rem;\n  text-align: center;\n}\n<\/style>\n\t<\/div>\n\t\n<div class=\"text-center\"><div class=\"is-divider divider clearfix\" style=\"max-width:0px;height:45px;\"><\/div><\/div>\n              <\/div>\n           <\/div>\n                            \n<style>\n#text-box-618782477 {\n  width: 80%;\n}\n#text-box-618782477 .text-box-content {\n  font-size: 100%;\n}\n<\/style>\n    <\/div>\n \n        <\/div>\n      <\/div>\n\n            \n<style>\n#banner-26762613 {\n  padding-top: 312px;\n}\n#banner-26762613 .banner-bg img {\n  object-position: 82% 7%;\n}\n<\/style>\n  <\/div>\n\n\n<div class=\"is-divider divider clearfix\" style=\"max-width:0px;\"><\/div>\n\t\t<\/div>\n\t\t\t\t\t<\/div>\n\n\t\n\n\t<div id=\"col-581955885\" class=\"col medium-6 small-12 large-6\"  >\n\t\t\t\t<div class=\"col-inner\"  >\n\t\t\t\n\t\t\t\n<div class=\"row align-center\"  id=\"row-1938653261\">\n\n\t<div id=\"col-1428296648\" class=\"col medium-10 small-10 large-8\"  >\n\t\t\t\t<div class=\"col-inner\"  >\n\t\t\t\n\t\t\t\n<p>Parcourez notre gamme de levures et de produits de fermentation sp\u00e9cialement con\u00e7us pour l&#039;industrie des spiritueux et de la distillerie.<\/p>\n<a href=\"https:\/\/fermentis.com\/fr\/fermentation-solutions\/spirits\/\" class=\"button white is-outline\" style=\"border-radius:99px;\">\n\t\t<span>Aller aux spiritueux<\/span>\n\t<i class=\"icon-angle-right\" aria-hidden=\"true\"><\/i><\/a>\n\n\t\t<\/div>\n\t\t\t\t\t<\/div>\n\n\t\n<\/div>\n\t\t<\/div>\n\t\t\t\t\n<style>\n#col-581955885 > .col-inner {\n  padding: 10% 0px 0px 0px;\n}\n<\/style>\n\t<\/div>\n\n\t\n<\/div>\n<div class=\"row row-collapse align-middle\"  id=\"row-97267634\">\n\n\t<div id=\"col-1440141417\" class=\"col medium-6 small-12 large-6\"  >\n\t\t\t\t<div class=\"col-inner\"  >\n\t\t\t\n\t\t\t\n\n  <div class=\"banner has-hover\" id=\"banner-1112651468\">\n          <div class=\"banner-inner fill\">\n        <div class=\"banner-bg fill\" >\n            <img loading=\"lazy\" decoding=\"async\" width=\"1528\" height=\"707\" src=\"https:\/\/fermentis.com\/wp-content\/uploads\/2020\/02\/Cider.jpg\" class=\"bg attachment-2048x2048 size-2048x2048\" alt=\"\" \/>                                    \n                    <\/div>\n\t\t\n        <div class=\"banner-layers container\">\n            <div class=\"fill banner-link\"><\/div>            \n   <div id=\"text-box-807125207\" class=\"text-box banner-layer x50 md-x50 lg-x50 y90 md-y90 lg-y90 res-text\">\n                                <div class=\"text-box-content text dark\">\n              \n              <div class=\"text-inner text-left\">\n                  \n\t<div id=\"text-3088376773\" class=\"text\">\n\t\t\n<p>YEAST &amp; FERMENTATION SOLUTIONS<\/p>\n<h1 class=\"uppercase thin-font lead\" data-padding=\"5px\">CIDERMAKING<\/h1>\n\t\t\n<style>\n#text-3088376773 {\n  font-size: 0.8rem;\n  text-align: center;\n}\n<\/style>\n\t<\/div>\n\t\n<div class=\"text-center\"><div class=\"is-divider divider clearfix\" style=\"max-width:0px;height:45px;\"><\/div><\/div>\n              <\/div>\n           <\/div>\n                            \n<style>\n#text-box-807125207 {\n  width: 76%;\n}\n#text-box-807125207 .text-box-content {\n  font-size: 100%;\n}\n<\/style>\n    <\/div>\n \n        <\/div>\n      <\/div>\n\n            \n<style>\n#banner-1112651468 {\n  padding-top: 312px;\n}\n#banner-1112651468 .banner-bg img {\n  object-position: 82% 7%;\n}\n<\/style>\n  <\/div>\n\n\n\t\t<\/div>\n\t\t\t\t\t<\/div>\n\n\t\n\n\t<div id=\"col-823736539\" class=\"col medium-6 small-12 large-6\"  >\n\t\t\t\t<div class=\"col-inner\"  >\n\t\t\t\n\t\t\t\n<div class=\"row align-center\"  id=\"row-109347308\">\n\n\t<div id=\"col-275167593\" class=\"col medium-8 small-12 large-8\"  >\n\t\t\t\t<div class=\"col-inner\"  >\n\t\t\t\n\t\t\t\n<p>D\u00e9couvrez notre gamme de levures et de produits de fermentation sp\u00e9cialement con\u00e7us pour l&#039;\u00e9laboration du cidre.<\/p>\n<a href=\"https:\/\/fermentis.com\/fr\/fermentation-solutions\/cider\/\" class=\"button success is-outline\" style=\"border-radius:90px;\">\n\t\t<span>Aller au cidre<\/span>\n\t<i class=\"icon-angle-right\" aria-hidden=\"true\"><\/i><\/a>\n\n\t\t<\/div>\n\t\t\t\t\t<\/div>\n\n\t\n<\/div>\n\t\t<\/div>\n\t\t\t\t\t<\/div>\n\n\t\n<\/div>\n<div class=\"is-divider divider clearfix\" style=\"max-width:0px;height:34px;\"><\/div>\n\t\t<\/div>\n\n\t\t\n<style>\n#section_1924636634 {\n  padding-top: 0px;\n  padding-bottom: 0px;\n}\n<\/style>\n\t<\/section>\n\t\n","protected":false},"excerpt":{"rendered":"","protected":false},"author":2,"featured_media":0,"parent":0,"menu_order":0,"comment_status":"closed","ping_status":"open","template":"page-blank.php","meta":{"_acf_changed":false,"footnotes":""},"class_list":["post-24750","page","type-page","status-publish","hentry"],"acf":[],"yoast_head":"<!-- This site is optimized with the Yoast SEO Premium plugin v27.4 (Yoast SEO v27.4) - https:\/\/yoast.com\/product\/yoast-seo-premium-wordpress\/ -->\n<title>Solutions de fermentation - Fermentis<\/title>\n<meta name=\"description\" content=\"Nous vous proposons une large gamme de produits \u00e0 travers nos solutions de fermentation quelle que soit la boisson que vous souhaitez produire, nous avons ce qu&#039;il vous faut !\" \/>\n<meta name=\"robots\" content=\"index, follow, max-snippet:-1, max-image-preview:large, max-video-preview:-1\" \/>\n<link rel=\"canonical\" href=\"https:\/\/fermentis.com\/fr\/fermentation-solutions\/\" \/>\n<meta property=\"og:locale\" content=\"fr_FR\" \/>\n<meta property=\"og:type\" content=\"article\" \/>\n<meta property=\"og:title\" content=\"Solutions de fermentation\" \/>\n<meta property=\"og:description\" content=\"Nous vous proposons une large gamme de produits \u00e0 travers nos solutions de fermentation quelle que soit la boisson que vous souhaitez produire, nous avons ce qu&#039;il vous faut !\" \/>\n<meta property=\"og:url\" content=\"https:\/\/fermentis.com\/fr\/fermentation-solutions\/\" \/>\n<meta property=\"og:site_name\" content=\"Fermentis\" \/>\n<meta property=\"article:publisher\" content=\"https:\/\/www.facebook.com\/Fermentis\" \/>\n<meta property=\"article:modified_time\" content=\"2026-04-18T14:08:57+00:00\" \/>\n<meta property=\"og:image\" content=\"https:\/\/fermentis.com\/wp-content\/uploads\/2021\/07\/website-v2.png\" \/>\n\t<meta property=\"og:image:width\" content=\"1903\" \/>\n\t<meta property=\"og:image:height\" content=\"901\" \/>\n\t<meta property=\"og:image:type\" content=\"image\/png\" \/>\n<meta name=\"twitter:card\" content=\"summary_large_image\" \/>\n<meta name=\"twitter:site\" content=\"@fermentis\" \/>\n<meta name=\"twitter:label1\" content=\"Dur\u00e9e de lecture estim\u00e9e\" \/>\n\t<meta name=\"twitter:data1\" content=\"3 minutes\" \/>\n<script type=\"application\/ld+json\" class=\"yoast-schema-graph\">{\"@context\":\"https:\\\/\\\/schema.org\",\"@graph\":[{\"@type\":\"WebPage\",\"@id\":\"https:\\\/\\\/fermentis.com\\\/fr\\\/fermentation-solutions\\\/\",\"url\":\"https:\\\/\\\/fermentis.com\\\/fr\\\/fermentation-solutions\\\/\",\"name\":\"Solutions de fermentation - Fermentis\",\"isPartOf\":{\"@id\":\"https:\\\/\\\/fermentis.com\\\/fr\\\/#website\"},\"datePublished\":\"2020-02-07T23:00:00+00:00\",\"dateModified\":\"2026-04-18T14:08:57+00:00\",\"description\":\"Nous vous proposons une large gamme de produits \u00e0 travers nos solutions de fermentation quelle que soit la boisson que vous souhaitez produire, nous avons ce qu'il vous faut !\",\"breadcrumb\":{\"@id\":\"https:\\\/\\\/fermentis.com\\\/fr\\\/fermentation-solutions\\\/#breadcrumb\"},\"inLanguage\":\"fr-FR\",\"potentialAction\":[{\"@type\":\"ReadAction\",\"target\":[\"https:\\\/\\\/fermentis.com\\\/fr\\\/fermentation-solutions\\\/\"]}]},{\"@type\":\"BreadcrumbList\",\"@id\":\"https:\\\/\\\/fermentis.com\\\/fr\\\/fermentation-solutions\\\/#breadcrumb\",\"itemListElement\":[{\"@type\":\"ListItem\",\"position\":1,\"name\":\"Home\",\"item\":\"https:\\\/\\\/fermentis.com\\\/fr\\\/\"},{\"@type\":\"ListItem\",\"position\":2,\"name\":\"Solutions de fermentation\"}]},{\"@type\":\"WebSite\",\"@id\":\"https:\\\/\\\/fermentis.com\\\/fr\\\/#website\",\"url\":\"https:\\\/\\\/fermentis.com\\\/fr\\\/\",\"name\":\"Fermentis\",\"description\":\"Un site utilisant WordPress\",\"publisher\":{\"@id\":\"https:\\\/\\\/fermentis.com\\\/fr\\\/#organization\"},\"potentialAction\":[{\"@type\":\"SearchAction\",\"target\":{\"@type\":\"EntryPoint\",\"urlTemplate\":\"https:\\\/\\\/fermentis.com\\\/fr\\\/?s={search_term_string}\"},\"query-input\":{\"@type\":\"PropertyValueSpecification\",\"valueRequired\":true,\"valueName\":\"search_term_string\"}}],\"inLanguage\":\"fr-FR\"},{\"@type\":\"Organization\",\"@id\":\"https:\\\/\\\/fermentis.com\\\/fr\\\/#organization\",\"name\":\"Fermentis\",\"url\":\"https:\\\/\\\/fermentis.com\\\/fr\\\/\",\"logo\":{\"@type\":\"ImageObject\",\"inLanguage\":\"fr-FR\",\"@id\":\"https:\\\/\\\/fermentis.com\\\/fr\\\/#\\\/schema\\\/logo\\\/image\\\/\",\"url\":\"https:\\\/\\\/fermentis.com\\\/wp-content\\\/uploads\\\/2021\\\/07\\\/Logo-Fermentis-5.png\",\"contentUrl\":\"https:\\\/\\\/fermentis.com\\\/wp-content\\\/uploads\\\/2021\\\/07\\\/Logo-Fermentis-5.png\",\"width\":308,\"height\":95,\"caption\":\"Fermentis\"},\"image\":{\"@id\":\"https:\\\/\\\/fermentis.com\\\/fr\\\/#\\\/schema\\\/logo\\\/image\\\/\"},\"sameAs\":[\"https:\\\/\\\/www.facebook.com\\\/Fermentis\",\"https:\\\/\\\/x.com\\\/fermentis\",\"https:\\\/\\\/www.instagram.com\\\/fermentisbylesaffre\\\/\",\"https:\\\/\\\/www.linkedin.com\\\/company\\\/fermentis\\\/\",\"https:\\\/\\\/www.youtube.com\\\/channel\\\/UCt_Lp3IZnUNXZeqSi6iiAdA\"]}]}<\/script>\n<!-- \/ Yoast SEO Premium plugin. -->","yoast_head_json":{"title":"Solutions de fermentation - Fermentis","description":"Nous vous proposons une large gamme de produits \u00e0 travers nos solutions de fermentation quelle que soit la boisson que vous souhaitez produire, nous avons ce qu'il vous faut !","robots":{"index":"index","follow":"follow","max-snippet":"max-snippet:-1","max-image-preview":"max-image-preview:large","max-video-preview":"max-video-preview:-1"},"canonical":"https:\/\/fermentis.com\/fr\/fermentation-solutions\/","og_locale":"fr_FR","og_type":"article","og_title":"Solutions de fermentation","og_description":"Nous vous proposons une large gamme de produits \u00e0 travers nos solutions de fermentation quelle que soit la boisson que vous souhaitez produire, nous avons ce qu'il vous faut !","og_url":"https:\/\/fermentis.com\/fr\/fermentation-solutions\/","og_site_name":"Fermentis","article_publisher":"https:\/\/www.facebook.com\/Fermentis","article_modified_time":"2026-04-18T14:08:57+00:00","og_image":[{"width":1903,"height":901,"url":"https:\/\/fermentis.com\/wp-content\/uploads\/2021\/07\/website-v2.png","type":"image\/png"}],"twitter_card":"summary_large_image","twitter_site":"@fermentis","twitter_misc":{"Dur\u00e9e de lecture estim\u00e9e":"3 minutes"},"schema":{"@context":"https:\/\/schema.org","@graph":[{"@type":"WebPage","@id":"https:\/\/fermentis.com\/fr\/fermentation-solutions\/","url":"https:\/\/fermentis.com\/fr\/fermentation-solutions\/","name":"Solutions de fermentation - Fermentis","isPartOf":{"@id":"https:\/\/fermentis.com\/fr\/#website"},"datePublished":"2020-02-07T23:00:00+00:00","dateModified":"2026-04-18T14:08:57+00:00","description":"Nous vous proposons une large gamme de produits \u00e0 travers nos solutions de fermentation quelle que soit la boisson que vous souhaitez produire, nous avons ce qu'il vous faut !","breadcrumb":{"@id":"https:\/\/fermentis.com\/fr\/fermentation-solutions\/#breadcrumb"},"inLanguage":"fr-FR","potentialAction":[{"@type":"ReadAction","target":["https:\/\/fermentis.com\/fr\/fermentation-solutions\/"]}]},{"@type":"BreadcrumbList","@id":"https:\/\/fermentis.com\/fr\/fermentation-solutions\/#breadcrumb","itemListElement":[{"@type":"ListItem","position":1,"name":"Home","item":"https:\/\/fermentis.com\/fr\/"},{"@type":"ListItem","position":2,"name":"Solutions de fermentation"}]},{"@type":"WebSite","@id":"https:\/\/fermentis.com\/fr\/#website","url":"https:\/\/fermentis.com\/fr\/","name":"Fermentis","description":"Un site utilisant WordPress","publisher":{"@id":"https:\/\/fermentis.com\/fr\/#organization"},"potentialAction":[{"@type":"SearchAction","target":{"@type":"EntryPoint","urlTemplate":"https:\/\/fermentis.com\/fr\/?s={search_term_string}"},"query-input":{"@type":"PropertyValueSpecification","valueRequired":true,"valueName":"search_term_string"}}],"inLanguage":"fr-FR"},{"@type":"Organization","@id":"https:\/\/fermentis.com\/fr\/#organization","name":"Fermentis","url":"https:\/\/fermentis.com\/fr\/","logo":{"@type":"ImageObject","inLanguage":"fr-FR","@id":"https:\/\/fermentis.com\/fr\/#\/schema\/logo\/image\/","url":"https:\/\/fermentis.com\/wp-content\/uploads\/2021\/07\/Logo-Fermentis-5.png","contentUrl":"https:\/\/fermentis.com\/wp-content\/uploads\/2021\/07\/Logo-Fermentis-5.png","width":308,"height":95,"caption":"Fermentis"},"image":{"@id":"https:\/\/fermentis.com\/fr\/#\/schema\/logo\/image\/"},"sameAs":["https:\/\/www.facebook.com\/Fermentis","https:\/\/x.com\/fermentis","https:\/\/www.instagram.com\/fermentisbylesaffre\/","https:\/\/www.linkedin.com\/company\/fermentis\/","https:\/\/www.youtube.com\/channel\/UCt_Lp3IZnUNXZeqSi6iiAdA"]}]}},"_links":{"self":[{"href":"https:\/\/fermentis.com\/fr\/wp-json\/wp\/v2\/pages\/24750","targetHints":{"allow":["GET"]}}],"collection":[{"href":"https:\/\/fermentis.com\/fr\/wp-json\/wp\/v2\/pages"}],"about":[{"href":"https:\/\/fermentis.com\/fr\/wp-json\/wp\/v2\/types\/page"}],"author":[{"embeddable":true,"href":"https:\/\/fermentis.com\/fr\/wp-json\/wp\/v2\/users\/2"}],"replies":[{"embeddable":true,"href":"https:\/\/fermentis.com\/fr\/wp-json\/wp\/v2\/comments?post=24750"}],"version-history":[{"count":5104,"href":"https:\/\/fermentis.com\/fr\/wp-json\/wp\/v2\/pages\/24750\/revisions"}],"predecessor-version":[{"id":717660,"href":"https:\/\/fermentis.com\/fr\/wp-json\/wp\/v2\/pages\/24750\/revisions\/717660"}],"wp:attachment":[{"href":"https:\/\/fermentis.com\/fr\/wp-json\/wp\/v2\/media?parent=24750"}],"curies":[{"name":"wp","href":"https:\/\/api.w.org\/{rel}","templated":true}]}}