{"id":27908,"date":"2020-03-02T00:00:00","date_gmt":"2020-03-01T23:00:00","guid":{"rendered":"http:\/\/fermentis.com\/homebrew-con-2019-in-one-word-passion\/easy-to-use\/"},"modified":"2026-03-13T16:17:40","modified_gmt":"2026-03-13T15:17:40","slug":"easy-2-use","status":"publish","type":"page","link":"https:\/\/fermentis.com\/fr\/easy-2-use\/","title":{"rendered":"Easy to Use"},"content":{"rendered":"\n\t<section class=\"section dark has-parallax\" id=\"section_1947629383\">\n\t\t<div class=\"section-bg fill\" data-parallax-container=\".section\" data-parallax-background data-parallax=\"-4\">\n\t\t\t<img loading=\"lazy\" decoding=\"async\" width=\"1841\" height=\"713\" src=\"https:\/\/fermentis.com\/wp-content\/uploads\/2020\/03\/easy-to-use.jpg\" class=\"bg attachment- size-\" alt=\"\" \/>\t\t\t\t\t\t<div class=\"section-bg-overlay absolute fill\"><\/div>\n\t\t\t\n\n\t\t<\/div>\n\n\t\t\n\n\t\t<div class=\"section-content relative\">\n\t\t\t\n<div class=\"row\"  id=\"row-116022228\">\n\n\t<div id=\"col-1657568600\" class=\"col medium-8 small-12 large-6\"  >\n\t\t\t\t<div class=\"col-inner\"  >\n\t\t\t\n\t\t\t\n<h6>Un label de qualit\u00e9 pour vos levures et d\u00e9riv\u00e9s<\/h6>\n<h1><span style=\"font-size: 200%\">E2U\u2122 &#8211; Easy to Use<\/span><\/h1>\n\t\t<\/div>\n\t\t\t\t\t<\/div>\n\n\t\n<\/div>\n\t\t<\/div>\n\n\t\t\n<style>\n#section_1947629383 {\n  padding-top: 30px;\n  padding-bottom: 30px;\n  min-height: 349px;\n}\n#section_1947629383 .section-bg-overlay {\n  background-color: rgba(52, 35, 35, 0.57);\n}\n<\/style>\n\t<\/section>\n\t\n<div class=\"row row-collapse align-right\"  id=\"row-1486751191\">\n\n\t<div id=\"col-1004883137\" class=\"col medium-6 small-12 large-6\"  >\n\t\t\t\t<div class=\"col-inner\" style=\"background-color:#4ac193;\" >\n\t\t\t\n\t\t\t\n\n\t<section class=\"section\" id=\"section_692936528\">\n\t\t<div class=\"section-bg fill\" >\n\t\t\t\t\t\t\t\t\t\n\t\t\t\n\n\t\t<\/div>\n\n\t\t\n\n\t\t<div class=\"section-content relative\">\n\t\t\t\n<div class=\"row row-collapse align-center\"  id=\"row-490842160\">\n\n\t<div id=\"col-14642378\" class=\"col small-12 large-12\"  >\n\t\t\t\t<div class=\"col-inner dark\"  >\n\t\t\t\n\t\t\t\n<h3><span style=\"font-size: 120%\">Utiliser nos produits n&#039;a jamais \u00e9t\u00e9 aussi simple. Avec E2U\u2122, gagnez un temps et des efforts pr\u00e9cieux : essayez maintenant et vous ne reviendrez jamais en arri\u00e8re. <\/span><\/h3>\n\t\t<\/div>\n\t\t\t\t\t<\/div>\n\n\t\n\n<style>\n#row-490842160 > .col > .col-inner {\n  padding: 40px 20px 20px 20px;\n}\n<\/style>\n<\/div>\n\t\t<\/div>\n\n\t\t\n<style>\n#section_692936528 {\n  padding-top: 0px;\n  padding-bottom: 0px;\n  background-color: rgb(239, 117, 0);\n}\n<\/style>\n\t<\/section>\n\t\n\t\t<\/div>\n\t\t\t\t\n<style>\n#col-1004883137 > .col-inner {\n  margin: -80px 0px 20px 0px;\n}\n<\/style>\n\t<\/div>\n\n\t\n<\/div>\n\n\t<section class=\"section\" id=\"section_134400361\">\n\t\t<div class=\"section-bg fill\" >\n\t\t\t\t\t\t\t\t\t\n\t\t\t\n\n\t\t<\/div>\n\n\t\t\n\n\t\t<div class=\"section-content relative\">\n\t\t\t\n<div class=\"row align-middle\"  id=\"row-2137818258\">\n\n\t<div id=\"col-1658848870\" class=\"col medium-6 small-12 large-6\"  >\n\t\t\t\t<div class=\"col-inner\"  >\n\t\t\t\n\t\t\t\n<h2>Comprendre E2U\u2122<\/h2>\n<p><strong>E2U\u2122 est une \u00e9tape r\u00e9volutionnaire franchie par Fermentis dans le monde des levures et d\u00e9riv\u00e9s de levures pour boissons. <\/strong><\/p>\n<p>Avec les produits certifi\u00e9s E2U\u2122, \u00e9conomisez du temps et de l&#039;\u00e9nergie. Avec moins de soucis \u00e0 vous faire, vous pouvez vous concentrer sur ce que vous faites le mieux : cr\u00e9er les meilleures boissons ferment\u00e9es pour vos clients.<\/p>\n<p>En ce qui concerne la levure, la certification E2U\u2122 signifie que vous pouvez choisir de l&#039;introduire directement dans le mo\u00fbt ou de proc\u00e9der \u00e0 la r\u00e9hydratation. Cela ne fait aucune diff\u00e9rence, c&#039;est \u00e0 vous de d\u00e9cider. Nous garantissons les m\u00eames r\u00e9sultats.<\/p>\n<p>Pour les d\u00e9riv\u00e9s de levure, avec les produits certifi\u00e9s E2U\u2122, vous b\u00e9n\u00e9ficierez d&#039;une faible \u00e9mission de poussi\u00e8re et d&#039;une grande dispersibilit\u00e9 dans la cuve.<\/p>\n<p>Vous pouvez consulter les d\u00e9tails ci-dessous.<\/p>\n\t\t<\/div>\n\t\t\t\t\t<\/div>\n\n\t\n\n\t<div id=\"col-631481299\" class=\"col medium-6 small-12 large-6\"  >\n\t\t\t\t<div class=\"col-inner text-center\"  >\n\t\t\t\n\t\t\t\n\n  <div class=\"banner has-hover\" id=\"banner-362753306\">\n          <div class=\"banner-inner fill\">\n        <div class=\"banner-bg fill\" >\n                                                \n                    <\/div>\n\t\t\n        <div class=\"banner-layers container\">\n            <div class=\"fill banner-link\"><\/div>            \n\t<div class=\"img has-hover x50 md-x50 lg-x50 y50 md-y50 lg-y50\" id=\"image_290475926\">\n\t\t\t\t\t\t\t\t<div class=\"img-inner dark\" >\n\t\t\t<img loading=\"lazy\" decoding=\"async\" width=\"1020\" height=\"959\" src=\"https:\/\/fermentis.com\/wp-content\/uploads\/2020\/03\/easy-2-use-logo-1024x963.png\" class=\"attachment-large size-large\" alt=\"\" srcset=\"https:\/\/fermentis.com\/wp-content\/uploads\/2020\/03\/easy-2-use-logo-1024x963.png 1024w, https:\/\/fermentis.com\/wp-content\/uploads\/2020\/03\/easy-2-use-logo-600x565.png 600w, https:\/\/fermentis.com\/wp-content\/uploads\/2020\/03\/easy-2-use-logo-300x282.png 300w, https:\/\/fermentis.com\/wp-content\/uploads\/2020\/03\/easy-2-use-logo-768x723.png 768w, https:\/\/fermentis.com\/wp-content\/uploads\/2020\/03\/easy-2-use-logo.png 1200w\" sizes=\"auto, (max-width: 1020px) 100vw, 1020px\" \/>\t\t\t\t\t\t\n\t\t\t\t\t<\/div>\n\t\t\t\t\t\t\t\t\n<style>\n#image_290475926 {\n  width: 50%;\n}\n<\/style>\n\t<\/div>\n\t\n        <\/div>\n      <\/div>\n\n            \n<style>\n#banner-362753306 {\n  padding-top: 60%;\n  background-color: rgb(255,255,255);\n}\n<\/style>\n  <\/div>\n\n\n\t\t<\/div>\n\t\t\t\t\t<\/div>\n\n\t\n<\/div>\n\t\t<\/div>\n\n\t\t\n<style>\n#section_134400361 {\n  padding-top: 0px;\n  padding-bottom: 0px;\n}\n<\/style>\n\t<\/section>\n\t\n<div class=\"row align-equal\"  id=\"row-804122006\">\n\n\t<div id=\"col-2145827920\" class=\"col medium-6 small-12 large-6\"  >\n\t\t\t\t<div class=\"col-inner\"  >\n\t\t\t\n\t\t\t\n\n\t<section class=\"section\" id=\"section_1557729636\">\n\t\t<div class=\"section-bg fill\" >\n\t\t\t\t\t\t\t\t\t\n\t\t\t\n\t<div class=\"is-border\"\n\t\tstyle=\"border-color:rgb(239, 117, 0);border-width:2px 2px 2px 2px;\">\n\t<\/div>\n\n\t\t<\/div>\n\n\t\t\n\n\t\t<div class=\"section-content relative\">\n\t\t\t\n<h6>01<\/h6>\n<h2>Levure s\u00e8che active Fermentis (SafYeast\u2122)<\/h2>\n<ul>\n<li><strong>Viabilit\u00e9 des cellules de levure<\/strong> : pas de diff\u00e9rence significative selon que vous dirigez le brai ou que vous r\u00e9hydratez<\/li>\n<li><strong>Performances fermentaires<\/strong> <span style=\"font-size: 14.4px\">(cin\u00e9tique, teneur en sucres, etc<\/span>\u2026) : pas de diff\u00e9rence significative selon que l&#039;on ensemence directement ou que l&#039;on r\u00e9hydrate<\/li>\n<li><strong>Go\u00fbt et ar\u00f4mes<\/strong> : aucun impact que vous dirigiez le semis ou que vous r\u00e9hydratiez<\/li>\n<\/ul>\n\t\t<\/div>\n\n\t\t\n<style>\n#section_1557729636 {\n  padding-top: 30px;\n  padding-bottom: 30px;\n}\n<\/style>\n\t<\/section>\n\t\n\t\t<\/div>\n\t\t\t\t\t<\/div>\n\n\t\n\n\t<div id=\"col-447848416\" class=\"col medium-6 small-12 large-6\"  >\n\t\t\t\t<div class=\"col-inner\"  >\n\t\t\t\n\t\t\t\n\n\t<section class=\"section dark\" id=\"section_1106685436\">\n\t\t<div class=\"section-bg fill\" >\n\t\t\t\t\t\t\t\t\t\n\t\t\t\n\t<div class=\"is-border\"\n\t\tstyle=\"border-color:rgb(239, 117, 0);border-width:2px 2px 2px 2px;\">\n\t<\/div>\n\n\t\t<\/div>\n\n\t\t\n\n\t\t<div class=\"section-content relative\">\n\t\t\t\n<h6>02<\/h6>\n<h2>D\u00e9riv\u00e9s de levure Fermentis<\/h2>\n<ul>\n<li><strong>Faible <\/strong>pulv\u00e9rulence (vous pouvez lancer sans aucun risque d&#039;inhalation)\n<\/p>\n<p>Il s\u2019agit du crit\u00e8re qui confirme qu\u2019un produit est \u00ab s\u00fbr \u00e0 utiliser \u00bb. La pulv\u00e9rulence mesure le risque d&#039;inhalation de fines particules lib\u00e9r\u00e9es par un sachet lors de son ouverture, notamment lorsqu&#039;il est ouvert assez rapidement ou vigoureusement. Plus les particules sont fines (ou \u00ab poussi\u00e9reuses \u00bb), plus le risque d\u2019inhalation est \u00e9lev\u00e9.<\/li>\n<li><strong>Haute dispersibilit\u00e9<\/strong> apr\u00e8s ensemen\u00e7age\n<\/p>\n<p>Cela mesure la capacit\u00e9 d&#039;une poudre \u00e0 se r\u00e9pandre de mani\u00e8re homog\u00e8ne dans un liquide lorsqu&#039;une agitation est appliqu\u00e9e. La poudre est consid\u00e9r\u00e9e comme dispersible lorsqu&#039;elle p\u00e9n\u00e8tre compl\u00e8tement dans le liquide sans cr\u00e9er de grumeaux (agr\u00e9gats). NB : la poudre est \u00ab dispers\u00e9e \u00bb et non \u00ab dissoute \u00bb car la plupart du temps nous consid\u00e9rons des d\u00e9riv\u00e9s de levure insolubles.<\/li>\n<\/ul>\n\t\t<\/div>\n\n\t\t\n<style>\n#section_1106685436 {\n  padding-top: 30px;\n  padding-bottom: 30px;\n  background-color: rgb(239, 117, 0);\n}\n<\/style>\n\t<\/section>\n\t\n\t\t<\/div>\n\t\t\t\t\t<\/div>\n\n\t\n<\/div>\n\n\t<section class=\"section\" id=\"section_1107849195\">\n\t\t<div class=\"section-bg fill\" >\n\t\t\t\t\t\t\t\t\t\n\t\t\t\n\n\t\t<\/div>\n\n\t\t\n\n\t\t<div class=\"section-content relative\">\n\t\t\t\n<div class=\"row row-large steps-simple-headline\"  id=\"row-275296882\">\n\n\t<div id=\"col-1561111893\" class=\"col medium-4 small-12 large-12\"  >\n\t\t\t\t<div class=\"col-inner\"  >\n\t\t\t\n\t\t\t\n<div class=\"video video-fit mb\" style=\"padding-top:52%;\"><p><iframe loading=\"lazy\" title=\"Direct pitching beer yeast [tips for brewers]\" width=\"1020\" height=\"574\" src=\"https:\/\/www.youtube.com\/embed\/qAluSoJeiWY?feature=oembed\" frameborder=\"0\" allow=\"accelerometer; autoplay; clipboard-write; encrypted-media; gyroscope; picture-in-picture\" allowfullscreen><\/iframe><\/p>\n<\/div>\n<h3><span style=\"font-size: 140%\">Plus de 90 % de la gamme de levures et d\u00e9riv\u00e9s Fermentis sont des E2U\u2122<\/span><\/h3>\n<p>Seuls les produits contenant des enzymes, comme SafBrew\u2122 HA-18, ne sont pas certifi\u00e9s E2U\u2122. Ils peuvent toujours \u00eatre ajout\u00e9s directement au mo\u00fbt ou au mo\u00fbt, mais il est pr\u00e9f\u00e9rable de les utiliser avec un \u00e9quipement de protection du visage comme un masque, pour \u00e9viter l&#039;inhalation et l&#039;inconfort potentiel.<\/p>\n\t\t<\/div>\n\t\t\t\t\t<\/div>\n\n\t\n<\/div>\n\t\t<\/div>\n\n\t\t\n<style>\n#section_1107849195 {\n  padding-top: 40px;\n  padding-bottom: 40px;\n}\n<\/style>\n\t<\/section>\n\t\n","protected":false},"excerpt":{"rendered":"","protected":false},"author":2,"featured_media":0,"parent":0,"menu_order":0,"comment_status":"closed","ping_status":"open","template":"page-blank.php","meta":{"_acf_changed":false,"footnotes":""},"class_list":["post-27908","page","type-page","status-publish","hentry"],"acf":[],"yoast_head":"<!-- This site is optimized with the Yoast SEO Premium plugin v27.3 (Yoast SEO v27.3) - https:\/\/yoast.com\/product\/yoast-seo-premium-wordpress\/ -->\n<title>Easy to Use - Fermentis<\/title>\n<meta name=\"description\" content=\"Facile \u00e0 utiliser, la solution pour vous aider \u00e0 \u00e9conomiser du temps, des efforts et de l&#039;\u00e9nergie dans le processus de fermentation. Avec Easy To Use, vous pouvez lancer directement !\" \/>\n<meta name=\"robots\" content=\"index, follow, max-snippet:-1, max-image-preview:large, max-video-preview:-1\" \/>\n<link rel=\"canonical\" href=\"https:\/\/fermentis.com\/fr\/easy-2-use\/\" \/>\n<meta property=\"og:locale\" content=\"fr_FR\" \/>\n<meta property=\"og:type\" content=\"article\" \/>\n<meta property=\"og:title\" content=\"Easy to Use\" \/>\n<meta property=\"og:description\" content=\"Facile \u00e0 utiliser, la solution pour vous aider \u00e0 \u00e9conomiser du temps, des efforts et de l&#039;\u00e9nergie dans le processus de fermentation. Avec Easy To Use, vous pouvez lancer directement !\" \/>\n<meta property=\"og:url\" content=\"https:\/\/fermentis.com\/fr\/easy-2-use\/\" \/>\n<meta property=\"og:site_name\" content=\"Fermentis\" \/>\n<meta property=\"article:publisher\" content=\"https:\/\/www.facebook.com\/Fermentis\" \/>\n<meta property=\"article:modified_time\" content=\"2026-03-13T15:17:40+00:00\" \/>\n<meta property=\"og:image\" content=\"https:\/\/fermentis.com\/wp-content\/uploads\/2021\/07\/website-v2.png\" \/>\n\t<meta property=\"og:image:width\" content=\"1903\" \/>\n\t<meta property=\"og:image:height\" content=\"901\" \/>\n\t<meta property=\"og:image:type\" content=\"image\/png\" \/>\n<meta name=\"twitter:card\" content=\"summary_large_image\" \/>\n<meta name=\"twitter:site\" content=\"@fermentis\" \/>\n<meta name=\"twitter:label1\" content=\"Dur\u00e9e de lecture estim\u00e9e\" \/>\n\t<meta name=\"twitter:data1\" content=\"3 minutes\" \/>\n<script type=\"application\/ld+json\" class=\"yoast-schema-graph\">{\"@context\":\"https:\\\/\\\/schema.org\",\"@graph\":[{\"@type\":\"WebPage\",\"@id\":\"https:\\\/\\\/fermentis.com\\\/fr\\\/easy-2-use\\\/\",\"url\":\"https:\\\/\\\/fermentis.com\\\/fr\\\/easy-2-use\\\/\",\"name\":\"Easy to Use - Fermentis\",\"isPartOf\":{\"@id\":\"https:\\\/\\\/fermentis.com\\\/fr\\\/#website\"},\"datePublished\":\"2020-03-01T23:00:00+00:00\",\"dateModified\":\"2026-03-13T15:17:40+00:00\",\"description\":\"Facile \u00e0 utiliser, la solution pour vous aider \u00e0 \u00e9conomiser du temps, des efforts et de l'\u00e9nergie dans le processus de fermentation. Avec Easy To Use, vous pouvez lancer directement !\",\"breadcrumb\":{\"@id\":\"https:\\\/\\\/fermentis.com\\\/fr\\\/easy-2-use\\\/#breadcrumb\"},\"inLanguage\":\"fr-FR\",\"potentialAction\":[{\"@type\":\"ReadAction\",\"target\":[\"https:\\\/\\\/fermentis.com\\\/fr\\\/easy-2-use\\\/\"]}]},{\"@type\":\"BreadcrumbList\",\"@id\":\"https:\\\/\\\/fermentis.com\\\/fr\\\/easy-2-use\\\/#breadcrumb\",\"itemListElement\":[{\"@type\":\"ListItem\",\"position\":1,\"name\":\"Home\",\"item\":\"https:\\\/\\\/fermentis.com\\\/fr\\\/\"},{\"@type\":\"ListItem\",\"position\":2,\"name\":\"Easy to Use\"}]},{\"@type\":\"WebSite\",\"@id\":\"https:\\\/\\\/fermentis.com\\\/fr\\\/#website\",\"url\":\"https:\\\/\\\/fermentis.com\\\/fr\\\/\",\"name\":\"Fermentis\",\"description\":\"Un site utilisant WordPress\",\"publisher\":{\"@id\":\"https:\\\/\\\/fermentis.com\\\/fr\\\/#organization\"},\"potentialAction\":[{\"@type\":\"SearchAction\",\"target\":{\"@type\":\"EntryPoint\",\"urlTemplate\":\"https:\\\/\\\/fermentis.com\\\/fr\\\/?s={search_term_string}\"},\"query-input\":{\"@type\":\"PropertyValueSpecification\",\"valueRequired\":true,\"valueName\":\"search_term_string\"}}],\"inLanguage\":\"fr-FR\"},{\"@type\":\"Organization\",\"@id\":\"https:\\\/\\\/fermentis.com\\\/fr\\\/#organization\",\"name\":\"Fermentis\",\"url\":\"https:\\\/\\\/fermentis.com\\\/fr\\\/\",\"logo\":{\"@type\":\"ImageObject\",\"inLanguage\":\"fr-FR\",\"@id\":\"https:\\\/\\\/fermentis.com\\\/fr\\\/#\\\/schema\\\/logo\\\/image\\\/\",\"url\":\"https:\\\/\\\/fermentis.com\\\/wp-content\\\/uploads\\\/2021\\\/07\\\/Logo-Fermentis-5.png\",\"contentUrl\":\"https:\\\/\\\/fermentis.com\\\/wp-content\\\/uploads\\\/2021\\\/07\\\/Logo-Fermentis-5.png\",\"width\":308,\"height\":95,\"caption\":\"Fermentis\"},\"image\":{\"@id\":\"https:\\\/\\\/fermentis.com\\\/fr\\\/#\\\/schema\\\/logo\\\/image\\\/\"},\"sameAs\":[\"https:\\\/\\\/www.facebook.com\\\/Fermentis\",\"https:\\\/\\\/x.com\\\/fermentis\",\"https:\\\/\\\/www.instagram.com\\\/fermentisbylesaffre\\\/\",\"https:\\\/\\\/www.linkedin.com\\\/company\\\/fermentis\\\/\",\"https:\\\/\\\/www.youtube.com\\\/channel\\\/UCt_Lp3IZnUNXZeqSi6iiAdA\"]}]}<\/script>\n<!-- \/ Yoast SEO Premium plugin. -->","yoast_head_json":{"title":"Easy to Use - Fermentis","description":"Facile \u00e0 utiliser, la solution pour vous aider \u00e0 \u00e9conomiser du temps, des efforts et de l'\u00e9nergie dans le processus de fermentation. Avec Easy To Use, vous pouvez lancer directement !","robots":{"index":"index","follow":"follow","max-snippet":"max-snippet:-1","max-image-preview":"max-image-preview:large","max-video-preview":"max-video-preview:-1"},"canonical":"https:\/\/fermentis.com\/fr\/easy-2-use\/","og_locale":"fr_FR","og_type":"article","og_title":"Easy to Use","og_description":"Facile \u00e0 utiliser, la solution pour vous aider \u00e0 \u00e9conomiser du temps, des efforts et de l'\u00e9nergie dans le processus de fermentation. Avec Easy To Use, vous pouvez lancer directement !","og_url":"https:\/\/fermentis.com\/fr\/easy-2-use\/","og_site_name":"Fermentis","article_publisher":"https:\/\/www.facebook.com\/Fermentis","article_modified_time":"2026-03-13T15:17:40+00:00","og_image":[{"width":1903,"height":901,"url":"https:\/\/fermentis.com\/wp-content\/uploads\/2021\/07\/website-v2.png","type":"image\/png"}],"twitter_card":"summary_large_image","twitter_site":"@fermentis","twitter_misc":{"Dur\u00e9e de lecture estim\u00e9e":"3 minutes"},"schema":{"@context":"https:\/\/schema.org","@graph":[{"@type":"WebPage","@id":"https:\/\/fermentis.com\/fr\/easy-2-use\/","url":"https:\/\/fermentis.com\/fr\/easy-2-use\/","name":"Easy to Use - Fermentis","isPartOf":{"@id":"https:\/\/fermentis.com\/fr\/#website"},"datePublished":"2020-03-01T23:00:00+00:00","dateModified":"2026-03-13T15:17:40+00:00","description":"Facile \u00e0 utiliser, la solution pour vous aider \u00e0 \u00e9conomiser du temps, des efforts et de l'\u00e9nergie dans le processus de fermentation. Avec Easy To Use, vous pouvez lancer directement !","breadcrumb":{"@id":"https:\/\/fermentis.com\/fr\/easy-2-use\/#breadcrumb"},"inLanguage":"fr-FR","potentialAction":[{"@type":"ReadAction","target":["https:\/\/fermentis.com\/fr\/easy-2-use\/"]}]},{"@type":"BreadcrumbList","@id":"https:\/\/fermentis.com\/fr\/easy-2-use\/#breadcrumb","itemListElement":[{"@type":"ListItem","position":1,"name":"Home","item":"https:\/\/fermentis.com\/fr\/"},{"@type":"ListItem","position":2,"name":"Easy to Use"}]},{"@type":"WebSite","@id":"https:\/\/fermentis.com\/fr\/#website","url":"https:\/\/fermentis.com\/fr\/","name":"Fermentis","description":"Un site utilisant WordPress","publisher":{"@id":"https:\/\/fermentis.com\/fr\/#organization"},"potentialAction":[{"@type":"SearchAction","target":{"@type":"EntryPoint","urlTemplate":"https:\/\/fermentis.com\/fr\/?s={search_term_string}"},"query-input":{"@type":"PropertyValueSpecification","valueRequired":true,"valueName":"search_term_string"}}],"inLanguage":"fr-FR"},{"@type":"Organization","@id":"https:\/\/fermentis.com\/fr\/#organization","name":"Fermentis","url":"https:\/\/fermentis.com\/fr\/","logo":{"@type":"ImageObject","inLanguage":"fr-FR","@id":"https:\/\/fermentis.com\/fr\/#\/schema\/logo\/image\/","url":"https:\/\/fermentis.com\/wp-content\/uploads\/2021\/07\/Logo-Fermentis-5.png","contentUrl":"https:\/\/fermentis.com\/wp-content\/uploads\/2021\/07\/Logo-Fermentis-5.png","width":308,"height":95,"caption":"Fermentis"},"image":{"@id":"https:\/\/fermentis.com\/fr\/#\/schema\/logo\/image\/"},"sameAs":["https:\/\/www.facebook.com\/Fermentis","https:\/\/x.com\/fermentis","https:\/\/www.instagram.com\/fermentisbylesaffre\/","https:\/\/www.linkedin.com\/company\/fermentis\/","https:\/\/www.youtube.com\/channel\/UCt_Lp3IZnUNXZeqSi6iiAdA"]}]}},"_links":{"self":[{"href":"https:\/\/fermentis.com\/fr\/wp-json\/wp\/v2\/pages\/27908","targetHints":{"allow":["GET"]}}],"collection":[{"href":"https:\/\/fermentis.com\/fr\/wp-json\/wp\/v2\/pages"}],"about":[{"href":"https:\/\/fermentis.com\/fr\/wp-json\/wp\/v2\/types\/page"}],"author":[{"embeddable":true,"href":"https:\/\/fermentis.com\/fr\/wp-json\/wp\/v2\/users\/2"}],"replies":[{"embeddable":true,"href":"https:\/\/fermentis.com\/fr\/wp-json\/wp\/v2\/comments?post=27908"}],"version-history":[{"count":1278,"href":"https:\/\/fermentis.com\/fr\/wp-json\/wp\/v2\/pages\/27908\/revisions"}],"predecessor-version":[{"id":660068,"href":"https:\/\/fermentis.com\/fr\/wp-json\/wp\/v2\/pages\/27908\/revisions\/660068"}],"wp:attachment":[{"href":"https:\/\/fermentis.com\/fr\/wp-json\/wp\/v2\/media?parent=27908"}],"curies":[{"name":"wp","href":"https:\/\/api.w.org\/{rel}","templated":true}]}}