{"id":27911,"date":"2020-02-20T00:00:00","date_gmt":"2020-02-19T23:00:00","guid":{"rendered":"http:\/\/fermentis.com\/nouveaux-produits\/"},"modified":"2026-04-07T13:49:12","modified_gmt":"2026-04-07T11:49:12","slug":"new-products","status":"publish","type":"page","link":"https:\/\/fermentis.com\/fr\/our-company\/research\/new-products\/","title":{"rendered":"D\u00e9veloppement de produits"},"content":{"rendered":"\n  <div class=\"banner has-hover has-parallax\" id=\"banner-244881083\">\n          <div class=\"banner-inner fill\">\n        <div class=\"banner-bg fill\" data-parallax=\"-6\" data-parallax-container=\".banner\" data-parallax-background>\n            <img loading=\"lazy\" decoding=\"async\" width=\"1867\" height=\"833\" src=\"https:\/\/fermentis.com\/wp-content\/uploads\/2020\/02\/research-development.jpg\" class=\"bg attachment-original size-original\" alt=\"\" \/>                                    \n                    <\/div>\n\t\t\n        <div class=\"banner-layers container\">\n            <div class=\"fill banner-link\"><\/div>            \n        <\/div>\n      <\/div>\n\n            \n<style>\n#banner-244881083 {\n  padding-top: 200px;\n}\n#banner-244881083 .banner-bg img {\n  object-position: 42% 100%;\n}\n<\/style>\n  <\/div>\n\n\n\t<div id=\"gap-476918965\" class=\"gap-element clearfix\" style=\"display:block; height:auto;\">\n\t\t\n<style>\n#gap-476918965 {\n  padding-top: 40px;\n}\n<\/style>\n\t<\/div>\n\t\n\n\t<section class=\"section\" id=\"section_210667393\">\n\t\t<div class=\"section-bg fill\" >\n\t\t\t\t\t\t\t\t\t\n\t\t\t\n\n\t\t<\/div>\n\n\t\t\n\n\t\t<div class=\"section-content relative\">\n\t\t\t\n<div class=\"row row-small align-center\"  id=\"row-1175492759\">\n\n\t<div id=\"col-2131758378\" class=\"col small-12 large-12\"  >\n\t\t\t\t<div class=\"col-inner\"  >\n\t\t\t\n\t\t\t\n<div class=\"container section-title-container\" ><h1 class=\"section-title section-title-center\"><b aria-hidden=\"true\"><\/b><span class=\"section-title-main\" style=\"font-size:166%;\">D\u00e9veloppement de produits<\/span><b aria-hidden=\"true\"><\/b><\/h1><\/div>\n<p style=\"text-align: center\">D\u00e9velopper de nouveaux produits et am\u00e9liorer la gamme actuelle sont des points cruciaux du programme de recherche et d\u00e9veloppement de Fermentis. Notre d\u00e9partement R&amp;D travaille en \u00e9troite collaboration avec les \u00e9quipes de vente et de marketing pour garantir que nous travaillons au d\u00e9veloppement des bons produits pour r\u00e9pondre aux besoins du march\u00e9. Chez Fermentis, nous avons deux fa\u00e7ons de d\u00e9velopper de nouveaux produits : en nous approvisionnant en micro-organismes et en cr\u00e9ant des hybrides.<\/p>\n\t\t<\/div>\n\t\t\t\t\t<\/div>\n\n\t\n<\/div>\n\t\t<\/div>\n\n\t\t\n<style>\n#section_210667393 {\n  padding-top: 0px;\n  padding-bottom: 0px;\n}\n<\/style>\n\t<\/section>\n\t\n<div class=\"row row-collapse row-full-width\"  id=\"row-1494086430\">\n\n\t<div id=\"col-1638480837\" class=\"col medium-6 small-12 large-6\"  >\n\t\t\t\t<div class=\"col-inner text-center\"  >\n\t\t\t\n\t\t\t\n\n\t<section class=\"section\" id=\"section_1447151544\">\n\t\t<div class=\"section-bg fill\" >\n\t\t\t\t\t\t\t\t\t\n\t\t\t\n\n\t\t<\/div>\n\n\t\t\n\n\t\t<div class=\"section-content relative\">\n\t\t\t\n<div class=\"row align-center\"  id=\"row-584083481\">\n\n\t<div id=\"col-2078048373\" class=\"col medium-7 small-9 large-7\"  >\n\t\t\t\t<div class=\"col-inner text-center\"  >\n\t\t\t\n\t\t\t\n\t<div id=\"gap-1514514267\" class=\"gap-element clearfix\" style=\"display:block; height:auto;\">\n\t\t\n<style>\n#gap-1514514267 {\n  padding-top: 10px;\n}\n<\/style>\n\t<\/div>\n\t\n\n\t\t<div class=\"icon-box featured-box icon-box-center text-center\"  >\n\t\t\t\t\t<div class=\"icon-box-img has-icon-bg\" style=\"width: 60px\">\n\t\t\t\t<div class=\"icon\">\n\t\t\t\t\t<div class=\"icon-inner\" style=\"border-width:2px;color:rgb(239, 117, 0);\">\n\t\t\t\t\t\t<img loading=\"lazy\" decoding=\"async\" width=\"1\" height=\"1\" src=\"https:\/\/fermentis.com\/wp-content\/uploads\/2020\/03\/magnifying-glass-2.svg\" class=\"attachment-medium size-medium\" alt=\"\" \/>\t\t\t\t\t<\/div>\n\t\t\t\t<\/div>\n\t\t\t<\/div>\n\t\t\t\t<div class=\"icon-box-text last-reset\">\n\t\t\t\t\t\t\t\t\t\n<h3>Approvisionnement de nouveaux micro-organismes<\/h3>\n<p><span style=\"font-size: 100%\">La premi\u00e8re fa\u00e7on pour Fermentis de lancer un nouveau produit est de s\u00e9lectionner des micro-organismes existants (levures, bact\u00e9ries). <\/span><\/p>\n<p><span style=\"font-size: 100%\">Fermentis dispose de sa propre banque de vari\u00e9t\u00e9s de levures, g\u00e9r\u00e9e par Lesaffre. Pour le lancement de nouveaux produits, l\u2019\u00e9quipe R&amp;D peut extraire des souches de levures sp\u00e9cifiques et proc\u00e9der \u00e0 des tests, qui peuvent inclure la caract\u00e9risation des souches.<\/span><\/p>\n<p>Fermentis peut \u00e9galement s&#039;approvisionner en micro-organismes aupr\u00e8s de banques externes.<\/p>\n\t\t<\/div>\n\t<\/div>\n\t\n\t\n\t<div id=\"gap-1723287161\" class=\"gap-element clearfix\" style=\"display:block; height:auto;\">\n\t\t\n<style>\n#gap-1723287161 {\n  padding-top: 10px;\n}\n<\/style>\n\t<\/div>\n\t\n\t\t<\/div>\n\t\t\t\t\n<style>\n#col-2078048373 > .col-inner {\n  padding: 0px 0px 0px 0px;\n  margin: 0px 0px 0px 0px;\n}\n<\/style>\n\t<\/div>\n\n\t\n<\/div>\n\t\t<\/div>\n\n\t\t\n<style>\n#section_1447151544 {\n  padding-top: 70px;\n  padding-bottom: 70px;\n}\n@media (min-width:550px) {\n  #section_1447151544 {\n    padding-top: 60px;\n    padding-bottom: 60px;\n  }\n}\n<\/style>\n\t<\/section>\n\t\n\t\t<\/div>\n\t\t\t\t\t<\/div>\n\n\t\n\n\t<div id=\"col-1269785116\" class=\"col medium-6 small-12 large-6\"  >\n\t\t\t\t<div class=\"col-inner\"  >\n\t\t\t\n\t\t\t\n\n\t<section class=\"section\" id=\"section_5886484\">\n\t\t<div class=\"section-bg fill\" >\n\t\t\t\t\t\t\t\t\t\n\t\t\t\n\n\t\t<\/div>\n\n\t\t\n\n\t\t<div class=\"section-content relative\">\n\t\t\t\n<div class=\"row align-center\"  id=\"row-98530389\">\n\n\t<div id=\"col-111085592\" class=\"col medium-7 small-9 large-7\"  >\n\t\t\t\t<div class=\"col-inner text-center\"  >\n\t\t\t\n\t\t\t\n\t<div id=\"gap-732090305\" class=\"gap-element clearfix\" style=\"display:block; height:auto;\">\n\t\t\n<style>\n#gap-732090305 {\n  padding-top: 10px;\n}\n<\/style>\n\t<\/div>\n\t\n\n\t\t<div class=\"icon-box featured-box icon-box-center text-center\"  >\n\t\t\t\t\t<div class=\"icon-box-img has-icon-bg\" style=\"width: 60px\">\n\t\t\t\t<div class=\"icon\">\n\t\t\t\t\t<div class=\"icon-inner\" style=\"border-width:2px;color:rgb(239, 117, 0);\">\n\t\t\t\t\t\t<img loading=\"lazy\" decoding=\"async\" width=\"1\" height=\"1\" src=\"https:\/\/fermentis.com\/wp-content\/uploads\/2020\/03\/micrscope.svg\" class=\"attachment-medium size-medium\" alt=\"\" \/>\t\t\t\t\t<\/div>\n\t\t\t\t<\/div>\n\t\t\t<\/div>\n\t\t\t\t<div class=\"icon-box-text last-reset\">\n\t\t\t\t\t\t\t\t\t\n<h3>Cr\u00e9er de nouveaux hybrides<\/h3>\n<p><span style=\"font-size: 100%\">Une autre fa\u00e7on pour l\u2019\u00e9quipe R&amp;D de Fermentis de cr\u00e9er de nouveaux produits est l\u2019hybridation. <\/span><\/p>\n<p>En utilisant diff\u00e9rentes souches de levures \u00ab m\u00e8res \u00bb, Fermentis peut g\u00e9n\u00e9rer une nouvelle biodiversit\u00e9 et donner naissance \u00e0 de nouvelles souches de levures \u00ab filles \u00bb qui partagent g\u00e9n\u00e9ralement certaines des caract\u00e9ristiques des souches m\u00e8res.<\/p>\n<p>En exp\u00e9rimentant l\u2019hybridation, Fermentis a lanc\u00e9 de nombreuses nouvelles souches de levures \u00e0 succ\u00e8s.<\/p>\n\t\t<\/div>\n\t<\/div>\n\t\n\t\n\t<div id=\"gap-694612105\" class=\"gap-element clearfix\" style=\"display:block; height:auto;\">\n\t\t\n<style>\n#gap-694612105 {\n  padding-top: 10px;\n}\n<\/style>\n\t<\/div>\n\t\n\t\t<\/div>\n\t\t\t\t\n<style>\n#col-111085592 > .col-inner {\n  padding: 0px 0px 0px 0px;\n  margin: 0px 0px 0px 0px;\n}\n<\/style>\n\t<\/div>\n\n\t\n<\/div>\n\t\t<\/div>\n\n\t\t\n<style>\n#section_5886484 {\n  padding-top: 70px;\n  padding-bottom: 70px;\n  background-color: rgb(242, 242, 242);\n}\n@media (min-width:550px) {\n  #section_5886484 {\n    padding-top: 60px;\n    padding-bottom: 60px;\n  }\n}\n<\/style>\n\t<\/section>\n\t\n\t\t<\/div>\n\t\t\t\t\t<\/div>\n\n\t\n<\/div>\n\n\t<section class=\"section\" id=\"section_675717562\">\n\t\t<div class=\"section-bg fill\" >\n\t\t\t\t\t\t\t\t\t\n\t\t\t\n\n\t\t<\/div>\n\n\t\t\n\n\t\t<div class=\"section-content relative\">\n\t\t\t\n\t<div id=\"gap-1103013588\" class=\"gap-element clearfix\" style=\"display:block; height:auto;\">\n\t\t\n<style>\n#gap-1103013588 {\n  padding-top: &quot;50px&quot;;\n}\n<\/style>\n\t<\/div>\n\t\n<p style=\"text-align: center\">La R&amp;D de Fermentis travaille \u00e9galement sur de nombreux autres d\u00e9veloppements, tels que : des produits d&#039;aide \u00e0 la fermentation, des produits fonctionnels, des enzymes&#8230; et m\u00eame des outils pour aider les fabricants de boissons dans leurs t\u00e2ches quotidiennes.<\/p>\n<div class=\"row row-small align-center\"  id=\"row-1001656809\">\n\n\t<div id=\"col-2030241956\" class=\"col small-12 large-12\"  >\n\t\t\t\t<div class=\"col-inner\"  >\n\t\t\t\n\t\t\t\n\t\t<\/div>\n\t\t\t\t\t<\/div>\n\n\t\n<\/div>\n\t\t<\/div>\n\n\t\t\n<style>\n#section_675717562 {\n  padding-top: 0px;\n  padding-bottom: 0px;\n}\n<\/style>\n\t<\/section>\n\t\n","protected":false},"excerpt":{"rendered":"","protected":false},"author":2,"featured_media":0,"parent":27909,"menu_order":0,"comment_status":"closed","ping_status":"closed","template":"page-blank.php","meta":{"_acf_changed":false,"footnotes":""},"class_list":["post-27911","page","type-page","status-publish","hentry"],"acf":[],"yoast_head":"<!-- This site is optimized with the Yoast SEO Premium plugin v27.3 (Yoast SEO v27.3) - https:\/\/yoast.com\/product\/yoast-seo-premium-wordpress\/ -->\n<title>D\u00e9veloppement de produits - Fermentis<\/title>\n<meta name=\"description\" content=\"Le d\u00e9veloppement de nouveaux produits est une autre priorit\u00e9 de Fermentis, ainsi que l\u2019am\u00e9lioration de la gamme actuelle. Vous trouverez ici comment nous proc\u00e9dons.\" \/>\n<meta name=\"robots\" content=\"index, follow, max-snippet:-1, max-image-preview:large, max-video-preview:-1\" \/>\n<link rel=\"canonical\" href=\"https:\/\/fermentis.com\/fr\/our-company\/research\/new-products\/\" \/>\n<meta property=\"og:locale\" content=\"fr_FR\" \/>\n<meta property=\"og:type\" content=\"article\" \/>\n<meta property=\"og:title\" content=\"D\u00e9veloppement de produits\" \/>\n<meta property=\"og:description\" content=\"Le d\u00e9veloppement de nouveaux produits est une autre priorit\u00e9 de Fermentis, ainsi que l\u2019am\u00e9lioration de la gamme actuelle. Vous trouverez ici comment nous proc\u00e9dons.\" \/>\n<meta property=\"og:url\" content=\"https:\/\/fermentis.com\/fr\/our-company\/research\/new-products\/\" \/>\n<meta property=\"og:site_name\" content=\"Fermentis\" \/>\n<meta property=\"article:publisher\" content=\"https:\/\/www.facebook.com\/Fermentis\" \/>\n<meta property=\"article:modified_time\" content=\"2026-04-07T11:49:12+00:00\" \/>\n<meta property=\"og:image\" content=\"https:\/\/fermentis.com\/wp-content\/uploads\/2021\/07\/website-v2.png\" \/>\n\t<meta property=\"og:image:width\" content=\"1903\" \/>\n\t<meta property=\"og:image:height\" content=\"901\" \/>\n\t<meta property=\"og:image:type\" content=\"image\/png\" \/>\n<meta name=\"twitter:card\" content=\"summary_large_image\" \/>\n<meta name=\"twitter:site\" content=\"@fermentis\" \/>\n<meta name=\"twitter:label1\" content=\"Dur\u00e9e de lecture estim\u00e9e\" \/>\n\t<meta name=\"twitter:data1\" content=\"2 minutes\" \/>\n<script type=\"application\/ld+json\" class=\"yoast-schema-graph\">{\"@context\":\"https:\\\/\\\/schema.org\",\"@graph\":[{\"@type\":\"WebPage\",\"@id\":\"https:\\\/\\\/fermentis.com\\\/fr\\\/our-company\\\/research\\\/new-products\\\/\",\"url\":\"https:\\\/\\\/fermentis.com\\\/fr\\\/our-company\\\/research\\\/new-products\\\/\",\"name\":\"D\u00e9veloppement de produits - Fermentis\",\"isPartOf\":{\"@id\":\"https:\\\/\\\/fermentis.com\\\/fr\\\/#website\"},\"datePublished\":\"2020-02-19T23:00:00+00:00\",\"dateModified\":\"2026-04-07T11:49:12+00:00\",\"description\":\"Le d\u00e9veloppement de nouveaux produits est une autre priorit\u00e9 de Fermentis, ainsi que l\u2019am\u00e9lioration de la gamme actuelle. Vous trouverez ici comment nous proc\u00e9dons.\",\"breadcrumb\":{\"@id\":\"https:\\\/\\\/fermentis.com\\\/fr\\\/our-company\\\/research\\\/new-products\\\/#breadcrumb\"},\"inLanguage\":\"fr-FR\",\"potentialAction\":[{\"@type\":\"ReadAction\",\"target\":[\"https:\\\/\\\/fermentis.com\\\/fr\\\/our-company\\\/research\\\/new-products\\\/\"]}]},{\"@type\":\"BreadcrumbList\",\"@id\":\"https:\\\/\\\/fermentis.com\\\/fr\\\/our-company\\\/research\\\/new-products\\\/#breadcrumb\",\"itemListElement\":[{\"@type\":\"ListItem\",\"position\":1,\"name\":\"Home\",\"item\":\"https:\\\/\\\/fermentis.com\\\/fr\\\/\"},{\"@type\":\"ListItem\",\"position\":2,\"name\":\"Notre soci\u00e9t\u00e9\",\"item\":\"https:\\\/\\\/fermentis.com\\\/fr\\\/our-company\\\/\"},{\"@type\":\"ListItem\",\"position\":3,\"name\":\"Recherche et d\u00e9veloppement\",\"item\":\"https:\\\/\\\/fermentis.com\\\/fr\\\/our-company\\\/research\\\/\"},{\"@type\":\"ListItem\",\"position\":4,\"name\":\"D\u00e9veloppement de produits\"}]},{\"@type\":\"WebSite\",\"@id\":\"https:\\\/\\\/fermentis.com\\\/fr\\\/#website\",\"url\":\"https:\\\/\\\/fermentis.com\\\/fr\\\/\",\"name\":\"Fermentis\",\"description\":\"Un site utilisant WordPress\",\"publisher\":{\"@id\":\"https:\\\/\\\/fermentis.com\\\/fr\\\/#organization\"},\"potentialAction\":[{\"@type\":\"SearchAction\",\"target\":{\"@type\":\"EntryPoint\",\"urlTemplate\":\"https:\\\/\\\/fermentis.com\\\/fr\\\/?s={search_term_string}\"},\"query-input\":{\"@type\":\"PropertyValueSpecification\",\"valueRequired\":true,\"valueName\":\"search_term_string\"}}],\"inLanguage\":\"fr-FR\"},{\"@type\":\"Organization\",\"@id\":\"https:\\\/\\\/fermentis.com\\\/fr\\\/#organization\",\"name\":\"Fermentis\",\"url\":\"https:\\\/\\\/fermentis.com\\\/fr\\\/\",\"logo\":{\"@type\":\"ImageObject\",\"inLanguage\":\"fr-FR\",\"@id\":\"https:\\\/\\\/fermentis.com\\\/fr\\\/#\\\/schema\\\/logo\\\/image\\\/\",\"url\":\"https:\\\/\\\/fermentis.com\\\/wp-content\\\/uploads\\\/2021\\\/07\\\/Logo-Fermentis-5.png\",\"contentUrl\":\"https:\\\/\\\/fermentis.com\\\/wp-content\\\/uploads\\\/2021\\\/07\\\/Logo-Fermentis-5.png\",\"width\":308,\"height\":95,\"caption\":\"Fermentis\"},\"image\":{\"@id\":\"https:\\\/\\\/fermentis.com\\\/fr\\\/#\\\/schema\\\/logo\\\/image\\\/\"},\"sameAs\":[\"https:\\\/\\\/www.facebook.com\\\/Fermentis\",\"https:\\\/\\\/x.com\\\/fermentis\",\"https:\\\/\\\/www.instagram.com\\\/fermentisbylesaffre\\\/\",\"https:\\\/\\\/www.linkedin.com\\\/company\\\/fermentis\\\/\",\"https:\\\/\\\/www.youtube.com\\\/channel\\\/UCt_Lp3IZnUNXZeqSi6iiAdA\"]}]}<\/script>\n<!-- \/ Yoast SEO Premium plugin. -->","yoast_head_json":{"title":"D\u00e9veloppement de produits - Fermentis","description":"Le d\u00e9veloppement de nouveaux produits est une autre priorit\u00e9 de Fermentis, ainsi que l\u2019am\u00e9lioration de la gamme actuelle. Vous trouverez ici comment nous proc\u00e9dons.","robots":{"index":"index","follow":"follow","max-snippet":"max-snippet:-1","max-image-preview":"max-image-preview:large","max-video-preview":"max-video-preview:-1"},"canonical":"https:\/\/fermentis.com\/fr\/our-company\/research\/new-products\/","og_locale":"fr_FR","og_type":"article","og_title":"D\u00e9veloppement de produits","og_description":"Le d\u00e9veloppement de nouveaux produits est une autre priorit\u00e9 de Fermentis, ainsi que l\u2019am\u00e9lioration de la gamme actuelle. Vous trouverez ici comment nous proc\u00e9dons.","og_url":"https:\/\/fermentis.com\/fr\/our-company\/research\/new-products\/","og_site_name":"Fermentis","article_publisher":"https:\/\/www.facebook.com\/Fermentis","article_modified_time":"2026-04-07T11:49:12+00:00","og_image":[{"width":1903,"height":901,"url":"https:\/\/fermentis.com\/wp-content\/uploads\/2021\/07\/website-v2.png","type":"image\/png"}],"twitter_card":"summary_large_image","twitter_site":"@fermentis","twitter_misc":{"Dur\u00e9e de lecture estim\u00e9e":"2 minutes"},"schema":{"@context":"https:\/\/schema.org","@graph":[{"@type":"WebPage","@id":"https:\/\/fermentis.com\/fr\/our-company\/research\/new-products\/","url":"https:\/\/fermentis.com\/fr\/our-company\/research\/new-products\/","name":"D\u00e9veloppement de produits - Fermentis","isPartOf":{"@id":"https:\/\/fermentis.com\/fr\/#website"},"datePublished":"2020-02-19T23:00:00+00:00","dateModified":"2026-04-07T11:49:12+00:00","description":"Le d\u00e9veloppement de nouveaux produits est une autre priorit\u00e9 de Fermentis, ainsi que l\u2019am\u00e9lioration de la gamme actuelle. Vous trouverez ici comment nous proc\u00e9dons.","breadcrumb":{"@id":"https:\/\/fermentis.com\/fr\/our-company\/research\/new-products\/#breadcrumb"},"inLanguage":"fr-FR","potentialAction":[{"@type":"ReadAction","target":["https:\/\/fermentis.com\/fr\/our-company\/research\/new-products\/"]}]},{"@type":"BreadcrumbList","@id":"https:\/\/fermentis.com\/fr\/our-company\/research\/new-products\/#breadcrumb","itemListElement":[{"@type":"ListItem","position":1,"name":"Home","item":"https:\/\/fermentis.com\/fr\/"},{"@type":"ListItem","position":2,"name":"Notre soci\u00e9t\u00e9","item":"https:\/\/fermentis.com\/fr\/our-company\/"},{"@type":"ListItem","position":3,"name":"Recherche et d\u00e9veloppement","item":"https:\/\/fermentis.com\/fr\/our-company\/research\/"},{"@type":"ListItem","position":4,"name":"D\u00e9veloppement de produits"}]},{"@type":"WebSite","@id":"https:\/\/fermentis.com\/fr\/#website","url":"https:\/\/fermentis.com\/fr\/","name":"Fermentis","description":"Un site utilisant WordPress","publisher":{"@id":"https:\/\/fermentis.com\/fr\/#organization"},"potentialAction":[{"@type":"SearchAction","target":{"@type":"EntryPoint","urlTemplate":"https:\/\/fermentis.com\/fr\/?s={search_term_string}"},"query-input":{"@type":"PropertyValueSpecification","valueRequired":true,"valueName":"search_term_string"}}],"inLanguage":"fr-FR"},{"@type":"Organization","@id":"https:\/\/fermentis.com\/fr\/#organization","name":"Fermentis","url":"https:\/\/fermentis.com\/fr\/","logo":{"@type":"ImageObject","inLanguage":"fr-FR","@id":"https:\/\/fermentis.com\/fr\/#\/schema\/logo\/image\/","url":"https:\/\/fermentis.com\/wp-content\/uploads\/2021\/07\/Logo-Fermentis-5.png","contentUrl":"https:\/\/fermentis.com\/wp-content\/uploads\/2021\/07\/Logo-Fermentis-5.png","width":308,"height":95,"caption":"Fermentis"},"image":{"@id":"https:\/\/fermentis.com\/fr\/#\/schema\/logo\/image\/"},"sameAs":["https:\/\/www.facebook.com\/Fermentis","https:\/\/x.com\/fermentis","https:\/\/www.instagram.com\/fermentisbylesaffre\/","https:\/\/www.linkedin.com\/company\/fermentis\/","https:\/\/www.youtube.com\/channel\/UCt_Lp3IZnUNXZeqSi6iiAdA"]}]}},"_links":{"self":[{"href":"https:\/\/fermentis.com\/fr\/wp-json\/wp\/v2\/pages\/27911","targetHints":{"allow":["GET"]}}],"collection":[{"href":"https:\/\/fermentis.com\/fr\/wp-json\/wp\/v2\/pages"}],"about":[{"href":"https:\/\/fermentis.com\/fr\/wp-json\/wp\/v2\/types\/page"}],"author":[{"embeddable":true,"href":"https:\/\/fermentis.com\/fr\/wp-json\/wp\/v2\/users\/2"}],"replies":[{"embeddable":true,"href":"https:\/\/fermentis.com\/fr\/wp-json\/wp\/v2\/comments?post=27911"}],"version-history":[{"count":1990,"href":"https:\/\/fermentis.com\/fr\/wp-json\/wp\/v2\/pages\/27911\/revisions"}],"predecessor-version":[{"id":713375,"href":"https:\/\/fermentis.com\/fr\/wp-json\/wp\/v2\/pages\/27911\/revisions\/713375"}],"up":[{"embeddable":true,"href":"https:\/\/fermentis.com\/fr\/wp-json\/wp\/v2\/pages\/27909"}],"wp:attachment":[{"href":"https:\/\/fermentis.com\/fr\/wp-json\/wp\/v2\/media?parent=27911"}],"curies":[{"name":"wp","href":"https:\/\/api.w.org\/{rel}","templated":true}]}}