{"id":27912,"date":"2020-03-18T00:00:00","date_gmt":"2020-03-17T23:00:00","guid":{"rendered":"http:\/\/fermentis.com\/formation\/"},"modified":"2026-02-03T16:01:12","modified_gmt":"2026-02-03T15:01:12","slug":"training","status":"publish","type":"page","link":"https:\/\/fermentis.com\/fr\/our-company\/research\/training\/","title":{"rendered":"Entra\u00eenement"},"content":{"rendered":"\n  <div class=\"banner has-hover has-parallax\" id=\"banner-1576848334\">\n          <div class=\"banner-inner fill\">\n        <div class=\"banner-bg fill\" data-parallax=\"-6\" data-parallax-container=\".banner\" data-parallax-background>\n            <img loading=\"lazy\" decoding=\"async\" width=\"1500\" height=\"674\" src=\"https:\/\/fermentis.com\/wp-content\/uploads\/2020\/02\/fermentis-academy-wellington.jpg\" class=\"bg attachment-original size-original\" alt=\"fermentis-academy-wellington\" \/>                                    \n                    <\/div>\n\t\t\n        <div class=\"banner-layers container\">\n            <div class=\"fill banner-link\"><\/div>            \n        <\/div>\n      <\/div>\n\n            \n<style>\n#banner-1576848334 {\n  padding-top: 200px;\n}\n#banner-1576848334 .banner-bg img {\n  object-position: 56% 100%;\n}\n<\/style>\n  <\/div>\n\n\n\t<div id=\"gap-790020596\" class=\"gap-element clearfix\" style=\"display:block; height:auto;\">\n\t\t\n<style>\n#gap-790020596 {\n  padding-top: 40px;\n}\n<\/style>\n\t<\/div>\n\t\n\n\t<section class=\"section\" id=\"section_1695607842\">\n\t\t<div class=\"section-bg fill\" >\n\t\t\t\t\t\t\t\t\t\n\t\t\t\n\n\t\t<\/div>\n\n\t\t\n\n\t\t<div class=\"section-content relative\">\n\t\t\t\n<div class=\"row row-small align-center\"  id=\"row-1421871557\">\n\n\t<div id=\"col-1900134597\" class=\"col small-12 large-12\"  >\n\t\t\t\t<div class=\"col-inner\"  >\n\t\t\t\n\t\t\t\n<div class=\"container section-title-container\" ><h1 class=\"section-title section-title-center\"><b aria-hidden=\"true\"><\/b><span class=\"section-title-main\" style=\"font-size:166%;\">Entra\u00eenement<\/span><b aria-hidden=\"true\"><\/b><\/h1><\/div>\n<h3 style=\"text-align: center\">La recherche est un excellent moyen d\u2019en apprendre toujours plus sur nos levures et nos bact\u00e9ries, mais pouvoir partager efficacement ces informations est tout aussi important. C&#039;est pourquoi l&#039;\u00e9quipe R&amp;D de Fermentis est \u00e9galement hautement qualifi\u00e9e pour proposer des formations aux professionnels des boissons, mais aussi \u00e0 nos propres \u00e9quipes &#8211; ventes, marketing et support.<\/h3>\n\t\t<\/div>\n\t\t\t\t\t<\/div>\n\n\t\n<\/div>\n\t\t<\/div>\n\n\t\t\n<style>\n#section_1695607842 {\n  padding-top: 0px;\n  padding-bottom: 0px;\n}\n<\/style>\n\t<\/section>\n\t\n<div class=\"row row-collapse row-full-width\"  id=\"row-109652502\">\n\n\t<div id=\"col-1020828703\" class=\"col medium-6 small-12 large-6\"  >\n\t\t\t\t<div class=\"col-inner text-center\"  >\n\t\t\t\n\t\t\t\n\n\t<section class=\"section\" id=\"section_521493985\">\n\t\t<div class=\"section-bg fill\" >\n\t\t\t\t\t\t\t\t\t\n\t\t\t\n\n\t\t<\/div>\n\n\t\t\n\n\t\t<div class=\"section-content relative\">\n\t\t\t\n<div class=\"row align-center\"  id=\"row-2086424589\">\n\n\t<div id=\"col-865557729\" class=\"col medium-7 small-9 large-7\"  >\n\t\t\t\t<div class=\"col-inner text-center\"  >\n\t\t\t\n\t\t\t\n\t<div id=\"gap-437663945\" class=\"gap-element clearfix\" style=\"display:block; height:auto;\">\n\t\t\n<style>\n#gap-437663945 {\n  padding-top: 10px;\n}\n<\/style>\n\t<\/div>\n\t\n\n\t\t<div class=\"icon-box featured-box icon-box-center text-center\"  >\n\t\t\t\t\t<div class=\"icon-box-img has-icon-bg\" style=\"width: 60px\">\n\t\t\t\t<div class=\"icon\">\n\t\t\t\t\t<div class=\"icon-inner\" style=\"border-width:2px;color:rgb(239, 117, 0);\">\n\t\t\t\t\t\t<img loading=\"lazy\" decoding=\"async\" width=\"1\" height=\"1\" src=\"https:\/\/fermentis.com\/wp-content\/uploads\/2020\/03\/academy.svg\" class=\"attachment-medium size-medium\" alt=\"\" \/>\t\t\t\t\t<\/div>\n\t\t\t\t<\/div>\n\t\t\t<\/div>\n\t\t\t\t<div class=\"icon-box-text last-reset\">\n\t\t\t\t\t\t\t\t\t\n<br data-source=\"\n\"><\/p>\n<h3>\u00c9V\u00c9NEMENTS ET ACAD\u00c9MIE FERMENTIS<\/h3>\n<p><br data-source=\"\n\">L&#039;\u00e9quipe R&amp;D de Fermentis est r\u00e9guli\u00e8rement appel\u00e9e \u00e0 intervenir ou \u00e0 faire des pr\u00e9sentations lors d&#039;\u00e9v\u00e9nements \u00e0 travers le monde. Il peut s&#039;agir de salons professionnels, de conf\u00e9rences ou de nos propres \u00e9v\u00e9nements de la Fermentis Academy.<br data-source=\"\n\n\">Notre \u00e9quipe professionnelle fournit des informations de premi\u00e8re main sur nos produits et sur les \u00e9tudes r\u00e9centes que nous avons men\u00e9es.<br data-source=\"\n\n\"><\/p>\n\t\t<\/div>\n\t<\/div>\n\t\n\t\n\t<div id=\"gap-951574050\" class=\"gap-element clearfix\" style=\"display:block; height:auto;\">\n\t\t\n<style>\n#gap-951574050 {\n  padding-top: 10px;\n}\n<\/style>\n\t<\/div>\n\t\n<a href=\"https:\/\/fermentis.com\/fr\/event-calendar\/\" class=\"button primary is-underline is-smaller\" >\n\t\t<span>En savoir plus<\/span>\n\t<\/a>\n\n\t\t<\/div>\n\t\t\t\t\n<style>\n#col-865557729 > .col-inner {\n  padding: 0px 0px 0px 0px;\n  margin: 0px 0px 0px 0px;\n}\n<\/style>\n\t<\/div>\n\n\t\n<\/div>\n\t\t<\/div>\n\n\t\t\n<style>\n#section_521493985 {\n  padding-top: 70px;\n  padding-bottom: 70px;\n}\n@media (min-width:550px) {\n  #section_521493985 {\n    padding-top: 60px;\n    padding-bottom: 60px;\n  }\n}\n<\/style>\n\t<\/section>\n\t\n\t\t<\/div>\n\t\t\t\t\t<\/div>\n\n\t\n\n\t<div id=\"col-1038176309\" class=\"col medium-6 small-12 large-6\"  >\n\t\t\t\t<div class=\"col-inner\"  >\n\t\t\t\n\t\t\t\n\n\t<section class=\"section\" id=\"section_2080642613\">\n\t\t<div class=\"section-bg fill\" >\n\t\t\t\t\t\t\t\t\t\n\t\t\t\n\n\t\t<\/div>\n\n\t\t\n\n\t\t<div class=\"section-content relative\">\n\t\t\t\n<div class=\"row align-center\"  id=\"row-1607939521\">\n\n\t<div id=\"col-554752389\" class=\"col medium-7 small-9 large-7\"  >\n\t\t\t\t<div class=\"col-inner text-center\"  >\n\t\t\t\n\t\t\t\n\t<div id=\"gap-917989332\" class=\"gap-element clearfix\" style=\"display:block; height:auto;\">\n\t\t\n<style>\n#gap-917989332 {\n  padding-top: 10px;\n}\n<\/style>\n\t<\/div>\n\t\n\n\t\t<div class=\"icon-box featured-box icon-box-center text-center\"  >\n\t\t\t\t\t<div class=\"icon-box-img has-icon-bg\" style=\"width: 60px\">\n\t\t\t\t<div class=\"icon\">\n\t\t\t\t\t<div class=\"icon-inner\" style=\"border-width:2px;color:rgb(239, 117, 0);\">\n\t\t\t\t\t\t<img loading=\"lazy\" decoding=\"async\" width=\"1\" height=\"1\" src=\"https:\/\/fermentis.com\/wp-content\/uploads\/2020\/03\/graduation.svg\" class=\"attachment-medium size-medium\" alt=\"\" \/>\t\t\t\t\t<\/div>\n\t\t\t\t<\/div>\n\t\t\t<\/div>\n\t\t\t\t<div class=\"icon-box-text last-reset\">\n\t\t\t\t\t\t\t\t\t\n<br data-source=\"\n\"><\/p>\n<h3>FORMATION INTERNE<\/h3>\n<p><br data-source=\"\n\">Dans l&#039;environnement hautement technique des micro-organismes complexes, il est important pour toutes nos \u00e9quipes d&#039;avoir une solide connaissance de nos produits et quelques bases scientifiques.<br data-source=\"\n\n\">Une partie des responsabilit\u00e9s de notre \u00e9quipe de recherche consiste \u00e0 \u00e9duquer et \u00e0 partager des informations en interne, afin de garantir que les experts en ventes et en marketing comprennent les subtilit\u00e9s de nos produits.<br data-source=\"\n\n\"><\/p>\n\t\t<\/div>\n\t<\/div>\n\t\n\t\n\t<div id=\"gap-1113465156\" class=\"gap-element clearfix\" style=\"display:block; height:auto;\">\n\t\t\n<style>\n#gap-1113465156 {\n  padding-top: 10px;\n}\n<\/style>\n\t<\/div>\n\t\n<a href=\"https:\/\/fermentis.com\/en\/academy\/\" class=\"button primary is-underline is-smaller\" >\n\t\t<span>En savoir plus<\/span>\n\t<\/a>\n\n\t\t<\/div>\n\t\t\t\t\n<style>\n#col-554752389 > .col-inner {\n  padding: 0px 0px 0px 0px;\n  margin: 0px 0px 0px 0px;\n}\n<\/style>\n\t<\/div>\n\n\t\n<\/div>\n\t\t<\/div>\n\n\t\t\n<style>\n#section_2080642613 {\n  padding-top: 70px;\n  padding-bottom: 70px;\n  background-color: rgb(242, 242, 242);\n}\n@media (min-width:550px) {\n  #section_2080642613 {\n    padding-top: 60px;\n    padding-bottom: 60px;\n  }\n}\n<\/style>\n\t<\/section>\n\t\n\t\t<\/div>\n\t\t\t\t\t<\/div>\n\n\t\n<\/div>\n","protected":false},"excerpt":{"rendered":"","protected":false},"author":2,"featured_media":0,"parent":27909,"menu_order":0,"comment_status":"closed","ping_status":"closed","template":"page-blank.php","meta":{"_acf_changed":false,"footnotes":""},"class_list":["post-27912","page","type-page","status-publish","hentry"],"acf":[],"yoast_head":"<!-- This site is optimized with the Yoast SEO Premium plugin v27.3 (Yoast SEO v27.4) - https:\/\/yoast.com\/product\/yoast-seo-premium-wordpress\/ -->\n<title>Entra\u00eenement - Fermentis<\/title>\n<meta name=\"description\" content=\"Nous organisons des formations pour partager les informations issues de nos recherches, \u00e0 travers des \u00e9v\u00e9nements, Fermentis Academy et des formations internes.\" \/>\n<meta name=\"robots\" content=\"index, follow, max-snippet:-1, max-image-preview:large, max-video-preview:-1\" \/>\n<link rel=\"canonical\" href=\"https:\/\/fermentis.com\/fr\/our-company\/research\/training\/\" \/>\n<meta property=\"og:locale\" content=\"fr_FR\" \/>\n<meta property=\"og:type\" content=\"article\" \/>\n<meta property=\"og:title\" content=\"Entra\u00eenement\" \/>\n<meta property=\"og:description\" content=\"Nous organisons des formations pour partager les informations issues de nos recherches, \u00e0 travers des \u00e9v\u00e9nements, Fermentis Academy et des formations internes.\" \/>\n<meta property=\"og:url\" content=\"https:\/\/fermentis.com\/fr\/our-company\/research\/training\/\" \/>\n<meta property=\"og:site_name\" content=\"Fermentis\" \/>\n<meta property=\"article:publisher\" content=\"https:\/\/www.facebook.com\/Fermentis\" \/>\n<meta property=\"article:modified_time\" content=\"2026-02-03T15:01:12+00:00\" \/>\n<meta property=\"og:image\" content=\"https:\/\/fermentis.com\/wp-content\/uploads\/2021\/07\/website-v2.png\" \/>\n\t<meta property=\"og:image:width\" content=\"1903\" \/>\n\t<meta property=\"og:image:height\" content=\"901\" \/>\n\t<meta property=\"og:image:type\" content=\"image\/png\" \/>\n<meta name=\"twitter:card\" content=\"summary_large_image\" \/>\n<meta name=\"twitter:site\" content=\"@fermentis\" \/>\n<meta name=\"twitter:label1\" content=\"Dur\u00e9e de lecture estim\u00e9e\" \/>\n\t<meta name=\"twitter:data1\" content=\"2 minutes\" \/>\n<script type=\"application\/ld+json\" class=\"yoast-schema-graph\">{\"@context\":\"https:\\\/\\\/schema.org\",\"@graph\":[{\"@type\":\"WebPage\",\"@id\":\"https:\\\/\\\/fermentis.com\\\/fr\\\/our-company\\\/research\\\/training\\\/\",\"url\":\"https:\\\/\\\/fermentis.com\\\/fr\\\/our-company\\\/research\\\/training\\\/\",\"name\":\"Entra\u00eenement - Fermentis\",\"isPartOf\":{\"@id\":\"https:\\\/\\\/fermentis.com\\\/fr\\\/#website\"},\"datePublished\":\"2020-03-17T23:00:00+00:00\",\"dateModified\":\"2026-02-03T15:01:12+00:00\",\"description\":\"Nous organisons des formations pour partager les informations issues de nos recherches, \u00e0 travers des \u00e9v\u00e9nements, Fermentis Academy et des formations internes.\",\"breadcrumb\":{\"@id\":\"https:\\\/\\\/fermentis.com\\\/fr\\\/our-company\\\/research\\\/training\\\/#breadcrumb\"},\"inLanguage\":\"fr-FR\",\"potentialAction\":[{\"@type\":\"ReadAction\",\"target\":[\"https:\\\/\\\/fermentis.com\\\/fr\\\/our-company\\\/research\\\/training\\\/\"]}]},{\"@type\":\"BreadcrumbList\",\"@id\":\"https:\\\/\\\/fermentis.com\\\/fr\\\/our-company\\\/research\\\/training\\\/#breadcrumb\",\"itemListElement\":[{\"@type\":\"ListItem\",\"position\":1,\"name\":\"Home\",\"item\":\"https:\\\/\\\/fermentis.com\\\/fr\\\/\"},{\"@type\":\"ListItem\",\"position\":2,\"name\":\"Notre soci\u00e9t\u00e9\",\"item\":\"https:\\\/\\\/fermentis.com\\\/fr\\\/our-company\\\/\"},{\"@type\":\"ListItem\",\"position\":3,\"name\":\"Recherche et d\u00e9veloppement\",\"item\":\"https:\\\/\\\/fermentis.com\\\/fr\\\/our-company\\\/research\\\/\"},{\"@type\":\"ListItem\",\"position\":4,\"name\":\"Entra\u00eenement\"}]},{\"@type\":\"WebSite\",\"@id\":\"https:\\\/\\\/fermentis.com\\\/fr\\\/#website\",\"url\":\"https:\\\/\\\/fermentis.com\\\/fr\\\/\",\"name\":\"Fermentis\",\"description\":\"Un site utilisant WordPress\",\"publisher\":{\"@id\":\"https:\\\/\\\/fermentis.com\\\/fr\\\/#organization\"},\"potentialAction\":[{\"@type\":\"SearchAction\",\"target\":{\"@type\":\"EntryPoint\",\"urlTemplate\":\"https:\\\/\\\/fermentis.com\\\/fr\\\/?s={search_term_string}\"},\"query-input\":{\"@type\":\"PropertyValueSpecification\",\"valueRequired\":true,\"valueName\":\"search_term_string\"}}],\"inLanguage\":\"fr-FR\"},{\"@type\":\"Organization\",\"@id\":\"https:\\\/\\\/fermentis.com\\\/fr\\\/#organization\",\"name\":\"Fermentis\",\"url\":\"https:\\\/\\\/fermentis.com\\\/fr\\\/\",\"logo\":{\"@type\":\"ImageObject\",\"inLanguage\":\"fr-FR\",\"@id\":\"https:\\\/\\\/fermentis.com\\\/fr\\\/#\\\/schema\\\/logo\\\/image\\\/\",\"url\":\"https:\\\/\\\/fermentis.com\\\/wp-content\\\/uploads\\\/2021\\\/07\\\/Logo-Fermentis-5.png\",\"contentUrl\":\"https:\\\/\\\/fermentis.com\\\/wp-content\\\/uploads\\\/2021\\\/07\\\/Logo-Fermentis-5.png\",\"width\":308,\"height\":95,\"caption\":\"Fermentis\"},\"image\":{\"@id\":\"https:\\\/\\\/fermentis.com\\\/fr\\\/#\\\/schema\\\/logo\\\/image\\\/\"},\"sameAs\":[\"https:\\\/\\\/www.facebook.com\\\/Fermentis\",\"https:\\\/\\\/x.com\\\/fermentis\",\"https:\\\/\\\/www.instagram.com\\\/fermentisbylesaffre\\\/\",\"https:\\\/\\\/www.linkedin.com\\\/company\\\/fermentis\\\/\",\"https:\\\/\\\/www.youtube.com\\\/channel\\\/UCt_Lp3IZnUNXZeqSi6iiAdA\"]}]}<\/script>\n<!-- \/ Yoast SEO Premium plugin. -->","yoast_head_json":{"title":"Entra\u00eenement - Fermentis","description":"Nous organisons des formations pour partager les informations issues de nos recherches, \u00e0 travers des \u00e9v\u00e9nements, Fermentis Academy et des formations internes.","robots":{"index":"index","follow":"follow","max-snippet":"max-snippet:-1","max-image-preview":"max-image-preview:large","max-video-preview":"max-video-preview:-1"},"canonical":"https:\/\/fermentis.com\/fr\/our-company\/research\/training\/","og_locale":"fr_FR","og_type":"article","og_title":"Entra\u00eenement","og_description":"Nous organisons des formations pour partager les informations issues de nos recherches, \u00e0 travers des \u00e9v\u00e9nements, Fermentis Academy et des formations internes.","og_url":"https:\/\/fermentis.com\/fr\/our-company\/research\/training\/","og_site_name":"Fermentis","article_publisher":"https:\/\/www.facebook.com\/Fermentis","article_modified_time":"2026-02-03T15:01:12+00:00","og_image":[{"width":1903,"height":901,"url":"https:\/\/fermentis.com\/wp-content\/uploads\/2021\/07\/website-v2.png","type":"image\/png"}],"twitter_card":"summary_large_image","twitter_site":"@fermentis","twitter_misc":{"Dur\u00e9e de lecture estim\u00e9e":"2 minutes"},"schema":{"@context":"https:\/\/schema.org","@graph":[{"@type":"WebPage","@id":"https:\/\/fermentis.com\/fr\/our-company\/research\/training\/","url":"https:\/\/fermentis.com\/fr\/our-company\/research\/training\/","name":"Entra\u00eenement - Fermentis","isPartOf":{"@id":"https:\/\/fermentis.com\/fr\/#website"},"datePublished":"2020-03-17T23:00:00+00:00","dateModified":"2026-02-03T15:01:12+00:00","description":"Nous organisons des formations pour partager les informations issues de nos recherches, \u00e0 travers des \u00e9v\u00e9nements, Fermentis Academy et des formations internes.","breadcrumb":{"@id":"https:\/\/fermentis.com\/fr\/our-company\/research\/training\/#breadcrumb"},"inLanguage":"fr-FR","potentialAction":[{"@type":"ReadAction","target":["https:\/\/fermentis.com\/fr\/our-company\/research\/training\/"]}]},{"@type":"BreadcrumbList","@id":"https:\/\/fermentis.com\/fr\/our-company\/research\/training\/#breadcrumb","itemListElement":[{"@type":"ListItem","position":1,"name":"Home","item":"https:\/\/fermentis.com\/fr\/"},{"@type":"ListItem","position":2,"name":"Notre soci\u00e9t\u00e9","item":"https:\/\/fermentis.com\/fr\/our-company\/"},{"@type":"ListItem","position":3,"name":"Recherche et d\u00e9veloppement","item":"https:\/\/fermentis.com\/fr\/our-company\/research\/"},{"@type":"ListItem","position":4,"name":"Entra\u00eenement"}]},{"@type":"WebSite","@id":"https:\/\/fermentis.com\/fr\/#website","url":"https:\/\/fermentis.com\/fr\/","name":"Fermentis","description":"Un site utilisant WordPress","publisher":{"@id":"https:\/\/fermentis.com\/fr\/#organization"},"potentialAction":[{"@type":"SearchAction","target":{"@type":"EntryPoint","urlTemplate":"https:\/\/fermentis.com\/fr\/?s={search_term_string}"},"query-input":{"@type":"PropertyValueSpecification","valueRequired":true,"valueName":"search_term_string"}}],"inLanguage":"fr-FR"},{"@type":"Organization","@id":"https:\/\/fermentis.com\/fr\/#organization","name":"Fermentis","url":"https:\/\/fermentis.com\/fr\/","logo":{"@type":"ImageObject","inLanguage":"fr-FR","@id":"https:\/\/fermentis.com\/fr\/#\/schema\/logo\/image\/","url":"https:\/\/fermentis.com\/wp-content\/uploads\/2021\/07\/Logo-Fermentis-5.png","contentUrl":"https:\/\/fermentis.com\/wp-content\/uploads\/2021\/07\/Logo-Fermentis-5.png","width":308,"height":95,"caption":"Fermentis"},"image":{"@id":"https:\/\/fermentis.com\/fr\/#\/schema\/logo\/image\/"},"sameAs":["https:\/\/www.facebook.com\/Fermentis","https:\/\/x.com\/fermentis","https:\/\/www.instagram.com\/fermentisbylesaffre\/","https:\/\/www.linkedin.com\/company\/fermentis\/","https:\/\/www.youtube.com\/channel\/UCt_Lp3IZnUNXZeqSi6iiAdA"]}]}},"_links":{"self":[{"href":"https:\/\/fermentis.com\/fr\/wp-json\/wp\/v2\/pages\/27912","targetHints":{"allow":["GET"]}}],"collection":[{"href":"https:\/\/fermentis.com\/fr\/wp-json\/wp\/v2\/pages"}],"about":[{"href":"https:\/\/fermentis.com\/fr\/wp-json\/wp\/v2\/types\/page"}],"author":[{"embeddable":true,"href":"https:\/\/fermentis.com\/fr\/wp-json\/wp\/v2\/users\/2"}],"replies":[{"embeddable":true,"href":"https:\/\/fermentis.com\/fr\/wp-json\/wp\/v2\/comments?post=27912"}],"version-history":[{"count":1449,"href":"https:\/\/fermentis.com\/fr\/wp-json\/wp\/v2\/pages\/27912\/revisions"}],"predecessor-version":[{"id":688658,"href":"https:\/\/fermentis.com\/fr\/wp-json\/wp\/v2\/pages\/27912\/revisions\/688658"}],"up":[{"embeddable":true,"href":"https:\/\/fermentis.com\/fr\/wp-json\/wp\/v2\/pages\/27909"}],"wp:attachment":[{"href":"https:\/\/fermentis.com\/fr\/wp-json\/wp\/v2\/media?parent=27912"}],"curies":[{"name":"wp","href":"https:\/\/api.w.org\/{rel}","templated":true}]}}