{"id":27915,"date":"2020-02-18T08:21:02","date_gmt":"2020-02-18T07:21:02","guid":{"rendered":"http:\/\/fermentis.com\/une-equipe-de-passionnes\/"},"modified":"2026-04-27T23:40:49","modified_gmt":"2026-04-27T21:40:49","slug":"passionate-team","status":"publish","type":"page","link":"https:\/\/fermentis.com\/fr\/our-company\/passionate-team\/","title":{"rendered":"Une \u00e9quipe passionn\u00e9e"},"content":{"rendered":"\n\t<section class=\"section has-parallax\" id=\"section_1954235118\">\n\t\t<div class=\"section-bg fill\" data-parallax-container=\".section\" data-parallax-background data-parallax=\"-4\">\n\t\t\t<img loading=\"lazy\" decoding=\"async\" width=\"1940\" height=\"758\" src=\"https:\/\/fermentis.com\/wp-content\/uploads\/2020\/02\/fermentis-team.jpg\" class=\"bg attachment-original size-original\" alt=\"\" \/>\t\t\t\t\t\t<div class=\"section-bg-overlay absolute fill\"><\/div>\n\t\t\t\n\n\t\t<\/div>\n\n\t\t\n\n\t\t<div class=\"section-content relative\">\n\t\t\t\n\n  <div class=\"banner has-hover has-parallax\" id=\"banner-1547043507\">\n          <div class=\"banner-inner fill\">\n        <div class=\"banner-bg fill\" data-parallax=\"-4\" data-parallax-container=\".banner\" data-parallax-background>\n            <img loading=\"lazy\" decoding=\"async\" width=\"1940\" height=\"758\" src=\"https:\/\/fermentis.com\/wp-content\/uploads\/2020\/02\/fermentis-team.jpg\" class=\"bg attachment-original size-original\" alt=\"\" \/>                        <div class=\"overlay\"><\/div>            \n                    <\/div>\n\t\t\n        <div class=\"banner-layers container\">\n            <div class=\"fill banner-link\"><\/div>            \n   <div id=\"text-box-1133898216\" class=\"text-box banner-layer x50 md-x50 lg-x50 y50 md-y50 lg-y50 res-text\">\n                                <div class=\"text-box-content text dark\">\n              \n              <div class=\"text-inner text-center\">\n                  \n<h1 style=\"text-align: center\"><span style=\"font-size: 65%\"><strong>Une \u00e9quipe passionn\u00e9e<\/strong><\/span><\/h1>\n              <\/div>\n           <\/div>\n                            \n<style>\n#text-box-1133898216 {\n  width: 100%;\n}\n#text-box-1133898216 .text-box-content {\n  font-size: 100%;\n}\n<\/style>\n    <\/div>\n \n        <\/div>\n      <\/div>\n\n            \n<style>\n#banner-1547043507 {\n  padding-top: 300px;\n  background-color: rgba(255, 255, 255, 0);\n}\n#banner-1547043507 .overlay {\n  background-color: rgba(0, 0, 0, 0.36);\n}\n<\/style>\n  <\/div>\n\n\n\t\t<\/div>\n\n\t\t\n<style>\n#section_1954235118 {\n  padding-top: 0px;\n  padding-bottom: 0px;\n}\n#section_1954235118 .section-bg-overlay {\n  background-color: rgba(239, 117, 0, 0.7);\n}\n<\/style>\n\t<\/section>\n\t\n<div class=\"row\"  id=\"row-1077350296\">\n\n\t<div id=\"col-2001585697\" class=\"col small-12 large-12\"  >\n\t\t\t\t<div class=\"col-inner\"  >\n\t\t\t\n\t\t\t\n\t<div id=\"gap-1852446116\" class=\"gap-element clearfix\" style=\"display:block; height:auto;\">\n\t\t\n<style>\n#gap-1852446116 {\n  padding-top: 30px;\n}\n<\/style>\n\t<\/div>\n\t\n<p style=\"text-align: center\"><span style=\"font-size: 110%\">Nous sommes \u0153nologues, brasseurs, scientifiques, ing\u00e9nieurs, logisticiens, cr\u00e9ateurs de tendances, chercheurs, experts en marketing\u2026 Mais nous sommes aussi des hommes et des femmes passionn\u00e9s et exp\u00e9riment\u00e9s. Tout comme vous et vos clients, nous aimons la bi\u00e8re, le vin, la tequila et le cognac, et nous faisons de notre mieux pour contribuer \u00e0 leur qualit\u00e9.<br \/> Notre force r\u00e9side dans notre compl\u00e9mentarit\u00e9.<\/span><\/p>\n\t\t<\/div>\n\t\t\t\t\t<\/div>\n\n\t\n<\/div>\n\n\t<section class=\"section\" id=\"section_1734397350\">\n\t\t<div class=\"section-bg fill\" >\n\t\t\t\t\t\t\t\t\t\n\t\t\t\n\n\t\t<\/div>\n\n\t\t\n\n\t\t<div class=\"section-content relative\">\n\t\t\t\n<div class=\"row row-large\"  id=\"row-1431209483\">\n\n\t<div id=\"col-1896570849\" class=\"col medium-6 small-12 large-6\"  >\n\t\t\t\t<div class=\"col-inner\"  >\n\t\t\t\n\t\t\t\n\t<div id=\"gap-141730730\" class=\"gap-element clearfix\" style=\"display:block; height:auto;\">\n\t\t\n<style>\n#gap-141730730 {\n  padding-top: 10px;\n}\n<\/style>\n\t<\/div>\n\t\n\t<div class=\"img has-hover x md-x lg-x y md-y lg-y\" id=\"image_1136543957\">\n\t\t\t\t\t\t\t\t<div class=\"img-inner dark\" >\n\t\t\t<img loading=\"lazy\" decoding=\"async\" width=\"509\" height=\"250\" src=\"https:\/\/fermentis.com\/wp-content\/uploads\/2020\/03\/fermentis-at-work.png\" class=\"attachment-original size-original\" alt=\"\" srcset=\"https:\/\/fermentis.com\/wp-content\/uploads\/2020\/03\/fermentis-at-work.png 509w, https:\/\/fermentis.com\/wp-content\/uploads\/2020\/03\/fermentis-at-work-300x147.png 300w\" sizes=\"auto, (max-width: 509px) 100vw, 509px\" \/>\t\t\t\t\t\t\n\t\t\t\t\t<\/div>\n\t\t\t\t\t\t\t\t\n<style>\n#image_1136543957 {\n  width: 100%;\n}\n<\/style>\n\t<\/div>\n\t\n<h2 style=\"text-align: center\"><span style=\"font-size: 180%;color: #993300\">Des experts avant tout<\/span><\/h2>\n<p style=\"text-align: center\">Nos repr\u00e9sentants techniques et commerciaux<br \/>\nsont avant tout des experts.<\/p>\n<p style=\"text-align: center\">Ils connaissent les propri\u00e9t\u00e9s de nos produits ainsi que les attentes de nos clients et partenaires. Ils vous conseillent sur nos produits et s&#039;assurent que vous en tiriez le meilleur parti. Mais ils peuvent aussi g\u00e9rer des projets sur-mesure, travailler avec vous sur l&#039;expression des ar\u00f4mes, r\u00e9aliser des tests dans vos vignes, chais ou brasseries, r\u00e9aliser des essais dans nos propres laboratoires ou encore intervenir en cas de fermentations difficiles.<\/p>\n\t\t<\/div>\n\t\t\t\t\t<\/div>\n\n\t\n\n\t<div id=\"col-1009587588\" class=\"col medium-6 small-12 large-6\"  >\n\t\t\t\t<div class=\"col-inner\"  >\n\t\t\t\n\t\t\t\n\t<div id=\"gap-1948209466\" class=\"gap-element clearfix\" style=\"display:block; height:auto;\">\n\t\t\n<style>\n#gap-1948209466 {\n  padding-top: 10px;\n}\n<\/style>\n\t<\/div>\n\t\n\t<div class=\"img has-hover x md-x lg-x y md-y lg-y\" id=\"image_1130069151\">\n\t\t\t\t\t\t\t\t<div class=\"img-inner dark\" >\n\t\t\t<img loading=\"lazy\" decoding=\"async\" width=\"509\" height=\"250\" src=\"https:\/\/fermentis.com\/wp-content\/uploads\/2020\/02\/fermentis-map-distributors.jpg\" class=\"attachment-large size-large\" alt=\"\" srcset=\"https:\/\/fermentis.com\/wp-content\/uploads\/2020\/02\/fermentis-map-distributors.jpg 509w, https:\/\/fermentis.com\/wp-content\/uploads\/2020\/02\/fermentis-map-distributors-300x147.jpg 300w\" sizes=\"auto, (max-width: 509px) 100vw, 509px\" \/>\t\t\t\t\t\t\n\t\t\t\t\t<\/div>\n\t\t\t\t\t\t\t\t\n<style>\n#image_1130069151 {\n  width: 100%;\n}\n<\/style>\n\t<\/div>\n\t\n<h2 style=\"text-align: center\"><span style=\"font-size: 180%;color: #993300\">Connaissances r\u00e9gionales<\/span><\/h2>\n<p style=\"text-align: center\">Vous retrouverez nos \u00e9quipes et experts sur 4 continents.<\/p>\n<p style=\"text-align: center\">Nous souhaitons en effet rester au plus pr\u00e8s de nos clients et de leur culture locale. Cela nous permet d&#039;assurer un service r\u00e9actif et r\u00e9actif. C\u2019est \u00e9galement le meilleur moyen d\u2019\u00eatre en contact avec les march\u00e9s de nos clients, leurs tendances de consommation, leurs pratiques commerciales et les r\u00e9glementations locales.<\/p>\n<p style=\"text-align: center\">Mais comme le t\u00e9moigne notre expert au Mexique, cela requiert \u00e0 la fois de l\u2019adaptabilit\u00e9 et de l\u2019empathie.<\/p>\n\t\t<\/div>\n\t\t\t\t\t<\/div>\n\n\t\n<\/div>\n\t\t<\/div>\n\n\t\t\n<style>\n#section_1734397350 {\n  padding-top: 0px;\n  padding-bottom: 0px;\n}\n<\/style>\n\t<\/section>\n\t\n\t<div id=\"gap-72602332\" class=\"gap-element clearfix\" style=\"display:block; height:auto;\">\n\t\t\n<style>\n#gap-72602332 {\n  padding-top: 30px;\n}\n<\/style>\n\t<\/div>\n\t\n","protected":false},"excerpt":{"rendered":"","protected":false},"author":2,"featured_media":0,"parent":24707,"menu_order":0,"comment_status":"closed","ping_status":"closed","template":"page-blank.php","meta":{"_acf_changed":false,"footnotes":""},"class_list":["post-27915","page","type-page","status-publish","hentry"],"acf":[],"yoast_head":"<!-- This site is optimized with the Yoast SEO Premium plugin v27.4 (Yoast SEO v27.4) - https:\/\/yoast.com\/product\/yoast-seo-premium-wordpress\/ -->\n<title>Rencontrez notre \u00e9quipe d&#039;experts passionn\u00e9s bas\u00e9s dans le monde entier - Fermentis<\/title>\n<meta name=\"description\" content=\"Nous sommes une \u00e9quipe d&#039;experts passionn\u00e9s et exp\u00e9riment\u00e9s. Nous faisons de notre mieux pour contribuer \u00e0 la qualit\u00e9 des boissons ferment\u00e9es.\" \/>\n<meta name=\"robots\" content=\"index, follow, max-snippet:-1, max-image-preview:large, max-video-preview:-1\" \/>\n<link rel=\"canonical\" href=\"https:\/\/fermentis.com\/fr\/our-company\/passionate-team\/\" \/>\n<meta property=\"og:locale\" content=\"fr_FR\" \/>\n<meta property=\"og:type\" content=\"article\" \/>\n<meta property=\"og:title\" content=\"Une \u00e9quipe passionn\u00e9e\" \/>\n<meta property=\"og:description\" content=\"Nous sommes une \u00e9quipe d&#039;experts passionn\u00e9s et exp\u00e9riment\u00e9s. Nous faisons de notre mieux pour contribuer \u00e0 la qualit\u00e9 des boissons ferment\u00e9es.\" \/>\n<meta property=\"og:url\" content=\"https:\/\/fermentis.com\/fr\/our-company\/passionate-team\/\" \/>\n<meta property=\"og:site_name\" content=\"Fermentis\" \/>\n<meta property=\"article:publisher\" content=\"https:\/\/www.facebook.com\/Fermentis\" \/>\n<meta property=\"article:modified_time\" content=\"2026-04-27T21:40:49+00:00\" \/>\n<meta property=\"og:image\" content=\"https:\/\/fermentis.com\/wp-content\/uploads\/2021\/07\/website-v2.png\" \/>\n\t<meta property=\"og:image:width\" content=\"1903\" \/>\n\t<meta property=\"og:image:height\" content=\"901\" \/>\n\t<meta property=\"og:image:type\" content=\"image\/png\" \/>\n<meta name=\"twitter:card\" content=\"summary_large_image\" \/>\n<meta name=\"twitter:site\" content=\"@fermentis\" \/>\n<meta name=\"twitter:label1\" content=\"Dur\u00e9e de lecture estim\u00e9e\" \/>\n\t<meta name=\"twitter:data1\" content=\"2 minutes\" \/>\n<script type=\"application\/ld+json\" class=\"yoast-schema-graph\">{\"@context\":\"https:\\\/\\\/schema.org\",\"@graph\":[{\"@type\":\"WebPage\",\"@id\":\"https:\\\/\\\/fermentis.com\\\/fr\\\/our-company\\\/passionate-team\\\/\",\"url\":\"https:\\\/\\\/fermentis.com\\\/fr\\\/our-company\\\/passionate-team\\\/\",\"name\":\"Rencontrez notre \u00e9quipe d'experts passionn\u00e9s bas\u00e9s dans le monde entier - Fermentis\",\"isPartOf\":{\"@id\":\"https:\\\/\\\/fermentis.com\\\/fr\\\/#website\"},\"datePublished\":\"2020-02-18T07:21:02+00:00\",\"dateModified\":\"2026-04-27T21:40:49+00:00\",\"description\":\"Nous sommes une \u00e9quipe d'experts passionn\u00e9s et exp\u00e9riment\u00e9s. Nous faisons de notre mieux pour contribuer \u00e0 la qualit\u00e9 des boissons ferment\u00e9es.\",\"breadcrumb\":{\"@id\":\"https:\\\/\\\/fermentis.com\\\/fr\\\/our-company\\\/passionate-team\\\/#breadcrumb\"},\"inLanguage\":\"fr-FR\",\"potentialAction\":[{\"@type\":\"ReadAction\",\"target\":[\"https:\\\/\\\/fermentis.com\\\/fr\\\/our-company\\\/passionate-team\\\/\"]}]},{\"@type\":\"BreadcrumbList\",\"@id\":\"https:\\\/\\\/fermentis.com\\\/fr\\\/our-company\\\/passionate-team\\\/#breadcrumb\",\"itemListElement\":[{\"@type\":\"ListItem\",\"position\":1,\"name\":\"Home\",\"item\":\"https:\\\/\\\/fermentis.com\\\/fr\\\/\"},{\"@type\":\"ListItem\",\"position\":2,\"name\":\"Notre soci\u00e9t\u00e9\",\"item\":\"https:\\\/\\\/fermentis.com\\\/fr\\\/our-company\\\/\"},{\"@type\":\"ListItem\",\"position\":3,\"name\":\"Une \u00e9quipe passionn\u00e9e\"}]},{\"@type\":\"WebSite\",\"@id\":\"https:\\\/\\\/fermentis.com\\\/fr\\\/#website\",\"url\":\"https:\\\/\\\/fermentis.com\\\/fr\\\/\",\"name\":\"Fermentis\",\"description\":\"Un site utilisant WordPress\",\"publisher\":{\"@id\":\"https:\\\/\\\/fermentis.com\\\/fr\\\/#organization\"},\"potentialAction\":[{\"@type\":\"SearchAction\",\"target\":{\"@type\":\"EntryPoint\",\"urlTemplate\":\"https:\\\/\\\/fermentis.com\\\/fr\\\/?s={search_term_string}\"},\"query-input\":{\"@type\":\"PropertyValueSpecification\",\"valueRequired\":true,\"valueName\":\"search_term_string\"}}],\"inLanguage\":\"fr-FR\"},{\"@type\":\"Organization\",\"@id\":\"https:\\\/\\\/fermentis.com\\\/fr\\\/#organization\",\"name\":\"Fermentis\",\"url\":\"https:\\\/\\\/fermentis.com\\\/fr\\\/\",\"logo\":{\"@type\":\"ImageObject\",\"inLanguage\":\"fr-FR\",\"@id\":\"https:\\\/\\\/fermentis.com\\\/fr\\\/#\\\/schema\\\/logo\\\/image\\\/\",\"url\":\"https:\\\/\\\/fermentis.com\\\/wp-content\\\/uploads\\\/2021\\\/07\\\/Logo-Fermentis-5.png\",\"contentUrl\":\"https:\\\/\\\/fermentis.com\\\/wp-content\\\/uploads\\\/2021\\\/07\\\/Logo-Fermentis-5.png\",\"width\":308,\"height\":95,\"caption\":\"Fermentis\"},\"image\":{\"@id\":\"https:\\\/\\\/fermentis.com\\\/fr\\\/#\\\/schema\\\/logo\\\/image\\\/\"},\"sameAs\":[\"https:\\\/\\\/www.facebook.com\\\/Fermentis\",\"https:\\\/\\\/x.com\\\/fermentis\",\"https:\\\/\\\/www.instagram.com\\\/fermentisbylesaffre\\\/\",\"https:\\\/\\\/www.linkedin.com\\\/company\\\/fermentis\\\/\",\"https:\\\/\\\/www.youtube.com\\\/channel\\\/UCt_Lp3IZnUNXZeqSi6iiAdA\"]}]}<\/script>\n<!-- \/ Yoast SEO Premium plugin. -->","yoast_head_json":{"title":"Rencontrez notre \u00e9quipe d'experts passionn\u00e9s bas\u00e9s dans le monde entier - Fermentis","description":"Nous sommes une \u00e9quipe d'experts passionn\u00e9s et exp\u00e9riment\u00e9s. Nous faisons de notre mieux pour contribuer \u00e0 la qualit\u00e9 des boissons ferment\u00e9es.","robots":{"index":"index","follow":"follow","max-snippet":"max-snippet:-1","max-image-preview":"max-image-preview:large","max-video-preview":"max-video-preview:-1"},"canonical":"https:\/\/fermentis.com\/fr\/our-company\/passionate-team\/","og_locale":"fr_FR","og_type":"article","og_title":"Une \u00e9quipe passionn\u00e9e","og_description":"Nous sommes une \u00e9quipe d'experts passionn\u00e9s et exp\u00e9riment\u00e9s. Nous faisons de notre mieux pour contribuer \u00e0 la qualit\u00e9 des boissons ferment\u00e9es.","og_url":"https:\/\/fermentis.com\/fr\/our-company\/passionate-team\/","og_site_name":"Fermentis","article_publisher":"https:\/\/www.facebook.com\/Fermentis","article_modified_time":"2026-04-27T21:40:49+00:00","og_image":[{"width":1903,"height":901,"url":"https:\/\/fermentis.com\/wp-content\/uploads\/2021\/07\/website-v2.png","type":"image\/png"}],"twitter_card":"summary_large_image","twitter_site":"@fermentis","twitter_misc":{"Dur\u00e9e de lecture estim\u00e9e":"2 minutes"},"schema":{"@context":"https:\/\/schema.org","@graph":[{"@type":"WebPage","@id":"https:\/\/fermentis.com\/fr\/our-company\/passionate-team\/","url":"https:\/\/fermentis.com\/fr\/our-company\/passionate-team\/","name":"Rencontrez notre \u00e9quipe d'experts passionn\u00e9s bas\u00e9s dans le monde entier - Fermentis","isPartOf":{"@id":"https:\/\/fermentis.com\/fr\/#website"},"datePublished":"2020-02-18T07:21:02+00:00","dateModified":"2026-04-27T21:40:49+00:00","description":"Nous sommes une \u00e9quipe d'experts passionn\u00e9s et exp\u00e9riment\u00e9s. Nous faisons de notre mieux pour contribuer \u00e0 la qualit\u00e9 des boissons ferment\u00e9es.","breadcrumb":{"@id":"https:\/\/fermentis.com\/fr\/our-company\/passionate-team\/#breadcrumb"},"inLanguage":"fr-FR","potentialAction":[{"@type":"ReadAction","target":["https:\/\/fermentis.com\/fr\/our-company\/passionate-team\/"]}]},{"@type":"BreadcrumbList","@id":"https:\/\/fermentis.com\/fr\/our-company\/passionate-team\/#breadcrumb","itemListElement":[{"@type":"ListItem","position":1,"name":"Home","item":"https:\/\/fermentis.com\/fr\/"},{"@type":"ListItem","position":2,"name":"Notre soci\u00e9t\u00e9","item":"https:\/\/fermentis.com\/fr\/our-company\/"},{"@type":"ListItem","position":3,"name":"Une \u00e9quipe passionn\u00e9e"}]},{"@type":"WebSite","@id":"https:\/\/fermentis.com\/fr\/#website","url":"https:\/\/fermentis.com\/fr\/","name":"Fermentis","description":"Un site utilisant WordPress","publisher":{"@id":"https:\/\/fermentis.com\/fr\/#organization"},"potentialAction":[{"@type":"SearchAction","target":{"@type":"EntryPoint","urlTemplate":"https:\/\/fermentis.com\/fr\/?s={search_term_string}"},"query-input":{"@type":"PropertyValueSpecification","valueRequired":true,"valueName":"search_term_string"}}],"inLanguage":"fr-FR"},{"@type":"Organization","@id":"https:\/\/fermentis.com\/fr\/#organization","name":"Fermentis","url":"https:\/\/fermentis.com\/fr\/","logo":{"@type":"ImageObject","inLanguage":"fr-FR","@id":"https:\/\/fermentis.com\/fr\/#\/schema\/logo\/image\/","url":"https:\/\/fermentis.com\/wp-content\/uploads\/2021\/07\/Logo-Fermentis-5.png","contentUrl":"https:\/\/fermentis.com\/wp-content\/uploads\/2021\/07\/Logo-Fermentis-5.png","width":308,"height":95,"caption":"Fermentis"},"image":{"@id":"https:\/\/fermentis.com\/fr\/#\/schema\/logo\/image\/"},"sameAs":["https:\/\/www.facebook.com\/Fermentis","https:\/\/x.com\/fermentis","https:\/\/www.instagram.com\/fermentisbylesaffre\/","https:\/\/www.linkedin.com\/company\/fermentis\/","https:\/\/www.youtube.com\/channel\/UCt_Lp3IZnUNXZeqSi6iiAdA"]}]}},"_links":{"self":[{"href":"https:\/\/fermentis.com\/fr\/wp-json\/wp\/v2\/pages\/27915","targetHints":{"allow":["GET"]}}],"collection":[{"href":"https:\/\/fermentis.com\/fr\/wp-json\/wp\/v2\/pages"}],"about":[{"href":"https:\/\/fermentis.com\/fr\/wp-json\/wp\/v2\/types\/page"}],"author":[{"embeddable":true,"href":"https:\/\/fermentis.com\/fr\/wp-json\/wp\/v2\/users\/2"}],"replies":[{"embeddable":true,"href":"https:\/\/fermentis.com\/fr\/wp-json\/wp\/v2\/comments?post=27915"}],"version-history":[{"count":3256,"href":"https:\/\/fermentis.com\/fr\/wp-json\/wp\/v2\/pages\/27915\/revisions"}],"predecessor-version":[{"id":721296,"href":"https:\/\/fermentis.com\/fr\/wp-json\/wp\/v2\/pages\/27915\/revisions\/721296"}],"up":[{"embeddable":true,"href":"https:\/\/fermentis.com\/fr\/wp-json\/wp\/v2\/pages\/24707"}],"wp:attachment":[{"href":"https:\/\/fermentis.com\/fr\/wp-json\/wp\/v2\/media?parent=27915"}],"curies":[{"name":"wp","href":"https:\/\/api.w.org\/{rel}","templated":true}]}}