{"id":27916,"date":"2020-02-18T00:00:00","date_gmt":"2020-02-17T23:00:00","guid":{"rendered":"http:\/\/fermentis.com\/encourager-la-creativite\/"},"modified":"2026-04-14T16:22:16","modified_gmt":"2026-04-14T14:22:16","slug":"supporting-creativity","status":"publish","type":"page","link":"https:\/\/fermentis.com\/fr\/our-company\/supporting-creativity\/","title":{"rendered":"Soutenir la cr\u00e9ativit\u00e9"},"content":{"rendered":"\n\t<section class=\"section\" id=\"section_83154249\">\n\t\t<div class=\"section-bg fill\" >\n\t\t\t<img loading=\"lazy\" decoding=\"async\" width=\"1940\" height=\"758\" src=\"https:\/\/fermentis.com\/wp-content\/uploads\/2020\/02\/fermentis-corporate-bg.jpg\" class=\"bg attachment- size-\" alt=\"\" \/>\t\t\t\t\t\t<div class=\"section-bg-overlay absolute fill\"><\/div>\n\t\t\t\n\n\t\t<\/div>\n\n\t\t\n\n\t\t<div class=\"section-content relative\">\n\t\t\t\n\n  <div class=\"banner has-hover has-parallax\" id=\"banner-693511040\">\n          <div class=\"banner-inner fill\">\n        <div class=\"banner-bg fill\" data-parallax=\"-3\" data-parallax-container=\".banner\" data-parallax-background>\n            <img loading=\"lazy\" decoding=\"async\" width=\"1327\" height=\"758\" src=\"https:\/\/fermentis.com\/wp-content\/uploads\/2020\/03\/three-beers.png\" class=\"bg attachment-original size-original\" alt=\"\" \/>                        <div class=\"overlay\"><\/div>            \n                    <\/div>\n\t\t\n        <div class=\"banner-layers container\">\n            <div class=\"fill banner-link\"><\/div>            \n   <div id=\"text-box-1476955678\" class=\"text-box banner-layer x50 md-x50 lg-x50 y50 md-y50 lg-y50 res-text\">\n                                <div class=\"text-box-content text dark\">\n              \n              <div class=\"text-inner text-center\">\n                  \n<h1 class=\"uppercase\" style=\"text-align: center\"><span style=\"font-size: 65%\"><strong>Soutenir la cr\u00e9ativit\u00e9<\/strong><\/span><\/h1>\n              <\/div>\n           <\/div>\n                            \n<style>\n#text-box-1476955678 {\n  width: 60%;\n}\n#text-box-1476955678 .text-box-content {\n  font-size: 100%;\n}\n<\/style>\n    <\/div>\n \n        <\/div>\n      <\/div>\n\n            \n<style>\n#banner-693511040 {\n  padding-top: 300px;\n}\n#banner-693511040 .overlay {\n  background-color: rgba(0, 0, 0, 0.4);\n}\n#banner-693511040 .banner-bg img {\n  object-position: 53% 42%;\n}\n<\/style>\n  <\/div>\n\n\n\t\t<\/div>\n\n\t\t\n<style>\n#section_83154249 {\n  padding-top: 0px;\n  padding-bottom: 0px;\n}\n#section_83154249 .section-bg-overlay {\n  background-color: rgba(239, 117, 0, 0.7);\n}\n<\/style>\n\t<\/section>\n\t\n<div class=\"row\"  id=\"row-2057353415\">\n\n\t<div id=\"col-1865821576\" class=\"col small-12 large-12\"  >\n\t\t\t\t<div class=\"col-inner\"  >\n\t\t\t\n\t\t\t\n\t<div id=\"gap-1906154944\" class=\"gap-element clearfix\" style=\"display:block; height:auto;\">\n\t\t\n<style>\n#gap-1906154944 {\n  padding-top: 30px;\n}\n<\/style>\n\t<\/div>\n\t\n<p style=\"text-align: center\">Tout ce que nous mettons en \u0153uvre pour vous simplifier le processus de fermentation, s\u00e9curiser la production ou encore vous faire gagner du temps, concourt \u00e0 un seul objectif : vous aider \u00e0 exprimer votre inventivit\u00e9 et votre cr\u00e9ativit\u00e9 en toute confiance. Cela vous laisse libre de vous concentrer sur ce qui fait la diff\u00e9rence : le go\u00fbt et les ar\u00f4mes de votre boisson, et le plaisir que vos consommateurs \u00e9prouveront en la buvant.<\/p>\n<p style=\"text-align: center\">Chez Fermentis, soutenir votre cr\u00e9ativit\u00e9 est une priorit\u00e9. Pour notre directeur g\u00e9n\u00e9ral, c&#039;est la priorit\u00e9 absolue. L&#039;innovation, la qualit\u00e9, le service, la fiabilit\u00e9 et la durabilit\u00e9 sont les principaux moteurs de l&#039;\u00e9volution de Fermentis.<\/p>\n\t\t<\/div>\n\t\t\t\t\t<\/div>\n\n\t\n<\/div>\n\n\t<section class=\"section\" id=\"section_475477377\">\n\t\t<div class=\"section-bg fill\" >\n\t\t\t\t\t\t\t\t\t\n\t\t\t\n\n\t\t<\/div>\n\n\t\t\n\n\t\t<div class=\"section-content relative\">\n\t\t\t\n<div class=\"row row-small align-middle\"  id=\"row-719142709\">\n\n\t<div id=\"col-907080913\" class=\"col medium-2 small-12 large-2\"  >\n\t\t\t\t<div class=\"col-inner\"  >\n\t\t\t\n\t\t\t\n\t\t<\/div>\n\t\t\t\t\t<\/div>\n\n\t\n\n\t<div id=\"col-763404691\" class=\"col medium-1 small-12 large-1\"  >\n\t\t\t\t<div class=\"col-inner\"  >\n\t\t\t\n\t\t\t\n\t\t<\/div>\n\t\t\t\t\t<\/div>\n\n\t\n\n\t<div id=\"col-87364888\" class=\"col medium-5 small-12 large-5\"  >\n\t\t\t\t<div class=\"col-inner\"  >\n\t\t\t\n\t\t\t\n\t<div id=\"text-3040831011\" class=\"text\">\n\t\t\n<h2><span style=\"font-size: 130%\">We fight on five fronts for you<\/span><\/h2>\n\t\t\n<style>\n#text-3040831011 {\n  text-align: center;\n}\n<\/style>\n\t<\/div>\n\t\n\t\t<\/div>\n\t\t\t\t\t<\/div>\n\n\t\n\n\t<div id=\"col-1068016767\" class=\"col medium-1 small-12 large-1\"  >\n\t\t\t\t<div class=\"col-inner\"  >\n\t\t\t\n\t\t\t\n\t\t<\/div>\n\t\t\t\t\t<\/div>\n\n\t\n<\/div>\n\t\t<\/div>\n\n\t\t\n<style>\n#section_475477377 {\n  padding-top: 20px;\n  padding-bottom: 20px;\n  background-color: rgb(242, 242, 242);\n}\n<\/style>\n\t<\/section>\n\t\n\t<div id=\"gap-500970100\" class=\"gap-element clearfix\" style=\"display:block; height:auto;\">\n\t\t\n<style>\n#gap-500970100 {\n  padding-top: 20px;\n}\n<\/style>\n\t<\/div>\n\t\n\n\t<section class=\"section\" id=\"section_890884110\">\n\t\t<div class=\"section-bg fill\" >\n\t\t\t\t\t\t\t\t\t\n\t\t\t\n\n\t\t<\/div>\n\n\t\t\n\n\t\t<div class=\"section-content relative\">\n\t\t\t\n<div class=\"row align-center\"  id=\"row-1475631577\">\n\n\t<div id=\"col-619978690\" class=\"col medium-1 small-10 large-1\"  >\n\t\t\t\t<div class=\"col-inner\"  >\n\t\t\t\n\t\t\t\n<h2><span style=\"font-size: 130%\" data-text-color=\"alert\">1.<\/span><\/h2>\n\t\t<\/div>\n\t\t\t\t\n<style>\n#col-619978690 > .col-inner {\n  padding: 0px 40px 0px 0px;\n}\n<\/style>\n\t<\/div>\n\n\t\n\n\t<div id=\"col-53879156\" class=\"col medium-11 small-10 large-11\"  >\n\t\t\t\t<div class=\"col-inner\"  >\n\t\t\t\n\t\t\t\n<h2><span style=\"font-size: 130%\" data-text-color=\"alert\">Soutenir la cr\u00e9ativit\u00e9 de nos clients<\/span><\/h2>\n<p>C&#039;est notre priorit\u00e9. Pendant longtemps, la levure a \u00e9t\u00e9 consid\u00e9r\u00e9e comme une marchandise. Cela facilitait la fermentation, pr\u00e9servait les rendements et c&#039;est tout. Aujourd\u2019hui, les producteurs d\u2019alcool comprennent que la levure est aussi un outil pour donner du caract\u00e8re \u00e0 leurs produits. Cela affecte la qualit\u00e9 finale, la saveur, les ar\u00f4mes et la perception du produit dans son ensemble. Cela modifie nos relations avec nos clients, qui s\u2019apparentent de plus en plus \u00e0 des partenariats. Cela signifie \u00e9galement que nous devons \u00eatre plus informatifs, plus pr\u00e9sents sur le terrain et investir davantage dans la R&amp;D. C\u2019est une fantastique r\u00e9compense pour tout le travail que nous avons accompli au fil des ann\u00e9es et une grande source de motivation pour nos \u00e9quipes. C\u2019est aussi tr\u00e8s agr\u00e9able et stimulant de contribuer \u00e0 am\u00e9liorer les qualit\u00e9s d\u2019une bi\u00e8re, d\u2019un vin ou d\u2019un spiritueux\u2026 Je comprends le plaisir que prennent les \u00e9quipes \u00e0 travailler sur ces d\u00e9fis et j\u2019appr\u00e9cie cela avec elles !<\/p>\n\t\t<\/div>\n\t\t\t\t\t<\/div>\n\n\t\n<\/div>\n<div class=\"row align-center\"  id=\"row-495030423\">\n\n\t<div id=\"col-22892010\" class=\"col medium-1 small-10 large-1\"  >\n\t\t\t\t<div class=\"col-inner\"  >\n\t\t\t\n\t\t\t\n<h2><span style=\"font-size: 130%\" data-text-color=\"alert\">2.<\/span><\/h2>\n\t\t<\/div>\n\t\t\t\t\n<style>\n#col-22892010 > .col-inner {\n  padding: 0px 40px 0px 0px;\n}\n<\/style>\n\t<\/div>\n\n\t\n\n\t<div id=\"col-1532991386\" class=\"col medium-11 small-10 large-11\"  >\n\t\t\t\t<div class=\"col-inner\"  >\n\t\t\t\n\t\t\t\n<h2><span style=\"font-size: 130%\" data-text-color=\"alert\">Trouver de nouvelles solutions techniques<\/span><\/h2>\n<p>Fermentis a toujours beaucoup investi dans ses ressources industrielles. Travailler selon des normes professionnelles et respecter les normes de qualit\u00e9, de s\u00e9curit\u00e9 et d\u2019hygi\u00e8ne les plus \u00e9lev\u00e9es sont fondamentaux dans notre activit\u00e9. Cette expertise industrielle et cette connaissance pointue de la mati\u00e8re premi\u00e8re nous permettent aujourd\u2019hui de produire dans les quantit\u00e9s n\u00e9cessaires, de r\u00e9pondre \u00e0 des demandes sp\u00e9cifiques ou encore de tester en conditions \u00ab r\u00e9elles \u00bb les solutions propos\u00e9es par nos \u00e9quipes R&amp;D\u2026 et nous ne nous arr\u00eatons pas l\u00e0 ! De plus, au cours des deux derni\u00e8res ann\u00e9es, Fermentis a lanc\u00e9 plusieurs innovations techniques sur le march\u00e9. Le premier d\u00e9riv\u00e9 de levure liquide, un activateur de fermentation (ViniLiquid\u2122) ; un produit de clarification (Spring&#039;Finer\u2122) ; et une solution pour refermenter la bi\u00e8re en bouteille (SafAle\u2122 F2). Ces avanc\u00e9es font toute la diff\u00e9rence, c\u2019est pourquoi nous poursuivons nos recherches et nos investissements avec l\u2019aide de notre maison m\u00e8re et de son p\u00f4le recherche mais aussi de nos partenaires.<\/p>\n\t\t<\/div>\n\t\t\t\t\t<\/div>\n\n\t\n<\/div>\n<div class=\"row align-center\"  id=\"row-1011886179\">\n\n\t<div id=\"col-1771995330\" class=\"col medium-1 small-10 large-1\"  >\n\t\t\t\t<div class=\"col-inner\"  >\n\t\t\t\n\t\t\t\n<h2><span style=\"font-size: 130%\" data-text-color=\"alert\">3.<\/span><\/h2>\n\t\t<\/div>\n\t\t\t\t\n<style>\n#col-1771995330 > .col-inner {\n  padding: 0px 40px 0px 0px;\n}\n<\/style>\n\t<\/div>\n\n\t\n\n\t<div id=\"col-2012895649\" class=\"col medium-11 small-10 large-11\"  >\n\t\t\t\t<div class=\"col-inner\"  >\n\t\t\t\n\t\t\t\n<h2><span style=\"font-size: 130%\" data-text-color=\"alert\">Faciliter la vie de nos clients<\/span><\/h2>\n<p>Ce d\u00e9fi se situe \u00e0 la crois\u00e9e des deux premiers. Nos clients ont beaucoup \u00e0 faire. Nous devons les lib\u00e9rer des t\u00e2ches les moins cr\u00e9atives et r\u00e9duire leur temps libre. Ils ont besoin de se concentrer sur leur cr\u00e9ativit\u00e9, leur c\u0153ur de m\u00e9tier, leur relation client\u2026 Cette conviction, cette envie nous a conduit \u00e0 cr\u00e9er une gamme de produits sp\u00e9cifique, faisant partie de la gamme <a class=\"anchor\" href=\"https:\/\/fermentis.com\/fr\/easy-2-use\/\"><u>E2U\u2122<\/u><\/a><strong> <\/strong>concept.<\/p>\n\t\t<\/div>\n\t\t\t\t\t<\/div>\n\n\t\n<\/div>\n<div class=\"row align-center\"  id=\"row-546900617\">\n\n\t<div id=\"col-819070042\" class=\"col medium-1 small-10 large-1\"  >\n\t\t\t\t<div class=\"col-inner\"  >\n\t\t\t\n\t\t\t\n<h2><span style=\"font-size: 130%\" data-text-color=\"alert\">4.<\/span><\/h2>\n\t\t<\/div>\n\t\t\t\t\n<style>\n#col-819070042 > .col-inner {\n  padding: 0px 40px 0px 0px;\n}\n<\/style>\n\t<\/div>\n\n\t\n\n\t<div id=\"col-2033433434\" class=\"col medium-11 small-10 large-11\"  >\n\t\t\t\t<div class=\"col-inner\"  >\n\t\t\t\n\t\t\t\n<h2><span style=\"font-size: 130%\" data-text-color=\"alert\">Soutenir les entrepreneurs<\/span><\/h2>\n<p>Il se passe de grandes choses dans le monde des boissons ferment\u00e9es.<br \/>\nOn voit appara\u00eetre de jeunes cr\u00e9ateurs, de petites distilleries, des brasseries artisanales, de nouveaux domaines viticoles\u2026 Il y a des risques, de l\u2019audace et de belles surprises. Et comme dans toute entreprise cr\u00e9ative, il y a aussi des d\u00e9ceptions.<br \/>\nC&#039;est un mod\u00e8le vertueux, m\u00eame pour les plus gros acteurs du march\u00e9 qui sont pouss\u00e9s \u00e0 \u00eatre encore plus inventifs. C\u2019est pourquoi nous souhaitons soutenir les efforts de ceux qui s\u2019y essaient, peut-\u00eatre parce que nous partageons ce go\u00fbt de l\u2019innovation et de l\u2019initiative.<\/p>\n\t\t<\/div>\n\t\t\t\t\t<\/div>\n\n\t\n<\/div>\n<div class=\"row align-center\"  id=\"row-90320857\">\n\n\t<div id=\"col-40911070\" class=\"col medium-1 small-10 large-1\"  >\n\t\t\t\t<div class=\"col-inner\"  >\n\t\t\t\n\t\t\t\n<h2><span style=\"font-size: 130%\" data-text-color=\"alert\">5.<\/span><\/h2>\n\t\t<\/div>\n\t\t\t\t\n<style>\n#col-40911070 > .col-inner {\n  padding: 0px 40px 0px 0px;\n}\n<\/style>\n\t<\/div>\n\n\t\n\n\t<div id=\"col-939541119\" class=\"col medium-11 small-10 large-11\"  >\n\t\t\t\t<div class=\"col-inner\"  >\n\t\t\t\n\t\t\t\n<h2><span style=\"font-size: 130%\" data-text-color=\"alert\">Relation de confiance<\/span><\/h2>\n<p>Dans notre secteur, le temps, l\u2019exp\u00e9rience et l\u2019expertise construisent des produits, des marques et la fid\u00e9lit\u00e9 \u00e0 la marque. L\u2019honn\u00eatet\u00e9, la g\u00e9n\u00e9rosit\u00e9, la loyaut\u00e9 et la confiance sont des valeurs cl\u00e9s. La confiance entre nous, la confiance dans notre produit, la confiance de nos clients\u2026 Comment fonctionner sans confiance alors que notre quotidien est fait de rencontres, d\u2019\u00e9changes et de plaisirs partag\u00e9s ?<\/p>\n\t\t<\/div>\n\t\t\t\t\t<\/div>\n\n\t\n<\/div>\n\t\t<\/div>\n\n\t\t\n<style>\n#section_890884110 {\n  padding-top: 20px;\n  padding-bottom: 20px;\n}\n<\/style>\n\t<\/section>\n\t\n\t<div id=\"gap-726023070\" class=\"gap-element clearfix\" style=\"display:block; height:auto;\">\n\t\t\n<style>\n#gap-726023070 {\n  padding-top: &quot;40px&quot;;\n}\n<\/style>\n\t<\/div>\n\t\n<h2 style=\"text-align: center\"><span style=\"font-size: 180%;color: #ef7500\">Parlons-en<\/span><\/h2>\n<div class=\"wpb_text_column wpb_content_element \">\n<div class=\"wpb_wrapper\">\n<p style=\"text-align: center\"><strong>Vous souhaitez en savoir plus sur nos produits et services ?<\/strong><\/p>\n<\/div>\n<\/div>\n<div class=\"row\"  id=\"row-8462487\">\n\n\t<div id=\"col-1417885502\" class=\"col small-12 large-12\"  >\n\t\t\t\t<div class=\"col-inner text-center\"  >\n\t\t\t\n\t\t\t\n<a href=\"https:\/\/fermentis.com\/fr\/contact\/\" target=\"_blank\" class=\"button primary box-shadow-1 box-shadow-2-hover\" rel=\"noopener\" >\n\t<i class=\"icon-envelop\" aria-hidden=\"true\"><\/i>\t<span>CONTACTEZ-NOUS<\/span>\n\t<\/a>\n\n\t\t<\/div>\n\t\t\t\t\t<\/div>\n\n\t\n<\/div>\n","protected":false},"excerpt":{"rendered":"<p>Parlons-en Vous souhaitez en savoir plus sur nos produits et services ?<\/p>\n","protected":false},"author":2,"featured_media":0,"parent":24707,"menu_order":0,"comment_status":"closed","ping_status":"closed","template":"page-blank.php","meta":{"_acf_changed":false,"footnotes":""},"class_list":["post-27916","page","type-page","status-publish","hentry"],"acf":[],"yoast_head":"<!-- This site is optimized with the Yoast SEO Premium plugin v27.3 (Yoast SEO v27.4) - https:\/\/yoast.com\/product\/yoast-seo-premium-wordpress\/ -->\n<title>Soutenir la cr\u00e9ativit\u00e9 - Fermentis<\/title>\n<meta name=\"description\" content=\"Notre priorit\u00e9 est de soutenir votre cr\u00e9ativit\u00e9 en vous aidant \u00e0 exprimer votre inventivit\u00e9 et votre cr\u00e9ativit\u00e9. Jouez avec les levures pour donner du caract\u00e8re \u00e0 vos produits !\" \/>\n<meta name=\"robots\" content=\"index, follow, max-snippet:-1, max-image-preview:large, max-video-preview:-1\" \/>\n<link rel=\"canonical\" href=\"https:\/\/fermentis.com\/fr\/our-company\/supporting-creativity\/\" \/>\n<meta property=\"og:locale\" content=\"fr_FR\" \/>\n<meta property=\"og:type\" content=\"article\" \/>\n<meta property=\"og:title\" content=\"Soutenir la cr\u00e9ativit\u00e9\" \/>\n<meta property=\"og:description\" content=\"Notre priorit\u00e9 est de soutenir votre cr\u00e9ativit\u00e9 en vous aidant \u00e0 exprimer votre inventivit\u00e9 et votre cr\u00e9ativit\u00e9. Jouez avec les levures pour donner du caract\u00e8re \u00e0 vos produits !\" \/>\n<meta property=\"og:url\" content=\"https:\/\/fermentis.com\/fr\/our-company\/supporting-creativity\/\" \/>\n<meta property=\"og:site_name\" content=\"Fermentis\" \/>\n<meta property=\"article:publisher\" content=\"https:\/\/www.facebook.com\/Fermentis\" \/>\n<meta property=\"article:modified_time\" content=\"2026-04-14T14:22:16+00:00\" \/>\n<meta property=\"og:image\" content=\"https:\/\/fermentis.com\/wp-content\/uploads\/2021\/07\/website-v2.png\" \/>\n\t<meta property=\"og:image:width\" content=\"1903\" \/>\n\t<meta property=\"og:image:height\" content=\"901\" \/>\n\t<meta property=\"og:image:type\" content=\"image\/png\" \/>\n<meta name=\"twitter:card\" content=\"summary_large_image\" \/>\n<meta name=\"twitter:site\" content=\"@fermentis\" \/>\n<meta name=\"twitter:label1\" content=\"Dur\u00e9e de lecture estim\u00e9e\" \/>\n\t<meta name=\"twitter:data1\" content=\"5 minutes\" \/>\n<script type=\"application\/ld+json\" class=\"yoast-schema-graph\">{\"@context\":\"https:\\\/\\\/schema.org\",\"@graph\":[{\"@type\":\"WebPage\",\"@id\":\"https:\\\/\\\/fermentis.com\\\/fr\\\/our-company\\\/supporting-creativity\\\/\",\"url\":\"https:\\\/\\\/fermentis.com\\\/fr\\\/our-company\\\/supporting-creativity\\\/\",\"name\":\"Soutenir la cr\u00e9ativit\u00e9 - Fermentis\",\"isPartOf\":{\"@id\":\"https:\\\/\\\/fermentis.com\\\/fr\\\/#website\"},\"datePublished\":\"2020-02-17T23:00:00+00:00\",\"dateModified\":\"2026-04-14T14:22:16+00:00\",\"description\":\"Notre priorit\u00e9 est de soutenir votre cr\u00e9ativit\u00e9 en vous aidant \u00e0 exprimer votre inventivit\u00e9 et votre cr\u00e9ativit\u00e9. Jouez avec les levures pour donner du caract\u00e8re \u00e0 vos produits !\",\"breadcrumb\":{\"@id\":\"https:\\\/\\\/fermentis.com\\\/fr\\\/our-company\\\/supporting-creativity\\\/#breadcrumb\"},\"inLanguage\":\"fr-FR\",\"potentialAction\":[{\"@type\":\"ReadAction\",\"target\":[\"https:\\\/\\\/fermentis.com\\\/fr\\\/our-company\\\/supporting-creativity\\\/\"]}]},{\"@type\":\"BreadcrumbList\",\"@id\":\"https:\\\/\\\/fermentis.com\\\/fr\\\/our-company\\\/supporting-creativity\\\/#breadcrumb\",\"itemListElement\":[{\"@type\":\"ListItem\",\"position\":1,\"name\":\"Home\",\"item\":\"https:\\\/\\\/fermentis.com\\\/fr\\\/\"},{\"@type\":\"ListItem\",\"position\":2,\"name\":\"Notre soci\u00e9t\u00e9\",\"item\":\"https:\\\/\\\/fermentis.com\\\/fr\\\/our-company\\\/\"},{\"@type\":\"ListItem\",\"position\":3,\"name\":\"Soutenir la cr\u00e9ativit\u00e9\"}]},{\"@type\":\"WebSite\",\"@id\":\"https:\\\/\\\/fermentis.com\\\/fr\\\/#website\",\"url\":\"https:\\\/\\\/fermentis.com\\\/fr\\\/\",\"name\":\"Fermentis\",\"description\":\"Un site utilisant WordPress\",\"publisher\":{\"@id\":\"https:\\\/\\\/fermentis.com\\\/fr\\\/#organization\"},\"potentialAction\":[{\"@type\":\"SearchAction\",\"target\":{\"@type\":\"EntryPoint\",\"urlTemplate\":\"https:\\\/\\\/fermentis.com\\\/fr\\\/?s={search_term_string}\"},\"query-input\":{\"@type\":\"PropertyValueSpecification\",\"valueRequired\":true,\"valueName\":\"search_term_string\"}}],\"inLanguage\":\"fr-FR\"},{\"@type\":\"Organization\",\"@id\":\"https:\\\/\\\/fermentis.com\\\/fr\\\/#organization\",\"name\":\"Fermentis\",\"url\":\"https:\\\/\\\/fermentis.com\\\/fr\\\/\",\"logo\":{\"@type\":\"ImageObject\",\"inLanguage\":\"fr-FR\",\"@id\":\"https:\\\/\\\/fermentis.com\\\/fr\\\/#\\\/schema\\\/logo\\\/image\\\/\",\"url\":\"https:\\\/\\\/fermentis.com\\\/wp-content\\\/uploads\\\/2021\\\/07\\\/Logo-Fermentis-5.png\",\"contentUrl\":\"https:\\\/\\\/fermentis.com\\\/wp-content\\\/uploads\\\/2021\\\/07\\\/Logo-Fermentis-5.png\",\"width\":308,\"height\":95,\"caption\":\"Fermentis\"},\"image\":{\"@id\":\"https:\\\/\\\/fermentis.com\\\/fr\\\/#\\\/schema\\\/logo\\\/image\\\/\"},\"sameAs\":[\"https:\\\/\\\/www.facebook.com\\\/Fermentis\",\"https:\\\/\\\/x.com\\\/fermentis\",\"https:\\\/\\\/www.instagram.com\\\/fermentisbylesaffre\\\/\",\"https:\\\/\\\/www.linkedin.com\\\/company\\\/fermentis\\\/\",\"https:\\\/\\\/www.youtube.com\\\/channel\\\/UCt_Lp3IZnUNXZeqSi6iiAdA\"]}]}<\/script>\n<!-- \/ Yoast SEO Premium plugin. -->","yoast_head_json":{"title":"Soutenir la cr\u00e9ativit\u00e9 - Fermentis","description":"Notre priorit\u00e9 est de soutenir votre cr\u00e9ativit\u00e9 en vous aidant \u00e0 exprimer votre inventivit\u00e9 et votre cr\u00e9ativit\u00e9. Jouez avec les levures pour donner du caract\u00e8re \u00e0 vos produits !","robots":{"index":"index","follow":"follow","max-snippet":"max-snippet:-1","max-image-preview":"max-image-preview:large","max-video-preview":"max-video-preview:-1"},"canonical":"https:\/\/fermentis.com\/fr\/our-company\/supporting-creativity\/","og_locale":"fr_FR","og_type":"article","og_title":"Soutenir la cr\u00e9ativit\u00e9","og_description":"Notre priorit\u00e9 est de soutenir votre cr\u00e9ativit\u00e9 en vous aidant \u00e0 exprimer votre inventivit\u00e9 et votre cr\u00e9ativit\u00e9. Jouez avec les levures pour donner du caract\u00e8re \u00e0 vos produits !","og_url":"https:\/\/fermentis.com\/fr\/our-company\/supporting-creativity\/","og_site_name":"Fermentis","article_publisher":"https:\/\/www.facebook.com\/Fermentis","article_modified_time":"2026-04-14T14:22:16+00:00","og_image":[{"width":1903,"height":901,"url":"https:\/\/fermentis.com\/wp-content\/uploads\/2021\/07\/website-v2.png","type":"image\/png"}],"twitter_card":"summary_large_image","twitter_site":"@fermentis","twitter_misc":{"Dur\u00e9e de lecture estim\u00e9e":"5 minutes"},"schema":{"@context":"https:\/\/schema.org","@graph":[{"@type":"WebPage","@id":"https:\/\/fermentis.com\/fr\/our-company\/supporting-creativity\/","url":"https:\/\/fermentis.com\/fr\/our-company\/supporting-creativity\/","name":"Soutenir la cr\u00e9ativit\u00e9 - Fermentis","isPartOf":{"@id":"https:\/\/fermentis.com\/fr\/#website"},"datePublished":"2020-02-17T23:00:00+00:00","dateModified":"2026-04-14T14:22:16+00:00","description":"Notre priorit\u00e9 est de soutenir votre cr\u00e9ativit\u00e9 en vous aidant \u00e0 exprimer votre inventivit\u00e9 et votre cr\u00e9ativit\u00e9. Jouez avec les levures pour donner du caract\u00e8re \u00e0 vos produits !","breadcrumb":{"@id":"https:\/\/fermentis.com\/fr\/our-company\/supporting-creativity\/#breadcrumb"},"inLanguage":"fr-FR","potentialAction":[{"@type":"ReadAction","target":["https:\/\/fermentis.com\/fr\/our-company\/supporting-creativity\/"]}]},{"@type":"BreadcrumbList","@id":"https:\/\/fermentis.com\/fr\/our-company\/supporting-creativity\/#breadcrumb","itemListElement":[{"@type":"ListItem","position":1,"name":"Home","item":"https:\/\/fermentis.com\/fr\/"},{"@type":"ListItem","position":2,"name":"Notre soci\u00e9t\u00e9","item":"https:\/\/fermentis.com\/fr\/our-company\/"},{"@type":"ListItem","position":3,"name":"Soutenir la cr\u00e9ativit\u00e9"}]},{"@type":"WebSite","@id":"https:\/\/fermentis.com\/fr\/#website","url":"https:\/\/fermentis.com\/fr\/","name":"Fermentis","description":"Un site utilisant WordPress","publisher":{"@id":"https:\/\/fermentis.com\/fr\/#organization"},"potentialAction":[{"@type":"SearchAction","target":{"@type":"EntryPoint","urlTemplate":"https:\/\/fermentis.com\/fr\/?s={search_term_string}"},"query-input":{"@type":"PropertyValueSpecification","valueRequired":true,"valueName":"search_term_string"}}],"inLanguage":"fr-FR"},{"@type":"Organization","@id":"https:\/\/fermentis.com\/fr\/#organization","name":"Fermentis","url":"https:\/\/fermentis.com\/fr\/","logo":{"@type":"ImageObject","inLanguage":"fr-FR","@id":"https:\/\/fermentis.com\/fr\/#\/schema\/logo\/image\/","url":"https:\/\/fermentis.com\/wp-content\/uploads\/2021\/07\/Logo-Fermentis-5.png","contentUrl":"https:\/\/fermentis.com\/wp-content\/uploads\/2021\/07\/Logo-Fermentis-5.png","width":308,"height":95,"caption":"Fermentis"},"image":{"@id":"https:\/\/fermentis.com\/fr\/#\/schema\/logo\/image\/"},"sameAs":["https:\/\/www.facebook.com\/Fermentis","https:\/\/x.com\/fermentis","https:\/\/www.instagram.com\/fermentisbylesaffre\/","https:\/\/www.linkedin.com\/company\/fermentis\/","https:\/\/www.youtube.com\/channel\/UCt_Lp3IZnUNXZeqSi6iiAdA"]}]}},"_links":{"self":[{"href":"https:\/\/fermentis.com\/fr\/wp-json\/wp\/v2\/pages\/27916","targetHints":{"allow":["GET"]}}],"collection":[{"href":"https:\/\/fermentis.com\/fr\/wp-json\/wp\/v2\/pages"}],"about":[{"href":"https:\/\/fermentis.com\/fr\/wp-json\/wp\/v2\/types\/page"}],"author":[{"embeddable":true,"href":"https:\/\/fermentis.com\/fr\/wp-json\/wp\/v2\/users\/2"}],"replies":[{"embeddable":true,"href":"https:\/\/fermentis.com\/fr\/wp-json\/wp\/v2\/comments?post=27916"}],"version-history":[{"count":4354,"href":"https:\/\/fermentis.com\/fr\/wp-json\/wp\/v2\/pages\/27916\/revisions"}],"predecessor-version":[{"id":716694,"href":"https:\/\/fermentis.com\/fr\/wp-json\/wp\/v2\/pages\/27916\/revisions\/716694"}],"up":[{"embeddable":true,"href":"https:\/\/fermentis.com\/fr\/wp-json\/wp\/v2\/pages\/24707"}],"wp:attachment":[{"href":"https:\/\/fermentis.com\/fr\/wp-json\/wp\/v2\/media?parent=27916"}],"curies":[{"name":"wp","href":"https:\/\/api.w.org\/{rel}","templated":true}]}}