{"id":27917,"date":"2020-02-20T00:00:00","date_gmt":"2020-02-19T23:00:00","guid":{"rendered":"http:\/\/fermentis.com\/le-groupe-lesaffre\/"},"modified":"2026-04-01T10:56:00","modified_gmt":"2026-04-01T08:56:00","slug":"lesaffre","status":"publish","type":"page","link":"https:\/\/fermentis.com\/fr\/our-company\/lesaffre\/","title":{"rendered":"Groupe Lesaffre"},"content":{"rendered":"\n\t<section class=\"section\" id=\"section_1457783921\">\n\t\t<div class=\"section-bg fill\" >\n\t\t\t<img loading=\"lazy\" decoding=\"async\" width=\"1940\" height=\"758\" src=\"https:\/\/fermentis.com\/wp-content\/uploads\/2020\/02\/fermentis-corporate-bg.jpg\" class=\"bg attachment- size-\" alt=\"\" \/>\t\t\t\t\t\t<div class=\"section-bg-overlay absolute fill\"><\/div>\n\t\t\t\n\n\t\t<\/div>\n\n\t\t\n\n\t\t<div class=\"section-content relative\">\n\t\t\t\n\n  <div class=\"banner has-hover has-parallax\" id=\"banner-2053831044\">\n          <div class=\"banner-inner fill\">\n        <div class=\"banner-bg fill\" data-parallax=\"-4\" data-parallax-container=\".banner\" data-parallax-background>\n            <img loading=\"lazy\" decoding=\"async\" width=\"1500\" height=\"854\" src=\"https:\/\/fermentis.com\/wp-content\/uploads\/2020\/09\/lesaffre-bg.png\" class=\"bg attachment-original size-original\" alt=\"\" \/>                        <div class=\"overlay\"><\/div>            \n                    <\/div>\n\t\t\n        <div class=\"banner-layers container\">\n            <div class=\"fill banner-link\"><\/div>            \n   <div id=\"text-box-587107665\" class=\"text-box banner-layer x50 md-x50 lg-x50 y50 md-y50 lg-y50 res-text\">\n                                <div class=\"text-box-content text dark\">\n              \n              <div class=\"text-inner text-center\">\n                  \n\t<div class=\"img has-hover x md-x lg-x y md-y lg-y\" id=\"image_1004093424\">\n\t\t\t\t\t\t\t\t<div class=\"img-inner dark\" >\n\t\t\t<img loading=\"lazy\" decoding=\"async\" width=\"500\" height=\"322\" src=\"https:\/\/fermentis.com\/wp-content\/uploads\/2020\/10\/lesaffre-logo-white.png\" class=\"attachment-large size-large\" alt=\"\" \/>\t\t\t\t\t\t\n\t\t\t\t\t<\/div>\n\t\t\t\t\t\t\t\t\n<style>\n#image_1004093424 {\n  width: 50%;\n}\n<\/style>\n\t<\/div>\n\t\n              <\/div>\n           <\/div>\n                            \n<style>\n#text-box-587107665 {\n  width: 60%;\n}\n#text-box-587107665 .text-box-content {\n  font-size: 100%;\n}\n<\/style>\n    <\/div>\n \n        <\/div>\n      <\/div>\n\n            \n<style>\n#banner-2053831044 {\n  padding-top: 300px;\n}\n#banner-2053831044 .overlay {\n  background-color: rgba(0, 0, 0, 0.36);\n}\n#banner-2053831044 .banner-bg img {\n  object-position: 48% 68%;\n}\n<\/style>\n  <\/div>\n\n\n\t\t<\/div>\n\n\t\t\n<style>\n#section_1457783921 {\n  padding-top: 0px;\n  padding-bottom: 0px;\n}\n#section_1457783921 .section-bg-overlay {\n  background-color: rgba(239, 117, 0, 0.7);\n}\n<\/style>\n\t<\/section>\n\t\n\t<div id=\"gap-1669462108\" class=\"gap-element clearfix\" style=\"display:block; height:auto;\">\n\t\t\n<style>\n#gap-1669462108 {\n  padding-top: 40px;\n}\n<\/style>\n\t<\/div>\n\t\n<div class=\"row\"  id=\"row-1765360137\">\n\n\t<div id=\"col-1321872479\" class=\"col medium-4 small-12 large-4\"  >\n\t\t\t\t<div class=\"col-inner text-center\"  >\n\t\t\t\n\t\t\t\n\t<div class=\"img has-hover x md-x lg-x y md-y lg-y\" id=\"image_262439290\">\n\t\t\t\t\t\t\t\t<div class=\"img-inner dark\" >\n\t\t\t<img loading=\"lazy\" decoding=\"async\" width=\"566\" height=\"800\" src=\"https:\/\/fermentis.com\/wp-content\/uploads\/2025\/04\/Key-Figures_vertical_2025_GB-pdf-566x800.jpg\" class=\"attachment-medium size-medium\" alt=\"\" \/>\t\t\t\t\t\t\n\t\t\t\t\t<\/div>\n\t\t\t\t\t\t\t\t\n<style>\n#image_262439290 {\n  width: 100%;\n}\n<\/style>\n\t<\/div>\n\t\n\t\t<\/div>\n\t\t\t\t\t<\/div>\n\n\t\n\n\t<div id=\"col-1090182734\" class=\"col medium-1 small-12 large-1\"  >\n\t\t\t\t<div class=\"col-inner\"  >\n\t\t\t\n\t\t\t\n\t\t<\/div>\n\t\t\t\t\t<\/div>\n\n\t\n\n\t<div id=\"col-1196062614\" class=\"col medium-7 small-12 large-7\"  >\n\t\t\t\t<div class=\"col-inner\"  >\n\t\t\t\n\t\t\t\n\t<div id=\"gap-1664086054\" class=\"gap-element clearfix\" style=\"display:block; height:auto;\">\n\t\t\n<style>\n#gap-1664086054 {\n  padding-top: 85px;\n}\n<\/style>\n\t<\/div>\n\t\n\t<div id=\"text-3104181746\" class=\"text\">\n\t\t\n<h2 style=\"text-align: left;\"><span style=\"font-size: 180%; color: #993300;\" data-text-color=\"alert\">\u00c0 propos de Lesaffre<\/span><\/h2>\n\t\t\n<style>\n#text-3104181746 {\n  text-align: left;\n}\n<\/style>\n\t<\/div>\n\t\n\t<div id=\"gap-189947867\" class=\"gap-element clearfix\" style=\"display:block; height:auto;\">\n\t\t\n<style>\n#gap-189947867 {\n  padding-top: 40px;\n}\n<\/style>\n\t<\/div>\n\t\n<div>Acteur majeur mondial de la fermentation depuis plus d\u2019un si\u00e8cle, Lesaffre, 3 milliards d\u2019euros de chiffre d\u2019affaires, implant\u00e9 sur tous les continents, compte 11 000 collaborateurs et 100 nationalit\u00e9s. Forts de cette exp\u00e9rience et de cette diversit\u00e9, nous collaborons avec clients, partenaires et chercheurs, pour trouver des r\u00e9ponses toujours plus pertinentes aux besoins de nutrition, de sant\u00e9, de naturalit\u00e9 et de respect de notre environnement. Ainsi, chaque jour, nous explorons et r\u00e9v\u00e9lons le potentiel infini des micro-organismes.<\/div>\n<div><\/div>\n<div>Nourrir sainement 9 milliards d\u2019habitants en 2050 en utilisant au plus juste les ressources de la plan\u00e8te, est un enjeu majeur et in\u00e9dit. Nous croyons que la fermentation est l\u2019une des r\u00e9ponses les plus prometteuses \u00e0 ce d\u00e9fi.<\/div>\n<div><\/div>\n<div><\/div>\n<div><strong>Lesaffre &#8211; Entreprendre ensemble pour mieux nourrir et prot\u00e9ger la plan\u00e8te.<\/strong><\/div>\n\t\t<\/div>\n\t\t\t\t\t<\/div>\n\n\t\n<\/div>\n<div class=\"row\"  id=\"row-1001862641\">\n\n\t<div id=\"col-672487400\" class=\"col small-12 large-12\"  >\n\t\t\t\t<div class=\"col-inner\"  >\n\t\t\t\n\t\t\t\n<h2 style=\"text-align: center;\"><span style=\"font-size: 180%; color: #993300;\" data-text-color=\"alert\">Le groupe<\/span><\/h2>\n\t\t<\/div>\n\t\t\t\t\t<\/div>\n\n\t\n<\/div>\n\n\t<section class=\"section\" id=\"section_278511560\">\n\t\t<div class=\"section-bg fill\" >\n\t\t\t\t\t\t\t\t\t\n\t\t\t\n\n\t\t<\/div>\n\n\t\t\n\n\t\t<div class=\"section-content relative\">\n\t\t\t\n<div class=\"row\"  id=\"row-1954346316\">\n\n\t<div id=\"col-1593342613\" class=\"col medium-6 small-12 large-6\"  >\n\t\t\t\t<div class=\"col-inner\"  >\n\t\t\t\n\t\t\t\n\t<div class=\"img has-hover x md-x lg-x y md-y lg-y\" id=\"image_1724921551\">\n\t\t\t\t\t\t\t\t<div class=\"img-inner dark\" >\n\t\t\t<img loading=\"lazy\" decoding=\"async\" width=\"800\" height=\"600\" src=\"https:\/\/fermentis.com\/wp-content\/uploads\/2020\/10\/bread-making.jpg\" class=\"attachment-original size-original\" alt=\"\" srcset=\"https:\/\/fermentis.com\/wp-content\/uploads\/2020\/10\/bread-making.jpg 800w, https:\/\/fermentis.com\/wp-content\/uploads\/2020\/10\/bread-making-600x450.jpg 600w, https:\/\/fermentis.com\/wp-content\/uploads\/2020\/10\/bread-making-768x576.jpg 768w\" sizes=\"auto, (max-width: 800px) 100vw, 800px\" \/>\t\t\t\t\t\t\n\t\t\t\t\t<\/div>\n\t\t\t\t\t\t\t\t\n<style>\n#image_1724921551 {\n  width: 100%;\n}\n<\/style>\n\t<\/div>\n\t\n<h3 style=\"text-align: left;\">Levures et solutions de panification<\/h3>\n<p style=\"text-align: left;\">Notre ma\u00eetrise du processus de fermentation se manifeste par nos gammes de levures et de solutions de panification, ainsi que par les technologies et services d\u00e9di\u00e9s aux professionnels tout au long de la cha\u00eene de valeur. Sans oublier le support technique fourni par notre r\u00e9seau de Baking Center\u2122.<\/p>\n<p style=\"text-align: left;\">\u2022 <a href=\"https:\/\/saf-instant.com\/\" target=\"_blank\" rel=\"noopener noreferrer\">Saf Instant<\/a><br \/>\n\u2022 <a href=\"https:\/\/www.livendo-lesaffre.com\/\" target=\"_blank\" rel=\"noopener noreferrer\">Liverdo<\/a><br \/>\n\u2022 <a href=\"https:\/\/lhirondelle-lesaffre.com\/fr\/\" target=\"_blank\" rel=\"noopener noreferrer\">L&#8217;hirondelle<\/a><\/p>\n\t\t<\/div>\n\t\t\t\t\t<\/div>\n\n\t\n\n\t<div id=\"col-1449985690\" class=\"col medium-6 small-12 large-6\"  >\n\t\t\t\t<div class=\"col-inner\"  >\n\t\t\t\n\t\t\t\n\t<div class=\"img has-hover x md-x lg-x y md-y lg-y\" id=\"image_403273431\">\n\t\t\t\t\t\t\t\t<div class=\"img-inner dark\" >\n\t\t\t<img loading=\"lazy\" decoding=\"async\" width=\"800\" height=\"600\" src=\"https:\/\/fermentis.com\/wp-content\/uploads\/2020\/10\/taste-pleasure.jpg\" class=\"attachment-large size-large\" alt=\"\" srcset=\"https:\/\/fermentis.com\/wp-content\/uploads\/2020\/10\/taste-pleasure.jpg 800w, https:\/\/fermentis.com\/wp-content\/uploads\/2020\/10\/taste-pleasure-600x450.jpg 600w, https:\/\/fermentis.com\/wp-content\/uploads\/2020\/10\/taste-pleasure-768x576.jpg 768w\" sizes=\"auto, (max-width: 800px) 100vw, 800px\" \/>\t\t\t\t\t\t\n\t\t\t\t\t<\/div>\n\t\t\t\t\t\t\t\t\n<style>\n#image_403273431 {\n  width: 100%;\n}\n<\/style>\n\t<\/div>\n\t\n<h3 style=\"text-align: left;\">Go\u00fbt et plaisir des aliments<\/h3>\n<p style=\"text-align: left;\">Les levures jouent \u00e9galement un r\u00f4le cl\u00e9 dans le monde du go\u00fbt et du plaisir gustatif.<br \/>\nLesaffre innove en d\u00e9veloppant des mol\u00e9cules aromatiques naturelles, des extraits de levure qui optimisent les qualit\u00e9s nutritionnelles, sensorielles et gustatives, et des solutions de fermentation alcoolique pour les producteurs de bi\u00e8res, de vins et de spiritueux.<\/p>\n<p style=\"text-align: left;\">\u2022 <a href=\"https:\/\/www.biospringer.com\/\" target=\"_blank\" rel=\"noopener noreferrer\">Biospringer<\/a><br \/>\n\u2022 <a href=\"https:\/\/fermentis.com\/\" target=\"_blank\" rel=\"noopener noreferrer\">Fermentis<\/a><br \/>\n\u2022 <a href=\"https:\/\/www.ennolys.fr\/\" target=\"_blank\" rel=\"noopener noreferrer\">Ennolys<\/a><\/p>\n\t\t<\/div>\n\t\t\t\t\t<\/div>\n\n\t\n<\/div>\n<div class=\"row\"  id=\"row-1331998302\">\n\n\t<div id=\"col-99085298\" class=\"col medium-6 small-12 large-6\"  >\n\t\t\t\t<div class=\"col-inner\"  >\n\t\t\t\n\t\t\t\n\t<div class=\"img has-hover x md-x lg-x y md-y lg-y\" id=\"image_649682285\">\n\t\t\t\t\t\t\t\t<div class=\"img-inner dark\" >\n\t\t\t<img loading=\"lazy\" decoding=\"async\" width=\"800\" height=\"600\" src=\"https:\/\/fermentis.com\/wp-content\/uploads\/2020\/10\/healthcare.jpg\" class=\"attachment-original size-original\" alt=\"\" srcset=\"https:\/\/fermentis.com\/wp-content\/uploads\/2020\/10\/healthcare.jpg 800w, https:\/\/fermentis.com\/wp-content\/uploads\/2020\/10\/healthcare-600x450.jpg 600w, https:\/\/fermentis.com\/wp-content\/uploads\/2020\/10\/healthcare-768x576.jpg 768w\" sizes=\"auto, (max-width: 800px) 100vw, 800px\" \/>\t\t\t\t\t\t\n\t\t\t\t\t<\/div>\n\t\t\t\t\t\t\t\t\n<style>\n#image_649682285 {\n  width: 100%;\n}\n<\/style>\n\t<\/div>\n\t\n<h3 style=\"text-align: left;\">Soins de sant\u00e9<\/h3>\n<p style=\"text-align: left;\">Lesaffre a toujours eu \u00e0 c\u0153ur de servir le bien-\u00eatre des \u00eatres vivants et de contribuer \u00e0 mieux nourrir et soigner la population mondiale, tout en prot\u00e9geant l&#8217;environnement.<br \/>\nLa sant\u00e9 et la nutrition humaines, la sant\u00e9 et la nutrition animales, ainsi que la nutrition v\u00e9g\u00e9tale sont autant de domaines de d\u00e9veloppement strat\u00e9giques pour notre groupe.<\/p>\n<p style=\"text-align: left;\">\u2022 <a href=\"https:\/\/www.phileo-lesaffre.com\/\" target=\"_blank\" rel=\"noopener noreferrer\">Phil\u00e9o<\/a><br \/>\n\u2022 <a href=\"https:\/\/www.lesaffre.com\/health-care\/gnosis\/\" target=\"_blank\" rel=\"noopener noreferrer\">Gnose<\/a><br \/>\n\u2022 <a href=\"https:\/\/www.lesaffre.com\/health-care\/agrauxine\/\" target=\"_blank\" rel=\"noopener noreferrer\">Agrauxine<\/a><\/p>\n\t\t<\/div>\n\t\t\t\t\t<\/div>\n\n\t\n\n\t<div id=\"col-1353564242\" class=\"col medium-6 small-12 large-6\"  >\n\t\t\t\t<div class=\"col-inner\"  >\n\t\t\t\n\t\t\t\n\t<div class=\"img has-hover x md-x lg-x y md-y lg-y\" id=\"image_1323888123\">\n\t\t\t\t\t\t\t\t<div class=\"img-inner dark\" >\n\t\t\t<img loading=\"lazy\" decoding=\"async\" width=\"800\" height=\"600\" src=\"https:\/\/fermentis.com\/wp-content\/uploads\/2020\/10\/bio-diesel.jpg\" class=\"attachment-large size-large\" alt=\"\" srcset=\"https:\/\/fermentis.com\/wp-content\/uploads\/2020\/10\/bio-diesel.jpg 800w, https:\/\/fermentis.com\/wp-content\/uploads\/2020\/10\/bio-diesel-600x450.jpg 600w, https:\/\/fermentis.com\/wp-content\/uploads\/2020\/10\/bio-diesel-768x576.jpg 768w\" sizes=\"auto, (max-width: 800px) 100vw, 800px\" \/>\t\t\t\t\t\t\n\t\t\t\t\t<\/div>\n\t\t\t\t\t\t\t\t\n<style>\n#image_1323888123 {\n  width: 100%;\n}\n<\/style>\n\t<\/div>\n\t\n<h3 style=\"text-align: left;\">Biotechnologies<\/h3>\n<p style=\"text-align: left;\">Dans le domaine des biotechnologies, Lesaffre d\u00e9veloppe des nutriments cellulaires efficaces destin\u00e9s \u00e0 la cr\u00e9ation de nouvelles mol\u00e9cules b\u00e9n\u00e9fiques aux humains et aux animaux. Notre groupe contribue \u00e9galement \u00e0 la cr\u00e9ation de souches de levures propices au d\u00e9veloppement du bio\u00e9thanol de p<sup>rem<\/sup>i\u00e8re et <sup>de <\/sup>deuxi\u00e8me g\u00e9n\u00e9ration. Dans un souci de promouvoir une \u00e9conomie durable, notre groupe est tout aussi actif aux c\u00f4t\u00e9s des industries chimiques biosourc\u00e9es.<\/p>\n<p style=\"text-align: left;\">\u2022 <a href=\"https:\/\/www.procelys.com\/\" target=\"_blank\" rel=\"noopener noreferrer\">Procelys<\/a><br \/>\n\u2022 <a href=\"https:\/\/www.lesaffreadvancedfermentations.com\/\" target=\"_blank\" rel=\"noopener noreferrer\">Feuille<\/a><br \/>\n\u2022 <a href=\"https:\/\/www.lesaffre-ingredients-services.fr\/\" target=\"_blank\" rel=\"noopener noreferrer\">LIS<\/a><\/p>\n\t\t<\/div>\n\t\t\t\t\t<\/div>\n\n\t\n<\/div>\n\t\t<\/div>\n\n\t\t\n<style>\n#section_278511560 {\n  padding-top: 0px;\n  padding-bottom: 0px;\n}\n@media (min-width:550px) {\n  #section_278511560 {\n    padding-top: 50px;\n    padding-bottom: 50px;\n  }\n}\n<\/style>\n\t<\/section>\n\t\n\n\t<section class=\"section\" id=\"section_1123137988\">\n\t\t<div class=\"section-bg fill\" >\n\t\t\t\t\t\t\t\t\t\n\t\t\t\n\n\t\t<\/div>\n\n\t\t\n\n\t\t<div class=\"section-content relative\">\n\t\t\t\n\n  \n    <div class=\"row large-columns-3 medium-columns-1 small-columns-1 slider row-slider slider-nav-reveal slider-nav-push\"  data-flickity-options='{&quot;imagesLoaded&quot;: true, &quot;groupCells&quot;: &quot;100%&quot;, &quot;dragThreshold&quot; : 5, &quot;cellAlign&quot;: &quot;left&quot;,&quot;wrapAround&quot;: true,&quot;prevNextButtons&quot;: true,&quot;percentPosition&quot;: true,&quot;pageDots&quot;: false, &quot;rightToLeft&quot;: false, &quot;autoPlay&quot; : false}' >\n\n  <\/div>\n<div class=\"row\"  id=\"row-1360520348\">\n\n\t<div id=\"col-1648789606\" class=\"col small-12 large-12\"  >\n\t\t\t\t<div class=\"col-inner\"  >\n\t\t\t\n\t\t\t\n<h2 style=\"text-align: center;\"><span style=\"font-size: 180%; color: #ef7500;\">Parlons-en<\/span><\/h2>\n<p style=\"text-align: center;\"><strong>Vous souhaitez en savoir plus sur nos produits et services ?<\/strong><\/p>\n\t\t<\/div>\n\t\t\t\t\t<\/div>\n\n\t\n\n\t<div id=\"col-680282550\" class=\"col small-12 large-12\"  >\n\t\t\t\t<div class=\"col-inner text-center\"  >\n\t\t\t\n\t\t\t\n<a href=\"https:\/\/fermentis.com\/fr\/contact\/\" class=\"button primary box-shadow-1 box-shadow-2-hover\" >\n\t<i class=\"icon-envelop\" aria-hidden=\"true\"><\/i>\t<span>CONTACTEZ-NOUS<\/span>\n\t<\/a>\n\n\t\t<\/div>\n\t\t\t\t\t<\/div>\n\n\t\n<\/div>\n\t\t<\/div>\n\n\t\t\n<style>\n#section_1123137988 {\n  padding-top: 0px;\n  padding-bottom: 0px;\n}\n@media (min-width:550px) {\n  #section_1123137988 {\n    padding-top: 45px;\n    padding-bottom: 45px;\n  }\n}\n<\/style>\n\t<\/section>\n\t\n","protected":false},"excerpt":{"rendered":"","protected":false},"author":2,"featured_media":0,"parent":24707,"menu_order":0,"comment_status":"closed","ping_status":"closed","template":"page-blank.php","meta":{"_acf_changed":false,"footnotes":""},"class_list":["post-27917","page","type-page","status-publish","hentry"],"acf":[],"yoast_head":"<!-- This site is optimized with the Yoast SEO Premium plugin v27.3 (Yoast SEO v27.3) - https:\/\/yoast.com\/product\/yoast-seo-premium-wordpress\/ -->\n<title>Groupe Lesaffre - Fermentis<\/title>\n<meta name=\"description\" content=\"Le groupe Lesaffre, acteur mondial de r\u00e9f\u00e9rence de la fermentation, a pour ambition de mieux servir le monde en mati\u00e8re d&#039;alimentation, de sant\u00e9, de respect de l&#039;environnement, gr\u00e2ce \u00e0 son expertise dans l&#039;exploitation au mieux des micro-organismes.\" \/>\n<meta name=\"robots\" content=\"index, follow, max-snippet:-1, max-image-preview:large, max-video-preview:-1\" \/>\n<link rel=\"canonical\" href=\"https:\/\/fermentis.com\/fr\/our-company\/lesaffre\/\" \/>\n<meta property=\"og:locale\" content=\"fr_FR\" \/>\n<meta property=\"og:type\" content=\"article\" \/>\n<meta property=\"og:title\" content=\"Groupe Lesaffre\" \/>\n<meta property=\"og:description\" content=\"Le groupe Lesaffre, acteur mondial de r\u00e9f\u00e9rence de la fermentation, a pour ambition de mieux servir le monde en mati\u00e8re d&#039;alimentation, de sant\u00e9, de respect de l&#039;environnement, gr\u00e2ce \u00e0 son expertise dans l&#039;exploitation au mieux des micro-organismes.\" \/>\n<meta property=\"og:url\" content=\"https:\/\/fermentis.com\/fr\/our-company\/lesaffre\/\" \/>\n<meta property=\"og:site_name\" content=\"Fermentis\" \/>\n<meta property=\"article:publisher\" content=\"https:\/\/www.facebook.com\/Fermentis\" \/>\n<meta property=\"article:modified_time\" content=\"2026-04-01T08:56:00+00:00\" \/>\n<meta property=\"og:image\" content=\"https:\/\/fermentis.com\/wp-content\/uploads\/2021\/07\/website-v2.png\" \/>\n\t<meta property=\"og:image:width\" content=\"1903\" \/>\n\t<meta property=\"og:image:height\" content=\"901\" \/>\n\t<meta property=\"og:image:type\" content=\"image\/png\" \/>\n<meta name=\"twitter:card\" content=\"summary_large_image\" \/>\n<meta name=\"twitter:site\" content=\"@fermentis\" \/>\n<meta name=\"twitter:label1\" content=\"Dur\u00e9e de lecture estim\u00e9e\" \/>\n\t<meta name=\"twitter:data1\" content=\"3 minutes\" \/>\n<script type=\"application\/ld+json\" class=\"yoast-schema-graph\">{\"@context\":\"https:\\\/\\\/schema.org\",\"@graph\":[{\"@type\":\"WebPage\",\"@id\":\"https:\\\/\\\/fermentis.com\\\/fr\\\/our-company\\\/lesaffre\\\/\",\"url\":\"https:\\\/\\\/fermentis.com\\\/fr\\\/our-company\\\/lesaffre\\\/\",\"name\":\"Groupe Lesaffre - Fermentis\",\"isPartOf\":{\"@id\":\"https:\\\/\\\/fermentis.com\\\/fr\\\/#website\"},\"datePublished\":\"2020-02-19T23:00:00+00:00\",\"dateModified\":\"2026-04-01T08:56:00+00:00\",\"description\":\"Le groupe Lesaffre, acteur mondial de r\u00e9f\u00e9rence de la fermentation, a pour ambition de mieux servir le monde en mati\u00e8re d'alimentation, de sant\u00e9, de respect de l'environnement, gr\u00e2ce \u00e0 son expertise dans l'exploitation au mieux des micro-organismes.\",\"breadcrumb\":{\"@id\":\"https:\\\/\\\/fermentis.com\\\/fr\\\/our-company\\\/lesaffre\\\/#breadcrumb\"},\"inLanguage\":\"fr-FR\",\"potentialAction\":[{\"@type\":\"ReadAction\",\"target\":[\"https:\\\/\\\/fermentis.com\\\/fr\\\/our-company\\\/lesaffre\\\/\"]}]},{\"@type\":\"BreadcrumbList\",\"@id\":\"https:\\\/\\\/fermentis.com\\\/fr\\\/our-company\\\/lesaffre\\\/#breadcrumb\",\"itemListElement\":[{\"@type\":\"ListItem\",\"position\":1,\"name\":\"Home\",\"item\":\"https:\\\/\\\/fermentis.com\\\/fr\\\/\"},{\"@type\":\"ListItem\",\"position\":2,\"name\":\"Notre soci\u00e9t\u00e9\",\"item\":\"https:\\\/\\\/fermentis.com\\\/fr\\\/our-company\\\/\"},{\"@type\":\"ListItem\",\"position\":3,\"name\":\"Groupe Lesaffre\"}]},{\"@type\":\"WebSite\",\"@id\":\"https:\\\/\\\/fermentis.com\\\/fr\\\/#website\",\"url\":\"https:\\\/\\\/fermentis.com\\\/fr\\\/\",\"name\":\"Fermentis\",\"description\":\"Un site utilisant WordPress\",\"publisher\":{\"@id\":\"https:\\\/\\\/fermentis.com\\\/fr\\\/#organization\"},\"potentialAction\":[{\"@type\":\"SearchAction\",\"target\":{\"@type\":\"EntryPoint\",\"urlTemplate\":\"https:\\\/\\\/fermentis.com\\\/fr\\\/?s={search_term_string}\"},\"query-input\":{\"@type\":\"PropertyValueSpecification\",\"valueRequired\":true,\"valueName\":\"search_term_string\"}}],\"inLanguage\":\"fr-FR\"},{\"@type\":\"Organization\",\"@id\":\"https:\\\/\\\/fermentis.com\\\/fr\\\/#organization\",\"name\":\"Fermentis\",\"url\":\"https:\\\/\\\/fermentis.com\\\/fr\\\/\",\"logo\":{\"@type\":\"ImageObject\",\"inLanguage\":\"fr-FR\",\"@id\":\"https:\\\/\\\/fermentis.com\\\/fr\\\/#\\\/schema\\\/logo\\\/image\\\/\",\"url\":\"https:\\\/\\\/fermentis.com\\\/wp-content\\\/uploads\\\/2021\\\/07\\\/Logo-Fermentis-5.png\",\"contentUrl\":\"https:\\\/\\\/fermentis.com\\\/wp-content\\\/uploads\\\/2021\\\/07\\\/Logo-Fermentis-5.png\",\"width\":308,\"height\":95,\"caption\":\"Fermentis\"},\"image\":{\"@id\":\"https:\\\/\\\/fermentis.com\\\/fr\\\/#\\\/schema\\\/logo\\\/image\\\/\"},\"sameAs\":[\"https:\\\/\\\/www.facebook.com\\\/Fermentis\",\"https:\\\/\\\/x.com\\\/fermentis\",\"https:\\\/\\\/www.instagram.com\\\/fermentisbylesaffre\\\/\",\"https:\\\/\\\/www.linkedin.com\\\/company\\\/fermentis\\\/\",\"https:\\\/\\\/www.youtube.com\\\/channel\\\/UCt_Lp3IZnUNXZeqSi6iiAdA\"]}]}<\/script>\n<!-- \/ Yoast SEO Premium plugin. -->","yoast_head_json":{"title":"Groupe Lesaffre - Fermentis","description":"Le groupe Lesaffre, acteur mondial de r\u00e9f\u00e9rence de la fermentation, a pour ambition de mieux servir le monde en mati\u00e8re d'alimentation, de sant\u00e9, de respect de l'environnement, gr\u00e2ce \u00e0 son expertise dans l'exploitation au mieux des micro-organismes.","robots":{"index":"index","follow":"follow","max-snippet":"max-snippet:-1","max-image-preview":"max-image-preview:large","max-video-preview":"max-video-preview:-1"},"canonical":"https:\/\/fermentis.com\/fr\/our-company\/lesaffre\/","og_locale":"fr_FR","og_type":"article","og_title":"Groupe Lesaffre","og_description":"Le groupe Lesaffre, acteur mondial de r\u00e9f\u00e9rence de la fermentation, a pour ambition de mieux servir le monde en mati\u00e8re d'alimentation, de sant\u00e9, de respect de l'environnement, gr\u00e2ce \u00e0 son expertise dans l'exploitation au mieux des micro-organismes.","og_url":"https:\/\/fermentis.com\/fr\/our-company\/lesaffre\/","og_site_name":"Fermentis","article_publisher":"https:\/\/www.facebook.com\/Fermentis","article_modified_time":"2026-04-01T08:56:00+00:00","og_image":[{"width":1903,"height":901,"url":"https:\/\/fermentis.com\/wp-content\/uploads\/2021\/07\/website-v2.png","type":"image\/png"}],"twitter_card":"summary_large_image","twitter_site":"@fermentis","twitter_misc":{"Dur\u00e9e de lecture estim\u00e9e":"3 minutes"},"schema":{"@context":"https:\/\/schema.org","@graph":[{"@type":"WebPage","@id":"https:\/\/fermentis.com\/fr\/our-company\/lesaffre\/","url":"https:\/\/fermentis.com\/fr\/our-company\/lesaffre\/","name":"Groupe Lesaffre - Fermentis","isPartOf":{"@id":"https:\/\/fermentis.com\/fr\/#website"},"datePublished":"2020-02-19T23:00:00+00:00","dateModified":"2026-04-01T08:56:00+00:00","description":"Le groupe Lesaffre, acteur mondial de r\u00e9f\u00e9rence de la fermentation, a pour ambition de mieux servir le monde en mati\u00e8re d'alimentation, de sant\u00e9, de respect de l'environnement, gr\u00e2ce \u00e0 son expertise dans l'exploitation au mieux des micro-organismes.","breadcrumb":{"@id":"https:\/\/fermentis.com\/fr\/our-company\/lesaffre\/#breadcrumb"},"inLanguage":"fr-FR","potentialAction":[{"@type":"ReadAction","target":["https:\/\/fermentis.com\/fr\/our-company\/lesaffre\/"]}]},{"@type":"BreadcrumbList","@id":"https:\/\/fermentis.com\/fr\/our-company\/lesaffre\/#breadcrumb","itemListElement":[{"@type":"ListItem","position":1,"name":"Home","item":"https:\/\/fermentis.com\/fr\/"},{"@type":"ListItem","position":2,"name":"Notre soci\u00e9t\u00e9","item":"https:\/\/fermentis.com\/fr\/our-company\/"},{"@type":"ListItem","position":3,"name":"Groupe Lesaffre"}]},{"@type":"WebSite","@id":"https:\/\/fermentis.com\/fr\/#website","url":"https:\/\/fermentis.com\/fr\/","name":"Fermentis","description":"Un site utilisant WordPress","publisher":{"@id":"https:\/\/fermentis.com\/fr\/#organization"},"potentialAction":[{"@type":"SearchAction","target":{"@type":"EntryPoint","urlTemplate":"https:\/\/fermentis.com\/fr\/?s={search_term_string}"},"query-input":{"@type":"PropertyValueSpecification","valueRequired":true,"valueName":"search_term_string"}}],"inLanguage":"fr-FR"},{"@type":"Organization","@id":"https:\/\/fermentis.com\/fr\/#organization","name":"Fermentis","url":"https:\/\/fermentis.com\/fr\/","logo":{"@type":"ImageObject","inLanguage":"fr-FR","@id":"https:\/\/fermentis.com\/fr\/#\/schema\/logo\/image\/","url":"https:\/\/fermentis.com\/wp-content\/uploads\/2021\/07\/Logo-Fermentis-5.png","contentUrl":"https:\/\/fermentis.com\/wp-content\/uploads\/2021\/07\/Logo-Fermentis-5.png","width":308,"height":95,"caption":"Fermentis"},"image":{"@id":"https:\/\/fermentis.com\/fr\/#\/schema\/logo\/image\/"},"sameAs":["https:\/\/www.facebook.com\/Fermentis","https:\/\/x.com\/fermentis","https:\/\/www.instagram.com\/fermentisbylesaffre\/","https:\/\/www.linkedin.com\/company\/fermentis\/","https:\/\/www.youtube.com\/channel\/UCt_Lp3IZnUNXZeqSi6iiAdA"]}]}},"_links":{"self":[{"href":"https:\/\/fermentis.com\/fr\/wp-json\/wp\/v2\/pages\/27917","targetHints":{"allow":["GET"]}}],"collection":[{"href":"https:\/\/fermentis.com\/fr\/wp-json\/wp\/v2\/pages"}],"about":[{"href":"https:\/\/fermentis.com\/fr\/wp-json\/wp\/v2\/types\/page"}],"author":[{"embeddable":true,"href":"https:\/\/fermentis.com\/fr\/wp-json\/wp\/v2\/users\/2"}],"replies":[{"embeddable":true,"href":"https:\/\/fermentis.com\/fr\/wp-json\/wp\/v2\/comments?post=27917"}],"version-history":[{"count":1891,"href":"https:\/\/fermentis.com\/fr\/wp-json\/wp\/v2\/pages\/27917\/revisions"}],"predecessor-version":[{"id":711344,"href":"https:\/\/fermentis.com\/fr\/wp-json\/wp\/v2\/pages\/27917\/revisions\/711344"}],"up":[{"embeddable":true,"href":"https:\/\/fermentis.com\/fr\/wp-json\/wp\/v2\/pages\/24707"}],"wp:attachment":[{"href":"https:\/\/fermentis.com\/fr\/wp-json\/wp\/v2\/media?parent=27917"}],"curies":[{"name":"wp","href":"https:\/\/api.w.org\/{rel}","templated":true}]}}