{"id":27919,"date":"2020-03-18T00:00:00","date_gmt":"2020-03-17T23:00:00","guid":{"rendered":"http:\/\/fermentis.com\/production-a-facon\/"},"modified":"2026-04-07T15:17:28","modified_gmt":"2026-04-07T13:17:28","slug":"toll-manufacturing","status":"publish","type":"page","link":"https:\/\/fermentis.com\/fr\/other-services\/toll-manufacturing\/","title":{"rendered":"Fabrication \u00e0 fa\u00e7on"},"content":{"rendered":"\n  <div class=\"banner has-hover has-parallax\" id=\"banner-352825574\">\n          <div class=\"banner-inner fill\">\n        <div class=\"banner-bg fill\" data-parallax=\"-6\" data-parallax-container=\".banner\" data-parallax-background>\n            <img loading=\"lazy\" decoding=\"async\" width=\"1024\" height=\"400\" src=\"https:\/\/fermentis.com\/wp-content\/uploads\/2020\/03\/Toll_Manufacturing-Web-3-1024x400-1.jpg\" class=\"bg attachment-original size-original\" alt=\"\" \/>                                    \n                    <\/div>\n\t\t\n        <div class=\"banner-layers container\">\n            <div class=\"fill banner-link\"><\/div>            \n        <\/div>\n      <\/div>\n\n            \n<style>\n#banner-352825574 {\n  padding-top: 200px;\n}\n#banner-352825574 .banner-bg img {\n  object-position: 4% 45%;\n}\n<\/style>\n  <\/div>\n\n\n\n\t<section class=\"section\" id=\"section_161193851\">\n\t\t<div class=\"section-bg fill\" >\n\t\t\t\t\t\t\t\t\t\n\t\t\t\n\n\t\t<\/div>\n\n\t\t\n\n\t\t<div class=\"section-content relative\">\n\t\t\t\n\t<div id=\"gap-1641793283\" class=\"gap-element clearfix\" style=\"display:block; height:auto;\">\n\t\t\n<style>\n#gap-1641793283 {\n  padding-top: 40px;\n}\n<\/style>\n\t<\/div>\n\t\n<div class=\"row row-small\"  id=\"row-639752993\">\n\n\t<div id=\"col-1003644398\" class=\"col small-12 large-12\"  >\n\t\t\t\t<div class=\"col-inner\"  >\n\t\t\t\n\t\t\t\n<div class=\"container section-title-container\" ><h1 class=\"section-title section-title-center\"><b aria-hidden=\"true\"><\/b><span class=\"section-title-main\" style=\"font-size:159%;\">Fabrication \u00e0 fa\u00e7on<\/span><b aria-hidden=\"true\"><\/b><\/h1><\/div>\n\t\t<\/div>\n\t\t\t\t\t<\/div>\n\n\t\n<\/div>\n\t\t<\/div>\n\n\t\t\n<style>\n#section_161193851 {\n  padding-top: 30px;\n  padding-bottom: 30px;\n}\n<\/style>\n\t<\/section>\n\t\n\n\t<section class=\"section\" id=\"section_657754533\">\n\t\t<div class=\"section-bg fill\" >\n\t\t\t\t\t\t\t\t\t\n\t\t\t\n\n\t\t<\/div>\n\n\t\t\n\n\t\t<div class=\"section-content relative\">\n\t\t\t\n<div class=\"row row-large\"  id=\"row-1269736364\">\n\n\t<div id=\"col-1383694994\" class=\"col small-12 large-12\"  >\n\t\t\t\t<div class=\"col-inner text-center\"  >\n\t\t\t\n\t\t\t\n<p class=\"lead\">Vous souhaitez que nous maintenions ou fabriquions pour vous un micro-organisme ou ses d\u00e9riv\u00e9s ? Vous pouvez faire confiance \u00e0 notre expertise et \u00e0 notre technologie. Nous pouvons vous garantir qualit\u00e9, stabilit\u00e9, coh\u00e9rence et facilit\u00e9 d&#039;utilisation en p\u00e9riode de forte demande, et nous vous permettons de tester de nouveaux produits sans avoir \u00e0 \u00e9largir votre propre base de fabrication. Les op\u00e9rations sont r\u00e9alis\u00e9es de mani\u00e8re strictement confidentielle, et dans le respect des normes internationales les plus strictes en mati\u00e8re de qualit\u00e9, d\u2019hygi\u00e8ne et de s\u00e9curit\u00e9.<\/p>\n<h4><\/h4>\n<div class=\"row row-small align-center\"  id=\"row-1125537648\">\n\n\t<div id=\"col-2141296711\" class=\"col small-12 large-12\"  >\n\t\t\t\t<div class=\"col-inner\"  >\n\t\t\t\n\t\t\t\n<h3>Vous pouvez nous confier en toute s\u00e9curit\u00e9&#8230;<\/h3>\n\t\t<\/div>\n\t\t\t\t\t<\/div>\n\n\t\n\n\t<div id=\"col-1916672703\" class=\"col medium-2 small-12 large-2\"  >\n\t\t\t\t<div class=\"col-inner text-center\"  >\n\t\t\t\n\t\t\t\n\t<div class=\"img has-hover x md-x lg-x y md-y lg-y\" id=\"image_1076091464\">\n\t\t\t\t\t\t<div data-animate=\"bounceIn\">\t\t<div class=\"img-inner dark\" >\n\t\t\t<img loading=\"lazy\" decoding=\"async\" width=\"200\" height=\"200\" src=\"https:\/\/fermentis.com\/wp-content\/uploads\/2020\/03\/Productions-200.png\" class=\"attachment-large size-large\" alt=\"\" srcset=\"https:\/\/fermentis.com\/wp-content\/uploads\/2020\/03\/Productions-200.png 200w, https:\/\/fermentis.com\/wp-content\/uploads\/2020\/03\/Productions-200-100x100.png 100w, https:\/\/fermentis.com\/wp-content\/uploads\/2020\/03\/Productions-200-150x150.png 150w\" sizes=\"auto, (max-width: 200px) 100vw, 200px\" \/>\t\t\t\t\t\t\n\t\t\t\t\t<\/div>\n\t\t<\/div>\t\t\t\t\t\t\n<style>\n#image_1076091464 {\n  width: 80%;\n}\n<\/style>\n\t<\/div>\n\t\n\t\t<\/div>\n\t\t\t\t\n<style>\n#col-1916672703 > .col-inner {\n  padding: 0px 0px px 0px;\n}\n<\/style>\n\t<\/div>\n\n\t\n\n\t<div id=\"col-1142515147\" class=\"col medium-2 small-12 large-2\"  >\n\t\t\t\t<div class=\"col-inner text-center\"  >\n\t\t\t\n\t\t\t\n\t<div class=\"img has-hover x md-x lg-x y md-y lg-y\" id=\"image_827345969\">\n\t\t\t\t\t\t<div data-animate=\"bounceIn\">\t\t<div class=\"img-inner dark\" >\n\t\t\t<img loading=\"lazy\" decoding=\"async\" width=\"200\" height=\"200\" src=\"https:\/\/fermentis.com\/wp-content\/uploads\/2020\/03\/creations-200.png\" class=\"attachment-large size-large\" alt=\"\" srcset=\"https:\/\/fermentis.com\/wp-content\/uploads\/2020\/03\/creations-200.png 200w, https:\/\/fermentis.com\/wp-content\/uploads\/2020\/03\/creations-200-100x100.png 100w, https:\/\/fermentis.com\/wp-content\/uploads\/2020\/03\/creations-200-150x150.png 150w\" sizes=\"auto, (max-width: 200px) 100vw, 200px\" \/>\t\t\t\t\t\t\n\t\t\t\t\t<\/div>\n\t\t<\/div>\t\t\t\t\t\t\n<style>\n#image_827345969 {\n  width: 80%;\n}\n<\/style>\n\t<\/div>\n\t\n\t\t<\/div>\n\t\t\t\t\t<\/div>\n\n\t\n\n\t<div id=\"col-1586681280\" class=\"col medium-2 small-12 large-2\"  >\n\t\t\t\t<div class=\"col-inner text-center\"  >\n\t\t\t\n\t\t\t\n\t<div class=\"img has-hover x md-x lg-x y md-y lg-y\" id=\"image_1292365728\">\n\t\t\t\t\t\t<div data-animate=\"bounceIn\">\t\t<div class=\"img-inner dark\" >\n\t\t\t<img loading=\"lazy\" decoding=\"async\" width=\"200\" height=\"200\" src=\"https:\/\/fermentis.com\/wp-content\/uploads\/2020\/03\/strains-200.png\" class=\"attachment-large size-large\" alt=\"\" srcset=\"https:\/\/fermentis.com\/wp-content\/uploads\/2020\/03\/strains-200.png 200w, https:\/\/fermentis.com\/wp-content\/uploads\/2020\/03\/strains-200-100x100.png 100w, https:\/\/fermentis.com\/wp-content\/uploads\/2020\/03\/strains-200-150x150.png 150w\" sizes=\"auto, (max-width: 200px) 100vw, 200px\" \/>\t\t\t\t\t\t\n\t\t\t\t\t<\/div>\n\t\t<\/div>\t\t\t\t\t\t\n<style>\n#image_1292365728 {\n  width: 80%;\n}\n<\/style>\n\t<\/div>\n\t\n\t\t<\/div>\n\t\t\t\t\t<\/div>\n\n\t\n\n\t<div id=\"col-580738341\" class=\"col medium-2 small-12 large-2\"  >\n\t\t\t\t<div class=\"col-inner text-center\"  >\n\t\t\t\n\t\t\t\n\t<div class=\"img has-hover x md-x lg-x y md-y lg-y\" id=\"image_1516360643\">\n\t\t\t\t\t\t<div data-animate=\"bounceIn\">\t\t<div class=\"img-inner dark\" >\n\t\t\t<img loading=\"lazy\" decoding=\"async\" width=\"200\" height=\"200\" src=\"https:\/\/fermentis.com\/wp-content\/uploads\/2020\/03\/drying-200.png\" class=\"attachment-large size-large\" alt=\"\" srcset=\"https:\/\/fermentis.com\/wp-content\/uploads\/2020\/03\/drying-200.png 200w, https:\/\/fermentis.com\/wp-content\/uploads\/2020\/03\/drying-200-100x100.png 100w, https:\/\/fermentis.com\/wp-content\/uploads\/2020\/03\/drying-200-150x150.png 150w\" sizes=\"auto, (max-width: 200px) 100vw, 200px\" \/>\t\t\t\t\t\t\n\t\t\t\t\t<\/div>\n\t\t<\/div>\t\t\t\t\t\t\n<style>\n#image_1516360643 {\n  width: 80%;\n}\n<\/style>\n\t<\/div>\n\t\n\t\t<\/div>\n\t\t\t\t\t<\/div>\n\n\t\n\n\t<div id=\"col-2066069988\" class=\"col medium-2 small-12 large-2\"  >\n\t\t\t\t<div class=\"col-inner\"  >\n\t\t\t\n\t\t\t\n\t<div class=\"img has-hover x md-x lg-x y md-y lg-y\" id=\"image_304203233\">\n\t\t\t\t\t\t<div data-animate=\"bounceIn\">\t\t<div class=\"img-inner dark\" >\n\t\t\t<img loading=\"lazy\" decoding=\"async\" width=\"200\" height=\"200\" src=\"https:\/\/fermentis.com\/wp-content\/uploads\/2020\/03\/Packaging-200.png\" class=\"attachment-large size-large\" alt=\"\" srcset=\"https:\/\/fermentis.com\/wp-content\/uploads\/2020\/03\/Packaging-200.png 200w, https:\/\/fermentis.com\/wp-content\/uploads\/2020\/03\/Packaging-200-100x100.png 100w, https:\/\/fermentis.com\/wp-content\/uploads\/2020\/03\/Packaging-200-150x150.png 150w\" sizes=\"auto, (max-width: 200px) 100vw, 200px\" \/>\t\t\t\t\t\t\n\t\t\t\t\t<\/div>\n\t\t<\/div>\t\t\t\t\t\t\n<style>\n#image_304203233 {\n  width: 80%;\n}\n<\/style>\n\t<\/div>\n\t\n\t\t<\/div>\n\t\t\t\t\t<\/div>\n\n\t\n<\/div>\n<div class=\"row\"  id=\"row-1336614414\">\n\n\t<div id=\"col-1818954661\" class=\"col small-12 large-12\"  >\n\t\t\t\t<div class=\"col-inner text-center\"  >\n\t\t\t\n\t\t\t\n<h3>Nous travaillons pr\u00e8s de chez vous<\/h3>\n<div class=\"wpb_text_column wpb_content_element \">\n<div class=\"wpb_wrapper\">\n<p>Fermentis s&#039;appuie sur un r\u00e9seau d&#039;environ 10 centres de production \u00e0 travers le monde.<\/p>\n<p>Une garantie suppl\u00e9mentaire de contingence et de capacit\u00e9 \u00e0 r\u00e9agir\u2026<\/p>\n<\/div>\n<\/div>\n\t\t<\/div>\n\t\t\t\t\t<\/div>\n\n\t\n<\/div>\n\t\t<\/div>\n\t\t\t\t\t<\/div>\n\n\t\n<\/div>\n\t\t<\/div>\n\n\t\t\n<style>\n#section_657754533 {\n  padding-top: 30px;\n  padding-bottom: 30px;\n}\n<\/style>\n\t<\/section>\n\t\n\n\t<section class=\"section\" id=\"section_1694816334\">\n\t\t<div class=\"section-bg fill\" >\n\t\t\t\t\t\t\t\t\t\n\t\t\t\n\n\t\t<\/div>\n\n\t\t\n\n\t\t<div class=\"section-content relative\">\n\t\t\t\n<div class=\"row\"  id=\"row-1496798771\">\n\n\t<div id=\"col-1082508872\" class=\"col small-12 large-12\"  >\n\t\t\t\t<div class=\"col-inner text-center\"  >\n\t\t\t\n\t\t\t\n  <div class=\"icon-box testimonial-box icon-box-center text-center\">\n                <div class=\"icon-box-text p-last-0\">\n            \t\t\t\t<div class=\"testimonial-text line-height-small italic test_text first-reset last-reset is-italic\">\n            \n<h3>Confiance<\/h3>\n<p><em>\u00ab Nous mettons \u00e0 disposition de nos clients diff\u00e9rents savoir-faire afin d\u2019atteindre le plus haut standard de qualit\u00e9. D&#039;abord en laboratoire, nous garantissons une production constante puis lors des processus de fermentation et de s\u00e9chage, nous d\u00e9finissons les caract\u00e9ristiques des levures pour adapter la recette en cons\u00e9quence.<br \/>\n Fermentis garantit un service technique et un support op\u00e9rationnel fiable et s\u00e9curis\u00e9. C\u2019est aussi une question de confiance et de collaboration. Gr\u00e2ce au soutien \u00e0 la R&amp;D ou \u00e0 la production, nos clients peuvent rester concentr\u00e9s sur leur c\u0153ur de m\u00e9tier et leurs produits phares.<\/em><\/p>\n          <\/div>\n          <div class=\"testimonial-meta pt-half\">\n             <strong class=\"testimonial-name test_name\"><\/strong>\n                          <span class=\"testimonial-company test_company\"><\/span>\n          <\/div>\n        <\/div>\n  <\/div>\n\n  \n\t<div id=\"gap-918511347\" class=\"gap-element clearfix\" style=\"display:block; height:auto;\">\n\t\t\n<style>\n#gap-918511347 {\n  padding-top: 30px;\n}\n<\/style>\n\t<\/div>\n\t\n    <div class=\"box has-hover has-hover box-default box-text-bottom\" >\n\n                  <div class=\"box-image \" style=\"width:25%;\">\n           <div class=\"box-image-inner image-cover\" style=\"border-radius:25%;padding-top:65%;\">\n              <img loading=\"lazy\" decoding=\"async\" width=\"300\" height=\"424\" src=\"https:\/\/fermentis.com\/wp-content\/uploads\/2020\/03\/Yves-ok.jpg\" class=\"attachment- size-\" alt=\"\" srcset=\"https:\/\/fermentis.com\/wp-content\/uploads\/2020\/03\/Yves-ok.jpg 300w, https:\/\/fermentis.com\/wp-content\/uploads\/2020\/03\/Yves-ok-212x300.jpg 212w\" sizes=\"auto, (max-width: 300px) 100vw, 300px\" \/>                         <\/div>\n          <\/div>\n         \n          <div class=\"box-text text-center\" >\n                <div class=\"box-text-inner\">\n                  <h4 class=\"uppercase\">\n                    <span class=\"person-name\">Yves Gosselin<\/span><br\/>\n                    <span class=\"person-title is-small thin-font op-7\">\n                      Responsable technique mondial                    <\/span>\n                  <\/h4>\n\t\t\t\t\t\n                <\/div>\n          <\/div>\n    <\/div>\n\n\t\n    \n\t\t<\/div>\n\t\t\t\t\t<\/div>\n\n\t\n<\/div>\n\t\t<\/div>\n\n\t\t\n<style>\n#section_1694816334 {\n  padding-top: 30px;\n  padding-bottom: 30px;\n}\n<\/style>\n\t<\/section>\n\t\n","protected":false},"excerpt":{"rendered":"","protected":false},"author":2,"featured_media":0,"parent":27918,"menu_order":0,"comment_status":"closed","ping_status":"closed","template":"page-blank.php","meta":{"_acf_changed":false,"footnotes":""},"class_list":["post-27919","page","type-page","status-publish","hentry"],"acf":[],"yoast_head":"<!-- This site is optimized with the Yoast SEO Premium plugin v27.3 (Yoast SEO v27.3) - https:\/\/yoast.com\/product\/yoast-seo-premium-wordpress\/ -->\n<title>Fabrication \u00e0 fa\u00e7on - Fermentis<\/title>\n<meta name=\"description\" content=\"La fabrication \u00e0 fa\u00e7on est un service qui vous donne la possibilit\u00e9 de faire d\u00e9velopper et produire vos levures exclusives \u00e0 partir de vos cr\u00e9ations, avec les conseils de nos experts, par nos soins dans nos propres installations.\" \/>\n<meta name=\"robots\" content=\"index, follow, max-snippet:-1, max-image-preview:large, max-video-preview:-1\" \/>\n<link rel=\"canonical\" href=\"https:\/\/fermentis.com\/fr\/other-services\/toll-manufacturing\/\" \/>\n<meta property=\"og:locale\" content=\"fr_FR\" \/>\n<meta property=\"og:type\" content=\"article\" \/>\n<meta property=\"og:title\" content=\"Fabrication \u00e0 fa\u00e7on\" \/>\n<meta property=\"og:description\" content=\"La fabrication \u00e0 fa\u00e7on est un service qui vous donne la possibilit\u00e9 de faire d\u00e9velopper et produire vos levures exclusives \u00e0 partir de vos cr\u00e9ations, avec les conseils de nos experts, par nos soins dans nos propres installations.\" \/>\n<meta property=\"og:url\" content=\"https:\/\/fermentis.com\/fr\/other-services\/toll-manufacturing\/\" \/>\n<meta property=\"og:site_name\" content=\"Fermentis\" \/>\n<meta property=\"article:publisher\" content=\"https:\/\/www.facebook.com\/Fermentis\" \/>\n<meta property=\"article:modified_time\" content=\"2026-04-07T13:17:28+00:00\" \/>\n<meta property=\"og:image\" content=\"https:\/\/fermentis.com\/wp-content\/uploads\/2021\/07\/website-v2.png\" \/>\n\t<meta property=\"og:image:width\" content=\"1903\" \/>\n\t<meta property=\"og:image:height\" content=\"901\" \/>\n\t<meta property=\"og:image:type\" content=\"image\/png\" \/>\n<meta name=\"twitter:card\" content=\"summary_large_image\" \/>\n<meta name=\"twitter:site\" content=\"@fermentis\" \/>\n<meta name=\"twitter:label1\" content=\"Dur\u00e9e de lecture estim\u00e9e\" \/>\n\t<meta name=\"twitter:data1\" content=\"2 minutes\" \/>\n<script type=\"application\/ld+json\" class=\"yoast-schema-graph\">{\"@context\":\"https:\\\/\\\/schema.org\",\"@graph\":[{\"@type\":\"WebPage\",\"@id\":\"https:\\\/\\\/fermentis.com\\\/fr\\\/other-services\\\/toll-manufacturing\\\/\",\"url\":\"https:\\\/\\\/fermentis.com\\\/fr\\\/other-services\\\/toll-manufacturing\\\/\",\"name\":\"Fabrication \u00e0 fa\u00e7on - Fermentis\",\"isPartOf\":{\"@id\":\"https:\\\/\\\/fermentis.com\\\/fr\\\/#website\"},\"datePublished\":\"2020-03-17T23:00:00+00:00\",\"dateModified\":\"2026-04-07T13:17:28+00:00\",\"description\":\"La fabrication \u00e0 fa\u00e7on est un service qui vous donne la possibilit\u00e9 de faire d\u00e9velopper et produire vos levures exclusives \u00e0 partir de vos cr\u00e9ations, avec les conseils de nos experts, par nos soins dans nos propres installations.\",\"breadcrumb\":{\"@id\":\"https:\\\/\\\/fermentis.com\\\/fr\\\/other-services\\\/toll-manufacturing\\\/#breadcrumb\"},\"inLanguage\":\"fr-FR\",\"potentialAction\":[{\"@type\":\"ReadAction\",\"target\":[\"https:\\\/\\\/fermentis.com\\\/fr\\\/other-services\\\/toll-manufacturing\\\/\"]}]},{\"@type\":\"BreadcrumbList\",\"@id\":\"https:\\\/\\\/fermentis.com\\\/fr\\\/other-services\\\/toll-manufacturing\\\/#breadcrumb\",\"itemListElement\":[{\"@type\":\"ListItem\",\"position\":1,\"name\":\"Home\",\"item\":\"https:\\\/\\\/fermentis.com\\\/fr\\\/\"},{\"@type\":\"ListItem\",\"position\":2,\"name\":\"Autres services\",\"item\":\"https:\\\/\\\/fermentis.com\\\/fr\\\/other-services\\\/\"},{\"@type\":\"ListItem\",\"position\":3,\"name\":\"Fabrication \u00e0 fa\u00e7on\"}]},{\"@type\":\"WebSite\",\"@id\":\"https:\\\/\\\/fermentis.com\\\/fr\\\/#website\",\"url\":\"https:\\\/\\\/fermentis.com\\\/fr\\\/\",\"name\":\"Fermentis\",\"description\":\"Un site utilisant WordPress\",\"publisher\":{\"@id\":\"https:\\\/\\\/fermentis.com\\\/fr\\\/#organization\"},\"potentialAction\":[{\"@type\":\"SearchAction\",\"target\":{\"@type\":\"EntryPoint\",\"urlTemplate\":\"https:\\\/\\\/fermentis.com\\\/fr\\\/?s={search_term_string}\"},\"query-input\":{\"@type\":\"PropertyValueSpecification\",\"valueRequired\":true,\"valueName\":\"search_term_string\"}}],\"inLanguage\":\"fr-FR\"},{\"@type\":\"Organization\",\"@id\":\"https:\\\/\\\/fermentis.com\\\/fr\\\/#organization\",\"name\":\"Fermentis\",\"url\":\"https:\\\/\\\/fermentis.com\\\/fr\\\/\",\"logo\":{\"@type\":\"ImageObject\",\"inLanguage\":\"fr-FR\",\"@id\":\"https:\\\/\\\/fermentis.com\\\/fr\\\/#\\\/schema\\\/logo\\\/image\\\/\",\"url\":\"https:\\\/\\\/fermentis.com\\\/wp-content\\\/uploads\\\/2021\\\/07\\\/Logo-Fermentis-5.png\",\"contentUrl\":\"https:\\\/\\\/fermentis.com\\\/wp-content\\\/uploads\\\/2021\\\/07\\\/Logo-Fermentis-5.png\",\"width\":308,\"height\":95,\"caption\":\"Fermentis\"},\"image\":{\"@id\":\"https:\\\/\\\/fermentis.com\\\/fr\\\/#\\\/schema\\\/logo\\\/image\\\/\"},\"sameAs\":[\"https:\\\/\\\/www.facebook.com\\\/Fermentis\",\"https:\\\/\\\/x.com\\\/fermentis\",\"https:\\\/\\\/www.instagram.com\\\/fermentisbylesaffre\\\/\",\"https:\\\/\\\/www.linkedin.com\\\/company\\\/fermentis\\\/\",\"https:\\\/\\\/www.youtube.com\\\/channel\\\/UCt_Lp3IZnUNXZeqSi6iiAdA\"]}]}<\/script>\n<!-- \/ Yoast SEO Premium plugin. -->","yoast_head_json":{"title":"Fabrication \u00e0 fa\u00e7on - Fermentis","description":"La fabrication \u00e0 fa\u00e7on est un service qui vous donne la possibilit\u00e9 de faire d\u00e9velopper et produire vos levures exclusives \u00e0 partir de vos cr\u00e9ations, avec les conseils de nos experts, par nos soins dans nos propres installations.","robots":{"index":"index","follow":"follow","max-snippet":"max-snippet:-1","max-image-preview":"max-image-preview:large","max-video-preview":"max-video-preview:-1"},"canonical":"https:\/\/fermentis.com\/fr\/other-services\/toll-manufacturing\/","og_locale":"fr_FR","og_type":"article","og_title":"Fabrication \u00e0 fa\u00e7on","og_description":"La fabrication \u00e0 fa\u00e7on est un service qui vous donne la possibilit\u00e9 de faire d\u00e9velopper et produire vos levures exclusives \u00e0 partir de vos cr\u00e9ations, avec les conseils de nos experts, par nos soins dans nos propres installations.","og_url":"https:\/\/fermentis.com\/fr\/other-services\/toll-manufacturing\/","og_site_name":"Fermentis","article_publisher":"https:\/\/www.facebook.com\/Fermentis","article_modified_time":"2026-04-07T13:17:28+00:00","og_image":[{"width":1903,"height":901,"url":"https:\/\/fermentis.com\/wp-content\/uploads\/2021\/07\/website-v2.png","type":"image\/png"}],"twitter_card":"summary_large_image","twitter_site":"@fermentis","twitter_misc":{"Dur\u00e9e de lecture estim\u00e9e":"2 minutes"},"schema":{"@context":"https:\/\/schema.org","@graph":[{"@type":"WebPage","@id":"https:\/\/fermentis.com\/fr\/other-services\/toll-manufacturing\/","url":"https:\/\/fermentis.com\/fr\/other-services\/toll-manufacturing\/","name":"Fabrication \u00e0 fa\u00e7on - Fermentis","isPartOf":{"@id":"https:\/\/fermentis.com\/fr\/#website"},"datePublished":"2020-03-17T23:00:00+00:00","dateModified":"2026-04-07T13:17:28+00:00","description":"La fabrication \u00e0 fa\u00e7on est un service qui vous donne la possibilit\u00e9 de faire d\u00e9velopper et produire vos levures exclusives \u00e0 partir de vos cr\u00e9ations, avec les conseils de nos experts, par nos soins dans nos propres installations.","breadcrumb":{"@id":"https:\/\/fermentis.com\/fr\/other-services\/toll-manufacturing\/#breadcrumb"},"inLanguage":"fr-FR","potentialAction":[{"@type":"ReadAction","target":["https:\/\/fermentis.com\/fr\/other-services\/toll-manufacturing\/"]}]},{"@type":"BreadcrumbList","@id":"https:\/\/fermentis.com\/fr\/other-services\/toll-manufacturing\/#breadcrumb","itemListElement":[{"@type":"ListItem","position":1,"name":"Home","item":"https:\/\/fermentis.com\/fr\/"},{"@type":"ListItem","position":2,"name":"Autres services","item":"https:\/\/fermentis.com\/fr\/other-services\/"},{"@type":"ListItem","position":3,"name":"Fabrication \u00e0 fa\u00e7on"}]},{"@type":"WebSite","@id":"https:\/\/fermentis.com\/fr\/#website","url":"https:\/\/fermentis.com\/fr\/","name":"Fermentis","description":"Un site utilisant WordPress","publisher":{"@id":"https:\/\/fermentis.com\/fr\/#organization"},"potentialAction":[{"@type":"SearchAction","target":{"@type":"EntryPoint","urlTemplate":"https:\/\/fermentis.com\/fr\/?s={search_term_string}"},"query-input":{"@type":"PropertyValueSpecification","valueRequired":true,"valueName":"search_term_string"}}],"inLanguage":"fr-FR"},{"@type":"Organization","@id":"https:\/\/fermentis.com\/fr\/#organization","name":"Fermentis","url":"https:\/\/fermentis.com\/fr\/","logo":{"@type":"ImageObject","inLanguage":"fr-FR","@id":"https:\/\/fermentis.com\/fr\/#\/schema\/logo\/image\/","url":"https:\/\/fermentis.com\/wp-content\/uploads\/2021\/07\/Logo-Fermentis-5.png","contentUrl":"https:\/\/fermentis.com\/wp-content\/uploads\/2021\/07\/Logo-Fermentis-5.png","width":308,"height":95,"caption":"Fermentis"},"image":{"@id":"https:\/\/fermentis.com\/fr\/#\/schema\/logo\/image\/"},"sameAs":["https:\/\/www.facebook.com\/Fermentis","https:\/\/x.com\/fermentis","https:\/\/www.instagram.com\/fermentisbylesaffre\/","https:\/\/www.linkedin.com\/company\/fermentis\/","https:\/\/www.youtube.com\/channel\/UCt_Lp3IZnUNXZeqSi6iiAdA"]}]}},"_links":{"self":[{"href":"https:\/\/fermentis.com\/fr\/wp-json\/wp\/v2\/pages\/27919","targetHints":{"allow":["GET"]}}],"collection":[{"href":"https:\/\/fermentis.com\/fr\/wp-json\/wp\/v2\/pages"}],"about":[{"href":"https:\/\/fermentis.com\/fr\/wp-json\/wp\/v2\/types\/page"}],"author":[{"embeddable":true,"href":"https:\/\/fermentis.com\/fr\/wp-json\/wp\/v2\/users\/2"}],"replies":[{"embeddable":true,"href":"https:\/\/fermentis.com\/fr\/wp-json\/wp\/v2\/comments?post=27919"}],"version-history":[{"count":2123,"href":"https:\/\/fermentis.com\/fr\/wp-json\/wp\/v2\/pages\/27919\/revisions"}],"predecessor-version":[{"id":713419,"href":"https:\/\/fermentis.com\/fr\/wp-json\/wp\/v2\/pages\/27919\/revisions\/713419"}],"up":[{"embeddable":true,"href":"https:\/\/fermentis.com\/fr\/wp-json\/wp\/v2\/pages\/27918"}],"wp:attachment":[{"href":"https:\/\/fermentis.com\/fr\/wp-json\/wp\/v2\/media?parent=27919"}],"curies":[{"name":"wp","href":"https:\/\/api.w.org\/{rel}","templated":true}]}}