{"id":27920,"date":"2020-03-18T00:00:00","date_gmt":"2020-03-17T23:00:00","guid":{"rendered":"http:\/\/fermentis.com\/degustation\/"},"modified":"2026-04-29T08:19:12","modified_gmt":"2026-04-29T06:19:12","slug":"beverage-tasting","status":"publish","type":"page","link":"https:\/\/fermentis.com\/fr\/other-services\/beverage-tasting\/","title":{"rendered":"D\u00e9gustations de boissons"},"content":{"rendered":"\n\t<section class=\"section dark has-parallax\" id=\"section_1077468919\">\n\t\t<div class=\"section-bg fill\" data-parallax-container=\".section\" data-parallax-background data-parallax=\"-4\">\n\t\t\t<img loading=\"lazy\" decoding=\"async\" width=\"1000\" height=\"750\" src=\"https:\/\/fermentis.com\/wp-content\/uploads\/2020\/02\/characterisation-tasting.jpg\" class=\"bg attachment- size-\" alt=\"\" \/>\t\t\t\t\t\t<div class=\"section-bg-overlay absolute fill\"><\/div>\n\t\t\t\n\n\t\t<\/div>\n\n\t\t\n\n\t\t<div class=\"section-content relative\">\n\t\t\t\n<div class=\"row\"  id=\"row-721751119\">\n\n\t<div id=\"col-1835020713\" class=\"col medium-8 small-12 large-6\"  >\n\t\t\t\t<div class=\"col-inner\"  >\n\t\t\t\n\t\t\t\n<h6>Bi\u00e8re, vin, spiritueux&#8230;<\/h6>\n<h1><span style=\"font-size: 200%\">D\u00e9gustation de boissons <\/span><\/h1>\n\t\t<\/div>\n\t\t\t\t\t<\/div>\n\n\t\n<\/div>\n\t\t<\/div>\n\n\t\t\n<style>\n#section_1077468919 {\n  padding-top: 30px;\n  padding-bottom: 30px;\n  min-height: 349px;\n}\n#section_1077468919 .section-bg-overlay {\n  background-color: rgba(52, 35, 35, 0.57);\n}\n#section_1077468919 .section-bg img {\n  object-position: 32% 31%;\n}\n<\/style>\n\t<\/section>\n\t\n<div class=\"row row-collapse align-right\"  id=\"row-1602600954\">\n\n\t<div id=\"col-1865647119\" class=\"col medium-6 small-12 large-6\"  >\n\t\t\t\t<div class=\"col-inner\" style=\"background-color:#4ac193;\" >\n\t\t\t\n\t\t\t\n\n\t<section class=\"section\" id=\"section_1448838729\">\n\t\t<div class=\"section-bg fill\" >\n\t\t\t\t\t\t\t\t\t\n\t\t\t\n\n\t\t<\/div>\n\n\t\t\n\n\t\t<div class=\"section-content relative\">\n\t\t\t\n<div class=\"row row-collapse align-center\"  id=\"row-1418520337\">\n\n\t<div id=\"col-1303480231\" class=\"col small-12 large-12\"  >\n\t\t\t\t<div class=\"col-inner dark\"  >\n\t\t\t\n\t\t\t\n<h3><span style=\"font-size: 120%\">Notre \u00e9quipe poss\u00e8de de solides comp\u00e9tences en d\u00e9gustation de bi\u00e8res, de vins et de spiritueux.<\/span><\/h3>\n\t\t<\/div>\n\t\t\t\t\t<\/div>\n\n\t\n\n<style>\n#row-1418520337 > .col > .col-inner {\n  padding: 40px 20px 20px 20px;\n}\n<\/style>\n<\/div>\n\t\t<\/div>\n\n\t\t\n<style>\n#section_1448838729 {\n  padding-top: 0px;\n  padding-bottom: 0px;\n  background-color: rgb(239, 117, 0);\n}\n<\/style>\n\t<\/section>\n\t\n\t\t<\/div>\n\t\t\t\t\n<style>\n#col-1865647119 > .col-inner {\n  margin: -80px 0px 20px 0px;\n}\n<\/style>\n\t<\/div>\n\n\t\n<\/div>\n\n\t<section class=\"section\" id=\"section_446783262\">\n\t\t<div class=\"section-bg fill\" >\n\t\t\t\t\t\t\t\t\t\n\t\t\t\n\n\t\t<\/div>\n\n\t\t\n\n\t\t<div class=\"section-content relative\">\n\t\t\t\n<div class=\"row align-middle\"  id=\"row-696769668\">\n\n\t<div id=\"col-2036006035\" class=\"col medium-6 small-12 large-6\"  >\n\t\t\t\t<div class=\"col-inner\"  >\n\t\t\t\n\t\t\t\n<h2>Nous pouvons fournir une expertise professionnelle en mati\u00e8re de d\u00e9gustation<\/h2>\n<p><strong>Chez Fermentis, nous disposons de nombreux experts en bi\u00e8re, vin et spiritueux, avec une formation r\u00e9guli\u00e8re en d\u00e9gustation de boissons. <\/strong><\/p>\n<p>Notre \u00e9quipe est r\u00e9guli\u00e8rement sollicit\u00e9e pour faire partie de diff\u00e9rents jurys de boissons, tels que le Brussels Beer Challenge &amp; France Bi\u00e8re Challenge, la World Beer Cup, l&#039;European Beer Star, les Vinalies Internationales et le Salon de l&#039;Agriculture \u00e0 Paris. Nous avons beaucoup d\u2019exp\u00e9rience en mati\u00e8re de d\u00e9gustation de boissons et beaucoup d\u2019entre nous assistent chaque semaine au panel de bi\u00e8res Fermentis.<\/p>\n<p>Nous pouvons fournir une expertise de d\u00e9gustation professionnelle pour des \u00e9v\u00e9nements sp\u00e9cifiques, ou nous pouvons \u00e9valuer des boissons fabriqu\u00e9es \u00e0 l&#039;aide de notre levure.<\/p>\n\t\t<\/div>\n\t\t\t\t\t<\/div>\n\n\t\n\n\t<div id=\"col-629695252\" class=\"col medium-6 small-12 large-6\"  >\n\t\t\t\t<div class=\"col-inner text-center\"  >\n\t\t\t\n\t\t\t\n\n  <div class=\"banner has-hover\" id=\"banner-176867377\">\n          <div class=\"banner-inner fill\">\n        <div class=\"banner-bg fill\" >\n                                                \n                    <\/div>\n\t\t\n        <div class=\"banner-layers container\">\n            <div class=\"fill banner-link\"><\/div>            \n\t<div class=\"img has-hover x50 md-x50 lg-x50 y50 md-y50 lg-y50\" id=\"image_603352243\">\n\t\t\t\t\t\t\t\t<div class=\"img-inner dark\" >\n\t\t\t<img loading=\"lazy\" decoding=\"async\" width=\"1000\" height=\"615\" src=\"https:\/\/fermentis.com\/wp-content\/uploads\/2020\/03\/stephane-tasting.jpg\" class=\"attachment-large size-large\" alt=\"\" srcset=\"https:\/\/fermentis.com\/wp-content\/uploads\/2020\/03\/stephane-tasting.jpg 1000w, https:\/\/fermentis.com\/wp-content\/uploads\/2020\/03\/stephane-tasting-600x369.jpg 600w, https:\/\/fermentis.com\/wp-content\/uploads\/2020\/03\/stephane-tasting-300x185.jpg 300w, https:\/\/fermentis.com\/wp-content\/uploads\/2020\/03\/stephane-tasting-768x472.jpg 768w\" sizes=\"auto, (max-width: 1000px) 100vw, 1000px\" \/>\t\t\t\t\t\t\n\t\t\t\t\t<\/div>\n\t\t\t\t\t\t\t\t\n<style>\n#image_603352243 {\n  width: 77%;\n}\n<\/style>\n\t<\/div>\n\t\n        <\/div>\n      <\/div>\n\n            \n<style>\n#banner-176867377 {\n  padding-top: 60%;\n  background-color: rgb(255,255,255);\n}\n<\/style>\n  <\/div>\n\n\n\t\t<\/div>\n\t\t\t\t\t<\/div>\n\n\t\n<\/div>\n\t\t<\/div>\n\n\t\t\n<style>\n#section_446783262 {\n  padding-top: 0px;\n  padding-bottom: 0px;\n}\n<\/style>\n\t<\/section>\n\t\n","protected":false},"excerpt":{"rendered":"","protected":false},"author":2,"featured_media":0,"parent":27918,"menu_order":0,"comment_status":"closed","ping_status":"closed","template":"page-blank.php","meta":{"_acf_changed":false,"footnotes":""},"class_list":["post-27920","page","type-page","status-publish","hentry"],"acf":[],"yoast_head":"<!-- This site is optimized with the Yoast SEO Premium plugin v27.5 (Yoast SEO v27.5) - https:\/\/yoast.com\/product\/yoast-seo-premium-wordpress\/ -->\n<title>Experts en d\u00e9gustation de boissons - S\u00e9ances de d\u00e9gustation de bi\u00e8res et de vins - Fermentis<\/title>\n<meta name=\"description\" content=\"La d\u00e9gustation de boissons est un autre de nos services dont vous pouvez b\u00e9n\u00e9ficier. Nous pouvons \u00e9valuer les boissons \u00e9labor\u00e9es avec nos levures ou fournir une expertise de d\u00e9gustation professionnelle.\" \/>\n<meta name=\"robots\" content=\"index, follow, max-snippet:-1, max-image-preview:large, max-video-preview:-1\" \/>\n<link rel=\"canonical\" href=\"https:\/\/fermentis.com\/fr\/other-services\/beverage-tasting\/\" \/>\n<meta property=\"og:locale\" content=\"fr_FR\" \/>\n<meta property=\"og:type\" content=\"article\" \/>\n<meta property=\"og:title\" content=\"D\u00e9gustations de boissons\" \/>\n<meta property=\"og:description\" content=\"La d\u00e9gustation de boissons est un autre de nos services dont vous pouvez b\u00e9n\u00e9ficier. Nous pouvons \u00e9valuer les boissons \u00e9labor\u00e9es avec nos levures ou fournir une expertise de d\u00e9gustation professionnelle.\" \/>\n<meta property=\"og:url\" content=\"https:\/\/fermentis.com\/fr\/other-services\/beverage-tasting\/\" \/>\n<meta property=\"og:site_name\" content=\"Fermentis\" \/>\n<meta property=\"article:publisher\" content=\"https:\/\/www.facebook.com\/Fermentis\" \/>\n<meta property=\"article:modified_time\" content=\"2026-04-29T06:19:12+00:00\" \/>\n<meta property=\"og:image\" content=\"https:\/\/fermentis.com\/wp-content\/uploads\/2021\/07\/website-v2.png\" \/>\n\t<meta property=\"og:image:width\" content=\"1903\" \/>\n\t<meta property=\"og:image:height\" content=\"901\" \/>\n\t<meta property=\"og:image:type\" content=\"image\/png\" \/>\n<meta name=\"twitter:card\" content=\"summary_large_image\" \/>\n<meta name=\"twitter:site\" content=\"@fermentis\" \/>\n<meta name=\"twitter:label1\" content=\"Dur\u00e9e de lecture estim\u00e9e\" \/>\n\t<meta name=\"twitter:data1\" content=\"1 minute\" \/>\n<script type=\"application\/ld+json\" class=\"yoast-schema-graph\">{\"@context\":\"https:\\\/\\\/schema.org\",\"@graph\":[{\"@type\":\"WebPage\",\"@id\":\"https:\\\/\\\/fermentis.com\\\/fr\\\/other-services\\\/beverage-tasting\\\/\",\"url\":\"https:\\\/\\\/fermentis.com\\\/fr\\\/other-services\\\/beverage-tasting\\\/\",\"name\":\"Experts en d\u00e9gustation de boissons - S\u00e9ances de d\u00e9gustation de bi\u00e8res et de vins - Fermentis\",\"isPartOf\":{\"@id\":\"https:\\\/\\\/fermentis.com\\\/fr\\\/#website\"},\"datePublished\":\"2020-03-17T23:00:00+00:00\",\"dateModified\":\"2026-04-29T06:19:12+00:00\",\"description\":\"La d\u00e9gustation de boissons est un autre de nos services dont vous pouvez b\u00e9n\u00e9ficier. Nous pouvons \u00e9valuer les boissons \u00e9labor\u00e9es avec nos levures ou fournir une expertise de d\u00e9gustation professionnelle.\",\"breadcrumb\":{\"@id\":\"https:\\\/\\\/fermentis.com\\\/fr\\\/other-services\\\/beverage-tasting\\\/#breadcrumb\"},\"inLanguage\":\"fr-FR\",\"potentialAction\":[{\"@type\":\"ReadAction\",\"target\":[\"https:\\\/\\\/fermentis.com\\\/fr\\\/other-services\\\/beverage-tasting\\\/\"]}]},{\"@type\":\"BreadcrumbList\",\"@id\":\"https:\\\/\\\/fermentis.com\\\/fr\\\/other-services\\\/beverage-tasting\\\/#breadcrumb\",\"itemListElement\":[{\"@type\":\"ListItem\",\"position\":1,\"name\":\"Home\",\"item\":\"https:\\\/\\\/fermentis.com\\\/fr\\\/\"},{\"@type\":\"ListItem\",\"position\":2,\"name\":\"Autres services\",\"item\":\"https:\\\/\\\/fermentis.com\\\/fr\\\/other-services\\\/\"},{\"@type\":\"ListItem\",\"position\":3,\"name\":\"D\u00e9gustations de boissons\"}]},{\"@type\":\"WebSite\",\"@id\":\"https:\\\/\\\/fermentis.com\\\/fr\\\/#website\",\"url\":\"https:\\\/\\\/fermentis.com\\\/fr\\\/\",\"name\":\"Fermentis\",\"description\":\"Un site utilisant WordPress\",\"publisher\":{\"@id\":\"https:\\\/\\\/fermentis.com\\\/fr\\\/#organization\"},\"potentialAction\":[{\"@type\":\"SearchAction\",\"target\":{\"@type\":\"EntryPoint\",\"urlTemplate\":\"https:\\\/\\\/fermentis.com\\\/fr\\\/?s={search_term_string}\"},\"query-input\":{\"@type\":\"PropertyValueSpecification\",\"valueRequired\":true,\"valueName\":\"search_term_string\"}}],\"inLanguage\":\"fr-FR\"},{\"@type\":\"Organization\",\"@id\":\"https:\\\/\\\/fermentis.com\\\/fr\\\/#organization\",\"name\":\"Fermentis\",\"url\":\"https:\\\/\\\/fermentis.com\\\/fr\\\/\",\"logo\":{\"@type\":\"ImageObject\",\"inLanguage\":\"fr-FR\",\"@id\":\"https:\\\/\\\/fermentis.com\\\/fr\\\/#\\\/schema\\\/logo\\\/image\\\/\",\"url\":\"https:\\\/\\\/fermentis.com\\\/wp-content\\\/uploads\\\/2021\\\/07\\\/Logo-Fermentis-5.png\",\"contentUrl\":\"https:\\\/\\\/fermentis.com\\\/wp-content\\\/uploads\\\/2021\\\/07\\\/Logo-Fermentis-5.png\",\"width\":308,\"height\":95,\"caption\":\"Fermentis\"},\"image\":{\"@id\":\"https:\\\/\\\/fermentis.com\\\/fr\\\/#\\\/schema\\\/logo\\\/image\\\/\"},\"sameAs\":[\"https:\\\/\\\/www.facebook.com\\\/Fermentis\",\"https:\\\/\\\/x.com\\\/fermentis\",\"https:\\\/\\\/www.instagram.com\\\/fermentisbylesaffre\\\/\",\"https:\\\/\\\/www.linkedin.com\\\/company\\\/fermentis\\\/\",\"https:\\\/\\\/www.youtube.com\\\/channel\\\/UCt_Lp3IZnUNXZeqSi6iiAdA\"]}]}<\/script>\n<!-- \/ Yoast SEO Premium plugin. -->","yoast_head_json":{"title":"Experts en d\u00e9gustation de boissons - S\u00e9ances de d\u00e9gustation de bi\u00e8res et de vins - Fermentis","description":"La d\u00e9gustation de boissons est un autre de nos services dont vous pouvez b\u00e9n\u00e9ficier. Nous pouvons \u00e9valuer les boissons \u00e9labor\u00e9es avec nos levures ou fournir une expertise de d\u00e9gustation professionnelle.","robots":{"index":"index","follow":"follow","max-snippet":"max-snippet:-1","max-image-preview":"max-image-preview:large","max-video-preview":"max-video-preview:-1"},"canonical":"https:\/\/fermentis.com\/fr\/other-services\/beverage-tasting\/","og_locale":"fr_FR","og_type":"article","og_title":"D\u00e9gustations de boissons","og_description":"La d\u00e9gustation de boissons est un autre de nos services dont vous pouvez b\u00e9n\u00e9ficier. Nous pouvons \u00e9valuer les boissons \u00e9labor\u00e9es avec nos levures ou fournir une expertise de d\u00e9gustation professionnelle.","og_url":"https:\/\/fermentis.com\/fr\/other-services\/beverage-tasting\/","og_site_name":"Fermentis","article_publisher":"https:\/\/www.facebook.com\/Fermentis","article_modified_time":"2026-04-29T06:19:12+00:00","og_image":[{"width":1903,"height":901,"url":"https:\/\/fermentis.com\/wp-content\/uploads\/2021\/07\/website-v2.png","type":"image\/png"}],"twitter_card":"summary_large_image","twitter_site":"@fermentis","twitter_misc":{"Dur\u00e9e de lecture estim\u00e9e":"1 minute"},"schema":{"@context":"https:\/\/schema.org","@graph":[{"@type":"WebPage","@id":"https:\/\/fermentis.com\/fr\/other-services\/beverage-tasting\/","url":"https:\/\/fermentis.com\/fr\/other-services\/beverage-tasting\/","name":"Experts en d\u00e9gustation de boissons - S\u00e9ances de d\u00e9gustation de bi\u00e8res et de vins - Fermentis","isPartOf":{"@id":"https:\/\/fermentis.com\/fr\/#website"},"datePublished":"2020-03-17T23:00:00+00:00","dateModified":"2026-04-29T06:19:12+00:00","description":"La d\u00e9gustation de boissons est un autre de nos services dont vous pouvez b\u00e9n\u00e9ficier. Nous pouvons \u00e9valuer les boissons \u00e9labor\u00e9es avec nos levures ou fournir une expertise de d\u00e9gustation professionnelle.","breadcrumb":{"@id":"https:\/\/fermentis.com\/fr\/other-services\/beverage-tasting\/#breadcrumb"},"inLanguage":"fr-FR","potentialAction":[{"@type":"ReadAction","target":["https:\/\/fermentis.com\/fr\/other-services\/beverage-tasting\/"]}]},{"@type":"BreadcrumbList","@id":"https:\/\/fermentis.com\/fr\/other-services\/beverage-tasting\/#breadcrumb","itemListElement":[{"@type":"ListItem","position":1,"name":"Home","item":"https:\/\/fermentis.com\/fr\/"},{"@type":"ListItem","position":2,"name":"Autres services","item":"https:\/\/fermentis.com\/fr\/other-services\/"},{"@type":"ListItem","position":3,"name":"D\u00e9gustations de boissons"}]},{"@type":"WebSite","@id":"https:\/\/fermentis.com\/fr\/#website","url":"https:\/\/fermentis.com\/fr\/","name":"Fermentis","description":"Un site utilisant WordPress","publisher":{"@id":"https:\/\/fermentis.com\/fr\/#organization"},"potentialAction":[{"@type":"SearchAction","target":{"@type":"EntryPoint","urlTemplate":"https:\/\/fermentis.com\/fr\/?s={search_term_string}"},"query-input":{"@type":"PropertyValueSpecification","valueRequired":true,"valueName":"search_term_string"}}],"inLanguage":"fr-FR"},{"@type":"Organization","@id":"https:\/\/fermentis.com\/fr\/#organization","name":"Fermentis","url":"https:\/\/fermentis.com\/fr\/","logo":{"@type":"ImageObject","inLanguage":"fr-FR","@id":"https:\/\/fermentis.com\/fr\/#\/schema\/logo\/image\/","url":"https:\/\/fermentis.com\/wp-content\/uploads\/2021\/07\/Logo-Fermentis-5.png","contentUrl":"https:\/\/fermentis.com\/wp-content\/uploads\/2021\/07\/Logo-Fermentis-5.png","width":308,"height":95,"caption":"Fermentis"},"image":{"@id":"https:\/\/fermentis.com\/fr\/#\/schema\/logo\/image\/"},"sameAs":["https:\/\/www.facebook.com\/Fermentis","https:\/\/x.com\/fermentis","https:\/\/www.instagram.com\/fermentisbylesaffre\/","https:\/\/www.linkedin.com\/company\/fermentis\/","https:\/\/www.youtube.com\/channel\/UCt_Lp3IZnUNXZeqSi6iiAdA"]}]}},"_links":{"self":[{"href":"https:\/\/fermentis.com\/fr\/wp-json\/wp\/v2\/pages\/27920","targetHints":{"allow":["GET"]}}],"collection":[{"href":"https:\/\/fermentis.com\/fr\/wp-json\/wp\/v2\/pages"}],"about":[{"href":"https:\/\/fermentis.com\/fr\/wp-json\/wp\/v2\/types\/page"}],"author":[{"embeddable":true,"href":"https:\/\/fermentis.com\/fr\/wp-json\/wp\/v2\/users\/2"}],"replies":[{"embeddable":true,"href":"https:\/\/fermentis.com\/fr\/wp-json\/wp\/v2\/comments?post=27920"}],"version-history":[{"count":1908,"href":"https:\/\/fermentis.com\/fr\/wp-json\/wp\/v2\/pages\/27920\/revisions"}],"predecessor-version":[{"id":722037,"href":"https:\/\/fermentis.com\/fr\/wp-json\/wp\/v2\/pages\/27920\/revisions\/722037"}],"up":[{"embeddable":true,"href":"https:\/\/fermentis.com\/fr\/wp-json\/wp\/v2\/pages\/27918"}],"wp:attachment":[{"href":"https:\/\/fermentis.com\/fr\/wp-json\/wp\/v2\/media?parent=27920"}],"curies":[{"name":"wp","href":"https:\/\/api.w.org\/{rel}","templated":true}]}}