{"id":27925,"date":"2020-03-15T00:00:00","date_gmt":"2020-03-14T23:00:00","guid":{"rendered":"http:\/\/fermentis.com\/solutions-fermentation\/spiritueux\/"},"modified":"2026-04-01T16:02:33","modified_gmt":"2026-04-01T14:02:33","slug":"spirits","status":"publish","type":"page","link":"https:\/\/fermentis.com\/fr\/fermentation-solutions\/spirits\/","title":{"rendered":"Esprits"},"content":{"rendered":"\n\t<section class=\"section\" id=\"section_1471517581\">\n\t\t<div class=\"section-bg fill\" >\n\t\t\t\t\t\t\t\t\t\n\t\t\t\n\n\t\t<\/div>\n\n\t\t\n\n\t\t<div class=\"section-content relative\">\n\t\t\t\n<div class=\"row row-small row-full-width\"  id=\"row-543017585\">\n\n\t<div id=\"col-835004325\" class=\"col small-12 large-12\"  >\n\t\t\t\t<div class=\"col-inner\"  >\n\t\t\t\n\t\t\t\n\n  <div class=\"banner has-hover\" id=\"banner-468098324\">\n          <div class=\"banner-inner fill\">\n        <div class=\"banner-bg fill\" >\n            <img loading=\"lazy\" decoding=\"async\" width=\"1400\" height=\"933\" src=\"https:\/\/fermentis.com\/wp-content\/uploads\/2020\/03\/spirits-distilling.jpg\" class=\"bg attachment-original size-original\" alt=\"\" \/>                        <div class=\"overlay\"><\/div>            \n                    <\/div>\n\t\t\n        <div class=\"banner-layers container\">\n            <div class=\"fill banner-link\"><\/div>            \n   <div id=\"text-box-1279465774\" class=\"text-box banner-layer x10 md-x10 lg-x10 y50 md-y50 lg-y50 res-text\">\n                                <div class=\"text-box-content text dark\">\n              \n              <div class=\"text-inner text-left\">\n                  \n<h2><span style=\"font-size: 90%\"><strong>Spiritueux et distilleries<\/strong><\/span><\/h2>\n<p><span style=\"font-size: 90%\">D\u00e9couvrez notre gamme de produits, jetez un \u0153il \u00e0 nos derniers lancements ou parcourez notre guide des spiritueux pour trouver la souche de levure que vous recherchez.<\/span><\/p>\n<a href=\"https:\/\/fermentis.com\/fr\/fermentation\/spiritueux-distillation\/levure-seche-active-spiritueux\/\" class=\"button white\" >\n\t\t<span>Gamme de spiritueux<\/span>\n\t<\/a>\n\n<a href=\"https:\/\/fermentis.com\/fr\/contact\/\" class=\"button white is-outline\" >\n\t\t<span>RENSEIGNER<\/span>\n\t<\/a>\n\n              <\/div>\n           <\/div>\n                            \n<style>\n#text-box-1279465774 {\n  width: 62%;\n}\n#text-box-1279465774 .text-box-content {\n  font-size: 100%;\n}\n@media (min-width:550px) {\n  #text-box-1279465774 {\n    width: 45%;\n  }\n}\n<\/style>\n    <\/div>\n \n        <\/div>\n      <\/div>\n\n            \n<style>\n#banner-468098324 {\n  padding-top: 450px;\n  background-color: rgb(255,255,255);\n}\n#banner-468098324 .overlay {\n  background-color: rgba(0, 0, 0, 0.5);\n}\n#banner-468098324 .banner-bg img {\n  object-position: 0% 0%;\n}\n@media (min-width:550px) {\n  #banner-468098324 {\n    padding-top: 550px;\n  }\n}\n<\/style>\n  <\/div>\n\n\n\t\t<\/div>\n\t\t\t\t\t<\/div>\n\n\t\n<\/div>\n\t\t<\/div>\n\n\t\t\n<style>\n#section_1471517581 {\n  padding-top: 0px;\n  padding-bottom: 0px;\n}\n<\/style>\n\t<\/section>\n\t\n","protected":false},"excerpt":{"rendered":"","protected":false},"author":2,"featured_media":0,"parent":24750,"menu_order":0,"comment_status":"closed","ping_status":"closed","template":"page-blank.php","meta":{"_acf_changed":false,"footnotes":""},"class_list":["post-27925","page","type-page","status-publish","hentry"],"acf":[],"yoast_head":"<!-- This site is optimized with the Yoast SEO Premium plugin v27.3 (Yoast SEO v27.3) - https:\/\/yoast.com\/product\/yoast-seo-premium-wordpress\/ -->\n<title>Solutions de fermentation pour spiritueux et distillerie - Levures pour spiritueux - Fermentis<\/title>\n<meta name=\"description\" content=\"Toutes nos solutions de distillation pour aider les distillateurs \u00e0 cr\u00e9er leurs spiritueux et boissons distill\u00e9es quels que soient les grains utilis\u00e9s.\" \/>\n<meta name=\"robots\" content=\"index, follow, max-snippet:-1, max-image-preview:large, max-video-preview:-1\" \/>\n<link rel=\"canonical\" href=\"https:\/\/fermentis.com\/fr\/fermentation-solutions\/spirits\/\" \/>\n<meta property=\"og:locale\" content=\"fr_FR\" \/>\n<meta property=\"og:type\" content=\"article\" \/>\n<meta property=\"og:title\" content=\"Esprits\" \/>\n<meta property=\"og:description\" content=\"Toutes nos solutions de distillation pour aider les distillateurs \u00e0 cr\u00e9er leurs spiritueux et boissons distill\u00e9es quels que soient les grains utilis\u00e9s.\" \/>\n<meta property=\"og:url\" content=\"https:\/\/fermentis.com\/fr\/fermentation-solutions\/spirits\/\" \/>\n<meta property=\"og:site_name\" content=\"Fermentis\" \/>\n<meta property=\"article:publisher\" content=\"https:\/\/www.facebook.com\/Fermentis\" \/>\n<meta property=\"article:modified_time\" content=\"2026-04-01T14:02:33+00:00\" \/>\n<meta property=\"og:image\" content=\"https:\/\/fermentis.com\/wp-content\/uploads\/2021\/07\/website-v2.png\" \/>\n\t<meta property=\"og:image:width\" content=\"1903\" \/>\n\t<meta property=\"og:image:height\" content=\"901\" \/>\n\t<meta property=\"og:image:type\" content=\"image\/png\" \/>\n<meta name=\"twitter:card\" content=\"summary_large_image\" \/>\n<meta name=\"twitter:site\" content=\"@fermentis\" \/>\n<meta name=\"twitter:label1\" content=\"Dur\u00e9e de lecture estim\u00e9e\" \/>\n\t<meta name=\"twitter:data1\" content=\"1 minute\" \/>\n<script type=\"application\/ld+json\" class=\"yoast-schema-graph\">{\"@context\":\"https:\\\/\\\/schema.org\",\"@graph\":[{\"@type\":\"WebPage\",\"@id\":\"https:\\\/\\\/fermentis.com\\\/fr\\\/fermentation-solutions\\\/spirits\\\/\",\"url\":\"https:\\\/\\\/fermentis.com\\\/fr\\\/fermentation-solutions\\\/spirits\\\/\",\"name\":\"Solutions de fermentation pour spiritueux et distillerie - Levures pour spiritueux - Fermentis\",\"isPartOf\":{\"@id\":\"https:\\\/\\\/fermentis.com\\\/fr\\\/#website\"},\"datePublished\":\"2020-03-14T23:00:00+00:00\",\"dateModified\":\"2026-04-01T14:02:33+00:00\",\"description\":\"Toutes nos solutions de distillation pour aider les distillateurs \u00e0 cr\u00e9er leurs spiritueux et boissons distill\u00e9es quels que soient les grains utilis\u00e9s.\",\"breadcrumb\":{\"@id\":\"https:\\\/\\\/fermentis.com\\\/fr\\\/fermentation-solutions\\\/spirits\\\/#breadcrumb\"},\"inLanguage\":\"fr-FR\",\"potentialAction\":[{\"@type\":\"ReadAction\",\"target\":[\"https:\\\/\\\/fermentis.com\\\/fr\\\/fermentation-solutions\\\/spirits\\\/\"]}]},{\"@type\":\"BreadcrumbList\",\"@id\":\"https:\\\/\\\/fermentis.com\\\/fr\\\/fermentation-solutions\\\/spirits\\\/#breadcrumb\",\"itemListElement\":[{\"@type\":\"ListItem\",\"position\":1,\"name\":\"Home\",\"item\":\"https:\\\/\\\/fermentis.com\\\/fr\\\/\"},{\"@type\":\"ListItem\",\"position\":2,\"name\":\"Solutions de fermentation\",\"item\":\"https:\\\/\\\/fermentis.com\\\/fr\\\/fermentation-solutions\\\/\"},{\"@type\":\"ListItem\",\"position\":3,\"name\":\"Esprits\"}]},{\"@type\":\"WebSite\",\"@id\":\"https:\\\/\\\/fermentis.com\\\/fr\\\/#website\",\"url\":\"https:\\\/\\\/fermentis.com\\\/fr\\\/\",\"name\":\"Fermentis\",\"description\":\"Un site utilisant WordPress\",\"publisher\":{\"@id\":\"https:\\\/\\\/fermentis.com\\\/fr\\\/#organization\"},\"potentialAction\":[{\"@type\":\"SearchAction\",\"target\":{\"@type\":\"EntryPoint\",\"urlTemplate\":\"https:\\\/\\\/fermentis.com\\\/fr\\\/?s={search_term_string}\"},\"query-input\":{\"@type\":\"PropertyValueSpecification\",\"valueRequired\":true,\"valueName\":\"search_term_string\"}}],\"inLanguage\":\"fr-FR\"},{\"@type\":\"Organization\",\"@id\":\"https:\\\/\\\/fermentis.com\\\/fr\\\/#organization\",\"name\":\"Fermentis\",\"url\":\"https:\\\/\\\/fermentis.com\\\/fr\\\/\",\"logo\":{\"@type\":\"ImageObject\",\"inLanguage\":\"fr-FR\",\"@id\":\"https:\\\/\\\/fermentis.com\\\/fr\\\/#\\\/schema\\\/logo\\\/image\\\/\",\"url\":\"https:\\\/\\\/fermentis.com\\\/wp-content\\\/uploads\\\/2021\\\/07\\\/Logo-Fermentis-5.png\",\"contentUrl\":\"https:\\\/\\\/fermentis.com\\\/wp-content\\\/uploads\\\/2021\\\/07\\\/Logo-Fermentis-5.png\",\"width\":308,\"height\":95,\"caption\":\"Fermentis\"},\"image\":{\"@id\":\"https:\\\/\\\/fermentis.com\\\/fr\\\/#\\\/schema\\\/logo\\\/image\\\/\"},\"sameAs\":[\"https:\\\/\\\/www.facebook.com\\\/Fermentis\",\"https:\\\/\\\/x.com\\\/fermentis\",\"https:\\\/\\\/www.instagram.com\\\/fermentisbylesaffre\\\/\",\"https:\\\/\\\/www.linkedin.com\\\/company\\\/fermentis\\\/\",\"https:\\\/\\\/www.youtube.com\\\/channel\\\/UCt_Lp3IZnUNXZeqSi6iiAdA\"]}]}<\/script>\n<!-- \/ Yoast SEO Premium plugin. -->","yoast_head_json":{"title":"Solutions de fermentation pour spiritueux et distillerie - Levures pour spiritueux - Fermentis","description":"Toutes nos solutions de distillation pour aider les distillateurs \u00e0 cr\u00e9er leurs spiritueux et boissons distill\u00e9es quels que soient les grains utilis\u00e9s.","robots":{"index":"index","follow":"follow","max-snippet":"max-snippet:-1","max-image-preview":"max-image-preview:large","max-video-preview":"max-video-preview:-1"},"canonical":"https:\/\/fermentis.com\/fr\/fermentation-solutions\/spirits\/","og_locale":"fr_FR","og_type":"article","og_title":"Esprits","og_description":"Toutes nos solutions de distillation pour aider les distillateurs \u00e0 cr\u00e9er leurs spiritueux et boissons distill\u00e9es quels que soient les grains utilis\u00e9s.","og_url":"https:\/\/fermentis.com\/fr\/fermentation-solutions\/spirits\/","og_site_name":"Fermentis","article_publisher":"https:\/\/www.facebook.com\/Fermentis","article_modified_time":"2026-04-01T14:02:33+00:00","og_image":[{"width":1903,"height":901,"url":"https:\/\/fermentis.com\/wp-content\/uploads\/2021\/07\/website-v2.png","type":"image\/png"}],"twitter_card":"summary_large_image","twitter_site":"@fermentis","twitter_misc":{"Dur\u00e9e de lecture estim\u00e9e":"1 minute"},"schema":{"@context":"https:\/\/schema.org","@graph":[{"@type":"WebPage","@id":"https:\/\/fermentis.com\/fr\/fermentation-solutions\/spirits\/","url":"https:\/\/fermentis.com\/fr\/fermentation-solutions\/spirits\/","name":"Solutions de fermentation pour spiritueux et distillerie - Levures pour spiritueux - Fermentis","isPartOf":{"@id":"https:\/\/fermentis.com\/fr\/#website"},"datePublished":"2020-03-14T23:00:00+00:00","dateModified":"2026-04-01T14:02:33+00:00","description":"Toutes nos solutions de distillation pour aider les distillateurs \u00e0 cr\u00e9er leurs spiritueux et boissons distill\u00e9es quels que soient les grains utilis\u00e9s.","breadcrumb":{"@id":"https:\/\/fermentis.com\/fr\/fermentation-solutions\/spirits\/#breadcrumb"},"inLanguage":"fr-FR","potentialAction":[{"@type":"ReadAction","target":["https:\/\/fermentis.com\/fr\/fermentation-solutions\/spirits\/"]}]},{"@type":"BreadcrumbList","@id":"https:\/\/fermentis.com\/fr\/fermentation-solutions\/spirits\/#breadcrumb","itemListElement":[{"@type":"ListItem","position":1,"name":"Home","item":"https:\/\/fermentis.com\/fr\/"},{"@type":"ListItem","position":2,"name":"Solutions de fermentation","item":"https:\/\/fermentis.com\/fr\/fermentation-solutions\/"},{"@type":"ListItem","position":3,"name":"Esprits"}]},{"@type":"WebSite","@id":"https:\/\/fermentis.com\/fr\/#website","url":"https:\/\/fermentis.com\/fr\/","name":"Fermentis","description":"Un site utilisant WordPress","publisher":{"@id":"https:\/\/fermentis.com\/fr\/#organization"},"potentialAction":[{"@type":"SearchAction","target":{"@type":"EntryPoint","urlTemplate":"https:\/\/fermentis.com\/fr\/?s={search_term_string}"},"query-input":{"@type":"PropertyValueSpecification","valueRequired":true,"valueName":"search_term_string"}}],"inLanguage":"fr-FR"},{"@type":"Organization","@id":"https:\/\/fermentis.com\/fr\/#organization","name":"Fermentis","url":"https:\/\/fermentis.com\/fr\/","logo":{"@type":"ImageObject","inLanguage":"fr-FR","@id":"https:\/\/fermentis.com\/fr\/#\/schema\/logo\/image\/","url":"https:\/\/fermentis.com\/wp-content\/uploads\/2021\/07\/Logo-Fermentis-5.png","contentUrl":"https:\/\/fermentis.com\/wp-content\/uploads\/2021\/07\/Logo-Fermentis-5.png","width":308,"height":95,"caption":"Fermentis"},"image":{"@id":"https:\/\/fermentis.com\/fr\/#\/schema\/logo\/image\/"},"sameAs":["https:\/\/www.facebook.com\/Fermentis","https:\/\/x.com\/fermentis","https:\/\/www.instagram.com\/fermentisbylesaffre\/","https:\/\/www.linkedin.com\/company\/fermentis\/","https:\/\/www.youtube.com\/channel\/UCt_Lp3IZnUNXZeqSi6iiAdA"]}]}},"_links":{"self":[{"href":"https:\/\/fermentis.com\/fr\/wp-json\/wp\/v2\/pages\/27925","targetHints":{"allow":["GET"]}}],"collection":[{"href":"https:\/\/fermentis.com\/fr\/wp-json\/wp\/v2\/pages"}],"about":[{"href":"https:\/\/fermentis.com\/fr\/wp-json\/wp\/v2\/types\/page"}],"author":[{"embeddable":true,"href":"https:\/\/fermentis.com\/fr\/wp-json\/wp\/v2\/users\/2"}],"replies":[{"embeddable":true,"href":"https:\/\/fermentis.com\/fr\/wp-json\/wp\/v2\/comments?post=27925"}],"version-history":[{"count":3139,"href":"https:\/\/fermentis.com\/fr\/wp-json\/wp\/v2\/pages\/27925\/revisions"}],"predecessor-version":[{"id":711662,"href":"https:\/\/fermentis.com\/fr\/wp-json\/wp\/v2\/pages\/27925\/revisions\/711662"}],"up":[{"embeddable":true,"href":"https:\/\/fermentis.com\/fr\/wp-json\/wp\/v2\/pages\/24750"}],"wp:attachment":[{"href":"https:\/\/fermentis.com\/fr\/wp-json\/wp\/v2\/media?parent=27925"}],"curies":[{"name":"wp","href":"https:\/\/api.w.org\/{rel}","templated":true}]}}