{"id":27927,"date":"2020-03-24T00:00:00","date_gmt":"2020-03-23T23:00:00","guid":{"rendered":"http:\/\/fermentis.com\/fermentis-academy\/home-of-the-fermentis-academy\/"},"modified":"2020-10-15T11:59:57","modified_gmt":"2020-10-15T09:59:57","slug":"home-of-the-fermentis-academy","status":"publish","type":"page","link":"https:\/\/fermentis.com\/fr\/fermentis-academy\/home-of-the-fermentis-academy\/","title":{"rendered":"Home of the Fermentis Academy"},"content":{"rendered":"\n\t<section class=\"section has-parallax\" id=\"section_1643076983\">\n\t\t<div class=\"section-bg fill\" data-parallax-container=\".section\" data-parallax-background data-parallax=\"-3\">\n\t\t\t<img loading=\"lazy\" decoding=\"async\" width=\"1500\" height=\"669\" src=\"https:\/\/fermentis.com\/wp-content\/uploads\/2020\/02\/fermentis-academy-home.jpg\" class=\"bg attachment-original size-original\" alt=\"QG Fermentis Academy\" \/>\t\t\t\t\t\t\n\t\t\t\n\t<div class=\"is-border\"\n\t\tstyle=\"border-color:rgb(111, 166, 212);border-width:0px 0px 20px 0px;\">\n\t<\/div>\n\n\t\t<\/div>\n\n\t\t\n\n\t\t<div class=\"section-content relative\">\n\t\t\t\n\t\t<\/div>\n\n\t\t\n<style>\n#section_1643076983 {\n  padding-top: 30px;\n  padding-bottom: 30px;\n  min-height: 400px;\n  background-color: #6fa6d4;\n}\n#section_1643076983 .section-bg img {\n  object-position: 48% 100%;\n}\n<\/style>\n\t<\/section>\n\t\n\n\t<section class=\"section\" id=\"section_374339873\">\n\t\t<div class=\"section-bg fill\" >\n\t\t\t\t\t\t\t\t\t\n\t\t\t\n\n\t\t<\/div>\n\n\t\t\n\n\t\t<div class=\"section-content relative\">\n\t\t\t\n<div class=\"row\"  id=\"row-809013303\">\n\n\t<div id=\"col-148244370\" class=\"col medium-2 small-12 large-2\"  >\n\t\t\t\t<div class=\"col-inner\"  >\n\t\t\t\n\t\t\t\n\t\t<\/div>\n\t\t\t\t\n<style>\n#col-148244370 > .col-inner {\n  margin: -100px 0px 0px 0px;\n}\n<\/style>\n\t<\/div>\n\n\t\n\n\t<div id=\"col-445617042\" class=\"col medium-8 small-12 large-8\"  >\n\t\t\t\t<div class=\"col-inner\"  >\n\t\t\t\n\t\t\t\n<div class=\"row row-small row-box-shadow-1 row-box-shadow-4-hover\"  id=\"row-777296118\">\n\n\t<div id=\"col-1294858381\" class=\"col medium-6 small-12 large-12\"  >\n\t\t\t\t<div class=\"col-inner\"  >\n\t\t\t\n\t\t\t\n\n\t\t<div class=\"icon-box featured-box icon-box-center text-center\"  >\n\t\t\t\t<div class=\"icon-box-text last-reset\">\n\t\t\t\t\t\t\t\t\t\n<h1>Bienvenue dans le berceau de la Fermentis Academy<\/h1>\n<h1><span style=\"color: #555555; font-size: 14.4px;\">Notre si\u00e8ge social : un lieu de recherche, de science, de travail et de plaisir.\u00a0<\/span><\/h1>\n\t\t<\/div>\n\t<\/div>\n\t\n\t\n\t\t<\/div>\n\t\t\t\t\t<\/div>\n\n\t\n\n<style>\n#row-777296118 > .col > .col-inner {\n  padding: 30px 30px 30px 30px;\n  background-color: rgb(255,255,255);\n}\n<\/style>\n<\/div>\n\t\t<\/div>\n\t\t\t\t\n<style>\n#col-445617042 > .col-inner {\n  margin: -100px 0px 0px 0px;\n}\n<\/style>\n\t<\/div>\n\n\t\n\n\t<div id=\"col-1688801324\" class=\"col medium-2 small-12 large-2\"  >\n\t\t\t\t<div class=\"col-inner\"  >\n\t\t\t\n\t\t\t\n\t\t<\/div>\n\t\t\t\t\n<style>\n#col-1688801324 > .col-inner {\n  margin: -100px 0px 0px 0px;\n}\n<\/style>\n\t<\/div>\n\n\t\n<\/div>\n\t\t<\/div>\n\n\t\t\n<style>\n#section_374339873 {\n  padding-top: 20px;\n  padding-bottom: 20px;\n  background-color: rgb(245, 247, 251);\n}\n<\/style>\n\t<\/section>\n\t\n\n\t<section class=\"section\" id=\"section_54766877\">\n\t\t<div class=\"section-bg fill\" >\n\t\t\t\t\t\t\t\t\t\n\t\t\t\n\n\t\t<\/div>\n\n\t\t\n\n\t\t<div class=\"section-content relative\">\n\t\t\t\n<div class=\"row\"  id=\"row-276589477\">\n\n\t<div id=\"col-1772081853\" class=\"col small-12 large-12\"  >\n\t\t\t\t<div class=\"col-inner\"  >\n\t\t\t\n\t\t\t\n<h2 style=\"text-align: center;\"><span style=\"font-size: 180%; color: #993300;\">Apprendre<\/span><\/h2>\n<p style=\"text-align: center;\">Notre \u00e9quipe de recherche et d\u00e9veloppement travaille en continu sur diff\u00e9rents programmes pour nous aider \u00e0 comprendre nos produits et comment ils fonctionnent, et travaille \u00e9galement \u00e0 lancer de nouvelles innovations pour r\u00e9pondre aux besoins et attentes du march\u00e9.<\/p>\n<p style=\"text-align: center;\">\u00a0<\/p>\n\t\t<\/div>\n\t\t\t\t\t<\/div>\n\n\t\n<\/div>\n\t\t<\/div>\n\n\t\t\n<style>\n#section_54766877 {\n  padding-top: 0px;\n  padding-bottom: 0px;\n  background-color: rgb(245, 247, 251);\n}\n<\/style>\n\t<\/section>\n\t\n\n  <div class=\"banner has-hover\" id=\"banner-1694012574\">\n          <div class=\"banner-inner fill\">\n        <div class=\"banner-bg fill\" >\n                                                \n                    <\/div>\n\t\t\n        <div class=\"banner-layers container\">\n            <div class=\"fill banner-link\"><\/div>            \n   <div id=\"text-box-488224594\" class=\"text-box banner-layer x50 md-x50 lg-x50 y50 md-y50 lg-y50 res-text\">\n                                <div class=\"text-box-content text dark\">\n              \n              <div class=\"text-inner text-center\">\n                  \n\t<div id=\"gap-1804084848\" class=\"gap-element clearfix\" style=\"display:block; height:auto;\">\n\t\t\n<style>\n#gap-1804084848 {\n  padding-top: 30px;\n}\n<\/style>\n\t<\/div>\n\t\n<h3 class=\"uppercase\"><strong>REJOIGNEZ LA FERMENTIS ACADEMY<\/strong><\/h3>\n<p>Restez en contact avec le Monde Fermentis en devant membre de la Fermentis Academy. Vous recevrez des actualit\u00e9s et des informations exclusives \u00e0 notre sujet. <span style=\"text-transform: uppercase;\">[contact-form-7 id=&#8221;541&#8243;]<\/span><\/p>\n              <\/div>\n           <\/div>\n                            \n<style>\n#text-box-488224594 {\n  width: 71%;\n}\n#text-box-488224594 .text-box-content {\n  font-size: 100%;\n}\n@media (min-width:550px) {\n  #text-box-488224594 {\n    width: 60%;\n  }\n}\n<\/style>\n    <\/div>\n \n        <\/div>\n      <\/div>\n\n            \n<style>\n#banner-1694012574 {\n  padding-top: 280px;\n  background-color: rgb(133, 143, 149);\n}\n@media (min-width:550px) {\n  #banner-1694012574 {\n    padding-top: 16%;\n  }\n}\n<\/style>\n  <\/div>\n\n\n\n\t<section class=\"section\" id=\"section_413171795\">\n\t\t<div class=\"section-bg fill\" >\n\t\t\t\t\t\t\t\t\t\n\t\t\t\n\n\t\t<\/div>\n\n\t\t\n\n\t\t<div class=\"section-content relative\">\n\t\t\t\n\t<div id=\"gap-1065668598\" class=\"gap-element clearfix\" style=\"display:block; height:auto;\">\n\t\t\n<style>\n#gap-1065668598 {\n  padding-top: 55px;\n}\n<\/style>\n\t<\/div>\n\t\n<div class=\"row align-center\"  id=\"row-1742497191\">\n\n\t<div id=\"col-30745200\" class=\"col medium-7 small-10 large-7\"  >\n\t\t\t\t<div class=\"col-inner text-center\"  >\n\t\t\t\n\t\t\t\n<h1>Les photos de la Fermentis Academy\u00a0<\/h1>\n<p>D\u00e9couvrez quelques unes des photos des \u00e9v\u00e9nements de la Fermentis Academy \u00e0 travers le monde.<\/p>\n\t\t<\/div>\n\t\t\t\t\t<\/div>\n\n\t\n<\/div>\n\t\t<\/div>\n\n\t\t\n<style>\n#section_413171795 {\n  padding-top: 50px;\n  padding-bottom: 50px;\n}\n<\/style>\n\t<\/section>\n\t\n\n\t<section class=\"section\" id=\"section_1044564256\">\n\t\t<div class=\"section-bg fill\" >\n\t\t\t\t\t\t\t\t\t\n\t\t\t\n\n\t\t<\/div>\n\n\t\t\n\n\t\t<div class=\"section-content relative\">\n\t\t\t\n  <div class=\"banner-grid-wrapper\">\n  <div id=\"banner-grid-909428433\" class=\"banner-grid row row-grid row-collapse row-full-width\" data-packery-options=\"\">\n                      \n<div class=\"col grid-col small-14 large-4 grid-col-2-3\" data-animate=\"bounceIn\"><div class=\"col-inner\">\n\n  <div class=\"banner has-hover\" id=\"banner-1844258556\">\n          <div class=\"banner-inner fill\">\n        <div class=\"banner-bg fill\" >\n            <img loading=\"lazy\" decoding=\"async\" width=\"1020\" height=\"458\" src=\"https:\/\/fermentis.com\/wp-content\/uploads\/2020\/02\/fermentis-academy-wellington-1024x460.jpg\" class=\"bg attachment-large size-large\" alt=\"Where to meet fermentis in the word\" \/>                                    \n                    <\/div>\n\t\t\n        <div class=\"banner-layers container\">\n            <div class=\"fill banner-link\"><\/div>            \n        <\/div>\n      <\/div>\n\n            \n<style>\n#banner-1844258556 {\n  padding-top: 500px;\n  background-color: rgb(25, 25, 25);\n}\n<\/style>\n  <\/div>\n\n\n<\/div><\/div>\n<div class=\"col grid-col small-13 large-4 grid-col-1-2\" data-animate=\"bounceIn\"><div class=\"col-inner\">\n\n  <div class=\"banner has-hover\" id=\"banner-1430627903\">\n          <div class=\"banner-inner fill\">\n        <div class=\"banner-bg fill\" >\n            <img loading=\"lazy\" decoding=\"async\" width=\"1000\" height=\"750\" src=\"https:\/\/fermentis.com\/wp-content\/uploads\/2020\/02\/fermentis-acaemdy-event-asheville.jpg\" class=\"bg attachment-large size-large\" alt=\"\" \/>                                    \n                    <\/div>\n\t\t\n        <div class=\"banner-layers container\">\n            <div class=\"fill banner-link\"><\/div>            \n        <\/div>\n      <\/div>\n\n            \n<style>\n#banner-1430627903 {\n  padding-top: 500px;\n  background-color: rgb(25, 25, 25);\n}\n<\/style>\n  <\/div>\n\n\n<\/div><\/div>\n<div class=\"col grid-col small-12 large-4 grid-col-2-3\" data-animate=\"bounceIn\"><div class=\"col-inner\">\n\n  <div class=\"banner has-hover\" id=\"banner-1641582208\">\n          <div class=\"banner-inner fill\">\n        <div class=\"banner-bg fill\" >\n                                                \n                    <\/div>\n\t\t\n        <div class=\"banner-layers container\">\n            <div class=\"fill banner-link\"><\/div>            \n        <\/div>\n      <\/div>\n\n            \n<style>\n#banner-1641582208 {\n  padding-top: 500px;\n  background-color: rgb(25, 25, 25);\n}\n<\/style>\n  <\/div>\n\n\n<\/div><\/div>\n<div class=\"col grid-col small-13 large-4 grid-col-2-3\" data-animate=\"bounceIn\"><div class=\"col-inner\">\n\n  <div class=\"banner has-hover\" id=\"banner-87947764\">\n          <div class=\"banner-inner fill\">\n        <div class=\"banner-bg fill\" >\n                                                \n                    <\/div>\n\t\t\n        <div class=\"banner-layers container\">\n            <div class=\"fill banner-link\"><\/div>            \n        <\/div>\n      <\/div>\n\n            \n<style>\n#banner-87947764 {\n  padding-top: 500px;\n  background-color: rgb(25, 25, 25);\n}\n<\/style>\n  <\/div>\n\n\n<\/div><\/div>\n<div class=\"col grid-col small-12 large-4 grid-col-2-3\" data-animate=\"bounceIn\"><div class=\"col-inner\">\n\n  <div class=\"banner has-hover\" id=\"banner-241067213\">\n          <div class=\"banner-inner fill\">\n        <div class=\"banner-bg fill\" >\n                                                \n                    <\/div>\n\t\t\n        <div class=\"banner-layers container\">\n            <div class=\"fill banner-link\"><\/div>            \n        <\/div>\n      <\/div>\n\n            \n<style>\n#banner-241067213 {\n  padding-top: 500px;\n  background-color: rgb(25, 25, 25);\n}\n<\/style>\n  <\/div>\n\n\n<\/div><\/div>\n<div class=\"col grid-col small-15 large-4 grid-col-2-3\" data-animate=\"bounceIn\"><div class=\"col-inner\">\n\n  <div class=\"banner has-hover\" id=\"banner-1603261653\">\n          <div class=\"banner-inner fill\">\n        <div class=\"banner-bg fill\" >\n                                                \n                    <\/div>\n\t\t\n        <div class=\"banner-layers container\">\n            <div class=\"fill banner-link\"><\/div>            \n        <\/div>\n      <\/div>\n\n            \n<style>\n#banner-1603261653 {\n  padding-top: 500px;\n  background-color: rgb(25, 25, 25);\n}\n<\/style>\n  <\/div>\n\n\n<\/div><\/div>\n<div class=\"col grid-col small-14 large-4 grid-col-2-3\" data-animate=\"bounceIn\"><div class=\"col-inner\">\n\n  <div class=\"banner has-hover\" id=\"banner-1872638367\">\n          <div class=\"banner-inner fill\">\n        <div class=\"banner-bg fill\" >\n                                                \n                    <\/div>\n\t\t\n        <div class=\"banner-layers container\">\n            <div class=\"fill banner-link\"><\/div>            \n        <\/div>\n      <\/div>\n\n            \n<style>\n#banner-1872638367 {\n  padding-top: 500px;\n  background-color: rgb(25, 25, 25);\n}\n<\/style>\n  <\/div>\n\n\n<\/div><\/div>\n<div class=\"col grid-col small-12 large-4 grid-col-2-3\" data-animate=\"bounceIn\"><div class=\"col-inner\">\n\n  <div class=\"banner has-hover\" id=\"banner-83278040\">\n          <div class=\"banner-inner fill\">\n        <div class=\"banner-bg fill\" >\n                                                \n                    <\/div>\n\t\t\n        <div class=\"banner-layers container\">\n            <div class=\"fill banner-link\"><\/div>            \n        <\/div>\n      <\/div>\n\n            \n<style>\n#banner-83278040 {\n  padding-top: 500px;\n  background-color: rgb(25, 25, 25);\n}\n<\/style>\n  <\/div>\n\n\n<\/div><\/div>\n<div class=\"col grid-col small-13 large-4 grid-col-2-3\" data-animate=\"bounceIn\"><div class=\"col-inner\">\n\n  <div class=\"banner has-hover\" id=\"banner-262376534\">\n          <div class=\"banner-inner fill\">\n        <div class=\"banner-bg fill\" >\n                                                \n                    <\/div>\n\t\t\n        <div class=\"banner-layers container\">\n            <div class=\"fill banner-link\"><\/div>            \n        <\/div>\n      <\/div>\n\n            \n<style>\n#banner-262376534 {\n  padding-top: 500px;\n  background-color: rgb(25, 25, 25);\n}\n<\/style>\n  <\/div>\n\n\n<\/div><\/div>\n<div class=\"col grid-col small-12 large-4 grid-col-2-3\" data-animate=\"bounceIn\"><div class=\"col-inner\">\n\n  <div class=\"banner has-hover\" id=\"banner-1875521201\">\n          <div class=\"banner-inner fill\">\n        <div class=\"banner-bg fill\" >\n                                                \n                    <\/div>\n\t\t\n        <div class=\"banner-layers container\">\n            <div class=\"fill banner-link\"><\/div>            \n        <\/div>\n      <\/div>\n\n            \n<style>\n#banner-1875521201 {\n  padding-top: 500px;\n  background-color: rgb(25, 25, 25);\n}\n<\/style>\n  <\/div>\n\n\n<\/div><\/div>\n<div class=\"col grid-col small-14 large-4 grid-col-2-3\" data-animate=\"bounceIn\"><div class=\"col-inner\">\n\n  <div class=\"banner has-hover\" id=\"banner-923549781\">\n          <div class=\"banner-inner fill\">\n        <div class=\"banner-bg fill\" >\n                                                \n                    <\/div>\n\t\t\n        <div class=\"banner-layers container\">\n            <div class=\"fill banner-link\"><\/div>            \n        <\/div>\n      <\/div>\n\n            \n<style>\n#banner-923549781 {\n  padding-top: 500px;\n  background-color: rgb(25, 25, 25);\n}\n<\/style>\n  <\/div>\n\n\n<\/div><\/div>\n<div class=\"col grid-col small-12 large-4 grid-col-2-3\" data-animate=\"bounceIn\"><div class=\"col-inner\">\n\n  <div class=\"banner has-hover\" id=\"banner-2060757572\">\n          <div class=\"banner-inner fill\">\n        <div class=\"banner-bg fill\" >\n                                                \n                    <\/div>\n\t\t\n        <div class=\"banner-layers container\">\n            <div class=\"fill banner-link\"><\/div>            \n        <\/div>\n      <\/div>\n\n            \n<style>\n#banner-2060757572 {\n  padding-top: 500px;\n  background-color: rgb(25, 25, 25);\n}\n<\/style>\n  <\/div>\n\n\n<\/div><\/div>\n<div class=\"col grid-col small-13 large-4 grid-col-2-3\" data-animate=\"bounceIn\"><div class=\"col-inner\">\n\n  <div class=\"banner has-hover\" id=\"banner-882417722\">\n          <div class=\"banner-inner fill\">\n        <div class=\"banner-bg fill\" >\n                                                \n                    <\/div>\n\t\t\n        <div class=\"banner-layers container\">\n            <div class=\"fill banner-link\"><\/div>            \n        <\/div>\n      <\/div>\n\n            \n<style>\n#banner-882417722 {\n  padding-top: 500px;\n  background-color: rgb(25, 25, 25);\n}\n<\/style>\n  <\/div>\n\n\n<\/div><\/div>\n<div class=\"col grid-col small-13 large-4 grid-col-1-2\" data-animate=\"bounceIn\"><div class=\"col-inner\">\n\n  <div class=\"banner has-hover\" id=\"banner-129918957\">\n          <div class=\"banner-inner fill\">\n        <div class=\"banner-bg fill\" >\n                                                \n                    <\/div>\n\t\t\n        <div class=\"banner-layers container\">\n            <div class=\"fill banner-link\"><\/div>            \n        <\/div>\n      <\/div>\n\n            \n<style>\n#banner-129918957 {\n  padding-top: 500px;\n  background-color: rgb(25, 25, 25);\n}\n<\/style>\n  <\/div>\n\n\n<\/div><\/div>\n<div class=\"col grid-col small-13 large-4 grid-col-1-2\" data-animate=\"bounceIn\"><div class=\"col-inner\">\n\n  <div class=\"banner has-hover\" id=\"banner-1940405230\">\n          <div class=\"banner-inner fill\">\n        <div class=\"banner-bg fill\" >\n                                                \n                    <\/div>\n\t\t\n        <div class=\"banner-layers container\">\n            <div class=\"fill banner-link\"><\/div>            \n        <\/div>\n      <\/div>\n\n            \n<style>\n#banner-1940405230 {\n  padding-top: 500px;\n  background-color: rgb(25, 25, 25);\n}\n<\/style>\n  <\/div>\n\n\n<\/div><\/div>\n            <\/div>\n    <style>\n    #banner-grid-909428433 .grid-col-1{height: 600px}\n    #banner-grid-909428433 .grid-col-1-2{height: 300px}\n    #banner-grid-909428433 .grid-col-1-3{height:200px}\n    #banner-grid-909428433 .grid-col-2-3{height: 400px}\n    #banner-grid-909428433 .grid-col-1-4{height: 150px}\n    #banner-grid-909428433 .grid-col-3-4{height: 450px}\n\n\n    \n    \n\n  <\/style>\n    <\/div>\n  \n\t\t<\/div>\n\n\t\t\n<style>\n#section_1044564256 {\n  padding-top: 0px;\n  padding-bottom: 0px;\n  background-color: rgb(32, 32, 32);\n}\n<\/style>\n\t<\/section>\n\t\n","protected":false},"excerpt":{"rendered":"","protected":false},"author":2,"featured_media":0,"parent":27926,"menu_order":0,"comment_status":"closed","ping_status":"closed","template":"page-blank.php","meta":{"_acf_changed":false,"footnotes":""},"class_list":["post-27927","page","type-page","status-publish","hentry"],"acf":[],"yoast_head":"<!-- This site is optimized with the Yoast SEO Premium plugin v27.5 (Yoast SEO v27.5) - https:\/\/yoast.com\/product\/yoast-seo-premium-wordpress\/ -->\n<title>Home of the Fermentis Academy - Fermentis<\/title>\n<meta name=\"robots\" content=\"index, follow, max-snippet:-1, max-image-preview:large, max-video-preview:-1\" \/>\n<link rel=\"canonical\" href=\"https:\/\/fermentis.com\/fr\/fermentis-academy\/home-of-the-fermentis-academy\/\" \/>\n<meta property=\"og:locale\" content=\"fr_FR\" \/>\n<meta property=\"og:type\" content=\"article\" \/>\n<meta property=\"og:title\" content=\"Home of the Fermentis Academy\" \/>\n<meta property=\"og:url\" content=\"https:\/\/fermentis.com\/fr\/fermentis-academy\/home-of-the-fermentis-academy\/\" \/>\n<meta property=\"og:site_name\" content=\"Fermentis\" \/>\n<meta property=\"article:publisher\" content=\"https:\/\/www.facebook.com\/Fermentis\" \/>\n<meta property=\"article:modified_time\" content=\"2020-10-15T09:59:57+00:00\" \/>\n<meta property=\"og:image\" content=\"https:\/\/fermentis.com\/wp-content\/uploads\/2021\/07\/website-v2.png\" \/>\n\t<meta property=\"og:image:width\" content=\"1903\" \/>\n\t<meta property=\"og:image:height\" content=\"901\" \/>\n\t<meta property=\"og:image:type\" content=\"image\/png\" \/>\n<meta name=\"twitter:card\" content=\"summary_large_image\" \/>\n<meta name=\"twitter:site\" content=\"@fermentis\" \/>\n<meta name=\"twitter:label1\" content=\"Dur\u00e9e de lecture estim\u00e9e\" \/>\n\t<meta name=\"twitter:data1\" content=\"3 minutes\" \/>\n<script type=\"application\/ld+json\" class=\"yoast-schema-graph\">{\"@context\":\"https:\\\/\\\/schema.org\",\"@graph\":[{\"@type\":\"WebPage\",\"@id\":\"https:\\\/\\\/fermentis.com\\\/fr\\\/fermentis-academy\\\/home-of-the-fermentis-academy\\\/\",\"url\":\"https:\\\/\\\/fermentis.com\\\/fr\\\/fermentis-academy\\\/home-of-the-fermentis-academy\\\/\",\"name\":\"Home of the Fermentis Academy - Fermentis\",\"isPartOf\":{\"@id\":\"https:\\\/\\\/fermentis.com\\\/fr\\\/#website\"},\"datePublished\":\"2020-03-23T23:00:00+00:00\",\"dateModified\":\"2020-10-15T09:59:57+00:00\",\"breadcrumb\":{\"@id\":\"https:\\\/\\\/fermentis.com\\\/fr\\\/fermentis-academy\\\/home-of-the-fermentis-academy\\\/#breadcrumb\"},\"inLanguage\":\"fr-FR\",\"potentialAction\":[{\"@type\":\"ReadAction\",\"target\":[\"https:\\\/\\\/fermentis.com\\\/fr\\\/fermentis-academy\\\/home-of-the-fermentis-academy\\\/\"]}]},{\"@type\":\"BreadcrumbList\",\"@id\":\"https:\\\/\\\/fermentis.com\\\/fr\\\/fermentis-academy\\\/home-of-the-fermentis-academy\\\/#breadcrumb\",\"itemListElement\":[{\"@type\":\"ListItem\",\"position\":1,\"name\":\"Home\",\"item\":\"https:\\\/\\\/fermentis.com\\\/fr\\\/\"},{\"@type\":\"ListItem\",\"position\":2,\"name\":\"Fermentis Academy\",\"item\":\"https:\\\/\\\/fermentis.com\\\/fr\\\/fermentis-academy\\\/\"},{\"@type\":\"ListItem\",\"position\":3,\"name\":\"Home of the Fermentis Academy\"}]},{\"@type\":\"WebSite\",\"@id\":\"https:\\\/\\\/fermentis.com\\\/fr\\\/#website\",\"url\":\"https:\\\/\\\/fermentis.com\\\/fr\\\/\",\"name\":\"Fermentis\",\"description\":\"Un site utilisant WordPress\",\"publisher\":{\"@id\":\"https:\\\/\\\/fermentis.com\\\/fr\\\/#organization\"},\"potentialAction\":[{\"@type\":\"SearchAction\",\"target\":{\"@type\":\"EntryPoint\",\"urlTemplate\":\"https:\\\/\\\/fermentis.com\\\/fr\\\/?s={search_term_string}\"},\"query-input\":{\"@type\":\"PropertyValueSpecification\",\"valueRequired\":true,\"valueName\":\"search_term_string\"}}],\"inLanguage\":\"fr-FR\"},{\"@type\":\"Organization\",\"@id\":\"https:\\\/\\\/fermentis.com\\\/fr\\\/#organization\",\"name\":\"Fermentis\",\"url\":\"https:\\\/\\\/fermentis.com\\\/fr\\\/\",\"logo\":{\"@type\":\"ImageObject\",\"inLanguage\":\"fr-FR\",\"@id\":\"https:\\\/\\\/fermentis.com\\\/fr\\\/#\\\/schema\\\/logo\\\/image\\\/\",\"url\":\"https:\\\/\\\/fermentis.com\\\/wp-content\\\/uploads\\\/2021\\\/07\\\/Logo-Fermentis-5.png\",\"contentUrl\":\"https:\\\/\\\/fermentis.com\\\/wp-content\\\/uploads\\\/2021\\\/07\\\/Logo-Fermentis-5.png\",\"width\":308,\"height\":95,\"caption\":\"Fermentis\"},\"image\":{\"@id\":\"https:\\\/\\\/fermentis.com\\\/fr\\\/#\\\/schema\\\/logo\\\/image\\\/\"},\"sameAs\":[\"https:\\\/\\\/www.facebook.com\\\/Fermentis\",\"https:\\\/\\\/x.com\\\/fermentis\",\"https:\\\/\\\/www.instagram.com\\\/fermentisbylesaffre\\\/\",\"https:\\\/\\\/www.linkedin.com\\\/company\\\/fermentis\\\/\",\"https:\\\/\\\/www.youtube.com\\\/channel\\\/UCt_Lp3IZnUNXZeqSi6iiAdA\"]}]}<\/script>\n<!-- \/ Yoast SEO Premium plugin. -->","yoast_head_json":{"title":"Home of the Fermentis Academy - Fermentis","robots":{"index":"index","follow":"follow","max-snippet":"max-snippet:-1","max-image-preview":"max-image-preview:large","max-video-preview":"max-video-preview:-1"},"canonical":"https:\/\/fermentis.com\/fr\/fermentis-academy\/home-of-the-fermentis-academy\/","og_locale":"fr_FR","og_type":"article","og_title":"Home of the Fermentis Academy","og_url":"https:\/\/fermentis.com\/fr\/fermentis-academy\/home-of-the-fermentis-academy\/","og_site_name":"Fermentis","article_publisher":"https:\/\/www.facebook.com\/Fermentis","article_modified_time":"2020-10-15T09:59:57+00:00","og_image":[{"width":1903,"height":901,"url":"https:\/\/fermentis.com\/wp-content\/uploads\/2021\/07\/website-v2.png","type":"image\/png"}],"twitter_card":"summary_large_image","twitter_site":"@fermentis","twitter_misc":{"Dur\u00e9e de lecture estim\u00e9e":"3 minutes"},"schema":{"@context":"https:\/\/schema.org","@graph":[{"@type":"WebPage","@id":"https:\/\/fermentis.com\/fr\/fermentis-academy\/home-of-the-fermentis-academy\/","url":"https:\/\/fermentis.com\/fr\/fermentis-academy\/home-of-the-fermentis-academy\/","name":"Home of the Fermentis Academy - Fermentis","isPartOf":{"@id":"https:\/\/fermentis.com\/fr\/#website"},"datePublished":"2020-03-23T23:00:00+00:00","dateModified":"2020-10-15T09:59:57+00:00","breadcrumb":{"@id":"https:\/\/fermentis.com\/fr\/fermentis-academy\/home-of-the-fermentis-academy\/#breadcrumb"},"inLanguage":"fr-FR","potentialAction":[{"@type":"ReadAction","target":["https:\/\/fermentis.com\/fr\/fermentis-academy\/home-of-the-fermentis-academy\/"]}]},{"@type":"BreadcrumbList","@id":"https:\/\/fermentis.com\/fr\/fermentis-academy\/home-of-the-fermentis-academy\/#breadcrumb","itemListElement":[{"@type":"ListItem","position":1,"name":"Home","item":"https:\/\/fermentis.com\/fr\/"},{"@type":"ListItem","position":2,"name":"Fermentis Academy","item":"https:\/\/fermentis.com\/fr\/fermentis-academy\/"},{"@type":"ListItem","position":3,"name":"Home of the Fermentis Academy"}]},{"@type":"WebSite","@id":"https:\/\/fermentis.com\/fr\/#website","url":"https:\/\/fermentis.com\/fr\/","name":"Fermentis","description":"Un site utilisant WordPress","publisher":{"@id":"https:\/\/fermentis.com\/fr\/#organization"},"potentialAction":[{"@type":"SearchAction","target":{"@type":"EntryPoint","urlTemplate":"https:\/\/fermentis.com\/fr\/?s={search_term_string}"},"query-input":{"@type":"PropertyValueSpecification","valueRequired":true,"valueName":"search_term_string"}}],"inLanguage":"fr-FR"},{"@type":"Organization","@id":"https:\/\/fermentis.com\/fr\/#organization","name":"Fermentis","url":"https:\/\/fermentis.com\/fr\/","logo":{"@type":"ImageObject","inLanguage":"fr-FR","@id":"https:\/\/fermentis.com\/fr\/#\/schema\/logo\/image\/","url":"https:\/\/fermentis.com\/wp-content\/uploads\/2021\/07\/Logo-Fermentis-5.png","contentUrl":"https:\/\/fermentis.com\/wp-content\/uploads\/2021\/07\/Logo-Fermentis-5.png","width":308,"height":95,"caption":"Fermentis"},"image":{"@id":"https:\/\/fermentis.com\/fr\/#\/schema\/logo\/image\/"},"sameAs":["https:\/\/www.facebook.com\/Fermentis","https:\/\/x.com\/fermentis","https:\/\/www.instagram.com\/fermentisbylesaffre\/","https:\/\/www.linkedin.com\/company\/fermentis\/","https:\/\/www.youtube.com\/channel\/UCt_Lp3IZnUNXZeqSi6iiAdA"]}]}},"_links":{"self":[{"href":"https:\/\/fermentis.com\/fr\/wp-json\/wp\/v2\/pages\/27927","targetHints":{"allow":["GET"]}}],"collection":[{"href":"https:\/\/fermentis.com\/fr\/wp-json\/wp\/v2\/pages"}],"about":[{"href":"https:\/\/fermentis.com\/fr\/wp-json\/wp\/v2\/types\/page"}],"author":[{"embeddable":true,"href":"https:\/\/fermentis.com\/fr\/wp-json\/wp\/v2\/users\/2"}],"replies":[{"embeddable":true,"href":"https:\/\/fermentis.com\/fr\/wp-json\/wp\/v2\/comments?post=27927"}],"version-history":[{"count":1,"href":"https:\/\/fermentis.com\/fr\/wp-json\/wp\/v2\/pages\/27927\/revisions"}],"predecessor-version":[{"id":28070,"href":"https:\/\/fermentis.com\/fr\/wp-json\/wp\/v2\/pages\/27927\/revisions\/28070"}],"up":[{"embeddable":true,"href":"https:\/\/fermentis.com\/fr\/wp-json\/wp\/v2\/pages\/27926"}],"wp:attachment":[{"href":"https:\/\/fermentis.com\/fr\/wp-json\/wp\/v2\/media?parent=27927"}],"curies":[{"name":"wp","href":"https:\/\/api.w.org\/{rel}","templated":true}]}}