{"id":27936,"date":"2020-02-14T00:00:00","date_gmt":"2020-02-13T23:00:00","guid":{"rendered":"http:\/\/fermentis.com\/mentions-legales\/"},"modified":"2026-04-03T12:00:41","modified_gmt":"2026-04-03T10:00:41","slug":"legal-statement","status":"publish","type":"page","link":"https:\/\/fermentis.com\/fr\/legal-statement\/","title":{"rendered":"Mention l\u00e9gale"},"content":{"rendered":"\n  <div class=\"banner has-hover has-parallax\" id=\"banner-21644324\">\n          <div class=\"banner-inner fill\">\n        <div class=\"banner-bg fill\" data-parallax=\"-4\" data-parallax-container=\".banner\" data-parallax-background>\n            <img loading=\"lazy\" decoding=\"async\" width=\"1000\" height=\"667\" src=\"https:\/\/fermentis.com\/wp-content\/uploads\/2020\/02\/flatsomebilder-5-of-10.jpg\" class=\"bg attachment-large size-large\" alt=\"\" \/>                        <div class=\"overlay\"><\/div>            \n                    <\/div>\n\t\t\n        <div class=\"banner-layers container\">\n            <div class=\"fill banner-link\"><\/div>            \n        <\/div>\n      <\/div>\n\n            \n<style>\n#banner-21644324 {\n  padding-top: 150px;\n}\n#banner-21644324 .overlay {\n  background-color: rgba(0, 0, 0, 0.69);\n}\n#banner-21644324 .banner-bg img {\n  object-position: 49% 50%;\n}\n<\/style>\n  <\/div>\n\n\n\n\t<section class=\"section\" id=\"section_1217239755\">\n\t\t<div class=\"section-bg fill\" >\n\t\t\t\t\t\t\t\t\t\n\t\t\t\n\n\t\t<\/div>\n\n\t\t\n\n\t\t<div class=\"section-content relative\">\n\t\t\t\n\t<div id=\"gap-642945667\" class=\"gap-element clearfix\" style=\"display:block; height:auto;\">\n\t\t\n<style>\n#gap-642945667 {\n  padding-top: 50px;\n}\n<\/style>\n\t<\/div>\n\t\n<div class=\"row align-center\"  id=\"row-1090679684\">\n\n\t<div id=\"col-1039056714\" class=\"col medium-4 small-10 large-4\"  >\n\t\t\t\t<div class=\"col-inner\"  >\n\t\t\t\n\t\t\t\n<p><br data-source=\"\n\n\"><\/p>\n<h1><span style=\"font-size: 150%\">Mention l\u00e9gale<\/span><\/h1>\n<p><br data-source=\"\n\"><\/p>\n<p><span style=\"font-size: 90%\">Informations l\u00e9gales sur le site Fermentis et son contenu.<\/span><\/p>\n<p><br data-source=\"\n\n\"><\/p>\n\t\t<\/div>\n\t\t\t\t\n<style>\n#col-1039056714 > .col-inner {\n  padding: 0px 40px 0px 0px;\n}\n<\/style>\n\t<\/div>\n\n\t\n\n\t<div id=\"col-934585332\" class=\"col medium-8 small-10 large-8\"  >\n\t\t\t\t<div class=\"col-inner\"  >\n\t\t\t\n\t\t\t\n<p><br data-source=\"\n\n\"><\/p>\n<p>Directeur de la publication : Mme J. GALLERAND<\/p>\n<p><br data-source=\"\n\"><\/p>\n<p><strong>Avis de non-responsabilit\u00e9 et exclusion de responsabilit\u00e9<\/strong><br \/>Toutes les informations donn\u00e9es dans ce site sont donn\u00e9es \u00e0 titre indicatif et n&#039;ont pas de valeur contractuelle. Fermentis s&#039;efforce de mettre \u00e0 jour son site r\u00e9guli\u00e8rement. N\u00e9anmoins, Fermentis ne garantit pas que les fonctionnalit\u00e9s du site seront toujours exemptes d&#039;erreurs, ni que le site ou son serveur d&#039;acc\u00e8s seront exempts de virus ou de tout autre composant dangereux.<\/p>\n<p><br data-source=\"\n\"><\/p>\n<p><strong>Clause de non-responsabilit\u00e9 concernant les liens<\/strong><br \/>Les liens pr\u00e9sents sur <a href=\"http:\/\/www.fermentis.com\/\">www.fermentis.com<\/a> ne sont en aucun cas sous la responsabilit\u00e9 ou le contr\u00f4le de fermentis. Un lien ne constitue pas une approbation du contenu \u00e9ditorial du site ni de ses conditions d&#039;acc\u00e8s.<\/p>\n<p><br data-source=\"\n\"><\/p>\n<p><strong>Droits d&#039;auteur<\/strong><br \/>Vous devez supposer que tout ce que vous voyez ou lisez sur le site Web est prot\u00e9g\u00e9 par le droit d&#039;auteur, sauf indication contraire, et ne peut \u00eatre utilis\u00e9 que comme pr\u00e9vu dans les pr\u00e9sentes conditions g\u00e9n\u00e9rales ou dans le texte du site Web sans l&#039;autorisation \u00e9crite de Lesaffre. Lesaffre ne garantit ni ne d\u00e9clare que votre utilisation des \u00e9l\u00e9ments affich\u00e9s sur le site Web ne portera pas atteinte aux droits de tiers non d\u00e9tenus ou affili\u00e9s \u00e0 Lesaffre. Les images, photographies ou illustrations affich\u00e9es sur le site Web sont la propri\u00e9t\u00e9 de Lesaffre ou sont utilis\u00e9es avec l&#039;autorisation de Lesaffre. L&#039;utilisation de ces documents par vous, ou par toute autre personne autoris\u00e9e par vous, est interdite, sauf autorisation expresse des pr\u00e9sentes Conditions g\u00e9n\u00e9rales ou autorisation sp\u00e9cifique fournie ailleurs sur le site Web. Toute utilisation non autoris\u00e9e des images peut violer les lois sur le droit d&#039;auteur, les lois sur les marques, les lois sur la confidentialit\u00e9 et la publicit\u00e9, ainsi que les r\u00e9glementations et statuts en mati\u00e8re de communication. Les autorisations d&#039;exposition sont \u00e0 demander par mail \u00e0 fermentis@lesaffre.fr<\/p>\n<p><br data-source=\"\n\"><\/p>\n<p><strong>Marques d\u00e9pos\u00e9es<\/strong><br \/>Les marques commerciales, logos et marques de service (collectivement les \u00ab Marques \u00bb) affich\u00e9s sur ce site Web sont des marques d\u00e9pos\u00e9es et non d\u00e9pos\u00e9es de Lesaffre ou de ses soci\u00e9t\u00e9s affili\u00e9es. Rien de ce qui figure sur le site ne doit \u00eatre interpr\u00e9t\u00e9 comme accordant, par implication, pr\u00e9clusion ou autrement, une licence ou un droit d&#039;utilisation d&#039;une marque d\u00e9pos\u00e9e affich\u00e9e sur ce site Web sans l&#039;autorisation \u00e9crite de Lesaffre ou de ses soci\u00e9t\u00e9s affili\u00e9es ou d&#039;un tiers pouvant \u00eatre propri\u00e9taire de la marque d\u00e9pos\u00e9e affich\u00e9e sur le site. Votre utilisation abusive des marques d\u00e9pos\u00e9es affich\u00e9es sur le site, ou de tout autre contenu du site, sauf dans les cas pr\u00e9vus aux pr\u00e9sentes, est strictement interdite.<\/p>\n<p><br data-source=\"\n\"><\/p>\n<p><strong>Disponibilit\u00e9 du site<\/strong><br \/>Nous nous occupons de maintenir ce site disponible. L&#039;acc\u00e8s au site peut \u00eatre indisponible ou r\u00e9sili\u00e9 \u00e0 tout moment pour des raisons de mise \u00e0 jour ou pour toute autre raison technique. Fermentis n&#039;est en aucun cas responsable de ces interruptions et de toute r\u00e9clamation ou dommage d\u00e9coulant directement ou indirectement de celles-ci.<\/p>\n<p><br data-source=\"\n\"><\/p>\n<p><strong>Avertissement<\/strong><br \/>Nous vous rappelons qu&#039;Internet est accessible \u00e0 tous. Chaque fois que vous communiquez volontairement des informations personnelles, vous le faites \u00e0 vos propres risques. Les donn\u00e9es personnelles sont susceptibles d\u2019\u00eatre intercept\u00e9es par d\u2019autres personnes.<\/p>\n<p><br data-source=\"\n\"><\/p>\n<p>\u00a0<\/p>\n<p><br data-source=\"\n\"><\/p>\n<p><strong>Confidentialit\u00e9<\/strong><br \/>Les informations re\u00e7ues via ce site Web seront conserv\u00e9es en toute s\u00e9curit\u00e9 par Fermentis. Conform\u00e9ment \u00e0 la loi fran\u00e7aise n\u00b0 78-17 du 6 janvier 1978, relative \u00e0 l&#039;informatique, aux fichiers et aux libert\u00e9s, tout visiteur d\u00e9posant des informations directement ou indirectement nominatives peut demander la communication, la modification ou la suppression des donn\u00e9es personnelles le concernant \u00e0 l&#039;administrateur du service. Pour ce faire, l\u2019utilisateur devra adresser sa demande \u00e0 FERMENTIS \u2013 site internet \u2013 137, rue Gabriel P\u00e9ri \u2013 BP 3069 \u2013 59703 Marcq-en-Baroeul Cedex \u2013 France<\/p>\n<p><br data-source=\"\n\"><\/p>\n<p>Fermentis informe les utilisateurs que les informations personnelles recueillies via le site sont \u00e0 usage d&#039;information et de communication et ne seront en aucun cas communiqu\u00e9es \u00e0 des partenaires commerciaux.<\/p>\n<p><br data-source=\"\n\n\"><\/p>\n\t\t<\/div>\n\t\t\t\t\t<\/div>\n\n\t\n<\/div>\n<div class=\"row align-center\"  id=\"row-1462664723\">\n\n\t<div id=\"col-1708648257\" class=\"col medium-4 small-10 large-4\"  >\n\t\t\t\t<div class=\"col-inner\"  >\n\t\t\t\n\t\t\t\n<p><br data-source=\"\n\n\"><\/p>\n<h1><span style=\"font-size: 150%\">Conception et d\u00e9veloppement de sites Web<\/span><\/h1>\n<p><br data-source=\"\n\n\"><\/p>\n\t\t<\/div>\n\t\t\t\t\n<style>\n#col-1708648257 > .col-inner {\n  padding: 0px 40px 0px 0px;\n}\n<\/style>\n\t<\/div>\n\n\t\n\n\t<div id=\"col-694924362\" class=\"col medium-8 small-10 large-8\"  >\n\t\t\t\t<div class=\"col-inner\"  >\n\t\t\t\n\t\t\t\n<p><br data-source=\"\n\n\"><\/p>\n<p><strong>Site web con\u00e7u et d\u00e9velopp\u00e9 par Fermentis by Lesaffre<\/strong><br \/>280, avenue de la Marne<br \/>59700 Marcq en Bar\u0153ul, FRANCE<\/p>\n<p><br data-source=\"\n\"><\/p>\n<p><strong>Avec l&#039;aide d&#039;OVM Communication<\/strong><br \/>Communication OVM<br \/>9, Avenue du Colonel Driant<br \/>59130 LAMBERSART<br \/>T : +33 (0)6 27 78 30 21<\/p>\n<p><br data-source=\"\n\"><\/p>\n<p>Site internet : <a href=\"https:\/\/ovm-communication.fr\/\" target=\"_blank\" rel=\"noopener noreferrer\">ovm-communication.fr<\/a><\/p>\n<p><br data-source=\"\n\n\"><\/p>\n\t\t<\/div>\n\t\t\t\t\t<\/div>\n\n\t\n<\/div>\n\t\t<\/div>\n\n\t\t\n<style>\n#section_1217239755 {\n  padding-top: 20px;\n  padding-bottom: 20px;\n}\n<\/style>\n\t<\/section>\n\t\n","protected":false},"excerpt":{"rendered":"","protected":false},"author":2,"featured_media":0,"parent":0,"menu_order":0,"comment_status":"closed","ping_status":"closed","template":"page-blank.php","meta":{"_acf_changed":false,"footnotes":""},"class_list":["post-27936","page","type-page","status-publish","hentry"],"acf":[],"yoast_head":"<!-- This site is optimized with the Yoast SEO Premium plugin v27.3 (Yoast SEO v27.4) - https:\/\/yoast.com\/product\/yoast-seo-premium-wordpress\/ -->\n<title>Mention l\u00e9gale - Fermentis<\/title>\n<meta name=\"robots\" content=\"index, follow, max-snippet:-1, max-image-preview:large, max-video-preview:-1\" \/>\n<link rel=\"canonical\" href=\"https:\/\/fermentis.com\/fr\/legal-statement\/\" \/>\n<meta property=\"og:locale\" content=\"fr_FR\" \/>\n<meta property=\"og:type\" content=\"article\" \/>\n<meta property=\"og:title\" content=\"Mention l\u00e9gale\" \/>\n<meta property=\"og:url\" content=\"https:\/\/fermentis.com\/fr\/legal-statement\/\" \/>\n<meta property=\"og:site_name\" content=\"Fermentis\" \/>\n<meta property=\"article:publisher\" content=\"https:\/\/www.facebook.com\/Fermentis\" \/>\n<meta property=\"article:modified_time\" content=\"2026-04-03T10:00:41+00:00\" \/>\n<meta property=\"og:image\" content=\"https:\/\/fermentis.com\/wp-content\/uploads\/2021\/07\/website-v2.png\" \/>\n\t<meta property=\"og:image:width\" content=\"1903\" \/>\n\t<meta property=\"og:image:height\" content=\"901\" \/>\n\t<meta property=\"og:image:type\" content=\"image\/png\" \/>\n<meta name=\"twitter:card\" content=\"summary_large_image\" \/>\n<meta name=\"twitter:site\" content=\"@fermentis\" \/>\n<meta name=\"twitter:label1\" content=\"Dur\u00e9e de lecture estim\u00e9e\" \/>\n\t<meta name=\"twitter:data1\" content=\"4 minutes\" \/>\n<script type=\"application\/ld+json\" class=\"yoast-schema-graph\">{\"@context\":\"https:\\\/\\\/schema.org\",\"@graph\":[{\"@type\":\"WebPage\",\"@id\":\"https:\\\/\\\/fermentis.com\\\/fr\\\/legal-statement\\\/\",\"url\":\"https:\\\/\\\/fermentis.com\\\/fr\\\/legal-statement\\\/\",\"name\":\"Mention l\u00e9gale - Fermentis\",\"isPartOf\":{\"@id\":\"https:\\\/\\\/fermentis.com\\\/fr\\\/#website\"},\"datePublished\":\"2020-02-13T23:00:00+00:00\",\"dateModified\":\"2026-04-03T10:00:41+00:00\",\"breadcrumb\":{\"@id\":\"https:\\\/\\\/fermentis.com\\\/fr\\\/legal-statement\\\/#breadcrumb\"},\"inLanguage\":\"fr-FR\",\"potentialAction\":[{\"@type\":\"ReadAction\",\"target\":[\"https:\\\/\\\/fermentis.com\\\/fr\\\/legal-statement\\\/\"]}]},{\"@type\":\"BreadcrumbList\",\"@id\":\"https:\\\/\\\/fermentis.com\\\/fr\\\/legal-statement\\\/#breadcrumb\",\"itemListElement\":[{\"@type\":\"ListItem\",\"position\":1,\"name\":\"Home\",\"item\":\"https:\\\/\\\/fermentis.com\\\/fr\\\/\"},{\"@type\":\"ListItem\",\"position\":2,\"name\":\"Mention l\u00e9gale\"}]},{\"@type\":\"WebSite\",\"@id\":\"https:\\\/\\\/fermentis.com\\\/fr\\\/#website\",\"url\":\"https:\\\/\\\/fermentis.com\\\/fr\\\/\",\"name\":\"Fermentis\",\"description\":\"Un site utilisant WordPress\",\"publisher\":{\"@id\":\"https:\\\/\\\/fermentis.com\\\/fr\\\/#organization\"},\"potentialAction\":[{\"@type\":\"SearchAction\",\"target\":{\"@type\":\"EntryPoint\",\"urlTemplate\":\"https:\\\/\\\/fermentis.com\\\/fr\\\/?s={search_term_string}\"},\"query-input\":{\"@type\":\"PropertyValueSpecification\",\"valueRequired\":true,\"valueName\":\"search_term_string\"}}],\"inLanguage\":\"fr-FR\"},{\"@type\":\"Organization\",\"@id\":\"https:\\\/\\\/fermentis.com\\\/fr\\\/#organization\",\"name\":\"Fermentis\",\"url\":\"https:\\\/\\\/fermentis.com\\\/fr\\\/\",\"logo\":{\"@type\":\"ImageObject\",\"inLanguage\":\"fr-FR\",\"@id\":\"https:\\\/\\\/fermentis.com\\\/fr\\\/#\\\/schema\\\/logo\\\/image\\\/\",\"url\":\"https:\\\/\\\/fermentis.com\\\/wp-content\\\/uploads\\\/2021\\\/07\\\/Logo-Fermentis-5.png\",\"contentUrl\":\"https:\\\/\\\/fermentis.com\\\/wp-content\\\/uploads\\\/2021\\\/07\\\/Logo-Fermentis-5.png\",\"width\":308,\"height\":95,\"caption\":\"Fermentis\"},\"image\":{\"@id\":\"https:\\\/\\\/fermentis.com\\\/fr\\\/#\\\/schema\\\/logo\\\/image\\\/\"},\"sameAs\":[\"https:\\\/\\\/www.facebook.com\\\/Fermentis\",\"https:\\\/\\\/x.com\\\/fermentis\",\"https:\\\/\\\/www.instagram.com\\\/fermentisbylesaffre\\\/\",\"https:\\\/\\\/www.linkedin.com\\\/company\\\/fermentis\\\/\",\"https:\\\/\\\/www.youtube.com\\\/channel\\\/UCt_Lp3IZnUNXZeqSi6iiAdA\"]}]}<\/script>\n<!-- \/ Yoast SEO Premium plugin. -->","yoast_head_json":{"title":"Mention l\u00e9gale - Fermentis","robots":{"index":"index","follow":"follow","max-snippet":"max-snippet:-1","max-image-preview":"max-image-preview:large","max-video-preview":"max-video-preview:-1"},"canonical":"https:\/\/fermentis.com\/fr\/legal-statement\/","og_locale":"fr_FR","og_type":"article","og_title":"Mention l\u00e9gale","og_url":"https:\/\/fermentis.com\/fr\/legal-statement\/","og_site_name":"Fermentis","article_publisher":"https:\/\/www.facebook.com\/Fermentis","article_modified_time":"2026-04-03T10:00:41+00:00","og_image":[{"width":1903,"height":901,"url":"https:\/\/fermentis.com\/wp-content\/uploads\/2021\/07\/website-v2.png","type":"image\/png"}],"twitter_card":"summary_large_image","twitter_site":"@fermentis","twitter_misc":{"Dur\u00e9e de lecture estim\u00e9e":"4 minutes"},"schema":{"@context":"https:\/\/schema.org","@graph":[{"@type":"WebPage","@id":"https:\/\/fermentis.com\/fr\/legal-statement\/","url":"https:\/\/fermentis.com\/fr\/legal-statement\/","name":"Mention l\u00e9gale - Fermentis","isPartOf":{"@id":"https:\/\/fermentis.com\/fr\/#website"},"datePublished":"2020-02-13T23:00:00+00:00","dateModified":"2026-04-03T10:00:41+00:00","breadcrumb":{"@id":"https:\/\/fermentis.com\/fr\/legal-statement\/#breadcrumb"},"inLanguage":"fr-FR","potentialAction":[{"@type":"ReadAction","target":["https:\/\/fermentis.com\/fr\/legal-statement\/"]}]},{"@type":"BreadcrumbList","@id":"https:\/\/fermentis.com\/fr\/legal-statement\/#breadcrumb","itemListElement":[{"@type":"ListItem","position":1,"name":"Home","item":"https:\/\/fermentis.com\/fr\/"},{"@type":"ListItem","position":2,"name":"Mention l\u00e9gale"}]},{"@type":"WebSite","@id":"https:\/\/fermentis.com\/fr\/#website","url":"https:\/\/fermentis.com\/fr\/","name":"Fermentis","description":"Un site utilisant WordPress","publisher":{"@id":"https:\/\/fermentis.com\/fr\/#organization"},"potentialAction":[{"@type":"SearchAction","target":{"@type":"EntryPoint","urlTemplate":"https:\/\/fermentis.com\/fr\/?s={search_term_string}"},"query-input":{"@type":"PropertyValueSpecification","valueRequired":true,"valueName":"search_term_string"}}],"inLanguage":"fr-FR"},{"@type":"Organization","@id":"https:\/\/fermentis.com\/fr\/#organization","name":"Fermentis","url":"https:\/\/fermentis.com\/fr\/","logo":{"@type":"ImageObject","inLanguage":"fr-FR","@id":"https:\/\/fermentis.com\/fr\/#\/schema\/logo\/image\/","url":"https:\/\/fermentis.com\/wp-content\/uploads\/2021\/07\/Logo-Fermentis-5.png","contentUrl":"https:\/\/fermentis.com\/wp-content\/uploads\/2021\/07\/Logo-Fermentis-5.png","width":308,"height":95,"caption":"Fermentis"},"image":{"@id":"https:\/\/fermentis.com\/fr\/#\/schema\/logo\/image\/"},"sameAs":["https:\/\/www.facebook.com\/Fermentis","https:\/\/x.com\/fermentis","https:\/\/www.instagram.com\/fermentisbylesaffre\/","https:\/\/www.linkedin.com\/company\/fermentis\/","https:\/\/www.youtube.com\/channel\/UCt_Lp3IZnUNXZeqSi6iiAdA"]}]}},"_links":{"self":[{"href":"https:\/\/fermentis.com\/fr\/wp-json\/wp\/v2\/pages\/27936","targetHints":{"allow":["GET"]}}],"collection":[{"href":"https:\/\/fermentis.com\/fr\/wp-json\/wp\/v2\/pages"}],"about":[{"href":"https:\/\/fermentis.com\/fr\/wp-json\/wp\/v2\/types\/page"}],"author":[{"embeddable":true,"href":"https:\/\/fermentis.com\/fr\/wp-json\/wp\/v2\/users\/2"}],"replies":[{"embeddable":true,"href":"https:\/\/fermentis.com\/fr\/wp-json\/wp\/v2\/comments?post=27936"}],"version-history":[{"count":1374,"href":"https:\/\/fermentis.com\/fr\/wp-json\/wp\/v2\/pages\/27936\/revisions"}],"predecessor-version":[{"id":712317,"href":"https:\/\/fermentis.com\/fr\/wp-json\/wp\/v2\/pages\/27936\/revisions\/712317"}],"wp:attachment":[{"href":"https:\/\/fermentis.com\/fr\/wp-json\/wp\/v2\/media?parent=27936"}],"curies":[{"name":"wp","href":"https:\/\/api.w.org\/{rel}","templated":true}]}}