{"id":27945,"date":"2020-03-16T00:00:00","date_gmt":"2020-03-15T23:00:00","guid":{"rendered":"http:\/\/fermentis.com\/point-de-vue-des-experts\/"},"modified":"2026-04-17T16:15:32","modified_gmt":"2026-04-17T14:15:32","slug":"expert-insights","status":"publish","type":"page","link":"https:\/\/fermentis.com\/fr\/knowledge-center\/expert-insights\/","title":{"rendered":"Avis d&#8217;experts"},"content":{"rendered":"\n  <div class=\"banner has-hover\" id=\"banner-653983735\">\n          <div class=\"banner-inner fill\">\n        <div class=\"banner-bg fill\" >\n                                                \n                    <\/div>\n\t\t\n        <div class=\"banner-layers container\">\n            <div class=\"fill banner-link\"><\/div>            \n   <div id=\"text-box-1986755125\" class=\"text-box banner-layer x50 md-x50 lg-x50 y50 md-y50 lg-y50 res-text\">\n                                <div class=\"text-box-content text \">\n              \n              <div class=\"text-inner text-center\">\n                  \n<h1><span style=\"font-size: 80%\"><strong>Avis d&#039;experts<\/strong><\/span><\/h1>\n\t<div id=\"gap-432347527\" class=\"gap-element clearfix\" style=\"display:block; height:auto;\">\n\t\t\n<style>\n#gap-432347527 {\n  padding-top: &quot;15px&quot;;\n}\n<\/style>\n\t<\/div>\n\t\n<p>Levures S\u00e8ches Actives, Bact\u00e9ries, Enzymes&#8230; ce sont des micro-organismes tr\u00e8s int\u00e9ressants, qui n\u00e9cessitent des connaissances avanc\u00e9es afin de ma\u00eetriser toutes leurs complexit\u00e9s. Pour aider nos clients \u00e0 tirer le meilleur parti de nos produits, nous avons toujours voulu partager autant d&#039;informations que possible \u00e0 leur sujet. Nous avons compil\u00e9 certaines de ces informations ici, n&#039;h\u00e9sitez pas \u00e0 parcourir n&#039;importe quel article que vous aimez.<\/p>\n              <\/div>\n           <\/div>\n                            \n<style>\n#text-box-1986755125 {\n  width: 81%;\n}\n#text-box-1986755125 .text-box-content {\n  font-size: 100%;\n}\n<\/style>\n    <\/div>\n \n        <\/div>\n      <\/div>\n\n            \n<style>\n#banner-653983735 {\n  padding-top: 280px;\n  background-color: rgb(255,255,255);\n}\n<\/style>\n  <\/div>\n\n\n\n\t<section class=\"section\" id=\"section_1826816090\">\n\t\t<div class=\"section-bg fill\" >\n\t\t\t\t\t\t\t\t\t\n\t\t\t\n\n\t\t<\/div>\n\n\t\t\n\n\t\t<div class=\"section-content relative\">\n\t\t\t\n<div class=\"row\"  id=\"row-2005595616\">\n\n\t<div id=\"col-1711536886\" class=\"col small-12 large-12\"  >\n\t\t\t\t<div class=\"col-inner\"  >\n\t\t\t\n\t\t\t\n\n\t\t<div class=\"tabbed-content\">\n\t\t\t\n\t\t\t<ul class=\"nav nav-tabs nav-uppercase nav-size-normal nav-left\" role=\"tablist\"><li id=\"tab-bi\u00e8re-et-brassage\" class=\"tab active has-icon\" role=\"presentation\"><a href=\"#tab_bi\u00e8re-et-brassage\" role=\"tab\" aria-selected=\"true\" aria-controls=\"tab_bi\u00e8re-et-brassage\"><span>Bi\u00e8re et brassage<\/span><\/a><\/li>\n<li id=\"tab-vinification\" class=\"tab has-icon\" role=\"presentation\"><a href=\"#tab_vinification\" tabindex=\"-1\" role=\"tab\" aria-selected=\"false\" aria-controls=\"tab_vinification\"><span>Vinification<\/span><\/a><\/li>\n<li id=\"tab-fabrication-du-cidre\" class=\"tab has-icon\" role=\"presentation\"><a href=\"#tab_fabrication-du-cidre\" tabindex=\"-1\" role=\"tab\" aria-selected=\"false\" aria-controls=\"tab_fabrication-du-cidre\"><span>Fabrication du cidre<\/span><\/a><\/li>\n<li id=\"tab-fabrication-de-spiritueux\" class=\"tab has-icon\" role=\"presentation\"><a href=\"#tab_fabrication-de-spiritueux\" tabindex=\"-1\" role=\"tab\" aria-selected=\"false\" aria-controls=\"tab_fabrication-de-spiritueux\"><span>Fabrication de spiritueux<\/span><\/a><\/li>\n<li id=\"tab-#superioryeast\" class=\"tab has-icon\" role=\"presentation\"><a href=\"#tab_#superioryeast\" tabindex=\"-1\" role=\"tab\" aria-selected=\"false\" aria-controls=\"tab_#superioryeast\"><span>#SuperiorYeast<\/span><\/a><\/li><\/ul><div class=\"tab-panels\"><div id=\"tab_bi\u00e8re-et-brassage\" class=\"panel active entry-content\" role=\"tabpanel\" aria-labelledby=\"tab-bi\u00e8re-et-brassage\">\n<p class=\"lead shortcode-error text-center\">Sorry, no pages was found<\/p>\n  \n    <div class=\"row large-columns-8 medium-columns-3 small-columns-2 has-shadow row-box-shadow-1 row-box-shadow-2-hover\" >\n  <\/div>\n<\/div>\n<div id=\"tab_vinification\" class=\"panel entry-content\" role=\"tabpanel\" aria-labelledby=\"tab-vinification\">\n<p class=\"lead shortcode-error text-center\">Sorry, no pages was found<\/p>\n  \n    <div class=\"row large-columns-8 medium-columns-3 small-columns-2 has-shadow row-box-shadow-1 row-box-shadow-2-hover\" >\n  <\/div>\n<\/div>\n<div id=\"tab_fabrication-du-cidre\" class=\"panel entry-content\" role=\"tabpanel\" aria-labelledby=\"tab-fabrication-du-cidre\">\n<p class=\"lead shortcode-error text-center\">Sorry, no pages was found<\/p>\n  \n    <div class=\"row large-columns-8 medium-columns-3 small-columns-2 has-shadow row-box-shadow-1 row-box-shadow-2-hover\" >\n  <\/div>\n<\/div>\n<div id=\"tab_fabrication-de-spiritueux\" class=\"panel entry-content\" role=\"tabpanel\" aria-labelledby=\"tab-fabrication-de-spiritueux\">\n<p class=\"lead shortcode-error text-center\">Sorry, no pages was found<\/p>\n  \n    <div class=\"row large-columns-8 medium-columns-3 small-columns-2 has-shadow row-box-shadow-1 row-box-shadow-2-hover\" >\n  <\/div>\n<\/div>\n<div id=\"tab_#superioryeast\" class=\"panel entry-content\" role=\"tabpanel\" aria-labelledby=\"tab-#superioryeast\">\n<p class=\"lead shortcode-error text-center\">Sorry, no pages was found<\/p>\n  \n    <div class=\"row large-columns-8 medium-columns-3 small-columns-2 has-shadow row-box-shadow-1 row-box-shadow-2-hover\" >\n  <\/div>\n<\/div><\/div><\/div>\n\t\t<\/div>\n\t\t\t\t\t<\/div>\n\n\t\n<\/div>\n\t\t<\/div>\n\n\t\t\n<style>\n#section_1826816090 {\n  padding-top: 30px;\n  padding-bottom: 30px;\n}\n<\/style>\n\t<\/section>\n\t\n","protected":false},"excerpt":{"rendered":"","protected":false},"author":2,"featured_media":0,"parent":27946,"menu_order":0,"comment_status":"closed","ping_status":"open","template":"page-blank.php","meta":{"_acf_changed":false,"footnotes":""},"class_list":["post-27945","page","type-page","status-publish","hentry"],"acf":[],"yoast_head":"<!-- This site is optimized with the Yoast SEO Premium plugin v27.4 (Yoast SEO v27.4) - https:\/\/yoast.com\/product\/yoast-seo-premium-wordpress\/ -->\n<title>Avis d&#039;experts - Fermentis<\/title>\n<meta name=\"description\" content=\"Les conseils d&#039;experts sont destin\u00e9s \u00e0 vous permettre d&#039;obtenir les connaissances avanc\u00e9es de nos experts et de pouvoir choisir le bon produit pour votre boisson ferment\u00e9e.\" \/>\n<meta name=\"robots\" content=\"index, follow, max-snippet:-1, max-image-preview:large, max-video-preview:-1\" \/>\n<link rel=\"canonical\" href=\"https:\/\/fermentis.com\/fr\/knowledge-center\/expert-insights\/\" \/>\n<meta property=\"og:locale\" content=\"fr_FR\" \/>\n<meta property=\"og:type\" content=\"article\" \/>\n<meta property=\"og:title\" content=\"Avis d&#039;experts\" \/>\n<meta property=\"og:description\" content=\"Les conseils d&#039;experts sont destin\u00e9s \u00e0 vous permettre d&#039;obtenir les connaissances avanc\u00e9es de nos experts et de pouvoir choisir le bon produit pour votre boisson ferment\u00e9e.\" \/>\n<meta property=\"og:url\" content=\"https:\/\/fermentis.com\/fr\/knowledge-center\/expert-insights\/\" \/>\n<meta property=\"og:site_name\" content=\"Fermentis\" \/>\n<meta property=\"article:publisher\" content=\"https:\/\/www.facebook.com\/Fermentis\" \/>\n<meta property=\"article:modified_time\" content=\"2026-04-17T14:15:32+00:00\" \/>\n<meta property=\"og:image\" content=\"https:\/\/fermentis.com\/wp-content\/uploads\/2021\/07\/website-v2.png\" \/>\n\t<meta property=\"og:image:width\" content=\"1903\" \/>\n\t<meta property=\"og:image:height\" content=\"901\" \/>\n\t<meta property=\"og:image:type\" content=\"image\/png\" \/>\n<meta name=\"twitter:card\" content=\"summary_large_image\" \/>\n<meta name=\"twitter:site\" content=\"@fermentis\" \/>\n<meta name=\"twitter:label1\" content=\"Dur\u00e9e de lecture estim\u00e9e\" \/>\n\t<meta name=\"twitter:data1\" content=\"1 minute\" \/>\n<script type=\"application\/ld+json\" class=\"yoast-schema-graph\">{\"@context\":\"https:\\\/\\\/schema.org\",\"@graph\":[{\"@type\":\"WebPage\",\"@id\":\"https:\\\/\\\/fermentis.com\\\/fr\\\/knowledge-center\\\/expert-insights\\\/\",\"url\":\"https:\\\/\\\/fermentis.com\\\/fr\\\/knowledge-center\\\/expert-insights\\\/\",\"name\":\"Avis d'experts - Fermentis\",\"isPartOf\":{\"@id\":\"https:\\\/\\\/fermentis.com\\\/fr\\\/#website\"},\"datePublished\":\"2020-03-15T23:00:00+00:00\",\"dateModified\":\"2026-04-17T14:15:32+00:00\",\"description\":\"Les conseils d'experts sont destin\u00e9s \u00e0 vous permettre d'obtenir les connaissances avanc\u00e9es de nos experts et de pouvoir choisir le bon produit pour votre boisson ferment\u00e9e.\",\"breadcrumb\":{\"@id\":\"https:\\\/\\\/fermentis.com\\\/fr\\\/knowledge-center\\\/expert-insights\\\/#breadcrumb\"},\"inLanguage\":\"fr-FR\",\"potentialAction\":[{\"@type\":\"ReadAction\",\"target\":[\"https:\\\/\\\/fermentis.com\\\/fr\\\/knowledge-center\\\/expert-insights\\\/\"]}]},{\"@type\":\"BreadcrumbList\",\"@id\":\"https:\\\/\\\/fermentis.com\\\/fr\\\/knowledge-center\\\/expert-insights\\\/#breadcrumb\",\"itemListElement\":[{\"@type\":\"ListItem\",\"position\":1,\"name\":\"Home\",\"item\":\"https:\\\/\\\/fermentis.com\\\/fr\\\/\"},{\"@type\":\"ListItem\",\"position\":2,\"name\":\"Centre de connaissances\",\"item\":\"https:\\\/\\\/fermentis.com\\\/fr\\\/knowledge-center\\\/\"},{\"@type\":\"ListItem\",\"position\":3,\"name\":\"Avis d&#8217;experts\"}]},{\"@type\":\"WebSite\",\"@id\":\"https:\\\/\\\/fermentis.com\\\/fr\\\/#website\",\"url\":\"https:\\\/\\\/fermentis.com\\\/fr\\\/\",\"name\":\"Fermentis\",\"description\":\"Un site utilisant WordPress\",\"publisher\":{\"@id\":\"https:\\\/\\\/fermentis.com\\\/fr\\\/#organization\"},\"potentialAction\":[{\"@type\":\"SearchAction\",\"target\":{\"@type\":\"EntryPoint\",\"urlTemplate\":\"https:\\\/\\\/fermentis.com\\\/fr\\\/?s={search_term_string}\"},\"query-input\":{\"@type\":\"PropertyValueSpecification\",\"valueRequired\":true,\"valueName\":\"search_term_string\"}}],\"inLanguage\":\"fr-FR\"},{\"@type\":\"Organization\",\"@id\":\"https:\\\/\\\/fermentis.com\\\/fr\\\/#organization\",\"name\":\"Fermentis\",\"url\":\"https:\\\/\\\/fermentis.com\\\/fr\\\/\",\"logo\":{\"@type\":\"ImageObject\",\"inLanguage\":\"fr-FR\",\"@id\":\"https:\\\/\\\/fermentis.com\\\/fr\\\/#\\\/schema\\\/logo\\\/image\\\/\",\"url\":\"https:\\\/\\\/fermentis.com\\\/wp-content\\\/uploads\\\/2021\\\/07\\\/Logo-Fermentis-5.png\",\"contentUrl\":\"https:\\\/\\\/fermentis.com\\\/wp-content\\\/uploads\\\/2021\\\/07\\\/Logo-Fermentis-5.png\",\"width\":308,\"height\":95,\"caption\":\"Fermentis\"},\"image\":{\"@id\":\"https:\\\/\\\/fermentis.com\\\/fr\\\/#\\\/schema\\\/logo\\\/image\\\/\"},\"sameAs\":[\"https:\\\/\\\/www.facebook.com\\\/Fermentis\",\"https:\\\/\\\/x.com\\\/fermentis\",\"https:\\\/\\\/www.instagram.com\\\/fermentisbylesaffre\\\/\",\"https:\\\/\\\/www.linkedin.com\\\/company\\\/fermentis\\\/\",\"https:\\\/\\\/www.youtube.com\\\/channel\\\/UCt_Lp3IZnUNXZeqSi6iiAdA\"]}]}<\/script>\n<!-- \/ Yoast SEO Premium plugin. -->","yoast_head_json":{"title":"Avis d'experts - Fermentis","description":"Les conseils d'experts sont destin\u00e9s \u00e0 vous permettre d'obtenir les connaissances avanc\u00e9es de nos experts et de pouvoir choisir le bon produit pour votre boisson ferment\u00e9e.","robots":{"index":"index","follow":"follow","max-snippet":"max-snippet:-1","max-image-preview":"max-image-preview:large","max-video-preview":"max-video-preview:-1"},"canonical":"https:\/\/fermentis.com\/fr\/knowledge-center\/expert-insights\/","og_locale":"fr_FR","og_type":"article","og_title":"Avis d'experts","og_description":"Les conseils d'experts sont destin\u00e9s \u00e0 vous permettre d'obtenir les connaissances avanc\u00e9es de nos experts et de pouvoir choisir le bon produit pour votre boisson ferment\u00e9e.","og_url":"https:\/\/fermentis.com\/fr\/knowledge-center\/expert-insights\/","og_site_name":"Fermentis","article_publisher":"https:\/\/www.facebook.com\/Fermentis","article_modified_time":"2026-04-17T14:15:32+00:00","og_image":[{"width":1903,"height":901,"url":"https:\/\/fermentis.com\/wp-content\/uploads\/2021\/07\/website-v2.png","type":"image\/png"}],"twitter_card":"summary_large_image","twitter_site":"@fermentis","twitter_misc":{"Dur\u00e9e de lecture estim\u00e9e":"1 minute"},"schema":{"@context":"https:\/\/schema.org","@graph":[{"@type":"WebPage","@id":"https:\/\/fermentis.com\/fr\/knowledge-center\/expert-insights\/","url":"https:\/\/fermentis.com\/fr\/knowledge-center\/expert-insights\/","name":"Avis d'experts - Fermentis","isPartOf":{"@id":"https:\/\/fermentis.com\/fr\/#website"},"datePublished":"2020-03-15T23:00:00+00:00","dateModified":"2026-04-17T14:15:32+00:00","description":"Les conseils d'experts sont destin\u00e9s \u00e0 vous permettre d'obtenir les connaissances avanc\u00e9es de nos experts et de pouvoir choisir le bon produit pour votre boisson ferment\u00e9e.","breadcrumb":{"@id":"https:\/\/fermentis.com\/fr\/knowledge-center\/expert-insights\/#breadcrumb"},"inLanguage":"fr-FR","potentialAction":[{"@type":"ReadAction","target":["https:\/\/fermentis.com\/fr\/knowledge-center\/expert-insights\/"]}]},{"@type":"BreadcrumbList","@id":"https:\/\/fermentis.com\/fr\/knowledge-center\/expert-insights\/#breadcrumb","itemListElement":[{"@type":"ListItem","position":1,"name":"Home","item":"https:\/\/fermentis.com\/fr\/"},{"@type":"ListItem","position":2,"name":"Centre de connaissances","item":"https:\/\/fermentis.com\/fr\/knowledge-center\/"},{"@type":"ListItem","position":3,"name":"Avis d&#8217;experts"}]},{"@type":"WebSite","@id":"https:\/\/fermentis.com\/fr\/#website","url":"https:\/\/fermentis.com\/fr\/","name":"Fermentis","description":"Un site utilisant WordPress","publisher":{"@id":"https:\/\/fermentis.com\/fr\/#organization"},"potentialAction":[{"@type":"SearchAction","target":{"@type":"EntryPoint","urlTemplate":"https:\/\/fermentis.com\/fr\/?s={search_term_string}"},"query-input":{"@type":"PropertyValueSpecification","valueRequired":true,"valueName":"search_term_string"}}],"inLanguage":"fr-FR"},{"@type":"Organization","@id":"https:\/\/fermentis.com\/fr\/#organization","name":"Fermentis","url":"https:\/\/fermentis.com\/fr\/","logo":{"@type":"ImageObject","inLanguage":"fr-FR","@id":"https:\/\/fermentis.com\/fr\/#\/schema\/logo\/image\/","url":"https:\/\/fermentis.com\/wp-content\/uploads\/2021\/07\/Logo-Fermentis-5.png","contentUrl":"https:\/\/fermentis.com\/wp-content\/uploads\/2021\/07\/Logo-Fermentis-5.png","width":308,"height":95,"caption":"Fermentis"},"image":{"@id":"https:\/\/fermentis.com\/fr\/#\/schema\/logo\/image\/"},"sameAs":["https:\/\/www.facebook.com\/Fermentis","https:\/\/x.com\/fermentis","https:\/\/www.instagram.com\/fermentisbylesaffre\/","https:\/\/www.linkedin.com\/company\/fermentis\/","https:\/\/www.youtube.com\/channel\/UCt_Lp3IZnUNXZeqSi6iiAdA"]}]}},"_links":{"self":[{"href":"https:\/\/fermentis.com\/fr\/wp-json\/wp\/v2\/pages\/27945","targetHints":{"allow":["GET"]}}],"collection":[{"href":"https:\/\/fermentis.com\/fr\/wp-json\/wp\/v2\/pages"}],"about":[{"href":"https:\/\/fermentis.com\/fr\/wp-json\/wp\/v2\/types\/page"}],"author":[{"embeddable":true,"href":"https:\/\/fermentis.com\/fr\/wp-json\/wp\/v2\/users\/2"}],"replies":[{"embeddable":true,"href":"https:\/\/fermentis.com\/fr\/wp-json\/wp\/v2\/comments?post=27945"}],"version-history":[{"count":1958,"href":"https:\/\/fermentis.com\/fr\/wp-json\/wp\/v2\/pages\/27945\/revisions"}],"predecessor-version":[{"id":717972,"href":"https:\/\/fermentis.com\/fr\/wp-json\/wp\/v2\/pages\/27945\/revisions\/717972"}],"up":[{"embeddable":true,"href":"https:\/\/fermentis.com\/fr\/wp-json\/wp\/v2\/pages\/27946"}],"wp:attachment":[{"href":"https:\/\/fermentis.com\/fr\/wp-json\/wp\/v2\/media?parent=27945"}],"curies":[{"name":"wp","href":"https:\/\/api.w.org\/{rel}","templated":true}]}}