{"id":27946,"date":"2020-03-18T00:00:00","date_gmt":"2020-03-17T23:00:00","guid":{"rendered":"http:\/\/fermentis.com\/centre-de-connaissances\/"},"modified":"2026-04-10T12:52:13","modified_gmt":"2026-04-10T10:52:13","slug":"knowledge-center","status":"publish","type":"page","link":"https:\/\/fermentis.com\/fr\/knowledge-center\/","title":{"rendered":"Centre de connaissances"},"content":{"rendered":"\n  <div class=\"banner has-hover\" id=\"banner-1993527284\">\n          <div class=\"banner-inner fill\">\n        <div class=\"banner-bg fill\" >\n                                                \n                    <\/div>\n\t\t\n        <div class=\"banner-layers container\">\n            <div class=\"fill banner-link\"><\/div>            \n   <div id=\"text-box-999471170\" class=\"text-box banner-layer x50 md-x50 lg-x50 y50 md-y50 lg-y50 res-text\">\n                                <div class=\"text-box-content text \">\n              \n              <div class=\"text-inner text-center\">\n                  \n<h1><span style=\"font-size: 80%\"><strong>Knowledge Center<\/strong><\/span><\/h1>\n\t<div id=\"gap-1437931539\" class=\"gap-element clearfix\" style=\"display:block; height:auto;\">\n\t\t\n<style>\n#gap-1437931539 {\n  padding-top: 30px;\n}\n<\/style>\n\t<\/div>\n\t\n<p style=\"text-align: left\">From helping you to better understand our products to helping you choose the best yeast for your beverage, here is everything you need to know to make the best choice for creating the beverage of your dreams.<\/p>\n              <\/div>\n           <\/div>\n                            \n<style>\n#text-box-999471170 {\n  width: 81%;\n}\n#text-box-999471170 .text-box-content {\n  font-size: 100%;\n}\n<\/style>\n    <\/div>\n \n        <\/div>\n      <\/div>\n\n            \n<style>\n#banner-1993527284 {\n  padding-top: 380px;\n  background-color: rgb(255, 255, 255);\n}\n<\/style>\n  <\/div>\n\n\n<div class=\"row\"  id=\"row-1149434398\">\n\n\t<div id=\"col-681991290\" class=\"col medium-4 small-12 large-4\"  >\n\t\t\t\t<div class=\"col-inner\"  >\n\t\t\t\n\t\t\t\n\n  <div class=\"banner has-hover\" id=\"banner-671295060\">\n          <div class=\"banner-inner fill\">\n        <div class=\"banner-bg fill\" >\n            <img loading=\"lazy\" decoding=\"async\" width=\"1020\" height=\"398\" src=\"https:\/\/fermentis.com\/wp-content\/uploads\/2020\/02\/fermentis-team-1024x400.jpg\" class=\"bg attachment-large size-large\" alt=\"\" \/>                        <div class=\"overlay\"><\/div>            \n                    <\/div>\n\t\t\n        <div class=\"banner-layers container\">\n            <a class=\"fill\" href=\"https:\/\/fermentis.com\/fr\/knowledge-center\/expert-insights\/\"><div class=\"fill banner-link\"><\/div><\/a>            \n   <div id=\"text-box-2129060272\" class=\"text-box banner-layer x50 md-x50 lg-x50 y50 md-y50 lg-y50 res-text\">\n                                <div class=\"text-box-content text dark\">\n              \n              <div class=\"text-inner text-center\">\n                  \n<h3 class=\"uppercase\"><strong>Experts insights<\/strong><\/h3>\n              <\/div>\n           <\/div>\n                            \n<style>\n#text-box-2129060272 {\n  width: 60%;\n}\n#text-box-2129060272 .text-box-content {\n  font-size: 100%;\n}\n<\/style>\n    <\/div>\n \n        <\/div>\n      <\/div>\n\n            \n<style>\n#banner-671295060 {\n  padding-top: 270px;\n}\n#banner-671295060 .overlay {\n  background-color: rgba(0, 0, 0, 0.65);\n}\n<\/style>\n  <\/div>\n\n\n\t\t<\/div>\n\t\t\t\t\t<\/div>\n\n\t\n\n\t<div id=\"col-63925133\" class=\"col medium-4 small-12 large-4\"  >\n\t\t\t\t<div class=\"col-inner\"  >\n\t\t\t\n\t\t\t\n\n  <div class=\"banner has-hover\" id=\"banner-1619031510\">\n          <div class=\"banner-inner fill\">\n        <div class=\"banner-bg fill\" >\n            <img loading=\"lazy\" decoding=\"async\" width=\"1020\" height=\"680\" src=\"https:\/\/fermentis.com\/wp-content\/uploads\/2020\/06\/erika-giraud-6oUY_Hnwmv8-unsplash-scaled-1-1024x683.jpg\" class=\"bg attachment-large size-large\" alt=\"\" \/>                        <div class=\"overlay\"><\/div>            \n                    <\/div>\n\t\t\n        <div class=\"banner-layers container\">\n            <a class=\"fill\" href=\"https:\/\/fermentis.com\/en\/knowledge-center\/qanda\/\"><div class=\"fill banner-link\"><\/div><\/a>            \n   <div id=\"text-box-1106184512\" class=\"text-box banner-layer x50 md-x50 lg-x50 y50 md-y50 lg-y50 res-text\">\n                                <div class=\"text-box-content text dark\">\n              \n              <div class=\"text-inner text-center\">\n                  \n<h3 class=\"uppercase\"><strong>FAQ<\/strong><\/h3>\n              <\/div>\n           <\/div>\n                            \n<style>\n#text-box-1106184512 {\n  width: 60%;\n}\n#text-box-1106184512 .text-box-content {\n  font-size: 100%;\n}\n<\/style>\n    <\/div>\n \n        <\/div>\n      <\/div>\n\n            \n<style>\n#banner-1619031510 {\n  padding-top: 270px;\n}\n#banner-1619031510 .overlay {\n  background-color: rgba(0, 0, 0, 0.6);\n}\n<\/style>\n  <\/div>\n\n\n\t\t<\/div>\n\t\t\t\t\t<\/div>\n\n\t\n\n\t<div id=\"col-469274578\" class=\"col medium-4 small-12 large-4\"  >\n\t\t\t\t<div class=\"col-inner\"  >\n\t\t\t\n\t\t\t\n\n  <div class=\"banner has-hover\" id=\"banner-1558586593\">\n          <div class=\"banner-inner fill\">\n        <div class=\"banner-bg fill\" >\n            <img loading=\"lazy\" decoding=\"async\" width=\"1020\" height=\"680\" src=\"https:\/\/fermentis.com\/wp-content\/uploads\/2020\/06\/kon-karampelas-peLs78VbU50-unsplash-scaled-1-1024x683.jpg\" class=\"bg attachment-large size-large\" alt=\"\" \/>                        <div class=\"overlay\"><\/div>            \n                    <\/div>\n\t\t\n        <div class=\"banner-layers container\">\n            <a class=\"fill\" href=\"https:\/\/fermentis.com\/fr\/knowledge-center\/videos\/\"><div class=\"fill banner-link\"><\/div><\/a>            \n   <div id=\"text-box-679555005\" class=\"text-box banner-layer x50 md-x50 lg-x50 y50 md-y50 lg-y50 res-text\">\n                                <div class=\"text-box-content text dark\">\n              \n              <div class=\"text-inner text-center\">\n                  \n<h3 class=\"uppercase\"><strong>videos<\/strong><\/h3>\n              <\/div>\n           <\/div>\n                            \n<style>\n#text-box-679555005 {\n  width: 60%;\n}\n#text-box-679555005 .text-box-content {\n  font-size: 100%;\n}\n<\/style>\n    <\/div>\n \n        <\/div>\n      <\/div>\n\n            \n<style>\n#banner-1558586593 {\n  padding-top: 270px;\n}\n#banner-1558586593 .overlay {\n  background-color: rgba(0, 0, 0, 0.65);\n}\n<\/style>\n  <\/div>\n\n\n\t\t<\/div>\n\t\t\t\t\t<\/div>\n\n\t\n<\/div>\n","protected":false},"excerpt":{"rendered":"","protected":false},"author":2,"featured_media":0,"parent":0,"menu_order":0,"comment_status":"closed","ping_status":"open","template":"page-blank.php","meta":{"_acf_changed":false,"footnotes":""},"class_list":["post-27946","page","type-page","status-publish","hentry"],"acf":[],"yoast_head":"<!-- This site is optimized with the Yoast SEO Premium plugin v27.3 (Yoast SEO v27.3) - https:\/\/yoast.com\/product\/yoast-seo-premium-wordpress\/ -->\n<title>Centre de connaissances - Fermentis<\/title>\n<meta name=\"description\" content=\"Le centre de connaissances est l&#039;endroit o\u00f9 vous trouverez tout ce que vous devez savoir pour d\u00e9marrer la production de votre boisson ferment\u00e9e.\" \/>\n<meta name=\"robots\" content=\"index, follow, max-snippet:-1, max-image-preview:large, max-video-preview:-1\" \/>\n<link rel=\"canonical\" href=\"https:\/\/fermentis.com\/fr\/knowledge-center\/\" \/>\n<meta property=\"og:locale\" content=\"fr_FR\" \/>\n<meta property=\"og:type\" content=\"article\" \/>\n<meta property=\"og:title\" content=\"Centre de connaissances\" \/>\n<meta property=\"og:description\" content=\"Le centre de connaissances est l&#039;endroit o\u00f9 vous trouverez tout ce que vous devez savoir pour d\u00e9marrer la production de votre boisson ferment\u00e9e.\" \/>\n<meta property=\"og:url\" content=\"https:\/\/fermentis.com\/fr\/knowledge-center\/\" \/>\n<meta property=\"og:site_name\" content=\"Fermentis\" \/>\n<meta property=\"article:publisher\" content=\"https:\/\/www.facebook.com\/Fermentis\" \/>\n<meta property=\"article:modified_time\" content=\"2026-04-10T10:52:13+00:00\" \/>\n<meta property=\"og:image\" content=\"https:\/\/fermentis.com\/wp-content\/uploads\/2021\/07\/website-v2.png\" \/>\n\t<meta property=\"og:image:width\" content=\"1903\" \/>\n\t<meta property=\"og:image:height\" content=\"901\" \/>\n\t<meta property=\"og:image:type\" content=\"image\/png\" \/>\n<meta name=\"twitter:card\" content=\"summary_large_image\" \/>\n<meta name=\"twitter:site\" content=\"@fermentis\" \/>\n<meta name=\"twitter:label1\" content=\"Dur\u00e9e de lecture estim\u00e9e\" \/>\n\t<meta name=\"twitter:data1\" content=\"1 minute\" \/>\n<script type=\"application\/ld+json\" class=\"yoast-schema-graph\">{\"@context\":\"https:\\\/\\\/schema.org\",\"@graph\":[{\"@type\":\"WebPage\",\"@id\":\"https:\\\/\\\/fermentis.com\\\/fr\\\/knowledge-center\\\/\",\"url\":\"https:\\\/\\\/fermentis.com\\\/fr\\\/knowledge-center\\\/\",\"name\":\"Centre de connaissances - Fermentis\",\"isPartOf\":{\"@id\":\"https:\\\/\\\/fermentis.com\\\/fr\\\/#website\"},\"datePublished\":\"2020-03-17T23:00:00+00:00\",\"dateModified\":\"2026-04-10T10:52:13+00:00\",\"description\":\"Le centre de connaissances est l'endroit o\u00f9 vous trouverez tout ce que vous devez savoir pour d\u00e9marrer la production de votre boisson ferment\u00e9e.\",\"breadcrumb\":{\"@id\":\"https:\\\/\\\/fermentis.com\\\/fr\\\/knowledge-center\\\/#breadcrumb\"},\"inLanguage\":\"fr-FR\",\"potentialAction\":[{\"@type\":\"ReadAction\",\"target\":[\"https:\\\/\\\/fermentis.com\\\/fr\\\/knowledge-center\\\/\"]}]},{\"@type\":\"BreadcrumbList\",\"@id\":\"https:\\\/\\\/fermentis.com\\\/fr\\\/knowledge-center\\\/#breadcrumb\",\"itemListElement\":[{\"@type\":\"ListItem\",\"position\":1,\"name\":\"Home\",\"item\":\"https:\\\/\\\/fermentis.com\\\/fr\\\/\"},{\"@type\":\"ListItem\",\"position\":2,\"name\":\"Centre de connaissances\"}]},{\"@type\":\"WebSite\",\"@id\":\"https:\\\/\\\/fermentis.com\\\/fr\\\/#website\",\"url\":\"https:\\\/\\\/fermentis.com\\\/fr\\\/\",\"name\":\"Fermentis\",\"description\":\"Un site utilisant WordPress\",\"publisher\":{\"@id\":\"https:\\\/\\\/fermentis.com\\\/fr\\\/#organization\"},\"potentialAction\":[{\"@type\":\"SearchAction\",\"target\":{\"@type\":\"EntryPoint\",\"urlTemplate\":\"https:\\\/\\\/fermentis.com\\\/fr\\\/?s={search_term_string}\"},\"query-input\":{\"@type\":\"PropertyValueSpecification\",\"valueRequired\":true,\"valueName\":\"search_term_string\"}}],\"inLanguage\":\"fr-FR\"},{\"@type\":\"Organization\",\"@id\":\"https:\\\/\\\/fermentis.com\\\/fr\\\/#organization\",\"name\":\"Fermentis\",\"url\":\"https:\\\/\\\/fermentis.com\\\/fr\\\/\",\"logo\":{\"@type\":\"ImageObject\",\"inLanguage\":\"fr-FR\",\"@id\":\"https:\\\/\\\/fermentis.com\\\/fr\\\/#\\\/schema\\\/logo\\\/image\\\/\",\"url\":\"https:\\\/\\\/fermentis.com\\\/wp-content\\\/uploads\\\/2021\\\/07\\\/Logo-Fermentis-5.png\",\"contentUrl\":\"https:\\\/\\\/fermentis.com\\\/wp-content\\\/uploads\\\/2021\\\/07\\\/Logo-Fermentis-5.png\",\"width\":308,\"height\":95,\"caption\":\"Fermentis\"},\"image\":{\"@id\":\"https:\\\/\\\/fermentis.com\\\/fr\\\/#\\\/schema\\\/logo\\\/image\\\/\"},\"sameAs\":[\"https:\\\/\\\/www.facebook.com\\\/Fermentis\",\"https:\\\/\\\/x.com\\\/fermentis\",\"https:\\\/\\\/www.instagram.com\\\/fermentisbylesaffre\\\/\",\"https:\\\/\\\/www.linkedin.com\\\/company\\\/fermentis\\\/\",\"https:\\\/\\\/www.youtube.com\\\/channel\\\/UCt_Lp3IZnUNXZeqSi6iiAdA\"]}]}<\/script>\n<!-- \/ Yoast SEO Premium plugin. -->","yoast_head_json":{"title":"Centre de connaissances - Fermentis","description":"Le centre de connaissances est l'endroit o\u00f9 vous trouverez tout ce que vous devez savoir pour d\u00e9marrer la production de votre boisson ferment\u00e9e.","robots":{"index":"index","follow":"follow","max-snippet":"max-snippet:-1","max-image-preview":"max-image-preview:large","max-video-preview":"max-video-preview:-1"},"canonical":"https:\/\/fermentis.com\/fr\/knowledge-center\/","og_locale":"fr_FR","og_type":"article","og_title":"Centre de connaissances","og_description":"Le centre de connaissances est l'endroit o\u00f9 vous trouverez tout ce que vous devez savoir pour d\u00e9marrer la production de votre boisson ferment\u00e9e.","og_url":"https:\/\/fermentis.com\/fr\/knowledge-center\/","og_site_name":"Fermentis","article_publisher":"https:\/\/www.facebook.com\/Fermentis","article_modified_time":"2026-04-10T10:52:13+00:00","og_image":[{"width":1903,"height":901,"url":"https:\/\/fermentis.com\/wp-content\/uploads\/2021\/07\/website-v2.png","type":"image\/png"}],"twitter_card":"summary_large_image","twitter_site":"@fermentis","twitter_misc":{"Dur\u00e9e de lecture estim\u00e9e":"1 minute"},"schema":{"@context":"https:\/\/schema.org","@graph":[{"@type":"WebPage","@id":"https:\/\/fermentis.com\/fr\/knowledge-center\/","url":"https:\/\/fermentis.com\/fr\/knowledge-center\/","name":"Centre de connaissances - Fermentis","isPartOf":{"@id":"https:\/\/fermentis.com\/fr\/#website"},"datePublished":"2020-03-17T23:00:00+00:00","dateModified":"2026-04-10T10:52:13+00:00","description":"Le centre de connaissances est l'endroit o\u00f9 vous trouverez tout ce que vous devez savoir pour d\u00e9marrer la production de votre boisson ferment\u00e9e.","breadcrumb":{"@id":"https:\/\/fermentis.com\/fr\/knowledge-center\/#breadcrumb"},"inLanguage":"fr-FR","potentialAction":[{"@type":"ReadAction","target":["https:\/\/fermentis.com\/fr\/knowledge-center\/"]}]},{"@type":"BreadcrumbList","@id":"https:\/\/fermentis.com\/fr\/knowledge-center\/#breadcrumb","itemListElement":[{"@type":"ListItem","position":1,"name":"Home","item":"https:\/\/fermentis.com\/fr\/"},{"@type":"ListItem","position":2,"name":"Centre de connaissances"}]},{"@type":"WebSite","@id":"https:\/\/fermentis.com\/fr\/#website","url":"https:\/\/fermentis.com\/fr\/","name":"Fermentis","description":"Un site utilisant WordPress","publisher":{"@id":"https:\/\/fermentis.com\/fr\/#organization"},"potentialAction":[{"@type":"SearchAction","target":{"@type":"EntryPoint","urlTemplate":"https:\/\/fermentis.com\/fr\/?s={search_term_string}"},"query-input":{"@type":"PropertyValueSpecification","valueRequired":true,"valueName":"search_term_string"}}],"inLanguage":"fr-FR"},{"@type":"Organization","@id":"https:\/\/fermentis.com\/fr\/#organization","name":"Fermentis","url":"https:\/\/fermentis.com\/fr\/","logo":{"@type":"ImageObject","inLanguage":"fr-FR","@id":"https:\/\/fermentis.com\/fr\/#\/schema\/logo\/image\/","url":"https:\/\/fermentis.com\/wp-content\/uploads\/2021\/07\/Logo-Fermentis-5.png","contentUrl":"https:\/\/fermentis.com\/wp-content\/uploads\/2021\/07\/Logo-Fermentis-5.png","width":308,"height":95,"caption":"Fermentis"},"image":{"@id":"https:\/\/fermentis.com\/fr\/#\/schema\/logo\/image\/"},"sameAs":["https:\/\/www.facebook.com\/Fermentis","https:\/\/x.com\/fermentis","https:\/\/www.instagram.com\/fermentisbylesaffre\/","https:\/\/www.linkedin.com\/company\/fermentis\/","https:\/\/www.youtube.com\/channel\/UCt_Lp3IZnUNXZeqSi6iiAdA"]}]}},"_links":{"self":[{"href":"https:\/\/fermentis.com\/fr\/wp-json\/wp\/v2\/pages\/27946","targetHints":{"allow":["GET"]}}],"collection":[{"href":"https:\/\/fermentis.com\/fr\/wp-json\/wp\/v2\/pages"}],"about":[{"href":"https:\/\/fermentis.com\/fr\/wp-json\/wp\/v2\/types\/page"}],"author":[{"embeddable":true,"href":"https:\/\/fermentis.com\/fr\/wp-json\/wp\/v2\/users\/2"}],"replies":[{"embeddable":true,"href":"https:\/\/fermentis.com\/fr\/wp-json\/wp\/v2\/comments?post=27946"}],"version-history":[{"count":2192,"href":"https:\/\/fermentis.com\/fr\/wp-json\/wp\/v2\/pages\/27946\/revisions"}],"predecessor-version":[{"id":715467,"href":"https:\/\/fermentis.com\/fr\/wp-json\/wp\/v2\/pages\/27946\/revisions\/715467"}],"wp:attachment":[{"href":"https:\/\/fermentis.com\/fr\/wp-json\/wp\/v2\/media?parent=27946"}],"curies":[{"name":"wp","href":"https:\/\/api.w.org\/{rel}","templated":true}]}}