{"id":30529,"date":"2021-06-02T18:31:16","date_gmt":"2021-06-02T16:31:16","guid":{"rendered":"https:\/\/fermentis.com\/all-in-1\/"},"modified":"2026-03-16T19:24:44","modified_gmt":"2026-03-16T18:24:44","slug":"all-in-1","status":"publish","type":"page","link":"https:\/\/fermentis.com\/fr\/all-in-1\/","title":{"rendered":"All-In-One\u2122"},"content":{"rendered":"\n\t<section class=\"section dark has-parallax\" id=\"section_1745625346\">\n\t\t<div class=\"section-bg fill\" data-parallax-container=\".section\" data-parallax-background data-parallax=\"-4\">\n\t\t\t<img loading=\"lazy\" decoding=\"async\" width=\"1841\" height=\"713\" src=\"https:\/\/fermentis.com\/wp-content\/uploads\/2020\/03\/easy-to-use.jpg\" class=\"bg attachment- size-\" alt=\"\" \/>\t\t\t\t\t\t<div class=\"section-bg-overlay absolute fill\"><\/div>\n\t\t\t\n\n\t\t<\/div>\n\n\t\t\n\n\t\t<div class=\"section-content relative\">\n\t\t\t\n<div class=\"row\"  id=\"row-1221073630\">\n\n\t<div id=\"col-1230370101\" class=\"col medium-8 small-12 large-6\"  >\n\t\t\t\t<div class=\"col-inner\"  >\n\t\t\t\n\t\t\t\n<h6>Notre gamme de m\u00e9langes pr\u00eats \u00e0 l&#039;emploi<\/h6>\n<h1><span style=\"font-size: 200%\">All-In-One\u2122<\/span><\/h1>\n\t\t<\/div>\n\t\t\t\t\t<\/div>\n\n\t\n<\/div>\n\t\t<\/div>\n\n\t\t\n<style>\n#section_1745625346 {\n  padding-top: 30px;\n  padding-bottom: 30px;\n  min-height: 349px;\n}\n#section_1745625346 .section-bg-overlay {\n  background-color: rgba(52, 35, 35, 0.57);\n}\n<\/style>\n\t<\/section>\n\t\n<div class=\"row row-collapse align-right\"  id=\"row-107038411\">\n\n\t<div id=\"col-1175435282\" class=\"col medium-6 small-12 large-6\"  >\n\t\t\t\t<div class=\"col-inner\" style=\"background-color:#4ac193;\" >\n\t\t\t\n\t\t\t\n\n\t<section class=\"section\" id=\"section_975385293\">\n\t\t<div class=\"section-bg fill\" >\n\t\t\t\t\t\t\t\t\t\n\t\t\t\n\n\t\t<\/div>\n\n\t\t\n\n\t\t<div class=\"section-content relative\">\n\t\t\t\n<div class=\"row row-collapse align-center\"  id=\"row-142388642\">\n\n\t<div id=\"col-1807363186\" class=\"col small-12 large-12\"  >\n\t\t\t\t<div class=\"col-inner dark\"  >\n\t\t\t\n\t\t\t\n<h3><span style=\"font-size: 120%\">D\u00e9couvrez notre gamme de m\u00e9langes pr\u00eats \u00e0 l&#039;emploi, soigneusement \u00e9labor\u00e9s.<\/span><\/h3>\n\t\t<\/div>\n\t\t\t\t\t<\/div>\n\n\t\n\n<style>\n#row-142388642 > .col > .col-inner {\n  padding: 40px 20px 20px 20px;\n}\n<\/style>\n<\/div>\n\t\t<\/div>\n\n\t\t\n<style>\n#section_975385293 {\n  padding-top: 0px;\n  padding-bottom: 0px;\n  background-color: rgb(239, 117, 0);\n}\n<\/style>\n\t<\/section>\n\t\n\t\t<\/div>\n\t\t\t\t\n<style>\n#col-1175435282 > .col-inner {\n  margin: -80px 0px 20px 0px;\n}\n<\/style>\n\t<\/div>\n\n\t\n<\/div>\n\n\t<section class=\"section\" id=\"section_1938249007\">\n\t\t<div class=\"section-bg fill\" >\n\t\t\t\t\t\t\t\t\t\n\t\t\t\n\n\t\t<\/div>\n\n\t\t\n\n\t\t<div class=\"section-content relative\">\n\t\t\t\n<div class=\"row align-middle\"  id=\"row-2126907409\">\n\n\t<div id=\"col-455886189\" class=\"col medium-6 small-12 large-6\"  >\n\t\t\t\t<div class=\"col-inner\"  >\n\t\t\t\n\t\t\t\n<h2>Comprendre All-In-1\u2122<\/h2>\n<p><strong>All-In-1<\/strong> <strong style=\"font-size: 14.4px\">\u2122 est une marque de produits sp\u00e9cifiquement m\u00e9lang\u00e9s, qui peuvent \u00eatre fabriqu\u00e9s \u00e0 partir d&#039;un m\u00e9lange de micro-organismes, de catalyseurs, de nutriments et plus encore.<\/strong><\/p>\n<p>Il y a des cas o\u00f9 un seul micro-organisme ne suffit pas. Gr\u00e2ce \u00e0 notre vaste exp\u00e9rience et \u00e0 nos recherches sur la fermentation, nous d\u00e9veloppons constamment de nouveaux produits pour r\u00e9pondre aux attentes des fabricants de boissons du monde entier.<\/p>\n<p>Un exemple typique d\u2019un produit All-In-1\u2122 est le m\u00e9lange de levure et d\u2019enzymes. La combinaison des deux travaillant ensemble permet d&#039;obtenir une att\u00e9nuation \u00e9lev\u00e9e du sucre, pour des bi\u00e8res plus fortes et plus s\u00e8ches.<\/p>\n\t\t<\/div>\n\t\t\t\t\t<\/div>\n\n\t\n\n\t<div id=\"col-907570642\" class=\"col medium-6 small-12 large-6\"  >\n\t\t\t\t<div class=\"col-inner text-center\"  >\n\t\t\t\n\t\t\t\n\n  <div class=\"banner has-hover\" id=\"banner-914950951\">\n          <div class=\"banner-inner fill\">\n        <div class=\"banner-bg fill\" >\n                                                \n                    <\/div>\n\t\t\n        <div class=\"banner-layers container\">\n            <div class=\"fill banner-link\"><\/div>            \n\t<div class=\"img has-hover x50 md-x50 lg-x50 y50 md-y50 lg-y50\" id=\"image_1783781714\">\n\t\t\t\t\t\t\t\t<div class=\"img-inner dark\" >\n\t\t\t<img loading=\"lazy\" decoding=\"async\" width=\"984\" height=\"925\" src=\"https:\/\/fermentis.com\/wp-content\/uploads\/2021\/05\/Logo_All-In-One_by-Fermentis_RVB.jpg\" class=\"attachment-large size-large\" alt=\"All in one beverage yeast by fermentis\" srcset=\"https:\/\/fermentis.com\/wp-content\/uploads\/2021\/05\/Logo_All-In-One_by-Fermentis_RVB.jpg 984w, https:\/\/fermentis.com\/wp-content\/uploads\/2021\/05\/Logo_All-In-One_by-Fermentis_RVB-800x752.jpg 800w, https:\/\/fermentis.com\/wp-content\/uploads\/2021\/05\/Logo_All-In-One_by-Fermentis_RVB-768x722.jpg 768w, https:\/\/fermentis.com\/wp-content\/uploads\/2021\/05\/Logo_All-In-One_by-Fermentis_RVB-600x564.jpg 600w\" sizes=\"auto, (max-width: 984px) 100vw, 984px\" \/>\t\t\t\t\t\t\n\t\t\t\t\t<\/div>\n\t\t\t\t\t\t\t\t\n<style>\n#image_1783781714 {\n  width: 50%;\n}\n<\/style>\n\t<\/div>\n\t\n        <\/div>\n      <\/div>\n\n            \n<style>\n#banner-914950951 {\n  padding-top: 60%;\n  background-color: rgb(255,255,255);\n}\n<\/style>\n  <\/div>\n\n\n\t\t<\/div>\n\t\t\t\t\t<\/div>\n\n\t\n<\/div>\n\t\t<\/div>\n\n\t\t\n<style>\n#section_1938249007 {\n  padding-top: 0px;\n  padding-bottom: 0px;\n}\n<\/style>\n\t<\/section>\n\t\n\n\t<section class=\"section\" id=\"section_981306914\">\n\t\t<div class=\"section-bg fill\" >\n\t\t\t\t\t\t\t\t\t\n\t\t\t\n\n\t\t<\/div>\n\n\t\t\n\n\t\t<div class=\"section-content relative\">\n\t\t\t\n<div class=\"row align-middle\"  id=\"row-2064586375\">\n\n\t<div id=\"col-1430326349\" class=\"col small-12 large-12\"  >\n\t\t\t\t<div class=\"col-inner\"  >\n\t\t\t\n\t\t\t\n<h2>All-In-1 by Fermentis\u2122 &#8211; Gamme de produits<\/h2>\n\t\n  \n    <div class=\"row large-columns-4 medium-columns-3 small-columns-2 row-&quot;normal&quot;\" >\n  <\/div>\n\t\t<\/div>\n\t\t\t\t\t<\/div>\n\n\t\n<\/div>\n\t\t<\/div>\n\n\t\t\n<style>\n#section_981306914 {\n  padding-top: 0px;\n  padding-bottom: 0px;\n}\n<\/style>\n\t<\/section>\n\t\n","protected":false},"excerpt":{"rendered":"","protected":false},"author":2,"featured_media":0,"parent":0,"menu_order":0,"comment_status":"closed","ping_status":"open","template":"page-blank.php","meta":{"_acf_changed":false,"footnotes":""},"class_list":["post-30529","page","type-page","status-publish","hentry"],"acf":[],"yoast_head":"<!-- This site is optimized with the Yoast SEO Premium plugin v27.3 (Yoast SEO v27.3) - https:\/\/yoast.com\/product\/yoast-seo-premium-wordpress\/ -->\n<title>All-In-1 by Fermentis\u2122 - M\u00e9langes de fermentation pr\u00eats \u00e0 l&#039;emploi - Fermentis<\/title>\n<meta name=\"description\" content=\"All-In-1 de Fermentis\u2122 sont des m\u00e9langes pr\u00eats \u00e0 l&#039;emploi de levures, d&#039;enzymes et de tout autre micro-organisme et d\u00e9riv\u00e9, pour une fermentation avanc\u00e9e.\" \/>\n<meta name=\"robots\" content=\"index, follow, max-snippet:-1, max-image-preview:large, max-video-preview:-1\" \/>\n<link rel=\"canonical\" href=\"https:\/\/fermentis.com\/fr\/all-in-1\/\" \/>\n<meta property=\"og:locale\" content=\"fr_FR\" \/>\n<meta property=\"og:type\" content=\"article\" \/>\n<meta property=\"og:title\" content=\"All-In-One\u2122\" \/>\n<meta property=\"og:description\" content=\"All-In-1 de Fermentis\u2122 sont des m\u00e9langes pr\u00eats \u00e0 l&#039;emploi de levures, d&#039;enzymes et de tout autre micro-organisme et d\u00e9riv\u00e9, pour une fermentation avanc\u00e9e.\" \/>\n<meta property=\"og:url\" content=\"https:\/\/fermentis.com\/fr\/all-in-1\/\" \/>\n<meta property=\"og:site_name\" content=\"Fermentis\" \/>\n<meta property=\"article:publisher\" content=\"https:\/\/www.facebook.com\/Fermentis\" \/>\n<meta property=\"article:modified_time\" content=\"2026-03-16T18:24:44+00:00\" \/>\n<meta property=\"og:image\" content=\"https:\/\/fermentis.com\/wp-content\/uploads\/2021\/07\/website-v2.png\" \/>\n\t<meta property=\"og:image:width\" content=\"1903\" \/>\n\t<meta property=\"og:image:height\" content=\"901\" \/>\n\t<meta property=\"og:image:type\" content=\"image\/png\" \/>\n<meta name=\"twitter:card\" content=\"summary_large_image\" \/>\n<meta name=\"twitter:site\" content=\"@fermentis\" \/>\n<meta name=\"twitter:label1\" content=\"Dur\u00e9e de lecture estim\u00e9e\" \/>\n\t<meta name=\"twitter:data1\" content=\"1 minute\" \/>\n<script type=\"application\/ld+json\" class=\"yoast-schema-graph\">{\"@context\":\"https:\\\/\\\/schema.org\",\"@graph\":[{\"@type\":\"WebPage\",\"@id\":\"https:\\\/\\\/fermentis.com\\\/fr\\\/all-in-1\\\/\",\"url\":\"https:\\\/\\\/fermentis.com\\\/fr\\\/all-in-1\\\/\",\"name\":\"All-In-1 by Fermentis\u2122 - M\u00e9langes de fermentation pr\u00eats \u00e0 l'emploi - Fermentis\",\"isPartOf\":{\"@id\":\"https:\\\/\\\/fermentis.com\\\/fr\\\/#website\"},\"datePublished\":\"2021-06-02T16:31:16+00:00\",\"dateModified\":\"2026-03-16T18:24:44+00:00\",\"description\":\"All-In-1 de Fermentis\u2122 sont des m\u00e9langes pr\u00eats \u00e0 l'emploi de levures, d'enzymes et de tout autre micro-organisme et d\u00e9riv\u00e9, pour une fermentation avanc\u00e9e.\",\"breadcrumb\":{\"@id\":\"https:\\\/\\\/fermentis.com\\\/fr\\\/all-in-1\\\/#breadcrumb\"},\"inLanguage\":\"fr-FR\",\"potentialAction\":[{\"@type\":\"ReadAction\",\"target\":[\"https:\\\/\\\/fermentis.com\\\/fr\\\/all-in-1\\\/\"]}]},{\"@type\":\"BreadcrumbList\",\"@id\":\"https:\\\/\\\/fermentis.com\\\/fr\\\/all-in-1\\\/#breadcrumb\",\"itemListElement\":[{\"@type\":\"ListItem\",\"position\":1,\"name\":\"Home\",\"item\":\"https:\\\/\\\/fermentis.com\\\/fr\\\/\"},{\"@type\":\"ListItem\",\"position\":2,\"name\":\"All-In-One\u2122\"}]},{\"@type\":\"WebSite\",\"@id\":\"https:\\\/\\\/fermentis.com\\\/fr\\\/#website\",\"url\":\"https:\\\/\\\/fermentis.com\\\/fr\\\/\",\"name\":\"Fermentis\",\"description\":\"Un site utilisant WordPress\",\"publisher\":{\"@id\":\"https:\\\/\\\/fermentis.com\\\/fr\\\/#organization\"},\"potentialAction\":[{\"@type\":\"SearchAction\",\"target\":{\"@type\":\"EntryPoint\",\"urlTemplate\":\"https:\\\/\\\/fermentis.com\\\/fr\\\/?s={search_term_string}\"},\"query-input\":{\"@type\":\"PropertyValueSpecification\",\"valueRequired\":true,\"valueName\":\"search_term_string\"}}],\"inLanguage\":\"fr-FR\"},{\"@type\":\"Organization\",\"@id\":\"https:\\\/\\\/fermentis.com\\\/fr\\\/#organization\",\"name\":\"Fermentis\",\"url\":\"https:\\\/\\\/fermentis.com\\\/fr\\\/\",\"logo\":{\"@type\":\"ImageObject\",\"inLanguage\":\"fr-FR\",\"@id\":\"https:\\\/\\\/fermentis.com\\\/fr\\\/#\\\/schema\\\/logo\\\/image\\\/\",\"url\":\"https:\\\/\\\/fermentis.com\\\/wp-content\\\/uploads\\\/2021\\\/07\\\/Logo-Fermentis-5.png\",\"contentUrl\":\"https:\\\/\\\/fermentis.com\\\/wp-content\\\/uploads\\\/2021\\\/07\\\/Logo-Fermentis-5.png\",\"width\":308,\"height\":95,\"caption\":\"Fermentis\"},\"image\":{\"@id\":\"https:\\\/\\\/fermentis.com\\\/fr\\\/#\\\/schema\\\/logo\\\/image\\\/\"},\"sameAs\":[\"https:\\\/\\\/www.facebook.com\\\/Fermentis\",\"https:\\\/\\\/x.com\\\/fermentis\",\"https:\\\/\\\/www.instagram.com\\\/fermentisbylesaffre\\\/\",\"https:\\\/\\\/www.linkedin.com\\\/company\\\/fermentis\\\/\",\"https:\\\/\\\/www.youtube.com\\\/channel\\\/UCt_Lp3IZnUNXZeqSi6iiAdA\"]}]}<\/script>\n<!-- \/ Yoast SEO Premium plugin. -->","yoast_head_json":{"title":"All-In-1 by Fermentis\u2122 - M\u00e9langes de fermentation pr\u00eats \u00e0 l'emploi - Fermentis","description":"All-In-1 de Fermentis\u2122 sont des m\u00e9langes pr\u00eats \u00e0 l'emploi de levures, d'enzymes et de tout autre micro-organisme et d\u00e9riv\u00e9, pour une fermentation avanc\u00e9e.","robots":{"index":"index","follow":"follow","max-snippet":"max-snippet:-1","max-image-preview":"max-image-preview:large","max-video-preview":"max-video-preview:-1"},"canonical":"https:\/\/fermentis.com\/fr\/all-in-1\/","og_locale":"fr_FR","og_type":"article","og_title":"All-In-One\u2122","og_description":"All-In-1 de Fermentis\u2122 sont des m\u00e9langes pr\u00eats \u00e0 l'emploi de levures, d'enzymes et de tout autre micro-organisme et d\u00e9riv\u00e9, pour une fermentation avanc\u00e9e.","og_url":"https:\/\/fermentis.com\/fr\/all-in-1\/","og_site_name":"Fermentis","article_publisher":"https:\/\/www.facebook.com\/Fermentis","article_modified_time":"2026-03-16T18:24:44+00:00","og_image":[{"width":1903,"height":901,"url":"https:\/\/fermentis.com\/wp-content\/uploads\/2021\/07\/website-v2.png","type":"image\/png"}],"twitter_card":"summary_large_image","twitter_site":"@fermentis","twitter_misc":{"Dur\u00e9e de lecture estim\u00e9e":"1 minute"},"schema":{"@context":"https:\/\/schema.org","@graph":[{"@type":"WebPage","@id":"https:\/\/fermentis.com\/fr\/all-in-1\/","url":"https:\/\/fermentis.com\/fr\/all-in-1\/","name":"All-In-1 by Fermentis\u2122 - M\u00e9langes de fermentation pr\u00eats \u00e0 l'emploi - Fermentis","isPartOf":{"@id":"https:\/\/fermentis.com\/fr\/#website"},"datePublished":"2021-06-02T16:31:16+00:00","dateModified":"2026-03-16T18:24:44+00:00","description":"All-In-1 de Fermentis\u2122 sont des m\u00e9langes pr\u00eats \u00e0 l'emploi de levures, d'enzymes et de tout autre micro-organisme et d\u00e9riv\u00e9, pour une fermentation avanc\u00e9e.","breadcrumb":{"@id":"https:\/\/fermentis.com\/fr\/all-in-1\/#breadcrumb"},"inLanguage":"fr-FR","potentialAction":[{"@type":"ReadAction","target":["https:\/\/fermentis.com\/fr\/all-in-1\/"]}]},{"@type":"BreadcrumbList","@id":"https:\/\/fermentis.com\/fr\/all-in-1\/#breadcrumb","itemListElement":[{"@type":"ListItem","position":1,"name":"Home","item":"https:\/\/fermentis.com\/fr\/"},{"@type":"ListItem","position":2,"name":"All-In-One\u2122"}]},{"@type":"WebSite","@id":"https:\/\/fermentis.com\/fr\/#website","url":"https:\/\/fermentis.com\/fr\/","name":"Fermentis","description":"Un site utilisant WordPress","publisher":{"@id":"https:\/\/fermentis.com\/fr\/#organization"},"potentialAction":[{"@type":"SearchAction","target":{"@type":"EntryPoint","urlTemplate":"https:\/\/fermentis.com\/fr\/?s={search_term_string}"},"query-input":{"@type":"PropertyValueSpecification","valueRequired":true,"valueName":"search_term_string"}}],"inLanguage":"fr-FR"},{"@type":"Organization","@id":"https:\/\/fermentis.com\/fr\/#organization","name":"Fermentis","url":"https:\/\/fermentis.com\/fr\/","logo":{"@type":"ImageObject","inLanguage":"fr-FR","@id":"https:\/\/fermentis.com\/fr\/#\/schema\/logo\/image\/","url":"https:\/\/fermentis.com\/wp-content\/uploads\/2021\/07\/Logo-Fermentis-5.png","contentUrl":"https:\/\/fermentis.com\/wp-content\/uploads\/2021\/07\/Logo-Fermentis-5.png","width":308,"height":95,"caption":"Fermentis"},"image":{"@id":"https:\/\/fermentis.com\/fr\/#\/schema\/logo\/image\/"},"sameAs":["https:\/\/www.facebook.com\/Fermentis","https:\/\/x.com\/fermentis","https:\/\/www.instagram.com\/fermentisbylesaffre\/","https:\/\/www.linkedin.com\/company\/fermentis\/","https:\/\/www.youtube.com\/channel\/UCt_Lp3IZnUNXZeqSi6iiAdA"]}]}},"_links":{"self":[{"href":"https:\/\/fermentis.com\/fr\/wp-json\/wp\/v2\/pages\/30529","targetHints":{"allow":["GET"]}}],"collection":[{"href":"https:\/\/fermentis.com\/fr\/wp-json\/wp\/v2\/pages"}],"about":[{"href":"https:\/\/fermentis.com\/fr\/wp-json\/wp\/v2\/types\/page"}],"author":[{"embeddable":true,"href":"https:\/\/fermentis.com\/fr\/wp-json\/wp\/v2\/users\/2"}],"replies":[{"embeddable":true,"href":"https:\/\/fermentis.com\/fr\/wp-json\/wp\/v2\/comments?post=30529"}],"version-history":[{"count":2848,"href":"https:\/\/fermentis.com\/fr\/wp-json\/wp\/v2\/pages\/30529\/revisions"}],"predecessor-version":[{"id":660070,"href":"https:\/\/fermentis.com\/fr\/wp-json\/wp\/v2\/pages\/30529\/revisions\/660070"}],"wp:attachment":[{"href":"https:\/\/fermentis.com\/fr\/wp-json\/wp\/v2\/media?parent=30529"}],"curies":[{"name":"wp","href":"https:\/\/api.w.org\/{rel}","templated":true}]}}