{"id":31695,"date":"2021-08-30T11:23:05","date_gmt":"2021-08-30T09:23:05","guid":{"rendered":"https:\/\/fermentis.com\/centre-connaissances\/insights\/experts-biere\/safbrew-ld-20-questions-reponses\/"},"modified":"2026-04-14T17:25:13","modified_gmt":"2026-04-14T15:25:13","slug":"safbrew-ld-20-questions-answers","status":"publish","type":"page","link":"https:\/\/fermentis.com\/fr\/knowledge-center\/expert-insights\/beer\/safbrew-ld-20-questions-answers\/","title":{"rendered":"Questions et r\u00e9ponses sur SafBrew\u2122 LD-20"},"content":{"rendered":"\n  <div class=\"banner has-hover\" id=\"banner-1626608933\">\n          <div class=\"banner-inner fill\">\n        <div class=\"banner-bg fill\" >\n                                                \n                    <\/div>\n\t\t\n        <div class=\"banner-layers container\">\n            <div class=\"fill banner-link\"><\/div>            \n   <div id=\"text-box-413708609\" class=\"text-box banner-layer x50 md-x50 lg-x50 y50 md-y50 lg-y50 res-text\">\n                                <div class=\"text-box-content text \">\n              \n              <div class=\"text-inner text-center\">\n                  \n<p><br data-source=\"\n\n\"><\/p>\n<h1><span style=\"font-size: 80%\"><strong>Questions et r\u00e9ponses sur SafBrew\u2122 LD-20<\/strong><\/span><\/h1>\n<p class=\"lead\">Tout ce que vous devez savoir sur SafBrew\u2122 LD-20<\/p>\n<p><em>Par Philippe Janssens<\/em><br data-source=\"\n\n\"><\/p>\n              <\/div>\n           <\/div>\n                            \n<style>\n#text-box-413708609 {\n  width: 81%;\n}\n#text-box-413708609 .text-box-content {\n  font-size: 100%;\n}\n<\/style>\n    <\/div>\n \n        <\/div>\n      <\/div>\n\n            \n<style>\n#banner-1626608933 {\n  padding-top: 200px;\n  background-color: rgb(255,255,255);\n}\n<\/style>\n  <\/div>\n\n\n<div class=\"text-center\"><div class=\"is-divider divider clearfix\" style=\"max-width:600px;height:2px;\"><\/div><\/div>\n\n\t<section class=\"section\" id=\"section_1350813429\">\n\t\t<div class=\"section-bg fill\" >\n\t\t\t\t\t\t\t\t\t\n\t\t\t\n\n\t\t<\/div>\n\n\t\t\n\n\t\t<div class=\"section-content relative\">\n\t\t\t\n<div class=\"row\"  id=\"row-218733133\">\n\n\t<div id=\"col-1403088479\" class=\"col medium-2 small-12 large-2\"  >\n\t\t\t\t<div class=\"col-inner\"  >\n\t\t\t\n\t\t\t\n\t<div class=\"img has-hover x md-x lg-x y md-y lg-y\" id=\"image_1743343317\">\n\t\t<a class=\"image-lightbox lightbox-gallery\" title=\"\" href=\"https:\/\/fermentis.com\/wp-content\/uploads\/2021\/08\/SafBrew-LD-20_288_vertical.jpg\">\t\t\t\t\t\t<div class=\"img-inner dark\" >\n\t\t\t<img loading=\"lazy\" decoding=\"async\" width=\"288\" height=\"1080\" src=\"https:\/\/fermentis.com\/wp-content\/uploads\/2021\/08\/SafBrew-LD-20_288_vertical.jpg\" class=\"attachment-original size-original\" alt=\"SafBrew LD-20 vertical banner - Fermentis\" srcset=\"https:\/\/fermentis.com\/wp-content\/uploads\/2021\/08\/SafBrew-LD-20_288_vertical.jpg 288w, https:\/\/fermentis.com\/wp-content\/uploads\/2021\/08\/SafBrew-LD-20_288_vertical-213x800.jpg 213w, https:\/\/fermentis.com\/wp-content\/uploads\/2021\/08\/SafBrew-LD-20_288_vertical-273x1024.jpg 273w\" sizes=\"auto, (max-width: 288px) 100vw, 288px\" \/>\t\t\t\t\t\t\n\t\t\t\t\t<\/div>\n\t\t\t\t\t\t<\/a>\t\t\n<style>\n#image_1743343317 {\n  width: 100%;\n}\n<\/style>\n\t<\/div>\n\t\n\t\t<\/div>\n\t\t\t\t\t<\/div>\n\n\t\n\n\t<div id=\"col-1999352883\" class=\"col medium-10 small-12 large-10\"  >\n\t\t\t\t<div class=\"col-inner\"  >\n\t\t\t\n\t\t\t\n<p><br data-source=\"\n\n\"><\/p>\n<p>D\u00e9couvrez tout ce que vous devez savoir sur cette solution de fermentation innovante, en lisant notre questions-r\u00e9ponses avec le responsable R&amp;D produit, Philippe Janssens.<\/p>\n<p><br data-source=\"\n\"><\/p>\n<h3><strong>Pourquoi Fermentis a d\u00e9cid\u00e9 d&#039;ajouter ce produit de levure \u00e0 la gamme ?<\/strong><\/h3>\n<p><br data-source=\"\n\"><\/p>\n<p>Chez Fermentis, nous suivons toujours de pr\u00e8s les tendances du march\u00e9. L\u2019une de nos forces est d\u2019avoir des \u00e9quipes implant\u00e9es dans le monde entier, qui fournissent des informations et des retours d\u2019information opportuns sur les besoins et les d\u00e9sirs d\u2019un march\u00e9 tr\u00e8s dynamique.<\/p>\n<p><br data-source=\"\n\"><\/p>\n<p>Nous surveillons depuis un certain temps les tendances en mati\u00e8re de bi\u00e8res \u00e0 faible teneur en alcool et de boissons \u00e0 faible teneur en calories et, au cours des derni\u00e8res ann\u00e9es, nous avons lanc\u00e9 plusieurs produits pour r\u00e9pondre \u00e0 la nouvelle demande (SafBrew\u2122 LA-01 pour les bi\u00e8res \u00e0 faible teneur en alcool et SpringFerm <strong>\u2122<\/strong> NAB pour les boissons p\u00e9tillantes fortes).<\/p>\n<p><br data-source=\"\n\"><\/p>\n<p>Dans le cas de bi\u00e8res \u00e0 faible teneur en glucides (ou en calories), nous n&#039;avions pas de produit dans la gamme con\u00e7u sp\u00e9cifiquement pour ces bi\u00e8res. Bien s\u00fbr, on pourrait obtenir une bi\u00e8re moins calorique en utilisant SafBrew\u2122 HA-18 ou DA-16, mais SafBrew\u2122 LD-20 est notre premier m\u00e9lange de levures et d&#039;enzymes con\u00e7u sp\u00e9cifiquement pour les lagers \u00e0 faible teneur en glucides*.<\/p>\n<p><br data-source=\"\n\"><\/p>\n<p><span style=\"font-size: 80%\"><em>*ce qui signifie une r\u00e9duction allant jusqu&#039;\u00e0 20 % des glucides dans la bi\u00e8re par rapport \u00e0 la m\u00eame levure sans enzyme. <\/em><\/span><span style=\"font-size: 80%\"><em>Les informations fournies par Fermentis sont \u00e0 titre informatif \u00e0 l&#039;attention des professionnels uniquement. Nous ne faisons aucune d\u00e9claration ni garantie d&#039;aucune sorte, expresse ou implicite, concernant les informations : les exigences r\u00e9glementaires et de propri\u00e9t\u00e9 intellectuelle (y compris l&#039;utilisation des produits et les r\u00e9clamations) seront examin\u00e9es localement pour leurs besoins particuliers.<\/em><\/span><\/p>\n<p><br data-source=\"\n\"><\/p>\n<h3><strong>Comment a-t-il \u00e9t\u00e9 d\u00e9velopp\u00e9 ?<\/strong><\/h3>\n<p><br data-source=\"\n\"><\/p>\n<p>Nous avons identifi\u00e9 une souche de levure de bi\u00e8re blonde forte en association avec une enzyme soigneusement choisie, en particulier une qui fonctionne bien \u00e0 basse temp\u00e9rature (au-dessus de 12\u00b0C). Nous avons m\u00e9lang\u00e9 les deux pour obtenir un produit All-In-1\u2122 bien \u00e9quilibr\u00e9, produisant des lagers assez neutres, sans d\u00e9faut, dans de nombreuses conditions de fermentation diff\u00e9rentes.<\/p>\n<p><br data-source=\"\n\"><br data-source=\"\n\"><\/p>\n<h3><strong>A quoi \u00e7a sert ?<\/strong><\/h3>\n<p><br data-source=\"\n\"><\/p>\n<p>SafBrew\u2122 LD-20 est destin\u00e9 aux lagers s\u00e8ches, au go\u00fbt neutre, g\u00e9n\u00e9ralement recommand\u00e9 pour r\u00e9duire les sucres r\u00e9siduels et les calories.<\/p>\n<p><br data-source=\"\n\n\"><\/p>\n\t\t<\/div>\n\t\t\t\t\t<\/div>\n\n\t\n<\/div>\n<div class=\"row\"  id=\"row-1958950091\">\n\n\t<div id=\"col-2031323856\" class=\"col medium-9 small-12 large-9\"  >\n\t\t\t\t<div class=\"col-inner\"  >\n\t\t\t\n\t\t\t\n<p><br data-source=\"\n\n\"><\/p>\n<h3><strong>Quels sont les principaux avantages de ce produit ?<\/strong><\/h3>\n<p><br data-source=\"\n\"><\/p>\n<ul><br data-source=\"\n\"><\/p>\n<li>R\u00e9duisez la teneur en glucides* de votre bi\u00e8re finale (avec le m\u00eame mo\u00fbt)<\/li>\n<p><br data-source=\"\n\"><\/p>\n<li>Aucun d\u00e9faut<\/li>\n<p><br data-source=\"\n\"><\/p>\n<li>Saveur neutre<\/li>\n<p><br data-source=\"\n\"><\/p>\n<li>Excellentes performances de fermentation<\/li>\n<p><br data-source=\"\n\"><\/p>\n<li>L\u2019enzyme soigneusement s\u00e9lectionn\u00e9e fonctionne \u00e0 tr\u00e8s basse temp\u00e9rature.<\/li>\n<p><br data-source=\"\n\"><br data-source=\"\n\"><\/ul>\n<p><br data-source=\"\n\"><\/p>\n<h3><b>Comment cela se compare-t-il aux autres produits SafBrew\u2122\u00a0?<\/b><\/h3>\n<p><br data-source=\"\n\"><\/p>\n<p>SafBrew\u2122 HA-18 est con\u00e7u pour les bi\u00e8res \u00e0 forte teneur en alcool, comme le vin d&#039;orge, et la fermentation \u00e0 haute temp\u00e9rature. SafBrew\u2122 DA-16 est id\u00e9al pour les bi\u00e8res s\u00e8ches et savoureuses, telles que la Brut IPA, et la fermentation \u00e0 haute temp\u00e9rature. Et bien s\u00fbr, SafBrew\u2122LD-20 est parfait pour les bi\u00e8res blondes neutres et la fermentation \u00e0 basse temp\u00e9rature.<\/p>\n<p><br data-source=\"\n\"><\/p>\n<h3><b>Quelles sont les diff\u00e9rences entre SafBrew\u2122 LD-20 et la gamme SafLager\u2122 ?<\/b><\/h3>\n<p><br data-source=\"\n\"><\/p>\n<p>SafBrew\u2122 LD-20 est un m\u00e9lange de levure et d&#039;enzymes, tandis que la gamme SafLager\u2122 est compos\u00e9e uniquement de levure. SafBrew\u2122 LD-20 a un taux d&#039;ensemencement plus \u00e9lev\u00e9 par rapport \u00e0 une souche SafLager\u2122 (car le produit est un m\u00e9lange). Et l\u2019enzyme soigneusement s\u00e9lectionn\u00e9e fonctionne \u00e0 tr\u00e8s basse temp\u00e9rature. La pr\u00e9sence d&#039;enzymes permet une att\u00e9nuation plus \u00e9lev\u00e9e, jusqu&#039;\u00e0 100 % de conversion du sucre, laissant peu ou pas de glucides r\u00e9siduels pour une s\u00e9cheresse accrue. Et comme la levure et les enzymes sont toutes dans un seul emballage de SafBrew\u2122 LD-20, c&#039;est plus pratique.<\/p>\n<p><br data-source=\"\n\n\"><\/p>\n\t\t<\/div>\n\t\t\t\t\t<\/div>\n\n\t\n\n\t<div id=\"col-469961663\" class=\"col medium-3 small-12 large-3\"  >\n\t\t\t\t<div class=\"col-inner text-center\"  >\n\t\t\t\n\t\t\t\n<div class=\"container section-title-container\" ><h3 class=\"section-title section-title-center\"><b aria-hidden=\"true\"><\/b><span class=\"section-title-main\" >Plus d&#039;informations<\/span><b aria-hidden=\"true\"><\/b><\/h3><\/div>\n\t\n  \n    <div class=\"row large-columns-1 medium-columns- small-columns- row-small has-shadow row-box-shadow-1 row-box-shadow-2-hover\" >\n  <\/div>\n\t\t<\/div>\n\t\t\t\t\t<\/div>\n\n\t\n<\/div>\n\t\t<\/div>\n\n\t\t\n<style>\n#section_1350813429 {\n  padding-top: 20px;\n  padding-bottom: 20px;\n}\n<\/style>\n\t<\/section>\n\t\n\n\t<section class=\"section\" id=\"section_348664973\">\n\t\t<div class=\"section-bg fill\" >\n\t\t\t\t\t\t\t\t\t\n\t\t\t\n\n\t\t<\/div>\n\n\t\t\n\n\t\t<div class=\"section-content relative\">\n\t\t\t\n<div class=\"row row-small\"  id=\"row-1127114128\">\n\n\t<div id=\"col-647758719\" class=\"col medium-3 small-12 large-3\"  >\n\t\t\t\t<div class=\"col-inner\"  >\n\t\t\t\n\t\t\t\n\t<div class=\"box has-hover   has-hover box-text-bottom\" >\n\n\t\t<div class=\"box-image\" style=\"border-radius:100%;width:60%;\">\n\t\t\t\t\t\t<div class=\"image-cover\" style=\"padding-top:100%;\">\n\t\t\t\t<img loading=\"lazy\" decoding=\"async\" width=\"500\" height=\"486\" src=\"https:\/\/fermentis.com\/wp-content\/uploads\/2020\/12\/philippe-janssens.jpg\" class=\"attachment-large size-large\" alt=\"\" \/>\t\t\t\t\t\t\t\t\t\t\t<\/div>\n\t\t\t\t\t<\/div>\n\n\t\t<div class=\"box-text text-center\" >\n\t\t\t<div class=\"box-text-inner\">\n\t\t\t\t\n<p><br data-source=\"\n\n\"><\/p>\n<h4>Philippe Janssens<\/h4>\n<p>Responsable R&amp;D &#8211; Bi\u00e8re et Brassage<br data-source=\"\n\n\"><\/p>\n\t\t\t<\/div>\n\t\t<\/div>\n\t<\/div>\n\t\n\t\t<\/div>\n\t\t\t\t\n<style>\n#col-647758719 > .col-inner {\n  padding: 30px 0px 0px 0px;\n}\n<\/style>\n\t<\/div>\n\n\t\n\n\t<div id=\"col-1959654314\" class=\"col medium-9 small-12 large-9\"  >\n\t\t\t\t<div class=\"col-inner\"  >\n\t\t\t\n\t\t\t\n\t<div id=\"gap-116432619\" class=\"gap-element clearfix\" style=\"display:block; height:auto;\">\n\t\t\n<style>\n#gap-116432619 {\n  padding-top: &quot;40px&quot;;\n}\n<\/style>\n\t<\/div>\n\t<br data-source=\"\n\n\"><\/p>\n<p><strong>Philippe Janssens est notre responsable technique de brassage<\/strong><\/p>\n<p><br data-source=\"\n\"><\/p>\n<p>Philippe Janssens est belge, dipl\u00f4m\u00e9 de l&#039;Universit\u00e9 Catholique de Louvain-la-Neuve en tant que Bio-Ing\u00e9nieur, suivi de la m\u00eame universit\u00e9 d&#039;un Master en Malting &amp; Brewing Science.<\/p>\n<p><br data-source=\"\n\"><\/p>\n<p>Philippe a acquis une longue exp\u00e9rience d&#039;environ 30 ans dans le milieu brassicole. D&#039;abord comme brasseur en Afrique et en Belgique, o\u00f9 il a dirig\u00e9 l&#039;usine pilote d&#039;ABInBev pendant la plus grande partie de sa carri\u00e8re. Deuxi\u00e8mement en tant qu&#039;ing\u00e9nieur brevets pour ABInBev et pour la pratique priv\u00e9e et enfin en tant que responsable du d\u00e9veloppement commercial dans l&#039;industrie du houblon, au sein de l&#039;organisation Yakima Chief-Hopunion pendant environ 7 ans.<\/p>\n<p><br data-source=\"\n\"><\/p>\n<p>Aujourd\u2019hui, Philippe travaille au sein de l\u2019\u00e9quipe Fermentis, Business unit du groupe Lesaffre, en tant que \u00ab Responsable Technique Brasseur \u00bb \u00e0 compter de mi-2016.<\/p>\n\t\t<\/div>\n\t\t\t\t\t<\/div>\n\n\t\n<\/div>\n\t\t<\/div>\n\n\t\t\n<style>\n#section_348664973 {\n  padding-top: 5px;\n  padding-bottom: 5px;\n  background-color: rgb(230, 230, 230);\n}\n<\/style>\n\t<\/section>\n\t\n\n\t<section class=\"section\" id=\"section_648408721\">\n\t\t<div class=\"section-bg fill\" >\n\t\t\t\t\t\t\t\t\t\n\t\t\t\n\n\t\t<\/div>\n\n\t\t\n\n\t\t<div class=\"section-content relative\">\n\t\t\t\n<div class=\"row row-small\"  id=\"row-1954538194\">\n\n\t<div id=\"col-2071061002\" class=\"col small-12 large-12\"  >\n\t\t\t\t<div class=\"col-inner text-center\"  >\n\t\t\t\n\t\t\t\n\t<div id=\"gap-563926234\" class=\"gap-element clearfix\" style=\"display:block; height:auto;\">\n\t\t\n<style>\n#gap-563926234 {\n  padding-top: 40px;\n}\n<\/style>\n\t<\/div>\n\t\n<a href=\"https:\/\/fermentis.com\/fr\/knowledge-center\/expert-insights\/\" class=\"button primary is-outline\" >\n\t\t<span>Retour aux avis d&#039;experts<\/span>\n\t<i class=\"icon-angle-right\" aria-hidden=\"true\"><\/i><\/a>\n\n\t\t<\/div>\n\t\t\t\t\t<\/div>\n\n\t\n<\/div>\n\t\t<\/div>\n\n\t\t\n<style>\n#section_648408721 {\n  padding-top: 5px;\n  padding-bottom: 5px;\n  background-color: rgb(255, 255, 255);\n}\n<\/style>\n\t<\/section>\n\t\n","protected":false},"excerpt":{"rendered":"","protected":false},"author":2,"featured_media":33000,"parent":27950,"menu_order":0,"comment_status":"closed","ping_status":"closed","template":"page-blank.php","meta":{"_acf_changed":false,"footnotes":""},"class_list":["post-31695","page","type-page","status-publish","has-post-thumbnail","hentry"],"acf":[],"yoast_head":"<!-- This site is optimized with the Yoast SEO Premium plugin v27.3 (Yoast SEO v27.4) - https:\/\/yoast.com\/product\/yoast-seo-premium-wordpress\/ -->\n<title>Questions et r\u00e9ponses sur SafBrew\u2122 LD-20 - Fermentis<\/title>\n<meta name=\"description\" content=\"Vous trouverez tout ce que vous devez savoir sur SafBrew\u2122 DA-16, comment il a \u00e9t\u00e9 d\u00e9velopp\u00e9, \u00e0 quoi il sert, ses principaux avantages et ses recommandations de bi\u00e8re.\" \/>\n<meta name=\"robots\" content=\"index, follow, max-snippet:-1, max-image-preview:large, max-video-preview:-1\" \/>\n<link rel=\"canonical\" href=\"https:\/\/fermentis.com\/fr\/knowledge-center\/expert-insights\/beer\/safbrew-ld-20-questions-answers\/\" \/>\n<meta property=\"og:locale\" content=\"fr_FR\" \/>\n<meta property=\"og:type\" content=\"article\" \/>\n<meta property=\"og:title\" content=\"Questions et r\u00e9ponses sur SafBrew\u2122 LD-20\" \/>\n<meta property=\"og:description\" content=\"Vous trouverez tout ce que vous devez savoir sur SafBrew\u2122 DA-16, comment il a \u00e9t\u00e9 d\u00e9velopp\u00e9, \u00e0 quoi il sert, ses principaux avantages et ses recommandations de bi\u00e8re.\" \/>\n<meta property=\"og:url\" content=\"https:\/\/fermentis.com\/fr\/knowledge-center\/expert-insights\/beer\/safbrew-ld-20-questions-answers\/\" \/>\n<meta property=\"og:site_name\" content=\"Fermentis\" \/>\n<meta property=\"article:publisher\" content=\"https:\/\/www.facebook.com\/Fermentis\" \/>\n<meta property=\"article:modified_time\" content=\"2026-04-14T15:25:13+00:00\" \/>\n<meta property=\"og:image\" content=\"https:\/\/fermentis.com\/wp-content\/uploads\/2022\/03\/QA-BEER.jpg\" \/>\n\t<meta property=\"og:image:width\" content=\"376\" \/>\n\t<meta property=\"og:image:height\" content=\"200\" \/>\n\t<meta property=\"og:image:type\" content=\"image\/jpeg\" \/>\n<meta name=\"twitter:card\" content=\"summary_large_image\" \/>\n<meta name=\"twitter:site\" content=\"@fermentis\" \/>\n<meta name=\"twitter:label1\" content=\"Dur\u00e9e de lecture estim\u00e9e\" \/>\n\t<meta name=\"twitter:data1\" content=\"5 minutes\" \/>\n<script type=\"application\/ld+json\" class=\"yoast-schema-graph\">{\"@context\":\"https:\\\/\\\/schema.org\",\"@graph\":[{\"@type\":\"WebPage\",\"@id\":\"https:\\\/\\\/fermentis.com\\\/fr\\\/knowledge-center\\\/expert-insights\\\/beer\\\/safbrew-ld-20-questions-answers\\\/\",\"url\":\"https:\\\/\\\/fermentis.com\\\/fr\\\/knowledge-center\\\/expert-insights\\\/beer\\\/safbrew-ld-20-questions-answers\\\/\",\"name\":\"Questions et r\u00e9ponses sur SafBrew\u2122 LD-20 - Fermentis\",\"isPartOf\":{\"@id\":\"https:\\\/\\\/fermentis.com\\\/fr\\\/#website\"},\"primaryImageOfPage\":{\"@id\":\"https:\\\/\\\/fermentis.com\\\/fr\\\/knowledge-center\\\/expert-insights\\\/beer\\\/safbrew-ld-20-questions-answers\\\/#primaryimage\"},\"image\":{\"@id\":\"https:\\\/\\\/fermentis.com\\\/fr\\\/knowledge-center\\\/expert-insights\\\/beer\\\/safbrew-ld-20-questions-answers\\\/#primaryimage\"},\"thumbnailUrl\":\"https:\\\/\\\/fermentis.com\\\/wp-content\\\/uploads\\\/2022\\\/03\\\/QA-BEER.jpg\",\"datePublished\":\"2021-08-30T09:23:05+00:00\",\"dateModified\":\"2026-04-14T15:25:13+00:00\",\"description\":\"Vous trouverez tout ce que vous devez savoir sur SafBrew\u2122 DA-16, comment il a \u00e9t\u00e9 d\u00e9velopp\u00e9, \u00e0 quoi il sert, ses principaux avantages et ses recommandations de bi\u00e8re.\",\"breadcrumb\":{\"@id\":\"https:\\\/\\\/fermentis.com\\\/fr\\\/knowledge-center\\\/expert-insights\\\/beer\\\/safbrew-ld-20-questions-answers\\\/#breadcrumb\"},\"inLanguage\":\"fr-FR\",\"potentialAction\":[{\"@type\":\"ReadAction\",\"target\":[\"https:\\\/\\\/fermentis.com\\\/fr\\\/knowledge-center\\\/expert-insights\\\/beer\\\/safbrew-ld-20-questions-answers\\\/\"]}]},{\"@type\":\"ImageObject\",\"inLanguage\":\"fr-FR\",\"@id\":\"https:\\\/\\\/fermentis.com\\\/fr\\\/knowledge-center\\\/expert-insights\\\/beer\\\/safbrew-ld-20-questions-answers\\\/#primaryimage\",\"url\":\"https:\\\/\\\/fermentis.com\\\/wp-content\\\/uploads\\\/2022\\\/03\\\/QA-BEER.jpg\",\"contentUrl\":\"https:\\\/\\\/fermentis.com\\\/wp-content\\\/uploads\\\/2022\\\/03\\\/QA-BEER.jpg\",\"width\":376,\"height\":200,\"caption\":\"Q&A BIERE\"},{\"@type\":\"BreadcrumbList\",\"@id\":\"https:\\\/\\\/fermentis.com\\\/fr\\\/knowledge-center\\\/expert-insights\\\/beer\\\/safbrew-ld-20-questions-answers\\\/#breadcrumb\",\"itemListElement\":[{\"@type\":\"ListItem\",\"position\":1,\"name\":\"Home\",\"item\":\"https:\\\/\\\/fermentis.com\\\/fr\\\/\"},{\"@type\":\"ListItem\",\"position\":2,\"name\":\"Centre de connaissances\",\"item\":\"https:\\\/\\\/fermentis.com\\\/fr\\\/knowledge-center\\\/\"},{\"@type\":\"ListItem\",\"position\":3,\"name\":\"Avis d&#8217;experts\",\"item\":\"https:\\\/\\\/fermentis.com\\\/fr\\\/knowledge-center\\\/expert-insights\\\/\"},{\"@type\":\"ListItem\",\"position\":4,\"name\":\"Les avis des experts en bi\u00e8re\",\"item\":\"https:\\\/\\\/fermentis.com\\\/fr\\\/knowledge-center\\\/expert-insights\\\/beer\\\/\"},{\"@type\":\"ListItem\",\"position\":5,\"name\":\"Questions et r\u00e9ponses sur SafBrew\u2122 LD-20\"}]},{\"@type\":\"WebSite\",\"@id\":\"https:\\\/\\\/fermentis.com\\\/fr\\\/#website\",\"url\":\"https:\\\/\\\/fermentis.com\\\/fr\\\/\",\"name\":\"Fermentis\",\"description\":\"Un site utilisant WordPress\",\"publisher\":{\"@id\":\"https:\\\/\\\/fermentis.com\\\/fr\\\/#organization\"},\"potentialAction\":[{\"@type\":\"SearchAction\",\"target\":{\"@type\":\"EntryPoint\",\"urlTemplate\":\"https:\\\/\\\/fermentis.com\\\/fr\\\/?s={search_term_string}\"},\"query-input\":{\"@type\":\"PropertyValueSpecification\",\"valueRequired\":true,\"valueName\":\"search_term_string\"}}],\"inLanguage\":\"fr-FR\"},{\"@type\":\"Organization\",\"@id\":\"https:\\\/\\\/fermentis.com\\\/fr\\\/#organization\",\"name\":\"Fermentis\",\"url\":\"https:\\\/\\\/fermentis.com\\\/fr\\\/\",\"logo\":{\"@type\":\"ImageObject\",\"inLanguage\":\"fr-FR\",\"@id\":\"https:\\\/\\\/fermentis.com\\\/fr\\\/#\\\/schema\\\/logo\\\/image\\\/\",\"url\":\"https:\\\/\\\/fermentis.com\\\/wp-content\\\/uploads\\\/2021\\\/07\\\/Logo-Fermentis-5.png\",\"contentUrl\":\"https:\\\/\\\/fermentis.com\\\/wp-content\\\/uploads\\\/2021\\\/07\\\/Logo-Fermentis-5.png\",\"width\":308,\"height\":95,\"caption\":\"Fermentis\"},\"image\":{\"@id\":\"https:\\\/\\\/fermentis.com\\\/fr\\\/#\\\/schema\\\/logo\\\/image\\\/\"},\"sameAs\":[\"https:\\\/\\\/www.facebook.com\\\/Fermentis\",\"https:\\\/\\\/x.com\\\/fermentis\",\"https:\\\/\\\/www.instagram.com\\\/fermentisbylesaffre\\\/\",\"https:\\\/\\\/www.linkedin.com\\\/company\\\/fermentis\\\/\",\"https:\\\/\\\/www.youtube.com\\\/channel\\\/UCt_Lp3IZnUNXZeqSi6iiAdA\"]}]}<\/script>\n<!-- \/ Yoast SEO Premium plugin. -->","yoast_head_json":{"title":"Questions et r\u00e9ponses sur SafBrew\u2122 LD-20 - Fermentis","description":"Vous trouverez tout ce que vous devez savoir sur SafBrew\u2122 DA-16, comment il a \u00e9t\u00e9 d\u00e9velopp\u00e9, \u00e0 quoi il sert, ses principaux avantages et ses recommandations de bi\u00e8re.","robots":{"index":"index","follow":"follow","max-snippet":"max-snippet:-1","max-image-preview":"max-image-preview:large","max-video-preview":"max-video-preview:-1"},"canonical":"https:\/\/fermentis.com\/fr\/knowledge-center\/expert-insights\/beer\/safbrew-ld-20-questions-answers\/","og_locale":"fr_FR","og_type":"article","og_title":"Questions et r\u00e9ponses sur SafBrew\u2122 LD-20","og_description":"Vous trouverez tout ce que vous devez savoir sur SafBrew\u2122 DA-16, comment il a \u00e9t\u00e9 d\u00e9velopp\u00e9, \u00e0 quoi il sert, ses principaux avantages et ses recommandations de bi\u00e8re.","og_url":"https:\/\/fermentis.com\/fr\/knowledge-center\/expert-insights\/beer\/safbrew-ld-20-questions-answers\/","og_site_name":"Fermentis","article_publisher":"https:\/\/www.facebook.com\/Fermentis","article_modified_time":"2026-04-14T15:25:13+00:00","og_image":[{"width":376,"height":200,"url":"https:\/\/fermentis.com\/wp-content\/uploads\/2022\/03\/QA-BEER.jpg","type":"image\/jpeg"}],"twitter_card":"summary_large_image","twitter_site":"@fermentis","twitter_misc":{"Dur\u00e9e de lecture estim\u00e9e":"5 minutes"},"schema":{"@context":"https:\/\/schema.org","@graph":[{"@type":"WebPage","@id":"https:\/\/fermentis.com\/fr\/knowledge-center\/expert-insights\/beer\/safbrew-ld-20-questions-answers\/","url":"https:\/\/fermentis.com\/fr\/knowledge-center\/expert-insights\/beer\/safbrew-ld-20-questions-answers\/","name":"Questions et r\u00e9ponses sur SafBrew\u2122 LD-20 - Fermentis","isPartOf":{"@id":"https:\/\/fermentis.com\/fr\/#website"},"primaryImageOfPage":{"@id":"https:\/\/fermentis.com\/fr\/knowledge-center\/expert-insights\/beer\/safbrew-ld-20-questions-answers\/#primaryimage"},"image":{"@id":"https:\/\/fermentis.com\/fr\/knowledge-center\/expert-insights\/beer\/safbrew-ld-20-questions-answers\/#primaryimage"},"thumbnailUrl":"https:\/\/fermentis.com\/wp-content\/uploads\/2022\/03\/QA-BEER.jpg","datePublished":"2021-08-30T09:23:05+00:00","dateModified":"2026-04-14T15:25:13+00:00","description":"Vous trouverez tout ce que vous devez savoir sur SafBrew\u2122 DA-16, comment il a \u00e9t\u00e9 d\u00e9velopp\u00e9, \u00e0 quoi il sert, ses principaux avantages et ses recommandations de bi\u00e8re.","breadcrumb":{"@id":"https:\/\/fermentis.com\/fr\/knowledge-center\/expert-insights\/beer\/safbrew-ld-20-questions-answers\/#breadcrumb"},"inLanguage":"fr-FR","potentialAction":[{"@type":"ReadAction","target":["https:\/\/fermentis.com\/fr\/knowledge-center\/expert-insights\/beer\/safbrew-ld-20-questions-answers\/"]}]},{"@type":"ImageObject","inLanguage":"fr-FR","@id":"https:\/\/fermentis.com\/fr\/knowledge-center\/expert-insights\/beer\/safbrew-ld-20-questions-answers\/#primaryimage","url":"https:\/\/fermentis.com\/wp-content\/uploads\/2022\/03\/QA-BEER.jpg","contentUrl":"https:\/\/fermentis.com\/wp-content\/uploads\/2022\/03\/QA-BEER.jpg","width":376,"height":200,"caption":"Q&A BIERE"},{"@type":"BreadcrumbList","@id":"https:\/\/fermentis.com\/fr\/knowledge-center\/expert-insights\/beer\/safbrew-ld-20-questions-answers\/#breadcrumb","itemListElement":[{"@type":"ListItem","position":1,"name":"Home","item":"https:\/\/fermentis.com\/fr\/"},{"@type":"ListItem","position":2,"name":"Centre de connaissances","item":"https:\/\/fermentis.com\/fr\/knowledge-center\/"},{"@type":"ListItem","position":3,"name":"Avis d&#8217;experts","item":"https:\/\/fermentis.com\/fr\/knowledge-center\/expert-insights\/"},{"@type":"ListItem","position":4,"name":"Les avis des experts en bi\u00e8re","item":"https:\/\/fermentis.com\/fr\/knowledge-center\/expert-insights\/beer\/"},{"@type":"ListItem","position":5,"name":"Questions et r\u00e9ponses sur SafBrew\u2122 LD-20"}]},{"@type":"WebSite","@id":"https:\/\/fermentis.com\/fr\/#website","url":"https:\/\/fermentis.com\/fr\/","name":"Fermentis","description":"Un site utilisant WordPress","publisher":{"@id":"https:\/\/fermentis.com\/fr\/#organization"},"potentialAction":[{"@type":"SearchAction","target":{"@type":"EntryPoint","urlTemplate":"https:\/\/fermentis.com\/fr\/?s={search_term_string}"},"query-input":{"@type":"PropertyValueSpecification","valueRequired":true,"valueName":"search_term_string"}}],"inLanguage":"fr-FR"},{"@type":"Organization","@id":"https:\/\/fermentis.com\/fr\/#organization","name":"Fermentis","url":"https:\/\/fermentis.com\/fr\/","logo":{"@type":"ImageObject","inLanguage":"fr-FR","@id":"https:\/\/fermentis.com\/fr\/#\/schema\/logo\/image\/","url":"https:\/\/fermentis.com\/wp-content\/uploads\/2021\/07\/Logo-Fermentis-5.png","contentUrl":"https:\/\/fermentis.com\/wp-content\/uploads\/2021\/07\/Logo-Fermentis-5.png","width":308,"height":95,"caption":"Fermentis"},"image":{"@id":"https:\/\/fermentis.com\/fr\/#\/schema\/logo\/image\/"},"sameAs":["https:\/\/www.facebook.com\/Fermentis","https:\/\/x.com\/fermentis","https:\/\/www.instagram.com\/fermentisbylesaffre\/","https:\/\/www.linkedin.com\/company\/fermentis\/","https:\/\/www.youtube.com\/channel\/UCt_Lp3IZnUNXZeqSi6iiAdA"]}]}},"_links":{"self":[{"href":"https:\/\/fermentis.com\/fr\/wp-json\/wp\/v2\/pages\/31695","targetHints":{"allow":["GET"]}}],"collection":[{"href":"https:\/\/fermentis.com\/fr\/wp-json\/wp\/v2\/pages"}],"about":[{"href":"https:\/\/fermentis.com\/fr\/wp-json\/wp\/v2\/types\/page"}],"author":[{"embeddable":true,"href":"https:\/\/fermentis.com\/fr\/wp-json\/wp\/v2\/users\/2"}],"replies":[{"embeddable":true,"href":"https:\/\/fermentis.com\/fr\/wp-json\/wp\/v2\/comments?post=31695"}],"version-history":[{"count":1645,"href":"https:\/\/fermentis.com\/fr\/wp-json\/wp\/v2\/pages\/31695\/revisions"}],"predecessor-version":[{"id":716749,"href":"https:\/\/fermentis.com\/fr\/wp-json\/wp\/v2\/pages\/31695\/revisions\/716749"}],"up":[{"embeddable":true,"href":"https:\/\/fermentis.com\/fr\/wp-json\/wp\/v2\/pages\/27950"}],"wp:featuredmedia":[{"embeddable":true,"href":"https:\/\/fermentis.com\/fr\/wp-json\/wp\/v2\/media\/33000"}],"wp:attachment":[{"href":"https:\/\/fermentis.com\/fr\/wp-json\/wp\/v2\/media?parent=31695"}],"curies":[{"name":"wp","href":"https:\/\/api.w.org\/{rel}","templated":true}]}}