{"id":32842,"date":"2021-10-14T15:17:42","date_gmt":"2021-10-14T13:17:42","guid":{"rendered":"https:\/\/fermentis.com\/centre-connaissances\/insights\/point-de-vue-des-experts-spiritueux\/"},"modified":"2026-03-17T08:42:33","modified_gmt":"2026-03-17T07:42:33","slug":"spirits-expert-insights","status":"publish","type":"page","link":"https:\/\/fermentis.com\/fr\/knowledge-center\/expert-insights\/spirits-expert-insights\/","title":{"rendered":"L&#8217;avis des experts en spiritueux"},"content":{"rendered":"\n  <div class=\"banner has-hover\" id=\"banner-332851731\">\n          <div class=\"banner-inner fill\">\n        <div class=\"banner-bg fill\" >\n                                                \n                    <\/div>\n\t\t\n        <div class=\"banner-layers container\">\n            <div class=\"fill banner-link\"><\/div>            \n   <div id=\"text-box-800592419\" class=\"text-box banner-layer x50 md-x50 lg-x50 y50 md-y50 lg-y50 res-text\">\n                                <div class=\"text-box-content text \">\n              \n              <div class=\"text-inner text-center\">\n                  \n<h1><span style=\"font-size: 80%\"><strong>Spirits expert insights<\/strong><\/span><\/h1>\n\t<div id=\"gap-1969247957\" class=\"gap-element clearfix\" style=\"display:block; height:auto;\">\n\t\t\n<style>\n#gap-1969247957 {\n  padding-top: 15px;\n}\n<\/style>\n\t<\/div>\n\t\n              <\/div>\n           <\/div>\n                            \n<style>\n#text-box-800592419 {\n  width: 81%;\n}\n#text-box-800592419 .text-box-content {\n  font-size: 100%;\n}\n<\/style>\n    <\/div>\n \n        <\/div>\n      <\/div>\n\n            \n<style>\n#banner-332851731 {\n  padding-top: 150px;\n  background-color: rgb(255,255,255);\n}\n<\/style>\n  <\/div>\n\n\n\n\t<section class=\"section\" id=\"section_1506325351\">\n\t\t<div class=\"section-bg fill\" >\n\t\t\t\t\t\t\t\t\t\n\t\t\t\n\n\t\t<\/div>\n\n\t\t\n\n\t\t<div class=\"section-content relative\">\n\t\t\t\n<div class=\"row\"  id=\"row-24275038\">\n\n\t<div id=\"col-209543991\" class=\"col small-12 large-12\"  >\n\t\t\t\t<div class=\"col-inner\"  >\n\t\t\t\n\t\t\t\n<p class=\"lead shortcode-error text-center\">Sorry, no pages was found<\/p>\n  \n    <div class=\"row large-columns-8 medium-columns-3 small-columns-2\" >\n  <\/div>\n\t\t<\/div>\n\t\t\t\t\t<\/div>\n\n\t\n<\/div>\n\t\t<\/div>\n\n\t\t\n<style>\n#section_1506325351 {\n  padding-top: 30px;\n  padding-bottom: 30px;\n}\n<\/style>\n\t<\/section>\n\t\n","protected":false},"excerpt":{"rendered":"","protected":false},"author":5,"featured_media":0,"parent":27945,"menu_order":0,"comment_status":"closed","ping_status":"closed","template":"page-blank.php","meta":{"_acf_changed":false,"footnotes":""},"class_list":["post-32842","page","type-page","status-publish","hentry"],"acf":[],"yoast_head":"<!-- This site is optimized with the Yoast SEO Premium plugin v27.5 (Yoast SEO v27.5) - https:\/\/yoast.com\/product\/yoast-seo-premium-wordpress\/ -->\n<title>L&#039;avis de nos experts en spiritueux - Entretiens avec nos \u00e9quipes - Fermentis<\/title>\n<meta name=\"description\" content=\"Nos experts en spiritueux partageront leurs connaissances sur les caract\u00e9ristiques des levures spiritueuses pour aider les distillateurs \u00e0 tirer le meilleur parti de notre gamme de produits.\" \/>\n<meta name=\"robots\" content=\"index, follow, max-snippet:-1, max-image-preview:large, max-video-preview:-1\" \/>\n<link rel=\"canonical\" href=\"https:\/\/fermentis.com\/fr\/knowledge-center\/expert-insights\/spirits-expert-insights\/\" \/>\n<meta property=\"og:locale\" content=\"fr_FR\" \/>\n<meta property=\"og:type\" content=\"article\" \/>\n<meta property=\"og:title\" content=\"L&#039;avis des experts en spiritueux\" \/>\n<meta property=\"og:description\" content=\"Nos experts en spiritueux partageront leurs connaissances sur les caract\u00e9ristiques des levures spiritueuses pour aider les distillateurs \u00e0 tirer le meilleur parti de notre gamme de produits.\" \/>\n<meta property=\"og:url\" content=\"https:\/\/fermentis.com\/fr\/knowledge-center\/expert-insights\/spirits-expert-insights\/\" \/>\n<meta property=\"og:site_name\" content=\"Fermentis\" \/>\n<meta property=\"article:publisher\" content=\"https:\/\/www.facebook.com\/Fermentis\" \/>\n<meta property=\"article:modified_time\" content=\"2026-03-17T07:42:33+00:00\" \/>\n<meta property=\"og:image\" content=\"https:\/\/fermentis.com\/wp-content\/uploads\/2021\/07\/website-v2.png\" \/>\n\t<meta property=\"og:image:width\" content=\"1903\" \/>\n\t<meta property=\"og:image:height\" content=\"901\" \/>\n\t<meta property=\"og:image:type\" content=\"image\/png\" \/>\n<meta name=\"twitter:card\" content=\"summary_large_image\" \/>\n<meta name=\"twitter:site\" content=\"@fermentis\" \/>\n<script type=\"application\/ld+json\" class=\"yoast-schema-graph\">{\"@context\":\"https:\\\/\\\/schema.org\",\"@graph\":[{\"@type\":\"WebPage\",\"@id\":\"https:\\\/\\\/fermentis.com\\\/fr\\\/knowledge-center\\\/expert-insights\\\/spirits-expert-insights\\\/\",\"url\":\"https:\\\/\\\/fermentis.com\\\/fr\\\/knowledge-center\\\/expert-insights\\\/spirits-expert-insights\\\/\",\"name\":\"L'avis de nos experts en spiritueux - Entretiens avec nos \u00e9quipes - Fermentis\",\"isPartOf\":{\"@id\":\"https:\\\/\\\/fermentis.com\\\/fr\\\/#website\"},\"datePublished\":\"2021-10-14T13:17:42+00:00\",\"dateModified\":\"2026-03-17T07:42:33+00:00\",\"description\":\"Nos experts en spiritueux partageront leurs connaissances sur les caract\u00e9ristiques des levures spiritueuses pour aider les distillateurs \u00e0 tirer le meilleur parti de notre gamme de produits.\",\"breadcrumb\":{\"@id\":\"https:\\\/\\\/fermentis.com\\\/fr\\\/knowledge-center\\\/expert-insights\\\/spirits-expert-insights\\\/#breadcrumb\"},\"inLanguage\":\"fr-FR\",\"potentialAction\":[{\"@type\":\"ReadAction\",\"target\":[\"https:\\\/\\\/fermentis.com\\\/fr\\\/knowledge-center\\\/expert-insights\\\/spirits-expert-insights\\\/\"]}]},{\"@type\":\"BreadcrumbList\",\"@id\":\"https:\\\/\\\/fermentis.com\\\/fr\\\/knowledge-center\\\/expert-insights\\\/spirits-expert-insights\\\/#breadcrumb\",\"itemListElement\":[{\"@type\":\"ListItem\",\"position\":1,\"name\":\"Home\",\"item\":\"https:\\\/\\\/fermentis.com\\\/fr\\\/\"},{\"@type\":\"ListItem\",\"position\":2,\"name\":\"Centre de connaissances\",\"item\":\"https:\\\/\\\/fermentis.com\\\/fr\\\/knowledge-center\\\/\"},{\"@type\":\"ListItem\",\"position\":3,\"name\":\"Avis d&#8217;experts\",\"item\":\"https:\\\/\\\/fermentis.com\\\/fr\\\/knowledge-center\\\/expert-insights\\\/\"},{\"@type\":\"ListItem\",\"position\":4,\"name\":\"L&#8217;avis des experts en spiritueux\"}]},{\"@type\":\"WebSite\",\"@id\":\"https:\\\/\\\/fermentis.com\\\/fr\\\/#website\",\"url\":\"https:\\\/\\\/fermentis.com\\\/fr\\\/\",\"name\":\"Fermentis\",\"description\":\"Un site utilisant WordPress\",\"publisher\":{\"@id\":\"https:\\\/\\\/fermentis.com\\\/fr\\\/#organization\"},\"potentialAction\":[{\"@type\":\"SearchAction\",\"target\":{\"@type\":\"EntryPoint\",\"urlTemplate\":\"https:\\\/\\\/fermentis.com\\\/fr\\\/?s={search_term_string}\"},\"query-input\":{\"@type\":\"PropertyValueSpecification\",\"valueRequired\":true,\"valueName\":\"search_term_string\"}}],\"inLanguage\":\"fr-FR\"},{\"@type\":\"Organization\",\"@id\":\"https:\\\/\\\/fermentis.com\\\/fr\\\/#organization\",\"name\":\"Fermentis\",\"url\":\"https:\\\/\\\/fermentis.com\\\/fr\\\/\",\"logo\":{\"@type\":\"ImageObject\",\"inLanguage\":\"fr-FR\",\"@id\":\"https:\\\/\\\/fermentis.com\\\/fr\\\/#\\\/schema\\\/logo\\\/image\\\/\",\"url\":\"https:\\\/\\\/fermentis.com\\\/wp-content\\\/uploads\\\/2021\\\/07\\\/Logo-Fermentis-5.png\",\"contentUrl\":\"https:\\\/\\\/fermentis.com\\\/wp-content\\\/uploads\\\/2021\\\/07\\\/Logo-Fermentis-5.png\",\"width\":308,\"height\":95,\"caption\":\"Fermentis\"},\"image\":{\"@id\":\"https:\\\/\\\/fermentis.com\\\/fr\\\/#\\\/schema\\\/logo\\\/image\\\/\"},\"sameAs\":[\"https:\\\/\\\/www.facebook.com\\\/Fermentis\",\"https:\\\/\\\/x.com\\\/fermentis\",\"https:\\\/\\\/www.instagram.com\\\/fermentisbylesaffre\\\/\",\"https:\\\/\\\/www.linkedin.com\\\/company\\\/fermentis\\\/\",\"https:\\\/\\\/www.youtube.com\\\/channel\\\/UCt_Lp3IZnUNXZeqSi6iiAdA\"]}]}<\/script>\n<!-- \/ Yoast SEO Premium plugin. -->","yoast_head_json":{"title":"L'avis de nos experts en spiritueux - Entretiens avec nos \u00e9quipes - Fermentis","description":"Nos experts en spiritueux partageront leurs connaissances sur les caract\u00e9ristiques des levures spiritueuses pour aider les distillateurs \u00e0 tirer le meilleur parti de notre gamme de produits.","robots":{"index":"index","follow":"follow","max-snippet":"max-snippet:-1","max-image-preview":"max-image-preview:large","max-video-preview":"max-video-preview:-1"},"canonical":"https:\/\/fermentis.com\/fr\/knowledge-center\/expert-insights\/spirits-expert-insights\/","og_locale":"fr_FR","og_type":"article","og_title":"L'avis des experts en spiritueux","og_description":"Nos experts en spiritueux partageront leurs connaissances sur les caract\u00e9ristiques des levures spiritueuses pour aider les distillateurs \u00e0 tirer le meilleur parti de notre gamme de produits.","og_url":"https:\/\/fermentis.com\/fr\/knowledge-center\/expert-insights\/spirits-expert-insights\/","og_site_name":"Fermentis","article_publisher":"https:\/\/www.facebook.com\/Fermentis","article_modified_time":"2026-03-17T07:42:33+00:00","og_image":[{"width":1903,"height":901,"url":"https:\/\/fermentis.com\/wp-content\/uploads\/2021\/07\/website-v2.png","type":"image\/png"}],"twitter_card":"summary_large_image","twitter_site":"@fermentis","schema":{"@context":"https:\/\/schema.org","@graph":[{"@type":"WebPage","@id":"https:\/\/fermentis.com\/fr\/knowledge-center\/expert-insights\/spirits-expert-insights\/","url":"https:\/\/fermentis.com\/fr\/knowledge-center\/expert-insights\/spirits-expert-insights\/","name":"L'avis de nos experts en spiritueux - Entretiens avec nos \u00e9quipes - Fermentis","isPartOf":{"@id":"https:\/\/fermentis.com\/fr\/#website"},"datePublished":"2021-10-14T13:17:42+00:00","dateModified":"2026-03-17T07:42:33+00:00","description":"Nos experts en spiritueux partageront leurs connaissances sur les caract\u00e9ristiques des levures spiritueuses pour aider les distillateurs \u00e0 tirer le meilleur parti de notre gamme de produits.","breadcrumb":{"@id":"https:\/\/fermentis.com\/fr\/knowledge-center\/expert-insights\/spirits-expert-insights\/#breadcrumb"},"inLanguage":"fr-FR","potentialAction":[{"@type":"ReadAction","target":["https:\/\/fermentis.com\/fr\/knowledge-center\/expert-insights\/spirits-expert-insights\/"]}]},{"@type":"BreadcrumbList","@id":"https:\/\/fermentis.com\/fr\/knowledge-center\/expert-insights\/spirits-expert-insights\/#breadcrumb","itemListElement":[{"@type":"ListItem","position":1,"name":"Home","item":"https:\/\/fermentis.com\/fr\/"},{"@type":"ListItem","position":2,"name":"Centre de connaissances","item":"https:\/\/fermentis.com\/fr\/knowledge-center\/"},{"@type":"ListItem","position":3,"name":"Avis d&#8217;experts","item":"https:\/\/fermentis.com\/fr\/knowledge-center\/expert-insights\/"},{"@type":"ListItem","position":4,"name":"L&#8217;avis des experts en spiritueux"}]},{"@type":"WebSite","@id":"https:\/\/fermentis.com\/fr\/#website","url":"https:\/\/fermentis.com\/fr\/","name":"Fermentis","description":"Un site utilisant WordPress","publisher":{"@id":"https:\/\/fermentis.com\/fr\/#organization"},"potentialAction":[{"@type":"SearchAction","target":{"@type":"EntryPoint","urlTemplate":"https:\/\/fermentis.com\/fr\/?s={search_term_string}"},"query-input":{"@type":"PropertyValueSpecification","valueRequired":true,"valueName":"search_term_string"}}],"inLanguage":"fr-FR"},{"@type":"Organization","@id":"https:\/\/fermentis.com\/fr\/#organization","name":"Fermentis","url":"https:\/\/fermentis.com\/fr\/","logo":{"@type":"ImageObject","inLanguage":"fr-FR","@id":"https:\/\/fermentis.com\/fr\/#\/schema\/logo\/image\/","url":"https:\/\/fermentis.com\/wp-content\/uploads\/2021\/07\/Logo-Fermentis-5.png","contentUrl":"https:\/\/fermentis.com\/wp-content\/uploads\/2021\/07\/Logo-Fermentis-5.png","width":308,"height":95,"caption":"Fermentis"},"image":{"@id":"https:\/\/fermentis.com\/fr\/#\/schema\/logo\/image\/"},"sameAs":["https:\/\/www.facebook.com\/Fermentis","https:\/\/x.com\/fermentis","https:\/\/www.instagram.com\/fermentisbylesaffre\/","https:\/\/www.linkedin.com\/company\/fermentis\/","https:\/\/www.youtube.com\/channel\/UCt_Lp3IZnUNXZeqSi6iiAdA"]}]}},"_links":{"self":[{"href":"https:\/\/fermentis.com\/fr\/wp-json\/wp\/v2\/pages\/32842","targetHints":{"allow":["GET"]}}],"collection":[{"href":"https:\/\/fermentis.com\/fr\/wp-json\/wp\/v2\/pages"}],"about":[{"href":"https:\/\/fermentis.com\/fr\/wp-json\/wp\/v2\/types\/page"}],"author":[{"embeddable":true,"href":"https:\/\/fermentis.com\/fr\/wp-json\/wp\/v2\/users\/5"}],"replies":[{"embeddable":true,"href":"https:\/\/fermentis.com\/fr\/wp-json\/wp\/v2\/comments?post=32842"}],"version-history":[{"count":984,"href":"https:\/\/fermentis.com\/fr\/wp-json\/wp\/v2\/pages\/32842\/revisions"}],"predecessor-version":[{"id":673469,"href":"https:\/\/fermentis.com\/fr\/wp-json\/wp\/v2\/pages\/32842\/revisions\/673469"}],"up":[{"embeddable":true,"href":"https:\/\/fermentis.com\/fr\/wp-json\/wp\/v2\/pages\/27945"}],"wp:attachment":[{"href":"https:\/\/fermentis.com\/fr\/wp-json\/wp\/v2\/media?parent=32842"}],"curies":[{"name":"wp","href":"https:\/\/api.w.org\/{rel}","templated":true}]}}