{"id":42792,"date":"2022-03-04T09:48:26","date_gmt":"2022-03-04T08:48:26","guid":{"rendered":"https:\/\/fermentis.com\/knowledge-center\/expert-insights\/beer\/safale-be-256-questions-answers\/"},"modified":"2026-04-15T22:23:16","modified_gmt":"2026-04-15T20:23:16","slug":"safale-be-256-questions-answers","status":"publish","type":"page","link":"https:\/\/fermentis.com\/fr\/knowledge-center\/expert-insights\/beer\/safale-be-256-questions-answers\/","title":{"rendered":"Questions et r\u00e9ponses sur SafAle\u2122 BE-256"},"content":{"rendered":"\n  <div class=\"banner has-hover\" id=\"banner-519983737\">\n          <div class=\"banner-inner fill\">\n        <div class=\"banner-bg fill\" >\n                                                \n                    <\/div>\n\t\t\n        <div class=\"banner-layers container\">\n            <div class=\"fill banner-link\"><\/div>            \n   <div id=\"text-box-1911043179\" class=\"text-box banner-layer x50 md-x50 lg-x50 y50 md-y50 lg-y50 res-text\">\n                                <div class=\"text-box-content text \">\n              \n              <div class=\"text-inner text-center\">\n                  \n<br data-source=\"\n\"><\/p>\n<h1><span style=\"font-size: 80%\"><strong>Questions et r\u00e9ponses sur SafAle\u2122 BE-256<\/strong><\/span><\/h1>\n<p><br data-source=\"\n\"><\/p>\n<p class=\"lead\">Tout ce que vous devez savoir sur SafAle\u2122 BE-256<\/p>\n<p><br data-source=\"\n\"><em>Par Gabriela Montandon<\/em><br data-source=\"\n\n\"><\/p>\n              <\/div>\n           <\/div>\n                            \n<style>\n#text-box-1911043179 {\n  width: 81%;\n}\n#text-box-1911043179 .text-box-content {\n  font-size: 100%;\n}\n<\/style>\n    <\/div>\n \n        <\/div>\n      <\/div>\n\n            \n<style>\n#banner-519983737 {\n  padding-top: 200px;\n  background-color: rgb(255,255,255);\n}\n<\/style>\n  <\/div>\n\n\n<div class=\"text-center\"><div class=\"is-divider divider clearfix\" style=\"max-width:600px;height:2px;\"><\/div><\/div>\n\n\t<section class=\"section\" id=\"section_1431994610\">\n\t\t<div class=\"section-bg fill\" >\n\t\t\t\t\t\t\t\t\t\n\t\t\t\n\n\t\t<\/div>\n\n\t\t\n\n\t\t<div class=\"section-content relative\">\n\t\t\t\n<div class=\"row\"  id=\"row-1088748991\">\n\n\t<div id=\"col-1861643651\" class=\"col medium-2 small-12 large-2\"  >\n\t\t\t\t<div class=\"col-inner\"  >\n\t\t\t\n\t\t\t\n\t<div class=\"img has-hover x md-x lg-x y md-y lg-y\" id=\"image_583026831\">\n\t\t<a class=\"image-lightbox lightbox-gallery\" title=\"\" href=\"https:\/\/fermentis.com\/wp-content\/uploads\/2022\/03\/BE-256_288_C.jpg\">\t\t\t\t\t\t<div class=\"img-inner dark\" >\n\t\t\t<img loading=\"lazy\" decoding=\"async\" width=\"288\" height=\"1080\" src=\"https:\/\/fermentis.com\/wp-content\/uploads\/2022\/03\/BE-256_288_C.jpg\" class=\"attachment-original size-original\" alt=\"BE-256_288_C\" srcset=\"https:\/\/fermentis.com\/wp-content\/uploads\/2022\/03\/BE-256_288_C.jpg 288w, https:\/\/fermentis.com\/wp-content\/uploads\/2022\/03\/BE-256_288_C-213x800.jpg 213w, https:\/\/fermentis.com\/wp-content\/uploads\/2022\/03\/BE-256_288_C-273x1024.jpg 273w\" sizes=\"auto, (max-width: 288px) 100vw, 288px\" \/>\t\t\t\t\t\t\n\t\t\t\t\t<\/div>\n\t\t\t\t\t\t<\/a>\t\t\n<style>\n#image_583026831 {\n  width: 100%;\n}\n<\/style>\n\t<\/div>\n\t\n\t\t<\/div>\n\t\t\t\t\t<\/div>\n\n\t\n\n\t<div id=\"col-1235550353\" class=\"col medium-10 small-12 large-10\"  >\n\t\t\t\t<div class=\"col-inner\"  >\n\t\t\t\n\t\t\t\n<p><br data-source=\"\n\n\">D\u00e9couvrez tout ce que vous devez savoir sur SafAle\u2122 BE-256, la levure parfaite pour les bi\u00e8res fortes belges, en lisant notre questions-r\u00e9ponses avec notre responsable R&amp;D en analyse sensorielle, Gabriela Montandon.<br data-source=\"\n\"><\/p>\n<h3><strong>Pourquoi Fermentis a d\u00e9cid\u00e9 d&#039;ajouter ce produit de levure \u00e0 la gamme ?<\/strong><\/h3>\n<p><br data-source=\"\n\">Une souche de levure \u00e0 haute performance et \u00e0 fermentation rapide allait toujours \u00eatre un atout dans notre gamme. Lorsque nous avons test\u00e9 pour la premi\u00e8re fois SafAle\u2122 BE-256, nous avons rapidement r\u00e9alis\u00e9 qu&#039;il avait un potentiel incroyable pour lib\u00e9rer de l&#039;ac\u00e9tate d&#039;isoamyle, l&#039;un des composants cl\u00e9s \u00e0 l&#039;origine de la saveur fruit\u00e9e distinctive (fortes notes de banane et de fleurs) qui caract\u00e9risent certains types de bi\u00e8re. Ce qui \u00e9tait \u00e9galement remarquable, c&#039;\u00e9tait la complexit\u00e9 et l&#039;intensit\u00e9 de ces ar\u00f4mes sans aucun piquant. Gr\u00e2ce \u00e0 sa capacit\u00e9 \u00e0 atteindre des niveaux d&#039;alcool \u00e9lev\u00e9s, nous avions une excellente souche de levure pour les bi\u00e8res fortes belges classiques (style Abbaye) que beaucoup d&#039;entre nous appr\u00e9cient. De nos jours, nous ne d\u00e9dions plus une souche \u00e0 un seul style, car nous avons appris, gr\u00e2ce \u00e0 des exp\u00e9rimentations cr\u00e9atives et \u00e0 des conditions sp\u00e9cifiques, qu&#039;il est possible d&#039;utiliser une m\u00eame souche de levure pour de nombreux styles de bi\u00e8re diff\u00e9rents.<br data-source=\"\n\"><\/p>\n<h3><strong>Comment a-t-il \u00e9t\u00e9 d\u00e9velopp\u00e9 ?<\/strong><\/h3>\n<p><br data-source=\"\n\">SafAle\u2122 BE-256 a \u00e9t\u00e9 s\u00e9lectionn\u00e9 aupr\u00e8s d&#039;une banque de levures belge gr\u00e2ce \u00e0 un processus de s\u00e9lection sp\u00e9cifique.<br data-source=\"\n\"><\/p>\n<h3><strong>A quoi \u00e7a sert ?<\/strong><\/h3>\n<p><br data-source=\"\n\">SafAle\u2122 BE-256 peut convenir \u00e0 de nombreux styles de bi\u00e8re diff\u00e9rents, mais apr\u00e8s avoir effectu\u00e9 plusieurs essais, nous le recommandons particuli\u00e8rement pour les bi\u00e8res fortes belges, telles que le style Abbaye, Dubbel, Tripel, Quadruppel, mais aussi pour les bi\u00e8res fortes am\u00e9ricaines telles que les porters imp\u00e9riaux et les stouts imp\u00e9riaux. En g\u00e9n\u00e9ral, il est pr\u00e9f\u00e9rable d&#039;utiliser cette levure pour les bi\u00e8res \u00e0 haute densit\u00e9, avec une teneur en alcool \u00e9lev\u00e9e. Cependant, nous recommandons \u00e9galement aux brasseurs d&#039;exp\u00e9rimenter &#8211; vous pourriez apprendre quelque chose que nous ne savions pas !<br data-source=\"\n\"><\/p>\n<h3><strong>Quels sont les principaux avantages de ce produit ?<\/strong><\/h3>\n<p><br data-source=\"\n\">SafAle\u2122 BE-256 fermente tr\u00e8s rapidement et produit des niveaux \u00e9lev\u00e9s d\u2019ac\u00e9tate d\u2019isoamyle et d\u2019autres esters fruit\u00e9s. Fondamentalement, l\u2019intensit\u00e9 des saveurs fruit\u00e9es et de banane produites est li\u00e9e \u00e0 la concentration initiale du mo\u00fbt et \u00e0 la temp\u00e9rature de fermentation. Plus la densit\u00e9 et la temp\u00e9rature sont \u00e9lev\u00e9es, plus les esters produits sont fruit\u00e9s. Il est donc possible d&#039;orienter les saveurs fruit\u00e9es en jouant sur la concentration du mo\u00fbt et la temp\u00e9rature de fermentation. L&#039;augmentation de l&#039;un ou l&#039;autre g\u00e9n\u00e9rera plus d&#039;esters ainsi que plus de complexit\u00e9 et de notes florales \u00e9galement.<br data-source=\"\n\n\"><\/p>\n\t\t<\/div>\n\t\t\t\t\t<\/div>\n\n\t\n<\/div>\n<div class=\"row\"  id=\"row-94095532\">\n\n\t<div id=\"col-1362312807\" class=\"col medium-4 small-12 large-4\"  >\n\t\t\t\t<div class=\"col-inner\"  >\n\t\t\t\n\t\t\t\n<br data-source=\"\n\"><\/p>\n<h3><strong>Il existe un autre produit dans la gamme appel\u00e9 SafAle\u2122 BE-134, est-il li\u00e9 ?<\/strong><\/h3>\n<p><br data-source=\"\n\">Elles sont en effet apparent\u00e9es, puisque les deux souches de levure proviennent de Belgique. Cependant, ils sont tr\u00e8s diff\u00e9rents \u00e0 plusieurs \u00e9gards. SafAle\u2122 BE-134 partage les m\u00eames initiales \u00ab BE \u00bb mais convient mieux \u00e0 d\u2019autres styles de bi\u00e8re. Produisant des esters fruit\u00e9s et des composants ph\u00e9noliques (\u00e9pic\u00e9s), il est id\u00e9al pour fabriquer des bi\u00e8res s\u00e8ches et rafra\u00eechissantes, comme le style Saison belge. SafAle\u2122 BE-256 ne produira aucune saveur \u00e9pic\u00e9e mais produira des notes fruit\u00e9es encore plus intenses.<br data-source=\"\n\n\"><\/p>\n\t\t<\/div>\n\t\t\t\t\t<\/div>\n\n\t\n\n\t<div id=\"col-1272277499\" class=\"col medium-3 small-12 large-3\"  >\n\t\t\t\t<div class=\"col-inner text-center\"  >\n\t\t\t\n\t\t\t\n<div class=\"container section-title-container\" ><h3 class=\"section-title section-title-center\"><b aria-hidden=\"true\"><\/b><span class=\"section-title-main\" >Plus d&#039;informations<\/span><b aria-hidden=\"true\"><\/b><\/h3><\/div>\n\t\n  \n    <div class=\"row large-columns-1 medium-columns- small-columns- row-small has-shadow row-box-shadow-1 row-box-shadow-2-hover\" >\n  <\/div>\n\t\t<\/div>\n\t\t\t\t\t<\/div>\n\n\t\n<\/div>\n\t\t<\/div>\n\n\t\t\n<style>\n#section_1431994610 {\n  padding-top: 20px;\n  padding-bottom: 20px;\n}\n<\/style>\n\t<\/section>\n\t\n\n\t<section class=\"section\" id=\"section_1978946641\">\n\t\t<div class=\"section-bg fill\" >\n\t\t\t\t\t\t\t\t\t\n\t\t\t\n\n\t\t<\/div>\n\n\t\t\n\n\t\t<div class=\"section-content relative\">\n\t\t\t\n<div class=\"row row-small\"  id=\"row-740470691\">\n\n\t<div id=\"col-383485837\" class=\"col medium-3 small-12 large-3\"  >\n\t\t\t\t<div class=\"col-inner\"  >\n\t\t\t\n\t\t\t\n\t<div class=\"box has-hover   has-hover box-text-bottom\" >\n\n\t\t<div class=\"box-image\" style=\"border-radius:100%;width:60%;\">\n\t\t\t\t\t\t<div class=\"image-cover\" style=\"padding-top:100%;\">\n\t\t\t\t<img loading=\"lazy\" decoding=\"async\" width=\"457\" height=\"557\" src=\"https:\/\/fermentis.com\/wp-content\/uploads\/2022\/02\/Gabriela.png\" class=\"attachment-large size-large\" alt=\"\" \/>\t\t\t\t\t\t\t\t\t\t\t<\/div>\n\t\t\t\t\t<\/div>\n\n\t\t<div class=\"box-text text-center\" >\n\t\t\t<div class=\"box-text-inner\">\n\t\t\t\t\n<br data-source=\"\n\"><\/p>\n<h4>Gabriela Montando<\/h4>\n<p><br data-source=\"\n\">Responsable Technique &#8211; Analyse Sensorielle<br data-source=\"\n\n\"><\/p>\n\t\t\t<\/div>\n\t\t<\/div>\n\t<\/div>\n\t\n\t\t<\/div>\n\t\t\t\t\n<style>\n#col-383485837 > .col-inner {\n  padding: 30px 0px 0px 0px;\n}\n<\/style>\n\t<\/div>\n\n\t\n\n\t<div id=\"col-691722236\" class=\"col medium-9 small-12 large-9\"  >\n\t\t\t\t<div class=\"col-inner\"  >\n\t\t\t\n\t\t\t\n\t<div id=\"gap-1558004156\" class=\"gap-element clearfix\" style=\"display:block; height:auto;\">\n\t\t\n<style>\n#gap-1558004156 {\n  padding-top: &quot;40px&quot;;\n}\n<\/style>\n\t<\/div>\n\t<br data-source=\"\n\n\"><strong>Gabriela Montandon est notre Responsable Technique &#8211; Analyse Sensorielle<\/strong><br data-source=\"\n\n\">Membre de l&#039;\u00e9quipe Recherche et D\u00e9veloppement Fermentis chez Lesaffre (Lille &#8211; France, 2017) avec une large exp\u00e9rience dans le domaine des ar\u00f4mes de bi\u00e8re et de la fermentation.<br data-source=\"\n\n\">Gabriela Montandon est responsable du programme de recherche sensorielle chez Fermentis et s&#039;engage activement dans des projets li\u00e9s \u00e0 la caract\u00e9risation sensorielle, dirige des panels sensoriels, de la formation au d\u00e9veloppement du profilage sensoriel des bi\u00e8res et autres boissons alcoolis\u00e9es.<br data-source=\"\n\n\">Elle est docteure en microbiologie (Universit\u00e9 f\u00e9d\u00e9rale du Minas Gerais &#8211; Br\u00e9sil et KU Leuven, Campus Gent &#8211; Belgique, 2016) et a d\u00e9velopp\u00e9 la premi\u00e8re \u00e9tude de s\u00e9lection et d&#039;application industrielle de souches sauvages <i>de Saccharomyces cerevisiae<\/i> d&#039;Am\u00e9rique du Sud \u00e0 la production de bi\u00e8re de sp\u00e9cialit\u00e9.<br data-source=\"\n\n\">Gabriela est une d\u00e9gustatrice de bi\u00e8re certifi\u00e9e internationale (BJCP 2010), participant activement en tant que membre du jury et conseill\u00e8re aux plus grands concours de bi\u00e8re au monde. <span lang=\"EN-GB\">Co-fondateur de la brasserie Grimor (Br\u00e9sil, 2010) avec une exp\u00e9rience reconnue dans le d\u00e9veloppement de produits.<\/span><\/p>\n\t\t<\/div>\n\t\t\t\t\t<\/div>\n\n\t\n<\/div>\n\t\t<\/div>\n\n\t\t\n<style>\n#section_1978946641 {\n  padding-top: 5px;\n  padding-bottom: 5px;\n  background-color: rgb(230, 230, 230);\n}\n<\/style>\n\t<\/section>\n\t\n\n\t<section class=\"section\" id=\"section_832531966\">\n\t\t<div class=\"section-bg fill\" >\n\t\t\t\t\t\t\t\t\t\n\t\t\t\n\n\t\t<\/div>\n\n\t\t\n\n\t\t<div class=\"section-content relative\">\n\t\t\t\n<div class=\"row row-small\"  id=\"row-297908421\">\n\n\t<div id=\"col-1754730373\" class=\"col small-12 large-12\"  >\n\t\t\t\t<div class=\"col-inner text-center\"  >\n\t\t\t\n\t\t\t\n\t<div id=\"gap-658480431\" class=\"gap-element clearfix\" style=\"display:block; height:auto;\">\n\t\t\n<style>\n#gap-658480431 {\n  padding-top: 40px;\n}\n<\/style>\n\t<\/div>\n\t\n<a href=\"https:\/\/fermentis.com\/fr\/knowledge-center\/expert-insights\/\" class=\"button primary is-outline\" >\n\t\t<span>Retour aux avis d&#039;experts<\/span>\n\t<i class=\"icon-angle-right\" aria-hidden=\"true\"><\/i><\/a>\n\n\t\t<\/div>\n\t\t\t\t\t<\/div>\n\n\t\n<\/div>\n\t\t<\/div>\n\n\t\t\n<style>\n#section_832531966 {\n  padding-top: 5px;\n  padding-bottom: 5px;\n  background-color: rgb(255, 255, 255);\n}\n<\/style>\n\t<\/section>\n\t\n","protected":false},"excerpt":{"rendered":"","protected":false},"author":5,"featured_media":33000,"parent":27950,"menu_order":0,"comment_status":"closed","ping_status":"closed","template":"page-blank.php","meta":{"_acf_changed":false,"footnotes":""},"class_list":["post-42792","page","type-page","status-publish","has-post-thumbnail","hentry"],"acf":[],"yoast_head":"<!-- This site is optimized with the Yoast SEO Premium plugin v27.3 (Yoast SEO v27.4) - https:\/\/yoast.com\/product\/yoast-seo-premium-wordpress\/ -->\n<title>Questions et r\u00e9ponses sur SafAle\u2122 BE-256 - Fermentis<\/title>\n<meta name=\"description\" content=\"Vous trouverez tout ce que vous devez savoir sur SafAle\u2122 BE-256, comment il a \u00e9t\u00e9 d\u00e9velopp\u00e9, \u00e0 quoi il sert, ses principaux avantages et ses recommandations de bi\u00e8re.\" \/>\n<meta name=\"robots\" content=\"index, follow, max-snippet:-1, max-image-preview:large, max-video-preview:-1\" \/>\n<link rel=\"canonical\" href=\"https:\/\/fermentis.com\/fr\/knowledge-center\/expert-insights\/beer\/safale-be-256-questions-answers\/\" \/>\n<meta property=\"og:locale\" content=\"fr_FR\" \/>\n<meta property=\"og:type\" content=\"article\" \/>\n<meta property=\"og:title\" content=\"Questions et r\u00e9ponses sur SafAle\u2122 BE-256\" \/>\n<meta property=\"og:description\" content=\"Vous trouverez tout ce que vous devez savoir sur SafAle\u2122 BE-256, comment il a \u00e9t\u00e9 d\u00e9velopp\u00e9, \u00e0 quoi il sert, ses principaux avantages et ses recommandations de bi\u00e8re.\" \/>\n<meta property=\"og:url\" content=\"https:\/\/fermentis.com\/fr\/knowledge-center\/expert-insights\/beer\/safale-be-256-questions-answers\/\" \/>\n<meta property=\"og:site_name\" content=\"Fermentis\" \/>\n<meta property=\"article:publisher\" content=\"https:\/\/www.facebook.com\/Fermentis\" \/>\n<meta property=\"article:modified_time\" content=\"2026-04-15T20:23:16+00:00\" \/>\n<meta property=\"og:image\" content=\"https:\/\/fermentis.com\/wp-content\/uploads\/2022\/03\/QA-BEER.jpg\" \/>\n\t<meta property=\"og:image:width\" content=\"376\" \/>\n\t<meta property=\"og:image:height\" content=\"200\" \/>\n\t<meta property=\"og:image:type\" content=\"image\/jpeg\" \/>\n<meta name=\"twitter:card\" content=\"summary_large_image\" \/>\n<meta name=\"twitter:site\" content=\"@fermentis\" \/>\n<meta name=\"twitter:label1\" content=\"Dur\u00e9e de lecture estim\u00e9e\" \/>\n\t<meta name=\"twitter:data1\" content=\"4 minutes\" \/>\n<script type=\"application\/ld+json\" class=\"yoast-schema-graph\">{\"@context\":\"https:\\\/\\\/schema.org\",\"@graph\":[{\"@type\":\"WebPage\",\"@id\":\"https:\\\/\\\/fermentis.com\\\/fr\\\/knowledge-center\\\/expert-insights\\\/beer\\\/safale-be-256-questions-answers\\\/\",\"url\":\"https:\\\/\\\/fermentis.com\\\/fr\\\/knowledge-center\\\/expert-insights\\\/beer\\\/safale-be-256-questions-answers\\\/\",\"name\":\"Questions et r\u00e9ponses sur SafAle\u2122 BE-256 - Fermentis\",\"isPartOf\":{\"@id\":\"https:\\\/\\\/fermentis.com\\\/fr\\\/#website\"},\"primaryImageOfPage\":{\"@id\":\"https:\\\/\\\/fermentis.com\\\/fr\\\/knowledge-center\\\/expert-insights\\\/beer\\\/safale-be-256-questions-answers\\\/#primaryimage\"},\"image\":{\"@id\":\"https:\\\/\\\/fermentis.com\\\/fr\\\/knowledge-center\\\/expert-insights\\\/beer\\\/safale-be-256-questions-answers\\\/#primaryimage\"},\"thumbnailUrl\":\"https:\\\/\\\/fermentis.com\\\/wp-content\\\/uploads\\\/2022\\\/03\\\/QA-BEER.jpg\",\"datePublished\":\"2022-03-04T08:48:26+00:00\",\"dateModified\":\"2026-04-15T20:23:16+00:00\",\"description\":\"Vous trouverez tout ce que vous devez savoir sur SafAle\u2122 BE-256, comment il a \u00e9t\u00e9 d\u00e9velopp\u00e9, \u00e0 quoi il sert, ses principaux avantages et ses recommandations de bi\u00e8re.\",\"breadcrumb\":{\"@id\":\"https:\\\/\\\/fermentis.com\\\/fr\\\/knowledge-center\\\/expert-insights\\\/beer\\\/safale-be-256-questions-answers\\\/#breadcrumb\"},\"inLanguage\":\"fr-FR\",\"potentialAction\":[{\"@type\":\"ReadAction\",\"target\":[\"https:\\\/\\\/fermentis.com\\\/fr\\\/knowledge-center\\\/expert-insights\\\/beer\\\/safale-be-256-questions-answers\\\/\"]}]},{\"@type\":\"ImageObject\",\"inLanguage\":\"fr-FR\",\"@id\":\"https:\\\/\\\/fermentis.com\\\/fr\\\/knowledge-center\\\/expert-insights\\\/beer\\\/safale-be-256-questions-answers\\\/#primaryimage\",\"url\":\"https:\\\/\\\/fermentis.com\\\/wp-content\\\/uploads\\\/2022\\\/03\\\/QA-BEER.jpg\",\"contentUrl\":\"https:\\\/\\\/fermentis.com\\\/wp-content\\\/uploads\\\/2022\\\/03\\\/QA-BEER.jpg\",\"width\":376,\"height\":200,\"caption\":\"Q&A BIERE\"},{\"@type\":\"BreadcrumbList\",\"@id\":\"https:\\\/\\\/fermentis.com\\\/fr\\\/knowledge-center\\\/expert-insights\\\/beer\\\/safale-be-256-questions-answers\\\/#breadcrumb\",\"itemListElement\":[{\"@type\":\"ListItem\",\"position\":1,\"name\":\"Home\",\"item\":\"https:\\\/\\\/fermentis.com\\\/fr\\\/\"},{\"@type\":\"ListItem\",\"position\":2,\"name\":\"Centre de connaissances\",\"item\":\"https:\\\/\\\/fermentis.com\\\/fr\\\/knowledge-center\\\/\"},{\"@type\":\"ListItem\",\"position\":3,\"name\":\"Avis d&#8217;experts\",\"item\":\"https:\\\/\\\/fermentis.com\\\/fr\\\/knowledge-center\\\/expert-insights\\\/\"},{\"@type\":\"ListItem\",\"position\":4,\"name\":\"Les avis des experts en bi\u00e8re\",\"item\":\"https:\\\/\\\/fermentis.com\\\/fr\\\/knowledge-center\\\/expert-insights\\\/beer\\\/\"},{\"@type\":\"ListItem\",\"position\":5,\"name\":\"Questions et r\u00e9ponses sur SafAle\u2122 BE-256\"}]},{\"@type\":\"WebSite\",\"@id\":\"https:\\\/\\\/fermentis.com\\\/fr\\\/#website\",\"url\":\"https:\\\/\\\/fermentis.com\\\/fr\\\/\",\"name\":\"Fermentis\",\"description\":\"Un site utilisant WordPress\",\"publisher\":{\"@id\":\"https:\\\/\\\/fermentis.com\\\/fr\\\/#organization\"},\"potentialAction\":[{\"@type\":\"SearchAction\",\"target\":{\"@type\":\"EntryPoint\",\"urlTemplate\":\"https:\\\/\\\/fermentis.com\\\/fr\\\/?s={search_term_string}\"},\"query-input\":{\"@type\":\"PropertyValueSpecification\",\"valueRequired\":true,\"valueName\":\"search_term_string\"}}],\"inLanguage\":\"fr-FR\"},{\"@type\":\"Organization\",\"@id\":\"https:\\\/\\\/fermentis.com\\\/fr\\\/#organization\",\"name\":\"Fermentis\",\"url\":\"https:\\\/\\\/fermentis.com\\\/fr\\\/\",\"logo\":{\"@type\":\"ImageObject\",\"inLanguage\":\"fr-FR\",\"@id\":\"https:\\\/\\\/fermentis.com\\\/fr\\\/#\\\/schema\\\/logo\\\/image\\\/\",\"url\":\"https:\\\/\\\/fermentis.com\\\/wp-content\\\/uploads\\\/2021\\\/07\\\/Logo-Fermentis-5.png\",\"contentUrl\":\"https:\\\/\\\/fermentis.com\\\/wp-content\\\/uploads\\\/2021\\\/07\\\/Logo-Fermentis-5.png\",\"width\":308,\"height\":95,\"caption\":\"Fermentis\"},\"image\":{\"@id\":\"https:\\\/\\\/fermentis.com\\\/fr\\\/#\\\/schema\\\/logo\\\/image\\\/\"},\"sameAs\":[\"https:\\\/\\\/www.facebook.com\\\/Fermentis\",\"https:\\\/\\\/x.com\\\/fermentis\",\"https:\\\/\\\/www.instagram.com\\\/fermentisbylesaffre\\\/\",\"https:\\\/\\\/www.linkedin.com\\\/company\\\/fermentis\\\/\",\"https:\\\/\\\/www.youtube.com\\\/channel\\\/UCt_Lp3IZnUNXZeqSi6iiAdA\"]}]}<\/script>\n<!-- \/ Yoast SEO Premium plugin. -->","yoast_head_json":{"title":"Questions et r\u00e9ponses sur SafAle\u2122 BE-256 - Fermentis","description":"Vous trouverez tout ce que vous devez savoir sur SafAle\u2122 BE-256, comment il a \u00e9t\u00e9 d\u00e9velopp\u00e9, \u00e0 quoi il sert, ses principaux avantages et ses recommandations de bi\u00e8re.","robots":{"index":"index","follow":"follow","max-snippet":"max-snippet:-1","max-image-preview":"max-image-preview:large","max-video-preview":"max-video-preview:-1"},"canonical":"https:\/\/fermentis.com\/fr\/knowledge-center\/expert-insights\/beer\/safale-be-256-questions-answers\/","og_locale":"fr_FR","og_type":"article","og_title":"Questions et r\u00e9ponses sur SafAle\u2122 BE-256","og_description":"Vous trouverez tout ce que vous devez savoir sur SafAle\u2122 BE-256, comment il a \u00e9t\u00e9 d\u00e9velopp\u00e9, \u00e0 quoi il sert, ses principaux avantages et ses recommandations de bi\u00e8re.","og_url":"https:\/\/fermentis.com\/fr\/knowledge-center\/expert-insights\/beer\/safale-be-256-questions-answers\/","og_site_name":"Fermentis","article_publisher":"https:\/\/www.facebook.com\/Fermentis","article_modified_time":"2026-04-15T20:23:16+00:00","og_image":[{"width":376,"height":200,"url":"https:\/\/fermentis.com\/wp-content\/uploads\/2022\/03\/QA-BEER.jpg","type":"image\/jpeg"}],"twitter_card":"summary_large_image","twitter_site":"@fermentis","twitter_misc":{"Dur\u00e9e de lecture estim\u00e9e":"4 minutes"},"schema":{"@context":"https:\/\/schema.org","@graph":[{"@type":"WebPage","@id":"https:\/\/fermentis.com\/fr\/knowledge-center\/expert-insights\/beer\/safale-be-256-questions-answers\/","url":"https:\/\/fermentis.com\/fr\/knowledge-center\/expert-insights\/beer\/safale-be-256-questions-answers\/","name":"Questions et r\u00e9ponses sur SafAle\u2122 BE-256 - Fermentis","isPartOf":{"@id":"https:\/\/fermentis.com\/fr\/#website"},"primaryImageOfPage":{"@id":"https:\/\/fermentis.com\/fr\/knowledge-center\/expert-insights\/beer\/safale-be-256-questions-answers\/#primaryimage"},"image":{"@id":"https:\/\/fermentis.com\/fr\/knowledge-center\/expert-insights\/beer\/safale-be-256-questions-answers\/#primaryimage"},"thumbnailUrl":"https:\/\/fermentis.com\/wp-content\/uploads\/2022\/03\/QA-BEER.jpg","datePublished":"2022-03-04T08:48:26+00:00","dateModified":"2026-04-15T20:23:16+00:00","description":"Vous trouverez tout ce que vous devez savoir sur SafAle\u2122 BE-256, comment il a \u00e9t\u00e9 d\u00e9velopp\u00e9, \u00e0 quoi il sert, ses principaux avantages et ses recommandations de bi\u00e8re.","breadcrumb":{"@id":"https:\/\/fermentis.com\/fr\/knowledge-center\/expert-insights\/beer\/safale-be-256-questions-answers\/#breadcrumb"},"inLanguage":"fr-FR","potentialAction":[{"@type":"ReadAction","target":["https:\/\/fermentis.com\/fr\/knowledge-center\/expert-insights\/beer\/safale-be-256-questions-answers\/"]}]},{"@type":"ImageObject","inLanguage":"fr-FR","@id":"https:\/\/fermentis.com\/fr\/knowledge-center\/expert-insights\/beer\/safale-be-256-questions-answers\/#primaryimage","url":"https:\/\/fermentis.com\/wp-content\/uploads\/2022\/03\/QA-BEER.jpg","contentUrl":"https:\/\/fermentis.com\/wp-content\/uploads\/2022\/03\/QA-BEER.jpg","width":376,"height":200,"caption":"Q&A BIERE"},{"@type":"BreadcrumbList","@id":"https:\/\/fermentis.com\/fr\/knowledge-center\/expert-insights\/beer\/safale-be-256-questions-answers\/#breadcrumb","itemListElement":[{"@type":"ListItem","position":1,"name":"Home","item":"https:\/\/fermentis.com\/fr\/"},{"@type":"ListItem","position":2,"name":"Centre de connaissances","item":"https:\/\/fermentis.com\/fr\/knowledge-center\/"},{"@type":"ListItem","position":3,"name":"Avis d&#8217;experts","item":"https:\/\/fermentis.com\/fr\/knowledge-center\/expert-insights\/"},{"@type":"ListItem","position":4,"name":"Les avis des experts en bi\u00e8re","item":"https:\/\/fermentis.com\/fr\/knowledge-center\/expert-insights\/beer\/"},{"@type":"ListItem","position":5,"name":"Questions et r\u00e9ponses sur SafAle\u2122 BE-256"}]},{"@type":"WebSite","@id":"https:\/\/fermentis.com\/fr\/#website","url":"https:\/\/fermentis.com\/fr\/","name":"Fermentis","description":"Un site utilisant WordPress","publisher":{"@id":"https:\/\/fermentis.com\/fr\/#organization"},"potentialAction":[{"@type":"SearchAction","target":{"@type":"EntryPoint","urlTemplate":"https:\/\/fermentis.com\/fr\/?s={search_term_string}"},"query-input":{"@type":"PropertyValueSpecification","valueRequired":true,"valueName":"search_term_string"}}],"inLanguage":"fr-FR"},{"@type":"Organization","@id":"https:\/\/fermentis.com\/fr\/#organization","name":"Fermentis","url":"https:\/\/fermentis.com\/fr\/","logo":{"@type":"ImageObject","inLanguage":"fr-FR","@id":"https:\/\/fermentis.com\/fr\/#\/schema\/logo\/image\/","url":"https:\/\/fermentis.com\/wp-content\/uploads\/2021\/07\/Logo-Fermentis-5.png","contentUrl":"https:\/\/fermentis.com\/wp-content\/uploads\/2021\/07\/Logo-Fermentis-5.png","width":308,"height":95,"caption":"Fermentis"},"image":{"@id":"https:\/\/fermentis.com\/fr\/#\/schema\/logo\/image\/"},"sameAs":["https:\/\/www.facebook.com\/Fermentis","https:\/\/x.com\/fermentis","https:\/\/www.instagram.com\/fermentisbylesaffre\/","https:\/\/www.linkedin.com\/company\/fermentis\/","https:\/\/www.youtube.com\/channel\/UCt_Lp3IZnUNXZeqSi6iiAdA"]}]}},"_links":{"self":[{"href":"https:\/\/fermentis.com\/fr\/wp-json\/wp\/v2\/pages\/42792","targetHints":{"allow":["GET"]}}],"collection":[{"href":"https:\/\/fermentis.com\/fr\/wp-json\/wp\/v2\/pages"}],"about":[{"href":"https:\/\/fermentis.com\/fr\/wp-json\/wp\/v2\/types\/page"}],"author":[{"embeddable":true,"href":"https:\/\/fermentis.com\/fr\/wp-json\/wp\/v2\/users\/5"}],"replies":[{"embeddable":true,"href":"https:\/\/fermentis.com\/fr\/wp-json\/wp\/v2\/comments?post=42792"}],"version-history":[{"count":1908,"href":"https:\/\/fermentis.com\/fr\/wp-json\/wp\/v2\/pages\/42792\/revisions"}],"predecessor-version":[{"id":717223,"href":"https:\/\/fermentis.com\/fr\/wp-json\/wp\/v2\/pages\/42792\/revisions\/717223"}],"up":[{"embeddable":true,"href":"https:\/\/fermentis.com\/fr\/wp-json\/wp\/v2\/pages\/27950"}],"wp:featuredmedia":[{"embeddable":true,"href":"https:\/\/fermentis.com\/fr\/wp-json\/wp\/v2\/media\/33000"}],"wp:attachment":[{"href":"https:\/\/fermentis.com\/fr\/wp-json\/wp\/v2\/media?parent=42792"}],"curies":[{"name":"wp","href":"https:\/\/api.w.org\/{rel}","templated":true}]}}