{"id":43495,"date":"2021-08-18T11:13:13","date_gmt":"2021-08-18T09:13:13","guid":{"rendered":"https:\/\/fermentis.com\/our-company\/vision\/"},"modified":"2026-04-22T14:42:22","modified_gmt":"2026-04-22T12:42:22","slug":"vision","status":"publish","type":"page","link":"https:\/\/fermentis.com\/fr\/our-company\/vision\/","title":{"rendered":"Notre vision"},"content":{"rendered":"\n\t<section class=\"section dark\" id=\"section_581916687\">\n\t\t<div class=\"section-bg fill\" >\n\t\t\t<img loading=\"lazy\" decoding=\"async\" width=\"1080\" height=\"532\" src=\"https:\/\/fermentis.com\/wp-content\/uploads\/2021\/08\/fermentis-vision.jpg\" class=\"bg attachment- size-\" alt=\"Vision at Fermentis\" \/>\t\t\t\t\t\t<div class=\"section-bg-overlay absolute fill\"><\/div>\n\t\t\t\n\n\t\t<\/div>\n\n\t\t\n\n\t\t<div class=\"section-content relative\">\n\t\t\t\n<div class=\"row\"  id=\"row-518728370\">\n\n\t<div id=\"col-2076186362\" class=\"col small-12 large-12\"  >\n\t\t\t\t<div class=\"col-inner\"  >\n\t\t\t\n\t\t\t\n<div class=\"row align-bottom\"  id=\"row-501781721\">\n\n\t<div id=\"col-871984436\" class=\"col medium-7 small-12 large-7\"  >\n\t\t\t\t<div class=\"col-inner\"  >\n\t\t\t\n\t\t\t\n\t<div id=\"gap-109945384\" class=\"gap-element clearfix\" style=\"display:block; height:auto;\">\n\t\t\n<style>\n#gap-109945384 {\n  padding-top: 50px;\n}\n<\/style>\n\t<\/div>\n\t\n\t<div id=\"text-3482465978\" class=\"text\">\n\t\t\n<p><br data-source=\"\n\n\"><\/p>\n<h3>NOTRE VISION<\/h3>\n<p><br data-source=\"\n\"><br \/>\n\t\t\n<style>\n#text-3482465978 {\n  font-size: 2.25rem;\n  text-align: left;\n}\n<\/style>\n\t<\/div>\n\t\n\t\t<\/div>\n\t\t\t\t\n<style>\n#col-871984436 > .col-inner {\n  padding: 1px 0px 0px 0px;\n  margin: -18px 0px 0px 0px;\n}\n<\/style>\n\t<\/div>\n\n\t\n\n\t<div id=\"col-1839731931\" class=\"col medium-5 small-12 large-5\"  >\n\t\t\t\t<div class=\"col-inner\"  >\n\t\t\t\n\t<div class=\"is-border\"\n\t\tstyle=\"border-width:0px 0px 0px 0px;\">\n\t<\/div>\n\t\t\t\n\t\t<\/div>\n\t\t\t\t\t<\/div>\n\n\t\n\n\t<div id=\"col-141648827\" class=\"col medium-12 small-12 large-9\"  >\n\t\t\t\t<div class=\"col-inner\"  >\n\t\t\t\n\t\t\t\n\t<div id=\"gap-1726233294\" class=\"gap-element clearfix\" style=\"display:block; height:auto;\">\n\t\t\n<style>\n#gap-1726233294 {\n  padding-top: 50px;\n}\n<\/style>\n\t<\/div>\n\t\n<div class=\"video video-fit mb\" style=\"padding-top:50%;\"><p><iframe loading=\"lazy\" title=\"Fermentis vision, mission and values - With St\u00e9phane Meulemans - General Manager\" width=\"1020\" height=\"574\" src=\"https:\/\/www.youtube.com\/embed\/7fJekOcr3e4?feature=oembed\" frameborder=\"0\" allow=\"accelerometer; autoplay; clipboard-write; encrypted-media; gyroscope; picture-in-picture\" allowfullscreen><\/iframe><\/p>\n<\/div>\n\t\t<\/div>\n\t\t\t\t\t<\/div>\n\n\t\n<\/div>\n\t\t<\/div>\n\t\t\t\t\n<style>\n#col-2076186362 > .col-inner {\n  margin: 0px 0px -225px 0px;\n}\n<\/style>\n\t<\/div>\n\n\t\n\n<style>\n#row-518728370 > .col > .col-inner {\n  padding: 0px 0px 0px 0px;\n}\n<\/style>\n<\/div>\n\t\t<\/div>\n\n\t\t\n<style>\n#section_581916687 {\n  padding-top: 50px;\n  padding-bottom: 50px;\n  background-color: #ef7500;\n}\n#section_581916687 .section-bg-overlay {\n  background-color: rgba(48, 48, 48, 0.657);\n}\n#section_581916687 .section-bg img {\n  object-position: 71% 97%;\n}\n<\/style>\n\t<\/section>\n\t\n\n\t<section class=\"section\" id=\"section_643002868\">\n\t\t<div class=\"section-bg fill\" >\n\t\t\t\t\t\t\t\t\t\n\t\t\t\n\n\t\t<\/div>\n\n\t\t\n\n\t\t<div class=\"section-content relative\">\n\t\t\t\n<div class=\"row\"  id=\"row-733959641\">\n\n\t<div id=\"col-1612246810\" class=\"col medium-11 small-12 large-5\"  >\n\t\t\t\t<div class=\"col-inner\" style=\"background-color:rgb(230, 238, 239);\" >\n\t\t\t\n\t\t\t\n\t<div id=\"text-3786961531\" class=\"text\">\n\t\t\n<p><br data-source=\"\n\n\"><\/p>\n<h3>Le choix \u00e9vident pour la fermentation des boissons<\/h3>\n<p><br data-source=\"\n\"><br \/>\n\t\t\n<style>\n#text-3786961531 {\n  font-size: 1.5rem;\n}\n<\/style>\n\t<\/div>\n\t\n<p>Chez Fermentis, notre r\u00eave est que qui que vous soyez, o\u00f9 que vous soyez et quelles que soient les boissons ferment\u00e9es que vous fabriquez, nous serons l\u00e0 pour vous aider \u00e0 r\u00e9aliser les boissons dont vous r\u00eavez.<\/p>\n\t\t<\/div>\n\t\t\t\t\n<style>\n#col-1612246810 > .col-inner {\n  padding: 45px 45px 45px 45px;\n  margin: - 0px 0px 0px;\n}\n@media (min-width:550px) {\n  #col-1612246810 > .col-inner {\n    margin: -100px 0px 0px 0px;\n  }\n}\n@media (min-width:850px) {\n  #col-1612246810 > .col-inner {\n    margin: -200px 0px 0px 0px;\n  }\n}\n<\/style>\n\t<\/div>\n\n\t\n<\/div>\n\t<div id=\"gap-1334013018\" class=\"gap-element clearfix\" style=\"display:block; height:auto;\">\n\t\t\n<style>\n#gap-1334013018 {\n  padding-top: 50px;\n}\n@media (min-width:850px) {\n  #gap-1334013018 {\n    padding-top: 30px;\n  }\n}\n<\/style>\n\t<\/div>\n\t\n<div class=\"row\"  id=\"row-440356997\">\n\n\t<div id=\"col-696379601\" class=\"col small-12 large-12\"  >\n\t\t\t\t<div class=\"col-inner\"  >\n\t\t\t\n\t\t\t\n<p><br data-source=\"\n\n\"><\/p>\n<p>Toute l&#039;\u00e9quipe Fermentis \u00e0 travers le monde s&#039;engage \u00e0 vous apporter les meilleures solutions pour vous aider \u00e0 atteindre vos objectifs. C&#039;est ce que nous sommes et ce en quoi nous croyons. La vision de Fermentis, notre r\u00eave, est partag\u00e9e par nous tous et c&#039;est un objectif ambitieux vers lequel nous travaillons tous.<\/p>\n<p><br data-source=\"\n\"><\/p>\n<p>Alors, qu\u2019est-ce que cela signifie exactement : devenir le choix \u00e9vident pour la fermentation des boissons ?<\/p>\n<p><br data-source=\"\n\n\"><\/p>\n\t\t<\/div>\n\t\t\t\t\t<\/div>\n\n\t\n<\/div>\n<div class=\"row align-middle\"  id=\"row-1105187621\">\n\n\t<div id=\"col-236332723\" class=\"col medium-7 small-12 large-3\"  >\n\t\t\t\t<div class=\"col-inner text-left\"  >\n\t\t\t\n\t\t\t\n\t<div class=\"box has-hover   has-hover box-default box-text-bottom\" >\n\n\t\t<div class=\"box-image\" >\n\t\t\t\t\t\t<div class=\"\" >\n\t\t\t\t<img loading=\"lazy\" decoding=\"async\" width=\"600\" height=\"300\" src=\"https:\/\/fermentis.com\/wp-content\/uploads\/2021\/08\/whoever-you-are.jpg\" class=\"attachment- size-\" alt=\"\" \/>\t\t\t\t\t\t\t\t\t\t\t<\/div>\n\t\t\t\t\t<\/div>\n\n\t\t<div class=\"box-text text-center\" >\n\t\t\t<div class=\"box-text-inner\">\n\t\t\t\t\n<p><br data-source=\"\n\n\"><\/p>\n<h3>QUI QUE VOUS SOYEZ<\/h3>\n<p><br data-source=\"\n\n\"><\/p>\n\t\t\t<\/div>\n\t\t<\/div>\n\t<\/div>\n\t\n\t<div id=\"gap-965835048\" class=\"gap-element clearfix\" style=\"display:block; height:auto;\">\n\t\t\n<style>\n#gap-965835048 {\n  padding-top: 15px;\n}\n<\/style>\n\t<\/div>\n\t\n<p>Que vous produisiez des boissons ferment\u00e9es \u00e0 petite \u00e9chelle, dans votre cuisine ou votre garage, ou en plus grande quantit\u00e9, \u00e0 l&#8217;\u00e9chelle artisanale ou m\u00eame industrielle, Fermentis a les solutions pour vous &#8211; produits et conseils techniques &#8211; pour vous aider \u00e0 r\u00e9aliser les boissons que vous imaginez.<\/p>\n\t\t<\/div>\n\t\t\t\t\t<\/div>\n\n\t\n\n\t<div id=\"col-924594308\" class=\"col medium-8 small-12 large-1\"  >\n\t\t\t\t<div class=\"col-inner\"  >\n\t\t\t\n\t\t\t\n<div class=\"text-center\"><div class=\"is-divider divider clearfix\" style=\"max-width:60%;height:2px;background-color:rgb(41, 56, 71);\"><\/div><\/div>\n<p>&#8220;\/&gt;<\/p>\n\t\t<\/div>\n\t\t\t\t\t<\/div>\n\n\t\n\n\t<div id=\"col-1815516386\" class=\"col medium-7 small-12 large-3\"  >\n\t\t\t\t<div class=\"col-inner\"  >\n\t\t\t\n\t\t\t\n\t<div class=\"box has-hover   has-hover box-default box-text-bottom\" >\n\n\t\t<div class=\"box-image\" >\n\t\t\t\t\t\t<div class=\"\" >\n\t\t\t\t<img loading=\"lazy\" decoding=\"async\" width=\"600\" height=\"300\" src=\"https:\/\/fermentis.com\/wp-content\/uploads\/2021\/08\/wherever-you-are.jpg\" class=\"attachment- size-\" alt=\"\" \/>\t\t\t\t\t\t\t\t\t\t\t<\/div>\n\t\t\t\t\t<\/div>\n\n\t\t<div class=\"box-text text-center\" >\n\t\t\t<div class=\"box-text-inner\">\n\t\t\t\t\n<p><br data-source=\"\n\n\"><\/p>\n<h3>O\u00d9 QUE VOUS SOYEZ<\/h3>\n<p><br data-source=\"\n\n\"><\/p>\n\t\t\t<\/div>\n\t\t<\/div>\n\t<\/div>\n\t\n\t<div id=\"gap-1062439933\" class=\"gap-element clearfix\" style=\"display:block; height:auto;\">\n\t\t\n<style>\n#gap-1062439933 {\n  padding-top: 15px;\n}\n<\/style>\n\t<\/div>\n\t\n<p>Quel que soit le continent o\u00f9 vous vous trouvez, o\u00f9 que vous soyez \u2013 dans une campagne recul\u00e9e ou dans des zones plus urbaines \u2013 notre ambition est de mettre \u00e0 votre disposition nos produits, ainsi que les informations n\u00e9cessaires pour les utiliser de la meilleure fa\u00e7on possible.<\/p>\n\t\t<\/div>\n\t\t\t\t\t<\/div>\n\n\t\n\n\t<div id=\"col-1580010565\" class=\"col medium-8 small-12 large-1\"  >\n\t\t\t\t<div class=\"col-inner\"  >\n\t\t\t\n\t\t\t\n<div class=\"text-center\"><div class=\"is-divider divider clearfix\" style=\"max-width:60%;height:2px;background-color:rgb(41, 56, 71);\"><\/div><\/div>\n<p>&#8220;\/&gt;<\/p>\n\t\t<\/div>\n\t\t\t\t\t<\/div>\n\n\t\n\n\t<div id=\"col-1138378191\" class=\"col medium-7 small-12 large-3\"  >\n\t\t\t\t<div class=\"col-inner\"  >\n\t\t\t\n\t\t\t\n\t<div class=\"box has-hover   has-hover box-default box-text-bottom\" >\n\n\t\t<div class=\"box-image\" >\n\t\t\t\t\t\t<div class=\"\" >\n\t\t\t\t<img loading=\"lazy\" decoding=\"async\" width=\"600\" height=\"300\" src=\"https:\/\/fermentis.com\/wp-content\/uploads\/2021\/08\/whatever-you-make.jpg\" class=\"attachment- size-\" alt=\"\" \/>\t\t\t\t\t\t\t\t\t\t\t<\/div>\n\t\t\t\t\t<\/div>\n\n\t\t<div class=\"box-text text-center\" >\n\t\t\t<div class=\"box-text-inner\">\n\t\t\t\t\n<p><br data-source=\"\n\n\"><\/p>\n<h3>Quoi que vous fassiez<\/h3>\n<p><br data-source=\"\n\n\"><\/p>\n\t\t\t<\/div>\n\t\t<\/div>\n\t<\/div>\n\t\n\t<div id=\"gap-459766152\" class=\"gap-element clearfix\" style=\"display:block; height:auto;\">\n\t\t\n<style>\n#gap-459766152 {\n  padding-top: 15px;\n}\n<\/style>\n\t<\/div>\n\t\n<p>Chez Fermentis, nous voulons vous aider \u00e0 pr\u00e9parer n&#8217;importe quelle boisson ferment\u00e9e. Bi\u00e8re, vin, spiritueux, cidre, hydromel, k\u00e9fir, kombucha\u2026 quelle que soit la boisson et quel que soit le style, nous aurons des solutions pour vous aider \u00e0 r\u00e9aliser la boisson dont vous r\u00eavez.<\/p>\n\t\t<\/div>\n\t\t\t\t\t<\/div>\n\n\t\n<\/div>\n\t\t<\/div>\n\n\t\t\n<style>\n#section_643002868 {\n  padding-top: 30px;\n  padding-bottom: 30px;\n}\n<\/style>\n\t<\/section>\n\t\n","protected":false},"excerpt":{"rendered":"","protected":false},"author":2,"featured_media":0,"parent":24707,"menu_order":0,"comment_status":"closed","ping_status":"closed","template":"page-blank.php","meta":{"_acf_changed":false,"footnotes":""},"class_list":["post-43495","page","type-page","status-publish","hentry"],"acf":[],"yoast_head":"<!-- This site is optimized with the Yoast SEO Premium plugin v27.5 (Yoast SEO v27.5) - https:\/\/yoast.com\/product\/yoast-seo-premium-wordpress\/ -->\n<title>Rencontrez notre \u00e9quipe d&#039;experts passionn\u00e9s bas\u00e9s dans le monde entier - Fermentis<\/title>\n<meta name=\"description\" content=\"Nous sommes une \u00e9quipe d&#039;experts passionn\u00e9s et exp\u00e9riment\u00e9s. Nous faisons de notre mieux pour contribuer \u00e0 la qualit\u00e9 des boissons ferment\u00e9es.\" \/>\n<meta name=\"robots\" content=\"index, follow, max-snippet:-1, max-image-preview:large, max-video-preview:-1\" \/>\n<link rel=\"canonical\" href=\"https:\/\/fermentis.com\/fr\/our-company\/vision\/\" \/>\n<meta property=\"og:locale\" content=\"fr_FR\" \/>\n<meta property=\"og:type\" content=\"article\" \/>\n<meta property=\"og:title\" content=\"Notre vision\" \/>\n<meta property=\"og:description\" content=\"Nous sommes une \u00e9quipe d&#039;experts passionn\u00e9s et exp\u00e9riment\u00e9s. Nous faisons de notre mieux pour contribuer \u00e0 la qualit\u00e9 des boissons ferment\u00e9es.\" \/>\n<meta property=\"og:url\" content=\"https:\/\/fermentis.com\/fr\/our-company\/vision\/\" \/>\n<meta property=\"og:site_name\" content=\"Fermentis\" \/>\n<meta property=\"article:publisher\" content=\"https:\/\/www.facebook.com\/Fermentis\" \/>\n<meta property=\"article:modified_time\" content=\"2026-04-22T12:42:22+00:00\" \/>\n<meta property=\"og:image\" content=\"https:\/\/fermentis.com\/wp-content\/uploads\/2021\/07\/website-v2.png\" \/>\n\t<meta property=\"og:image:width\" content=\"1903\" \/>\n\t<meta property=\"og:image:height\" content=\"901\" \/>\n\t<meta property=\"og:image:type\" content=\"image\/png\" \/>\n<meta name=\"twitter:card\" content=\"summary_large_image\" \/>\n<meta name=\"twitter:site\" content=\"@fermentis\" \/>\n<meta name=\"twitter:label1\" content=\"Dur\u00e9e de lecture estim\u00e9e\" \/>\n\t<meta name=\"twitter:data1\" content=\"3 minutes\" \/>\n<script type=\"application\/ld+json\" class=\"yoast-schema-graph\">{\"@context\":\"https:\\\/\\\/schema.org\",\"@graph\":[{\"@type\":\"WebPage\",\"@id\":\"https:\\\/\\\/fermentis.com\\\/fr\\\/our-company\\\/vision\\\/\",\"url\":\"https:\\\/\\\/fermentis.com\\\/fr\\\/our-company\\\/vision\\\/\",\"name\":\"Rencontrez notre \u00e9quipe d'experts passionn\u00e9s bas\u00e9s dans le monde entier - Fermentis\",\"isPartOf\":{\"@id\":\"https:\\\/\\\/fermentis.com\\\/fr\\\/#website\"},\"datePublished\":\"2021-08-18T09:13:13+00:00\",\"dateModified\":\"2026-04-22T12:42:22+00:00\",\"description\":\"Nous sommes une \u00e9quipe d'experts passionn\u00e9s et exp\u00e9riment\u00e9s. Nous faisons de notre mieux pour contribuer \u00e0 la qualit\u00e9 des boissons ferment\u00e9es.\",\"breadcrumb\":{\"@id\":\"https:\\\/\\\/fermentis.com\\\/fr\\\/our-company\\\/vision\\\/#breadcrumb\"},\"inLanguage\":\"fr-FR\",\"potentialAction\":[{\"@type\":\"ReadAction\",\"target\":[\"https:\\\/\\\/fermentis.com\\\/fr\\\/our-company\\\/vision\\\/\"]}]},{\"@type\":\"BreadcrumbList\",\"@id\":\"https:\\\/\\\/fermentis.com\\\/fr\\\/our-company\\\/vision\\\/#breadcrumb\",\"itemListElement\":[{\"@type\":\"ListItem\",\"position\":1,\"name\":\"Home\",\"item\":\"https:\\\/\\\/fermentis.com\\\/fr\\\/\"},{\"@type\":\"ListItem\",\"position\":2,\"name\":\"Notre soci\u00e9t\u00e9\",\"item\":\"https:\\\/\\\/fermentis.com\\\/fr\\\/our-company\\\/\"},{\"@type\":\"ListItem\",\"position\":3,\"name\":\"Notre vision\"}]},{\"@type\":\"WebSite\",\"@id\":\"https:\\\/\\\/fermentis.com\\\/fr\\\/#website\",\"url\":\"https:\\\/\\\/fermentis.com\\\/fr\\\/\",\"name\":\"Fermentis\",\"description\":\"Un site utilisant WordPress\",\"publisher\":{\"@id\":\"https:\\\/\\\/fermentis.com\\\/fr\\\/#organization\"},\"potentialAction\":[{\"@type\":\"SearchAction\",\"target\":{\"@type\":\"EntryPoint\",\"urlTemplate\":\"https:\\\/\\\/fermentis.com\\\/fr\\\/?s={search_term_string}\"},\"query-input\":{\"@type\":\"PropertyValueSpecification\",\"valueRequired\":true,\"valueName\":\"search_term_string\"}}],\"inLanguage\":\"fr-FR\"},{\"@type\":\"Organization\",\"@id\":\"https:\\\/\\\/fermentis.com\\\/fr\\\/#organization\",\"name\":\"Fermentis\",\"url\":\"https:\\\/\\\/fermentis.com\\\/fr\\\/\",\"logo\":{\"@type\":\"ImageObject\",\"inLanguage\":\"fr-FR\",\"@id\":\"https:\\\/\\\/fermentis.com\\\/fr\\\/#\\\/schema\\\/logo\\\/image\\\/\",\"url\":\"https:\\\/\\\/fermentis.com\\\/wp-content\\\/uploads\\\/2021\\\/07\\\/Logo-Fermentis-5.png\",\"contentUrl\":\"https:\\\/\\\/fermentis.com\\\/wp-content\\\/uploads\\\/2021\\\/07\\\/Logo-Fermentis-5.png\",\"width\":308,\"height\":95,\"caption\":\"Fermentis\"},\"image\":{\"@id\":\"https:\\\/\\\/fermentis.com\\\/fr\\\/#\\\/schema\\\/logo\\\/image\\\/\"},\"sameAs\":[\"https:\\\/\\\/www.facebook.com\\\/Fermentis\",\"https:\\\/\\\/x.com\\\/fermentis\",\"https:\\\/\\\/www.instagram.com\\\/fermentisbylesaffre\\\/\",\"https:\\\/\\\/www.linkedin.com\\\/company\\\/fermentis\\\/\",\"https:\\\/\\\/www.youtube.com\\\/channel\\\/UCt_Lp3IZnUNXZeqSi6iiAdA\"]}]}<\/script>\n<!-- \/ Yoast SEO Premium plugin. -->","yoast_head_json":{"title":"Rencontrez notre \u00e9quipe d'experts passionn\u00e9s bas\u00e9s dans le monde entier - Fermentis","description":"Nous sommes une \u00e9quipe d'experts passionn\u00e9s et exp\u00e9riment\u00e9s. Nous faisons de notre mieux pour contribuer \u00e0 la qualit\u00e9 des boissons ferment\u00e9es.","robots":{"index":"index","follow":"follow","max-snippet":"max-snippet:-1","max-image-preview":"max-image-preview:large","max-video-preview":"max-video-preview:-1"},"canonical":"https:\/\/fermentis.com\/fr\/our-company\/vision\/","og_locale":"fr_FR","og_type":"article","og_title":"Notre vision","og_description":"Nous sommes une \u00e9quipe d'experts passionn\u00e9s et exp\u00e9riment\u00e9s. Nous faisons de notre mieux pour contribuer \u00e0 la qualit\u00e9 des boissons ferment\u00e9es.","og_url":"https:\/\/fermentis.com\/fr\/our-company\/vision\/","og_site_name":"Fermentis","article_publisher":"https:\/\/www.facebook.com\/Fermentis","article_modified_time":"2026-04-22T12:42:22+00:00","og_image":[{"width":1903,"height":901,"url":"https:\/\/fermentis.com\/wp-content\/uploads\/2021\/07\/website-v2.png","type":"image\/png"}],"twitter_card":"summary_large_image","twitter_site":"@fermentis","twitter_misc":{"Dur\u00e9e de lecture estim\u00e9e":"3 minutes"},"schema":{"@context":"https:\/\/schema.org","@graph":[{"@type":"WebPage","@id":"https:\/\/fermentis.com\/fr\/our-company\/vision\/","url":"https:\/\/fermentis.com\/fr\/our-company\/vision\/","name":"Rencontrez notre \u00e9quipe d'experts passionn\u00e9s bas\u00e9s dans le monde entier - Fermentis","isPartOf":{"@id":"https:\/\/fermentis.com\/fr\/#website"},"datePublished":"2021-08-18T09:13:13+00:00","dateModified":"2026-04-22T12:42:22+00:00","description":"Nous sommes une \u00e9quipe d'experts passionn\u00e9s et exp\u00e9riment\u00e9s. Nous faisons de notre mieux pour contribuer \u00e0 la qualit\u00e9 des boissons ferment\u00e9es.","breadcrumb":{"@id":"https:\/\/fermentis.com\/fr\/our-company\/vision\/#breadcrumb"},"inLanguage":"fr-FR","potentialAction":[{"@type":"ReadAction","target":["https:\/\/fermentis.com\/fr\/our-company\/vision\/"]}]},{"@type":"BreadcrumbList","@id":"https:\/\/fermentis.com\/fr\/our-company\/vision\/#breadcrumb","itemListElement":[{"@type":"ListItem","position":1,"name":"Home","item":"https:\/\/fermentis.com\/fr\/"},{"@type":"ListItem","position":2,"name":"Notre soci\u00e9t\u00e9","item":"https:\/\/fermentis.com\/fr\/our-company\/"},{"@type":"ListItem","position":3,"name":"Notre vision"}]},{"@type":"WebSite","@id":"https:\/\/fermentis.com\/fr\/#website","url":"https:\/\/fermentis.com\/fr\/","name":"Fermentis","description":"Un site utilisant WordPress","publisher":{"@id":"https:\/\/fermentis.com\/fr\/#organization"},"potentialAction":[{"@type":"SearchAction","target":{"@type":"EntryPoint","urlTemplate":"https:\/\/fermentis.com\/fr\/?s={search_term_string}"},"query-input":{"@type":"PropertyValueSpecification","valueRequired":true,"valueName":"search_term_string"}}],"inLanguage":"fr-FR"},{"@type":"Organization","@id":"https:\/\/fermentis.com\/fr\/#organization","name":"Fermentis","url":"https:\/\/fermentis.com\/fr\/","logo":{"@type":"ImageObject","inLanguage":"fr-FR","@id":"https:\/\/fermentis.com\/fr\/#\/schema\/logo\/image\/","url":"https:\/\/fermentis.com\/wp-content\/uploads\/2021\/07\/Logo-Fermentis-5.png","contentUrl":"https:\/\/fermentis.com\/wp-content\/uploads\/2021\/07\/Logo-Fermentis-5.png","width":308,"height":95,"caption":"Fermentis"},"image":{"@id":"https:\/\/fermentis.com\/fr\/#\/schema\/logo\/image\/"},"sameAs":["https:\/\/www.facebook.com\/Fermentis","https:\/\/x.com\/fermentis","https:\/\/www.instagram.com\/fermentisbylesaffre\/","https:\/\/www.linkedin.com\/company\/fermentis\/","https:\/\/www.youtube.com\/channel\/UCt_Lp3IZnUNXZeqSi6iiAdA"]}]}},"_links":{"self":[{"href":"https:\/\/fermentis.com\/fr\/wp-json\/wp\/v2\/pages\/43495","targetHints":{"allow":["GET"]}}],"collection":[{"href":"https:\/\/fermentis.com\/fr\/wp-json\/wp\/v2\/pages"}],"about":[{"href":"https:\/\/fermentis.com\/fr\/wp-json\/wp\/v2\/types\/page"}],"author":[{"embeddable":true,"href":"https:\/\/fermentis.com\/fr\/wp-json\/wp\/v2\/users\/2"}],"replies":[{"embeddable":true,"href":"https:\/\/fermentis.com\/fr\/wp-json\/wp\/v2\/comments?post=43495"}],"version-history":[{"count":1145,"href":"https:\/\/fermentis.com\/fr\/wp-json\/wp\/v2\/pages\/43495\/revisions"}],"predecessor-version":[{"id":719650,"href":"https:\/\/fermentis.com\/fr\/wp-json\/wp\/v2\/pages\/43495\/revisions\/719650"}],"up":[{"embeddable":true,"href":"https:\/\/fermentis.com\/fr\/wp-json\/wp\/v2\/pages\/24707"}],"wp:attachment":[{"href":"https:\/\/fermentis.com\/fr\/wp-json\/wp\/v2\/media?parent=43495"}],"curies":[{"name":"wp","href":"https:\/\/api.w.org\/{rel}","templated":true}]}}