{"id":43729,"date":"2024-01-22T17:52:13","date_gmt":"2024-01-22T16:52:13","guid":{"rendered":"https:\/\/fermentis.com\/the-benefits-of-a-global-rd-department\/"},"modified":"2026-04-29T15:14:46","modified_gmt":"2026-04-29T13:14:46","slug":"the-benefits-of-a-global-rd-department","status":"publish","type":"page","link":"https:\/\/fermentis.com\/fr\/the-benefits-of-a-global-rd-department\/","title":{"rendered":"Les avantages d&#8217;un d\u00e9partement R&amp;D mondial"},"content":{"rendered":"\n\t<section class=\"section\" id=\"section_1297054784\">\n\t\t<div class=\"section-bg fill\" >\n\t\t\t\t\t\t\t\t\t\n\t\t\t\n\n\t\t<\/div>\n\n\t\t\n\n\t\t<div class=\"section-content relative\">\n\t\t\t\n\n  <div class=\"banner has-hover\" id=\"banner-1032750083\">\n          <div class=\"banner-inner fill\">\n        <div class=\"banner-bg fill\" >\n            <img loading=\"lazy\" decoding=\"async\" width=\"1020\" height=\"680\" src=\"https:\/\/fermentis.com\/wp-content\/uploads\/2022\/12\/vinitech-wine-tasting-2-1024x683.jpg\" class=\"bg attachment-large size-large\" alt=\"Vinitech tasting wine - 2022 - Fermentis\" \/>                        <div class=\"overlay\"><\/div>            \n                    <\/div>\n\t\t\n        <div class=\"banner-layers container\">\n            <div class=\"fill banner-link\"><\/div>            \n   <div id=\"text-box-2022341763\" class=\"text-box banner-layer x50 md-x50 lg-x50 y50 md-y50 lg-y50 res-text\">\n                                <div class=\"text-box-content text dark\">\n              \n              <div class=\"text-inner text-center\">\n                  \n\t<div id=\"text-2685546153\" class=\"text\">\n\t\t\n<p><br data-source=\"\n\n\"><\/p>\n<h1>Les avantages d&#039;un d\u00e9partement R&amp;D mondial<\/h1>\n<p><br data-source=\"\n\"><br \/>\n\t\t\n<style>\n#text-2685546153 {\n  font-size: 0.95rem;\n}\n<\/style>\n\t<\/div>\n\t\n              <\/div>\n           <\/div>\n                            \n<style>\n#text-box-2022341763 {\n  width: 100%;\n}\n#text-box-2022341763 .text-box-content {\n  font-size: 100%;\n}\n<\/style>\n    <\/div>\n \n        <\/div>\n      <\/div>\n\n            \n<style>\n#banner-1032750083 {\n  padding-top: 250px;\n}\n#banner-1032750083 .overlay {\n  background-color: rgba(0, 0, 0, 0.5);\n}\n#banner-1032750083 .banner-bg img {\n  object-position: 38% 54%;\n}\n<\/style>\n  <\/div>\n\n\n\t\t<\/div>\n\n\t\t\n<style>\n#section_1297054784 {\n  padding-top: 0px;\n  padding-bottom: 0px;\n}\n<\/style>\n\t<\/section>\n\t\n\n\t<section class=\"section\" id=\"section_1600703674\">\n\t\t<div class=\"section-bg fill\" >\n\t\t\t\t\t\t\t\t\t\n\t\t\t\n\n\t\t<\/div>\n\n\t\t\n\n\t\t<div class=\"section-content relative\">\n\t\t\t\n<div class=\"row\"  id=\"row-1059014262\">\n\n\t<div id=\"col-1041596333\" class=\"col medium-2 small-12 large-2\"  >\n\t\t\t\t<div class=\"col-inner\"  >\n\t\t\t\n\t\t\t\n\t\t<\/div>\n\t\t\t\t\t<\/div>\n\n\t\n\n\t<div id=\"col-1429077863\" class=\"col medium-8 small-12 large-8\"  >\n\t\t\t\t<div class=\"col-inner\"  >\n\t\t\t\n\t\t\t\n\t<div id=\"gap-1369778232\" class=\"gap-element clearfix\" style=\"display:block; height:auto;\">\n\t\t\n<style>\n#gap-1369778232 {\n  padding-top: &quot;50px&quot;;\n}\n<\/style>\n\t<\/div>\n\t<br data-source=\"\n\n\"><\/p>\n<p>Le monde des boissons ferment\u00e9es est vaste, avec une vari\u00e9t\u00e9 croissante de boissons, parfois tr\u00e8s diff\u00e9rentes. Si l&#039;on consid\u00e8re uniquement les boissons alcoolis\u00e9es, il existe une gamme \u00e9tonnante de boissons diff\u00e9rentes, allant de la bi\u00e8re au vin, en passant par les spiritueux.<\/p>\n<p><br data-source=\"\n\"><\/p>\n<p>Ces boissons sont le r\u00e9sultat de nombreux facteurs diff\u00e9rents : ingr\u00e9dients disponibles, technologies, go\u00fbts r\u00e9gionaux, relations g\u00e9opolitiques\u2026 Par exemple, l\u2019augmentation du commerce du vin entre l\u2019Angleterre et le Portugal, alli\u00e9s historiques au XVIIe si\u00e8cle, a conduit \u00e0 ajouter de l\u2019eau-de-vie dans les f\u00fbts de vin pour augmenter la conservation du vin pendant le transport. Et c&#039;est ainsi qu&#039;est n\u00e9 le Porto !<\/p>\n<p><br data-source=\"\n\"><\/p>\n<p>Maintenant, si vous ajoutez \u00e0 toutes les boissons alcoolis\u00e9es les nouvelles tendances pour les boissons sans alcool ou \u00e0 faible teneur en alcool, la complexit\u00e9 et la vari\u00e9t\u00e9 atteignent de nouveaux sommets ! Avec la consommation croissante d\u2019alternatives \u00e0 faible teneur en alcool (c\u2019est-\u00e0-dire la bi\u00e8re et les spiritueux) ou de boissons tendance telles que le Kombucha et le K\u00e9fir, le paysage actuel est impressionnant.<\/p>\n\t<div class=\"img has-hover x md-x lg-x y md-y lg-y\" id=\"image_1005277477\">\n\t\t\t\t\t\t\t\t<div class=\"img-inner dark\" >\n\t\t\t<img loading=\"lazy\" decoding=\"async\" width=\"600\" height=\"200\" src=\"https:\/\/fermentis.com\/wp-content\/uploads\/2024\/01\/RD-department-benefits.jpeg\" class=\"attachment-large size-large\" alt=\"Glass test tubes with yellow viscous liquid stand on table in chemical laboratory closeup\" \/>\t\t\t\t\t\t\n\t\t\t\t\t<\/div>\n\t\t\t\t\t\t\t\t\n<style>\n#image_1005277477 {\n  width: 100%;\n}\n<\/style>\n\t<\/div>\n\t\n\t\t<\/div>\n\t\t\t\t\t<\/div>\n\n\t\n\n\t<div id=\"col-1694300214\" class=\"col medium-2 small-12 large-2\"  >\n\t\t\t\t<div class=\"col-inner\"  >\n\t\t\t\n\t\t\t\n\t\t<\/div>\n\t\t\t\t\t<\/div>\n\n\t\n\n\t<div id=\"col-1323754457\" class=\"col medium-2 small-12 large-2\"  >\n\t\t\t\t<div class=\"col-inner\"  >\n\t\t\t\n\t\t\t\n\t\t<\/div>\n\t\t\t\t\t<\/div>\n\n\t\n\n\t<div id=\"col-533147906\" class=\"col medium-8 small-12 large-8\"  >\n\t\t\t\t<div class=\"col-inner\"  >\n\t\t\t\n\t\t\t\n<p><br data-source=\"\n\n\"><\/p>\n<p>Chez Fermentis, nous avons une approche holistique de la R&amp;D. Bien s\u00fbr, nous disposons d&#039;experts dans des segments de boissons sp\u00e9cifiques, mais nous pensons qu&#039;il y a de nombreux avantages \u00e0 avoir une approche globale avec des interactions interfonctionnelles entre les \u00e9quipes, m\u00eame dans diff\u00e9rents segments de boissons.<\/p>\n<p><br data-source=\"\n\"><\/p>\n<p>Pour illustrer cela, lorsque nous recherchons la meilleure souche de levure pour une nouvelle application, nous pouvons passer au crible toutes les levures que nous avons chez Lesaffre et plus encore, quelle que soit leur application d&#039;origine. Lorsque nous avons commenc\u00e9 le processus d\u2019identification d\u2019une souche de levure pour notre <a href=\"https:\/\/fermentis.com\/en\/product\/safbrew-dw-17\/\" target=\"_blank\" rel=\"noopener\">SafBrew\u2122 DW-17<\/a> , id\u00e9ale pour les bi\u00e8res s\u00e8ches et vineuses, gr\u00e2ce \u00e0 l\u2019enzyme ajout\u00e9e, nous n\u2019avons pas limit\u00e9 nos essais aux souches de levure de bi\u00e8re. Nous avons sp\u00e9cifiquement inclus certaines souches de vin dont nous pensions qu\u2019elles pourraient bien fonctionner pour atteindre le type de bi\u00e8res que nous recherchions.<\/p>\n<p><br data-source=\"\n\"><\/p>\n<p>Ainsi, malgr\u00e9 les sp\u00e9cificit\u00e9s des boissons, chez Fermentis, notre approche R&amp;D est centr\u00e9e sur la fermentation. Nous pensons qu&#039;il y a des choses \u00e0 apprendre de tous les types de boissons ferment\u00e9es, et c&#039;est pourquoi nous encourageons la recherche inter-boissons et le travail d&#039;\u00e9quipe sans trop de barri\u00e8res et de limitations !<\/p>\n<p><br data-source=\"\n\n\"><\/p>\n\t\t<\/div>\n\t\t\t\t\t<\/div>\n\n\t\n\n\t<div id=\"col-532806694\" class=\"col medium-2 small-12 large-2\"  >\n\t\t\t\t<div class=\"col-inner\"  >\n\t\t\t\n\t\t\t\n\t\t<\/div>\n\t\t\t\t\t<\/div>\n\n\t\n<\/div>\n\t\t<\/div>\n\n\t\t\n<style>\n#section_1600703674 {\n  padding-top: 0px;\n  padding-bottom: 0px;\n}\n<\/style>\n\t<\/section>\n\t\n","protected":false},"excerpt":{"rendered":"","protected":false},"author":21,"featured_media":0,"parent":0,"menu_order":0,"comment_status":"closed","ping_status":"closed","template":"page-blank.php","meta":{"_acf_changed":false,"footnotes":""},"class_list":["post-43729","page","type-page","status-publish","hentry"],"acf":[],"yoast_head":"<!-- This site is optimized with the Yoast SEO Premium plugin v27.5 (Yoast SEO v27.5) - https:\/\/yoast.com\/product\/yoast-seo-premium-wordpress\/ -->\n<title>Les avantages d&#039;un d\u00e9partement R&amp;D mondial - Fermentis<\/title>\n<meta name=\"description\" content=\"Apprenez-en davantage sur l\u2019un des piliers de Fermentis : le d\u00e9partement Recherche et D\u00e9veloppement mondial.\" \/>\n<meta name=\"robots\" content=\"index, follow, max-snippet:-1, max-image-preview:large, max-video-preview:-1\" \/>\n<link rel=\"canonical\" href=\"https:\/\/fermentis.com\/fr\/the-benefits-of-a-global-rd-department\/\" \/>\n<meta property=\"og:locale\" content=\"fr_FR\" \/>\n<meta property=\"og:type\" content=\"article\" \/>\n<meta property=\"og:title\" content=\"Les avantages d&#039;un d\u00e9partement R&amp;D mondial\" \/>\n<meta property=\"og:description\" content=\"Apprenez-en davantage sur l\u2019un des piliers de Fermentis : le d\u00e9partement Recherche et D\u00e9veloppement mondial.\" \/>\n<meta property=\"og:url\" content=\"https:\/\/fermentis.com\/fr\/the-benefits-of-a-global-rd-department\/\" \/>\n<meta property=\"og:site_name\" content=\"Fermentis\" \/>\n<meta property=\"article:publisher\" content=\"https:\/\/www.facebook.com\/Fermentis\" \/>\n<meta property=\"article:modified_time\" content=\"2026-04-29T13:14:46+00:00\" \/>\n<meta property=\"og:image\" content=\"https:\/\/fermentis.com\/wp-content\/uploads\/2021\/07\/website-v2.png\" \/>\n\t<meta property=\"og:image:width\" content=\"1903\" \/>\n\t<meta property=\"og:image:height\" content=\"901\" \/>\n\t<meta property=\"og:image:type\" content=\"image\/png\" \/>\n<meta name=\"twitter:card\" content=\"summary_large_image\" \/>\n<meta name=\"twitter:site\" content=\"@fermentis\" \/>\n<meta name=\"twitter:label1\" content=\"Dur\u00e9e de lecture estim\u00e9e\" \/>\n\t<meta name=\"twitter:data1\" content=\"3 minutes\" \/>\n<script type=\"application\/ld+json\" class=\"yoast-schema-graph\">{\"@context\":\"https:\\\/\\\/schema.org\",\"@graph\":[{\"@type\":\"WebPage\",\"@id\":\"https:\\\/\\\/fermentis.com\\\/fr\\\/the-benefits-of-a-global-rd-department\\\/\",\"url\":\"https:\\\/\\\/fermentis.com\\\/fr\\\/the-benefits-of-a-global-rd-department\\\/\",\"name\":\"Les avantages d'un d\u00e9partement R&amp;D mondial - Fermentis\",\"isPartOf\":{\"@id\":\"https:\\\/\\\/fermentis.com\\\/fr\\\/#website\"},\"datePublished\":\"2024-01-22T16:52:13+00:00\",\"dateModified\":\"2026-04-29T13:14:46+00:00\",\"description\":\"Apprenez-en davantage sur l\u2019un des piliers de Fermentis : le d\u00e9partement Recherche et D\u00e9veloppement mondial.\",\"breadcrumb\":{\"@id\":\"https:\\\/\\\/fermentis.com\\\/fr\\\/the-benefits-of-a-global-rd-department\\\/#breadcrumb\"},\"inLanguage\":\"fr-FR\",\"potentialAction\":[{\"@type\":\"ReadAction\",\"target\":[\"https:\\\/\\\/fermentis.com\\\/fr\\\/the-benefits-of-a-global-rd-department\\\/\"]}]},{\"@type\":\"BreadcrumbList\",\"@id\":\"https:\\\/\\\/fermentis.com\\\/fr\\\/the-benefits-of-a-global-rd-department\\\/#breadcrumb\",\"itemListElement\":[{\"@type\":\"ListItem\",\"position\":1,\"name\":\"Home\",\"item\":\"https:\\\/\\\/fermentis.com\\\/fr\\\/\"},{\"@type\":\"ListItem\",\"position\":2,\"name\":\"Les avantages d&#8217;un d\u00e9partement R&amp;D mondial\"}]},{\"@type\":\"WebSite\",\"@id\":\"https:\\\/\\\/fermentis.com\\\/fr\\\/#website\",\"url\":\"https:\\\/\\\/fermentis.com\\\/fr\\\/\",\"name\":\"Fermentis\",\"description\":\"Un site utilisant WordPress\",\"publisher\":{\"@id\":\"https:\\\/\\\/fermentis.com\\\/fr\\\/#organization\"},\"potentialAction\":[{\"@type\":\"SearchAction\",\"target\":{\"@type\":\"EntryPoint\",\"urlTemplate\":\"https:\\\/\\\/fermentis.com\\\/fr\\\/?s={search_term_string}\"},\"query-input\":{\"@type\":\"PropertyValueSpecification\",\"valueRequired\":true,\"valueName\":\"search_term_string\"}}],\"inLanguage\":\"fr-FR\"},{\"@type\":\"Organization\",\"@id\":\"https:\\\/\\\/fermentis.com\\\/fr\\\/#organization\",\"name\":\"Fermentis\",\"url\":\"https:\\\/\\\/fermentis.com\\\/fr\\\/\",\"logo\":{\"@type\":\"ImageObject\",\"inLanguage\":\"fr-FR\",\"@id\":\"https:\\\/\\\/fermentis.com\\\/fr\\\/#\\\/schema\\\/logo\\\/image\\\/\",\"url\":\"https:\\\/\\\/fermentis.com\\\/wp-content\\\/uploads\\\/2021\\\/07\\\/Logo-Fermentis-5.png\",\"contentUrl\":\"https:\\\/\\\/fermentis.com\\\/wp-content\\\/uploads\\\/2021\\\/07\\\/Logo-Fermentis-5.png\",\"width\":308,\"height\":95,\"caption\":\"Fermentis\"},\"image\":{\"@id\":\"https:\\\/\\\/fermentis.com\\\/fr\\\/#\\\/schema\\\/logo\\\/image\\\/\"},\"sameAs\":[\"https:\\\/\\\/www.facebook.com\\\/Fermentis\",\"https:\\\/\\\/x.com\\\/fermentis\",\"https:\\\/\\\/www.instagram.com\\\/fermentisbylesaffre\\\/\",\"https:\\\/\\\/www.linkedin.com\\\/company\\\/fermentis\\\/\",\"https:\\\/\\\/www.youtube.com\\\/channel\\\/UCt_Lp3IZnUNXZeqSi6iiAdA\"]}]}<\/script>\n<!-- \/ Yoast SEO Premium plugin. -->","yoast_head_json":{"title":"Les avantages d'un d\u00e9partement R&amp;D mondial - Fermentis","description":"Apprenez-en davantage sur l\u2019un des piliers de Fermentis : le d\u00e9partement Recherche et D\u00e9veloppement mondial.","robots":{"index":"index","follow":"follow","max-snippet":"max-snippet:-1","max-image-preview":"max-image-preview:large","max-video-preview":"max-video-preview:-1"},"canonical":"https:\/\/fermentis.com\/fr\/the-benefits-of-a-global-rd-department\/","og_locale":"fr_FR","og_type":"article","og_title":"Les avantages d'un d\u00e9partement R&amp;D mondial","og_description":"Apprenez-en davantage sur l\u2019un des piliers de Fermentis : le d\u00e9partement Recherche et D\u00e9veloppement mondial.","og_url":"https:\/\/fermentis.com\/fr\/the-benefits-of-a-global-rd-department\/","og_site_name":"Fermentis","article_publisher":"https:\/\/www.facebook.com\/Fermentis","article_modified_time":"2026-04-29T13:14:46+00:00","og_image":[{"width":1903,"height":901,"url":"https:\/\/fermentis.com\/wp-content\/uploads\/2021\/07\/website-v2.png","type":"image\/png"}],"twitter_card":"summary_large_image","twitter_site":"@fermentis","twitter_misc":{"Dur\u00e9e de lecture estim\u00e9e":"3 minutes"},"schema":{"@context":"https:\/\/schema.org","@graph":[{"@type":"WebPage","@id":"https:\/\/fermentis.com\/fr\/the-benefits-of-a-global-rd-department\/","url":"https:\/\/fermentis.com\/fr\/the-benefits-of-a-global-rd-department\/","name":"Les avantages d'un d\u00e9partement R&amp;D mondial - Fermentis","isPartOf":{"@id":"https:\/\/fermentis.com\/fr\/#website"},"datePublished":"2024-01-22T16:52:13+00:00","dateModified":"2026-04-29T13:14:46+00:00","description":"Apprenez-en davantage sur l\u2019un des piliers de Fermentis : le d\u00e9partement Recherche et D\u00e9veloppement mondial.","breadcrumb":{"@id":"https:\/\/fermentis.com\/fr\/the-benefits-of-a-global-rd-department\/#breadcrumb"},"inLanguage":"fr-FR","potentialAction":[{"@type":"ReadAction","target":["https:\/\/fermentis.com\/fr\/the-benefits-of-a-global-rd-department\/"]}]},{"@type":"BreadcrumbList","@id":"https:\/\/fermentis.com\/fr\/the-benefits-of-a-global-rd-department\/#breadcrumb","itemListElement":[{"@type":"ListItem","position":1,"name":"Home","item":"https:\/\/fermentis.com\/fr\/"},{"@type":"ListItem","position":2,"name":"Les avantages d&#8217;un d\u00e9partement R&amp;D mondial"}]},{"@type":"WebSite","@id":"https:\/\/fermentis.com\/fr\/#website","url":"https:\/\/fermentis.com\/fr\/","name":"Fermentis","description":"Un site utilisant WordPress","publisher":{"@id":"https:\/\/fermentis.com\/fr\/#organization"},"potentialAction":[{"@type":"SearchAction","target":{"@type":"EntryPoint","urlTemplate":"https:\/\/fermentis.com\/fr\/?s={search_term_string}"},"query-input":{"@type":"PropertyValueSpecification","valueRequired":true,"valueName":"search_term_string"}}],"inLanguage":"fr-FR"},{"@type":"Organization","@id":"https:\/\/fermentis.com\/fr\/#organization","name":"Fermentis","url":"https:\/\/fermentis.com\/fr\/","logo":{"@type":"ImageObject","inLanguage":"fr-FR","@id":"https:\/\/fermentis.com\/fr\/#\/schema\/logo\/image\/","url":"https:\/\/fermentis.com\/wp-content\/uploads\/2021\/07\/Logo-Fermentis-5.png","contentUrl":"https:\/\/fermentis.com\/wp-content\/uploads\/2021\/07\/Logo-Fermentis-5.png","width":308,"height":95,"caption":"Fermentis"},"image":{"@id":"https:\/\/fermentis.com\/fr\/#\/schema\/logo\/image\/"},"sameAs":["https:\/\/www.facebook.com\/Fermentis","https:\/\/x.com\/fermentis","https:\/\/www.instagram.com\/fermentisbylesaffre\/","https:\/\/www.linkedin.com\/company\/fermentis\/","https:\/\/www.youtube.com\/channel\/UCt_Lp3IZnUNXZeqSi6iiAdA"]}]}},"_links":{"self":[{"href":"https:\/\/fermentis.com\/fr\/wp-json\/wp\/v2\/pages\/43729","targetHints":{"allow":["GET"]}}],"collection":[{"href":"https:\/\/fermentis.com\/fr\/wp-json\/wp\/v2\/pages"}],"about":[{"href":"https:\/\/fermentis.com\/fr\/wp-json\/wp\/v2\/types\/page"}],"author":[{"embeddable":true,"href":"https:\/\/fermentis.com\/fr\/wp-json\/wp\/v2\/users\/21"}],"replies":[{"embeddable":true,"href":"https:\/\/fermentis.com\/fr\/wp-json\/wp\/v2\/comments?post=43729"}],"version-history":[{"count":445,"href":"https:\/\/fermentis.com\/fr\/wp-json\/wp\/v2\/pages\/43729\/revisions"}],"predecessor-version":[{"id":722224,"href":"https:\/\/fermentis.com\/fr\/wp-json\/wp\/v2\/pages\/43729\/revisions\/722224"}],"wp:attachment":[{"href":"https:\/\/fermentis.com\/fr\/wp-json\/wp\/v2\/media?parent=43729"}],"curies":[{"name":"wp","href":"https:\/\/api.w.org\/{rel}","templated":true}]}}