{"id":43773,"date":"2024-01-21T18:32:07","date_gmt":"2024-01-21T17:32:07","guid":{"rendered":"https:\/\/fermentis.com\/wine-consumption-the-younger-generations\/"},"modified":"2026-04-04T17:54:19","modified_gmt":"2026-04-04T15:54:19","slug":"wine-consumption-the-younger-generations","status":"publish","type":"page","link":"https:\/\/fermentis.com\/fr\/wine-consumption-the-younger-generations\/","title":{"rendered":"Consommation de vin et jeunes g\u00e9n\u00e9rations"},"content":{"rendered":"\n\t<section class=\"section\" id=\"section_1516785919\">\n\t\t<div class=\"section-bg fill\" >\n\t\t\t\t\t\t\t\t\t\n\t\t\t\n\n\t\t<\/div>\n\n\t\t\n\n\t\t<div class=\"section-content relative\">\n\t\t\t\n\n  <div class=\"banner has-hover has-parallax\" id=\"banner-1924632366\">\n          <div class=\"banner-inner fill\">\n        <div class=\"banner-bg fill\" data-parallax=\"-4\" data-parallax-container=\".banner\" data-parallax-background>\n            <img loading=\"lazy\" decoding=\"async\" width=\"1202\" height=\"800\" src=\"https:\/\/fermentis.com\/wp-content\/uploads\/2024\/01\/wine-consumption.jpg\" class=\"bg attachment-original size-original\" alt=\"\" \/>                        <div class=\"overlay\"><\/div>            \n                    <\/div>\n\t\t\n        <div class=\"banner-layers container\">\n            <div class=\"fill banner-link\"><\/div>            \n   <div id=\"text-box-1767488651\" class=\"text-box banner-layer x50 md-x50 lg-x50 y50 md-y50 lg-y50 res-text\">\n                                <div class=\"text-box-content text dark\">\n              \n              <div class=\"text-inner text-center\">\n                  \n\t<div id=\"text-4250725498\" class=\"text\">\n\t\t\n<p><br data-source=\"\n\n\"><\/p>\n<h2><span style=\"font-size: 110%\">Les habitudes de consommation du vin et les jeunes g\u00e9n\u00e9rations<\/span><\/h2>\n<p><br data-source=\"\n\"><br \/>\n\t\t\n<style>\n#text-4250725498 {\n  color: rgb(255,255,255);\n}\n#text-4250725498 > * {\n  color: rgb(255,255,255);\n}\n<\/style>\n\t<\/div>\n\t\n              <\/div>\n           <\/div>\n                            \n<style>\n#text-box-1767488651 {\n  width: 82%;\n}\n#text-box-1767488651 .text-box-content {\n  font-size: 100%;\n}\n<\/style>\n    <\/div>\n \n        <\/div>\n      <\/div>\n\n            \n<style>\n#banner-1924632366 {\n  padding-top: 300px;\n  background-color: rgb(255, 255, 255);\n}\n#banner-1924632366 .overlay {\n  background-color: rgba(0, 0, 0, 0.331);\n}\n#banner-1924632366 .banner-bg img {\n  object-position: 45% 34%;\n}\n<\/style>\n  <\/div>\n\n\n\t\t<\/div>\n\n\t\t\n<style>\n#section_1516785919 {\n  padding-top: 0px;\n  padding-bottom: 0px;\n}\n<\/style>\n\t<\/section>\n\t\n\n\t<section class=\"section\" id=\"section_564812986\">\n\t\t<div class=\"section-bg fill\" >\n\t\t\t\t\t\t\t\t\t\n\t\t\t\n\n\t\t<\/div>\n\n\t\t\n\n\t\t<div class=\"section-content relative\">\n\t\t\t\n<div class=\"row align-middle\"  id=\"row-1523561613\">\n\n\t<div id=\"col-1585248569\" class=\"col medium-6 small-12 large-6\"  >\n\t\t\t\t<div class=\"col-inner\"  >\n\t\t\t\n\t\t\t\n\t<div class=\"img has-hover x md-x lg-x y md-y lg-y\" id=\"image_1276998486\">\n\t\t\t\t\t\t\t\t<div class=\"img-inner dark\" >\n\t\t\t<img loading=\"lazy\" decoding=\"async\" width=\"1920\" height=\"1061\" src=\"https:\/\/fermentis.com\/wp-content\/uploads\/2024\/01\/wine-generations.jpg\" class=\"attachment-original size-original\" alt=\"Wine consumption  habits - Generations - Fermentis\" srcset=\"https:\/\/fermentis.com\/wp-content\/uploads\/2024\/01\/wine-generations.jpg 1920w, https:\/\/fermentis.com\/wp-content\/uploads\/2024\/01\/wine-generations-800x442.jpg 800w, https:\/\/fermentis.com\/wp-content\/uploads\/2024\/01\/wine-generations-1024x566.jpg 1024w, https:\/\/fermentis.com\/wp-content\/uploads\/2024\/01\/wine-generations-768x424.jpg 768w, https:\/\/fermentis.com\/wp-content\/uploads\/2024\/01\/wine-generations-1536x849.jpg 1536w, https:\/\/fermentis.com\/wp-content\/uploads\/2024\/01\/wine-generations-600x332.jpg 600w\" sizes=\"auto, (max-width: 1920px) 100vw, 1920px\" \/>\t\t\t\t\t\t\n\t\t\t\t\t<\/div>\n\t\t\t\t\t\t\t\t\n<style>\n#image_1276998486 {\n  width: 100%;\n}\n<\/style>\n\t<\/div>\n\t\n\t\t<\/div>\n\t\t\t\t\t<\/div>\n\n\t\n\n\t<div id=\"col-51961820\" class=\"col medium-6 small-12 large-6\"  >\n\t\t\t\t<div class=\"col-inner\"  >\n\t\t\t\n\t\t\t\n<p><br data-source=\"\n\n\"><\/p>\n<p>La consommation mondiale de vin est rest\u00e9e assez stable au cours des 20 derni\u00e8res ann\u00e9es, avec bien s\u00fbr quelques variations annuelles, mais il s&#039;agit globalement d&#039;un march\u00e9 mature, domin\u00e9 par quelques pays historiques, \u00e0 savoir les plus gros pays producteurs.<\/p>\n<p><br data-source=\"\n\"><\/p>\n<p>Cependant, au cours de la derni\u00e8re d\u00e9cennie, des inqui\u00e9tudes ont \u00e9t\u00e9 exprim\u00e9es dans plusieurs pays concernant la perte d\u2019int\u00e9r\u00eat pour le vin chez les jeunes adultes en \u00e2ge l\u00e9gal de consommer de l\u2019alcool. C\u2019est le cas sur deux march\u00e9s cl\u00e9s que sont les \u00c9tats-Unis et le Royaume-Uni. En 2010, le groupe des 21-34 ans repr\u00e9sentait 28 % (\u00c9tats-Unis) et 24 % (Royaume-Uni) des buveurs r\u00e9guliers de vin, mais ce chiffre est tomb\u00e9 \u00e0 seulement 18 % et 14 % en 2020.<\/p>\n<p><br data-source=\"\n\"><\/p>\n<p>La concurrence accrue d\u2019autres types de boissons, comme les sodas forts ou les spiritueux, est l\u2019une des raisons qui expliquent cette tendance, mais il en existe d\u2019autres, notamment l\u2019abstention totale de consommer de l\u2019alcool. Cependant, la bonne nouvelle est que la jeune g\u00e9n\u00e9ration qui consomme du vin semble \u00eatre plus passionn\u00e9e et curieuse que ses parents, et pourrait \u00eatre plus encline \u00e0 apprendre, exp\u00e9rimenter, d\u00e9couvrir et boire davantage de vins haut de gamme.<\/p>\n<p><br data-source=\"\n\n\"><\/p>\n\t\t<\/div>\n\t\t\t\t\t<\/div>\n\n\t\n<\/div>\n<div class=\"row\"  id=\"row-1523858527\">\n\n\t<div id=\"col-519419330\" class=\"col small-12 large-12\"  >\n\t\t\t\t<div class=\"col-inner\"  >\n\t\t\t\n\t\t\t\n<p><br data-source=\"\n\n\"><\/p>\n<p>En France, la baisse de la consommation des 18-39 ans suscite depuis quelques temps d\u00e9j\u00e0 des inqui\u00e9tudes. Cependant, les statistiques sont plus encourageantes que la tendance attendue ! Cette tranche d&#039;\u00e2ge jeune repr\u00e9sente 28 % de tous les consommateurs de vin en France, ce qui est consid\u00e9rablement plus \u00e9lev\u00e9 que dans d&#039;autres pays comme le Royaume-Uni et les \u00c9tats-Unis.<\/p>\n<p><br data-source=\"\n\"><\/p>\n<p>Les habitudes de consommation des jeunes g\u00e9n\u00e9rations sont proches de celles des pays anglo-saxons : le vin est consomm\u00e9 dans un contexte festif, lors d&#039;occasions sociales, et l&#039;on s&#039;int\u00e9resse \u00e0 la d\u00e9couverte de nouvelles saveurs ainsi qu&#039;aux accords mets et vins.<\/p>\n<p><br data-source=\"\n\"><\/p>\n<p>Alors, faut-il s\u2019inqui\u00e9ter des changements g\u00e9n\u00e9rationnels en mati\u00e8re de consommation de vin ? Eh bien, il y aura toujours plusieurs fa\u00e7ons de voir les choses. Les tendances mondiales en mati\u00e8re de sant\u00e9 pourraient conduire \u00e0 une baisse mondiale de la consommation de vin dans les ann\u00e9es \u00e0 venir.<\/p>\n<p><br data-source=\"\n\"><\/p>\n<p>Les jeunes g\u00e9n\u00e9rations seront les leaders de cette tendance, mais affirmer qu\u2019elles ne boiront plus de vin \u00e0 l\u2019avenir serait tr\u00e8s trompeur. Les nouvelles g\u00e9n\u00e9rations, dont la g\u00e9n\u00e9ration Z, sont assez complexes et h\u00e9t\u00e9rog\u00e8nes, mais elles sont curieuses des boissons ferment\u00e9es et sauront s&#039;y int\u00e9resser, notamment en mati\u00e8re de d\u00e9couverte, d&#039;\u00e9ducation et de go\u00fbt.<\/p>\n<p><br data-source=\"\n\"><\/p>\n<p>La d\u00e9cennie actuelle est probablement une excellente occasion pour les vignerons d\u2019entrer en contact avec les jeunes consommateurs, par le biais de l\u2019\u00e9ducation, de nouveaux canaux de communication et en mettant en valeur les vins les plus haut de gamme et\/ou inhabituels de leur portefeuille. <\/p>\n<p><br data-source=\"\n\"><\/p>\n<p><span style=\"font-size: 11.52px\"><i>Sources: <\/i><\/span><\/p>\n<p><br data-source=\"\n\"><\/p>\n<p>Intelligence du vin : <a href=\"https:\/\/www.theiwsr.com\/fewer-younger-lda-drinkers-are-entering-the-wine-category-does-it-matter\/\">https:\/\/www.theiwsr.com\/moins-de-jeunes-buveurs-d-alcool-entrent-dans-la-category-du-vin-est-ce-important\/<\/a><\/p>\n<p><br data-source=\"\n\"><\/p>\n<p><a href=\"https:\/\/www.wineintelligence.com\/press-releases\/press-release-frequent-wine-drinking-population-in-the-us-in-decline-led-by-younger-consumers-though-overall-participation-in-wine-category-up\/\">https:\/\/www.wineintelligence.com\/press-releases\/press-release-frequent-wine-drinking-population-in-the-us-in-decline-led-by-younger-consumers-though-overall-participation- dans la cat\u00e9gorie-vin-haut\/<\/a><\/p>\n<p><br data-source=\"\n\"><\/p>\n<p>Paris Vin Expo : <a href=\"https:\/\/www.maisondesvinsdulanguedoc.com\/_objects\/tao_medias\/file\/wi-pour-wine-paris-vinexpo-paris-la-bataille-des-generations-france-press-handout-176209.pdf?1695029305\">https:\/\/www.maisondesvinsdulanguedoc.com\/_objects\/tao_medias\/file\/wi-pour-wine-paris-vinexpo-paris-la-bataille-des-generations-france-press-handout-176209.pdf?1695029305<\/a><\/p>\n<p><br data-source=\"\n\n\"><\/p>\n\t\t<\/div>\n\t\t\t\t\t<\/div>\n\n\t\n<\/div>\n\t\t<\/div>\n\n\t\t\n<style>\n#section_564812986 {\n  padding-top: 30px;\n  padding-bottom: 30px;\n}\n<\/style>\n\t<\/section>\n\t\n","protected":false},"excerpt":{"rendered":"","protected":false},"author":2,"featured_media":30958,"parent":0,"menu_order":0,"comment_status":"closed","ping_status":"closed","template":"page-blank.php","meta":{"_acf_changed":false,"footnotes":""},"class_list":["post-43773","page","type-page","status-publish","has-post-thumbnail","hentry"],"acf":[],"yoast_head":"<!-- This site is optimized with the Yoast SEO Premium plugin v27.3 (Yoast SEO v27.3) - https:\/\/yoast.com\/product\/yoast-seo-premium-wordpress\/ -->\n<title>Consommation de vin et jeunes g\u00e9n\u00e9rations - Fermentis<\/title>\n<meta name=\"description\" content=\"Qu&#039;est-ce que ViniLiquid\u2122 et pourquoi devriez-vous l&#039;utiliser ? D\u00e9velopp\u00e9 par Fermentis, ViniLiquid\u2122 est aujourd\u2019hui encore un activateur de fermentation tr\u00e8s innovant.\" \/>\n<meta name=\"robots\" content=\"index, follow, max-snippet:-1, max-image-preview:large, max-video-preview:-1\" \/>\n<link rel=\"canonical\" href=\"https:\/\/fermentis.com\/fr\/wine-consumption-the-younger-generations\/\" \/>\n<meta property=\"og:locale\" content=\"fr_FR\" \/>\n<meta property=\"og:type\" content=\"article\" \/>\n<meta property=\"og:title\" content=\"Consommation de vin et jeunes g\u00e9n\u00e9rations\" \/>\n<meta property=\"og:description\" content=\"Qu&#039;est-ce que ViniLiquid\u2122 et pourquoi devriez-vous l&#039;utiliser ? D\u00e9velopp\u00e9 par Fermentis, ViniLiquid\u2122 est aujourd\u2019hui encore un activateur de fermentation tr\u00e8s innovant.\" \/>\n<meta property=\"og:url\" content=\"https:\/\/fermentis.com\/fr\/wine-consumption-the-younger-generations\/\" \/>\n<meta property=\"og:site_name\" content=\"Fermentis\" \/>\n<meta property=\"article:publisher\" content=\"https:\/\/www.facebook.com\/Fermentis\" \/>\n<meta property=\"article:modified_time\" content=\"2026-04-04T15:54:19+00:00\" \/>\n<meta property=\"og:image\" content=\"https:\/\/fermentis.com\/wp-content\/uploads\/2021\/08\/viniliquid-1.jpg\" \/>\n\t<meta property=\"og:image:width\" content=\"200\" \/>\n\t<meta property=\"og:image:height\" content=\"200\" \/>\n\t<meta property=\"og:image:type\" content=\"image\/jpeg\" \/>\n<meta name=\"twitter:card\" content=\"summary_large_image\" \/>\n<meta name=\"twitter:site\" content=\"@fermentis\" \/>\n<meta name=\"twitter:label1\" content=\"Dur\u00e9e de lecture estim\u00e9e\" \/>\n\t<meta name=\"twitter:data1\" content=\"11 minutes\" \/>\n<script type=\"application\/ld+json\" class=\"yoast-schema-graph\">{\"@context\":\"https:\\\/\\\/schema.org\",\"@graph\":[{\"@type\":\"WebPage\",\"@id\":\"https:\\\/\\\/fermentis.com\\\/fr\\\/wine-consumption-the-younger-generations\\\/\",\"url\":\"https:\\\/\\\/fermentis.com\\\/fr\\\/wine-consumption-the-younger-generations\\\/\",\"name\":\"Consommation de vin et jeunes g\u00e9n\u00e9rations - Fermentis\",\"isPartOf\":{\"@id\":\"https:\\\/\\\/fermentis.com\\\/fr\\\/#website\"},\"primaryImageOfPage\":{\"@id\":\"https:\\\/\\\/fermentis.com\\\/fr\\\/wine-consumption-the-younger-generations\\\/#primaryimage\"},\"image\":{\"@id\":\"https:\\\/\\\/fermentis.com\\\/fr\\\/wine-consumption-the-younger-generations\\\/#primaryimage\"},\"thumbnailUrl\":\"https:\\\/\\\/fermentis.com\\\/wp-content\\\/uploads\\\/2021\\\/08\\\/viniliquid-1.jpg\",\"datePublished\":\"2024-01-21T17:32:07+00:00\",\"dateModified\":\"2026-04-04T15:54:19+00:00\",\"description\":\"Qu'est-ce que ViniLiquid\u2122 et pourquoi devriez-vous l'utiliser ? D\u00e9velopp\u00e9 par Fermentis, ViniLiquid\u2122 est aujourd\u2019hui encore un activateur de fermentation tr\u00e8s innovant.\",\"breadcrumb\":{\"@id\":\"https:\\\/\\\/fermentis.com\\\/fr\\\/wine-consumption-the-younger-generations\\\/#breadcrumb\"},\"inLanguage\":\"fr-FR\",\"potentialAction\":[{\"@type\":\"ReadAction\",\"target\":[\"https:\\\/\\\/fermentis.com\\\/fr\\\/wine-consumption-the-younger-generations\\\/\"]}]},{\"@type\":\"ImageObject\",\"inLanguage\":\"fr-FR\",\"@id\":\"https:\\\/\\\/fermentis.com\\\/fr\\\/wine-consumption-the-younger-generations\\\/#primaryimage\",\"url\":\"https:\\\/\\\/fermentis.com\\\/wp-content\\\/uploads\\\/2021\\\/08\\\/viniliquid-1.jpg\",\"contentUrl\":\"https:\\\/\\\/fermentis.com\\\/wp-content\\\/uploads\\\/2021\\\/08\\\/viniliquid-1.jpg\",\"width\":200,\"height\":200},{\"@type\":\"BreadcrumbList\",\"@id\":\"https:\\\/\\\/fermentis.com\\\/fr\\\/wine-consumption-the-younger-generations\\\/#breadcrumb\",\"itemListElement\":[{\"@type\":\"ListItem\",\"position\":1,\"name\":\"Home\",\"item\":\"https:\\\/\\\/fermentis.com\\\/fr\\\/\"},{\"@type\":\"ListItem\",\"position\":2,\"name\":\"Consommation de vin et jeunes g\u00e9n\u00e9rations\"}]},{\"@type\":\"WebSite\",\"@id\":\"https:\\\/\\\/fermentis.com\\\/fr\\\/#website\",\"url\":\"https:\\\/\\\/fermentis.com\\\/fr\\\/\",\"name\":\"Fermentis\",\"description\":\"Un site utilisant WordPress\",\"publisher\":{\"@id\":\"https:\\\/\\\/fermentis.com\\\/fr\\\/#organization\"},\"potentialAction\":[{\"@type\":\"SearchAction\",\"target\":{\"@type\":\"EntryPoint\",\"urlTemplate\":\"https:\\\/\\\/fermentis.com\\\/fr\\\/?s={search_term_string}\"},\"query-input\":{\"@type\":\"PropertyValueSpecification\",\"valueRequired\":true,\"valueName\":\"search_term_string\"}}],\"inLanguage\":\"fr-FR\"},{\"@type\":\"Organization\",\"@id\":\"https:\\\/\\\/fermentis.com\\\/fr\\\/#organization\",\"name\":\"Fermentis\",\"url\":\"https:\\\/\\\/fermentis.com\\\/fr\\\/\",\"logo\":{\"@type\":\"ImageObject\",\"inLanguage\":\"fr-FR\",\"@id\":\"https:\\\/\\\/fermentis.com\\\/fr\\\/#\\\/schema\\\/logo\\\/image\\\/\",\"url\":\"https:\\\/\\\/fermentis.com\\\/wp-content\\\/uploads\\\/2021\\\/07\\\/Logo-Fermentis-5.png\",\"contentUrl\":\"https:\\\/\\\/fermentis.com\\\/wp-content\\\/uploads\\\/2021\\\/07\\\/Logo-Fermentis-5.png\",\"width\":308,\"height\":95,\"caption\":\"Fermentis\"},\"image\":{\"@id\":\"https:\\\/\\\/fermentis.com\\\/fr\\\/#\\\/schema\\\/logo\\\/image\\\/\"},\"sameAs\":[\"https:\\\/\\\/www.facebook.com\\\/Fermentis\",\"https:\\\/\\\/x.com\\\/fermentis\",\"https:\\\/\\\/www.instagram.com\\\/fermentisbylesaffre\\\/\",\"https:\\\/\\\/www.linkedin.com\\\/company\\\/fermentis\\\/\",\"https:\\\/\\\/www.youtube.com\\\/channel\\\/UCt_Lp3IZnUNXZeqSi6iiAdA\"]}]}<\/script>\n<!-- \/ Yoast SEO Premium plugin. -->","yoast_head_json":{"title":"Consommation de vin et jeunes g\u00e9n\u00e9rations - Fermentis","description":"Qu'est-ce que ViniLiquid\u2122 et pourquoi devriez-vous l'utiliser ? D\u00e9velopp\u00e9 par Fermentis, ViniLiquid\u2122 est aujourd\u2019hui encore un activateur de fermentation tr\u00e8s innovant.","robots":{"index":"index","follow":"follow","max-snippet":"max-snippet:-1","max-image-preview":"max-image-preview:large","max-video-preview":"max-video-preview:-1"},"canonical":"https:\/\/fermentis.com\/fr\/wine-consumption-the-younger-generations\/","og_locale":"fr_FR","og_type":"article","og_title":"Consommation de vin et jeunes g\u00e9n\u00e9rations","og_description":"Qu'est-ce que ViniLiquid\u2122 et pourquoi devriez-vous l'utiliser ? D\u00e9velopp\u00e9 par Fermentis, ViniLiquid\u2122 est aujourd\u2019hui encore un activateur de fermentation tr\u00e8s innovant.","og_url":"https:\/\/fermentis.com\/fr\/wine-consumption-the-younger-generations\/","og_site_name":"Fermentis","article_publisher":"https:\/\/www.facebook.com\/Fermentis","article_modified_time":"2026-04-04T15:54:19+00:00","og_image":[{"width":200,"height":200,"url":"https:\/\/fermentis.com\/wp-content\/uploads\/2021\/08\/viniliquid-1.jpg","type":"image\/jpeg"}],"twitter_card":"summary_large_image","twitter_site":"@fermentis","twitter_misc":{"Dur\u00e9e de lecture estim\u00e9e":"11 minutes"},"schema":{"@context":"https:\/\/schema.org","@graph":[{"@type":"WebPage","@id":"https:\/\/fermentis.com\/fr\/wine-consumption-the-younger-generations\/","url":"https:\/\/fermentis.com\/fr\/wine-consumption-the-younger-generations\/","name":"Consommation de vin et jeunes g\u00e9n\u00e9rations - Fermentis","isPartOf":{"@id":"https:\/\/fermentis.com\/fr\/#website"},"primaryImageOfPage":{"@id":"https:\/\/fermentis.com\/fr\/wine-consumption-the-younger-generations\/#primaryimage"},"image":{"@id":"https:\/\/fermentis.com\/fr\/wine-consumption-the-younger-generations\/#primaryimage"},"thumbnailUrl":"https:\/\/fermentis.com\/wp-content\/uploads\/2021\/08\/viniliquid-1.jpg","datePublished":"2024-01-21T17:32:07+00:00","dateModified":"2026-04-04T15:54:19+00:00","description":"Qu'est-ce que ViniLiquid\u2122 et pourquoi devriez-vous l'utiliser ? D\u00e9velopp\u00e9 par Fermentis, ViniLiquid\u2122 est aujourd\u2019hui encore un activateur de fermentation tr\u00e8s innovant.","breadcrumb":{"@id":"https:\/\/fermentis.com\/fr\/wine-consumption-the-younger-generations\/#breadcrumb"},"inLanguage":"fr-FR","potentialAction":[{"@type":"ReadAction","target":["https:\/\/fermentis.com\/fr\/wine-consumption-the-younger-generations\/"]}]},{"@type":"ImageObject","inLanguage":"fr-FR","@id":"https:\/\/fermentis.com\/fr\/wine-consumption-the-younger-generations\/#primaryimage","url":"https:\/\/fermentis.com\/wp-content\/uploads\/2021\/08\/viniliquid-1.jpg","contentUrl":"https:\/\/fermentis.com\/wp-content\/uploads\/2021\/08\/viniliquid-1.jpg","width":200,"height":200},{"@type":"BreadcrumbList","@id":"https:\/\/fermentis.com\/fr\/wine-consumption-the-younger-generations\/#breadcrumb","itemListElement":[{"@type":"ListItem","position":1,"name":"Home","item":"https:\/\/fermentis.com\/fr\/"},{"@type":"ListItem","position":2,"name":"Consommation de vin et jeunes g\u00e9n\u00e9rations"}]},{"@type":"WebSite","@id":"https:\/\/fermentis.com\/fr\/#website","url":"https:\/\/fermentis.com\/fr\/","name":"Fermentis","description":"Un site utilisant WordPress","publisher":{"@id":"https:\/\/fermentis.com\/fr\/#organization"},"potentialAction":[{"@type":"SearchAction","target":{"@type":"EntryPoint","urlTemplate":"https:\/\/fermentis.com\/fr\/?s={search_term_string}"},"query-input":{"@type":"PropertyValueSpecification","valueRequired":true,"valueName":"search_term_string"}}],"inLanguage":"fr-FR"},{"@type":"Organization","@id":"https:\/\/fermentis.com\/fr\/#organization","name":"Fermentis","url":"https:\/\/fermentis.com\/fr\/","logo":{"@type":"ImageObject","inLanguage":"fr-FR","@id":"https:\/\/fermentis.com\/fr\/#\/schema\/logo\/image\/","url":"https:\/\/fermentis.com\/wp-content\/uploads\/2021\/07\/Logo-Fermentis-5.png","contentUrl":"https:\/\/fermentis.com\/wp-content\/uploads\/2021\/07\/Logo-Fermentis-5.png","width":308,"height":95,"caption":"Fermentis"},"image":{"@id":"https:\/\/fermentis.com\/fr\/#\/schema\/logo\/image\/"},"sameAs":["https:\/\/www.facebook.com\/Fermentis","https:\/\/x.com\/fermentis","https:\/\/www.instagram.com\/fermentisbylesaffre\/","https:\/\/www.linkedin.com\/company\/fermentis\/","https:\/\/www.youtube.com\/channel\/UCt_Lp3IZnUNXZeqSi6iiAdA"]}]}},"_links":{"self":[{"href":"https:\/\/fermentis.com\/fr\/wp-json\/wp\/v2\/pages\/43773","targetHints":{"allow":["GET"]}}],"collection":[{"href":"https:\/\/fermentis.com\/fr\/wp-json\/wp\/v2\/pages"}],"about":[{"href":"https:\/\/fermentis.com\/fr\/wp-json\/wp\/v2\/types\/page"}],"author":[{"embeddable":true,"href":"https:\/\/fermentis.com\/fr\/wp-json\/wp\/v2\/users\/2"}],"replies":[{"embeddable":true,"href":"https:\/\/fermentis.com\/fr\/wp-json\/wp\/v2\/comments?post=43773"}],"version-history":[{"count":1421,"href":"https:\/\/fermentis.com\/fr\/wp-json\/wp\/v2\/pages\/43773\/revisions"}],"predecessor-version":[{"id":712671,"href":"https:\/\/fermentis.com\/fr\/wp-json\/wp\/v2\/pages\/43773\/revisions\/712671"}],"wp:featuredmedia":[{"embeddable":true,"href":"https:\/\/fermentis.com\/fr\/wp-json\/wp\/v2\/media\/30958"}],"wp:attachment":[{"href":"https:\/\/fermentis.com\/fr\/wp-json\/wp\/v2\/media?parent=43773"}],"curies":[{"name":"wp","href":"https:\/\/api.w.org\/{rel}","templated":true}]}}