{"id":28606,"date":"2017-03-20T00:00:00","date_gmt":"2017-03-19T23:00:00","guid":{"rendered":"http:\/\/fermentis.com\/product\/springferm-br-2\/"},"modified":"2026-04-06T06:39:44","modified_gmt":"2026-04-06T04:39:44","slug":"springferm-br-2","status":"publish","type":"product","link":"https:\/\/fermentis.com\/fr\/produit\/springferm-br-2\/","title":{"rendered":"SpringFerm\u2122 BR\u20112"},"content":{"rendered":"<div class=\"container section-title-container\" ><h2 class=\"section-title section-title-center\"><b aria-hidden=\"true\"><\/b><span class=\"section-title-main\" style=\"font-size:115%;\">Le pack sant\u00e9 pour votre levure<\/span><b aria-hidden=\"true\"><\/b><\/h2><\/div>\n<p>Cet auxiliaire de fermentation est un nutriment complexe \u00e9quilibr\u00e9 pour levures bas\u00e9 sur les synergies de facteurs de croissance organiques, min\u00e9raux et vitaminiques. Sa formule est sp\u00e9cifiquement \u00e9tudi\u00e9e pour optimiser ses effets sur la croissance et la survie des levures. Il r\u00e9duit le risque de fermentation lente ou bloqu\u00e9e, typiquement dans le mo\u00fbt contenant des adjuvants.<\/p>\n<p><strong><\/strong>Ingr\u00e9dients : Levure inactiv\u00e9e (riche en facteurs de croissance), Sulfate de zinc, Sulfate de mangan\u00e8se.<\/p>\n\t<div id=\"gap-100861735\" class=\"gap-element clearfix\" style=\"display:block; height:auto;\">\n\t\t\n<style>\n#gap-100861735 {\n  padding-top: 30px;\n}\n<\/style>\n\t<\/div>\n\t\n<div class=\"container section-title-container\" ><h3 class=\"section-title section-title-center\"><b aria-hidden=\"true\"><\/b><span class=\"section-title-main\" style=\"font-size:115%;\">SpringFerm\u2122 BR-2 - Caract\u00e9ristiques techniques<\/span><b aria-hidden=\"true\"><\/b><\/h3><\/div>\n\n\t\t<div class=\"tabbed-content\">\n\t\t\t\n\t\t\t<ul class=\"nav nav-tabs nav-uppercase nav-size-normal nav-left\" role=\"tablist\"><li id=\"tab-dosage-et-utilisation\" class=\"tab active has-icon\" role=\"presentation\"><a href=\"#tab_dosage-et-utilisation\" role=\"tab\" aria-selected=\"true\" aria-controls=\"tab_dosage-et-utilisation\"><span>Dosage et utilisation<\/span><\/a><\/li>\n<li id=\"tab-propri\u00e9t\u00e9s\" class=\"tab has-icon\" role=\"presentation\"><a href=\"#tab_propri\u00e9t\u00e9s\" tabindex=\"-1\" role=\"tab\" aria-selected=\"false\" aria-controls=\"tab_propri\u00e9t\u00e9s\"><span>Propri\u00e9t\u00e9s<\/span><\/a><\/li>\n<li id=\"tab-analyse-microbienne\" class=\"tab has-icon\" role=\"presentation\"><a href=\"#tab_analyse-microbienne\" tabindex=\"-1\" role=\"tab\" aria-selected=\"false\" aria-controls=\"tab_analyse-microbienne\"><span>Analyse microbienne<\/span><\/a><\/li>\n<li id=\"tab-stockage-et-dur\u00e9e-de-conservation\" class=\"tab has-icon\" role=\"presentation\"><a href=\"#tab_stockage-et-dur\u00e9e-de-conservation\" tabindex=\"-1\" role=\"tab\" aria-selected=\"false\" aria-controls=\"tab_stockage-et-dur\u00e9e-de-conservation\"><span>Stockage et dur\u00e9e de conservation<\/span><\/a><\/li><\/ul><div class=\"tab-panels\"><div id=\"tab_dosage-et-utilisation\" class=\"panel active entry-content\" role=\"tabpanel\" aria-labelledby=\"tab-dosage-et-utilisation\">\n<h3>Dosage\/Temp\u00e9rature<\/h3>\n<p><strong>1 g\/hl \u00e0 15 g\/hl selon la composition du mo\u00fbt.<\/strong><\/p>\n<h5>Usage<\/h5>\n<p>SpringFerm\u2122 BR-2 doit \u00eatre m\u00e9lang\u00e9 au mo\u00fbt\/\u00e0 l&#039;eau et ajout\u00e9 directement dans la cuve de fermentation. Il n&#039;est pas recommand\u00e9 de m\u00e9langer le SpringFerm\u2122 BR-2 avec de la levure s\u00e8che pendant l&#039;\u00e9tape de r\u00e9hydratation.<\/p>\n<\/div>\n<div id=\"tab_propri\u00e9t\u00e9s\" class=\"panel entry-content\" role=\"tabpanel\" aria-labelledby=\"tab-propri\u00e9t\u00e9s\">\n<p>Fermentis SpringFerm BR-2 est un pack sant\u00e9 pour votre levure. Gr\u00e2ce \u00e0 son azote assimilable, il r\u00e9duit les risques de d\u00e9viations organoleptiques (acidit\u00e9 volatile, H<sub>2<\/sub>S). Il augmente la vitalit\u00e9 des levures, am\u00e9liorant ainsi l&#039;att\u00e9nuation finale et r\u00e9duisant la teneur en diac\u00e9tyle dans la bi\u00e8re finale.<\/p>\n<\/div>\n<div id=\"tab_analyse-microbienne\" class=\"panel entry-content\" role=\"tabpanel\" aria-labelledby=\"tab-analyse-microbienne\">\n<ul>\n<li>Bact\u00e9ries totales* : &lt; 1 \/ ml<\/li>\n<li>Bact\u00e9ries ac\u00e9tiques* : &lt; 1 \/ ml<\/li>\n<li><em>Lactobacilles<\/em>* : &lt; 1 \/ ml<\/li>\n<li><em>P\u00e9diocoque<\/em>* : &lt; 1 \/ ml<\/li>\n<li>Levure sauvage non <em>Saccharomyces<\/em>* : &lt; 1 \/ ml<\/li>\n<\/ul>\n<p>Micro-organismes pathog\u00e8nes : conform\u00e9ment \u00e0 la r\u00e9glementation.* en cas<em> d&#039;utilisation \u00e0 1 g\/hl<\/em><\/p>\n<\/div>\n<div id=\"tab_stockage-et-dur\u00e9e-de-conservation\" class=\"panel entry-content\" role=\"tabpanel\" aria-labelledby=\"tab-stockage-et-dur\u00e9e-de-conservation\">\n<h4>Stockage<\/h4>\n<p>Pour une conservation inf\u00e9rieure \u00e0 6 mois\u00a0: le produit doit \u00eatre conserv\u00e9 \u00e0 une temp\u00e9rature inf\u00e9rieure \u00e0 24\u00a0\u00b0C. Pour une conservation sup\u00e9rieure \u00e0 6 mois\u00a0: le produit doit \u00eatre conserv\u00e9 \u00e0 une temp\u00e9rature inf\u00e9rieure \u00e0 15\u00a0\u00b0C. Une exception \u00e0 ces r\u00e8gles est pr\u00e9vue pour les courtes p\u00e9riodes ne d\u00e9passant pas 7\u00a0jours.<\/p>\n<h4>Dur\u00e9e de conservation<\/h4>\n<p>36 mois \u00e0 compter de la date de production. Se r\u00e9f\u00e9rer \u00e0 la date limite de consommation imprim\u00e9e sur le sachet.<\/p>\n<p><em>Chaque levure Fermentis est d\u00e9velopp\u00e9e selon un sch\u00e9ma de production sp\u00e9cifique et b\u00e9n\u00e9ficie du savoir-faire du groupe Lesaffre, leader mondial de la fabrication de levures. Cela garantit la plus grande puret\u00e9 microbiologique et une activit\u00e9 de fermentation maximale.<\/em><\/p>\n<\/div><\/div><\/div>\n","protected":false},"excerpt":{"rendered":"<p>Le pack sant\u00e9 pour votre levure<\/p>\n","protected":false},"featured_media":28176,"comment_status":"closed","ping_status":"closed","template":"","meta":{"_acf_changed":false},"product_brand":[],"product_cat":[275,243,276],"product_tag":[1004,1005],"class_list":{"0":"post-28606","1":"product","2":"type-product","3":"status-publish","4":"has-post-thumbnail","6":"product_cat-aides-fermentation-biere","7":"product_cat-bieres-brasserie","8":"product_cat-springferm-fr-2","9":"product_tag-br-2-fr","10":"product_tag-br2-fr","12":"first","13":"instock","14":"shipping-taxable","15":"product-type-simple"},"acf":[],"yoast_head":"<!-- This site is optimized with the Yoast SEO Premium plugin v27.3 (Yoast SEO v27.3) - https:\/\/yoast.com\/product\/yoast-seo-premium-wordpress\/ -->\n<title>SpringFerm BR-2 - Aide \u00e0 la fermentation des levures - Fermentis<\/title>\n<meta name=\"description\" content=\"L&#039;aide \u00e0 la fermentation Fermentis SpringFerm BR-2 est un booster de sant\u00e9 id\u00e9al pour optimiser la croissance des levures et r\u00e9soudre les probl\u00e8mes de fermentation lente ou bloqu\u00e9e.\" \/>\n<meta name=\"robots\" content=\"index, follow, max-snippet:-1, max-image-preview:large, max-video-preview:-1\" \/>\n<link rel=\"canonical\" href=\"https:\/\/fermentis.com\/fr\/produit\/springferm-br-2\/\" \/>\n<meta property=\"og:locale\" content=\"fr_FR\" \/>\n<meta property=\"og:type\" content=\"article\" \/>\n<meta property=\"og:title\" content=\"SpringFerm\u2122 BR\u20112\" \/>\n<meta property=\"og:description\" content=\"L&#039;aide \u00e0 la fermentation Fermentis SpringFerm BR-2 est un booster de sant\u00e9 id\u00e9al pour optimiser la croissance des levures et r\u00e9soudre les probl\u00e8mes de fermentation lente ou bloqu\u00e9e.\" \/>\n<meta property=\"og:url\" content=\"https:\/\/fermentis.com\/fr\/produit\/springferm-br-2\/\" \/>\n<meta property=\"og:site_name\" content=\"Fermentis\" \/>\n<meta property=\"article:publisher\" content=\"https:\/\/www.facebook.com\/Fermentis\" \/>\n<meta property=\"article:modified_time\" content=\"2026-04-06T04:39:44+00:00\" \/>\n<meta property=\"og:image\" content=\"https:\/\/fermentis.com\/wp-content\/uploads\/2020\/10\/springferm-br2.png\" \/>\n\t<meta property=\"og:image:width\" content=\"1200\" \/>\n\t<meta property=\"og:image:height\" content=\"1200\" \/>\n\t<meta property=\"og:image:type\" content=\"image\/png\" \/>\n<meta name=\"twitter:card\" content=\"summary_large_image\" \/>\n<meta name=\"twitter:site\" content=\"@fermentis\" \/>\n<meta name=\"twitter:label1\" content=\"Prix\" \/>\n\t<meta name=\"twitter:data1\" content=\"\" \/>\n\t<meta name=\"twitter:label2\" content=\"Disponibilit\u00e9\" \/>\n\t<meta name=\"twitter:data2\" content=\"En stock\" \/>\n<script type=\"application\/ld+json\" class=\"yoast-schema-graph\">{\"@context\":\"https:\\\/\\\/schema.org\",\"@graph\":[{\"@type\":\"WebPage\",\"@id\":\"https:\\\/\\\/fermentis.com\\\/fr\\\/produit\\\/springferm-br-2\\\/\",\"url\":\"https:\\\/\\\/fermentis.com\\\/fr\\\/produit\\\/springferm-br-2\\\/\",\"name\":\"SpringFerm BR-2 - Aide \u00e0 la fermentation des levures - Fermentis\",\"isPartOf\":{\"@id\":\"https:\\\/\\\/fermentis.com\\\/fr\\\/#website\"},\"primaryImageOfPage\":{\"@id\":\"https:\\\/\\\/fermentis.com\\\/fr\\\/produit\\\/springferm-br-2\\\/#primaryimage\"},\"image\":{\"@id\":\"https:\\\/\\\/fermentis.com\\\/fr\\\/produit\\\/springferm-br-2\\\/#primaryimage\"},\"thumbnailUrl\":\"https:\\\/\\\/fermentis.com\\\/wp-content\\\/uploads\\\/2020\\\/10\\\/springferm-br2.png\",\"datePublished\":\"2017-03-19T23:00:00+00:00\",\"dateModified\":\"2026-04-06T04:39:44+00:00\",\"description\":\"L'aide \u00e0 la fermentation Fermentis SpringFerm BR-2 est un booster de sant\u00e9 id\u00e9al pour optimiser la croissance des levures et r\u00e9soudre les probl\u00e8mes de fermentation lente ou bloqu\u00e9e.\",\"breadcrumb\":{\"@id\":\"https:\\\/\\\/fermentis.com\\\/fr\\\/produit\\\/springferm-br-2\\\/#breadcrumb\"},\"inLanguage\":\"fr-FR\",\"potentialAction\":[{\"@type\":\"ReadAction\",\"target\":[\"https:\\\/\\\/fermentis.com\\\/fr\\\/produit\\\/springferm-br-2\\\/\"]}]},{\"@type\":\"ImageObject\",\"inLanguage\":\"fr-FR\",\"@id\":\"https:\\\/\\\/fermentis.com\\\/fr\\\/produit\\\/springferm-br-2\\\/#primaryimage\",\"url\":\"https:\\\/\\\/fermentis.com\\\/wp-content\\\/uploads\\\/2020\\\/10\\\/springferm-br2.png\",\"contentUrl\":\"https:\\\/\\\/fermentis.com\\\/wp-content\\\/uploads\\\/2020\\\/10\\\/springferm-br2.png\",\"width\":1200,\"height\":1200,\"caption\":\"Aide \u00e0 la fermentation pour levure SpringFerm BR-2 pour brasseurs par Fermentis\"},{\"@type\":\"BreadcrumbList\",\"@id\":\"https:\\\/\\\/fermentis.com\\\/fr\\\/produit\\\/springferm-br-2\\\/#breadcrumb\",\"itemListElement\":[{\"@type\":\"ListItem\",\"position\":1,\"name\":\"Home\",\"item\":\"https:\\\/\\\/fermentis.com\\\/fr\\\/\"},{\"@type\":\"ListItem\",\"position\":2,\"name\":\"Produits\"},{\"@type\":\"ListItem\",\"position\":3,\"name\":\"Bi\u00e8res et brasserie\",\"item\":\"https:\\\/\\\/fermentis.com\\\/fr\\\/fermentation\\\/bieres-brasserie\\\/\"},{\"@type\":\"ListItem\",\"position\":4,\"name\":\"Aides \u00e0 la fermentation bi\u00e8res\",\"item\":\"https:\\\/\\\/fermentis.com\\\/fr\\\/fermentation\\\/bieres-brasserie\\\/aides-fermentation-biere\\\/\"},{\"@type\":\"ListItem\",\"position\":5,\"name\":\"SpringFerm\u2122\",\"item\":\"https:\\\/\\\/fermentis.com\\\/fr\\\/fermentation\\\/bieres-brasserie\\\/aides-fermentation-biere\\\/springferm-fr-2\\\/\"},{\"@type\":\"ListItem\",\"position\":6,\"name\":\"SpringFerm\u2122 BR\u20112\"}]},{\"@type\":\"WebSite\",\"@id\":\"https:\\\/\\\/fermentis.com\\\/fr\\\/#website\",\"url\":\"https:\\\/\\\/fermentis.com\\\/fr\\\/\",\"name\":\"Fermentis\",\"description\":\"Un site utilisant WordPress\",\"publisher\":{\"@id\":\"https:\\\/\\\/fermentis.com\\\/fr\\\/#organization\"},\"potentialAction\":[{\"@type\":\"SearchAction\",\"target\":{\"@type\":\"EntryPoint\",\"urlTemplate\":\"https:\\\/\\\/fermentis.com\\\/fr\\\/?s={search_term_string}\"},\"query-input\":{\"@type\":\"PropertyValueSpecification\",\"valueRequired\":true,\"valueName\":\"search_term_string\"}}],\"inLanguage\":\"fr-FR\"},{\"@type\":\"Organization\",\"@id\":\"https:\\\/\\\/fermentis.com\\\/fr\\\/#organization\",\"name\":\"Fermentis\",\"url\":\"https:\\\/\\\/fermentis.com\\\/fr\\\/\",\"logo\":{\"@type\":\"ImageObject\",\"inLanguage\":\"fr-FR\",\"@id\":\"https:\\\/\\\/fermentis.com\\\/fr\\\/#\\\/schema\\\/logo\\\/image\\\/\",\"url\":\"https:\\\/\\\/fermentis.com\\\/wp-content\\\/uploads\\\/2021\\\/07\\\/Logo-Fermentis-5.png\",\"contentUrl\":\"https:\\\/\\\/fermentis.com\\\/wp-content\\\/uploads\\\/2021\\\/07\\\/Logo-Fermentis-5.png\",\"width\":308,\"height\":95,\"caption\":\"Fermentis\"},\"image\":{\"@id\":\"https:\\\/\\\/fermentis.com\\\/fr\\\/#\\\/schema\\\/logo\\\/image\\\/\"},\"sameAs\":[\"https:\\\/\\\/www.facebook.com\\\/Fermentis\",\"https:\\\/\\\/x.com\\\/fermentis\",\"https:\\\/\\\/www.instagram.com\\\/fermentisbylesaffre\\\/\",\"https:\\\/\\\/www.linkedin.com\\\/company\\\/fermentis\\\/\",\"https:\\\/\\\/www.youtube.com\\\/channel\\\/UCt_Lp3IZnUNXZeqSi6iiAdA\"]}]}<\/script>\n<meta property=\"product:price:currency\" content=\"GBP\" \/>\n<meta property=\"og:availability\" content=\"instock\" \/>\n<meta property=\"product:availability\" content=\"instock\" \/>\n<meta property=\"product:condition\" content=\"new\" \/>\n<!-- \/ Yoast SEO Premium plugin. -->","yoast_head_json":{"title":"SpringFerm BR-2 - Aide \u00e0 la fermentation des levures - Fermentis","description":"L'aide \u00e0 la fermentation Fermentis SpringFerm BR-2 est un booster de sant\u00e9 id\u00e9al pour optimiser la croissance des levures et r\u00e9soudre les probl\u00e8mes de fermentation lente ou bloqu\u00e9e.","robots":{"index":"index","follow":"follow","max-snippet":"max-snippet:-1","max-image-preview":"max-image-preview:large","max-video-preview":"max-video-preview:-1"},"canonical":"https:\/\/fermentis.com\/fr\/produit\/springferm-br-2\/","og_locale":"fr_FR","og_type":"article","og_title":"SpringFerm\u2122 BR\u20112","og_description":"L'aide \u00e0 la fermentation Fermentis SpringFerm BR-2 est un booster de sant\u00e9 id\u00e9al pour optimiser la croissance des levures et r\u00e9soudre les probl\u00e8mes de fermentation lente ou bloqu\u00e9e.","og_url":"https:\/\/fermentis.com\/fr\/produit\/springferm-br-2\/","og_site_name":"Fermentis","article_publisher":"https:\/\/www.facebook.com\/Fermentis","article_modified_time":"2026-04-06T04:39:44+00:00","og_image":[{"width":1200,"height":1200,"url":"https:\/\/fermentis.com\/wp-content\/uploads\/2020\/10\/springferm-br2.png","type":"image\/png"}],"twitter_card":"summary_large_image","twitter_site":"@fermentis","twitter_misc":{"Prix":"","Disponibilit\u00e9":"En stock"},"schema":{"@context":"https:\/\/schema.org","@graph":[{"@type":"WebPage","@id":"https:\/\/fermentis.com\/fr\/produit\/springferm-br-2\/","url":"https:\/\/fermentis.com\/fr\/produit\/springferm-br-2\/","name":"SpringFerm BR-2 - Aide \u00e0 la fermentation des levures - Fermentis","isPartOf":{"@id":"https:\/\/fermentis.com\/fr\/#website"},"primaryImageOfPage":{"@id":"https:\/\/fermentis.com\/fr\/produit\/springferm-br-2\/#primaryimage"},"image":{"@id":"https:\/\/fermentis.com\/fr\/produit\/springferm-br-2\/#primaryimage"},"thumbnailUrl":"https:\/\/fermentis.com\/wp-content\/uploads\/2020\/10\/springferm-br2.png","datePublished":"2017-03-19T23:00:00+00:00","dateModified":"2026-04-06T04:39:44+00:00","description":"L'aide \u00e0 la fermentation Fermentis SpringFerm BR-2 est un booster de sant\u00e9 id\u00e9al pour optimiser la croissance des levures et r\u00e9soudre les probl\u00e8mes de fermentation lente ou bloqu\u00e9e.","breadcrumb":{"@id":"https:\/\/fermentis.com\/fr\/produit\/springferm-br-2\/#breadcrumb"},"inLanguage":"fr-FR","potentialAction":[{"@type":"ReadAction","target":["https:\/\/fermentis.com\/fr\/produit\/springferm-br-2\/"]}]},{"@type":"ImageObject","inLanguage":"fr-FR","@id":"https:\/\/fermentis.com\/fr\/produit\/springferm-br-2\/#primaryimage","url":"https:\/\/fermentis.com\/wp-content\/uploads\/2020\/10\/springferm-br2.png","contentUrl":"https:\/\/fermentis.com\/wp-content\/uploads\/2020\/10\/springferm-br2.png","width":1200,"height":1200,"caption":"Aide \u00e0 la fermentation pour levure SpringFerm BR-2 pour brasseurs par Fermentis"},{"@type":"BreadcrumbList","@id":"https:\/\/fermentis.com\/fr\/produit\/springferm-br-2\/#breadcrumb","itemListElement":[{"@type":"ListItem","position":1,"name":"Home","item":"https:\/\/fermentis.com\/fr\/"},{"@type":"ListItem","position":2,"name":"Produits"},{"@type":"ListItem","position":3,"name":"Bi\u00e8res et brasserie","item":"https:\/\/fermentis.com\/fr\/fermentation\/bieres-brasserie\/"},{"@type":"ListItem","position":4,"name":"Aides \u00e0 la fermentation bi\u00e8res","item":"https:\/\/fermentis.com\/fr\/fermentation\/bieres-brasserie\/aides-fermentation-biere\/"},{"@type":"ListItem","position":5,"name":"SpringFerm\u2122","item":"https:\/\/fermentis.com\/fr\/fermentation\/bieres-brasserie\/aides-fermentation-biere\/springferm-fr-2\/"},{"@type":"ListItem","position":6,"name":"SpringFerm\u2122 BR\u20112"}]},{"@type":"WebSite","@id":"https:\/\/fermentis.com\/fr\/#website","url":"https:\/\/fermentis.com\/fr\/","name":"Fermentis","description":"Un site utilisant WordPress","publisher":{"@id":"https:\/\/fermentis.com\/fr\/#organization"},"potentialAction":[{"@type":"SearchAction","target":{"@type":"EntryPoint","urlTemplate":"https:\/\/fermentis.com\/fr\/?s={search_term_string}"},"query-input":{"@type":"PropertyValueSpecification","valueRequired":true,"valueName":"search_term_string"}}],"inLanguage":"fr-FR"},{"@type":"Organization","@id":"https:\/\/fermentis.com\/fr\/#organization","name":"Fermentis","url":"https:\/\/fermentis.com\/fr\/","logo":{"@type":"ImageObject","inLanguage":"fr-FR","@id":"https:\/\/fermentis.com\/fr\/#\/schema\/logo\/image\/","url":"https:\/\/fermentis.com\/wp-content\/uploads\/2021\/07\/Logo-Fermentis-5.png","contentUrl":"https:\/\/fermentis.com\/wp-content\/uploads\/2021\/07\/Logo-Fermentis-5.png","width":308,"height":95,"caption":"Fermentis"},"image":{"@id":"https:\/\/fermentis.com\/fr\/#\/schema\/logo\/image\/"},"sameAs":["https:\/\/www.facebook.com\/Fermentis","https:\/\/x.com\/fermentis","https:\/\/www.instagram.com\/fermentisbylesaffre\/","https:\/\/www.linkedin.com\/company\/fermentis\/","https:\/\/www.youtube.com\/channel\/UCt_Lp3IZnUNXZeqSi6iiAdA"]}]},"product_price_currency":"GBP","og_availability":"instock","product_availability":"instock","product_condition":"new"},"_links":{"self":[{"href":"https:\/\/fermentis.com\/fr\/wp-json\/wp\/v2\/product\/28606","targetHints":{"allow":["GET"]}}],"collection":[{"href":"https:\/\/fermentis.com\/fr\/wp-json\/wp\/v2\/product"}],"about":[{"href":"https:\/\/fermentis.com\/fr\/wp-json\/wp\/v2\/types\/product"}],"replies":[{"embeddable":true,"href":"https:\/\/fermentis.com\/fr\/wp-json\/wp\/v2\/comments?post=28606"}],"wp:featuredmedia":[{"embeddable":true,"href":"https:\/\/fermentis.com\/fr\/wp-json\/wp\/v2\/media\/28176"}],"wp:attachment":[{"href":"https:\/\/fermentis.com\/fr\/wp-json\/wp\/v2\/media?parent=28606"}],"wp:term":[{"taxonomy":"product_brand","embeddable":true,"href":"https:\/\/fermentis.com\/fr\/wp-json\/wp\/v2\/product_brand?post=28606"},{"taxonomy":"product_cat","embeddable":true,"href":"https:\/\/fermentis.com\/fr\/wp-json\/wp\/v2\/product_cat?post=28606"},{"taxonomy":"product_tag","embeddable":true,"href":"https:\/\/fermentis.com\/fr\/wp-json\/wp\/v2\/product_tag?post=28606"}],"curies":[{"name":"wp","href":"https:\/\/api.w.org\/{rel}","templated":true}]}}