{"id":28613,"date":"2020-02-14T00:00:00","date_gmt":"2020-02-13T23:00:00","guid":{"rendered":"http:\/\/fermentis.com\/product\/neipa-new-england-ipa\/"},"modified":"2026-04-17T22:43:01","modified_gmt":"2026-04-17T20:43:01","slug":"neipa-new-england-ipa","status":"publish","type":"product","link":"https:\/\/fermentis.com\/fr\/produit\/neipa-new-england-ipa\/","title":{"rendered":"NEIPA &#8211; New England IPA"},"content":{"rendered":"<div class=\"container section-title-container\" ><h2 class=\"section-title section-title-center\"><b aria-hidden=\"true\"><\/b><span class=\"section-title-main\" style=\"font-size:115%;\">La bi\u00e8re juteuse et fruit\u00e9e<\/span><b aria-hidden=\"true\"><\/b><\/h2><\/div>\n<p>La New England IPA (\u00e9galement connue sous le nom de <a href=\"https:\/\/fermentis.com\/en\/news\/fermentation\/beer-brewing\/hazy-ipa-rethink-this-ipa-beer-style\/\">Hazy IPA<\/a>) est un style nouveau et tendance de la famille IPA (une famille de bi\u00e8res principalement connues pour \u00eatre tr\u00e8s houblonn\u00e9es et principalement am\u00e8res). Les bi\u00e8res NEIPA pr\u00e9sentent de nombreux aspects sensoriels qui diff\u00e8rent des IPA conventionnelles. La meilleure fa\u00e7on de le d\u00e9crire est peut-\u00eatre de dire que c\u2019est une \u00ab bi\u00e8re juteuse \u00bb. M\u00eame si son taux d&#039;alcool peut varier de 5 \u00e0 7 %, boire une bi\u00e8re NEIPA revient presque \u00e0 boire un jus de fruit riche et frais, car le houblon et la levure contribuent \u00e0 produire ces saveurs fruit\u00e9es.<\/p>\n\t<div id=\"gap-1243828346\" class=\"gap-element clearfix\" style=\"display:block; height:auto;\">\n\t\t\n<style>\n#gap-1243828346 {\n  padding-top: 30px;\n}\n<\/style>\n\t<\/div>\n\t\n<div class=\"container section-title-container\" ><h3 class=\"section-title section-title-center\"><b aria-hidden=\"true\"><\/b><span class=\"section-title-main\" style=\"font-size:115%;\">Caract\u00e9ristiques de la New England IPA<\/span><b aria-hidden=\"true\"><\/b><\/h3><\/div>\n\n\t\t<div class=\"tabbed-content\">\n\t\t\t\n\t\t\t<ul class=\"nav nav-tabs nav-uppercase nav-size-normal nav-left\" role=\"tablist\"><li id=\"tab-style-de-bi\u00e8re\" class=\"tab active has-icon\" role=\"presentation\"><a href=\"#tab_style-de-bi\u00e8re\" role=\"tab\" aria-selected=\"true\" aria-controls=\"tab_style-de-bi\u00e8re\"><span>Style de bi\u00e8re<\/span><\/a><\/li>\n<li id=\"tab-comment-est-il-brass\u00e9?\" class=\"tab has-icon\" role=\"presentation\"><a href=\"#tab_comment-est-il-brass\u00e9?\" tabindex=\"-1\" role=\"tab\" aria-selected=\"false\" aria-controls=\"tab_comment-est-il-brass\u00e9?\"><span>Comment est-il brass\u00e9?<\/span><\/a><\/li>\n<li id=\"tab-impact-de-la-levure\" class=\"tab has-icon\" role=\"presentation\"><a href=\"#tab_impact-de-la-levure\" tabindex=\"-1\" role=\"tab\" aria-selected=\"false\" aria-controls=\"tab_impact-de-la-levure\"><span>IMPACT DE LA LEVURE<\/span><\/a><\/li><\/ul><div class=\"tab-panels\"><div id=\"tab_style-de-bi\u00e8re\" class=\"panel active entry-content\" role=\"tabpanel\" aria-labelledby=\"tab-style-de-bi\u00e8re\">\n<h4>Caract\u00e9ristiques g\u00e9n\u00e9rales de la bi\u00e8re NEIPA<\/h4>\n<p>La New England IPA est un style nouveau et tendance de la famille des IPA (une famille de bi\u00e8res principalement connues pour \u00eatre tr\u00e8s houblonn\u00e9es et principalement am\u00e8res). Les bi\u00e8res NEIPA pr\u00e9sentent de nombreux aspects sensoriels qui diff\u00e8rent des IPA conventionnelles. La meilleure fa\u00e7on de le d\u00e9crire est peut-\u00eatre de dire que c\u2019est une \u00ab bi\u00e8re juteuse \u00bb. M\u00eame si son taux d&#039;alcool peut varier de 5 \u00e0 7 %, boire une bi\u00e8re NEIPA revient presque \u00e0 boire un jus de fruit riche et frais, car le houblon et la levure contribuent \u00e0 produire ces saveurs fruit\u00e9es.<\/p>\n<p>Le trouble est \u00e9galement un caract\u00e8re important de ce style de bi\u00e8re, cons\u00e9quence de la composition particuli\u00e8re de ses ingr\u00e9dients. Ce type de bi\u00e8re est g\u00e9n\u00e9ralement de couleur p\u00e2le et pr\u00e9sente un caract\u00e8re malt\u00e9 doux et neutre, permettant \u00e0 ses saveurs fruit\u00e9es et houblonn\u00e9es de dominer, avec une intensit\u00e9 distinctement fra\u00eeche.<\/p>\n<p>Avec un NEIPA, vous pouvez vous attendre \u00e0 des saveurs de houblon de la famille des fruits tropicaux, comme la mangue, l&#039;ananas, le fruit de la passion et la goyave, ainsi qu&#039;\u00e0 des saveurs d&#039;agrumes, comme l&#039;orange, le citron vert et la mandarine. Vous pourriez m\u00eame d\u00e9tecter quelques notes de fruits \u00e0 noyau, comme la p\u00eache et l&#039;abricot. Et c&#039;est avant tout une question d&#039;ar\u00f4mes de houblon, qui ne sont pas forc\u00e9ment amers. Contrairement aux autres styles d&#039;IPA, la NEIPA a tendance \u00e0 avoir une intensit\u00e9 am\u00e8re mod\u00e9r\u00e9e \u00e0 faible, avec une finale douce. Enfin, le corps de la bi\u00e8re joue un r\u00f4le important, qu\u2019il doit jouer pour soutenir la sensation juteuse. Le r\u00e9sultat est une bi\u00e8re tr\u00e8s aromatique, savoureuse et tr\u00e8s agr\u00e9able \u00e0 boire.<\/p>\n<\/div>\n<div id=\"tab_comment-est-il-brass\u00e9?\" class=\"panel entry-content\" role=\"tabpanel\" aria-labelledby=\"tab-comment-est-il-brass\u00e9?\">\n<h3>Conseils de brassage NEIPA<\/h3>\n<p>En r\u00e8gle g\u00e9n\u00e9rale, il est pr\u00e9f\u00e9rable d\u2019utiliser de l\u2019orge malt\u00e9e, ainsi que de l\u2019avoine et du bl\u00e9, car ils contribuent tous au caract\u00e8re cr\u00e9meux, au corps et au trouble de la bi\u00e8re. Notre deuxi\u00e8me recommandation est d&#039;envisager une charge de houblon assez importante (0,5 \u2013 1,5 kg\/hl) uniquement lors d&#039;ajouts tardifs de houblon (houblonnage tardif et houblonnage \u00e0 sec avec ajout nul ou limit\u00e9 de houblon en cuve pendant l&#039;\u00e9bullition). Nous sugg\u00e9rons d&#039;utiliser principalement des vari\u00e9t\u00e9s de houblons fruit\u00e9s (citra, simcoe, mosaic, galaxy, amarillo, el dorado, etc.). Et bien s\u00fbr, utilisez toujours la bonne souche de levure !<\/p>\n<\/div>\n<div id=\"tab_impact-de-la-levure\" class=\"panel entry-content\" role=\"tabpanel\" aria-labelledby=\"tab-impact-de-la-levure\">\n<h3>Impact des levures sur les bi\u00e8res de style NEIPA<\/h3>\n<p>L\u2019impact de la levure sur l\u2019expression de la saveur du houblon est un sujet nouveau et passionnant ! Nous avons \u00e9tudi\u00e9 en profondeur l\u2019impact de diff\u00e9rentes souches de levures sur l\u2019expression de la saveur NEIPA. La levure peut l\u2019affecter de diff\u00e9rentes mani\u00e8res, pas seulement sur les saveurs neutres : la mani\u00e8re dont la levure affecte la production et la contribution aux saveurs fruit\u00e9es \u2013 et de multiples autres interactions \u2013 peut \u00eatre significative. En fait, la levure ne joue pas seulement un r\u00f4le direct dans la formation de la saveur, elle peut \u00e9galement am\u00e9liorer la lib\u00e9ration de certaines saveurs importantes du houblon \u00e0 partir des pr\u00e9curseurs. Pour r\u00e9sumer, la levure peut favoriser le caract\u00e8re houblonn\u00e9 de la bi\u00e8re en produisant, en lib\u00e9rant ou en interagissant avec d\u2019importants compos\u00e9s aromatiques du houblon. La levure a \u00e9galement un r\u00f4le important dans le corps de la bi\u00e8re ; son profil de suspension ou de consommation de sucre peut contribuer \u00e0 la sensation en bouche de la bi\u00e8re, notamment dans ce style au caract\u00e8re \u00ab juteux \u00bb.<\/p>\n<\/div><\/div><\/div>\n\t<div id=\"gap-1270566421\" class=\"gap-element clearfix\" style=\"display:block; height:auto;\">\n\t\t\n<style>\n#gap-1270566421 {\n  padding-top: 30px;\n}\n<\/style>\n\t<\/div>\n\t\n<div class=\"container section-title-container\" ><h3 class=\"section-title section-title-center\"><b aria-hidden=\"true\"><\/b><span class=\"section-title-main\" style=\"font-size:115%;\">Suggestions de levures pour New England IPA<\/span><b aria-hidden=\"true\"><\/b><\/h3><\/div>\n\t\n  \n    <div class=\"row large-columns-&quot;3&quot; medium-columns- small-columns- row-&quot;xsmall&quot;\" >\n  \n\t     <div class=\"col\" data-animate=\"&quot;fadeInUp&quot;\">\n\t\t\t\t\t\t<div class=\"col-inner\">\n\t\t\t\t\t\t\n<div class=\"badge-container absolute left top z-1\">\n\n<\/div>\n\t\t\t\t\t\t<div class=\"product-small box has-hover box-&quot;bounce&quot; box-text-bottom\">\n\t\t\t\t\t\t\t<div class=\"box-image\" >\n\t\t\t\t\t\t\t\t<div class=\"\" >\n\t\t\t\t\t\t\t\t\t<a href=\"https:\/\/fermentis.com\/fr\/produit\/safale-s-04\/\" aria-label=\"SafAle\u2122 S\u201104\">\n\t\t\t\t\t\t\t\t\t\t<img loading=\"lazy\" decoding=\"async\" width=\"300\" height=\"300\" src=\"https:\/\/cdn.bfldr.com\/G7S7MSWL\/at\/s43q8xcwfk84bkb7fhznx85\/SafAleTM_S-134_All_.jpg?auto=webp&amp;format=png\" class=\"attachment-woocommerce_thumbnail size-woocommerce_thumbnail\" alt=\"SafAle\u2122 S\u201104\" title=\"SafAle\u2122 S\u201104\" \/>\t\t\t\t\t\t\t\t\t<\/a>\n\t\t\t\t\t\t\t\t\t\t\t\t\t\t\t\t\t\t \t\t\t\t\t\t\t\t<\/div>\n\t\t\t\t\t\t\t\t<div class=\"image-tools top right show-on-hover\">\n\t\t\t\t\t\t\t\t\t\t\t\t\t\t\t\t\t<\/div>\n\t\t\t\t\t\t\t\t\t\t\t\t\t\t\t\t\t<div class=\"image-tools grid-tools text-center hide-for-small bottom hover-slide-in show-on-hover\">\n\t\t\t\t\t\t\t\t\t\t\t\t\t\t\t\t\t\t\t<\/div>\n\t\t\t\t\t\t\t\t\t\t\t\t\t\t\t\t\t\t\t\t\t\t\t<\/div>\n\n\t\t\t\t\t\t\t<div class=\"box-text text-center\" >\n\t\t\t\t\t\t\t\t<div class=\"title-wrapper\"><p class=\"name product-title woocommerce-loop-product__title\"><a href=\"https:\/\/fermentis.com\/fr\/produit\/safale-s-04\/\" class=\"woocommerce-LoopProduct-link woocommerce-loop-product__link\">SafAle\u2122 S\u201104<\/a><\/p><\/div><div class=\"price-wrapper\">\n<\/div>\t\t<p class=\"box-excerpt is-small\">\n\t\t\tLa levure id\u00e9ale pour les bi\u00e8res Ales anglaises et am\u00e9ricaines, aux notes fruit\u00e9es \u00e9quilibr\u00e9es\t\t<\/p>\n\t\t\t\t\t\t\t\t\t<\/div>\n\t\t\t\t\t\t<\/div>\n\t\t\t\t\t\t<\/div>\n\t\t\t\t\t<\/div><\/div>\n\t<div id=\"gap-1732073492\" class=\"gap-element clearfix\" style=\"display:block; height:auto;\">\n\t\t\n<style>\n#gap-1732073492 {\n  padding-top: 30px;\n}\n<\/style>\n\t<\/div>\n\t\n<p><em>Nos recommandations de levure sont uniquement destin\u00e9es \u00e0 vous servir de guide pour vous aider \u00e0 choisir la bonne souche dans notre gamme. Il est tout \u00e0 fait possible de brasser un style de bi\u00e8re sp\u00e9cifique avec une souche diff\u00e9rente : n\u2019h\u00e9sitez pas \u00e0 exp\u00e9rimenter et \u00e0 \u00eatre cr\u00e9atif ! <\/em><\/p>\n","protected":false},"excerpt":{"rendered":"<p>La India Pale Ale juteuse <\/p>\n","protected":false},"featured_media":470661,"comment_status":"closed","ping_status":"closed","template":"","meta":{"_acf_changed":false},"product_brand":[],"product_cat":[283,282],"product_tag":[1000,999,1001],"class_list":{"0":"post-28613","1":"product","2":"type-product","3":"status-publish","4":"has-post-thumbnail","6":"product_cat-ipa-fr","7":"product_cat-styles-bieres","8":"product_tag-ipa-fr","9":"product_tag-neipa-fr","10":"product_tag-new-england-ipa-fr","11":"pa_alcohol-tolerance-10-fr","12":"pa_alcohol-tolerance-11-fr","13":"pa_alcohol-tolerance-12-fr","14":"pa_alcohol-tolerance-13-fr","15":"pa_alcohol-tolerance-9-fr","16":"pa_apparent-attenuation-80-fr","17":"pa_apparent-attenuation-81-fr","18":"pa_apparent-attenuation-82-fr","19":"pa_apparent-attenuation-83-fr","20":"pa_apparent-attenuation-84-fr","21":"pa_beer-style-pils-et-lagers","22":"pa_phenolic-off-flavor-negatif","23":"pa_sedimentation-rapide","24":"pa_total-esters-bas","25":"pa_total-superior-alcohols-bas","26":"pa_yeast-variety-saccharomyces-pastorianus-fr","28":"first","29":"instock","30":"shipping-taxable","31":"product-type-simple"},"acf":[],"yoast_head":"<!-- This site is optimized with the Yoast SEO Premium plugin v27.4 (Yoast SEO v27.4) - https:\/\/yoast.com\/product\/yoast-seo-premium-wordpress\/ -->\n<title>Meilleure levure pour New England IPA - NEIPA - Fermentis<\/title>\n<meta name=\"description\" content=\"Quelles sont les meilleures souches de levure s\u00e8che active Fermentis pour fabriquer des bi\u00e8res New England IPA, un des styles de bi\u00e8re les plus appr\u00e9ci\u00e9s ? D\u00e9couvrez-les ici\" \/>\n<meta name=\"robots\" content=\"index, follow, max-snippet:-1, max-image-preview:large, max-video-preview:-1\" \/>\n<link rel=\"canonical\" href=\"https:\/\/fermentis.com\/fr\/produit\/neipa-new-england-ipa\/\" \/>\n<meta property=\"og:locale\" content=\"fr_FR\" \/>\n<meta property=\"og:type\" content=\"article\" \/>\n<meta property=\"og:title\" content=\"NEIPA - New England IPA\" \/>\n<meta property=\"og:description\" content=\"Quelles sont les meilleures souches de levure s\u00e8che active Fermentis pour fabriquer des bi\u00e8res New England IPA, un des styles de bi\u00e8re les plus appr\u00e9ci\u00e9s ? D\u00e9couvrez-les ici\" \/>\n<meta property=\"og:url\" content=\"https:\/\/fermentis.com\/fr\/produit\/neipa-new-england-ipa\/\" \/>\n<meta property=\"og:site_name\" content=\"Fermentis\" \/>\n<meta property=\"article:publisher\" content=\"https:\/\/www.facebook.com\/Fermentis\" \/>\n<meta property=\"article:modified_time\" content=\"2026-04-17T20:43:01+00:00\" \/>\n<meta property=\"og:image\" content=\"https:\/\/cdn.bfldr.com\/G7S7MSWL\/at\/s43q8xcwfk84bkb7fhznx85\/SafAleTM_S-134_All_.jpg?auto=webp&format=png\" \/><meta property=\"og:image\" content=\"https:\/\/cdn.bfldr.com\/G7S7MSWL\/at\/s43q8xcwfk84bkb7fhznx85\/SafAleTM_S-134_All_.jpg?auto=webp&format=png\" \/>\n\t<meta property=\"og:image:width\" content=\"600\" \/>\n\t<meta property=\"og:image:height\" content=\"450\" \/>\n\t<meta property=\"og:image:type\" content=\"image\/jpeg\" \/>\n<meta name=\"twitter:card\" content=\"summary_large_image\" \/>\n<meta name=\"twitter:image\" content=\"https:\/\/cdn.bfldr.com\/G7S7MSWL\/at\/s43q8xcwfk84bkb7fhznx85\/SafAleTM_S-134_All_.jpg?auto=webp&format=png\" \/>\n<meta name=\"twitter:site\" content=\"@fermentis\" \/>\n<meta name=\"twitter:label1\" content=\"Prix\" \/>\n\t<meta name=\"twitter:data1\" content=\"\" \/>\n\t<meta name=\"twitter:label2\" content=\"Disponibilit\u00e9\" \/>\n\t<meta name=\"twitter:data2\" content=\"En stock\" \/>\n<script type=\"application\/ld+json\" class=\"yoast-schema-graph\">{\"@context\":\"https:\\\/\\\/schema.org\",\"@graph\":[{\"@type\":\"WebPage\",\"@id\":\"https:\\\/\\\/fermentis.com\\\/fr\\\/produit\\\/neipa-new-england-ipa\\\/\",\"url\":\"https:\\\/\\\/fermentis.com\\\/fr\\\/produit\\\/neipa-new-england-ipa\\\/\",\"name\":\"Meilleure levure pour New England IPA - NEIPA - Fermentis\",\"isPartOf\":{\"@id\":\"https:\\\/\\\/fermentis.com\\\/fr\\\/#website\"},\"primaryImageOfPage\":{\"@id\":\"https:\\\/\\\/fermentis.com\\\/fr\\\/produit\\\/neipa-new-england-ipa\\\/#primaryimage\"},\"image\":{\"@id\":\"https:\\\/\\\/fermentis.com\\\/fr\\\/produit\\\/neipa-new-england-ipa\\\/#primaryimage\"},\"thumbnailUrl\":\"https:\\\/\\\/fermentis.com\\\/wp-content\\\/uploads\\\/2020\\\/02\\\/Beerstyle_Plan-de-travail-1-044.jpg\",\"datePublished\":\"2020-02-13T23:00:00+00:00\",\"dateModified\":\"2026-04-17T20:43:01+00:00\",\"description\":\"Quelles sont les meilleures souches de levure s\u00e8che active Fermentis pour fabriquer des bi\u00e8res New England IPA, un des styles de bi\u00e8re les plus appr\u00e9ci\u00e9s ? D\u00e9couvrez-les ici\",\"breadcrumb\":{\"@id\":\"https:\\\/\\\/fermentis.com\\\/fr\\\/produit\\\/neipa-new-england-ipa\\\/#breadcrumb\"},\"inLanguage\":\"fr-FR\",\"potentialAction\":[{\"@type\":\"ReadAction\",\"target\":[\"https:\\\/\\\/fermentis.com\\\/fr\\\/produit\\\/neipa-new-england-ipa\\\/\"]}]},{\"@type\":\"ImageObject\",\"inLanguage\":\"fr-FR\",\"@id\":\"https:\\\/\\\/fermentis.com\\\/fr\\\/produit\\\/neipa-new-england-ipa\\\/#primaryimage\",\"url\":\"https:\\\/\\\/fermentis.com\\\/wp-content\\\/uploads\\\/2020\\\/02\\\/Beerstyle_Plan-de-travail-1-044.jpg\",\"contentUrl\":\"https:\\\/\\\/fermentis.com\\\/wp-content\\\/uploads\\\/2020\\\/02\\\/Beerstyle_Plan-de-travail-1-044.jpg\",\"width\":600,\"height\":450},{\"@type\":\"BreadcrumbList\",\"@id\":\"https:\\\/\\\/fermentis.com\\\/fr\\\/produit\\\/neipa-new-england-ipa\\\/#breadcrumb\",\"itemListElement\":[{\"@type\":\"ListItem\",\"position\":1,\"name\":\"Home\",\"item\":\"https:\\\/\\\/fermentis.com\\\/fr\\\/\"},{\"@type\":\"ListItem\",\"position\":2,\"name\":\"Produits\"},{\"@type\":\"ListItem\",\"position\":3,\"name\":\"Styles de bi\u00e8res\",\"item\":\"https:\\\/\\\/fermentis.com\\\/fr\\\/fermentation\\\/styles-bieres\\\/\"},{\"@type\":\"ListItem\",\"position\":4,\"name\":\"IPA\",\"item\":\"https:\\\/\\\/fermentis.com\\\/fr\\\/fermentation\\\/styles-bieres\\\/ipa-fr\\\/\"},{\"@type\":\"ListItem\",\"position\":5,\"name\":\"NEIPA &#8211; New England IPA\"}]},{\"@type\":\"WebSite\",\"@id\":\"https:\\\/\\\/fermentis.com\\\/fr\\\/#website\",\"url\":\"https:\\\/\\\/fermentis.com\\\/fr\\\/\",\"name\":\"Fermentis\",\"description\":\"Un site utilisant WordPress\",\"publisher\":{\"@id\":\"https:\\\/\\\/fermentis.com\\\/fr\\\/#organization\"},\"potentialAction\":[{\"@type\":\"SearchAction\",\"target\":{\"@type\":\"EntryPoint\",\"urlTemplate\":\"https:\\\/\\\/fermentis.com\\\/fr\\\/?s={search_term_string}\"},\"query-input\":{\"@type\":\"PropertyValueSpecification\",\"valueRequired\":true,\"valueName\":\"search_term_string\"}}],\"inLanguage\":\"fr-FR\"},{\"@type\":\"Organization\",\"@id\":\"https:\\\/\\\/fermentis.com\\\/fr\\\/#organization\",\"name\":\"Fermentis\",\"url\":\"https:\\\/\\\/fermentis.com\\\/fr\\\/\",\"logo\":{\"@type\":\"ImageObject\",\"inLanguage\":\"fr-FR\",\"@id\":\"https:\\\/\\\/fermentis.com\\\/fr\\\/#\\\/schema\\\/logo\\\/image\\\/\",\"url\":\"https:\\\/\\\/fermentis.com\\\/wp-content\\\/uploads\\\/2021\\\/07\\\/Logo-Fermentis-5.png\",\"contentUrl\":\"https:\\\/\\\/fermentis.com\\\/wp-content\\\/uploads\\\/2021\\\/07\\\/Logo-Fermentis-5.png\",\"width\":308,\"height\":95,\"caption\":\"Fermentis\"},\"image\":{\"@id\":\"https:\\\/\\\/fermentis.com\\\/fr\\\/#\\\/schema\\\/logo\\\/image\\\/\"},\"sameAs\":[\"https:\\\/\\\/www.facebook.com\\\/Fermentis\",\"https:\\\/\\\/x.com\\\/fermentis\",\"https:\\\/\\\/www.instagram.com\\\/fermentisbylesaffre\\\/\",\"https:\\\/\\\/www.linkedin.com\\\/company\\\/fermentis\\\/\",\"https:\\\/\\\/www.youtube.com\\\/channel\\\/UCt_Lp3IZnUNXZeqSi6iiAdA\"]}]}<\/script>\n<meta property=\"product:price:currency\" content=\"GBP\" \/>\n<meta property=\"og:availability\" content=\"instock\" \/>\n<meta property=\"product:availability\" content=\"instock\" \/>\n<meta property=\"product:condition\" content=\"new\" \/>\n<!-- \/ Yoast SEO Premium plugin. -->","yoast_head_json":{"title":"Meilleure levure pour New England IPA - NEIPA - Fermentis","description":"Quelles sont les meilleures souches de levure s\u00e8che active Fermentis pour fabriquer des bi\u00e8res New England IPA, un des styles de bi\u00e8re les plus appr\u00e9ci\u00e9s ? D\u00e9couvrez-les ici","robots":{"index":"index","follow":"follow","max-snippet":"max-snippet:-1","max-image-preview":"max-image-preview:large","max-video-preview":"max-video-preview:-1"},"canonical":"https:\/\/fermentis.com\/fr\/produit\/neipa-new-england-ipa\/","og_locale":"fr_FR","og_type":"article","og_title":"NEIPA - New England IPA","og_description":"Quelles sont les meilleures souches de levure s\u00e8che active Fermentis pour fabriquer des bi\u00e8res New England IPA, un des styles de bi\u00e8re les plus appr\u00e9ci\u00e9s ? D\u00e9couvrez-les ici","og_url":"https:\/\/fermentis.com\/fr\/produit\/neipa-new-england-ipa\/","og_site_name":"Fermentis","article_publisher":"https:\/\/www.facebook.com\/Fermentis","article_modified_time":"2026-04-17T20:43:01+00:00","og_image":[{"url":"https:\/\/cdn.bfldr.com\/G7S7MSWL\/at\/s43q8xcwfk84bkb7fhznx85\/SafAleTM_S-134_All_.jpg?auto=webp&format=png","type":"","width":"","height":""},{"width":600,"height":450,"url":"https:\/\/cdn.bfldr.com\/G7S7MSWL\/at\/s43q8xcwfk84bkb7fhznx85\/SafAleTM_S-134_All_.jpg?auto=webp&format=png","type":"image\/jpeg"}],"twitter_card":"summary_large_image","twitter_image":"https:\/\/cdn.bfldr.com\/G7S7MSWL\/at\/s43q8xcwfk84bkb7fhznx85\/SafAleTM_S-134_All_.jpg?auto=webp&format=png","twitter_site":"@fermentis","twitter_misc":{"Prix":"","Disponibilit\u00e9":"En stock"},"schema":{"@context":"https:\/\/schema.org","@graph":[{"@type":"WebPage","@id":"https:\/\/fermentis.com\/fr\/produit\/neipa-new-england-ipa\/","url":"https:\/\/fermentis.com\/fr\/produit\/neipa-new-england-ipa\/","name":"Meilleure levure pour New England IPA - NEIPA - Fermentis","isPartOf":{"@id":"https:\/\/fermentis.com\/fr\/#website"},"primaryImageOfPage":{"@id":"https:\/\/fermentis.com\/fr\/produit\/neipa-new-england-ipa\/#primaryimage"},"image":{"@id":"https:\/\/fermentis.com\/fr\/produit\/neipa-new-england-ipa\/#primaryimage"},"thumbnailUrl":"https:\/\/fermentis.com\/wp-content\/uploads\/2020\/02\/Beerstyle_Plan-de-travail-1-044.jpg","datePublished":"2020-02-13T23:00:00+00:00","dateModified":"2026-04-17T20:43:01+00:00","description":"Quelles sont les meilleures souches de levure s\u00e8che active Fermentis pour fabriquer des bi\u00e8res New England IPA, un des styles de bi\u00e8re les plus appr\u00e9ci\u00e9s ? D\u00e9couvrez-les ici","breadcrumb":{"@id":"https:\/\/fermentis.com\/fr\/produit\/neipa-new-england-ipa\/#breadcrumb"},"inLanguage":"fr-FR","potentialAction":[{"@type":"ReadAction","target":["https:\/\/fermentis.com\/fr\/produit\/neipa-new-england-ipa\/"]}]},{"@type":"ImageObject","inLanguage":"fr-FR","@id":"https:\/\/fermentis.com\/fr\/produit\/neipa-new-england-ipa\/#primaryimage","url":"https:\/\/fermentis.com\/wp-content\/uploads\/2020\/02\/Beerstyle_Plan-de-travail-1-044.jpg","contentUrl":"https:\/\/fermentis.com\/wp-content\/uploads\/2020\/02\/Beerstyle_Plan-de-travail-1-044.jpg","width":600,"height":450},{"@type":"BreadcrumbList","@id":"https:\/\/fermentis.com\/fr\/produit\/neipa-new-england-ipa\/#breadcrumb","itemListElement":[{"@type":"ListItem","position":1,"name":"Home","item":"https:\/\/fermentis.com\/fr\/"},{"@type":"ListItem","position":2,"name":"Produits"},{"@type":"ListItem","position":3,"name":"Styles de bi\u00e8res","item":"https:\/\/fermentis.com\/fr\/fermentation\/styles-bieres\/"},{"@type":"ListItem","position":4,"name":"IPA","item":"https:\/\/fermentis.com\/fr\/fermentation\/styles-bieres\/ipa-fr\/"},{"@type":"ListItem","position":5,"name":"NEIPA &#8211; New England IPA"}]},{"@type":"WebSite","@id":"https:\/\/fermentis.com\/fr\/#website","url":"https:\/\/fermentis.com\/fr\/","name":"Fermentis","description":"Un site utilisant WordPress","publisher":{"@id":"https:\/\/fermentis.com\/fr\/#organization"},"potentialAction":[{"@type":"SearchAction","target":{"@type":"EntryPoint","urlTemplate":"https:\/\/fermentis.com\/fr\/?s={search_term_string}"},"query-input":{"@type":"PropertyValueSpecification","valueRequired":true,"valueName":"search_term_string"}}],"inLanguage":"fr-FR"},{"@type":"Organization","@id":"https:\/\/fermentis.com\/fr\/#organization","name":"Fermentis","url":"https:\/\/fermentis.com\/fr\/","logo":{"@type":"ImageObject","inLanguage":"fr-FR","@id":"https:\/\/fermentis.com\/fr\/#\/schema\/logo\/image\/","url":"https:\/\/fermentis.com\/wp-content\/uploads\/2021\/07\/Logo-Fermentis-5.png","contentUrl":"https:\/\/fermentis.com\/wp-content\/uploads\/2021\/07\/Logo-Fermentis-5.png","width":308,"height":95,"caption":"Fermentis"},"image":{"@id":"https:\/\/fermentis.com\/fr\/#\/schema\/logo\/image\/"},"sameAs":["https:\/\/www.facebook.com\/Fermentis","https:\/\/x.com\/fermentis","https:\/\/www.instagram.com\/fermentisbylesaffre\/","https:\/\/www.linkedin.com\/company\/fermentis\/","https:\/\/www.youtube.com\/channel\/UCt_Lp3IZnUNXZeqSi6iiAdA"]}]},"product_price_currency":"GBP","og_availability":"instock","product_availability":"instock","product_condition":"new"},"_links":{"self":[{"href":"https:\/\/fermentis.com\/fr\/wp-json\/wp\/v2\/product\/28613","targetHints":{"allow":["GET"]}}],"collection":[{"href":"https:\/\/fermentis.com\/fr\/wp-json\/wp\/v2\/product"}],"about":[{"href":"https:\/\/fermentis.com\/fr\/wp-json\/wp\/v2\/types\/product"}],"replies":[{"embeddable":true,"href":"https:\/\/fermentis.com\/fr\/wp-json\/wp\/v2\/comments?post=28613"}],"wp:featuredmedia":[{"embeddable":true,"href":"https:\/\/fermentis.com\/fr\/wp-json\/wp\/v2\/media\/470661"}],"wp:attachment":[{"href":"https:\/\/fermentis.com\/fr\/wp-json\/wp\/v2\/media?parent=28613"}],"wp:term":[{"taxonomy":"product_brand","embeddable":true,"href":"https:\/\/fermentis.com\/fr\/wp-json\/wp\/v2\/product_brand?post=28613"},{"taxonomy":"product_cat","embeddable":true,"href":"https:\/\/fermentis.com\/fr\/wp-json\/wp\/v2\/product_cat?post=28613"},{"taxonomy":"product_tag","embeddable":true,"href":"https:\/\/fermentis.com\/fr\/wp-json\/wp\/v2\/product_tag?post=28613"}],"curies":[{"name":"wp","href":"https:\/\/api.w.org\/{rel}","templated":true}]}}