{"id":28614,"date":"2020-04-07T00:00:00","date_gmt":"2020-04-06T22:00:00","guid":{"rendered":"http:\/\/fermentis.com\/product\/safoeno-sc-22\/"},"modified":"2026-04-07T17:18:31","modified_gmt":"2026-04-07T15:18:31","slug":"safoeno-sc-22","status":"publish","type":"product","link":"https:\/\/fermentis.com\/fr\/produit\/safoeno-sc-22\/","title":{"rendered":"Saf\u0152no\u2122 SC 22"},"content":{"rendered":"<div class=\"container section-title-container\" ><h2 class=\"section-title section-title-center\"><b aria-hidden=\"true\"><\/b><span class=\"section-title-main\" style=\"font-size:115%;\">La souche id\u00e9ale pour respecter la typicit\u00e9 du terroir<\/span><b aria-hidden=\"true\"><\/b><\/h2><\/div>\n<p><strong>Saf\u0152no\u2122 SC 22<\/strong> a \u00e9t\u00e9 la toute premi\u00e8re souche \u00e0 \u00eatre s\u00e9lectionn\u00e9e pour l&#039;\u00e9laboration des vins pour son respect du caract\u00e8re vari\u00e9tal des c\u00e9pages et pour sa cin\u00e9tique fermentaire r\u00e9guli\u00e8re et compl\u00e8te. C&#039;est une excellente levure de fermentation<\/p>\n<p><strong>Vins tranquilles. Dosage :<\/strong> 20 g\/hl<br \/>\n<strong>Reprise de la fermentation. Dosage :<\/strong> 30 \u00e0 40 g\/hl<\/p>\n<p><strong>Ingr\u00e9dients: <\/strong>levure ( <em>Saccharomyces cerevisiae*<\/em> ), \u00c9mulsifiant : E491 (monost\u00e9arate de sorbitan).<\/p>\n\t<div id=\"gap-938244205\" class=\"gap-element clearfix\" style=\"display:block; height:auto;\">\n\t\t\n<style>\n#gap-938244205 {\n  padding-top: 30px;\n}\n<\/style>\n\t<\/div>\n\t\n<div class=\"container section-title-container\" ><h3 class=\"section-title section-title-center\"><b aria-hidden=\"true\"><\/b><span class=\"section-title-main\" style=\"font-size:115%;\">Saf\u0152no\u2122 SC 22 - Caract\u00e9ristiques sensorielles<\/span><b aria-hidden=\"true\"><\/b><\/h3><\/div>\n<h4>Pour les vins rouges haut de gamme<\/h4>\n<p>Saf\u0152no\u2122 SC 22 est la souche pr\u00e9f\u00e9r\u00e9e des domaines du Bordelais. Elle est particuli\u00e8rement adapt\u00e9e aux c\u00e9pages comme le Cabernet Sauvignon, le Cabernet Franc et le Merlot. Elle permet un d\u00e9part rapide en fermentation. Elle a une excellente r\u00e9gularit\u00e9 fermentaire produisant des vins fins, nets et caract\u00e9ristiques du terroir.<\/p>\n<h4>Pour la fermentation ou l&#039;\u00e9levage en barrique<\/h4>\n<p>Saf\u0152no\u2122 SC 22 est id\u00e9ale pour les fermentations en barriques. M\u00eame sans contr\u00f4le des temp\u00e9ratures, la souche fermente r\u00e9guli\u00e8rement et sa temp\u00e9rature d\u00e9passe rarement 30 \u00b0C, r\u00e9duisant ainsi les risques d&#039;arr\u00eat de fermentation. De plus, elle permet une tr\u00e8s bonne expression des ar\u00f4mes li\u00e9s \u00e0 l&#039;\u00e9levage en bois.<\/p>\n<h4 class=\"separator transparent center \">Pour les vins blancs ou ros\u00e9s<\/h4>\n<p>Saf\u0152no\u2122 SC 22 est une souche neutre permettant l\u2019\u00e9laboration de vins d\u2019une grande finesse tout en respectant le caract\u00e8re des c\u00e9pages. Elle est \u00e9galement adapt\u00e9e \u00e0 la fermentation de c\u00e9pages blancs aromatiques \u00e0 basse temp\u00e9rature avec un long \u00e9levage sur lies (Chenin Blanc, Viognier).<\/p>\n\t<div id=\"gap-962401703\" class=\"gap-element clearfix\" style=\"display:block; height:auto;\">\n\t\t\n<style>\n#gap-962401703 {\n  padding-top: 30px;\n}\n<\/style>\n\t<\/div>\n\t\n<div class=\"container section-title-container\" ><h3 class=\"section-title section-title-center\"><b aria-hidden=\"true\"><\/b><span class=\"section-title-main\" style=\"font-size:115%;\">Saf\u0152no\u2122 SC 22 Caract\u00e9ristiques techniques <\/span><b aria-hidden=\"true\"><\/b><\/h3><\/div>\n\n\t\t<div class=\"tabbed-content\">\n\t\t\t\n\t\t\t<ul class=\"nav nav-tabs nav-uppercase nav-size-normal nav-left\" role=\"tablist\"><li id=\"tab-fermentation\" class=\"tab active has-icon\" role=\"presentation\"><a href=\"#tab_fermentation\" role=\"tab\" aria-selected=\"true\" aria-controls=\"tab_fermentation\"><span>Fermentation<\/span><\/a><\/li>\n<li id=\"tab-m\u00e9tabolique\" class=\"tab has-icon\" role=\"presentation\"><a href=\"#tab_m\u00e9tabolique\" tabindex=\"-1\" role=\"tab\" aria-selected=\"false\" aria-controls=\"tab_m\u00e9tabolique\"><span>M\u00e9tabolique<\/span><\/a><\/li>\n<li id=\"tab-easy-2-use\" class=\"tab has-icon\" role=\"presentation\"><a href=\"#tab_easy-2-use\" tabindex=\"-1\" role=\"tab\" aria-selected=\"false\" aria-controls=\"tab_easy-2-use\"><span>Easy 2 Use<\/span><\/a><\/li>\n<li id=\"tab-emballage-&amp;-garantie\" class=\"tab has-icon\" role=\"presentation\"><a href=\"#tab_emballage-&amp;-garantie\" tabindex=\"-1\" role=\"tab\" aria-selected=\"false\" aria-controls=\"tab_emballage-&amp;-garantie\"><span>Emballage &amp; garantie<\/span><\/a><\/li><\/ul><div class=\"tab-panels\"><div id=\"tab_fermentation\" class=\"panel active entry-content\" role=\"tabpanel\" aria-labelledby=\"tab-fermentation\">\n<p>\u2192 D\u00e9marrage rapide de la fermentation<br \/>\n\u2192 Tol\u00e9rance \u00e0 l&#039;alcool : 15 % vol.<br \/>\n\u2192 Fermentation r\u00e9guli\u00e8re et compl\u00e8te des sucres<br \/>\n\u2192 Temp\u00e9rature de fermentation : 12\u00b0 \u00e0 35\u00b0C<br \/>\n\u2192 Besoins en azote moyens : entre 150 &amp; 180 mg\/L d\u2019azote assimilable il faut apporter 20 g\/hl de Springferm\u00ae et 20 g\/hl de DAP \u00e0 l\u2019inoculation des levures.<\/p>\n<\/div>\n<div id=\"tab_m\u00e9tabolique\" class=\"panel entry-content\" role=\"tabpanel\" aria-labelledby=\"tab-m\u00e9tabolique\">\n<p>\u2192 Rendement sucre\/alcool : 17,2 g\/l pour 1% vol.<br \/>\n\u2192 Tr\u00e8s faible production d&#039;acidit\u00e9 volatile (&lt;0,15 g\/L) et de SO<sub>2<\/sub><br \/>\n\u2192 Production moyenne de glyc\u00e9rol : 4 g\/L.<\/p>\n<\/div>\n<div id=\"tab_easy-2-use\" class=\"panel entry-content\" role=\"tabpanel\" aria-labelledby=\"tab-easy-2-use\">\n<ul>\n<li>Le savoir-faire de Lesaffre et l&#039;am\u00e9lioration continue des proc\u00e9d\u00e9s de production de levures permettent d&#039;obtenir <strong>une qualit\u00e9 exceptionnelle de levures s\u00e8ches capables de r\u00e9sister \u00e0 une tr\u00e8s vaste gamme d&#039;utilisation, \u00e0 froid ou sans r\u00e9hydratation, sans affecter leur vitalit\u00e9, leur profil cin\u00e9tique et\/ou analytique.<\/strong> Les \u0153nologues peuvent ainsi choisir les conditions d&#039;utilisation les mieux adapt\u00e9es \u00e0 leurs besoins, \u00e0 savoir :\n<ul>\n<li><strong>Ensemencement direct :<\/strong> saupoudrer les levures \u00e0 la surface d&#039; <strong>au moins 10 fois leur poids de mo\u00fbt<\/strong> (\u00e9ventuellement directement du haut de la cuve ou lors du remplissage de celle-ci apr\u00e8s d\u00e9bourbage pour les blancs et les ros\u00e9s). Remuez d\u00e9licaterment pour \u00e9viter ou briser les grumeaux. <strong>Transf\u00e9rer imm\u00e9diatement dans la cuve par remontage avec a\u00e9ration<\/strong> (ou homog\u00e9n\u00e9iser la masse de la cuve).<\/li>\n<li><strong>Avec r\u00e9hydratation pr\u00e9alable :<\/strong> saupodrer la levure \u00e0 la surface de <strong>10 fois son poids d&#039;eau du robinet \u00e0 temp\u00e9rature ambiante.<\/strong> Remuez d\u00e9licaterment pour \u00e9viter ou briser les grumeaux. <strong>Attendre 20 minutes et transf\u00e9rer en cuve par un remontage avec a\u00e9ration.<\/strong><\/li>\n<\/ul>\n<\/li>\n<\/ul>\n<\/div>\n<div id=\"tab_emballage-&amp;-garantie\" class=\"panel entry-content\" role=\"tabpanel\" aria-labelledby=\"tab-emballage-&amp;-garantie\">\n<h4>Conditionnement<\/h4>\n<p>Carton de 20 sachets sous vide de 500g chacun (Poids net du carton plein : 10 kg).<br \/>\nCarton de 1 bo\u00eete sous vide de 10 kg (poids net bo\u00eete pleine : 10 kg).<\/p>\n<h4>Garantie<\/h4>\n<p>Le pourcentage \u00e9lev\u00e9 de mati\u00e8re s\u00e8che de nos levures permet une conservation optimale dans leur emballage d&#039;origine \u00e0 une temp\u00e9rature inf\u00e9rieure \u00e0 20\u00b0C (pendant 3 ans) et inf\u00e9rieure \u00e0 10\u00b0C pour une conservation prolong\u00e9e (4 ans). <\/p>\n<p>Fermentis garantit que le produit sera conforme au Codex \u0152nologique International jusqu&#039;\u00e0 sa date limite d&#039;utilisation optimale s&#039;il aura \u00e9t\u00e9 conserv\u00e9 dans les conditions de stockage mentionn\u00e9es ci-dessus. <\/p>\n<p><em>Chaque levure Fermentis est d\u00e9velopp\u00e9e selon un sch\u00e9ma de production sp\u00e9cifique et b\u00e9n\u00e9ficie du savoir-faire du groupe Lesaffre, leader mondial de la fabrication de levures. Cela garantit la plus grande puret\u00e9 microbiologique et une activit\u00e9 de fermentation maximale.<\/em><\/p>\n<\/div><\/div><\/div>\n\t<div id=\"gap-301598904\" class=\"gap-element clearfix\" style=\"display:block; height:auto;\">\n\t\t\n<style>\n#gap-301598904 {\n  padding-top: 30px;\n}\n<\/style>\n\t<\/div>\n\t\n<p><i>Les donn\u00e9es contenues dans cette fiche technique sont la transcription exacte de nos connaissances du produit \u00e0 la date mentionn\u00e9e. Elles sont la propri\u00e9t\u00e9 exclusive de Fermentis-Division de S.I. Lesaffre. L&#039;utilisateur doit s&#039;assurer que ce produit est conforme \u00e0 la l\u00e9gislation en vigueur pour l\u2019utilisation qu\u2019il souhaite en faire<\/i><\/p>\n","protected":false},"excerpt":{"rendered":"<p>La souche id\u00e9ale pour respecter la typicit\u00e9 du terroir<\/p>\n","protected":false},"featured_media":28244,"comment_status":"closed","ping_status":"closed","template":"","meta":{"_acf_changed":false},"product_brand":[],"product_cat":[288,289,287],"product_tag":[964,963],"class_list":{"0":"post-28614","1":"product","2":"type-product","3":"status-publish","4":"has-post-thumbnail","6":"product_cat-levure-seche-active-vinification","7":"product_cat-safoeno-fr-2","8":"product_cat-vinification","9":"product_tag-sc-22-fr","10":"product_tag-sc22-fr","11":"pa_fermentation-temperature-14-fr","12":"pa_fermentation-temperature-30-fr","13":"pa_flavor-profile-amylique","14":"pa_flavor-profile-fruite","15":"pa_kinetics-moyenne","16":"pa_max-alcohol-15-fr","17":"pa_nutrients-need-faible","18":"pa_red-fruity-profile-fruits-frais","19":"pa_roundness-moyen-bas","20":"pa_structure-equilibre","21":"pa_wine-color-blanc","22":"pa_wine-color-rose-fr","23":"pa_wine-color-rouge","25":"first","26":"instock","27":"shipping-taxable","28":"product-type-simple"},"acf":[],"yoast_head":"<!-- This site is optimized with the Yoast SEO Premium plugin v27.3 (Yoast SEO v27.3) - https:\/\/yoast.com\/product\/yoast-seo-premium-wordpress\/ -->\n<title>SafOeno SC 22 - La souche qui respecte la typicit\u00e9 du terroir - Fermentis<\/title>\n<meta name=\"description\" content=\"Fermentis Saf\u0152no\u2122 SC 22 est l\u2019une des toutes premi\u00e8res souches de levure \u00e0 avoir \u00e9t\u00e9 s\u00e9lectionn\u00e9e \u00e0 des fins \u0153nologiques, appr\u00e9ci\u00e9e dans le monde entier pour son respect de la typicit\u00e9 vari\u00e9tale et du terroir.\" \/>\n<meta name=\"robots\" content=\"index, follow, max-snippet:-1, max-image-preview:large, max-video-preview:-1\" \/>\n<link rel=\"canonical\" href=\"https:\/\/fermentis.com\/fr\/produit\/safoeno-sc-22\/\" \/>\n<meta property=\"og:locale\" content=\"fr_FR\" \/>\n<meta property=\"og:type\" content=\"article\" \/>\n<meta property=\"og:title\" content=\"Saf\u0152no\u2122 SC 22\" \/>\n<meta property=\"og:description\" content=\"Fermentis Saf\u0152no\u2122 SC 22 est l\u2019une des toutes premi\u00e8res souches de levure \u00e0 avoir \u00e9t\u00e9 s\u00e9lectionn\u00e9e \u00e0 des fins \u0153nologiques, appr\u00e9ci\u00e9e dans le monde entier pour son respect de la typicit\u00e9 vari\u00e9tale et du terroir.\" \/>\n<meta property=\"og:url\" content=\"https:\/\/fermentis.com\/fr\/produit\/safoeno-sc-22\/\" \/>\n<meta property=\"og:site_name\" content=\"Fermentis\" \/>\n<meta property=\"article:publisher\" content=\"https:\/\/www.facebook.com\/Fermentis\" \/>\n<meta property=\"article:modified_time\" content=\"2026-04-07T15:18:31+00:00\" \/>\n<meta property=\"og:image\" content=\"https:\/\/fermentis.com\/wp-content\/uploads\/2020\/10\/safoeno-sc22.jpg\" \/>\n\t<meta property=\"og:image:width\" content=\"1200\" \/>\n\t<meta property=\"og:image:height\" content=\"1200\" \/>\n\t<meta property=\"og:image:type\" content=\"image\/jpeg\" \/>\n<meta name=\"twitter:card\" content=\"summary_large_image\" \/>\n<meta name=\"twitter:site\" content=\"@fermentis\" \/>\n<meta name=\"twitter:label1\" content=\"Prix\" \/>\n\t<meta name=\"twitter:data1\" content=\"\" \/>\n\t<meta name=\"twitter:label2\" content=\"Disponibilit\u00e9\" \/>\n\t<meta name=\"twitter:data2\" content=\"En stock\" \/>\n<script type=\"application\/ld+json\" class=\"yoast-schema-graph\">{\"@context\":\"https:\\\/\\\/schema.org\",\"@graph\":[{\"@type\":\"WebPage\",\"@id\":\"https:\\\/\\\/fermentis.com\\\/fr\\\/produit\\\/safoeno-sc-22\\\/\",\"url\":\"https:\\\/\\\/fermentis.com\\\/fr\\\/produit\\\/safoeno-sc-22\\\/\",\"name\":\"SafOeno SC 22 - La souche qui respecte la typicit\u00e9 du terroir - Fermentis\",\"isPartOf\":{\"@id\":\"https:\\\/\\\/fermentis.com\\\/fr\\\/#website\"},\"primaryImageOfPage\":{\"@id\":\"https:\\\/\\\/fermentis.com\\\/fr\\\/produit\\\/safoeno-sc-22\\\/#primaryimage\"},\"image\":{\"@id\":\"https:\\\/\\\/fermentis.com\\\/fr\\\/produit\\\/safoeno-sc-22\\\/#primaryimage\"},\"thumbnailUrl\":\"https:\\\/\\\/fermentis.com\\\/wp-content\\\/uploads\\\/2020\\\/10\\\/safoeno-sc22.jpg\",\"datePublished\":\"2020-04-06T22:00:00+00:00\",\"dateModified\":\"2026-04-07T15:18:31+00:00\",\"description\":\"Fermentis Saf\u0152no\u2122 SC 22 est l\u2019une des toutes premi\u00e8res souches de levure \u00e0 avoir \u00e9t\u00e9 s\u00e9lectionn\u00e9e \u00e0 des fins \u0153nologiques, appr\u00e9ci\u00e9e dans le monde entier pour son respect de la typicit\u00e9 vari\u00e9tale et du terroir.\",\"breadcrumb\":{\"@id\":\"https:\\\/\\\/fermentis.com\\\/fr\\\/produit\\\/safoeno-sc-22\\\/#breadcrumb\"},\"inLanguage\":\"fr-FR\",\"potentialAction\":[{\"@type\":\"ReadAction\",\"target\":[\"https:\\\/\\\/fermentis.com\\\/fr\\\/produit\\\/safoeno-sc-22\\\/\"]}]},{\"@type\":\"ImageObject\",\"inLanguage\":\"fr-FR\",\"@id\":\"https:\\\/\\\/fermentis.com\\\/fr\\\/produit\\\/safoeno-sc-22\\\/#primaryimage\",\"url\":\"https:\\\/\\\/fermentis.com\\\/wp-content\\\/uploads\\\/2020\\\/10\\\/safoeno-sc22.jpg\",\"contentUrl\":\"https:\\\/\\\/fermentis.com\\\/wp-content\\\/uploads\\\/2020\\\/10\\\/safoeno-sc22.jpg\",\"width\":1200,\"height\":1200,\"caption\":\"SafOeno SC 22 Levure s\u00e8che active pour viticulteurs par Fermentis\"},{\"@type\":\"BreadcrumbList\",\"@id\":\"https:\\\/\\\/fermentis.com\\\/fr\\\/produit\\\/safoeno-sc-22\\\/#breadcrumb\",\"itemListElement\":[{\"@type\":\"ListItem\",\"position\":1,\"name\":\"Home\",\"item\":\"https:\\\/\\\/fermentis.com\\\/fr\\\/\"},{\"@type\":\"ListItem\",\"position\":2,\"name\":\"Produits\"},{\"@type\":\"ListItem\",\"position\":3,\"name\":\"Vinification\",\"item\":\"https:\\\/\\\/fermentis.com\\\/fr\\\/fermentation\\\/vinification\\\/\"},{\"@type\":\"ListItem\",\"position\":4,\"name\":\"Saf\u0152no\u2122 SC 22\"}]},{\"@type\":\"WebSite\",\"@id\":\"https:\\\/\\\/fermentis.com\\\/fr\\\/#website\",\"url\":\"https:\\\/\\\/fermentis.com\\\/fr\\\/\",\"name\":\"Fermentis\",\"description\":\"Un site utilisant WordPress\",\"publisher\":{\"@id\":\"https:\\\/\\\/fermentis.com\\\/fr\\\/#organization\"},\"potentialAction\":[{\"@type\":\"SearchAction\",\"target\":{\"@type\":\"EntryPoint\",\"urlTemplate\":\"https:\\\/\\\/fermentis.com\\\/fr\\\/?s={search_term_string}\"},\"query-input\":{\"@type\":\"PropertyValueSpecification\",\"valueRequired\":true,\"valueName\":\"search_term_string\"}}],\"inLanguage\":\"fr-FR\"},{\"@type\":\"Organization\",\"@id\":\"https:\\\/\\\/fermentis.com\\\/fr\\\/#organization\",\"name\":\"Fermentis\",\"url\":\"https:\\\/\\\/fermentis.com\\\/fr\\\/\",\"logo\":{\"@type\":\"ImageObject\",\"inLanguage\":\"fr-FR\",\"@id\":\"https:\\\/\\\/fermentis.com\\\/fr\\\/#\\\/schema\\\/logo\\\/image\\\/\",\"url\":\"https:\\\/\\\/fermentis.com\\\/wp-content\\\/uploads\\\/2021\\\/07\\\/Logo-Fermentis-5.png\",\"contentUrl\":\"https:\\\/\\\/fermentis.com\\\/wp-content\\\/uploads\\\/2021\\\/07\\\/Logo-Fermentis-5.png\",\"width\":308,\"height\":95,\"caption\":\"Fermentis\"},\"image\":{\"@id\":\"https:\\\/\\\/fermentis.com\\\/fr\\\/#\\\/schema\\\/logo\\\/image\\\/\"},\"sameAs\":[\"https:\\\/\\\/www.facebook.com\\\/Fermentis\",\"https:\\\/\\\/x.com\\\/fermentis\",\"https:\\\/\\\/www.instagram.com\\\/fermentisbylesaffre\\\/\",\"https:\\\/\\\/www.linkedin.com\\\/company\\\/fermentis\\\/\",\"https:\\\/\\\/www.youtube.com\\\/channel\\\/UCt_Lp3IZnUNXZeqSi6iiAdA\"]}]}<\/script>\n<meta property=\"product:price:currency\" content=\"GBP\" \/>\n<meta property=\"og:availability\" content=\"instock\" \/>\n<meta property=\"product:availability\" content=\"instock\" \/>\n<meta property=\"product:condition\" content=\"new\" \/>\n<!-- \/ Yoast SEO Premium plugin. -->","yoast_head_json":{"title":"SafOeno SC 22 - La souche qui respecte la typicit\u00e9 du terroir - Fermentis","description":"Fermentis Saf\u0152no\u2122 SC 22 est l\u2019une des toutes premi\u00e8res souches de levure \u00e0 avoir \u00e9t\u00e9 s\u00e9lectionn\u00e9e \u00e0 des fins \u0153nologiques, appr\u00e9ci\u00e9e dans le monde entier pour son respect de la typicit\u00e9 vari\u00e9tale et du terroir.","robots":{"index":"index","follow":"follow","max-snippet":"max-snippet:-1","max-image-preview":"max-image-preview:large","max-video-preview":"max-video-preview:-1"},"canonical":"https:\/\/fermentis.com\/fr\/produit\/safoeno-sc-22\/","og_locale":"fr_FR","og_type":"article","og_title":"Saf\u0152no\u2122 SC 22","og_description":"Fermentis Saf\u0152no\u2122 SC 22 est l\u2019une des toutes premi\u00e8res souches de levure \u00e0 avoir \u00e9t\u00e9 s\u00e9lectionn\u00e9e \u00e0 des fins \u0153nologiques, appr\u00e9ci\u00e9e dans le monde entier pour son respect de la typicit\u00e9 vari\u00e9tale et du terroir.","og_url":"https:\/\/fermentis.com\/fr\/produit\/safoeno-sc-22\/","og_site_name":"Fermentis","article_publisher":"https:\/\/www.facebook.com\/Fermentis","article_modified_time":"2026-04-07T15:18:31+00:00","og_image":[{"width":1200,"height":1200,"url":"https:\/\/fermentis.com\/wp-content\/uploads\/2020\/10\/safoeno-sc22.jpg","type":"image\/jpeg"}],"twitter_card":"summary_large_image","twitter_site":"@fermentis","twitter_misc":{"Prix":"","Disponibilit\u00e9":"En stock"},"schema":{"@context":"https:\/\/schema.org","@graph":[{"@type":"WebPage","@id":"https:\/\/fermentis.com\/fr\/produit\/safoeno-sc-22\/","url":"https:\/\/fermentis.com\/fr\/produit\/safoeno-sc-22\/","name":"SafOeno SC 22 - La souche qui respecte la typicit\u00e9 du terroir - Fermentis","isPartOf":{"@id":"https:\/\/fermentis.com\/fr\/#website"},"primaryImageOfPage":{"@id":"https:\/\/fermentis.com\/fr\/produit\/safoeno-sc-22\/#primaryimage"},"image":{"@id":"https:\/\/fermentis.com\/fr\/produit\/safoeno-sc-22\/#primaryimage"},"thumbnailUrl":"https:\/\/fermentis.com\/wp-content\/uploads\/2020\/10\/safoeno-sc22.jpg","datePublished":"2020-04-06T22:00:00+00:00","dateModified":"2026-04-07T15:18:31+00:00","description":"Fermentis Saf\u0152no\u2122 SC 22 est l\u2019une des toutes premi\u00e8res souches de levure \u00e0 avoir \u00e9t\u00e9 s\u00e9lectionn\u00e9e \u00e0 des fins \u0153nologiques, appr\u00e9ci\u00e9e dans le monde entier pour son respect de la typicit\u00e9 vari\u00e9tale et du terroir.","breadcrumb":{"@id":"https:\/\/fermentis.com\/fr\/produit\/safoeno-sc-22\/#breadcrumb"},"inLanguage":"fr-FR","potentialAction":[{"@type":"ReadAction","target":["https:\/\/fermentis.com\/fr\/produit\/safoeno-sc-22\/"]}]},{"@type":"ImageObject","inLanguage":"fr-FR","@id":"https:\/\/fermentis.com\/fr\/produit\/safoeno-sc-22\/#primaryimage","url":"https:\/\/fermentis.com\/wp-content\/uploads\/2020\/10\/safoeno-sc22.jpg","contentUrl":"https:\/\/fermentis.com\/wp-content\/uploads\/2020\/10\/safoeno-sc22.jpg","width":1200,"height":1200,"caption":"SafOeno SC 22 Levure s\u00e8che active pour viticulteurs par Fermentis"},{"@type":"BreadcrumbList","@id":"https:\/\/fermentis.com\/fr\/produit\/safoeno-sc-22\/#breadcrumb","itemListElement":[{"@type":"ListItem","position":1,"name":"Home","item":"https:\/\/fermentis.com\/fr\/"},{"@type":"ListItem","position":2,"name":"Produits"},{"@type":"ListItem","position":3,"name":"Vinification","item":"https:\/\/fermentis.com\/fr\/fermentation\/vinification\/"},{"@type":"ListItem","position":4,"name":"Saf\u0152no\u2122 SC 22"}]},{"@type":"WebSite","@id":"https:\/\/fermentis.com\/fr\/#website","url":"https:\/\/fermentis.com\/fr\/","name":"Fermentis","description":"Un site utilisant WordPress","publisher":{"@id":"https:\/\/fermentis.com\/fr\/#organization"},"potentialAction":[{"@type":"SearchAction","target":{"@type":"EntryPoint","urlTemplate":"https:\/\/fermentis.com\/fr\/?s={search_term_string}"},"query-input":{"@type":"PropertyValueSpecification","valueRequired":true,"valueName":"search_term_string"}}],"inLanguage":"fr-FR"},{"@type":"Organization","@id":"https:\/\/fermentis.com\/fr\/#organization","name":"Fermentis","url":"https:\/\/fermentis.com\/fr\/","logo":{"@type":"ImageObject","inLanguage":"fr-FR","@id":"https:\/\/fermentis.com\/fr\/#\/schema\/logo\/image\/","url":"https:\/\/fermentis.com\/wp-content\/uploads\/2021\/07\/Logo-Fermentis-5.png","contentUrl":"https:\/\/fermentis.com\/wp-content\/uploads\/2021\/07\/Logo-Fermentis-5.png","width":308,"height":95,"caption":"Fermentis"},"image":{"@id":"https:\/\/fermentis.com\/fr\/#\/schema\/logo\/image\/"},"sameAs":["https:\/\/www.facebook.com\/Fermentis","https:\/\/x.com\/fermentis","https:\/\/www.instagram.com\/fermentisbylesaffre\/","https:\/\/www.linkedin.com\/company\/fermentis\/","https:\/\/www.youtube.com\/channel\/UCt_Lp3IZnUNXZeqSi6iiAdA"]}]},"product_price_currency":"GBP","og_availability":"instock","product_availability":"instock","product_condition":"new"},"_links":{"self":[{"href":"https:\/\/fermentis.com\/fr\/wp-json\/wp\/v2\/product\/28614","targetHints":{"allow":["GET"]}}],"collection":[{"href":"https:\/\/fermentis.com\/fr\/wp-json\/wp\/v2\/product"}],"about":[{"href":"https:\/\/fermentis.com\/fr\/wp-json\/wp\/v2\/types\/product"}],"replies":[{"embeddable":true,"href":"https:\/\/fermentis.com\/fr\/wp-json\/wp\/v2\/comments?post=28614"}],"wp:featuredmedia":[{"embeddable":true,"href":"https:\/\/fermentis.com\/fr\/wp-json\/wp\/v2\/media\/28244"}],"wp:attachment":[{"href":"https:\/\/fermentis.com\/fr\/wp-json\/wp\/v2\/media?parent=28614"}],"wp:term":[{"taxonomy":"product_brand","embeddable":true,"href":"https:\/\/fermentis.com\/fr\/wp-json\/wp\/v2\/product_brand?post=28614"},{"taxonomy":"product_cat","embeddable":true,"href":"https:\/\/fermentis.com\/fr\/wp-json\/wp\/v2\/product_cat?post=28614"},{"taxonomy":"product_tag","embeddable":true,"href":"https:\/\/fermentis.com\/fr\/wp-json\/wp\/v2\/product_tag?post=28614"}],"curies":[{"name":"wp","href":"https:\/\/api.w.org\/{rel}","templated":true}]}}