{"id":28618,"date":"2020-04-06T00:00:00","date_gmt":"2020-04-05T22:00:00","guid":{"rendered":"http:\/\/fermentis.com\/product\/safoeno-gv-s107\/"},"modified":"2026-04-07T09:22:21","modified_gmt":"2026-04-07T07:22:21","slug":"safoeno-gv-s107","status":"publish","type":"product","link":"https:\/\/fermentis.com\/fr\/produit\/safoeno-gv-s107\/","title":{"rendered":"Saf\u0152no\u2122 GV S107"},"content":{"rendered":"<div class=\"container section-title-container\" ><h2 class=\"section-title section-title-center\"><b aria-hidden=\"true\"><\/b><span class=\"section-title-main\" style=\"font-size:115%;\">ID\u00c9ALE POUR LES VINS BLANCS \u00c9LEV\u00c9S EN BARRIQUE <\/span><b aria-hidden=\"true\"><\/b><\/h2><\/div>\n<p><strong>Saf\u0152no\u2122 GV S107<\/strong> a \u00e9t\u00e9 isol\u00e9e dans 6 diff\u00e9rentes r\u00e9gions viticoles portugaises parmi 1 500 isolats de souches (doctorat de recherche de 3 ans) pour sa capacit\u00e9 \u00e0 am\u00e9liorer les qualit\u00e9s des c\u00e9pages nobles destin\u00e9s \u00e0 l&#039;\u00e9laboration de vins blancs haut de gamme.<\/p>\n<p><strong>Vins blancs tranquilles. Dosage :<\/strong> 20 g\/hl<\/p>\n<p><strong>Ingr\u00e9dients: <\/strong>levure <em>(Saccharomyces cerevisiae)<\/em> , \u00e9mulsifiant : E491 (monost\u00e9arate de sorbitan)<\/p>\n\t<div id=\"gap-2134811045\" class=\"gap-element clearfix\" style=\"display:block; height:auto;\">\n\t\t\n<style>\n#gap-2134811045 {\n  padding-top: 30px;\n}\n<\/style>\n\t<\/div>\n\t\n<div class=\"container section-title-container\" ><h3 class=\"section-title section-title-center\"><b aria-hidden=\"true\"><\/b><span class=\"section-title-main\" style=\"font-size:115%;\">Saf\u0152no\u2122 GV S107 - Caract\u00e9ristiques sensorielles<\/span><b aria-hidden=\"true\"><\/b><\/h3><\/div>\n\n\t\t<div class=\"tabbed-content\">\n\t\t\t\n\t\t\t<ul class=\"nav nav-tabs nav-uppercase nav-size-normal nav-left\" role=\"tablist\"><li id=\"tab-recommandations\" class=\"tab active has-icon\" role=\"presentation\"><a href=\"#tab_recommandations\" role=\"tab\" aria-selected=\"true\" aria-controls=\"tab_recommandations\"><span>Recommandations<\/span><\/a><\/li>\n<li id=\"tab-essai\" class=\"tab has-icon\" role=\"presentation\"><a href=\"#tab_essai\" tabindex=\"-1\" role=\"tab\" aria-selected=\"false\" aria-controls=\"tab_essai\"><span>Essai<\/span><\/a><\/li><\/ul><div class=\"tab-panels\"><div id=\"tab_recommandations\" class=\"panel active entry-content\" role=\"tabpanel\" aria-labelledby=\"tab-recommandations\">\n<h4>Vins blancs \u00e9l\u00e9gants haut de gamme<\/h4>\n<p>Saf\u0152no\u2122 GV S107 est recommand\u00e9e aux producteurs souhaitant apporter rondeur et complexit\u00e9 aromatique \u00e0 leurs vins blancs, notamment pour les c\u00e9pages \u00e9l\u00e9gants sans pr\u00e9curseurs d&#039;ar\u00f4mes majeurs comme le Chardonnay.<br \/>\nGr\u00e2ce \u00e0 sa puret\u00e9 analytique et aromatique, elle est parfaitement adapt\u00e9e aux blancs structur\u00e9s \u00e0 haut degr\u00e9 alcoolique et \u00e0 pH \u00e9lev\u00e9, issus de fruits m\u00fbrs, ferment\u00e9s en f\u00fbts et\/ou \u00e9lev\u00e9s sur lies ayant subit une fermentation malolactique. Sa finale douce et persistante sera un r\u00e9el atout pour les blancs haut de gamme de courte garde.<\/p>\n\t<div id=\"gap-1235060224\" class=\"gap-element clearfix\" style=\"display:block; height:auto;\">\n\t\t\n<style>\n#gap-1235060224 {\n  padding-top: &quot;20px&quot;;\n}\n<\/style>\n\t<\/div>\n\t\n<h4>Blancs avec notes de fruits frais et florales<\/h4>\n<p>C\u00f4t\u00e9 fermentation, Saf\u0152no\u2122 GV S107 se caract\u00e9rise par l&#039;augmentation des alcools sup\u00e9rieurs et des esters floraux et fruit\u00e9s (plut\u00f4t que d&#039;ac\u00e9tate d&#039;isoamyle). C\u00f4t\u00e9 vari\u00e9tal, elle favorise la lib\u00e9ration des ar\u00f4mes floraux et d&#039;agrumes (terp\u00e8nes et C13-norisopr\u00e9no\u00efdes) des baies. Ainsi, Saf\u0152no\u2122 GV S107 met d\u00e9licatement en valeur les c\u00e9pages aromatiques tels que le Viognier, le Chenin blanc, le Riesling, le Gew\u00fcrztraminer\u2026 tout en apportant une bouche persistante, fra\u00eeche et bien \u00e9quilibr\u00e9e.<\/p>\n<\/div>\n<div id=\"tab_essai\" class=\"panel entry-content\" role=\"tabpanel\" aria-labelledby=\"tab-essai\">\n<p>Microvinification sur Chardonnay de la c\u00f4te ouest des \u00c9tats-Unis, 14,9 % v\/v,<br data-source=\" \\r\\n\" \/>YAN\/Sucre : 0,99, pH 3,2, ferment\u00e9 \u00e0 14-15\u00b0C (57-59\u00b0F) constant.<\/p>\n\t<div class=\"img has-hover x md-x lg-x y md-y lg-y\" id=\"image_1111653124\">\n\t\t\t\t\t\t\t\t<div class=\"img-inner dark\" >\n\t\t\t<img loading=\"lazy\" decoding=\"async\" width=\"795\" height=\"327\" src=\"https:\/\/fermentis.com\/wp-content\/uploads\/2020\/02\/HD54-profile.jpg\" class=\"attachment-large size-large\" alt=\"\" srcset=\"https:\/\/fermentis.com\/wp-content\/uploads\/2020\/02\/HD54-profile.jpg 795w, https:\/\/fermentis.com\/wp-content\/uploads\/2020\/02\/HD54-profile-600x247.jpg 600w, https:\/\/fermentis.com\/wp-content\/uploads\/2020\/02\/HD54-profile-300x123.jpg 300w, https:\/\/fermentis.com\/wp-content\/uploads\/2020\/02\/HD54-profile-768x316.jpg 768w\" sizes=\"auto, (max-width: 795px) 100vw, 795px\" \/>\t\t\t\t\t\t\n\t\t\t\t\t<\/div>\n\t\t\t\t\t\t\t\t\n<style>\n#image_1111653124 {\n  width: 100%;\n}\n<\/style>\n\t<\/div>\n\t\n\t<div id=\"gap-11214958\" class=\"gap-element clearfix\" style=\"display:block; height:auto;\">\n\t\t\n<style>\n#gap-11214958 {\n  padding-top: 30px;\n}\n<\/style>\n\t<\/div>\n\t\n<p><strong>Saf\u0152no\u2122 GV S107 <\/strong>a \u00e9t\u00e9 sp\u00e9cialement s\u00e9lectionn\u00e9e pour son profil organoleptique id\u00e9alement destin\u00e9e aux Chardonnay haut de gamme.<\/p>\n<p>D\u00e9gustation r\u00e9alis\u00e9e par 9 panelistes form\u00e9s.<\/p>\n<\/div><\/div><\/div>\n\t<div id=\"gap-1928856615\" class=\"gap-element clearfix\" style=\"display:block; height:auto;\">\n\t\t\n<style>\n#gap-1928856615 {\n  padding-top: 30px;\n}\n<\/style>\n\t<\/div>\n\t\n<div class=\"container section-title-container\" ><h3 class=\"section-title section-title-center\"><b aria-hidden=\"true\"><\/b><span class=\"section-title-main\" style=\"font-size:115%;\">Saf\u0152no\u2122 GV S107 - Caract\u00e9ristiques techniques<\/span><b aria-hidden=\"true\"><\/b><\/h3><\/div>\n\n\t\t<div class=\"tabbed-content\">\n\t\t\t\n\t\t\t<ul class=\"nav nav-tabs nav-uppercase nav-size-normal nav-left\" role=\"tablist\"><li id=\"tab-fermentation\" class=\"tab active has-icon\" role=\"presentation\"><a href=\"#tab_fermentation\" role=\"tab\" aria-selected=\"true\" aria-controls=\"tab_fermentation\"><span>Fermentation<\/span><\/a><\/li>\n<li id=\"tab-m\u00e9tabolique\" class=\"tab has-icon\" role=\"presentation\"><a href=\"#tab_m\u00e9tabolique\" tabindex=\"-1\" role=\"tab\" aria-selected=\"false\" aria-controls=\"tab_m\u00e9tabolique\"><span>M\u00e9tabolique<\/span><\/a><\/li>\n<li id=\"tab-easy-2-use\" class=\"tab has-icon\" role=\"presentation\"><a href=\"#tab_easy-2-use\" tabindex=\"-1\" role=\"tab\" aria-selected=\"false\" aria-controls=\"tab_easy-2-use\"><span>Easy 2 Use<\/span><\/a><\/li>\n<li id=\"tab-emballage-&amp;-garantie\" class=\"tab has-icon\" role=\"presentation\"><a href=\"#tab_emballage-&amp;-garantie\" tabindex=\"-1\" role=\"tab\" aria-selected=\"false\" aria-controls=\"tab_emballage-&amp;-garantie\"><span>Emballage &amp; garantie<\/span><\/a><\/li><\/ul><div class=\"tab-panels\"><div id=\"tab_fermentation\" class=\"panel active entry-content\" role=\"tabpanel\" aria-labelledby=\"tab-fermentation\">\n<p>\u2192 Cin\u00e9tique en fonction du pH : moyenne\/lente &lt; pH 3,5 &lt; rapide<br \/>\n\u2192 Large spectre de temp\u00e9ratures de fermentation : 10\u00b0-35 \u00b0C, tr\u00e8s r\u00e9sistante \u00e0 basse temp\u00e9rature<br \/>\n\u2192 Bonne tol\u00e9rance \u00e0 l\u2019alcool : &gt; 15% vol.<br \/>\n\u2192 Haute r\u00e9sistance au SO<sub>2<\/sub><br \/>\n\u2192 Besoins moyens en azote : rapport azote assimilable (mg\/L) \/ sucres (g\/L) entre 0,8 et 0,9.<br \/>\n\u2192 Ph\u00e9notype Killer : neutre<\/p>\n<\/div>\n<div id=\"tab_m\u00e9tabolique\" class=\"panel entry-content\" role=\"tabpanel\" aria-labelledby=\"tab-m\u00e9tabolique\">\n<p>\u2192 Faible rendement \u00e9thanol\/sucre<br \/>\n\u2192 Production \u00e9lev\u00e9e de glyc\u00e9rol (7-8 g\/l)<br \/>\n\u2192 Faible production d&#039;acidit\u00e9 volatile<br \/>\n\u2192 Production moyenne-faible de compos\u00e9s soufr\u00e9s (SO<sub>2<\/sub>, H<sub>2<\/sub>S) et faible combinaison de SO<sub>2<\/sub><br \/>\n\u2192 Production \u00e9lev\u00e9e d&#039;alcools sup\u00e9rieurs (notamment ph\u00e9nyl-2-\u00e9thanol) et d&#039;esters (notamment esters \u00e9thyliques)<br \/>\n\u2192 Lib\u00e9ration moyenne d&#039;ar\u00f4mes volatils li\u00e9s glycosidiquement<\/p>\n<\/div>\n<div id=\"tab_easy-2-use\" class=\"panel entry-content\" role=\"tabpanel\" aria-labelledby=\"tab-easy-2-use\">\n<ul>\n<li>Le savoir-faire de Lesaffre et l&#039;am\u00e9lioration continue des proc\u00e9d\u00e9s de production de levures permettent d&#039;obtenir <strong>une qualit\u00e9 exceptionnelle de levures s\u00e8ches capables de r\u00e9sister \u00e0 une tr\u00e8s vaste gamme d&#039;utilisation, \u00e0 froid ou sans r\u00e9hydratation, sans affecter leur vitalit\u00e9, leur profil cin\u00e9tique et\/ou analytique.<\/strong> Les \u0153nologues peuvent ainsi choisir les conditions d&#039;utilisation les mieux adapt\u00e9es \u00e0 leurs besoins, \u00e0 savoir :\n<ul>\n<li><strong>Ensemencement direct :<\/strong> saupoudrer les levures \u00e0 la surface d&#039; <strong>au moins 10 fois leur poids de mo\u00fbt<\/strong> (\u00e9ventuellement directement du haut de la cuve ou lors du remplissage de celle-ci apr\u00e8s d\u00e9bourbage pour les blancs et les ros\u00e9s). Remuez d\u00e9licaterment pour \u00e9viter ou briser les grumeaux. <strong>Transf\u00e9rer imm\u00e9diatement dans la cuve par remontage avec a\u00e9ration<\/strong> (ou homog\u00e9n\u00e9iser la masse de la cuve).<\/li>\n<li><strong>Avec r\u00e9hydratation pr\u00e9alable :<\/strong> saupodrer la levure \u00e0 la surface de <strong>10 fois son poids d&#039;eau du robinet \u00e0 temp\u00e9rature ambiante.<\/strong> Remuez d\u00e9licaterment pour \u00e9viter ou briser les grumeaux. <strong>Attendre 20 minutes et transf\u00e9rer en cuve par un remontage avec a\u00e9ration.<\/strong><\/li>\n<\/ul>\n<\/li>\n<\/ul>\n<\/div>\n<div id=\"tab_emballage-&amp;-garantie\" class=\"panel entry-content\" role=\"tabpanel\" aria-labelledby=\"tab-emballage-&amp;-garantie\">\n<h4>Conditionnement<\/h4>\n<p>Carton de 20 sachets sous vide de 500 g chacun (poids net du carton plein : 10 kg)<br \/>\nCarton de 1 bo\u00eete sous vide de 10 Kg (poids net de la bo\u00eete pleine : 10 kg)<\/p>\n<h4>Garantie<\/h4>\n<p>Le pourcentage \u00e9lev\u00e9 de mati\u00e8re s\u00e8che de nos levures permet une conservation optimale dans leur emballage d&#039;origine \u00e0 une temp\u00e9rature inf\u00e9rieure \u00e0 20\u00b0C (pendant 3 ans) et inf\u00e9rieure \u00e0 10\u00b0C pour une conservation prolong\u00e9e (4 ans).  Fermentis garantit que le produit sera conforme au Codex \u0152nologique International jusqu&#039;\u00e0 sa date limite d&#039;utilisation optimale s&#039;il aura \u00e9t\u00e9 conserv\u00e9 dans les conditions de stockage mentionn\u00e9es ci-dessus. <\/p>\n<p><em>Chaque levure Fermentis est d\u00e9velopp\u00e9e selon un sch\u00e9ma de production sp\u00e9cifique et b\u00e9n\u00e9ficie du savoir-faire du groupe Lesaffre, leader mondial de la fabrication de levures. Cela garantit la plus grande puret\u00e9 microbiologique et une activit\u00e9 de fermentation maximale.<\/em><\/p>\n<\/div><\/div><\/div>\n\t<div id=\"gap-2072315500\" class=\"gap-element clearfix\" style=\"display:block; height:auto;\">\n\t\t\n<style>\n#gap-2072315500 {\n  padding-top: 30px;\n}\n<\/style>\n\t<\/div>\n\t\n<p><i>Les donn\u00e9es contenues dans cette fiche technique sont la transcription exacte de nos connaissances du produit \u00e0 la date mentionn\u00e9e. Elles sont la propri\u00e9t\u00e9 exclusive de Fermentis-Division de S.I. Lesaffre. L&#039;utilisateur doit s&#039;assurer que ce produit est conforme \u00e0 la l\u00e9gislation en vigueur pour l\u2019utilisation qu\u2019il souhaite en faire<\/i><\/p>\n","protected":false},"excerpt":{"rendered":"<p>Id\u00e9al pour les vins blancs \u00e9lev\u00e9s en barrique <\/p>\n","protected":false},"featured_media":28232,"comment_status":"closed","ping_status":"closed","template":"","meta":{"_acf_changed":false},"product_brand":[],"product_cat":[288,289,287],"product_tag":[1135,1137,1136,1138],"class_list":{"0":"post-28618","1":"product","2":"type-product","3":"status-publish","4":"has-post-thumbnail","6":"product_cat-levure-seche-active-vinification","7":"product_cat-safoeno-fr-2","8":"product_cat-vinification","9":"product_tag-gv-s107-fr","10":"product_tag-gvs107-fr","11":"product_tag-s-107-fr","12":"product_tag-s107-fr","13":"pa_fermentation-temperature-10-fr","14":"pa_fermentation-temperature-30-fr","15":"pa_flavor-profile-fruite","16":"pa_flavor-profile-terpenes-fr","17":"pa_flavor-profile-thiols-fr","18":"pa_kinetics-lente","19":"pa_max-alcohol-15-fr","20":"pa_nutrients-need-moyen","21":"pa_roundness-moyen-eleve","22":"pa_wine-color-blanc","23":"pa_wine-color-rose-fr","25":"first","26":"instock","27":"shipping-taxable","28":"product-type-simple"},"acf":[],"yoast_head":"<!-- This site is optimized with the Yoast SEO Premium plugin v27.3 (Yoast SEO v27.3) - https:\/\/yoast.com\/product\/yoast-seo-premium-wordpress\/ -->\n<title>Saf\u0152no GV S107 - Levure pour vins blancs premium - Fermentis<\/title>\n<meta name=\"description\" content=\"La levure \u0153nologique Fermentis Saf\u0152no GV S107 est id\u00e9ale pour am\u00e9liorer les qualit\u00e9s des raisins nobles, produire des vins blancs haut de gamme. Elle convient parfaitement \u00e0 d&#039;autres styles de vins\" \/>\n<meta name=\"robots\" content=\"index, follow, max-snippet:-1, max-image-preview:large, max-video-preview:-1\" \/>\n<link rel=\"canonical\" href=\"https:\/\/fermentis.com\/fr\/produit\/safoeno-gv-s107\/\" \/>\n<meta property=\"og:locale\" content=\"fr_FR\" \/>\n<meta property=\"og:type\" content=\"article\" \/>\n<meta property=\"og:title\" content=\"Saf\u0152no\u2122 GV S107\" \/>\n<meta property=\"og:description\" content=\"La levure \u0153nologique Fermentis Saf\u0152no GV S107 est id\u00e9ale pour am\u00e9liorer les qualit\u00e9s des raisins nobles, produire des vins blancs haut de gamme. Elle convient parfaitement \u00e0 d&#039;autres styles de vins\" \/>\n<meta property=\"og:url\" content=\"https:\/\/fermentis.com\/fr\/produit\/safoeno-gv-s107\/\" \/>\n<meta property=\"og:site_name\" content=\"Fermentis\" \/>\n<meta property=\"article:publisher\" content=\"https:\/\/www.facebook.com\/Fermentis\" \/>\n<meta property=\"article:modified_time\" content=\"2026-04-07T07:22:21+00:00\" \/>\n<meta property=\"og:image\" content=\"https:\/\/fermentis.com\/wp-content\/uploads\/2020\/10\/safoeno-gv-s107.jpg\" \/>\n\t<meta property=\"og:image:width\" content=\"1200\" \/>\n\t<meta property=\"og:image:height\" content=\"1200\" \/>\n\t<meta property=\"og:image:type\" content=\"image\/jpeg\" \/>\n<meta name=\"twitter:card\" content=\"summary_large_image\" \/>\n<meta name=\"twitter:site\" content=\"@fermentis\" \/>\n<meta name=\"twitter:label1\" content=\"Prix\" \/>\n\t<meta name=\"twitter:data1\" content=\"\" \/>\n\t<meta name=\"twitter:label2\" content=\"Disponibilit\u00e9\" \/>\n\t<meta name=\"twitter:data2\" content=\"En stock\" \/>\n<script type=\"application\/ld+json\" class=\"yoast-schema-graph\">{\"@context\":\"https:\\\/\\\/schema.org\",\"@graph\":[{\"@type\":\"WebPage\",\"@id\":\"https:\\\/\\\/fermentis.com\\\/fr\\\/produit\\\/safoeno-gv-s107\\\/\",\"url\":\"https:\\\/\\\/fermentis.com\\\/fr\\\/produit\\\/safoeno-gv-s107\\\/\",\"name\":\"Saf\u0152no GV S107 - Levure pour vins blancs premium - Fermentis\",\"isPartOf\":{\"@id\":\"https:\\\/\\\/fermentis.com\\\/fr\\\/#website\"},\"primaryImageOfPage\":{\"@id\":\"https:\\\/\\\/fermentis.com\\\/fr\\\/produit\\\/safoeno-gv-s107\\\/#primaryimage\"},\"image\":{\"@id\":\"https:\\\/\\\/fermentis.com\\\/fr\\\/produit\\\/safoeno-gv-s107\\\/#primaryimage\"},\"thumbnailUrl\":\"https:\\\/\\\/fermentis.com\\\/wp-content\\\/uploads\\\/2020\\\/10\\\/safoeno-gv-s107.jpg\",\"datePublished\":\"2020-04-05T22:00:00+00:00\",\"dateModified\":\"2026-04-07T07:22:21+00:00\",\"description\":\"La levure \u0153nologique Fermentis Saf\u0152no GV S107 est id\u00e9ale pour am\u00e9liorer les qualit\u00e9s des raisins nobles, produire des vins blancs haut de gamme. Elle convient parfaitement \u00e0 d'autres styles de vins\",\"breadcrumb\":{\"@id\":\"https:\\\/\\\/fermentis.com\\\/fr\\\/produit\\\/safoeno-gv-s107\\\/#breadcrumb\"},\"inLanguage\":\"fr-FR\",\"potentialAction\":[{\"@type\":\"ReadAction\",\"target\":[\"https:\\\/\\\/fermentis.com\\\/fr\\\/produit\\\/safoeno-gv-s107\\\/\"]}]},{\"@type\":\"ImageObject\",\"inLanguage\":\"fr-FR\",\"@id\":\"https:\\\/\\\/fermentis.com\\\/fr\\\/produit\\\/safoeno-gv-s107\\\/#primaryimage\",\"url\":\"https:\\\/\\\/fermentis.com\\\/wp-content\\\/uploads\\\/2020\\\/10\\\/safoeno-gv-s107.jpg\",\"contentUrl\":\"https:\\\/\\\/fermentis.com\\\/wp-content\\\/uploads\\\/2020\\\/10\\\/safoeno-gv-s107.jpg\",\"width\":1200,\"height\":1200,\"caption\":\"SafOeno GV 107 levure s\u00e8che active pour viticulteurs par Fermentis\"},{\"@type\":\"BreadcrumbList\",\"@id\":\"https:\\\/\\\/fermentis.com\\\/fr\\\/produit\\\/safoeno-gv-s107\\\/#breadcrumb\",\"itemListElement\":[{\"@type\":\"ListItem\",\"position\":1,\"name\":\"Home\",\"item\":\"https:\\\/\\\/fermentis.com\\\/fr\\\/\"},{\"@type\":\"ListItem\",\"position\":2,\"name\":\"Produits\"},{\"@type\":\"ListItem\",\"position\":3,\"name\":\"Vinification\",\"item\":\"https:\\\/\\\/fermentis.com\\\/fr\\\/fermentation\\\/vinification\\\/\"},{\"@type\":\"ListItem\",\"position\":4,\"name\":\"Saf\u0152no\u2122 GV S107\"}]},{\"@type\":\"WebSite\",\"@id\":\"https:\\\/\\\/fermentis.com\\\/fr\\\/#website\",\"url\":\"https:\\\/\\\/fermentis.com\\\/fr\\\/\",\"name\":\"Fermentis\",\"description\":\"Un site utilisant WordPress\",\"publisher\":{\"@id\":\"https:\\\/\\\/fermentis.com\\\/fr\\\/#organization\"},\"potentialAction\":[{\"@type\":\"SearchAction\",\"target\":{\"@type\":\"EntryPoint\",\"urlTemplate\":\"https:\\\/\\\/fermentis.com\\\/fr\\\/?s={search_term_string}\"},\"query-input\":{\"@type\":\"PropertyValueSpecification\",\"valueRequired\":true,\"valueName\":\"search_term_string\"}}],\"inLanguage\":\"fr-FR\"},{\"@type\":\"Organization\",\"@id\":\"https:\\\/\\\/fermentis.com\\\/fr\\\/#organization\",\"name\":\"Fermentis\",\"url\":\"https:\\\/\\\/fermentis.com\\\/fr\\\/\",\"logo\":{\"@type\":\"ImageObject\",\"inLanguage\":\"fr-FR\",\"@id\":\"https:\\\/\\\/fermentis.com\\\/fr\\\/#\\\/schema\\\/logo\\\/image\\\/\",\"url\":\"https:\\\/\\\/fermentis.com\\\/wp-content\\\/uploads\\\/2021\\\/07\\\/Logo-Fermentis-5.png\",\"contentUrl\":\"https:\\\/\\\/fermentis.com\\\/wp-content\\\/uploads\\\/2021\\\/07\\\/Logo-Fermentis-5.png\",\"width\":308,\"height\":95,\"caption\":\"Fermentis\"},\"image\":{\"@id\":\"https:\\\/\\\/fermentis.com\\\/fr\\\/#\\\/schema\\\/logo\\\/image\\\/\"},\"sameAs\":[\"https:\\\/\\\/www.facebook.com\\\/Fermentis\",\"https:\\\/\\\/x.com\\\/fermentis\",\"https:\\\/\\\/www.instagram.com\\\/fermentisbylesaffre\\\/\",\"https:\\\/\\\/www.linkedin.com\\\/company\\\/fermentis\\\/\",\"https:\\\/\\\/www.youtube.com\\\/channel\\\/UCt_Lp3IZnUNXZeqSi6iiAdA\"]}]}<\/script>\n<meta property=\"product:price:currency\" content=\"GBP\" \/>\n<meta property=\"og:availability\" content=\"instock\" \/>\n<meta property=\"product:availability\" content=\"instock\" \/>\n<meta property=\"product:condition\" content=\"new\" \/>\n<!-- \/ Yoast SEO Premium plugin. -->","yoast_head_json":{"title":"Saf\u0152no GV S107 - Levure pour vins blancs premium - Fermentis","description":"La levure \u0153nologique Fermentis Saf\u0152no GV S107 est id\u00e9ale pour am\u00e9liorer les qualit\u00e9s des raisins nobles, produire des vins blancs haut de gamme. Elle convient parfaitement \u00e0 d'autres styles de vins","robots":{"index":"index","follow":"follow","max-snippet":"max-snippet:-1","max-image-preview":"max-image-preview:large","max-video-preview":"max-video-preview:-1"},"canonical":"https:\/\/fermentis.com\/fr\/produit\/safoeno-gv-s107\/","og_locale":"fr_FR","og_type":"article","og_title":"Saf\u0152no\u2122 GV S107","og_description":"La levure \u0153nologique Fermentis Saf\u0152no GV S107 est id\u00e9ale pour am\u00e9liorer les qualit\u00e9s des raisins nobles, produire des vins blancs haut de gamme. Elle convient parfaitement \u00e0 d'autres styles de vins","og_url":"https:\/\/fermentis.com\/fr\/produit\/safoeno-gv-s107\/","og_site_name":"Fermentis","article_publisher":"https:\/\/www.facebook.com\/Fermentis","article_modified_time":"2026-04-07T07:22:21+00:00","og_image":[{"width":1200,"height":1200,"url":"https:\/\/fermentis.com\/wp-content\/uploads\/2020\/10\/safoeno-gv-s107.jpg","type":"image\/jpeg"}],"twitter_card":"summary_large_image","twitter_site":"@fermentis","twitter_misc":{"Prix":"","Disponibilit\u00e9":"En stock"},"schema":{"@context":"https:\/\/schema.org","@graph":[{"@type":"WebPage","@id":"https:\/\/fermentis.com\/fr\/produit\/safoeno-gv-s107\/","url":"https:\/\/fermentis.com\/fr\/produit\/safoeno-gv-s107\/","name":"Saf\u0152no GV S107 - Levure pour vins blancs premium - Fermentis","isPartOf":{"@id":"https:\/\/fermentis.com\/fr\/#website"},"primaryImageOfPage":{"@id":"https:\/\/fermentis.com\/fr\/produit\/safoeno-gv-s107\/#primaryimage"},"image":{"@id":"https:\/\/fermentis.com\/fr\/produit\/safoeno-gv-s107\/#primaryimage"},"thumbnailUrl":"https:\/\/fermentis.com\/wp-content\/uploads\/2020\/10\/safoeno-gv-s107.jpg","datePublished":"2020-04-05T22:00:00+00:00","dateModified":"2026-04-07T07:22:21+00:00","description":"La levure \u0153nologique Fermentis Saf\u0152no GV S107 est id\u00e9ale pour am\u00e9liorer les qualit\u00e9s des raisins nobles, produire des vins blancs haut de gamme. Elle convient parfaitement \u00e0 d'autres styles de vins","breadcrumb":{"@id":"https:\/\/fermentis.com\/fr\/produit\/safoeno-gv-s107\/#breadcrumb"},"inLanguage":"fr-FR","potentialAction":[{"@type":"ReadAction","target":["https:\/\/fermentis.com\/fr\/produit\/safoeno-gv-s107\/"]}]},{"@type":"ImageObject","inLanguage":"fr-FR","@id":"https:\/\/fermentis.com\/fr\/produit\/safoeno-gv-s107\/#primaryimage","url":"https:\/\/fermentis.com\/wp-content\/uploads\/2020\/10\/safoeno-gv-s107.jpg","contentUrl":"https:\/\/fermentis.com\/wp-content\/uploads\/2020\/10\/safoeno-gv-s107.jpg","width":1200,"height":1200,"caption":"SafOeno GV 107 levure s\u00e8che active pour viticulteurs par Fermentis"},{"@type":"BreadcrumbList","@id":"https:\/\/fermentis.com\/fr\/produit\/safoeno-gv-s107\/#breadcrumb","itemListElement":[{"@type":"ListItem","position":1,"name":"Home","item":"https:\/\/fermentis.com\/fr\/"},{"@type":"ListItem","position":2,"name":"Produits"},{"@type":"ListItem","position":3,"name":"Vinification","item":"https:\/\/fermentis.com\/fr\/fermentation\/vinification\/"},{"@type":"ListItem","position":4,"name":"Saf\u0152no\u2122 GV S107"}]},{"@type":"WebSite","@id":"https:\/\/fermentis.com\/fr\/#website","url":"https:\/\/fermentis.com\/fr\/","name":"Fermentis","description":"Un site utilisant WordPress","publisher":{"@id":"https:\/\/fermentis.com\/fr\/#organization"},"potentialAction":[{"@type":"SearchAction","target":{"@type":"EntryPoint","urlTemplate":"https:\/\/fermentis.com\/fr\/?s={search_term_string}"},"query-input":{"@type":"PropertyValueSpecification","valueRequired":true,"valueName":"search_term_string"}}],"inLanguage":"fr-FR"},{"@type":"Organization","@id":"https:\/\/fermentis.com\/fr\/#organization","name":"Fermentis","url":"https:\/\/fermentis.com\/fr\/","logo":{"@type":"ImageObject","inLanguage":"fr-FR","@id":"https:\/\/fermentis.com\/fr\/#\/schema\/logo\/image\/","url":"https:\/\/fermentis.com\/wp-content\/uploads\/2021\/07\/Logo-Fermentis-5.png","contentUrl":"https:\/\/fermentis.com\/wp-content\/uploads\/2021\/07\/Logo-Fermentis-5.png","width":308,"height":95,"caption":"Fermentis"},"image":{"@id":"https:\/\/fermentis.com\/fr\/#\/schema\/logo\/image\/"},"sameAs":["https:\/\/www.facebook.com\/Fermentis","https:\/\/x.com\/fermentis","https:\/\/www.instagram.com\/fermentisbylesaffre\/","https:\/\/www.linkedin.com\/company\/fermentis\/","https:\/\/www.youtube.com\/channel\/UCt_Lp3IZnUNXZeqSi6iiAdA"]}]},"product_price_currency":"GBP","og_availability":"instock","product_availability":"instock","product_condition":"new"},"_links":{"self":[{"href":"https:\/\/fermentis.com\/fr\/wp-json\/wp\/v2\/product\/28618","targetHints":{"allow":["GET"]}}],"collection":[{"href":"https:\/\/fermentis.com\/fr\/wp-json\/wp\/v2\/product"}],"about":[{"href":"https:\/\/fermentis.com\/fr\/wp-json\/wp\/v2\/types\/product"}],"replies":[{"embeddable":true,"href":"https:\/\/fermentis.com\/fr\/wp-json\/wp\/v2\/comments?post=28618"}],"wp:featuredmedia":[{"embeddable":true,"href":"https:\/\/fermentis.com\/fr\/wp-json\/wp\/v2\/media\/28232"}],"wp:attachment":[{"href":"https:\/\/fermentis.com\/fr\/wp-json\/wp\/v2\/media?parent=28618"}],"wp:term":[{"taxonomy":"product_brand","embeddable":true,"href":"https:\/\/fermentis.com\/fr\/wp-json\/wp\/v2\/product_brand?post=28618"},{"taxonomy":"product_cat","embeddable":true,"href":"https:\/\/fermentis.com\/fr\/wp-json\/wp\/v2\/product_cat?post=28618"},{"taxonomy":"product_tag","embeddable":true,"href":"https:\/\/fermentis.com\/fr\/wp-json\/wp\/v2\/product_tag?post=28618"}],"curies":[{"name":"wp","href":"https:\/\/api.w.org\/{rel}","templated":true}]}}