{"id":28625,"date":"2020-02-19T00:00:00","date_gmt":"2020-02-18T23:00:00","guid":{"rendered":"http:\/\/fermentis.com\/product\/safoeno-hd-s135\/"},"modified":"2026-04-16T10:31:23","modified_gmt":"2026-04-16T08:31:23","slug":"safoeno-hd-s135","status":"publish","type":"product","link":"https:\/\/fermentis.com\/fr\/produit\/safoeno-hd-s135\/","title":{"rendered":"Saf\u0152no\u2122 HD S135"},"content":{"rendered":"<div class=\"container section-title-container\" ><h2 class=\"section-title section-title-center\"><b aria-hidden=\"true\"><\/b><span class=\"section-title-main\" style=\"font-size:115%;\">POUR DES VINS ROUGES CORS\u00c9S ET SOUPLES<\/span><b aria-hidden=\"true\"><\/b><\/h2><\/div>\n<p><strong>Saf\u0152no\u2122 HD S135<\/strong>\u00a0is coming from the hybridization of two Lesaffre strains with the aim to combine their best characteristics towards polyphenols coating and resistance to difficult fermentation conditions for fruit driven middle ageing reds.<\/p>\n<p><strong>For still White &amp; Red wines. Dosage:<\/strong> 20 g\/hl<\/p>\n<p><strong>Ingredients:\u00a0<\/strong>yeast\u00a0<em>(Saccharomyces cerevisiae x Saccharomyces bayanus)<\/em>, emulsifier: E491 (sorbitan monostearate)<\/p>\n\t<div id=\"gap-1840824319\" class=\"gap-element clearfix\" style=\"display:block; height:auto;\">\n\t\t\n<style>\n#gap-1840824319 {\n  padding-top: 30px;\n}\n<\/style>\n\t<\/div>\n\t\n<div class=\"container section-title-container\" ><h3 class=\"section-title section-title-center\"><b aria-hidden=\"true\"><\/b><span class=\"section-title-main\" style=\"font-size:115%;\">Saf\u0152no\u2122 HD S135 - Caract\u00e9ristiques sensorielles <\/span><b aria-hidden=\"true\"><\/b><\/h3><\/div>\n\n\t\t<div class=\"tabbed-content\">\n\t\t\t\n\t\t\t<ul class=\"nav nav-tabs nav-uppercase nav-size-normal nav-left\" role=\"tablist\"><li id=\"tab-recommandations\" class=\"tab active has-icon\" role=\"presentation\"><a href=\"#tab_recommandations\" role=\"tab\" aria-selected=\"true\" aria-controls=\"tab_recommandations\"><span>Recommandations<\/span><\/a><\/li>\n<li id=\"tab-essai\" class=\"tab has-icon\" role=\"presentation\"><a href=\"#tab_essai\" tabindex=\"-1\" role=\"tab\" aria-selected=\"false\" aria-controls=\"tab_essai\"><span>Essai<\/span><\/a><\/li><\/ul><div class=\"tab-panels\"><div id=\"tab_recommandations\" class=\"panel active entry-content\" role=\"tabpanel\" aria-labelledby=\"tab-recommandations\">\n<h4>Rouges souples haut de gamme<\/h4>\n<p><br data-source=\"\n\">Saf\u0152no\u2122 HD S135 est recommand\u00e9e pour les vins rouges dont la puissance est accompagn\u00e9e d&#039;un profil soyeux. Cette souche extrait en effet parfaitement les polyph\u00e9nols du vin et elle a la capacit\u00e9 d&#039;apporter une structure ronde et bien \u00e9quilibr\u00e9e. Cette caract\u00e9ristique peut \u00e9galement \u00eatre am\u00e9lior\u00e9e gr\u00e2ce \u00e0 sa faible consommation d\u2019acide malique. Cela favorise le traitement du vin entre la fermentation alcoolique et la fermentation malolactique, comme la micro-oxyg\u00e9nation.<br data-source=\"\n\n\">\t<div id=\"gap-1200784709\" class=\"gap-element clearfix\" style=\"display:block; height:auto;\">\n\t\t\n<style>\n#gap-1200784709 {\n  padding-top: &quot;20px&quot;;\n}\n<\/style>\n\t<\/div>\n\t<br data-source=\"\n\"><\/p>\n<h4>Exalte les ar\u00f4mes<\/h4>\n<p><br data-source=\"\n\">Saf\u0152no\u2122 HD S135 favorise la production de rouges fruit\u00e9s, plut\u00f4t typ\u00e9s fruits rouges\/noirs m\u00fbrs. Elle est particuli\u00e8rement adapt\u00e9e aux c\u00e9pages tels que le Merlot, la Syrah, le Tempranillo, le Sangiovese et le Grenache<\/p>\n<\/div>\n<div id=\"tab_essai\" class=\"panel entry-content\" role=\"tabpanel\" aria-labelledby=\"tab-essai\">\n<p>Vall\u00e9e du Rh\u00f4ne &#8211; Syrah, 14,2% vol., vinification traditionnelle<\/p>\n\t<div class=\"img has-hover x md-x lg-x y md-y lg-y\" id=\"image_282622136\">\n\t\t\t\t\t\t\t\t<div class=\"img-inner dark\" >\n\t\t\t<img loading=\"lazy\" decoding=\"async\" width=\"635\" height=\"520\" src=\"https:\/\/fermentis.com\/wp-content\/uploads\/2020\/02\/safoeno-S135-profile.jpg\" class=\"attachment-large size-large\" alt=\"\" srcset=\"https:\/\/fermentis.com\/wp-content\/uploads\/2020\/02\/safoeno-S135-profile.jpg 635w, https:\/\/fermentis.com\/wp-content\/uploads\/2020\/02\/safoeno-S135-profile-600x491.jpg 600w, https:\/\/fermentis.com\/wp-content\/uploads\/2020\/02\/safoeno-S135-profile-300x246.jpg 300w\" sizes=\"auto, (max-width: 635px) 100vw, 635px\" \/>\t\t\t\t\t\t\n\t\t\t\t\t<\/div>\n\t\t\t\t\t\t\t\t\n<style>\n#image_282622136 {\n  width: 100%;\n}\n<\/style>\n\t<\/div>\n\t\n<p><strong>Saf\u0152no\u2122 HD S135<\/strong> amplifie les caract\u00e9ristiques sensorielles en donnant un vin tr\u00e8s color\u00e9 et souple avec des notes fruit\u00e9es intenses.<\/p>\n<p><br data-source=\"\n\n\"><br data-source=\"\n\">7 levures test\u00e9es<br \/><br data-source=\"\n\">7 d\u00e9gustateurs professionnels<br \/><br data-source=\"\n\">Seuil de signification : * &lt; 5 %, ** &lt; 1 %<\/p>\n<\/div><\/div><\/div>\n<div class=\"container section-title-container\" ><h3 class=\"section-title section-title-center\"><b aria-hidden=\"true\"><\/b><span class=\"section-title-main\" style=\"font-size:115%;\">Saf\u0152no\u2122 HD s135 - Caract\u00e9ristiques techniques <\/span><b aria-hidden=\"true\"><\/b><\/h3><\/div>\n\n\t\t<div class=\"tabbed-content\">\n\t\t\t\n\t\t\t<ul class=\"nav nav-tabs nav-uppercase nav-size-normal nav-left\" role=\"tablist\"><li id=\"tab-fermentation\" class=\"tab active has-icon\" role=\"presentation\"><a href=\"#tab_fermentation\" role=\"tab\" aria-selected=\"true\" aria-controls=\"tab_fermentation\"><span>Fermentation<\/span><\/a><\/li>\n<li id=\"tab-m\u00e9tabolique\" class=\"tab has-icon\" role=\"presentation\"><a href=\"#tab_m\u00e9tabolique\" tabindex=\"-1\" role=\"tab\" aria-selected=\"false\" aria-controls=\"tab_m\u00e9tabolique\"><span>M\u00e9tabolique<\/span><\/a><\/li>\n<li id=\"tab-easy-2-use\" class=\"tab has-icon\" role=\"presentation\"><a href=\"#tab_easy-2-use\" tabindex=\"-1\" role=\"tab\" aria-selected=\"false\" aria-controls=\"tab_easy-2-use\"><span>Easy 2 Use<\/span><\/a><\/li>\n<li id=\"tab-emballage-et-garantie\" class=\"tab has-icon\" role=\"presentation\"><a href=\"#tab_emballage-et-garantie\" tabindex=\"-1\" role=\"tab\" aria-selected=\"false\" aria-controls=\"tab_emballage-et-garantie\"><span>Emballage et garantie<\/span><\/a><\/li><\/ul><div class=\"tab-panels\"><div id=\"tab_fermentation\" class=\"panel active entry-content\" role=\"tabpanel\" aria-labelledby=\"tab-fermentation\">\n<p><br data-source=\"\n\n\">\u2192 D\u00e9part rapide en fermentation alcoolique et cin\u00e9tique rapide<br \/><br data-source=\"\n\">\u2192 Haute tol\u00e9rance \u00e0 l&#039;alcool : &gt;15% vol.<br \/><br data-source=\"\n\">\u2192 Temp\u00e9rature optimale de fermentation : 17\u00b0-24\u00b0C <br \/><br data-source=\"\n\">\u2192 Bonne assimilation du fructose<br \/><br data-source=\"\n\">\u2192 Faibles besoins en azote<br \/><br data-source=\"\n\n\"><\/p>\n<\/div>\n<div id=\"tab_m\u00e9tabolique\" class=\"panel entry-content\" role=\"tabpanel\" aria-labelledby=\"tab-m\u00e9tabolique\">\n<p>\u2192\u00a0Killer factor: neutral<br \/>\n\u2192\u00a0High polyphenol extraction with good<br \/>\n\u2192\u00a0Color stabilization<br \/>\n\u2192\u00a0Tannins quality and reactivity<br \/>\n\u2192\u00a0Medium-High glycerol production<br \/>\n\u2192\u00a0Low SO<sub>2<\/sub> combination<br \/>\n\u2192\u00a0High production of higher alcohols and esters<\/p>\n<\/div>\n<div id=\"tab_easy-2-use\" class=\"panel entry-content\" role=\"tabpanel\" aria-labelledby=\"tab-easy-2-use\">\n<br data-source=\"\n\"><\/p>\n<ul><br data-source=\"\n\"> \t<\/p>\n<li>Le savoir-faire de Lesaffre et l&#039;am\u00e9lioration continue des proc\u00e9d\u00e9s de production de levures permettent d&#039;obtenir <strong>une qualit\u00e9 exceptionnelle de levures s\u00e8ches capables de r\u00e9sister \u00e0 une tr\u00e8s vaste gamme d&#039;utilisation, \u00e0 froid ou sans r\u00e9hydratation, sans affecter leur vitalit\u00e9, leur profil cin\u00e9tique et\/ou analytique.<\/strong> Les \u0153nologues peuvent ainsi choisir les conditions d&#039;utilisation les mieux adapt\u00e9es \u00e0 leurs besoins, \u00e0 savoir : <br data-source=\"\n\">\n<ul><br data-source=\"\n\"> \t<\/p>\n<li><strong>Ensemencement direct :<\/strong> saupoudrer les levures \u00e0 la surface d&#039; <strong>au moins 10 fois leur poids de mo\u00fbt<\/strong> (\u00e9ventuellement directement du haut de la cuve ou lors du remplissage de la cuve apr\u00e8s d\u00e9bourbage pour les blancs et les ros\u00e9s). Remuez d\u00e9licatement pour \u00e9viter la formation d&#039;agr\u00e9gat ou les rompre.   <strong>Transf\u00e9rer imm\u00e9diatement dans la cuve par remontage avec a\u00e9ration<\/strong> (ou homog\u00e9n\u00e9iser le volume de la cuve).<\/li>\n<p><br data-source=\"\n\"> \t<\/p>\n<li><strong>Avec r\u00e9hydratation pr\u00e9alable :<\/strong> saupoudrer la levure \u00e0 la surface de <strong>10 fois son poids d&#039;eau du robinet \u00e0 temp\u00e9rature ambiante.<\/strong> Remuez d\u00e9licatement pour \u00e9viter la formation d&#039;agr\u00e9gat ou les rompre.   <strong>Attendre 20 minutes et transf\u00e9rer en cuve par un remontage avec a\u00e9ration.<\/strong><\/li>\n<p><br data-source=\"\n\"><\/ul>\n<p><br data-source=\"\n\"><\/li>\n<p><br data-source=\"\n\"><\/ul>\n<p><br data-source=\"\n\"><br \/>\n<\/div>\n<div id=\"tab_emballage-et-garantie\" class=\"panel entry-content\" role=\"tabpanel\" aria-labelledby=\"tab-emballage-et-garantie\">\n<br data-source=\"\n\"><\/p>\n<h4>Conditionnement<\/h4>\n<p><br data-source=\"\n\">Carton de 20 sachets sous vide de 500 g chacun (poids net du carton plein : 10 kg)<br \/><br data-source=\"\n\">Carton de 1 bo\u00eete sous vide de 10 kg (poids net bo\u00eete pleine : 10 kg).<br \/><br data-source=\"\n\"><\/p>\n<h4>Garantie<\/h4>\n<p><br data-source=\"\n\">Le taux \u00e9lev\u00e9 de mati\u00e8re s\u00e8che de nos levures assure une conservation optimale dans leur emballage d&#039;origine \u00e0 une temp\u00e9rature ne d\u00e9passant pas 20\u00b0C (pendant 3 ans) et inf\u00e9rieure \u00e0 10\u00b0C pour une conservation prolong\u00e9e (4 ans). Fermentis garantit que le produit est conforme au Codex \u0152nologique International jusqu&#039;\u00e0 sa Date Limite d&#039;Utilisation Optimale dans les conditions de stockage mentionn\u00e9es ci-dessus.<\/p>\n<p><br data-source=\"\n\n\"><em>Chaque levure Fermentis est d\u00e9velopp\u00e9e selon un sch\u00e9ma de production sp\u00e9cifique et b\u00e9n\u00e9ficie du savoir-faire du groupe Lesaffre, leader mondial de la fabrication de levures. Ceci garantit la plus grande puret\u00e9 microbiologique et une activit\u00e9 de fermentation maximale.<\/em><br data-source=\"\n\n\"><\/p>\n<\/div><\/div><\/div>\n\t<div id=\"gap-88467446\" class=\"gap-element clearfix\" style=\"display:block; height:auto;\">\n\t\t\n<style>\n#gap-88467446 {\n  padding-top: 30px;\n}\n<\/style>\n\t<\/div>\n\t<br data-source=\"\n\n\"><i>Les donn\u00e9es contenues dans cette fiche technique sont la transcription exacte de nos connaissances du produit \u00e0 la date mentionn\u00e9e. Elles sont la propri\u00e9t\u00e9 exclusive de Fermentis-Division de SILesaffre. Il est de la responsabilit\u00e9 de l&#039;utilisateur de s&#039;assurer que l&#039;utilisation de ce produit particulier est conforme \u00e0 la l\u00e9gislation.<\/i><\/p>\n","protected":false},"excerpt":{"rendered":"<p>Pour des vins rouges cors\u00e9s et souples<\/p>\n","protected":false},"featured_media":28136,"comment_status":"closed","ping_status":"closed","template":"","meta":{"_acf_changed":false},"product_brand":[],"product_cat":[288,289,287],"product_tag":[1153,1151,1152],"class_list":{"0":"post-28625","1":"product","2":"type-product","3":"status-publish","4":"has-post-thumbnail","6":"product_cat-levure-seche-active-vinification","7":"product_cat-safoeno-fr-2","8":"product_cat-vinification","9":"product_tag-hd-s-135-fr","10":"product_tag-hd-s135-fr","11":"product_tag-hds135-fr","12":"pa_fermentation-temperature-14-fr","13":"pa_fermentation-temperature-30-fr","14":"pa_kinetics-rapide","15":"pa_max-alcohol-16-fr","16":"pa_nutrients-need-faible","17":"pa_red-fruity-profile-fruits-murs","18":"pa_roundness-eleve","19":"pa_structure-fort","20":"pa_wine-color-rouge","22":"first","23":"instock","24":"shipping-taxable","25":"product-type-simple"},"acf":[],"yoast_head":"<!-- This site is optimized with the Yoast SEO Premium plugin v27.4 (Yoast SEO v27.4) - https:\/\/yoast.com\/product\/yoast-seo-premium-wordpress\/ -->\n<title>SafOeno HD S135 - Levure pour vins rouges cors\u00e9s - Fermentis<\/title>\n<meta name=\"description\" content=\"La levure \u0153nologique Fermentis SafOeno HD S135 est id\u00e9ale pour produire des vins rouges cors\u00e9s et fruit\u00e9s, m\u00eame dans des conditions de fermentation difficiles.\" \/>\n<meta name=\"robots\" content=\"index, follow, max-snippet:-1, max-image-preview:large, max-video-preview:-1\" \/>\n<link rel=\"canonical\" href=\"https:\/\/fermentis.com\/fr\/produit\/safoeno-hd-s135\/\" \/>\n<meta property=\"og:locale\" content=\"fr_FR\" \/>\n<meta property=\"og:type\" content=\"article\" \/>\n<meta property=\"og:title\" content=\"Saf\u0152no\u2122 HD S135\" \/>\n<meta property=\"og:description\" content=\"La levure \u0153nologique Fermentis SafOeno HD S135 est id\u00e9ale pour produire des vins rouges cors\u00e9s et fruit\u00e9s, m\u00eame dans des conditions de fermentation difficiles.\" \/>\n<meta property=\"og:url\" content=\"https:\/\/fermentis.com\/fr\/produit\/safoeno-hd-s135\/\" \/>\n<meta property=\"og:site_name\" content=\"Fermentis\" \/>\n<meta property=\"article:publisher\" content=\"https:\/\/www.facebook.com\/Fermentis\" \/>\n<meta property=\"article:modified_time\" content=\"2026-04-16T08:31:23+00:00\" \/>\n<meta property=\"og:image\" content=\"https:\/\/fermentis.com\/wp-content\/uploads\/2020\/10\/safoeno-hds135.jpg\" \/>\n\t<meta property=\"og:image:width\" content=\"1200\" \/>\n\t<meta property=\"og:image:height\" content=\"1200\" \/>\n\t<meta property=\"og:image:type\" content=\"image\/jpeg\" \/>\n<meta name=\"twitter:card\" content=\"summary_large_image\" \/>\n<meta name=\"twitter:site\" content=\"@fermentis\" \/>\n<meta name=\"twitter:label1\" content=\"Prix\" \/>\n\t<meta name=\"twitter:data1\" content=\"\" \/>\n\t<meta name=\"twitter:label2\" content=\"Disponibilit\u00e9\" \/>\n\t<meta name=\"twitter:data2\" content=\"En stock\" \/>\n<script type=\"application\/ld+json\" class=\"yoast-schema-graph\">{\"@context\":\"https:\\\/\\\/schema.org\",\"@graph\":[{\"@type\":\"WebPage\",\"@id\":\"https:\\\/\\\/fermentis.com\\\/fr\\\/produit\\\/safoeno-hd-s135\\\/\",\"url\":\"https:\\\/\\\/fermentis.com\\\/fr\\\/produit\\\/safoeno-hd-s135\\\/\",\"name\":\"SafOeno HD S135 - Levure pour vins rouges cors\u00e9s - Fermentis\",\"isPartOf\":{\"@id\":\"https:\\\/\\\/fermentis.com\\\/fr\\\/#website\"},\"primaryImageOfPage\":{\"@id\":\"https:\\\/\\\/fermentis.com\\\/fr\\\/produit\\\/safoeno-hd-s135\\\/#primaryimage\"},\"image\":{\"@id\":\"https:\\\/\\\/fermentis.com\\\/fr\\\/produit\\\/safoeno-hd-s135\\\/#primaryimage\"},\"thumbnailUrl\":\"https:\\\/\\\/fermentis.com\\\/wp-content\\\/uploads\\\/2020\\\/10\\\/safoeno-hds135.jpg\",\"datePublished\":\"2020-02-18T23:00:00+00:00\",\"dateModified\":\"2026-04-16T08:31:23+00:00\",\"description\":\"La levure \u0153nologique Fermentis SafOeno HD S135 est id\u00e9ale pour produire des vins rouges cors\u00e9s et fruit\u00e9s, m\u00eame dans des conditions de fermentation difficiles.\",\"breadcrumb\":{\"@id\":\"https:\\\/\\\/fermentis.com\\\/fr\\\/produit\\\/safoeno-hd-s135\\\/#breadcrumb\"},\"inLanguage\":\"fr-FR\",\"potentialAction\":[{\"@type\":\"ReadAction\",\"target\":[\"https:\\\/\\\/fermentis.com\\\/fr\\\/produit\\\/safoeno-hd-s135\\\/\"]}]},{\"@type\":\"ImageObject\",\"inLanguage\":\"fr-FR\",\"@id\":\"https:\\\/\\\/fermentis.com\\\/fr\\\/produit\\\/safoeno-hd-s135\\\/#primaryimage\",\"url\":\"https:\\\/\\\/fermentis.com\\\/wp-content\\\/uploads\\\/2020\\\/10\\\/safoeno-hds135.jpg\",\"contentUrl\":\"https:\\\/\\\/fermentis.com\\\/wp-content\\\/uploads\\\/2020\\\/10\\\/safoeno-hds135.jpg\",\"width\":1200,\"height\":1200,\"caption\":\"SafOeno HD S135 Levure s\u00e8che active pour viticulteurs par Fermentis\"},{\"@type\":\"BreadcrumbList\",\"@id\":\"https:\\\/\\\/fermentis.com\\\/fr\\\/produit\\\/safoeno-hd-s135\\\/#breadcrumb\",\"itemListElement\":[{\"@type\":\"ListItem\",\"position\":1,\"name\":\"Home\",\"item\":\"https:\\\/\\\/fermentis.com\\\/fr\\\/\"},{\"@type\":\"ListItem\",\"position\":2,\"name\":\"Produits\"},{\"@type\":\"ListItem\",\"position\":3,\"name\":\"Vinification\",\"item\":\"https:\\\/\\\/fermentis.com\\\/fr\\\/fermentation\\\/vinification\\\/\"},{\"@type\":\"ListItem\",\"position\":4,\"name\":\"Saf\u0152no\u2122 HD S135\"}]},{\"@type\":\"WebSite\",\"@id\":\"https:\\\/\\\/fermentis.com\\\/fr\\\/#website\",\"url\":\"https:\\\/\\\/fermentis.com\\\/fr\\\/\",\"name\":\"Fermentis\",\"description\":\"Un site utilisant WordPress\",\"publisher\":{\"@id\":\"https:\\\/\\\/fermentis.com\\\/fr\\\/#organization\"},\"potentialAction\":[{\"@type\":\"SearchAction\",\"target\":{\"@type\":\"EntryPoint\",\"urlTemplate\":\"https:\\\/\\\/fermentis.com\\\/fr\\\/?s={search_term_string}\"},\"query-input\":{\"@type\":\"PropertyValueSpecification\",\"valueRequired\":true,\"valueName\":\"search_term_string\"}}],\"inLanguage\":\"fr-FR\"},{\"@type\":\"Organization\",\"@id\":\"https:\\\/\\\/fermentis.com\\\/fr\\\/#organization\",\"name\":\"Fermentis\",\"url\":\"https:\\\/\\\/fermentis.com\\\/fr\\\/\",\"logo\":{\"@type\":\"ImageObject\",\"inLanguage\":\"fr-FR\",\"@id\":\"https:\\\/\\\/fermentis.com\\\/fr\\\/#\\\/schema\\\/logo\\\/image\\\/\",\"url\":\"https:\\\/\\\/fermentis.com\\\/wp-content\\\/uploads\\\/2021\\\/07\\\/Logo-Fermentis-5.png\",\"contentUrl\":\"https:\\\/\\\/fermentis.com\\\/wp-content\\\/uploads\\\/2021\\\/07\\\/Logo-Fermentis-5.png\",\"width\":308,\"height\":95,\"caption\":\"Fermentis\"},\"image\":{\"@id\":\"https:\\\/\\\/fermentis.com\\\/fr\\\/#\\\/schema\\\/logo\\\/image\\\/\"},\"sameAs\":[\"https:\\\/\\\/www.facebook.com\\\/Fermentis\",\"https:\\\/\\\/x.com\\\/fermentis\",\"https:\\\/\\\/www.instagram.com\\\/fermentisbylesaffre\\\/\",\"https:\\\/\\\/www.linkedin.com\\\/company\\\/fermentis\\\/\",\"https:\\\/\\\/www.youtube.com\\\/channel\\\/UCt_Lp3IZnUNXZeqSi6iiAdA\"]}]}<\/script>\n<meta property=\"product:price:currency\" content=\"GBP\" \/>\n<meta property=\"og:availability\" content=\"instock\" \/>\n<meta property=\"product:availability\" content=\"instock\" \/>\n<meta property=\"product:condition\" content=\"new\" \/>\n<!-- \/ Yoast SEO Premium plugin. -->","yoast_head_json":{"title":"SafOeno HD S135 - Levure pour vins rouges cors\u00e9s - Fermentis","description":"La levure \u0153nologique Fermentis SafOeno HD S135 est id\u00e9ale pour produire des vins rouges cors\u00e9s et fruit\u00e9s, m\u00eame dans des conditions de fermentation difficiles.","robots":{"index":"index","follow":"follow","max-snippet":"max-snippet:-1","max-image-preview":"max-image-preview:large","max-video-preview":"max-video-preview:-1"},"canonical":"https:\/\/fermentis.com\/fr\/produit\/safoeno-hd-s135\/","og_locale":"fr_FR","og_type":"article","og_title":"Saf\u0152no\u2122 HD S135","og_description":"La levure \u0153nologique Fermentis SafOeno HD S135 est id\u00e9ale pour produire des vins rouges cors\u00e9s et fruit\u00e9s, m\u00eame dans des conditions de fermentation difficiles.","og_url":"https:\/\/fermentis.com\/fr\/produit\/safoeno-hd-s135\/","og_site_name":"Fermentis","article_publisher":"https:\/\/www.facebook.com\/Fermentis","article_modified_time":"2026-04-16T08:31:23+00:00","og_image":[{"width":1200,"height":1200,"url":"https:\/\/fermentis.com\/wp-content\/uploads\/2020\/10\/safoeno-hds135.jpg","type":"image\/jpeg"}],"twitter_card":"summary_large_image","twitter_site":"@fermentis","twitter_misc":{"Prix":"","Disponibilit\u00e9":"En stock"},"schema":{"@context":"https:\/\/schema.org","@graph":[{"@type":"WebPage","@id":"https:\/\/fermentis.com\/fr\/produit\/safoeno-hd-s135\/","url":"https:\/\/fermentis.com\/fr\/produit\/safoeno-hd-s135\/","name":"SafOeno HD S135 - Levure pour vins rouges cors\u00e9s - Fermentis","isPartOf":{"@id":"https:\/\/fermentis.com\/fr\/#website"},"primaryImageOfPage":{"@id":"https:\/\/fermentis.com\/fr\/produit\/safoeno-hd-s135\/#primaryimage"},"image":{"@id":"https:\/\/fermentis.com\/fr\/produit\/safoeno-hd-s135\/#primaryimage"},"thumbnailUrl":"https:\/\/fermentis.com\/wp-content\/uploads\/2020\/10\/safoeno-hds135.jpg","datePublished":"2020-02-18T23:00:00+00:00","dateModified":"2026-04-16T08:31:23+00:00","description":"La levure \u0153nologique Fermentis SafOeno HD S135 est id\u00e9ale pour produire des vins rouges cors\u00e9s et fruit\u00e9s, m\u00eame dans des conditions de fermentation difficiles.","breadcrumb":{"@id":"https:\/\/fermentis.com\/fr\/produit\/safoeno-hd-s135\/#breadcrumb"},"inLanguage":"fr-FR","potentialAction":[{"@type":"ReadAction","target":["https:\/\/fermentis.com\/fr\/produit\/safoeno-hd-s135\/"]}]},{"@type":"ImageObject","inLanguage":"fr-FR","@id":"https:\/\/fermentis.com\/fr\/produit\/safoeno-hd-s135\/#primaryimage","url":"https:\/\/fermentis.com\/wp-content\/uploads\/2020\/10\/safoeno-hds135.jpg","contentUrl":"https:\/\/fermentis.com\/wp-content\/uploads\/2020\/10\/safoeno-hds135.jpg","width":1200,"height":1200,"caption":"SafOeno HD S135 Levure s\u00e8che active pour viticulteurs par Fermentis"},{"@type":"BreadcrumbList","@id":"https:\/\/fermentis.com\/fr\/produit\/safoeno-hd-s135\/#breadcrumb","itemListElement":[{"@type":"ListItem","position":1,"name":"Home","item":"https:\/\/fermentis.com\/fr\/"},{"@type":"ListItem","position":2,"name":"Produits"},{"@type":"ListItem","position":3,"name":"Vinification","item":"https:\/\/fermentis.com\/fr\/fermentation\/vinification\/"},{"@type":"ListItem","position":4,"name":"Saf\u0152no\u2122 HD S135"}]},{"@type":"WebSite","@id":"https:\/\/fermentis.com\/fr\/#website","url":"https:\/\/fermentis.com\/fr\/","name":"Fermentis","description":"Un site utilisant WordPress","publisher":{"@id":"https:\/\/fermentis.com\/fr\/#organization"},"potentialAction":[{"@type":"SearchAction","target":{"@type":"EntryPoint","urlTemplate":"https:\/\/fermentis.com\/fr\/?s={search_term_string}"},"query-input":{"@type":"PropertyValueSpecification","valueRequired":true,"valueName":"search_term_string"}}],"inLanguage":"fr-FR"},{"@type":"Organization","@id":"https:\/\/fermentis.com\/fr\/#organization","name":"Fermentis","url":"https:\/\/fermentis.com\/fr\/","logo":{"@type":"ImageObject","inLanguage":"fr-FR","@id":"https:\/\/fermentis.com\/fr\/#\/schema\/logo\/image\/","url":"https:\/\/fermentis.com\/wp-content\/uploads\/2021\/07\/Logo-Fermentis-5.png","contentUrl":"https:\/\/fermentis.com\/wp-content\/uploads\/2021\/07\/Logo-Fermentis-5.png","width":308,"height":95,"caption":"Fermentis"},"image":{"@id":"https:\/\/fermentis.com\/fr\/#\/schema\/logo\/image\/"},"sameAs":["https:\/\/www.facebook.com\/Fermentis","https:\/\/x.com\/fermentis","https:\/\/www.instagram.com\/fermentisbylesaffre\/","https:\/\/www.linkedin.com\/company\/fermentis\/","https:\/\/www.youtube.com\/channel\/UCt_Lp3IZnUNXZeqSi6iiAdA"]}]},"product_price_currency":"GBP","og_availability":"instock","product_availability":"instock","product_condition":"new"},"_links":{"self":[{"href":"https:\/\/fermentis.com\/fr\/wp-json\/wp\/v2\/product\/28625","targetHints":{"allow":["GET"]}}],"collection":[{"href":"https:\/\/fermentis.com\/fr\/wp-json\/wp\/v2\/product"}],"about":[{"href":"https:\/\/fermentis.com\/fr\/wp-json\/wp\/v2\/types\/product"}],"replies":[{"embeddable":true,"href":"https:\/\/fermentis.com\/fr\/wp-json\/wp\/v2\/comments?post=28625"}],"wp:featuredmedia":[{"embeddable":true,"href":"https:\/\/fermentis.com\/fr\/wp-json\/wp\/v2\/media\/28136"}],"wp:attachment":[{"href":"https:\/\/fermentis.com\/fr\/wp-json\/wp\/v2\/media?parent=28625"}],"wp:term":[{"taxonomy":"product_brand","embeddable":true,"href":"https:\/\/fermentis.com\/fr\/wp-json\/wp\/v2\/product_brand?post=28625"},{"taxonomy":"product_cat","embeddable":true,"href":"https:\/\/fermentis.com\/fr\/wp-json\/wp\/v2\/product_cat?post=28625"},{"taxonomy":"product_tag","embeddable":true,"href":"https:\/\/fermentis.com\/fr\/wp-json\/wp\/v2\/product_tag?post=28625"}],"curies":[{"name":"wp","href":"https:\/\/api.w.org\/{rel}","templated":true}]}}