{"id":28633,"date":"2020-04-23T00:00:00","date_gmt":"2020-04-22T22:00:00","guid":{"rendered":"http:\/\/fermentis.com\/product\/springferm-equilibre\/"},"modified":"2026-04-02T11:15:44","modified_gmt":"2026-04-02T09:15:44","slug":"springferm-equilibre","status":"publish","type":"product","link":"https:\/\/fermentis.com\/fr\/produit\/springferm-equilibre\/","title":{"rendered":"SpringFerm\u2122 Equilibre"},"content":{"rendered":"<div class=\"container section-title-container\" ><h2 class=\"section-title section-title-center\"><b aria-hidden=\"true\"><\/b><span class=\"section-title-main\" style=\"font-size:115%;\">UNE NUTRITION COMPL\u00c8TE POUR VOTRE LEVURE<\/span><b aria-hidden=\"true\"><\/b><\/h2><\/div>\n<p><strong>SpringFerm\u2122 Equilibre<\/strong> est un activateur de fermentation complexe bas\u00e9 sur les synergies de l&#039;azote organique et min\u00e9ral. Sa formule a \u00e9t\u00e9 sp\u00e9cifiquement \u00e9tudi\u00e9e pour optimiser ses effets sur la croissance et la survie des levures, ce qui en fait une d\u00e9fense nutritionnelle de choix contre les fermentations bloqu\u00e9es ou lentes.<\/p>\n\t<div id=\"gap-1462592507\" class=\"gap-element clearfix\" style=\"display:block; height:auto;\">\n\t\t\n<style>\n#gap-1462592507 {\n  padding-top: 30px;\n}\n<\/style>\n\t<\/div>\n\t\n<div class=\"container section-title-container\" ><h3 class=\"section-title section-title-center\"><b aria-hidden=\"true\"><\/b><span class=\"section-title-main\" style=\"font-size:115%;\">SPRINGFERM\u2122 EQUILIBRE - Caract\u00e9ristiques techniques <\/span><b aria-hidden=\"true\"><\/b><\/h3><\/div>\n\n\t\t<div class=\"tabbed-content\">\n\t\t\t\n\t\t\t<ul class=\"nav nav-tabs nav-uppercase nav-size-normal nav-left\" role=\"tablist\"><li id=\"tab-propri\u00e9t\u00e9s\" class=\"tab active has-icon\" role=\"presentation\"><a href=\"#tab_propri\u00e9t\u00e9s\" role=\"tab\" aria-selected=\"true\" aria-controls=\"tab_propri\u00e9t\u00e9s\"><span>Propri\u00e9t\u00e9s<\/span><\/a><\/li>\n<li id=\"tab-dosage-et-utilisation\" class=\"tab has-icon\" role=\"presentation\"><a href=\"#tab_dosage-et-utilisation\" tabindex=\"-1\" role=\"tab\" aria-selected=\"false\" aria-controls=\"tab_dosage-et-utilisation\"><span>Dosage et utilisation<\/span><\/a><\/li>\n<li id=\"tab-emballage-&amp;-garantie\" class=\"tab has-icon\" role=\"presentation\"><a href=\"#tab_emballage-&amp;-garantie\" tabindex=\"-1\" role=\"tab\" aria-selected=\"false\" aria-controls=\"tab_emballage-&amp;-garantie\"><span>Emballage &amp; garantie<\/span><\/a><\/li><\/ul><div class=\"tab-panels\"><div id=\"tab_propri\u00e9t\u00e9s\" class=\"panel active entry-content\" role=\"tabpanel\" aria-labelledby=\"tab-propri\u00e9t\u00e9s\">\n<h4>Assimilation am\u00e9lior\u00e9e des compos\u00e9s azot\u00e9s<\/h4>\n<p>Avec sa teneur en phosphate diammonique (DAP) qui le rend riche en azote min\u00e9ral et sa teneur en acides amin\u00e9s qui le rend <strong>riche en azote<\/strong> organique, la formule sp\u00e9ciale de SpringFerm\u2122 Equilibre am\u00e9liore l&#039;assimilation de l&#039;azote min\u00e9ral par rapport \u00e0 l&#039;utilisation du DAP seul. <strong>SpringFerm\u2122 Equilibre fournit 17mg\/L d&#039;azote min\u00e9ral assimilable<\/strong> pour un dosage produit de 20g\/hl. <\/p>\n<p>SpringFerm\u2122 Equilibre diminue les risques de d\u00e9viations organoleptiques (acidit\u00e9 volatile, H<sub>2<\/sub>S) et favorise la production d&#039;alcools secondaires et de leurs esters.<\/p>\n<h4>Apports en facteurs de survie<\/h4>\n<p>SpringFerm\u2122 Equilibre est riche en acides gras et en st\u00e9rols n\u00e9cessaires \u00e0 la survie des levures. Une dose de 20 g\/hl apporte jusqu&#039;\u00e0 13 mg\/L de substance lipidique pour la reconstitution de la membrane cellulaire. Cet apport assure l&#039;int\u00e9grit\u00e9 de la paroi cellulaire lors des fermentations les plus p\u00e9nibles : degr\u00e9 alcoolique \u00e9lev\u00e9, raret\u00e9 des nutriments durant le processus de fermentation, etc&#8230;<\/p>\n<p><strong>SpringFerm\u2122 Equilibre contient naturellement 0,6 mg\/L de Thiamine<\/strong> pour un apport de 20g\/hl, suffisant pour augmenter de 20% la population viable et acc\u00e9l\u00e9rer la fermentation des sucres.<\/p>\n<h4>R\u00f4le de soutien &amp; d\u00e9toxifiant<\/h4>\n<p><strong>Riche en parois cellulaires de levure Springcell, SpringFerm\u2122 Equilibre<\/strong> permet la d\u00e9toxification des mo\u00fbts et joue un r\u00f4le de soutien sur les mo\u00fbts hautement clarifi\u00e9s.<\/p>\n<\/div>\n<div id=\"tab_dosage-et-utilisation\" class=\"panel entry-content\" role=\"tabpanel\" aria-labelledby=\"tab-dosage-et-utilisation\">\n<h4>Dosage<\/h4>\n<p><em><strong>SpringFerm\u2122 Equilibre doit \u00eatre incorpor\u00e9 d\u00e8s l&#039;inoculation des levures pour jouer son r\u00f4le nutritif \u00e0 un dosage de 15 \u00e0 20 g\/hl.<\/strong><\/em><\/p>\n<p>Attention : <em><strong>SpringFerm\u2122 Equilibre<\/strong><\/em> ne doit pas \u00eatre l\u00e9galement utilis\u00e9 \u00e0 plus de 20g\/hl en raison de sa teneur \u00e9lev\u00e9e en thiamine. Il contient \u00e9galement du phosphate de diammonium et des \u00e9corces de levure soumises \u00e9galement aux limites l\u00e9gales d&#039;utilisation qui doivent \u00eatre prises en compte pour d&#039;\u00e9ventuels approvisionnements suppl\u00e9mentaires. Du phosphate de diammonium peut \u00eatre ajout\u00e9 (10-30g\/hl) simultan\u00e9ment au SpringFerm\u2122 Equilibre en cas de mo\u00fbt d\u00e9ficient en azote (&lt;180mg\/l).<br \/>\nEn cas de fermentation difficile, du phosphate de diammonium et\/ou des \u00e9corces de levure, dans la limite de 10 \u00e0 20 g\/hl, peuvent \u00e9galement \u00eatre ajout\u00e9s entre la troisi\u00e8me et la mi-fermentation (densit\u00e9 1 050 \u00e0 1 040). Pour toute autre utilisation, contacter Fermentis.<br \/>\nPensez \u00e0 v\u00e9rifier les limites l\u00e9gales applicables dans votre pays tout en tenant compte de vos propres conditions d&#039;utilisation des produits.<\/p>\n<\/div>\n<div id=\"tab_emballage-&amp;-garantie\" class=\"panel entry-content\" role=\"tabpanel\" aria-labelledby=\"tab-emballage-&amp;-garantie\">\n<h4>Conditionnement<\/h4>\n<p>Carton de 20 sachets sous vide de 500 g chacun (Poids net du carton plein : 10 kg).<\/p>\n<h4>Garantie<\/h4>\n<p>Le pourcentage \u00e9lev\u00e9 de mati\u00e8re s\u00e8che de nos levures permet une conservation optimale dans leur emballage d&#039;origine \u00e0 une temp\u00e9rature inf\u00e9rieure \u00e0 20\u00b0C (pendant 3 ans) et inf\u00e9rieure \u00e0 10\u00b0C pour une conservation prolong\u00e9e (4 ans). <\/p>\n<p>Fermentis garantit que le produit sera conforme au Codex \u0152nologique International jusqu&#039;\u00e0 sa date limite d&#039;utilisation optimale s&#039;il aura \u00e9t\u00e9 conserv\u00e9 dans les conditions de stockage mentionn\u00e9es ci-dessus. <\/p>\n<p>Chaque levure Fermentis est d\u00e9velopp\u00e9e selon un sch\u00e9ma de production sp\u00e9cifique et b\u00e9n\u00e9ficie du savoir-faire du groupe Lesaffre, leader mondial de la fabrication de levures. Cela garantit la plus grande puret\u00e9 microbiologique et une activit\u00e9 de fermentation maximale.<\/p>\n<\/div><\/div><\/div>\n\t<div id=\"gap-1472195452\" class=\"gap-element clearfix\" style=\"display:block; height:auto;\">\n\t\t\n<style>\n#gap-1472195452 {\n  padding-top: 30px;\n}\n<\/style>\n\t<\/div>\n\t\n<p><i>Les donn\u00e9es contenues dans cette fiche technique sont la transcription exacte de nos connaissances du produit \u00e0 la date mentionn\u00e9e. Ils sont la propri\u00e9t\u00e9 exclusive de Fermentis-Division de SILesaffre. Il est de la responsabilit\u00e9 de l&#039;utilisateur de s&#039;assurer que l&#039;utilisation de ce produit particulier est conforme \u00e0 la l\u00e9gislation.<\/i><\/p>\n","protected":false},"excerpt":{"rendered":"<p>Une nutrition compl\u00e8te pour votre levure<\/p>\n","protected":false},"featured_media":28247,"comment_status":"closed","ping_status":"closed","template":"","meta":{"_acf_changed":false},"product_brand":[],"product_cat":[299,300,287],"product_tag":[979,978,977,980,981],"class_list":{"0":"post-28633","1":"product","2":"type-product","3":"status-publish","4":"has-post-thumbnail","6":"product_cat-aide-fermentation-vin","7":"product_cat-springferm-fermentation-aids-wine-making-fr","8":"product_cat-vinification","9":"product_tag-equilibre-fr","10":"product_tag-spring-ferm-fr","11":"product_tag-springferm-fr","12":"product_tag-springferm-equilibre-fr","13":"product_tag-springfermequilibre-fr","15":"first","16":"instock","17":"shipping-taxable","18":"product-type-simple"},"acf":[],"yoast_head":"<!-- This site is optimized with the Yoast SEO Premium plugin v27.3 (Yoast SEO v27.3) - https:\/\/yoast.com\/product\/yoast-seo-premium-wordpress\/ -->\n<title>SpringFerm Equilibre - Aide \u00e0 la fermentation du vin - Fermentis<\/title>\n<meta name=\"description\" content=\"L&#039;aide \u00e0 la fermentation du vin Fermentis SpringFerm Equilibre optimise la croissance et la survie des levures et r\u00e9duit les fermentations bloqu\u00e9es ou lentes.\" \/>\n<meta name=\"robots\" content=\"index, follow, max-snippet:-1, max-image-preview:large, max-video-preview:-1\" \/>\n<link rel=\"canonical\" href=\"https:\/\/fermentis.com\/fr\/produit\/springferm-equilibre\/\" \/>\n<meta property=\"og:locale\" content=\"fr_FR\" \/>\n<meta property=\"og:type\" content=\"article\" \/>\n<meta property=\"og:title\" content=\"SpringFerm\u2122 Equilibre\" \/>\n<meta property=\"og:description\" content=\"L&#039;aide \u00e0 la fermentation du vin Fermentis SpringFerm Equilibre optimise la croissance et la survie des levures et r\u00e9duit les fermentations bloqu\u00e9es ou lentes.\" \/>\n<meta property=\"og:url\" content=\"https:\/\/fermentis.com\/fr\/produit\/springferm-equilibre\/\" \/>\n<meta property=\"og:site_name\" content=\"Fermentis\" \/>\n<meta property=\"article:publisher\" content=\"https:\/\/www.facebook.com\/Fermentis\" \/>\n<meta property=\"article:modified_time\" content=\"2026-04-02T09:15:44+00:00\" \/>\n<meta property=\"og:image\" content=\"https:\/\/fermentis.com\/wp-content\/uploads\/2020\/10\/springferm-equilibre.jpg\" \/>\n\t<meta property=\"og:image:width\" content=\"1200\" \/>\n\t<meta property=\"og:image:height\" content=\"1200\" \/>\n\t<meta property=\"og:image:type\" content=\"image\/jpeg\" \/>\n<meta name=\"twitter:card\" content=\"summary_large_image\" \/>\n<meta name=\"twitter:site\" content=\"@fermentis\" \/>\n<meta name=\"twitter:label1\" content=\"Prix\" \/>\n\t<meta name=\"twitter:data1\" content=\"\" \/>\n\t<meta name=\"twitter:label2\" content=\"Disponibilit\u00e9\" \/>\n\t<meta name=\"twitter:data2\" content=\"En stock\" \/>\n<script type=\"application\/ld+json\" class=\"yoast-schema-graph\">{\"@context\":\"https:\\\/\\\/schema.org\",\"@graph\":[{\"@type\":\"WebPage\",\"@id\":\"https:\\\/\\\/fermentis.com\\\/fr\\\/produit\\\/springferm-equilibre\\\/\",\"url\":\"https:\\\/\\\/fermentis.com\\\/fr\\\/produit\\\/springferm-equilibre\\\/\",\"name\":\"SpringFerm Equilibre - Aide \u00e0 la fermentation du vin - Fermentis\",\"isPartOf\":{\"@id\":\"https:\\\/\\\/fermentis.com\\\/fr\\\/#website\"},\"primaryImageOfPage\":{\"@id\":\"https:\\\/\\\/fermentis.com\\\/fr\\\/produit\\\/springferm-equilibre\\\/#primaryimage\"},\"image\":{\"@id\":\"https:\\\/\\\/fermentis.com\\\/fr\\\/produit\\\/springferm-equilibre\\\/#primaryimage\"},\"thumbnailUrl\":\"https:\\\/\\\/fermentis.com\\\/wp-content\\\/uploads\\\/2020\\\/10\\\/springferm-equilibre.jpg\",\"datePublished\":\"2020-04-22T22:00:00+00:00\",\"dateModified\":\"2026-04-02T09:15:44+00:00\",\"description\":\"L'aide \u00e0 la fermentation du vin Fermentis SpringFerm Equilibre optimise la croissance et la survie des levures et r\u00e9duit les fermentations bloqu\u00e9es ou lentes.\",\"breadcrumb\":{\"@id\":\"https:\\\/\\\/fermentis.com\\\/fr\\\/produit\\\/springferm-equilibre\\\/#breadcrumb\"},\"inLanguage\":\"fr-FR\",\"potentialAction\":[{\"@type\":\"ReadAction\",\"target\":[\"https:\\\/\\\/fermentis.com\\\/fr\\\/produit\\\/springferm-equilibre\\\/\"]}]},{\"@type\":\"ImageObject\",\"inLanguage\":\"fr-FR\",\"@id\":\"https:\\\/\\\/fermentis.com\\\/fr\\\/produit\\\/springferm-equilibre\\\/#primaryimage\",\"url\":\"https:\\\/\\\/fermentis.com\\\/wp-content\\\/uploads\\\/2020\\\/10\\\/springferm-equilibre.jpg\",\"contentUrl\":\"https:\\\/\\\/fermentis.com\\\/wp-content\\\/uploads\\\/2020\\\/10\\\/springferm-equilibre.jpg\",\"width\":1200,\"height\":1200,\"caption\":\"SpringFerm Equilibre Aide \u00e0 la fermentation \u0153nologique parFermentis\"},{\"@type\":\"BreadcrumbList\",\"@id\":\"https:\\\/\\\/fermentis.com\\\/fr\\\/produit\\\/springferm-equilibre\\\/#breadcrumb\",\"itemListElement\":[{\"@type\":\"ListItem\",\"position\":1,\"name\":\"Home\",\"item\":\"https:\\\/\\\/fermentis.com\\\/fr\\\/\"},{\"@type\":\"ListItem\",\"position\":2,\"name\":\"Produits\"},{\"@type\":\"ListItem\",\"position\":3,\"name\":\"Vinification\",\"item\":\"https:\\\/\\\/fermentis.com\\\/fr\\\/fermentation\\\/vinification\\\/\"},{\"@type\":\"ListItem\",\"position\":4,\"name\":\"Aide \u00e0 la fermentation\",\"item\":\"https:\\\/\\\/fermentis.com\\\/fr\\\/fermentation\\\/vinification\\\/aide-fermentation-vin\\\/\"},{\"@type\":\"ListItem\",\"position\":5,\"name\":\"SpringFerm\u2122 Equilibre\"}]},{\"@type\":\"WebSite\",\"@id\":\"https:\\\/\\\/fermentis.com\\\/fr\\\/#website\",\"url\":\"https:\\\/\\\/fermentis.com\\\/fr\\\/\",\"name\":\"Fermentis\",\"description\":\"Un site utilisant WordPress\",\"publisher\":{\"@id\":\"https:\\\/\\\/fermentis.com\\\/fr\\\/#organization\"},\"potentialAction\":[{\"@type\":\"SearchAction\",\"target\":{\"@type\":\"EntryPoint\",\"urlTemplate\":\"https:\\\/\\\/fermentis.com\\\/fr\\\/?s={search_term_string}\"},\"query-input\":{\"@type\":\"PropertyValueSpecification\",\"valueRequired\":true,\"valueName\":\"search_term_string\"}}],\"inLanguage\":\"fr-FR\"},{\"@type\":\"Organization\",\"@id\":\"https:\\\/\\\/fermentis.com\\\/fr\\\/#organization\",\"name\":\"Fermentis\",\"url\":\"https:\\\/\\\/fermentis.com\\\/fr\\\/\",\"logo\":{\"@type\":\"ImageObject\",\"inLanguage\":\"fr-FR\",\"@id\":\"https:\\\/\\\/fermentis.com\\\/fr\\\/#\\\/schema\\\/logo\\\/image\\\/\",\"url\":\"https:\\\/\\\/fermentis.com\\\/wp-content\\\/uploads\\\/2021\\\/07\\\/Logo-Fermentis-5.png\",\"contentUrl\":\"https:\\\/\\\/fermentis.com\\\/wp-content\\\/uploads\\\/2021\\\/07\\\/Logo-Fermentis-5.png\",\"width\":308,\"height\":95,\"caption\":\"Fermentis\"},\"image\":{\"@id\":\"https:\\\/\\\/fermentis.com\\\/fr\\\/#\\\/schema\\\/logo\\\/image\\\/\"},\"sameAs\":[\"https:\\\/\\\/www.facebook.com\\\/Fermentis\",\"https:\\\/\\\/x.com\\\/fermentis\",\"https:\\\/\\\/www.instagram.com\\\/fermentisbylesaffre\\\/\",\"https:\\\/\\\/www.linkedin.com\\\/company\\\/fermentis\\\/\",\"https:\\\/\\\/www.youtube.com\\\/channel\\\/UCt_Lp3IZnUNXZeqSi6iiAdA\"]}]}<\/script>\n<meta property=\"product:price:currency\" content=\"GBP\" \/>\n<meta property=\"og:availability\" content=\"instock\" \/>\n<meta property=\"product:availability\" content=\"instock\" \/>\n<meta property=\"product:condition\" content=\"new\" \/>\n<!-- \/ Yoast SEO Premium plugin. -->","yoast_head_json":{"title":"SpringFerm Equilibre - Aide \u00e0 la fermentation du vin - Fermentis","description":"L'aide \u00e0 la fermentation du vin Fermentis SpringFerm Equilibre optimise la croissance et la survie des levures et r\u00e9duit les fermentations bloqu\u00e9es ou lentes.","robots":{"index":"index","follow":"follow","max-snippet":"max-snippet:-1","max-image-preview":"max-image-preview:large","max-video-preview":"max-video-preview:-1"},"canonical":"https:\/\/fermentis.com\/fr\/produit\/springferm-equilibre\/","og_locale":"fr_FR","og_type":"article","og_title":"SpringFerm\u2122 Equilibre","og_description":"L'aide \u00e0 la fermentation du vin Fermentis SpringFerm Equilibre optimise la croissance et la survie des levures et r\u00e9duit les fermentations bloqu\u00e9es ou lentes.","og_url":"https:\/\/fermentis.com\/fr\/produit\/springferm-equilibre\/","og_site_name":"Fermentis","article_publisher":"https:\/\/www.facebook.com\/Fermentis","article_modified_time":"2026-04-02T09:15:44+00:00","og_image":[{"width":1200,"height":1200,"url":"https:\/\/fermentis.com\/wp-content\/uploads\/2020\/10\/springferm-equilibre.jpg","type":"image\/jpeg"}],"twitter_card":"summary_large_image","twitter_site":"@fermentis","twitter_misc":{"Prix":"","Disponibilit\u00e9":"En stock"},"schema":{"@context":"https:\/\/schema.org","@graph":[{"@type":"WebPage","@id":"https:\/\/fermentis.com\/fr\/produit\/springferm-equilibre\/","url":"https:\/\/fermentis.com\/fr\/produit\/springferm-equilibre\/","name":"SpringFerm Equilibre - Aide \u00e0 la fermentation du vin - Fermentis","isPartOf":{"@id":"https:\/\/fermentis.com\/fr\/#website"},"primaryImageOfPage":{"@id":"https:\/\/fermentis.com\/fr\/produit\/springferm-equilibre\/#primaryimage"},"image":{"@id":"https:\/\/fermentis.com\/fr\/produit\/springferm-equilibre\/#primaryimage"},"thumbnailUrl":"https:\/\/fermentis.com\/wp-content\/uploads\/2020\/10\/springferm-equilibre.jpg","datePublished":"2020-04-22T22:00:00+00:00","dateModified":"2026-04-02T09:15:44+00:00","description":"L'aide \u00e0 la fermentation du vin Fermentis SpringFerm Equilibre optimise la croissance et la survie des levures et r\u00e9duit les fermentations bloqu\u00e9es ou lentes.","breadcrumb":{"@id":"https:\/\/fermentis.com\/fr\/produit\/springferm-equilibre\/#breadcrumb"},"inLanguage":"fr-FR","potentialAction":[{"@type":"ReadAction","target":["https:\/\/fermentis.com\/fr\/produit\/springferm-equilibre\/"]}]},{"@type":"ImageObject","inLanguage":"fr-FR","@id":"https:\/\/fermentis.com\/fr\/produit\/springferm-equilibre\/#primaryimage","url":"https:\/\/fermentis.com\/wp-content\/uploads\/2020\/10\/springferm-equilibre.jpg","contentUrl":"https:\/\/fermentis.com\/wp-content\/uploads\/2020\/10\/springferm-equilibre.jpg","width":1200,"height":1200,"caption":"SpringFerm Equilibre Aide \u00e0 la fermentation \u0153nologique parFermentis"},{"@type":"BreadcrumbList","@id":"https:\/\/fermentis.com\/fr\/produit\/springferm-equilibre\/#breadcrumb","itemListElement":[{"@type":"ListItem","position":1,"name":"Home","item":"https:\/\/fermentis.com\/fr\/"},{"@type":"ListItem","position":2,"name":"Produits"},{"@type":"ListItem","position":3,"name":"Vinification","item":"https:\/\/fermentis.com\/fr\/fermentation\/vinification\/"},{"@type":"ListItem","position":4,"name":"Aide \u00e0 la fermentation","item":"https:\/\/fermentis.com\/fr\/fermentation\/vinification\/aide-fermentation-vin\/"},{"@type":"ListItem","position":5,"name":"SpringFerm\u2122 Equilibre"}]},{"@type":"WebSite","@id":"https:\/\/fermentis.com\/fr\/#website","url":"https:\/\/fermentis.com\/fr\/","name":"Fermentis","description":"Un site utilisant WordPress","publisher":{"@id":"https:\/\/fermentis.com\/fr\/#organization"},"potentialAction":[{"@type":"SearchAction","target":{"@type":"EntryPoint","urlTemplate":"https:\/\/fermentis.com\/fr\/?s={search_term_string}"},"query-input":{"@type":"PropertyValueSpecification","valueRequired":true,"valueName":"search_term_string"}}],"inLanguage":"fr-FR"},{"@type":"Organization","@id":"https:\/\/fermentis.com\/fr\/#organization","name":"Fermentis","url":"https:\/\/fermentis.com\/fr\/","logo":{"@type":"ImageObject","inLanguage":"fr-FR","@id":"https:\/\/fermentis.com\/fr\/#\/schema\/logo\/image\/","url":"https:\/\/fermentis.com\/wp-content\/uploads\/2021\/07\/Logo-Fermentis-5.png","contentUrl":"https:\/\/fermentis.com\/wp-content\/uploads\/2021\/07\/Logo-Fermentis-5.png","width":308,"height":95,"caption":"Fermentis"},"image":{"@id":"https:\/\/fermentis.com\/fr\/#\/schema\/logo\/image\/"},"sameAs":["https:\/\/www.facebook.com\/Fermentis","https:\/\/x.com\/fermentis","https:\/\/www.instagram.com\/fermentisbylesaffre\/","https:\/\/www.linkedin.com\/company\/fermentis\/","https:\/\/www.youtube.com\/channel\/UCt_Lp3IZnUNXZeqSi6iiAdA"]}]},"product_price_currency":"GBP","og_availability":"instock","product_availability":"instock","product_condition":"new"},"_links":{"self":[{"href":"https:\/\/fermentis.com\/fr\/wp-json\/wp\/v2\/product\/28633","targetHints":{"allow":["GET"]}}],"collection":[{"href":"https:\/\/fermentis.com\/fr\/wp-json\/wp\/v2\/product"}],"about":[{"href":"https:\/\/fermentis.com\/fr\/wp-json\/wp\/v2\/types\/product"}],"replies":[{"embeddable":true,"href":"https:\/\/fermentis.com\/fr\/wp-json\/wp\/v2\/comments?post=28633"}],"wp:featuredmedia":[{"embeddable":true,"href":"https:\/\/fermentis.com\/fr\/wp-json\/wp\/v2\/media\/28247"}],"wp:attachment":[{"href":"https:\/\/fermentis.com\/fr\/wp-json\/wp\/v2\/media?parent=28633"}],"wp:term":[{"taxonomy":"product_brand","embeddable":true,"href":"https:\/\/fermentis.com\/fr\/wp-json\/wp\/v2\/product_brand?post=28633"},{"taxonomy":"product_cat","embeddable":true,"href":"https:\/\/fermentis.com\/fr\/wp-json\/wp\/v2\/product_cat?post=28633"},{"taxonomy":"product_tag","embeddable":true,"href":"https:\/\/fermentis.com\/fr\/wp-json\/wp\/v2\/product_tag?post=28633"}],"curies":[{"name":"wp","href":"https:\/\/api.w.org\/{rel}","templated":true}]}}