{"id":28634,"date":"2020-04-24T00:00:00","date_gmt":"2020-04-23T22:00:00","guid":{"rendered":"http:\/\/fermentis.com\/product\/springferm\/"},"modified":"2026-04-20T10:58:27","modified_gmt":"2026-04-20T08:58:27","slug":"springferm","status":"publish","type":"product","link":"https:\/\/fermentis.com\/fr\/produit\/springferm\/","title":{"rendered":"SpringFerm\u2122"},"content":{"rendered":"<div class=\"container section-title-container\" ><h2 class=\"section-title section-title-center\"><b aria-hidden=\"true\"><\/b><span class=\"section-title-main\" style=\"font-size:115%;\">Nutriment polyvalent de fermentation <\/span><b aria-hidden=\"true\"><\/b><\/h2><\/div>\n<p><strong>SpringFerm<\/strong>\u2122 est un activateur de fermentation \u00e0 base de levures partiellement autolys\u00e9es, environ 3 fois plus riche en azote assimilable que la simple levure inactiv\u00e9e. Issu directement de levure, il apporte acides amin\u00e9s, st\u00e9rols, min\u00e9raux et vitamines. Une carence de ces compos\u00e9s peut \u00eatre entra\u00eener une fermentation languissante.<\/p>\n\t<div id=\"gap-180957018\" class=\"gap-element clearfix\" style=\"display:block; height:auto;\">\n\t\t\n<style>\n#gap-180957018 {\n  padding-top: 30px;\n}\n<\/style>\n\t<\/div>\n\t\n<div class=\"container section-title-container\" ><h3 class=\"section-title section-title-center\"><b aria-hidden=\"true\"><\/b><span class=\"section-title-main\" style=\"font-size:115%;\">SPRINGFERM\u2122 - Caract\u00e9ristiques techniques<\/span><b aria-hidden=\"true\"><\/b><\/h3><\/div>\n\n\t\t<div class=\"tabbed-content\">\n\t\t\t\n\t\t\t<ul class=\"nav nav-tabs nav-uppercase nav-size-normal nav-left\" role=\"tablist\"><li id=\"tab-propri\u00e9t\u00e9s\" class=\"tab active has-icon\" role=\"presentation\"><a href=\"#tab_propri\u00e9t\u00e9s\" role=\"tab\" aria-selected=\"true\" aria-controls=\"tab_propri\u00e9t\u00e9s\"><span>Propri\u00e9t\u00e9s<\/span><\/a><\/li>\n<li id=\"tab-essai\" class=\"tab has-icon\" role=\"presentation\"><a href=\"#tab_essai\" tabindex=\"-1\" role=\"tab\" aria-selected=\"false\" aria-controls=\"tab_essai\"><span>Essai<\/span><\/a><\/li>\n<li id=\"tab-dosage-et-utilisation\" class=\"tab has-icon\" role=\"presentation\"><a href=\"#tab_dosage-et-utilisation\" tabindex=\"-1\" role=\"tab\" aria-selected=\"false\" aria-controls=\"tab_dosage-et-utilisation\"><span>Dosage et utilisation<\/span><\/a><\/li>\n<li id=\"tab-emballage-&amp;-garantie\" class=\"tab has-icon\" role=\"presentation\"><a href=\"#tab_emballage-&amp;-garantie\" tabindex=\"-1\" role=\"tab\" aria-selected=\"false\" aria-controls=\"tab_emballage-&amp;-garantie\"><span>Emballage &amp; garantie<\/span><\/a><\/li><\/ul><div class=\"tab-panels\"><div id=\"tab_propri\u00e9t\u00e9s\" class=\"panel active entry-content\" role=\"tabpanel\" aria-labelledby=\"tab-propri\u00e9t\u00e9s\">\n<h4>Effet synergique entre l&#039;azote min\u00e9ral et organique<\/h4>\n<p>L&#039;azote organique am\u00e9liore l&#039;assimilation de l&#039;ammonium; un apport de SpringFerm\u2122 en compl\u00e9ment d&#039;une source d&#039;azote min\u00e9ral (phosphate diammonique DAP) optimisera la nutrition des levures.<\/p>\n<h4>Gestion de la quantit\u00e9 d&#039;azote organique<\/h4>\n<p>SpringFerm\u2122 est un activateur 100% d&#039;origine naturelle. Il s&#039;agit d&#039;une source d&#039;azote amin\u00e9 qui permet de ma\u00eetriser l&#039;\u00e9quilibre entre l&#039;azote organique et min\u00e9ral du mo\u00fbt. Sa richesse en nucl\u00e9otides et en acides amin\u00e9s essentiels (acide glutamique, asparagine, leucine, lysine, s\u00e9rine) est fondamentale pour la synth\u00e8se des prot\u00e9ines.<\/p>\n<h4>Richesse en facteurs de survie (ergost\u00e9rols)<\/h4>\n<p>SpringFerm\u2122 contient 20% de parois cellulaires de levure riches en lipides et notamment en ergost\u00e9rols, consid\u00e9r\u00e9s comme des substituts d&#039;oxyg\u00e8ne en conditions ana\u00e9robies strictes. Elles sont n\u00e9cessaires pour assurer la r\u00e9sistance \u00e0 l\u2019\u00e9thanol de la membrane et sa perm\u00e9abilit\u00e9 aux glucides.<\/p>\n<h4>Apport en vitamines<\/h4>\n<p>SpringFerm\u2122 contient naturellement jusqu&#039;\u00e0 600 mg\/kg de thiamine. Une dose suffisante pour satisfaire les besoins des levures et pour \u00e9viter la production de niveaux \u00e9lev\u00e9s de SO<sub>2<\/sub> et d&#039;acide ac\u00e9tique. De plus, SpringFerm\u2122 est riche en acide folique, en pantoth\u00e9nate de calcium et en niacine.<\/p>\n<h4>Effet de support<\/h4>\n<p>La partie insoluble de SpringFerm\u2122 joue un r\u00f4le de support pour les mo\u00fbts trop clarifi\u00e9s. La turbidit\u00e9 augmente sans d\u00e9viations organoleptiques, qui auraient pu provenir des bourbes.<\/p>\n<\/div>\n<div id=\"tab_essai\" class=\"panel entry-content\" role=\"tabpanel\" aria-labelledby=\"tab-essai\">\n<h4><strong>Mo\u00fbt de Carignan 2012, 12,8% vol., APA initial : 102 ppm, SO<sub>2<\/sub> libre\/total : 36\/70 ppm<\/strong><\/h4>\n<p><em>A l&#039;inoculation des levures : DAP 24g\/hl (bleu) ou DAP 24g\/hl + SpringFerm 20g\/hl (rouge)<\/em><br \/>\n<em>\u00c0 1 055 : DAP 24 g\/hl (bleu) ou DAP 24 g\/hl + SpringFerm 20 g\/hl (rouge)<\/em><\/p>\n<p>L&#039;apport <strong>de SpringFerm<\/strong><strong>\u2122<\/strong> par rapport au \u00ab seul DAP \u00bb a permis de s\u00e9curiser la fermentation dans des conditions difficiles.<\/p>\n<\/div>\n<div id=\"tab_dosage-et-utilisation\" class=\"panel entry-content\" role=\"tabpanel\" aria-labelledby=\"tab-dosage-et-utilisation\">\n<h4>Dosage<\/h4>\n<p><em><b>20g\/hl de SpringFerm\u2122 pour un apport \u00e9quivalent \u00e0 10 ppm d&#039;azote organique assimilable<\/b><\/em><\/p>\n<p>Il est recommand\u00e9 de calculer la quantit\u00e9 optimale d&#039;azote \u00e0 ajouter pendant la fermentation en fonction de la levure choisie et de la quantit\u00e9 d&#039;azote assimilable dans le mo\u00fbt. Afin d&#039;avoir une nutrition compl\u00e8te, il est recommand\u00e9 d&#039;apporter du SpringFerm\u2122 (dosage habituel de 20 g\/hl) en association ou non avec du DAP entre le premier tiers et mi-fermentation, si le mo\u00fbt est initialement l\u00e9g\u00e8rement carenc\u00e9 en YAN.<br \/>\nDans le cas d&#039;un mo\u00fbt tr\u00e8s clarifi\u00e9, l&#039;ajout de SpringFerm\u2122 doit \u00eatre effectu\u00e9 lors de l&#039;ensemencement des levures et renouvel\u00e9 entre le premier tiers et mi-fermentation.<\/p>\n<\/div>\n<div id=\"tab_emballage-&amp;-garantie\" class=\"panel entry-content\" role=\"tabpanel\" aria-labelledby=\"tab-emballage-&amp;-garantie\">\n<h4>Conditionnement<\/h4>\n<p>Carton de 10 emballages sous vide de 1 kg chacun (poids net du carton plein : 10 kg).<br \/>\n1 sac de 10 kg<br \/>\n1 sac de 25 kg<\/p>\n<h4>Garantie<\/h4>\n<p>Le pourcentage \u00e9lev\u00e9 de mati\u00e8re s\u00e8che de nos levures permet une conservation optimale dans leur emballage d&#039;origine \u00e0 une temp\u00e9rature inf\u00e9rieure \u00e0 20\u00b0C (pendant 3 ans) et inf\u00e9rieure \u00e0 10\u00b0C pour une conservation prolong\u00e9e (4 ans). <\/p>\n<p>Fermentis garantit que le produit sera conforme au Codex \u0152nologique International jusqu&#039;\u00e0 sa date limite d&#039;utilisation optimale s&#039;il aura \u00e9t\u00e9 conserv\u00e9 dans les conditions de stockage mentionn\u00e9es ci-dessus. <\/p>\n<p>Chaque levure Fermentis est d\u00e9velopp\u00e9e selon un sch\u00e9ma de production sp\u00e9cifique et b\u00e9n\u00e9ficie du savoir-faire du groupe Lesaffre, leader mondial de la fabrication de levures. Ceci garantit la plus grande puret\u00e9 microbiologique et une activit\u00e9 de fermentation maximale.<\/p>\n<\/div><\/div><\/div>\n\t<div id=\"gap-606620224\" class=\"gap-element clearfix\" style=\"display:block; height:auto;\">\n\t\t\n<style>\n#gap-606620224 {\n  padding-top: 30px;\n}\n<\/style>\n\t<\/div>\n\t\n<p><i>Les donn\u00e9es contenues dans cette fiche technique sont la transcription exacte de nos connaissances du produit \u00e0 la date mentionn\u00e9e. Elles sont la propri\u00e9t\u00e9 exclusive de Fermentis-Division de S.I. Lesaffre. L&#039;utilisateur doit s&#039;assurer que ce produit est conforme \u00e0 la l\u00e9gislation en vigueur pour l\u2019utilisation qu\u2019il souhaite en faire<\/i><\/p>\n","protected":false},"excerpt":{"rendered":"<p>Nutriment polyvalent de fermentation <\/p>\n","protected":false},"featured_media":28253,"comment_status":"closed","ping_status":"closed","template":"","meta":{"_acf_changed":false},"product_brand":[],"product_cat":[299,300,287],"product_tag":[978,977],"class_list":{"0":"post-28634","1":"product","2":"type-product","3":"status-publish","4":"has-post-thumbnail","6":"product_cat-aide-fermentation-vin","7":"product_cat-springferm-fermentation-aids-wine-making-fr","8":"product_cat-vinification","9":"product_tag-spring-ferm-fr","10":"product_tag-springferm-fr","12":"first","13":"instock","14":"shipping-taxable","15":"product-type-simple"},"acf":[],"yoast_head":"<!-- This site is optimized with the Yoast SEO Premium plugin v27.4 (Yoast SEO v27.4) - https:\/\/yoast.com\/product\/yoast-seo-premium-wordpress\/ -->\n<title>SpringFerm - Auxiliaire de vinification polyvalent - Fermentis<\/title>\n<meta name=\"description\" content=\"L&#039;auxiliaire de vinification Fermentis SpringFerm est id\u00e9al pour apporter au vin des acides amin\u00e9s, des st\u00e9rols, des min\u00e9raux et des vitamines, pour garantir une fermentation compl\u00e8te.\" \/>\n<meta name=\"robots\" content=\"index, follow, max-snippet:-1, max-image-preview:large, max-video-preview:-1\" \/>\n<link rel=\"canonical\" href=\"https:\/\/fermentis.com\/fr\/produit\/springferm\/\" \/>\n<meta property=\"og:locale\" content=\"fr_FR\" \/>\n<meta property=\"og:type\" content=\"article\" \/>\n<meta property=\"og:title\" content=\"SpringFerm\u2122\" \/>\n<meta property=\"og:description\" content=\"L&#039;auxiliaire de vinification Fermentis SpringFerm est id\u00e9al pour apporter au vin des acides amin\u00e9s, des st\u00e9rols, des min\u00e9raux et des vitamines, pour garantir une fermentation compl\u00e8te.\" \/>\n<meta property=\"og:url\" content=\"https:\/\/fermentis.com\/fr\/produit\/springferm\/\" \/>\n<meta property=\"og:site_name\" content=\"Fermentis\" \/>\n<meta property=\"article:publisher\" content=\"https:\/\/www.facebook.com\/Fermentis\" \/>\n<meta property=\"article:modified_time\" content=\"2026-04-20T08:58:27+00:00\" \/>\n<meta property=\"og:image\" content=\"https:\/\/fermentis.com\/wp-content\/uploads\/2020\/10\/springferm.jpg\" \/>\n\t<meta property=\"og:image:width\" content=\"1200\" \/>\n\t<meta property=\"og:image:height\" content=\"1200\" \/>\n\t<meta property=\"og:image:type\" content=\"image\/jpeg\" \/>\n<meta name=\"twitter:card\" content=\"summary_large_image\" \/>\n<meta name=\"twitter:site\" content=\"@fermentis\" \/>\n<meta name=\"twitter:label1\" content=\"Prix\" \/>\n\t<meta name=\"twitter:data1\" content=\"\" \/>\n\t<meta name=\"twitter:label2\" content=\"Disponibilit\u00e9\" \/>\n\t<meta name=\"twitter:data2\" content=\"En stock\" \/>\n<script type=\"application\/ld+json\" class=\"yoast-schema-graph\">{\"@context\":\"https:\\\/\\\/schema.org\",\"@graph\":[{\"@type\":\"WebPage\",\"@id\":\"https:\\\/\\\/fermentis.com\\\/fr\\\/produit\\\/springferm\\\/\",\"url\":\"https:\\\/\\\/fermentis.com\\\/fr\\\/produit\\\/springferm\\\/\",\"name\":\"SpringFerm - Auxiliaire de vinification polyvalent - Fermentis\",\"isPartOf\":{\"@id\":\"https:\\\/\\\/fermentis.com\\\/fr\\\/#website\"},\"primaryImageOfPage\":{\"@id\":\"https:\\\/\\\/fermentis.com\\\/fr\\\/produit\\\/springferm\\\/#primaryimage\"},\"image\":{\"@id\":\"https:\\\/\\\/fermentis.com\\\/fr\\\/produit\\\/springferm\\\/#primaryimage\"},\"thumbnailUrl\":\"https:\\\/\\\/fermentis.com\\\/wp-content\\\/uploads\\\/2020\\\/10\\\/springferm.jpg\",\"datePublished\":\"2020-04-23T22:00:00+00:00\",\"dateModified\":\"2026-04-20T08:58:27+00:00\",\"description\":\"L'auxiliaire de vinification Fermentis SpringFerm est id\u00e9al pour apporter au vin des acides amin\u00e9s, des st\u00e9rols, des min\u00e9raux et des vitamines, pour garantir une fermentation compl\u00e8te.\",\"breadcrumb\":{\"@id\":\"https:\\\/\\\/fermentis.com\\\/fr\\\/produit\\\/springferm\\\/#breadcrumb\"},\"inLanguage\":\"fr-FR\",\"potentialAction\":[{\"@type\":\"ReadAction\",\"target\":[\"https:\\\/\\\/fermentis.com\\\/fr\\\/produit\\\/springferm\\\/\"]}]},{\"@type\":\"ImageObject\",\"inLanguage\":\"fr-FR\",\"@id\":\"https:\\\/\\\/fermentis.com\\\/fr\\\/produit\\\/springferm\\\/#primaryimage\",\"url\":\"https:\\\/\\\/fermentis.com\\\/wp-content\\\/uploads\\\/2020\\\/10\\\/springferm.jpg\",\"contentUrl\":\"https:\\\/\\\/fermentis.com\\\/wp-content\\\/uploads\\\/2020\\\/10\\\/springferm.jpg\",\"width\":1200,\"height\":1200,\"caption\":\"SpringFerm Aide \u00e0 la fermentation pour viticulteurs par Fermentis\"},{\"@type\":\"BreadcrumbList\",\"@id\":\"https:\\\/\\\/fermentis.com\\\/fr\\\/produit\\\/springferm\\\/#breadcrumb\",\"itemListElement\":[{\"@type\":\"ListItem\",\"position\":1,\"name\":\"Home\",\"item\":\"https:\\\/\\\/fermentis.com\\\/fr\\\/\"},{\"@type\":\"ListItem\",\"position\":2,\"name\":\"Produits\"},{\"@type\":\"ListItem\",\"position\":3,\"name\":\"Vinification\",\"item\":\"https:\\\/\\\/fermentis.com\\\/fr\\\/fermentation\\\/vinification\\\/\"},{\"@type\":\"ListItem\",\"position\":4,\"name\":\"Aide \u00e0 la fermentation\",\"item\":\"https:\\\/\\\/fermentis.com\\\/fr\\\/fermentation\\\/vinification\\\/aide-fermentation-vin\\\/\"},{\"@type\":\"ListItem\",\"position\":5,\"name\":\"SpringFerm\u2122\"}]},{\"@type\":\"WebSite\",\"@id\":\"https:\\\/\\\/fermentis.com\\\/fr\\\/#website\",\"url\":\"https:\\\/\\\/fermentis.com\\\/fr\\\/\",\"name\":\"Fermentis\",\"description\":\"Un site utilisant WordPress\",\"publisher\":{\"@id\":\"https:\\\/\\\/fermentis.com\\\/fr\\\/#organization\"},\"potentialAction\":[{\"@type\":\"SearchAction\",\"target\":{\"@type\":\"EntryPoint\",\"urlTemplate\":\"https:\\\/\\\/fermentis.com\\\/fr\\\/?s={search_term_string}\"},\"query-input\":{\"@type\":\"PropertyValueSpecification\",\"valueRequired\":true,\"valueName\":\"search_term_string\"}}],\"inLanguage\":\"fr-FR\"},{\"@type\":\"Organization\",\"@id\":\"https:\\\/\\\/fermentis.com\\\/fr\\\/#organization\",\"name\":\"Fermentis\",\"url\":\"https:\\\/\\\/fermentis.com\\\/fr\\\/\",\"logo\":{\"@type\":\"ImageObject\",\"inLanguage\":\"fr-FR\",\"@id\":\"https:\\\/\\\/fermentis.com\\\/fr\\\/#\\\/schema\\\/logo\\\/image\\\/\",\"url\":\"https:\\\/\\\/fermentis.com\\\/wp-content\\\/uploads\\\/2021\\\/07\\\/Logo-Fermentis-5.png\",\"contentUrl\":\"https:\\\/\\\/fermentis.com\\\/wp-content\\\/uploads\\\/2021\\\/07\\\/Logo-Fermentis-5.png\",\"width\":308,\"height\":95,\"caption\":\"Fermentis\"},\"image\":{\"@id\":\"https:\\\/\\\/fermentis.com\\\/fr\\\/#\\\/schema\\\/logo\\\/image\\\/\"},\"sameAs\":[\"https:\\\/\\\/www.facebook.com\\\/Fermentis\",\"https:\\\/\\\/x.com\\\/fermentis\",\"https:\\\/\\\/www.instagram.com\\\/fermentisbylesaffre\\\/\",\"https:\\\/\\\/www.linkedin.com\\\/company\\\/fermentis\\\/\",\"https:\\\/\\\/www.youtube.com\\\/channel\\\/UCt_Lp3IZnUNXZeqSi6iiAdA\"]}]}<\/script>\n<meta property=\"product:price:currency\" content=\"GBP\" \/>\n<meta property=\"og:availability\" content=\"instock\" \/>\n<meta property=\"product:availability\" content=\"instock\" \/>\n<meta property=\"product:condition\" content=\"new\" \/>\n<!-- \/ Yoast SEO Premium plugin. -->","yoast_head_json":{"title":"SpringFerm - Auxiliaire de vinification polyvalent - Fermentis","description":"L'auxiliaire de vinification Fermentis SpringFerm est id\u00e9al pour apporter au vin des acides amin\u00e9s, des st\u00e9rols, des min\u00e9raux et des vitamines, pour garantir une fermentation compl\u00e8te.","robots":{"index":"index","follow":"follow","max-snippet":"max-snippet:-1","max-image-preview":"max-image-preview:large","max-video-preview":"max-video-preview:-1"},"canonical":"https:\/\/fermentis.com\/fr\/produit\/springferm\/","og_locale":"fr_FR","og_type":"article","og_title":"SpringFerm\u2122","og_description":"L'auxiliaire de vinification Fermentis SpringFerm est id\u00e9al pour apporter au vin des acides amin\u00e9s, des st\u00e9rols, des min\u00e9raux et des vitamines, pour garantir une fermentation compl\u00e8te.","og_url":"https:\/\/fermentis.com\/fr\/produit\/springferm\/","og_site_name":"Fermentis","article_publisher":"https:\/\/www.facebook.com\/Fermentis","article_modified_time":"2026-04-20T08:58:27+00:00","og_image":[{"width":1200,"height":1200,"url":"https:\/\/fermentis.com\/wp-content\/uploads\/2020\/10\/springferm.jpg","type":"image\/jpeg"}],"twitter_card":"summary_large_image","twitter_site":"@fermentis","twitter_misc":{"Prix":"","Disponibilit\u00e9":"En stock"},"schema":{"@context":"https:\/\/schema.org","@graph":[{"@type":"WebPage","@id":"https:\/\/fermentis.com\/fr\/produit\/springferm\/","url":"https:\/\/fermentis.com\/fr\/produit\/springferm\/","name":"SpringFerm - Auxiliaire de vinification polyvalent - Fermentis","isPartOf":{"@id":"https:\/\/fermentis.com\/fr\/#website"},"primaryImageOfPage":{"@id":"https:\/\/fermentis.com\/fr\/produit\/springferm\/#primaryimage"},"image":{"@id":"https:\/\/fermentis.com\/fr\/produit\/springferm\/#primaryimage"},"thumbnailUrl":"https:\/\/fermentis.com\/wp-content\/uploads\/2020\/10\/springferm.jpg","datePublished":"2020-04-23T22:00:00+00:00","dateModified":"2026-04-20T08:58:27+00:00","description":"L'auxiliaire de vinification Fermentis SpringFerm est id\u00e9al pour apporter au vin des acides amin\u00e9s, des st\u00e9rols, des min\u00e9raux et des vitamines, pour garantir une fermentation compl\u00e8te.","breadcrumb":{"@id":"https:\/\/fermentis.com\/fr\/produit\/springferm\/#breadcrumb"},"inLanguage":"fr-FR","potentialAction":[{"@type":"ReadAction","target":["https:\/\/fermentis.com\/fr\/produit\/springferm\/"]}]},{"@type":"ImageObject","inLanguage":"fr-FR","@id":"https:\/\/fermentis.com\/fr\/produit\/springferm\/#primaryimage","url":"https:\/\/fermentis.com\/wp-content\/uploads\/2020\/10\/springferm.jpg","contentUrl":"https:\/\/fermentis.com\/wp-content\/uploads\/2020\/10\/springferm.jpg","width":1200,"height":1200,"caption":"SpringFerm Aide \u00e0 la fermentation pour viticulteurs par Fermentis"},{"@type":"BreadcrumbList","@id":"https:\/\/fermentis.com\/fr\/produit\/springferm\/#breadcrumb","itemListElement":[{"@type":"ListItem","position":1,"name":"Home","item":"https:\/\/fermentis.com\/fr\/"},{"@type":"ListItem","position":2,"name":"Produits"},{"@type":"ListItem","position":3,"name":"Vinification","item":"https:\/\/fermentis.com\/fr\/fermentation\/vinification\/"},{"@type":"ListItem","position":4,"name":"Aide \u00e0 la fermentation","item":"https:\/\/fermentis.com\/fr\/fermentation\/vinification\/aide-fermentation-vin\/"},{"@type":"ListItem","position":5,"name":"SpringFerm\u2122"}]},{"@type":"WebSite","@id":"https:\/\/fermentis.com\/fr\/#website","url":"https:\/\/fermentis.com\/fr\/","name":"Fermentis","description":"Un site utilisant WordPress","publisher":{"@id":"https:\/\/fermentis.com\/fr\/#organization"},"potentialAction":[{"@type":"SearchAction","target":{"@type":"EntryPoint","urlTemplate":"https:\/\/fermentis.com\/fr\/?s={search_term_string}"},"query-input":{"@type":"PropertyValueSpecification","valueRequired":true,"valueName":"search_term_string"}}],"inLanguage":"fr-FR"},{"@type":"Organization","@id":"https:\/\/fermentis.com\/fr\/#organization","name":"Fermentis","url":"https:\/\/fermentis.com\/fr\/","logo":{"@type":"ImageObject","inLanguage":"fr-FR","@id":"https:\/\/fermentis.com\/fr\/#\/schema\/logo\/image\/","url":"https:\/\/fermentis.com\/wp-content\/uploads\/2021\/07\/Logo-Fermentis-5.png","contentUrl":"https:\/\/fermentis.com\/wp-content\/uploads\/2021\/07\/Logo-Fermentis-5.png","width":308,"height":95,"caption":"Fermentis"},"image":{"@id":"https:\/\/fermentis.com\/fr\/#\/schema\/logo\/image\/"},"sameAs":["https:\/\/www.facebook.com\/Fermentis","https:\/\/x.com\/fermentis","https:\/\/www.instagram.com\/fermentisbylesaffre\/","https:\/\/www.linkedin.com\/company\/fermentis\/","https:\/\/www.youtube.com\/channel\/UCt_Lp3IZnUNXZeqSi6iiAdA"]}]},"product_price_currency":"GBP","og_availability":"instock","product_availability":"instock","product_condition":"new"},"_links":{"self":[{"href":"https:\/\/fermentis.com\/fr\/wp-json\/wp\/v2\/product\/28634","targetHints":{"allow":["GET"]}}],"collection":[{"href":"https:\/\/fermentis.com\/fr\/wp-json\/wp\/v2\/product"}],"about":[{"href":"https:\/\/fermentis.com\/fr\/wp-json\/wp\/v2\/types\/product"}],"replies":[{"embeddable":true,"href":"https:\/\/fermentis.com\/fr\/wp-json\/wp\/v2\/comments?post=28634"}],"wp:featuredmedia":[{"embeddable":true,"href":"https:\/\/fermentis.com\/fr\/wp-json\/wp\/v2\/media\/28253"}],"wp:attachment":[{"href":"https:\/\/fermentis.com\/fr\/wp-json\/wp\/v2\/media?parent=28634"}],"wp:term":[{"taxonomy":"product_brand","embeddable":true,"href":"https:\/\/fermentis.com\/fr\/wp-json\/wp\/v2\/product_brand?post=28634"},{"taxonomy":"product_cat","embeddable":true,"href":"https:\/\/fermentis.com\/fr\/wp-json\/wp\/v2\/product_cat?post=28634"},{"taxonomy":"product_tag","embeddable":true,"href":"https:\/\/fermentis.com\/fr\/wp-json\/wp\/v2\/product_tag?post=28634"}],"curies":[{"name":"wp","href":"https:\/\/api.w.org\/{rel}","templated":true}]}}